{"id":158,"date":"2018-08-13T09:47:58","date_gmt":"2018-08-13T06:47:58","guid":{"rendered":"https:\/\/rotary.fi\/rotakids\/?page_id=158"},"modified":"2025-05-11T12:41:41","modified_gmt":"2025-05-11T09:41:41","slug":"rotakids-tunnusmusiikki","status":"publish","type":"page","link":"https:\/\/rotary.fi\/rotakids\/mita-teemme\/rotakids-tunnusmusiikki\/","title":{"rendered":"RotaKids tunnusmusiikki"},"content":{"rendered":"<p>[et_pb_section fb_built=&#8221;1&#8243; module_class=&#8221;jumbotron-page&#8221; _builder_version=&#8221;4.27.4&#8243; background_image=&#8221;https:\/\/rotary.fi\/rotakids\/wp-content\/uploads\/sites\/264\/2025\/04\/kopio-tiedostosta-ulkoilua-7-rotakids-by-susanna-salokannel.png&#8221; background_position=&#8221;top_center&#8221; global_colors_info=&#8221;{}&#8221;][et_pb_row _builder_version=&#8221;4.16&#8243; background_size=&#8221;initial&#8221; background_position=&#8221;top_left&#8221; background_repeat=&#8221;repeat&#8221; global_colors_info=&#8221;{}&#8221;][et_pb_column type=&#8221;4_4&#8243; _builder_version=&#8221;4.16&#8243; custom_padding=&#8221;|||&#8221; global_colors_info=&#8221;{}&#8221; custom_padding__hover=&#8221;|||&#8221;][et_pb_text admin_label=&#8221;P\u00e4\u00e4otsikko&#8221; _builder_version=&#8221;4.27.4&#8243; text_orientation=&#8221;center&#8221; background_layout=&#8221;dark&#8221; global_colors_info=&#8221;{}&#8221;]<\/p>\n<h1>RotaKids tunnusmusiikki<\/h1>\n<p>[\/et_pb_text][\/et_pb_column][\/et_pb_row][\/et_pb_section][et_pb_section fb_built=&#8221;1&#8243; _builder_version=&#8221;4.27.4&#8243; _module_preset=&#8221;default&#8221; global_colors_info=&#8221;{}&#8221;][et_pb_row column_structure=&#8221;1_2,1_2&#8243; admin_label=&#8221;Rivi&#8221; _builder_version=&#8221;4.27.4&#8243; global_colors_info=&#8221;{}&#8221;][et_pb_column type=&#8221;1_2&#8243; _builder_version=&#8221;4.16&#8243; custom_padding=&#8221;|||&#8221; global_colors_info=&#8221;{}&#8221; custom_padding__hover=&#8221;|||&#8221;][et_pb_text _builder_version=&#8221;4.27.4&#8243; hover_enabled=&#8221;0&#8243; global_colors_info=&#8221;{}&#8221; sticky_enabled=&#8221;0&#8243;]<\/p>\n<h4 class=\"zfr3Q CDt4Ke \" dir=\"ltr\"><span class=\"C9DxTc \">RotaKids Finlandilla on nyt oma tunnusmusiikki<\/span><\/h4>\n<p>&nbsp;<\/p>\n<p class=\"zfr3Q CDt4Ke \" dir=\"ltr\"><span class=\"C9DxTc \">Sanat Heidi-Maria Akkala &#8211; Melodia on luotu teko\u00e4lyll\u00e4 &#8211; Sovitus JP<\/span><\/p>\n<p class=\"zfr3Q CDt4Ke \" dir=\"ltr\"><span class=\"C9DxTc \">Kappaletta voi mainiosti k\u00e4ytt\u00e4\u00e4 vapaasti RotaKids-tapahtumissa. Samalla voi vaikkapa tanssia ja laulaa.<\/span><span class=\"C9DxTc \">\u00a0\u00a0\u00a0\u00a0\u00a0<\/span><\/p>\n<p class=\"zfr3Q CDt4Ke \" dir=\"ltr\"><span class=\"C9DxTc \">1<br \/><\/span><span class=\"C9DxTc \">Nyt kaikki mukaan tutkimuksiin<br \/><\/span>Me l\u00e4hdet\u00e4\u00e4n pian skutsiin<br \/><span class=\"C9DxTc \">Retkelle tai lukemaan<br \/><\/span><span class=\"C9DxTc \">Toisiamme tukemaan\u00a0<\/span><\/p>\n<p class=\"zfr3Q CDt4Ke \" dir=\"ltr\"><span class=\"C9DxTc \">2<br \/><\/span><span class=\"C9DxTc \">Opetellaan tunteen luontoo<br \/><\/span><span class=\"C9DxTc \">Luonnon ehdoil toimitaan<br \/><\/span>Ilon kautta yhdes teemme<br \/><span class=\"C9DxTc \">Tervetullut oot rekeemme\u00a0<\/span><\/p>\n<p class=\"zfr3Q CDt4Ke \" dir=\"ltr\"><span class=\"C9DxTc \">3<br \/><\/span><span class=\"C9DxTc \">Pelis\u00e4\u00e4nn\u00f6t reilut luomme<br \/><\/span><span class=\"C9DxTc \">Odotukset esiin tuomme<br \/><\/span><span class=\"C9DxTc \">Syd\u00e4mell\u00e4 tehd\u00e4\u00e4n t\u00e4\u00e4<br \/><\/span><span class=\"C9DxTc \">Rotakids\u00a0 &#8211; on el\u00e4m\u00e4\u00e4<\/span><\/p>\n<p class=\"zfr3Q CDt4Ke \" dir=\"ltr\"><span class=\"C9DxTc \"><strong>Kertos\u00e4e<\/strong><br \/><\/span>Lorutellaan, luetaan<br \/><span class=\"C9DxTc \">Lauletaan ja tanssitaan<br \/><\/span><span class=\"C9DxTc \">RotaKids me huudetaan!<br \/><\/span>Tule mukaan toimintaan<\/p>\n<p class=\"zfr3Q CDt4Ke \" dir=\"ltr\"><span class=\"C9DxTc \">Hei RotaKids<\/span><span class=\"C9DxTc \"><br \/><\/span>Hei RotaKids<\/p>\n<p class=\"zfr3Q CDt4Ke \" dir=\"ltr\"><span class=\"C9DxTc \">4<br \/><\/span><span class=\"C9DxTc \">Kannustetaan,\u00a0 autetaan<br \/><\/span><span class=\"C9DxTc \">Jotain kivaa sanotaan<br \/><\/span><span class=\"C9DxTc \">Mielipiteet esiin tuodaan<br \/><\/span><span class=\"C9DxTc \">Sovittelun hetket suodaan<\/span><\/p>\n<p class=\"zfr3Q CDt4Ke \" dir=\"ltr\"><strong><span class=\"C9DxTc \">Kertos\u00e4e 2<br \/><\/span><\/strong>Leikit\u00e4\u00e4n ja lauletaan<br \/>Tutkitaan ja toimitaan<br \/><span class=\"C9DxTc \">RotaKids me huudetaan<br \/><\/span>Tule mukaan toimintaan<\/p>\n<p class=\"zfr3Q CDt4Ke \" dir=\"ltr\"><strong><span class=\"C9DxTc \">Kertos\u00e4e 1<br \/><\/span><\/strong><span class=\"C9DxTc \">Lorutellaan, luetaan<br \/><\/span>Lauletaan ja tanssitaan<br \/><span class=\"C9DxTc \">RotaKids me huudetaan!<br \/><\/span><span class=\"C9DxTc \">Tule mukaan toimintaan<\/span><\/p>\n<p class=\"zfr3Q CDt4Ke \" dir=\"ltr\"><span class=\"C9DxTc \">Hei RotaKids! :\/\/\/<\/span><\/p>\n<p>[\/et_pb_text][\/et_pb_column][et_pb_column type=&#8221;1_2&#8243; _builder_version=&#8221;4.16&#8243; custom_padding=&#8221;|||&#8221; global_colors_info=&#8221;{}&#8221; custom_padding__hover=&#8221;|||&#8221;][et_pb_video src=&#8221;https:\/\/youtu.be\/s8M7GVxNTI8&#8243; src_last_edited=&#8221;off|desktop&#8221; _builder_version=&#8221;4.27.4&#8243; _module_preset=&#8221;default&#8221; global_colors_info=&#8221;{}&#8221;][\/et_pb_video][\/et_pb_column][\/et_pb_row][\/et_pb_section]<\/p>\n","protected":false},"excerpt":{"rendered":"<p>RotaKids tunnusmusiikkiRotaKids Finlandilla on nyt oma tunnusmusiikki &nbsp; Sanat Heidi-Maria Akkala &#8211; Melodia on luotu teko\u00e4lyll\u00e4 &#8211; Sovitus JP Kappaletta voi mainiosti k\u00e4ytt\u00e4\u00e4 vapaasti RotaKids-tapahtumissa. Samalla voi vaikkapa tanssia ja laulaa.\u00a0\u00a0\u00a0\u00a0\u00a0 1Nyt kaikki mukaan tutkimuksiinMe l\u00e4hdet\u00e4\u00e4n pian skutsiinRetkelle tai lukemaanToisiamme tukemaan\u00a0 2Opetellaan tunteen luontooLuonnon ehdoil toimitaanIlon kautta yhdes teemmeTervetullut oot rekeemme\u00a0 3Pelis\u00e4\u00e4nn\u00f6t reilut luommeOdotukset esiin [&hellip;]<\/p>\n","protected":false},"author":1,"featured_media":0,"parent":77,"menu_order":0,"comment_status":"closed","ping_status":"closed","template":"","meta":{"_acf_changed":false,"_et_pb_use_builder":"on","_et_pb_old_content":"","_et_gb_content_width":"","footnotes":""},"class_list":["post-158","page","type-page","status-publish","hentry"],"acf":[],"yoast_head":"<!-- This site is optimized with the Yoast SEO plugin v27.4 - https:\/\/yoast.com\/product\/yoast-seo-wordpress\/ -->\n<title>RotaKids tunnusmusiikki - RotaKids<\/title>\n<meta name=\"robots\" content=\"noindex, follow, max-snippet:-1, max-image-preview:large, max-video-preview:-1\" \/>\n<meta property=\"og:locale\" content=\"fi_FI\" \/>\n<meta property=\"og:type\" content=\"article\" \/>\n<meta property=\"og:title\" content=\"RotaKids tunnusmusiikki - RotaKids\" \/>\n<meta property=\"og:description\" content=\"RotaKids tunnusmusiikkiRotaKids Finlandilla on nyt oma tunnusmusiikki &nbsp; Sanat Heidi-Maria Akkala - Melodia on luotu teko\u00e4lyll\u00e4 - Sovitus JP Kappaletta voi mainiosti k\u00e4ytt\u00e4\u00e4 vapaasti RotaKids-tapahtumissa. Samalla voi vaikkapa tanssia ja laulaa.\u00a0\u00a0\u00a0\u00a0\u00a0 1Nyt kaikki mukaan tutkimuksiinMe l\u00e4hdet\u00e4\u00e4n pian skutsiinRetkelle tai lukemaanToisiamme tukemaan\u00a0 2Opetellaan tunteen luontooLuonnon ehdoil toimitaanIlon kautta yhdes teemmeTervetullut oot rekeemme\u00a0 3Pelis\u00e4\u00e4nn\u00f6t reilut luommeOdotukset esiin [&hellip;]\" \/>\n<meta property=\"og:url\" content=\"https:\/\/rotary.fi\/rotakids\/mita-teemme\/rotakids-tunnusmusiikki\/\" \/>\n<meta property=\"og:site_name\" content=\"RotaKids\" \/>\n<meta property=\"article:modified_time\" content=\"2025-05-11T09:41:41+00:00\" \/>\n<meta name=\"twitter:card\" content=\"summary_large_image\" \/>\n<meta name=\"twitter:label1\" content=\"Arvioitu lukuaika\" \/>\n\t<meta name=\"twitter:data1\" content=\"1 minuutti\" \/>\n<script type=\"application\/ld+json\" class=\"yoast-schema-graph\">{\"@context\":\"https:\\\/\\\/schema.org\",\"@graph\":[{\"@type\":\"WebPage\",\"@id\":\"https:\\\/\\\/rotary.fi\\\/rotakids\\\/mita-teemme\\\/rotakids-tunnusmusiikki\\\/\",\"url\":\"https:\\\/\\\/rotary.fi\\\/rotakids\\\/mita-teemme\\\/rotakids-tunnusmusiikki\\\/\",\"name\":\"RotaKids tunnusmusiikki - RotaKids\",\"isPartOf\":{\"@id\":\"https:\\\/\\\/rotary.fi\\\/rotakids\\\/#website\"},\"datePublished\":\"2018-08-13T06:47:58+00:00\",\"dateModified\":\"2025-05-11T09:41:41+00:00\",\"breadcrumb\":{\"@id\":\"https:\\\/\\\/rotary.fi\\\/rotakids\\\/mita-teemme\\\/rotakids-tunnusmusiikki\\\/#breadcrumb\"},\"inLanguage\":\"fi\",\"potentialAction\":[{\"@type\":\"ReadAction\",\"target\":[\"https:\\\/\\\/rotary.fi\\\/rotakids\\\/mita-teemme\\\/rotakids-tunnusmusiikki\\\/\"]}]},{\"@type\":\"BreadcrumbList\",\"@id\":\"https:\\\/\\\/rotary.fi\\\/rotakids\\\/mita-teemme\\\/rotakids-tunnusmusiikki\\\/#breadcrumb\",\"itemListElement\":[{\"@type\":\"ListItem\",\"position\":1,\"name\":\"Home\",\"item\":\"https:\\\/\\\/rotary.fi\\\/rotakids\\\/\"},{\"@type\":\"ListItem\",\"position\":2,\"name\":\"Mit\u00e4 teemme\",\"item\":\"https:\\\/\\\/rotary.fi\\\/rotakids\\\/mita-teemme\\\/\"},{\"@type\":\"ListItem\",\"position\":3,\"name\":\"RotaKids tunnusmusiikki\"}]},{\"@type\":\"WebSite\",\"@id\":\"https:\\\/\\\/rotary.fi\\\/rotakids\\\/#website\",\"url\":\"https:\\\/\\\/rotary.fi\\\/rotakids\\\/\",\"name\":\"RotaKids\",\"description\":\"Uusi Rotary klubisivusto\",\"potentialAction\":[{\"@type\":\"SearchAction\",\"target\":{\"@type\":\"EntryPoint\",\"urlTemplate\":\"https:\\\/\\\/rotary.fi\\\/rotakids\\\/?s={search_term_string}\"},\"query-input\":{\"@type\":\"PropertyValueSpecification\",\"valueRequired\":true,\"valueName\":\"search_term_string\"}}],\"inLanguage\":\"fi\"}]}<\/script>\n<!-- \/ Yoast SEO plugin. -->","yoast_head_json":{"title":"RotaKids tunnusmusiikki - RotaKids","robots":{"index":"noindex","follow":"follow","max-snippet":"max-snippet:-1","max-image-preview":"max-image-preview:large","max-video-preview":"max-video-preview:-1"},"og_locale":"fi_FI","og_type":"article","og_title":"RotaKids tunnusmusiikki - RotaKids","og_description":"RotaKids tunnusmusiikkiRotaKids Finlandilla on nyt oma tunnusmusiikki &nbsp; Sanat Heidi-Maria Akkala - Melodia on luotu teko\u00e4lyll\u00e4 - Sovitus JP Kappaletta voi mainiosti k\u00e4ytt\u00e4\u00e4 vapaasti RotaKids-tapahtumissa. Samalla voi vaikkapa tanssia ja laulaa.\u00a0\u00a0\u00a0\u00a0\u00a0 1Nyt kaikki mukaan tutkimuksiinMe l\u00e4hdet\u00e4\u00e4n pian skutsiinRetkelle tai lukemaanToisiamme tukemaan\u00a0 2Opetellaan tunteen luontooLuonnon ehdoil toimitaanIlon kautta yhdes teemmeTervetullut oot rekeemme\u00a0 3Pelis\u00e4\u00e4nn\u00f6t reilut luommeOdotukset esiin [&hellip;]","og_url":"https:\/\/rotary.fi\/rotakids\/mita-teemme\/rotakids-tunnusmusiikki\/","og_site_name":"RotaKids","article_modified_time":"2025-05-11T09:41:41+00:00","twitter_card":"summary_large_image","twitter_misc":{"Arvioitu lukuaika":"1 minuutti"},"schema":{"@context":"https:\/\/schema.org","@graph":[{"@type":"WebPage","@id":"https:\/\/rotary.fi\/rotakids\/mita-teemme\/rotakids-tunnusmusiikki\/","url":"https:\/\/rotary.fi\/rotakids\/mita-teemme\/rotakids-tunnusmusiikki\/","name":"RotaKids tunnusmusiikki - RotaKids","isPartOf":{"@id":"https:\/\/rotary.fi\/rotakids\/#website"},"datePublished":"2018-08-13T06:47:58+00:00","dateModified":"2025-05-11T09:41:41+00:00","breadcrumb":{"@id":"https:\/\/rotary.fi\/rotakids\/mita-teemme\/rotakids-tunnusmusiikki\/#breadcrumb"},"inLanguage":"fi","potentialAction":[{"@type":"ReadAction","target":["https:\/\/rotary.fi\/rotakids\/mita-teemme\/rotakids-tunnusmusiikki\/"]}]},{"@type":"BreadcrumbList","@id":"https:\/\/rotary.fi\/rotakids\/mita-teemme\/rotakids-tunnusmusiikki\/#breadcrumb","itemListElement":[{"@type":"ListItem","position":1,"name":"Home","item":"https:\/\/rotary.fi\/rotakids\/"},{"@type":"ListItem","position":2,"name":"Mit\u00e4 teemme","item":"https:\/\/rotary.fi\/rotakids\/mita-teemme\/"},{"@type":"ListItem","position":3,"name":"RotaKids tunnusmusiikki"}]},{"@type":"WebSite","@id":"https:\/\/rotary.fi\/rotakids\/#website","url":"https:\/\/rotary.fi\/rotakids\/","name":"RotaKids","description":"Uusi Rotary klubisivusto","potentialAction":[{"@type":"SearchAction","target":{"@type":"EntryPoint","urlTemplate":"https:\/\/rotary.fi\/rotakids\/?s={search_term_string}"},"query-input":{"@type":"PropertyValueSpecification","valueRequired":true,"valueName":"search_term_string"}}],"inLanguage":"fi"}]}},"lang":"fi","translations":{"fi":158},"pll_sync_post":[],"_links":{"self":[{"href":"https:\/\/rotary.fi\/rotakids\/wp-json\/wp\/v2\/pages\/158","targetHints":{"allow":["GET"]}}],"collection":[{"href":"https:\/\/rotary.fi\/rotakids\/wp-json\/wp\/v2\/pages"}],"about":[{"href":"https:\/\/rotary.fi\/rotakids\/wp-json\/wp\/v2\/types\/page"}],"author":[{"embeddable":true,"href":"https:\/\/rotary.fi\/rotakids\/wp-json\/wp\/v2\/users\/1"}],"replies":[{"embeddable":true,"href":"https:\/\/rotary.fi\/rotakids\/wp-json\/wp\/v2\/comments?post=158"}],"version-history":[{"count":11,"href":"https:\/\/rotary.fi\/rotakids\/wp-json\/wp\/v2\/pages\/158\/revisions"}],"predecessor-version":[{"id":1901,"href":"https:\/\/rotary.fi\/rotakids\/wp-json\/wp\/v2\/pages\/158\/revisions\/1901"}],"up":[{"embeddable":true,"href":"https:\/\/rotary.fi\/rotakids\/wp-json\/wp\/v2\/pages\/77"}],"wp:attachment":[{"href":"https:\/\/rotary.fi\/rotakids\/wp-json\/wp\/v2\/media?parent=158"}],"curies":[{"name":"wp","href":"https:\/\/api.w.org\/{rel}","templated":true}]}}