{"id":1311,"date":"2018-11-27T09:02:36","date_gmt":"2018-11-27T07:02:36","guid":{"rendered":"https:\/\/rotary.fi\/rotakids\/?page_id=1311"},"modified":"2026-02-17T14:12:51","modified_gmt":"2026-02-17T12:12:51","slug":"rotakids-rata","status":"publish","type":"page","link":"https:\/\/rotary.fi\/rotakids\/mita-teemme\/materiaalipankki\/rotakids-rata\/","title":{"rendered":"RotaKids rastirata"},"content":{"rendered":"<p>[et_pb_section fb_built=&#8221;1&#8243; module_class=&#8221;jumbotron-page&#8221; _builder_version=&#8221;4.27.4&#8243; background_image=&#8221;https:\/\/rotary.fi\/rotakids\/wp-content\/uploads\/sites\/264\/2025\/04\/img-20240525-114710930-hdr-1.jpg&#8221; global_colors_info=&#8221;{}&#8221;][et_pb_row _builder_version=&#8221;4.16&#8243; background_size=&#8221;initial&#8221; background_position=&#8221;top_left&#8221; background_repeat=&#8221;repeat&#8221; global_colors_info=&#8221;{}&#8221;][et_pb_column type=&#8221;4_4&#8243; _builder_version=&#8221;4.16&#8243; custom_padding=&#8221;|||&#8221; global_colors_info=&#8221;{}&#8221; custom_padding__hover=&#8221;|||&#8221;][et_pb_text admin_label=&#8221;P\u00e4\u00e4otsikko&#8221; _builder_version=&#8221;4.27.4&#8243; text_orientation=&#8221;center&#8221; background_layout=&#8221;dark&#8221; global_colors_info=&#8221;{}&#8221;]<\/p>\n<h1>RotaKids rastirata<\/h1>\n<p>[\/et_pb_text][\/et_pb_column][\/et_pb_row][\/et_pb_section][et_pb_section fb_built=&#8221;1&#8243; _builder_version=&#8221;4.27.4&#8243; _module_preset=&#8221;default&#8221; global_colors_info=&#8221;{}&#8221;][et_pb_row _builder_version=&#8221;4.27.4&#8243; _module_preset=&#8221;default&#8221; global_colors_info=&#8221;{}&#8221;][et_pb_column type=&#8221;4_4&#8243; _builder_version=&#8221;4.27.4&#8243; _module_preset=&#8221;default&#8221; global_colors_info=&#8221;{}&#8221;][et_pb_heading title=&#8221;RotaKids rata ja teht\u00e4v\u00e4pisteet&#8221; _builder_version=&#8221;4.27.4&#8243; _module_preset=&#8221;default&#8221; title_level=&#8221;h3&#8243; global_colors_info=&#8221;{}&#8221;][\/et_pb_heading][et_pb_text _builder_version=&#8221;4.27.4&#8243; _module_preset=&#8221;default&#8221; hover_enabled=&#8221;0&#8243; global_colors_info=&#8221;{}&#8221; sticky_enabled=&#8221;0&#8243;]<\/p>\n<p><strong>RotaKids rastirata toimii mainiona lis\u00e4n\u00e4 klubin j\u00e4rjest\u00e4m\u00e4ss\u00e4 tapahtumassa<\/strong>, olipa sitten kyse ulkona tai sis\u00e4ll\u00e4 j\u00e4rjestett\u00e4v\u00e4st\u00e4 tapahtumasta. Rata on nopea ja helppo pystytt\u00e4\u00e4 sis\u00e4- tai ulkotiloihin, mets\u00e4\u00e4n tai torille sek\u00e4 pienemp\u00e4n\u00e4 ett\u00e4 isompana rataversiona.<\/p>\n<p>&nbsp;<\/p>\n<p>RotaKids rastirata on osoittautunut eritt\u00e4in suosituksi, eik\u00e4 pelk\u00e4st\u00e4\u00e4n lapsille, vaan monesti perheet yhdess\u00e4 k\u00e4yv\u00e4t ratarasteja l\u00e4pi. Monet klubit ovat pystytt\u00e4neet omia RotaKids-ratojaan, joissa lapset voivat oppia t\u00e4rkeit\u00e4 arvoja leikin ja teht\u00e4vien kautta. T\u00e4m\u00e4 on ollut hieno tapa tutustuttaa lapset Rotaryn perusarvoihin jo nuoresta pit\u00e4en. Moni aikuinen my\u00f6s radan lasten kanssa selvitetty\u00e4\u00e4n j\u00e4\u00e4 kyselem\u00e4\u00e4n, mist\u00e4 rotarytoiminnassa on kyse.<\/p>\n<p>&nbsp;<\/p>\n<p>T\u00e4m\u00e4n tyyppisell\u00e4 iloisella tekemisell\u00e4 saamme rotarien toimintaa parhaiten suuren yleis\u00f6n tietoisuuteen!<\/p>\n<p>[\/et_pb_text][et_pb_button button_url=&#8221;https:\/\/rotary.fi\/rotakids\/wp-content\/uploads\/sites\/264\/2025\/05\/Rotakids-rata.pdf&#8221; url_new_window=&#8221;on&#8221; button_text=&#8221;RotaKids rata&#8221; _builder_version=&#8221;4.27.4&#8243; _module_preset=&#8221;default&#8221; global_colors_info=&#8221;{}&#8221;][\/et_pb_button][et_pb_button button_url=&#8221;https:\/\/rotary.fi\/rotakids\/wp-content\/uploads\/sites\/264\/2025\/05\/Oikeat-vastaukset-RotaKids.pdf&#8221; url_new_window=&#8221;on&#8221; button_text=&#8221;Oikeat vastaukset&#8221; _builder_version=&#8221;4.27.4&#8243; _module_preset=&#8221;default&#8221; global_colors_info=&#8221;{}&#8221;][\/et_pb_button][\/et_pb_column][\/et_pb_row][\/et_pb_section]<\/p>\n","protected":false},"excerpt":{"rendered":"<p>RotaKids rastirataRotaKids rastirata toimii mainiona lis\u00e4n\u00e4 klubin j\u00e4rjest\u00e4m\u00e4ss\u00e4 tapahtumassa, olipa sitten kyse ulkona tai sis\u00e4ll\u00e4 j\u00e4rjestett\u00e4v\u00e4st\u00e4 tapahtumasta. Rata on nopea ja helppo pystytt\u00e4\u00e4 sis\u00e4- tai ulkotiloihin, mets\u00e4\u00e4n tai torille sek\u00e4 pienemp\u00e4n\u00e4 ett\u00e4 isompana rataversiona. &nbsp; RotaKids rastirata on osoittautunut eritt\u00e4in suosituksi, eik\u00e4 pelk\u00e4st\u00e4\u00e4n lapsille, vaan monesti perheet yhdess\u00e4 k\u00e4yv\u00e4t ratarasteja l\u00e4pi. Monet klubit ovat pystytt\u00e4neet [&hellip;]<\/p>\n","protected":false},"author":1,"featured_media":0,"parent":160,"menu_order":0,"comment_status":"closed","ping_status":"closed","template":"","meta":{"_acf_changed":false,"_et_pb_use_builder":"on","_et_pb_old_content":"","_et_gb_content_width":"","footnotes":""},"class_list":["post-1311","page","type-page","status-publish","hentry"],"acf":[],"yoast_head":"<!-- This site is optimized with the Yoast SEO plugin v27.4 - https:\/\/yoast.com\/product\/yoast-seo-wordpress\/ -->\n<title>RotaKids rastirata - RotaKids<\/title>\n<meta name=\"robots\" content=\"noindex, follow, max-snippet:-1, max-image-preview:large, max-video-preview:-1\" \/>\n<meta property=\"og:locale\" content=\"fi_FI\" \/>\n<meta property=\"og:type\" content=\"article\" \/>\n<meta property=\"og:title\" content=\"RotaKids rastirata - RotaKids\" \/>\n<meta property=\"og:description\" content=\"RotaKids rastirataRotaKids rastirata toimii mainiona lis\u00e4n\u00e4 klubin j\u00e4rjest\u00e4m\u00e4ss\u00e4 tapahtumassa, olipa sitten kyse ulkona tai sis\u00e4ll\u00e4 j\u00e4rjestett\u00e4v\u00e4st\u00e4 tapahtumasta. Rata on nopea ja helppo pystytt\u00e4\u00e4 sis\u00e4- tai ulkotiloihin, mets\u00e4\u00e4n tai torille sek\u00e4 pienemp\u00e4n\u00e4 ett\u00e4 isompana rataversiona. &nbsp; RotaKids rastirata on osoittautunut eritt\u00e4in suosituksi, eik\u00e4 pelk\u00e4st\u00e4\u00e4n lapsille, vaan monesti perheet yhdess\u00e4 k\u00e4yv\u00e4t ratarasteja l\u00e4pi. Monet klubit ovat pystytt\u00e4neet [&hellip;]\" \/>\n<meta property=\"og:url\" content=\"https:\/\/rotary.fi\/rotakids\/mita-teemme\/materiaalipankki\/rotakids-rata\/\" \/>\n<meta property=\"og:site_name\" content=\"RotaKids\" \/>\n<meta property=\"article:modified_time\" content=\"2026-02-17T12:12:51+00:00\" \/>\n<meta name=\"twitter:card\" content=\"summary_large_image\" \/>\n<meta name=\"twitter:label1\" content=\"Arvioitu lukuaika\" \/>\n\t<meta name=\"twitter:data1\" content=\"1 minuutti\" \/>\n<script type=\"application\/ld+json\" class=\"yoast-schema-graph\">{\"@context\":\"https:\\\/\\\/schema.org\",\"@graph\":[{\"@type\":\"WebPage\",\"@id\":\"https:\\\/\\\/rotary.fi\\\/rotakids\\\/mita-teemme\\\/materiaalipankki\\\/rotakids-rata\\\/\",\"url\":\"https:\\\/\\\/rotary.fi\\\/rotakids\\\/mita-teemme\\\/materiaalipankki\\\/rotakids-rata\\\/\",\"name\":\"RotaKids rastirata - RotaKids\",\"isPartOf\":{\"@id\":\"https:\\\/\\\/rotary.fi\\\/rotakids\\\/#website\"},\"datePublished\":\"2018-11-27T07:02:36+00:00\",\"dateModified\":\"2026-02-17T12:12:51+00:00\",\"breadcrumb\":{\"@id\":\"https:\\\/\\\/rotary.fi\\\/rotakids\\\/mita-teemme\\\/materiaalipankki\\\/rotakids-rata\\\/#breadcrumb\"},\"inLanguage\":\"fi\",\"potentialAction\":[{\"@type\":\"ReadAction\",\"target\":[\"https:\\\/\\\/rotary.fi\\\/rotakids\\\/mita-teemme\\\/materiaalipankki\\\/rotakids-rata\\\/\"]}]},{\"@type\":\"BreadcrumbList\",\"@id\":\"https:\\\/\\\/rotary.fi\\\/rotakids\\\/mita-teemme\\\/materiaalipankki\\\/rotakids-rata\\\/#breadcrumb\",\"itemListElement\":[{\"@type\":\"ListItem\",\"position\":1,\"name\":\"Home\",\"item\":\"https:\\\/\\\/rotary.fi\\\/rotakids\\\/\"},{\"@type\":\"ListItem\",\"position\":2,\"name\":\"Mit\u00e4 teemme\",\"item\":\"https:\\\/\\\/rotary.fi\\\/rotakids\\\/mita-teemme\\\/\"},{\"@type\":\"ListItem\",\"position\":3,\"name\":\"RotaKids tuotteet\",\"item\":\"https:\\\/\\\/rotary.fi\\\/rotakids\\\/mita-teemme\\\/materiaalipankki\\\/\"},{\"@type\":\"ListItem\",\"position\":4,\"name\":\"RotaKids rastirata\"}]},{\"@type\":\"WebSite\",\"@id\":\"https:\\\/\\\/rotary.fi\\\/rotakids\\\/#website\",\"url\":\"https:\\\/\\\/rotary.fi\\\/rotakids\\\/\",\"name\":\"RotaKids\",\"description\":\"Uusi Rotary klubisivusto\",\"potentialAction\":[{\"@type\":\"SearchAction\",\"target\":{\"@type\":\"EntryPoint\",\"urlTemplate\":\"https:\\\/\\\/rotary.fi\\\/rotakids\\\/?s={search_term_string}\"},\"query-input\":{\"@type\":\"PropertyValueSpecification\",\"valueRequired\":true,\"valueName\":\"search_term_string\"}}],\"inLanguage\":\"fi\"}]}<\/script>\n<!-- \/ Yoast SEO plugin. -->","yoast_head_json":{"title":"RotaKids rastirata - RotaKids","robots":{"index":"noindex","follow":"follow","max-snippet":"max-snippet:-1","max-image-preview":"max-image-preview:large","max-video-preview":"max-video-preview:-1"},"og_locale":"fi_FI","og_type":"article","og_title":"RotaKids rastirata - RotaKids","og_description":"RotaKids rastirataRotaKids rastirata toimii mainiona lis\u00e4n\u00e4 klubin j\u00e4rjest\u00e4m\u00e4ss\u00e4 tapahtumassa, olipa sitten kyse ulkona tai sis\u00e4ll\u00e4 j\u00e4rjestett\u00e4v\u00e4st\u00e4 tapahtumasta. Rata on nopea ja helppo pystytt\u00e4\u00e4 sis\u00e4- tai ulkotiloihin, mets\u00e4\u00e4n tai torille sek\u00e4 pienemp\u00e4n\u00e4 ett\u00e4 isompana rataversiona. &nbsp; RotaKids rastirata on osoittautunut eritt\u00e4in suosituksi, eik\u00e4 pelk\u00e4st\u00e4\u00e4n lapsille, vaan monesti perheet yhdess\u00e4 k\u00e4yv\u00e4t ratarasteja l\u00e4pi. Monet klubit ovat pystytt\u00e4neet [&hellip;]","og_url":"https:\/\/rotary.fi\/rotakids\/mita-teemme\/materiaalipankki\/rotakids-rata\/","og_site_name":"RotaKids","article_modified_time":"2026-02-17T12:12:51+00:00","twitter_card":"summary_large_image","twitter_misc":{"Arvioitu lukuaika":"1 minuutti"},"schema":{"@context":"https:\/\/schema.org","@graph":[{"@type":"WebPage","@id":"https:\/\/rotary.fi\/rotakids\/mita-teemme\/materiaalipankki\/rotakids-rata\/","url":"https:\/\/rotary.fi\/rotakids\/mita-teemme\/materiaalipankki\/rotakids-rata\/","name":"RotaKids rastirata - RotaKids","isPartOf":{"@id":"https:\/\/rotary.fi\/rotakids\/#website"},"datePublished":"2018-11-27T07:02:36+00:00","dateModified":"2026-02-17T12:12:51+00:00","breadcrumb":{"@id":"https:\/\/rotary.fi\/rotakids\/mita-teemme\/materiaalipankki\/rotakids-rata\/#breadcrumb"},"inLanguage":"fi","potentialAction":[{"@type":"ReadAction","target":["https:\/\/rotary.fi\/rotakids\/mita-teemme\/materiaalipankki\/rotakids-rata\/"]}]},{"@type":"BreadcrumbList","@id":"https:\/\/rotary.fi\/rotakids\/mita-teemme\/materiaalipankki\/rotakids-rata\/#breadcrumb","itemListElement":[{"@type":"ListItem","position":1,"name":"Home","item":"https:\/\/rotary.fi\/rotakids\/"},{"@type":"ListItem","position":2,"name":"Mit\u00e4 teemme","item":"https:\/\/rotary.fi\/rotakids\/mita-teemme\/"},{"@type":"ListItem","position":3,"name":"RotaKids tuotteet","item":"https:\/\/rotary.fi\/rotakids\/mita-teemme\/materiaalipankki\/"},{"@type":"ListItem","position":4,"name":"RotaKids rastirata"}]},{"@type":"WebSite","@id":"https:\/\/rotary.fi\/rotakids\/#website","url":"https:\/\/rotary.fi\/rotakids\/","name":"RotaKids","description":"Uusi Rotary klubisivusto","potentialAction":[{"@type":"SearchAction","target":{"@type":"EntryPoint","urlTemplate":"https:\/\/rotary.fi\/rotakids\/?s={search_term_string}"},"query-input":{"@type":"PropertyValueSpecification","valueRequired":true,"valueName":"search_term_string"}}],"inLanguage":"fi"}]}},"lang":"fi","translations":{"fi":1311},"pll_sync_post":[],"_links":{"self":[{"href":"https:\/\/rotary.fi\/rotakids\/wp-json\/wp\/v2\/pages\/1311","targetHints":{"allow":["GET"]}}],"collection":[{"href":"https:\/\/rotary.fi\/rotakids\/wp-json\/wp\/v2\/pages"}],"about":[{"href":"https:\/\/rotary.fi\/rotakids\/wp-json\/wp\/v2\/types\/page"}],"author":[{"embeddable":true,"href":"https:\/\/rotary.fi\/rotakids\/wp-json\/wp\/v2\/users\/1"}],"replies":[{"embeddable":true,"href":"https:\/\/rotary.fi\/rotakids\/wp-json\/wp\/v2\/comments?post=1311"}],"version-history":[{"count":9,"href":"https:\/\/rotary.fi\/rotakids\/wp-json\/wp\/v2\/pages\/1311\/revisions"}],"predecessor-version":[{"id":2165,"href":"https:\/\/rotary.fi\/rotakids\/wp-json\/wp\/v2\/pages\/1311\/revisions\/2165"}],"up":[{"embeddable":true,"href":"https:\/\/rotary.fi\/rotakids\/wp-json\/wp\/v2\/pages\/160"}],"wp:attachment":[{"href":"https:\/\/rotary.fi\/rotakids\/wp-json\/wp\/v2\/media?parent=1311"}],"curies":[{"name":"wp","href":"https:\/\/api.w.org\/{rel}","templated":true}]}}