{"id":129,"date":"2018-08-10T13:41:39","date_gmt":"2018-08-10T10:41:39","guid":{"rendered":"https:\/\/rotary.fi\/klubi2\/?page_id=129"},"modified":"2026-02-17T14:17:35","modified_gmt":"2026-02-17T12:17:35","slug":"mika-on-rotakids","status":"publish","type":"page","link":"https:\/\/rotary.fi\/rotakids\/mika-on-rotakids\/","title":{"rendered":"Mit\u00e4 on RotaKids?"},"content":{"rendered":"<p>[et_pb_section fb_built=&#8221;1&#8243; module_class=&#8221;jumbotron-page&#8221; _builder_version=&#8221;4.27.4&#8243; background_image=&#8221;https:\/\/rotary.fi\/rotakids\/wp-content\/uploads\/sites\/264\/2025\/04\/rotakids-pieksamaki-1-1.jpg&#8221; background_position=&#8221;top_center&#8221; global_colors_info=&#8221;{}&#8221;][et_pb_row _builder_version=&#8221;4.27.4&#8243; background_size=&#8221;initial&#8221; background_position=&#8221;top_center&#8221; background_repeat=&#8221;repeat&#8221; global_colors_info=&#8221;{}&#8221;][et_pb_column type=&#8221;4_4&#8243; _builder_version=&#8221;4.16&#8243; custom_padding=&#8221;|||&#8221; global_colors_info=&#8221;{}&#8221; custom_padding__hover=&#8221;|||&#8221;][et_pb_text admin_label=&#8221;P\u00e4\u00e4otsikko&#8221; _builder_version=&#8221;4.27.4&#8243; text_orientation=&#8221;center&#8221; background_layout=&#8221;dark&#8221; hover_enabled=&#8221;0&#8243; global_colors_info=&#8221;{}&#8221; sticky_enabled=&#8221;0&#8243;]<\/p>\n<h1>RotaKids-toiminta lyhyesti<\/h1>\n<p>[\/et_pb_text][\/et_pb_column][\/et_pb_row][\/et_pb_section][et_pb_section fb_built=&#8221;1&#8243; _builder_version=&#8221;4.27.4&#8243; _module_preset=&#8221;default&#8221; global_colors_info=&#8221;{}&#8221;][et_pb_row _builder_version=&#8221;4.27.4&#8243; _module_preset=&#8221;default&#8221; global_colors_info=&#8221;{}&#8221;][et_pb_column type=&#8221;4_4&#8243; _builder_version=&#8221;4.27.4&#8243; _module_preset=&#8221;default&#8221; global_colors_info=&#8221;{}&#8221;][et_pb_text _builder_version=&#8221;4.27.4&#8243; global_colors_info=&#8221;{}&#8221;]<\/p>\n<h3 class=\"zfr3Q CDt4Ke \" dir=\"ltr\">\u00a0<\/h3>\n<h3 class=\"zfr3Q CDt4Ke \" dir=\"ltr\">\u00a0<\/h3>\n<h3 class=\"zfr3Q CDt4Ke \" dir=\"ltr\">RotaKids \u2013 iloa, oppimista ja vaikuttamista lapsille<\/h3>\n<p data-start=\"66\" data-end=\"164\">\n<p data-start=\"66\" data-end=\"164\"><strong data-start=\"66\" data-end=\"78\">RotaKids<\/strong> on Rotaryklubien ymp\u00e4ri maailmaa j\u00e4rjest\u00e4m\u00e4\u00e4 toimintaa <strong>alle 12-vuotiaille lapsille.<\/strong><\/p>\n<p data-start=\"166\" data-end=\"422\">Klubien j\u00e4rjest\u00e4m\u00e4t tapahtumat voivat vaihdella liikuntaleireist\u00e4 kulttuuriin, taiteeseen ja erilaisiin yhteis\u00f6llisiin tempauksiin. Monilla alueilla on toteutettu esimerkiksi askarteluty\u00f6pajoja, lukuhetki\u00e4 sek\u00e4 ymp\u00e4rist\u00f6kasvatukseen liittyvi\u00e4 projekteja.<\/p>\n<p data-start=\"424\" data-end=\"685\">RotaKids-toiminnan tavoitteena on tarjota lapsille Rotaryn arvojen mukaista, innostavaa ja turvallista tekemist\u00e4 \u2013 sek\u00e4 antaa heille mahdollisuus vaikuttaa ja tehd\u00e4 hyv\u00e4\u00e4 omassa yhteis\u00f6ss\u00e4\u00e4n. Samalla opitaan arvostamaan toisia ihmisi\u00e4, yhteisty\u00f6t\u00e4 ja luontoa.<\/p>\n<p data-start=\"687\" data-end=\"915\">Toiminnassa n\u00e4kyv\u00e4t Rotaryn keskeiset arvot: yst\u00e4vyys, kiusaamisen ehk\u00e4iseminen, hyv\u00e4t sosiaaliset suhteet, aktiivinen kansalaisuus, rauha ja kulttuurien moninaisuus sek\u00e4 ymp\u00e4rist\u00f6ty\u00f6 ja luonnon monimuotoisuuden s\u00e4ilytt\u00e4minen.<\/p>\n<p data-start=\"917\" data-end=\"1050\">RotaKids-toiminta suunnitellaan yhdess\u00e4 lasten kanssa, ja projektit tehd\u00e4\u00e4n heit\u00e4 kiinnostavista aiheista. Esimerkkej\u00e4 toiminnasta:<\/p>\n<ul data-start=\"1052\" data-end=\"1291\">\n<li data-start=\"1052\" data-end=\"1090\">\n<p data-start=\"1054\" data-end=\"1090\">kasvien hoito ja el\u00e4inten ruokinta<\/p>\n<\/li>\n<li data-start=\"1091\" data-end=\"1148\">\n<p data-start=\"1093\" data-end=\"1148\">kierr\u00e4tysprojektit ja tarvikeker\u00e4ykset v\u00e4h\u00e4varaisille<\/p>\n<\/li>\n<li data-start=\"1149\" data-end=\"1178\">\n<p data-start=\"1151\" data-end=\"1178\">vierailut vanhainkoteihin<\/p>\n<\/li>\n<li data-start=\"1179\" data-end=\"1237\">\n<p data-start=\"1181\" data-end=\"1237\">yst\u00e4vyystoiminta muiden klubien kanssa ymp\u00e4ri maailman<\/p>\n<\/li>\n<li data-start=\"1238\" data-end=\"1254\">\n<p data-start=\"1240\" data-end=\"1254\">Polio-k\u00e4vely<\/p>\n<\/li>\n<li data-start=\"1255\" data-end=\"1291\">\n<p data-start=\"1257\" data-end=\"1291\">ymp\u00e4rist\u00f6n siistiminen talkoilla<\/p>\n<\/li>\n<\/ul>\n<p data-start=\"1293\" data-end=\"1394\"><strong data-start=\"1293\" data-end=\"1394\">RotaKids on hieno mahdollisuus tehd\u00e4 hyv\u00e4\u00e4, oppia yhdess\u00e4 ja kasvattaa tulevaisuuden vaikuttajia!<\/strong><\/p>\n<p>&nbsp;<\/p>\n<p><strong data-start=\"1293\" data-end=\"1394\">&gt;&gt; Lue lis\u00e4\u00e4 Rotary j\u00e4rjest\u00f6st\u00e4 <a href=\"https:\/\/rotary.fi\/\">rotary.fi -nettisivuilta<\/a><br \/><\/strong><strong style=\"color: #333333;font-size: 16px\">&gt;&gt; Katso RotaKids video\u00a0<\/strong><\/p>\n<p>[\/et_pb_text][et_pb_video src=&#8221;https:\/\/rotary.fi\/rotakids\/wp-content\/uploads\/sites\/264\/2025\/05\/Juhlavuoden-esitys-120v-1-1-1-1.mp4&#8243; _builder_version=&#8221;4.27.4&#8243; _module_preset=&#8221;default&#8221; global_colors_info=&#8221;{}&#8221;][\/et_pb_video][\/et_pb_column][\/et_pb_row][\/et_pb_section]<\/p>\n","protected":false},"excerpt":{"rendered":"<p>RotaKids-toiminta lyhyesti\u00a0 \u00a0 RotaKids \u2013 iloa, oppimista ja vaikuttamista lapsille RotaKids on Rotaryklubien ymp\u00e4ri maailmaa j\u00e4rjest\u00e4m\u00e4\u00e4 toimintaa alle 12-vuotiaille lapsille. Klubien j\u00e4rjest\u00e4m\u00e4t tapahtumat voivat vaihdella liikuntaleireist\u00e4 kulttuuriin, taiteeseen ja erilaisiin yhteis\u00f6llisiin tempauksiin. Monilla alueilla on toteutettu esimerkiksi askarteluty\u00f6pajoja, lukuhetki\u00e4 sek\u00e4 ymp\u00e4rist\u00f6kasvatukseen liittyvi\u00e4 projekteja. RotaKids-toiminnan tavoitteena on tarjota lapsille Rotaryn arvojen mukaista, innostavaa ja turvallista tekemist\u00e4 [&hellip;]<\/p>\n","protected":false},"author":1,"featured_media":0,"parent":0,"menu_order":0,"comment_status":"closed","ping_status":"closed","template":"","meta":{"_acf_changed":false,"_et_pb_use_builder":"on","_et_pb_old_content":"","_et_gb_content_width":"","footnotes":""},"class_list":["post-129","page","type-page","status-publish","hentry"],"acf":[],"yoast_head":"<!-- This site is optimized with the Yoast SEO plugin v27.4 - https:\/\/yoast.com\/product\/yoast-seo-wordpress\/ -->\n<title>Mit\u00e4 on RotaKids? - RotaKids<\/title>\n<meta name=\"robots\" content=\"noindex, follow, max-snippet:-1, max-image-preview:large, max-video-preview:-1\" \/>\n<meta property=\"og:locale\" content=\"fi_FI\" \/>\n<meta property=\"og:type\" content=\"article\" \/>\n<meta property=\"og:title\" content=\"Mit\u00e4 on RotaKids? - RotaKids\" \/>\n<meta property=\"og:description\" content=\"RotaKids-toiminta lyhyesti\u00a0 \u00a0 RotaKids \u2013 iloa, oppimista ja vaikuttamista lapsille RotaKids on Rotaryklubien ymp\u00e4ri maailmaa j\u00e4rjest\u00e4m\u00e4\u00e4 toimintaa alle 12-vuotiaille lapsille. Klubien j\u00e4rjest\u00e4m\u00e4t tapahtumat voivat vaihdella liikuntaleireist\u00e4 kulttuuriin, taiteeseen ja erilaisiin yhteis\u00f6llisiin tempauksiin. Monilla alueilla on toteutettu esimerkiksi askarteluty\u00f6pajoja, lukuhetki\u00e4 sek\u00e4 ymp\u00e4rist\u00f6kasvatukseen liittyvi\u00e4 projekteja. RotaKids-toiminnan tavoitteena on tarjota lapsille Rotaryn arvojen mukaista, innostavaa ja turvallista tekemist\u00e4 [&hellip;]\" \/>\n<meta property=\"og:url\" content=\"https:\/\/rotary.fi\/rotakids\/mika-on-rotakids\/\" \/>\n<meta property=\"og:site_name\" content=\"RotaKids\" \/>\n<meta property=\"article:modified_time\" content=\"2026-02-17T12:17:35+00:00\" \/>\n<meta name=\"twitter:card\" content=\"summary_large_image\" \/>\n<meta name=\"twitter:label1\" content=\"Arvioitu lukuaika\" \/>\n\t<meta name=\"twitter:data1\" content=\"1 minuutti\" \/>\n<script type=\"application\/ld+json\" class=\"yoast-schema-graph\">{\"@context\":\"https:\\\/\\\/schema.org\",\"@graph\":[{\"@type\":\"WebPage\",\"@id\":\"https:\\\/\\\/rotary.fi\\\/rotakids\\\/mika-on-rotakids\\\/\",\"url\":\"https:\\\/\\\/rotary.fi\\\/rotakids\\\/mika-on-rotakids\\\/\",\"name\":\"Mit\u00e4 on RotaKids? - RotaKids\",\"isPartOf\":{\"@id\":\"https:\\\/\\\/rotary.fi\\\/rotakids\\\/#website\"},\"datePublished\":\"2018-08-10T10:41:39+00:00\",\"dateModified\":\"2026-02-17T12:17:35+00:00\",\"breadcrumb\":{\"@id\":\"https:\\\/\\\/rotary.fi\\\/rotakids\\\/mika-on-rotakids\\\/#breadcrumb\"},\"inLanguage\":\"fi\",\"potentialAction\":[{\"@type\":\"ReadAction\",\"target\":[\"https:\\\/\\\/rotary.fi\\\/rotakids\\\/mika-on-rotakids\\\/\"]}]},{\"@type\":\"BreadcrumbList\",\"@id\":\"https:\\\/\\\/rotary.fi\\\/rotakids\\\/mika-on-rotakids\\\/#breadcrumb\",\"itemListElement\":[{\"@type\":\"ListItem\",\"position\":1,\"name\":\"Home\",\"item\":\"https:\\\/\\\/rotary.fi\\\/rotakids\\\/\"},{\"@type\":\"ListItem\",\"position\":2,\"name\":\"Mit\u00e4 on RotaKids?\"}]},{\"@type\":\"WebSite\",\"@id\":\"https:\\\/\\\/rotary.fi\\\/rotakids\\\/#website\",\"url\":\"https:\\\/\\\/rotary.fi\\\/rotakids\\\/\",\"name\":\"RotaKids\",\"description\":\"Uusi Rotary klubisivusto\",\"potentialAction\":[{\"@type\":\"SearchAction\",\"target\":{\"@type\":\"EntryPoint\",\"urlTemplate\":\"https:\\\/\\\/rotary.fi\\\/rotakids\\\/?s={search_term_string}\"},\"query-input\":{\"@type\":\"PropertyValueSpecification\",\"valueRequired\":true,\"valueName\":\"search_term_string\"}}],\"inLanguage\":\"fi\"}]}<\/script>\n<!-- \/ Yoast SEO plugin. -->","yoast_head_json":{"title":"Mit\u00e4 on RotaKids? - RotaKids","robots":{"index":"noindex","follow":"follow","max-snippet":"max-snippet:-1","max-image-preview":"max-image-preview:large","max-video-preview":"max-video-preview:-1"},"og_locale":"fi_FI","og_type":"article","og_title":"Mit\u00e4 on RotaKids? - RotaKids","og_description":"RotaKids-toiminta lyhyesti\u00a0 \u00a0 RotaKids \u2013 iloa, oppimista ja vaikuttamista lapsille RotaKids on Rotaryklubien ymp\u00e4ri maailmaa j\u00e4rjest\u00e4m\u00e4\u00e4 toimintaa alle 12-vuotiaille lapsille. Klubien j\u00e4rjest\u00e4m\u00e4t tapahtumat voivat vaihdella liikuntaleireist\u00e4 kulttuuriin, taiteeseen ja erilaisiin yhteis\u00f6llisiin tempauksiin. Monilla alueilla on toteutettu esimerkiksi askarteluty\u00f6pajoja, lukuhetki\u00e4 sek\u00e4 ymp\u00e4rist\u00f6kasvatukseen liittyvi\u00e4 projekteja. RotaKids-toiminnan tavoitteena on tarjota lapsille Rotaryn arvojen mukaista, innostavaa ja turvallista tekemist\u00e4 [&hellip;]","og_url":"https:\/\/rotary.fi\/rotakids\/mika-on-rotakids\/","og_site_name":"RotaKids","article_modified_time":"2026-02-17T12:17:35+00:00","twitter_card":"summary_large_image","twitter_misc":{"Arvioitu lukuaika":"1 minuutti"},"schema":{"@context":"https:\/\/schema.org","@graph":[{"@type":"WebPage","@id":"https:\/\/rotary.fi\/rotakids\/mika-on-rotakids\/","url":"https:\/\/rotary.fi\/rotakids\/mika-on-rotakids\/","name":"Mit\u00e4 on RotaKids? - RotaKids","isPartOf":{"@id":"https:\/\/rotary.fi\/rotakids\/#website"},"datePublished":"2018-08-10T10:41:39+00:00","dateModified":"2026-02-17T12:17:35+00:00","breadcrumb":{"@id":"https:\/\/rotary.fi\/rotakids\/mika-on-rotakids\/#breadcrumb"},"inLanguage":"fi","potentialAction":[{"@type":"ReadAction","target":["https:\/\/rotary.fi\/rotakids\/mika-on-rotakids\/"]}]},{"@type":"BreadcrumbList","@id":"https:\/\/rotary.fi\/rotakids\/mika-on-rotakids\/#breadcrumb","itemListElement":[{"@type":"ListItem","position":1,"name":"Home","item":"https:\/\/rotary.fi\/rotakids\/"},{"@type":"ListItem","position":2,"name":"Mit\u00e4 on RotaKids?"}]},{"@type":"WebSite","@id":"https:\/\/rotary.fi\/rotakids\/#website","url":"https:\/\/rotary.fi\/rotakids\/","name":"RotaKids","description":"Uusi Rotary klubisivusto","potentialAction":[{"@type":"SearchAction","target":{"@type":"EntryPoint","urlTemplate":"https:\/\/rotary.fi\/rotakids\/?s={search_term_string}"},"query-input":{"@type":"PropertyValueSpecification","valueRequired":true,"valueName":"search_term_string"}}],"inLanguage":"fi"}]}},"lang":"fi","translations":{"fi":129},"pll_sync_post":[],"_links":{"self":[{"href":"https:\/\/rotary.fi\/rotakids\/wp-json\/wp\/v2\/pages\/129","targetHints":{"allow":["GET"]}}],"collection":[{"href":"https:\/\/rotary.fi\/rotakids\/wp-json\/wp\/v2\/pages"}],"about":[{"href":"https:\/\/rotary.fi\/rotakids\/wp-json\/wp\/v2\/types\/page"}],"author":[{"embeddable":true,"href":"https:\/\/rotary.fi\/rotakids\/wp-json\/wp\/v2\/users\/1"}],"replies":[{"embeddable":true,"href":"https:\/\/rotary.fi\/rotakids\/wp-json\/wp\/v2\/comments?post=129"}],"version-history":[{"count":11,"href":"https:\/\/rotary.fi\/rotakids\/wp-json\/wp\/v2\/pages\/129\/revisions"}],"predecessor-version":[{"id":2167,"href":"https:\/\/rotary.fi\/rotakids\/wp-json\/wp\/v2\/pages\/129\/revisions\/2167"}],"wp:attachment":[{"href":"https:\/\/rotary.fi\/rotakids\/wp-json\/wp\/v2\/media?parent=129"}],"curies":[{"name":"wp","href":"https:\/\/api.w.org\/{rel}","templated":true}]}}