{"id":186,"date":"2018-08-13T11:06:59","date_gmt":"2018-08-13T08:06:59","guid":{"rendered":"https:\/\/rotary.fi\/ristiina\/?page_id=186"},"modified":"2022-10-02T11:01:35","modified_gmt":"2022-10-02T08:01:35","slug":"tapahtumakalenteri","status":"publish","type":"page","link":"https:\/\/rotary.fi\/ristiina\/ajankohtaista\/tapahtumakalenteri\/","title":{"rendered":"Tapahtumakalenteri"},"content":{"rendered":"<p>[et_pb_section admin_label=&#8221;section&#8221;]<br \/>\n\t\t\t[et_pb_row admin_label=&#8221;row&#8221;]<br \/>\n\t\t\t\t[et_pb_column type=&#8221;4_4&#8243;][et_pb_text admin_label=&#8221;Text&#8221;]<\/p>\n<h4>Ohjelma syksy 2022<\/h4>\n<p><strong>Elokuu<\/strong><br \/>\n<strong>J\u00e4senist\u00f6 ja laajennusty\u00f6\u00a0 \u00a0 \u00a0 \u00a0 \u00a0 \u00a0 \u00a0 \u00a0 \u00a0 \u00a0 \u00a0 \u00a0 \u00a0 \u00a0 \u00a0 \u00a0 \u00a0 \u00a0 \u00a0 \u00a0 \u00a0 \u00a0 \u00a0 \u00a0 \u00a0 \u00a0 \u00a0 \u00a0 \u00a0 \u00a0 \u00a0 \u00a0 \u00a0 \u00a0 \u00a0 \u00a0 \u00a0 \u00a0 \u00a0vastuuhenkil\u00f6 <\/strong><\/p>\n<p>9.8.2022\u00a0 \u00a0 \u00a0 Klubineuvottelu<br \/>\n16.8.2022\u00a0 \u00a0 Teijon Turkin kutsut Juurisalmessa\u00a0 \u00a0 \u00a0 \u00a0 \u00a0 \u00a0 \u00a0 \u00a0 \u00a0 \u00a0 \u00a0 \u00a0 \u00a0 \u00a0 \u00a0 \u00a0 \u00a0 \u00a0 \u00a0 \u00a0 \u00a0 \u00a0 \u00a0 \u00a0Teijo Turkki<br \/>\n23.8.2022\u00a0 \u00a0 Tutustuminen Saalastin sisarukset -s\u00e4\u00e4ti\u00f6n Jussilan taloon\u00a0 \u00a0 \u00a0 \u00a0 \u00a0Outi Kauria<br \/>\n30.8.2022\u00a0 \u00a0 Teatterinjohtaja Aleksander Anria kertoo Mikkelin teatterin kuulumisia\u00a0 \u00a0 \u00a0Teijo Turkki<\/p>\n<p><strong>Syyskuu\u00a0<\/strong><br \/>\n<strong>Peruskoulutus, luku-ja kirjoitustaito kirjoitustaito\u00a0<\/strong><\/p>\n<p>6.9.2022\u00a0 \u00a0 \u00a0 K\u00e4vely\/sauvak\u00e4velyretki Linnaniemen laavulle Liisa S\u00e4rk\u00e4n ohjauksella\u00a0 \u00a0 \u00a0 \u00a0 Outi Kauria<br \/>\n13.9.2022\u00a0 \u00a0 Klubineuvottelu<br \/>\n20.9.2022\u00a0 \u00a0 Keilailu Mikkeliss\u00e4 Keilakukossa\u00a0 \u00a0 \u00a0 \u00a0 \u00a0 \u00a0 \u00a0 \u00a0 \u00a0 \u00a0 \u00a0 \u00a0 \u00a0 \u00a0 \u00a0 \u00a0 \u00a0 \u00a0 \u00a0 \u00a0 \u00a0 \u00a0 \u00a0 Veijo Arponen<br \/>\n27.9.2022\u00a0 \u00a0 Esitelm\u00e4 Risto Himanen\u00a0 \u00a0 \u00a0 \u00a0 \u00a0 \u00a0 \u00a0 \u00a0 \u00a0 \u00a0 \u00a0 \u00a0 \u00a0 \u00a0 \u00a0 \u00a0 \u00a0 \u00a0 \u00a0 \u00a0 \u00a0 \u00a0 \u00a0 \u00a0 \u00a0 \u00a0 \u00a0 \u00a0 \u00a0 \u00a0Markku Tuominen<\/p>\n<p><strong>Lokakuu\u00a0<\/strong><br \/>\n<strong>Talouskehitys ja yhteiskunnallinen kehitt\u00e4minen\u00a0<\/strong><\/p>\n<p>4.10.2022\u00a0 \u00a0 Klubin syyskokous<br \/>\n11.10.2022\u00a0 Sirpa Laitinen esitelm\u00e4 esteett\u00f6myydest\u00e4\u00a0 \u00a0 \u00a0 \u00a0 \u00a0 \u00a0 \u00a0 \u00a0 \u00a0 \u00a0 \u00a0 \u00a0 \u00a0 \u00a0 \u00a0 \u00a0 Anne M\u00e4kel\u00e4inen<br \/>\n18.10.2022 Jouko Nousiaisen esitelm\u00e4\u00a0 \u00a0 \u00a0 \u00a0 \u00a0 \u00a0 \u00a0 \u00a0 \u00a0 \u00a0 \u00a0 \u00a0 \u00a0 \u00a0 \u00a0 \u00a0 \u00a0 \u00a0 \u00a0 \u00a0 \u00a0 \u00a0 \u00a0 \u00a0 \u00a0 \u00a0 \u00a0 \u00a0Outi Kauria<br \/>\n25.10.2022 Piirikuvern\u00f6\u00f6ri Maire Huopalaisen vierailu, hallitus klo 16.30<\/p>\n<p><strong>Marraskuu<\/strong><br \/>\n<strong>Rotarys\u00e4\u00e4ti\u00f6<\/strong><\/p>\n<p>1.11.2022\u00a0 Esitelm\u00e4 Mets\u00e4koulun opettaja Kaisa Reunanen\u00a0 \u00a0 \u00a0 \u00a0 \u00a0 \u00a0 \u00a0 \u00a0 \u00a0 \u00a0 \u00a0 \u00a0 Kari Piskonen<br \/>\n8.11.2022\u00a0 Esitelm\u00e4 Tytti Voutilainen Aloittaisinko sukututkimuksen?<br \/>\nSukututkimuksen perusteet ja l\u00e4hteet.\u00a0 \u00a0 \u00a0 \u00a0 \u00a0 \u00a0 \u00a0 \u00a0 \u00a0 \u00a0 \u00a0 \u00a0 \u00a0 \u00a0 \u00a0 \u00a0 \u00a0 \u00a0 \u00a0 \u00a0 \u00a0Sari Toijonen-Kunnari<br \/>\n15.11.2022 Esitelm\u00e4 Martti H\u00e4m\u00e4l\u00e4inen<br \/>\n22.11.2022 Esitelm\u00e4 Kari Piskonen Kirjeit\u00e4 Kallioniemest\u00e4<br \/>\n29.11.2022 Vaalikokous<\/p>\n<p><strong>Joulukuu\u00a0<\/strong><br \/>\n<strong>Sairauksien ehk\u00e4isy ja hoito\u00a0<\/strong><\/p>\n<p>6.12.2022\u00a0 \u00a0 Itsen\u00e4isyysp\u00e4iv\u00e4<br \/>\n13.12.2022\u00a0 Pikkujoulu<br \/>\n18.12.2022\u00a0 Kauneimmat Joululaulut<br \/>\nJoululoma[\/et_pb_text][\/et_pb_column]<br \/>\n\t\t\t[\/et_pb_row]<br \/>\n\t\t[\/et_pb_section]<\/p>\n","protected":false},"excerpt":{"rendered":"<p>Ohjelma syksy 2022 Elokuu J\u00e4senist\u00f6 ja laajennusty\u00f6\u00a0 \u00a0 \u00a0 \u00a0 \u00a0 \u00a0 \u00a0 \u00a0 \u00a0 \u00a0 \u00a0 \u00a0 \u00a0 \u00a0 \u00a0 \u00a0 \u00a0 \u00a0 \u00a0 \u00a0 \u00a0 \u00a0 \u00a0 \u00a0 \u00a0 \u00a0 \u00a0 \u00a0 \u00a0 \u00a0 \u00a0 \u00a0 \u00a0 \u00a0 \u00a0 \u00a0 \u00a0 \u00a0 \u00a0vastuuhenkil\u00f6 9.8.2022\u00a0 \u00a0 \u00a0 Klubineuvottelu 16.8.2022\u00a0 \u00a0 Teijon Turkin kutsut Juurisalmessa\u00a0 [&hellip;]<\/p>\n","protected":false},"author":1,"featured_media":0,"parent":94,"menu_order":0,"comment_status":"closed","ping_status":"closed","template":"","meta":{"_acf_changed":false,"_et_pb_use_builder":"on","_et_pb_old_content":"<h4>Ohjelma syksy 2022<\/h4>\r\n<strong>Elokuu<\/strong>\r\n<strong>J\u00e4senist\u00f6 ja laajennusty\u00f6\u00a0 \u00a0 \u00a0 \u00a0 \u00a0 \u00a0 \u00a0 \u00a0 \u00a0 \u00a0 \u00a0 \u00a0 \u00a0 \u00a0 \u00a0 \u00a0 \u00a0 \u00a0 \u00a0 \u00a0 \u00a0 \u00a0 \u00a0 \u00a0 \u00a0 \u00a0 \u00a0 \u00a0 \u00a0 \u00a0 \u00a0 \u00a0 \u00a0 \u00a0 \u00a0 \u00a0 \u00a0 \u00a0 \u00a0vastuuhenkil\u00f6 <\/strong>\r\n\r\n9.8.2022\u00a0 \u00a0 \u00a0 Klubineuvottelu\r\n16.8.2022\u00a0 \u00a0 Teijon Turkin kutsut Juurisalmessa\u00a0 \u00a0 \u00a0 \u00a0 \u00a0 \u00a0 \u00a0 \u00a0 \u00a0 \u00a0 \u00a0 \u00a0 \u00a0 \u00a0 \u00a0 \u00a0 \u00a0 \u00a0 \u00a0 \u00a0 \u00a0 \u00a0 \u00a0 \u00a0Teijo Turkki\r\n23.8.2022\u00a0 \u00a0 Tutustuminen Saalastin sisarukset -s\u00e4\u00e4ti\u00f6n Jussilan taloon\u00a0 \u00a0 \u00a0 \u00a0 \u00a0Outi Kauria\r\n30.8.2022\u00a0 \u00a0 Teatterinjohtaja Aleksander Anria kertoo Mikkelin teatterin kuulumisia\u00a0 \u00a0 \u00a0Teijo Turkki\r\n\r\n<strong>Syyskuu\u00a0<\/strong>\r\n<strong>Peruskoulutus, luku-ja kirjoitustaito kirjoitustaito\u00a0<\/strong>\r\n\r\n6.9.2022\u00a0 \u00a0 \u00a0 K\u00e4vely\/sauvak\u00e4velyretki Linnaniemen laavulle Liisa S\u00e4rk\u00e4n ohjauksella\u00a0 \u00a0 \u00a0 \u00a0 Outi Kauria\r\n13.9.2022\u00a0 \u00a0 Klubineuvottelu\r\n20.9.2022\u00a0 \u00a0 Keilailu Mikkeliss\u00e4 Keilakukossa\u00a0 \u00a0 \u00a0 \u00a0 \u00a0 \u00a0 \u00a0 \u00a0 \u00a0 \u00a0 \u00a0 \u00a0 \u00a0 \u00a0 \u00a0 \u00a0 \u00a0 \u00a0 \u00a0 \u00a0 \u00a0 \u00a0 \u00a0 Veijo Arponen\r\n27.9.2022\u00a0 \u00a0 Esitelm\u00e4 Risto Himanen\u00a0 \u00a0 \u00a0 \u00a0 \u00a0 \u00a0 \u00a0 \u00a0 \u00a0 \u00a0 \u00a0 \u00a0 \u00a0 \u00a0 \u00a0 \u00a0 \u00a0 \u00a0 \u00a0 \u00a0 \u00a0 \u00a0 \u00a0 \u00a0 \u00a0 \u00a0 \u00a0 \u00a0 \u00a0 \u00a0Markku Tuominen\r\n\r\n<strong>Lokakuu\u00a0<\/strong>\r\n<strong>Talouskehitys ja yhteiskunnallinen kehitt\u00e4minen\u00a0<\/strong>\r\n\r\n4.10.2022\u00a0 \u00a0 Klubin syyskokous\r\n11.10.2022\u00a0 Sirpa Laitinen esitelm\u00e4 esteett\u00f6myydest\u00e4\u00a0 \u00a0 \u00a0 \u00a0 \u00a0 \u00a0 \u00a0 \u00a0 \u00a0 \u00a0 \u00a0 \u00a0 \u00a0 \u00a0 \u00a0 \u00a0 Anne M\u00e4kel\u00e4inen\r\n18.10.2022 Jouko Nousiaisen esitelm\u00e4\u00a0 \u00a0 \u00a0 \u00a0 \u00a0 \u00a0 \u00a0 \u00a0 \u00a0 \u00a0 \u00a0 \u00a0 \u00a0 \u00a0 \u00a0 \u00a0 \u00a0 \u00a0 \u00a0 \u00a0 \u00a0 \u00a0 \u00a0 \u00a0 \u00a0 \u00a0 \u00a0 \u00a0Outi Kauria\r\n25.10.2022 Piirikuvern\u00f6\u00f6ri Maire Huopalaisen vierailu, hallitus klo 16.30\r\n\r\n<strong>Marraskuu<\/strong>\r\n<strong>Rotarys\u00e4\u00e4ti\u00f6<\/strong>\r\n\r\n1.11.2022\u00a0 Esitelm\u00e4 Mets\u00e4koulun opettaja Kaisa Reunanen\u00a0 \u00a0 \u00a0 \u00a0 \u00a0 \u00a0 \u00a0 \u00a0 \u00a0 \u00a0 \u00a0 \u00a0 Kari Piskonen\r\n8.11.2022\u00a0 Esitelm\u00e4 Tytti Voutilainen Aloittaisinko sukututkimuksen?\r\nSukututkimuksen perusteet ja l\u00e4hteet.\u00a0 \u00a0 \u00a0 \u00a0 \u00a0 \u00a0 \u00a0 \u00a0 \u00a0 \u00a0 \u00a0 \u00a0 \u00a0 \u00a0 \u00a0 \u00a0 \u00a0 \u00a0 \u00a0 \u00a0 \u00a0Sari Toijonen-Kunnari\r\n15.11.2022 Esitelm\u00e4 Martti H\u00e4m\u00e4l\u00e4inen\r\n22.11.2022 Esitelm\u00e4 Kari Piskonen Kirjeit\u00e4 Kallioniemest\u00e4\r\n29.11.2022 Vaalikokous\r\n\r\n<strong>Joulukuu\u00a0<\/strong>\r\n<strong>Sairauksien ehk\u00e4isy ja hoito\u00a0<\/strong>\r\n\r\n6.12.2022\u00a0 \u00a0 Itsen\u00e4isyysp\u00e4iv\u00e4\r\n13.12.2022\u00a0 Pikkujoulu\r\n18.12.2022\u00a0 Kauneimmat Joululaulut\r\nJoululoma","_et_gb_content_width":"","footnotes":""},"class_list":["post-186","page","type-page","status-publish","hentry"],"acf":[],"yoast_head":"<!-- This site is optimized with the Yoast SEO plugin v27.0 - https:\/\/yoast.com\/product\/yoast-seo-wordpress\/ -->\n<title>Tapahtumakalenteri - Ristiinan Rotaryklubi<\/title>\n<meta name=\"robots\" content=\"index, follow, max-snippet:-1, max-image-preview:large, max-video-preview:-1\" \/>\n<link rel=\"canonical\" href=\"https:\/\/rotary.fi\/ristiina\/ajankohtaista\/tapahtumakalenteri\/\" \/>\n<meta property=\"og:locale\" content=\"fi_FI\" \/>\n<meta property=\"og:type\" content=\"article\" \/>\n<meta property=\"og:title\" content=\"Tapahtumakalenteri - Ristiinan Rotaryklubi\" \/>\n<meta property=\"og:description\" content=\"Ohjelma syksy 2022 Elokuu J\u00e4senist\u00f6 ja laajennusty\u00f6\u00a0 \u00a0 \u00a0 \u00a0 \u00a0 \u00a0 \u00a0 \u00a0 \u00a0 \u00a0 \u00a0 \u00a0 \u00a0 \u00a0 \u00a0 \u00a0 \u00a0 \u00a0 \u00a0 \u00a0 \u00a0 \u00a0 \u00a0 \u00a0 \u00a0 \u00a0 \u00a0 \u00a0 \u00a0 \u00a0 \u00a0 \u00a0 \u00a0 \u00a0 \u00a0 \u00a0 \u00a0 \u00a0 \u00a0vastuuhenkil\u00f6 9.8.2022\u00a0 \u00a0 \u00a0 Klubineuvottelu 16.8.2022\u00a0 \u00a0 Teijon Turkin kutsut Juurisalmessa\u00a0 [&hellip;]\" \/>\n<meta property=\"og:url\" content=\"https:\/\/rotary.fi\/ristiina\/ajankohtaista\/tapahtumakalenteri\/\" \/>\n<meta property=\"og:site_name\" content=\"Ristiinan Rotaryklubi\" \/>\n<meta property=\"article:modified_time\" content=\"2022-10-02T08:01:35+00:00\" \/>\n<meta name=\"twitter:card\" content=\"summary_large_image\" \/>\n<meta name=\"twitter:label1\" content=\"Arvioitu lukuaika\" \/>\n\t<meta name=\"twitter:data1\" content=\"1 minuutti\" \/>\n<script type=\"application\/ld+json\" class=\"yoast-schema-graph\">{\"@context\":\"https:\/\/schema.org\",\"@graph\":[{\"@type\":\"WebPage\",\"@id\":\"https:\/\/rotary.fi\/ristiina\/ajankohtaista\/tapahtumakalenteri\/\",\"url\":\"https:\/\/rotary.fi\/ristiina\/ajankohtaista\/tapahtumakalenteri\/\",\"name\":\"Tapahtumakalenteri - Ristiinan Rotaryklubi\",\"isPartOf\":{\"@id\":\"https:\/\/rotary.fi\/ristiina\/#website\"},\"datePublished\":\"2018-08-13T08:06:59+00:00\",\"dateModified\":\"2022-10-02T08:01:35+00:00\",\"breadcrumb\":{\"@id\":\"https:\/\/rotary.fi\/ristiina\/ajankohtaista\/tapahtumakalenteri\/#breadcrumb\"},\"inLanguage\":\"fi\",\"potentialAction\":[{\"@type\":\"ReadAction\",\"target\":[\"https:\/\/rotary.fi\/ristiina\/ajankohtaista\/tapahtumakalenteri\/\"]}]},{\"@type\":\"BreadcrumbList\",\"@id\":\"https:\/\/rotary.fi\/ristiina\/ajankohtaista\/tapahtumakalenteri\/#breadcrumb\",\"itemListElement\":[{\"@type\":\"ListItem\",\"position\":1,\"name\":\"Home\",\"item\":\"https:\/\/rotary.fi\/ristiina\/\"},{\"@type\":\"ListItem\",\"position\":2,\"name\":\"Ajankohtaista\",\"item\":\"https:\/\/rotary.fi\/ristiina\/ajankohtaista\/\"},{\"@type\":\"ListItem\",\"position\":3,\"name\":\"Tapahtumakalenteri\"}]},{\"@type\":\"WebSite\",\"@id\":\"https:\/\/rotary.fi\/ristiina\/#website\",\"url\":\"https:\/\/rotary.fi\/ristiina\/\",\"name\":\"Ristiinan Rotaryklubi\",\"description\":\"Uusi Rotary klubisivusto\",\"publisher\":{\"@id\":\"https:\/\/rotary.fi\/ristiina\/#organization\"},\"potentialAction\":[{\"@type\":\"SearchAction\",\"target\":{\"@type\":\"EntryPoint\",\"urlTemplate\":\"https:\/\/rotary.fi\/ristiina\/?s={search_term_string}\"},\"query-input\":{\"@type\":\"PropertyValueSpecification\",\"valueRequired\":true,\"valueName\":\"search_term_string\"}}],\"inLanguage\":\"fi\"},{\"@type\":\"Organization\",\"@id\":\"https:\/\/rotary.fi\/ristiina\/#organization\",\"name\":\"Ristiinan Rotaryklubi\",\"url\":\"https:\/\/rotary.fi\/ristiina\/\",\"logo\":{\"@type\":\"ImageObject\",\"inLanguage\":\"fi\",\"@id\":\"https:\/\/rotary.fi\/ristiina\/#\/schema\/logo\/image\/\",\"url\":\"https:\/\/rotary.fi\/ristiina\/wp-content\/uploads\/sites\/18\/2018\/08\/rotary-logo-main-2.png\",\"contentUrl\":\"https:\/\/rotary.fi\/ristiina\/wp-content\/uploads\/sites\/18\/2018\/08\/rotary-logo-main-2.png\",\"width\":135,\"height\":52,\"caption\":\"Ristiinan Rotaryklubi\"},\"image\":{\"@id\":\"https:\/\/rotary.fi\/ristiina\/#\/schema\/logo\/image\/\"}}]}<\/script>\n<!-- \/ Yoast SEO plugin. -->","yoast_head_json":{"title":"Tapahtumakalenteri - Ristiinan Rotaryklubi","robots":{"index":"index","follow":"follow","max-snippet":"max-snippet:-1","max-image-preview":"max-image-preview:large","max-video-preview":"max-video-preview:-1"},"canonical":"https:\/\/rotary.fi\/ristiina\/ajankohtaista\/tapahtumakalenteri\/","og_locale":"fi_FI","og_type":"article","og_title":"Tapahtumakalenteri - Ristiinan Rotaryklubi","og_description":"Ohjelma syksy 2022 Elokuu J\u00e4senist\u00f6 ja laajennusty\u00f6\u00a0 \u00a0 \u00a0 \u00a0 \u00a0 \u00a0 \u00a0 \u00a0 \u00a0 \u00a0 \u00a0 \u00a0 \u00a0 \u00a0 \u00a0 \u00a0 \u00a0 \u00a0 \u00a0 \u00a0 \u00a0 \u00a0 \u00a0 \u00a0 \u00a0 \u00a0 \u00a0 \u00a0 \u00a0 \u00a0 \u00a0 \u00a0 \u00a0 \u00a0 \u00a0 \u00a0 \u00a0 \u00a0 \u00a0vastuuhenkil\u00f6 9.8.2022\u00a0 \u00a0 \u00a0 Klubineuvottelu 16.8.2022\u00a0 \u00a0 Teijon Turkin kutsut Juurisalmessa\u00a0 [&hellip;]","og_url":"https:\/\/rotary.fi\/ristiina\/ajankohtaista\/tapahtumakalenteri\/","og_site_name":"Ristiinan Rotaryklubi","article_modified_time":"2022-10-02T08:01:35+00:00","twitter_card":"summary_large_image","twitter_misc":{"Arvioitu lukuaika":"1 minuutti"},"schema":{"@context":"https:\/\/schema.org","@graph":[{"@type":"WebPage","@id":"https:\/\/rotary.fi\/ristiina\/ajankohtaista\/tapahtumakalenteri\/","url":"https:\/\/rotary.fi\/ristiina\/ajankohtaista\/tapahtumakalenteri\/","name":"Tapahtumakalenteri - Ristiinan Rotaryklubi","isPartOf":{"@id":"https:\/\/rotary.fi\/ristiina\/#website"},"datePublished":"2018-08-13T08:06:59+00:00","dateModified":"2022-10-02T08:01:35+00:00","breadcrumb":{"@id":"https:\/\/rotary.fi\/ristiina\/ajankohtaista\/tapahtumakalenteri\/#breadcrumb"},"inLanguage":"fi","potentialAction":[{"@type":"ReadAction","target":["https:\/\/rotary.fi\/ristiina\/ajankohtaista\/tapahtumakalenteri\/"]}]},{"@type":"BreadcrumbList","@id":"https:\/\/rotary.fi\/ristiina\/ajankohtaista\/tapahtumakalenteri\/#breadcrumb","itemListElement":[{"@type":"ListItem","position":1,"name":"Home","item":"https:\/\/rotary.fi\/ristiina\/"},{"@type":"ListItem","position":2,"name":"Ajankohtaista","item":"https:\/\/rotary.fi\/ristiina\/ajankohtaista\/"},{"@type":"ListItem","position":3,"name":"Tapahtumakalenteri"}]},{"@type":"WebSite","@id":"https:\/\/rotary.fi\/ristiina\/#website","url":"https:\/\/rotary.fi\/ristiina\/","name":"Ristiinan Rotaryklubi","description":"Uusi Rotary klubisivusto","publisher":{"@id":"https:\/\/rotary.fi\/ristiina\/#organization"},"potentialAction":[{"@type":"SearchAction","target":{"@type":"EntryPoint","urlTemplate":"https:\/\/rotary.fi\/ristiina\/?s={search_term_string}"},"query-input":{"@type":"PropertyValueSpecification","valueRequired":true,"valueName":"search_term_string"}}],"inLanguage":"fi"},{"@type":"Organization","@id":"https:\/\/rotary.fi\/ristiina\/#organization","name":"Ristiinan Rotaryklubi","url":"https:\/\/rotary.fi\/ristiina\/","logo":{"@type":"ImageObject","inLanguage":"fi","@id":"https:\/\/rotary.fi\/ristiina\/#\/schema\/logo\/image\/","url":"https:\/\/rotary.fi\/ristiina\/wp-content\/uploads\/sites\/18\/2018\/08\/rotary-logo-main-2.png","contentUrl":"https:\/\/rotary.fi\/ristiina\/wp-content\/uploads\/sites\/18\/2018\/08\/rotary-logo-main-2.png","width":135,"height":52,"caption":"Ristiinan Rotaryklubi"},"image":{"@id":"https:\/\/rotary.fi\/ristiina\/#\/schema\/logo\/image\/"}}]}},"lang":"fi","translations":{"fi":186},"pll_sync_post":[],"_links":{"self":[{"href":"https:\/\/rotary.fi\/ristiina\/wp-json\/wp\/v2\/pages\/186","targetHints":{"allow":["GET"]}}],"collection":[{"href":"https:\/\/rotary.fi\/ristiina\/wp-json\/wp\/v2\/pages"}],"about":[{"href":"https:\/\/rotary.fi\/ristiina\/wp-json\/wp\/v2\/types\/page"}],"author":[{"embeddable":true,"href":"https:\/\/rotary.fi\/ristiina\/wp-json\/wp\/v2\/users\/1"}],"replies":[{"embeddable":true,"href":"https:\/\/rotary.fi\/ristiina\/wp-json\/wp\/v2\/comments?post=186"}],"version-history":[{"count":9,"href":"https:\/\/rotary.fi\/ristiina\/wp-json\/wp\/v2\/pages\/186\/revisions"}],"predecessor-version":[{"id":1498,"href":"https:\/\/rotary.fi\/ristiina\/wp-json\/wp\/v2\/pages\/186\/revisions\/1498"}],"up":[{"embeddable":true,"href":"https:\/\/rotary.fi\/ristiina\/wp-json\/wp\/v2\/pages\/94"}],"wp:attachment":[{"href":"https:\/\/rotary.fi\/ristiina\/wp-json\/wp\/v2\/media?parent=186"}],"curies":[{"name":"wp","href":"https:\/\/api.w.org\/{rel}","templated":true}]}}