{"id":142,"date":"2018-08-10T14:04:45","date_gmt":"2018-08-10T11:04:45","guid":{"rendered":"https:\/\/rotary.fi\/klubi2\/?page_id=142"},"modified":"2021-11-08T20:09:19","modified_gmt":"2021-11-08T18:09:19","slug":"ilo-esitella","status":"publish","type":"page","link":"https:\/\/rotary.fi\/ristiina\/keita-olemme\/ilo-esitella\/","title":{"rendered":"Ilo esitell\u00e4"},"content":{"rendered":"<p>[et_pb_section fb_built=&#8221;1&#8243; module_class=&#8221;jumbotron-page&#8221; _builder_version=&#8221;3.22&#8243; background_image=&#8221;https:\/\/rotary.fi\/ristiina\/wp-content\/uploads\/sites\/18\/2018\/10\/rotary_klubit_alasivu_paakuva_14.jpg&#8221;][et_pb_row _builder_version=&#8221;3.25&#8243; background_size=&#8221;initial&#8221; background_position=&#8221;top_left&#8221; background_repeat=&#8221;repeat&#8221;][et_pb_column type=&#8221;4_4&#8243; _builder_version=&#8221;3.25&#8243; custom_padding=&#8221;|||&#8221; custom_padding__hover=&#8221;|||&#8221;][et_pb_text admin_label=&#8221;P\u00e4\u00e4otsikko&#8221; _builder_version=&#8221;3.27.4&#8243; text_orientation=&#8221;center&#8221; background_layout=&#8221;dark&#8221;]<\/p>\n<h1>Ilo esitell\u00e4<\/h1>\n<p>[\/et_pb_text][\/et_pb_column][\/et_pb_row][\/et_pb_section][et_pb_section fb_built=&#8221;1&#8243; specialty=&#8221;on&#8221; module_class_2=&#8221;sivupalkki&#8221; _builder_version=&#8221;3.22&#8243;][et_pb_column type=&#8221;2_3&#8243; specialty_columns=&#8221;2&#8243; _builder_version=&#8221;3.25&#8243; custom_padding=&#8221;|||&#8221; parallax__hover=&#8221;off&#8221; parallax_method__hover=&#8221;on&#8221; custom_padding__hover=&#8221;|||&#8221;][et_pb_row_inner admin_label=&#8221;Rivi&#8221; _builder_version=&#8221;3.25&#8243; custom_padding=&#8221;|||10px||&#8221;][et_pb_column_inner saved_specialty_column_type=&#8221;2_3&#8243; _builder_version=&#8221;3.25&#8243; custom_padding=&#8221;|||&#8221; parallax__hover=&#8221;off&#8221; parallax_method__hover=&#8221;on&#8221; custom_padding__hover=&#8221;|||&#8221;][et_pb_text admin_label=&#8221;Ilo esitell\u00e4 &#8211; Otsikko&#8221; _builder_version=&#8221;3.27.4&#8243; text_orientation=&#8221;center&#8221;]<\/p>\n<h1>Ilo esitell\u00e4<\/h1>\n<p>[\/et_pb_text][et_pb_text _builder_version=&#8221;4.9.10&#8243; hover_enabled=&#8221;0&#8243; sticky_enabled=&#8221;0&#8243;]<\/p>\n<p><span style=\"color: #8300e9\"><strong>HUOM. T\u00e4lle sivulle jokainen klubi voi nostaa esiin tiiviit\u00e4 j\u00e4sen-, projekti- tai projektiyhteisty\u00f6kumppaneiden esittelyj\u00e4. Esittelyt on mahdollista jakaa henkil\u00f6iden luvalla my\u00f6s sosiaalisessa mediassa, esimerkiksi klubin omalla fb-sivulla. Kannattaa k\u00e4ytt\u00e4\u00e4 kuvia!<\/strong><\/span><\/p>\n<p><span style=\"color: #8300e9\"><strong><a href=\"https:\/\/www.youtube.com\/watch?v=Hga0sS_SDnU\">Linkki<\/a> Ristiinan rotaryklubin 50 vuotisjuhlaan<\/strong><\/span><\/p>\n<ul>\n<li><span style=\"color: #8300e9\"><strong>Miksi min\u00e4 olen rotari<\/strong><\/span><\/li>\n<li><span style=\"color: #8300e9\"><strong>Australiassa kaikki oli toisin.\u2028Vaihto-opiskelija Teemu palasi muuttuneena miehen\u00e4<\/strong><\/span><\/li>\n<li><span style=\"color: #8300e9\"><strong>Taru pit\u00e4\u00e4 klubin raha-asiat hanskassa<\/strong><\/span><\/li>\n<li><span style=\"color: #8300e9\"><strong>Uutisaiheen ymp\u00e4rilt\u00e4 kirjoitettu n\u00e4k\u00f6kulma. Teatteri Totti on esimerkkiaihe parin vuoden takaa: hieman toisin painotuksin sopisi my\u00f6s osioon Mit\u00e4 teemme\/Klubin projektit, mutta nyt painotetaan enemm\u00e4n esteett\u00f6myytt\u00e4 edist\u00e4vi\u00e4 tekij\u00f6it\u00e4.<\/strong><\/span><\/li>\n<\/ul>\n<p><span style=\"color: #8300e9\"><strong>Malliteksti:<\/strong><\/span><\/p>\n<h1><\/h1>\n<h4><\/h4>\n<h4><\/h4>\n<p>&nbsp;<\/p>\n<p>[\/et_pb_text][\/et_pb_column_inner][\/et_pb_row_inner][\/et_pb_column][et_pb_column type=&#8221;1_3&#8243; module_class=&#8221;sivupalkki&#8221; _builder_version=&#8221;3.25&#8243; custom_padding=&#8221;|||&#8221; parallax__hover=&#8221;off&#8221; parallax_method__hover=&#8221;on&#8221; module_class__hover=&#8221;sivupalkki&#8221; custom_padding__hover=&#8221;|||&#8221;][et_pb_sidebar area=&#8221;sidebar-1&#8243; module_class=&#8221;sivupalkki_sisalto&#8221; _builder_version=&#8221;3.4.1&#8243; locked=&#8221;on&#8221;][\/et_pb_sidebar][\/et_pb_column][\/et_pb_section]<\/p>\n","protected":false},"excerpt":{"rendered":"<p>Ilo esitell\u00e4 Ilo esitell\u00e4 HUOM. T\u00e4lle sivulle jokainen klubi voi nostaa esiin tiiviit\u00e4 j\u00e4sen-, projekti- tai projektiyhteisty\u00f6kumppaneiden esittelyj\u00e4. Esittelyt on mahdollista jakaa henkil\u00f6iden luvalla my\u00f6s sosiaalisessa mediassa, esimerkiksi klubin omalla fb-sivulla. Kannattaa k\u00e4ytt\u00e4\u00e4 kuvia! Linkki Ristiinan rotaryklubin 50 vuotisjuhlaan Miksi min\u00e4 olen rotari Australiassa kaikki oli toisin.\u2028Vaihto-opiskelija Teemu palasi muuttuneena miehen\u00e4 Taru pit\u00e4\u00e4 klubin raha-asiat [&hellip;]<\/p>\n","protected":false},"author":1,"featured_media":0,"parent":129,"menu_order":0,"comment_status":"closed","ping_status":"closed","template":"","meta":{"_acf_changed":false,"_et_pb_use_builder":"on","_et_pb_old_content":"","_et_gb_content_width":"","footnotes":""},"class_list":["post-142","page","type-page","status-publish","hentry"],"acf":[],"yoast_head":"<!-- This site is optimized with the Yoast SEO plugin v27.0 - https:\/\/yoast.com\/product\/yoast-seo-wordpress\/ -->\n<title>Ilo esitell\u00e4 - Ristiinan Rotaryklubi<\/title>\n<meta name=\"robots\" content=\"index, follow, max-snippet:-1, max-image-preview:large, max-video-preview:-1\" \/>\n<link rel=\"canonical\" href=\"https:\/\/rotary.fi\/ristiina\/keita-olemme\/ilo-esitella\/\" \/>\n<meta property=\"og:locale\" content=\"fi_FI\" \/>\n<meta property=\"og:type\" content=\"article\" \/>\n<meta property=\"og:title\" content=\"Ilo esitell\u00e4 - Ristiinan Rotaryklubi\" \/>\n<meta property=\"og:description\" content=\"Ilo esitell\u00e4 Ilo esitell\u00e4 HUOM. T\u00e4lle sivulle jokainen klubi voi nostaa esiin tiiviit\u00e4 j\u00e4sen-, projekti- tai projektiyhteisty\u00f6kumppaneiden esittelyj\u00e4. Esittelyt on mahdollista jakaa henkil\u00f6iden luvalla my\u00f6s sosiaalisessa mediassa, esimerkiksi klubin omalla fb-sivulla. Kannattaa k\u00e4ytt\u00e4\u00e4 kuvia! Linkki Ristiinan rotaryklubin 50 vuotisjuhlaan Miksi min\u00e4 olen rotari Australiassa kaikki oli toisin.\u2028Vaihto-opiskelija Teemu palasi muuttuneena miehen\u00e4 Taru pit\u00e4\u00e4 klubin raha-asiat [&hellip;]\" \/>\n<meta property=\"og:url\" content=\"https:\/\/rotary.fi\/ristiina\/keita-olemme\/ilo-esitella\/\" \/>\n<meta property=\"og:site_name\" content=\"Ristiinan Rotaryklubi\" \/>\n<meta property=\"article:modified_time\" content=\"2021-11-08T18:09:19+00:00\" \/>\n<meta name=\"twitter:card\" content=\"summary_large_image\" \/>\n<meta name=\"twitter:label1\" content=\"Arvioitu lukuaika\" \/>\n\t<meta name=\"twitter:data1\" content=\"2 minuuttia\" \/>\n<script type=\"application\/ld+json\" class=\"yoast-schema-graph\">{\"@context\":\"https:\/\/schema.org\",\"@graph\":[{\"@type\":\"WebPage\",\"@id\":\"https:\/\/rotary.fi\/ristiina\/keita-olemme\/ilo-esitella\/\",\"url\":\"https:\/\/rotary.fi\/ristiina\/keita-olemme\/ilo-esitella\/\",\"name\":\"Ilo esitell\u00e4 - Ristiinan Rotaryklubi\",\"isPartOf\":{\"@id\":\"https:\/\/rotary.fi\/ristiina\/#website\"},\"datePublished\":\"2018-08-10T11:04:45+00:00\",\"dateModified\":\"2021-11-08T18:09:19+00:00\",\"breadcrumb\":{\"@id\":\"https:\/\/rotary.fi\/ristiina\/keita-olemme\/ilo-esitella\/#breadcrumb\"},\"inLanguage\":\"fi\",\"potentialAction\":[{\"@type\":\"ReadAction\",\"target\":[\"https:\/\/rotary.fi\/ristiina\/keita-olemme\/ilo-esitella\/\"]}]},{\"@type\":\"BreadcrumbList\",\"@id\":\"https:\/\/rotary.fi\/ristiina\/keita-olemme\/ilo-esitella\/#breadcrumb\",\"itemListElement\":[{\"@type\":\"ListItem\",\"position\":1,\"name\":\"Home\",\"item\":\"https:\/\/rotary.fi\/ristiina\/\"},{\"@type\":\"ListItem\",\"position\":2,\"name\":\"Keit\u00e4 olemme\",\"item\":\"https:\/\/rotary.fi\/ristiina\/keita-olemme\/\"},{\"@type\":\"ListItem\",\"position\":3,\"name\":\"Ilo esitell\u00e4\"}]},{\"@type\":\"WebSite\",\"@id\":\"https:\/\/rotary.fi\/ristiina\/#website\",\"url\":\"https:\/\/rotary.fi\/ristiina\/\",\"name\":\"Ristiinan Rotaryklubi\",\"description\":\"Uusi Rotary klubisivusto\",\"publisher\":{\"@id\":\"https:\/\/rotary.fi\/ristiina\/#organization\"},\"potentialAction\":[{\"@type\":\"SearchAction\",\"target\":{\"@type\":\"EntryPoint\",\"urlTemplate\":\"https:\/\/rotary.fi\/ristiina\/?s={search_term_string}\"},\"query-input\":{\"@type\":\"PropertyValueSpecification\",\"valueRequired\":true,\"valueName\":\"search_term_string\"}}],\"inLanguage\":\"fi\"},{\"@type\":\"Organization\",\"@id\":\"https:\/\/rotary.fi\/ristiina\/#organization\",\"name\":\"Ristiinan Rotaryklubi\",\"url\":\"https:\/\/rotary.fi\/ristiina\/\",\"logo\":{\"@type\":\"ImageObject\",\"inLanguage\":\"fi\",\"@id\":\"https:\/\/rotary.fi\/ristiina\/#\/schema\/logo\/image\/\",\"url\":\"https:\/\/rotary.fi\/ristiina\/wp-content\/uploads\/sites\/18\/2018\/08\/rotary-logo-main-2.png\",\"contentUrl\":\"https:\/\/rotary.fi\/ristiina\/wp-content\/uploads\/sites\/18\/2018\/08\/rotary-logo-main-2.png\",\"width\":135,\"height\":52,\"caption\":\"Ristiinan Rotaryklubi\"},\"image\":{\"@id\":\"https:\/\/rotary.fi\/ristiina\/#\/schema\/logo\/image\/\"}}]}<\/script>\n<!-- \/ Yoast SEO plugin. -->","yoast_head_json":{"title":"Ilo esitell\u00e4 - Ristiinan Rotaryklubi","robots":{"index":"index","follow":"follow","max-snippet":"max-snippet:-1","max-image-preview":"max-image-preview:large","max-video-preview":"max-video-preview:-1"},"canonical":"https:\/\/rotary.fi\/ristiina\/keita-olemme\/ilo-esitella\/","og_locale":"fi_FI","og_type":"article","og_title":"Ilo esitell\u00e4 - Ristiinan Rotaryklubi","og_description":"Ilo esitell\u00e4 Ilo esitell\u00e4 HUOM. T\u00e4lle sivulle jokainen klubi voi nostaa esiin tiiviit\u00e4 j\u00e4sen-, projekti- tai projektiyhteisty\u00f6kumppaneiden esittelyj\u00e4. Esittelyt on mahdollista jakaa henkil\u00f6iden luvalla my\u00f6s sosiaalisessa mediassa, esimerkiksi klubin omalla fb-sivulla. Kannattaa k\u00e4ytt\u00e4\u00e4 kuvia! Linkki Ristiinan rotaryklubin 50 vuotisjuhlaan Miksi min\u00e4 olen rotari Australiassa kaikki oli toisin.\u2028Vaihto-opiskelija Teemu palasi muuttuneena miehen\u00e4 Taru pit\u00e4\u00e4 klubin raha-asiat [&hellip;]","og_url":"https:\/\/rotary.fi\/ristiina\/keita-olemme\/ilo-esitella\/","og_site_name":"Ristiinan Rotaryklubi","article_modified_time":"2021-11-08T18:09:19+00:00","twitter_card":"summary_large_image","twitter_misc":{"Arvioitu lukuaika":"2 minuuttia"},"schema":{"@context":"https:\/\/schema.org","@graph":[{"@type":"WebPage","@id":"https:\/\/rotary.fi\/ristiina\/keita-olemme\/ilo-esitella\/","url":"https:\/\/rotary.fi\/ristiina\/keita-olemme\/ilo-esitella\/","name":"Ilo esitell\u00e4 - Ristiinan Rotaryklubi","isPartOf":{"@id":"https:\/\/rotary.fi\/ristiina\/#website"},"datePublished":"2018-08-10T11:04:45+00:00","dateModified":"2021-11-08T18:09:19+00:00","breadcrumb":{"@id":"https:\/\/rotary.fi\/ristiina\/keita-olemme\/ilo-esitella\/#breadcrumb"},"inLanguage":"fi","potentialAction":[{"@type":"ReadAction","target":["https:\/\/rotary.fi\/ristiina\/keita-olemme\/ilo-esitella\/"]}]},{"@type":"BreadcrumbList","@id":"https:\/\/rotary.fi\/ristiina\/keita-olemme\/ilo-esitella\/#breadcrumb","itemListElement":[{"@type":"ListItem","position":1,"name":"Home","item":"https:\/\/rotary.fi\/ristiina\/"},{"@type":"ListItem","position":2,"name":"Keit\u00e4 olemme","item":"https:\/\/rotary.fi\/ristiina\/keita-olemme\/"},{"@type":"ListItem","position":3,"name":"Ilo esitell\u00e4"}]},{"@type":"WebSite","@id":"https:\/\/rotary.fi\/ristiina\/#website","url":"https:\/\/rotary.fi\/ristiina\/","name":"Ristiinan Rotaryklubi","description":"Uusi Rotary klubisivusto","publisher":{"@id":"https:\/\/rotary.fi\/ristiina\/#organization"},"potentialAction":[{"@type":"SearchAction","target":{"@type":"EntryPoint","urlTemplate":"https:\/\/rotary.fi\/ristiina\/?s={search_term_string}"},"query-input":{"@type":"PropertyValueSpecification","valueRequired":true,"valueName":"search_term_string"}}],"inLanguage":"fi"},{"@type":"Organization","@id":"https:\/\/rotary.fi\/ristiina\/#organization","name":"Ristiinan Rotaryklubi","url":"https:\/\/rotary.fi\/ristiina\/","logo":{"@type":"ImageObject","inLanguage":"fi","@id":"https:\/\/rotary.fi\/ristiina\/#\/schema\/logo\/image\/","url":"https:\/\/rotary.fi\/ristiina\/wp-content\/uploads\/sites\/18\/2018\/08\/rotary-logo-main-2.png","contentUrl":"https:\/\/rotary.fi\/ristiina\/wp-content\/uploads\/sites\/18\/2018\/08\/rotary-logo-main-2.png","width":135,"height":52,"caption":"Ristiinan Rotaryklubi"},"image":{"@id":"https:\/\/rotary.fi\/ristiina\/#\/schema\/logo\/image\/"}}]}},"lang":"fi","translations":{"fi":142},"pll_sync_post":[],"_links":{"self":[{"href":"https:\/\/rotary.fi\/ristiina\/wp-json\/wp\/v2\/pages\/142","targetHints":{"allow":["GET"]}}],"collection":[{"href":"https:\/\/rotary.fi\/ristiina\/wp-json\/wp\/v2\/pages"}],"about":[{"href":"https:\/\/rotary.fi\/ristiina\/wp-json\/wp\/v2\/types\/page"}],"author":[{"embeddable":true,"href":"https:\/\/rotary.fi\/ristiina\/wp-json\/wp\/v2\/users\/1"}],"replies":[{"embeddable":true,"href":"https:\/\/rotary.fi\/ristiina\/wp-json\/wp\/v2\/comments?post=142"}],"version-history":[{"count":9,"href":"https:\/\/rotary.fi\/ristiina\/wp-json\/wp\/v2\/pages\/142\/revisions"}],"predecessor-version":[{"id":1453,"href":"https:\/\/rotary.fi\/ristiina\/wp-json\/wp\/v2\/pages\/142\/revisions\/1453"}],"up":[{"embeddable":true,"href":"https:\/\/rotary.fi\/ristiina\/wp-json\/wp\/v2\/pages\/129"}],"wp:attachment":[{"href":"https:\/\/rotary.fi\/ristiina\/wp-json\/wp\/v2\/media?parent=142"}],"curies":[{"name":"wp","href":"https:\/\/api.w.org\/{rel}","templated":true}]}}