{"id":138,"date":"2018-08-10T14:01:44","date_gmt":"2018-08-10T11:01:44","guid":{"rendered":"https:\/\/rotary.fi\/klubi2\/?page_id=138"},"modified":"2021-10-19T17:17:46","modified_gmt":"2021-10-19T14:17:46","slug":"vuositeema","status":"publish","type":"page","link":"https:\/\/rotary.fi\/ristiina\/keita-olemme\/vuositeema\/","title":{"rendered":"Vuositeema"},"content":{"rendered":"<p>[et_pb_section fb_built=&#8221;1&#8243; module_class=&#8221;jumbotron-page&#8221; _builder_version=&#8221;3.22&#8243; background_image=&#8221;https:\/\/rotary.fi\/ristiina\/wp-content\/uploads\/sites\/18\/2018\/08\/rotary_klubit_alasivu_paakuva_7.jpg&#8221;][et_pb_row _builder_version=&#8221;3.25&#8243; background_size=&#8221;initial&#8221; background_position=&#8221;top_left&#8221; background_repeat=&#8221;repeat&#8221;][et_pb_column type=&#8221;4_4&#8243; _builder_version=&#8221;3.25&#8243; custom_padding=&#8221;|||&#8221; custom_padding__hover=&#8221;|||&#8221;][et_pb_text admin_label=&#8221;P\u00e4\u00e4otsikko&#8221; _builder_version=&#8221;3.27.4&#8243; text_orientation=&#8221;center&#8221; background_layout=&#8221;dark&#8221;]<\/p>\n<h1>Vuositeema<\/h1>\n<p>&nbsp;<\/p>\n<p>[\/et_pb_text][\/et_pb_column][\/et_pb_row][\/et_pb_section][et_pb_section fb_built=&#8221;1&#8243; specialty=&#8221;on&#8221; module_class_2=&#8221;sivupalkki&#8221; _builder_version=&#8221;3.22&#8243;][et_pb_column type=&#8221;2_3&#8243; specialty_columns=&#8221;2&#8243; _builder_version=&#8221;3.25&#8243; custom_padding=&#8221;|||&#8221; custom_padding__hover=&#8221;|||&#8221;][et_pb_row_inner admin_label=&#8221;Rivi&#8221; _builder_version=&#8221;3.25&#8243; column_structure=&#8221;1_4,1_4,1_4,1_4&#8243;][et_pb_column_inner type=&#8221;1_4&#8243; saved_specialty_column_type=&#8221;2_3&#8243; _builder_version=&#8221;3.25&#8243; custom_padding=&#8221;|||&#8221; custom_css_main_element=&#8221;width:24%!important;&#8221; custom_padding__hover=&#8221;|||&#8221;][et_pb_image src=&#8221;https:\/\/rotary.fi\/ristiina\/wp-content\/uploads\/sites\/18\/2018\/11\/t1819fin_pms-c-01-300&#215;300.jpg&#8221; align_tablet=&#8221;center&#8221; align_last_edited=&#8221;on|desktop&#8221; _builder_version=&#8221;3.23&#8243;][\/et_pb_image][\/et_pb_column_inner][et_pb_column_inner type=&#8221;1_4&#8243; saved_specialty_column_type=&#8221;2_3&#8243; _builder_version=&#8221;3.25&#8243; custom_padding=&#8221;|||&#8221; custom_css_main_element=&#8221;width:24%!important;&#8221; custom_padding__hover=&#8221;|||&#8221;][et_pb_image src=&#8221;https:\/\/rotary.fi\/ristiina\/wp-content\/uploads\/sites\/18\/2018\/11\/t1819sv_pms-c-01-300&#215;300.jpg&#8221; align_tablet=&#8221;center&#8221; align_last_edited=&#8221;on|desktop&#8221; _builder_version=&#8221;3.23&#8243;][\/et_pb_image][\/et_pb_column_inner][et_pb_column_inner type=&#8221;1_4&#8243; saved_specialty_column_type=&#8221;2_3&#8243; _builder_version=&#8221;3.25&#8243; custom_padding=&#8221;|||&#8221; custom_css_main_element=&#8221;width:24%!important;&#8221; custom_padding__hover=&#8221;|||&#8221;][et_pb_image src=&#8221;https:\/\/rotary.fi\/ristiina\/wp-content\/uploads\/sites\/18\/2018\/11\/t1819en_pms-c-01-300&#215;300.jpg&#8221; align_tablet=&#8221;center&#8221; align_last_edited=&#8221;on|desktop&#8221; _builder_version=&#8221;3.23&#8243;][\/et_pb_image][\/et_pb_column_inner][et_pb_column_inner type=&#8221;1_4&#8243; saved_specialty_column_type=&#8221;2_3&#8243; _builder_version=&#8221;3.25&#8243; custom_padding=&#8221;|||&#8221; custom_css_main_element=&#8221;display:none;||width:0%!important;&#8221; custom_padding__hover=&#8221;|||&#8221;][\/et_pb_column_inner][\/et_pb_row_inner][et_pb_row_inner admin_label=&#8221;Rivi&#8221; _builder_version=&#8221;3.25&#8243;][et_pb_column_inner saved_specialty_column_type=&#8221;2_3&#8243; _builder_version=&#8221;3.25&#8243; custom_padding=&#8221;|||&#8221; custom_padding__hover=&#8221;|||&#8221;][et_pb_text admin_label=&#8221;Rotary Internationalin vuositeema &#8211; Otsikko&#8221; _builder_version=&#8221;3.27.4&#8243; text_orientation=&#8221;center&#8221;]<\/p>\n<h1>Rotary Internationalin vuositeema 2021-2022<\/h1>\n<p>[\/et_pb_text][et_pb_text _builder_version=&#8221;3.27.4&#8243;]<\/p>\n<h1><strong>PALVELE- MUUTAT MAAILMAA<\/strong><\/h1>\n<p>Rotary Internationalin presidentti Intialainen Shekhar Mehta on valinnut alkaneen rotaryvuoden teemaksi<span>\u00a0<\/span><strong>Palvele -muutat maailmaa.<\/strong>\u00a0 Rotareiden teht\u00e4v\u00e4n\u00e4 yli 100-vuotisen historian\u00a0 aikana on ollut ihmisten ja perheitten el\u00e4m\u00e4n parantaminen lukuisin eri tavoin. Mehta sanoo, ett\u00e4 samalla kun parannamme toisten ihmisten el\u00e4m\u00e4\u00e4, muutamme paremmaksi my\u00f6s itse\u00e4mme ja omaa el\u00e4m\u00e4\u00e4mme.<\/p>\n<p>&nbsp;<\/p>\n<p><strong>Rotarin ohjenuorana oikeudenmukaisuus<\/strong><\/p>\n<p>Presidentti Shekhar Mehta toivoo rotareiden keskitt\u00e4v\u00e4n alkaneena rotaryvuonna voimansa erityisesti tytt\u00f6jen el\u00e4m\u00e4n ja aseman parantamiseen maailmassa. Tyt\u00f6ille tulee tarjota mandollisuus koulutukseen, turvata taloudellinen asema ja mahdollisuus ty\u00f6uralla etenemiseen aina johtajuuteen saakka. T\u00e4ss\u00e4 ty\u00f6ss\u00e4 rotareiden arvoja ja ohjenuoria ovat monimuotoisuus, oikeudenmukaisuus ja inhimillinen tarve liitty\u00e4 erilaisiin yhteis\u00f6ihin,<\/p>\n<p>Meit\u00e4 rotareita tarvitaan t\u00e4ss\u00e4 maailmassa ja meit\u00e4 tarvitaan my\u00f6skin lis\u00e4\u00e4, koska meill\u00e4 riitt\u00e4\u00e4 t\u00e4rkeit\u00e4 teht\u00e4vi\u00e4 ja v\u00e4h\u00e4osaisten auttamista. T\u00e4ss\u00e4 ty\u00f6ss\u00e4 rotareiden arvoja ja ohjenuoria ovat monimuotoisuus, oikeudenmukaisuus ja inhimillinen\u00a0 tarve tehd\u00e4 yhteistoimintaa muiden yhteis\u00f6jen kanssa. Olemme onnistuneet maailman laajuisen yhteisty\u00f6n avulla l\u00e4hes h\u00e4vitt\u00e4m\u00e4\u00e4n Polion ja nyt osallistumme COVID 19 -viruksen torjuntaan, Palvelemme omia paikallisia yhteis\u00f6j\u00e4mme ja elinymp\u00e4rist\u00f6\u00e4mme. Uusin k\u00e4rkiteemamme on luonnon ja ymp\u00e4rist\u00f6n suojeleminen.<\/p>\n<p>Uskon t\u00e4m\u00e4n kaken innostavan Rotareita. Rotarit rakastavat haasteita \u2013 Mehta sanoo.<\/p>\n<p><img decoding=\"async\" loading=\"lazy\" class=\"wp-image-2647 alignnone \" src=\"https:\/\/rotary.fi\/kuusankoski\/wp-content\/uploads\/sites\/40\/2021\/08\/sekhar-ja-rashi-mehta-274x300.jpg\" alt=\"\" width=\"195\" height=\"214\" \/><\/p>\n<p><strong>Shekhar Mehta puolisonsa kanssa Kalkutassa<\/strong><\/p>\n<p>&nbsp;<\/p>\n<p>[\/et_pb_text][\/et_pb_column_inner][\/et_pb_row_inner][et_pb_row_inner admin_label=&#8221;Rivi&#8221; _builder_version=&#8221;3.25&#8243;][et_pb_column_inner saved_specialty_column_type=&#8221;2_3&#8243; _builder_version=&#8221;3.25&#8243; custom_padding=&#8221;|||&#8221; custom_padding__hover=&#8221;|||&#8221;][et_pb_text admin_label=&#8221;Klubin vuositeema &#8211; Otsikko&#8221; _builder_version=&#8221;3.27.4&#8243; text_orientation=&#8221;center&#8221;]<\/p>\n<h4>Ristiinan Rotaryklubin vuositeema\u00a0<\/h4>\n<p>[\/et_pb_text][et_pb_text _builder_version=&#8221;3.27.4&#8243; custom_padding=&#8221;4px|||||&#8221;]<\/p>\n<p class=\"p1\"><span class=\"s1\">Oma klubimme keskittyy j\u00e4senten aktivoimiseen, uusj\u00e4sen hankintaan ja klubin julkisuuskuvan kehitt\u00e4miseen. Tahdomme tehd\u00e4 Rotaryn saavutukset n\u00e4kyv\u00e4mm\u00e4ksi.\u00a0<\/span><\/p>\n<p>[\/et_pb_text][\/et_pb_column_inner][\/et_pb_row_inner][\/et_pb_column][et_pb_column type=&#8221;1_3&#8243; _builder_version=&#8221;3.25&#8243; custom_padding=&#8221;|||&#8221; custom_padding__hover=&#8221;|||&#8221;][et_pb_sidebar area=&#8221;sidebar-1&#8243; module_class=&#8221;sivupalkki_sisalto&#8221; _builder_version=&#8221;3.4.1&#8243; locked=&#8221;on&#8221;][\/et_pb_sidebar][\/et_pb_column][\/et_pb_section]<\/p>\n","protected":false},"excerpt":{"rendered":"<p>Vuositeema &nbsp; Rotary Internationalin vuositeema 2021-2022PALVELE- MUUTAT MAAILMAA Rotary Internationalin presidentti Intialainen Shekhar Mehta on valinnut alkaneen rotaryvuoden teemaksi\u00a0Palvele -muutat maailmaa.\u00a0 Rotareiden teht\u00e4v\u00e4n\u00e4 yli 100-vuotisen historian\u00a0 aikana on ollut ihmisten ja perheitten el\u00e4m\u00e4n parantaminen lukuisin eri tavoin. Mehta sanoo, ett\u00e4 samalla kun parannamme toisten ihmisten el\u00e4m\u00e4\u00e4, muutamme paremmaksi my\u00f6s itse\u00e4mme ja omaa el\u00e4m\u00e4\u00e4mme. &nbsp; Rotarin [&hellip;]<\/p>\n","protected":false},"author":1,"featured_media":0,"parent":129,"menu_order":0,"comment_status":"closed","ping_status":"closed","template":"","meta":{"_acf_changed":false,"_et_pb_use_builder":"on","_et_pb_old_content":"","_et_gb_content_width":"","footnotes":""},"class_list":["post-138","page","type-page","status-publish","hentry"],"acf":[],"yoast_head":"<!-- This site is optimized with the Yoast SEO plugin v27.4 - https:\/\/yoast.com\/product\/yoast-seo-wordpress\/ -->\n<title>Vuositeema - Ristiinan Rotaryklubi<\/title>\n<meta name=\"robots\" content=\"index, follow, max-snippet:-1, max-image-preview:large, max-video-preview:-1\" \/>\n<link rel=\"canonical\" href=\"https:\/\/rotary.fi\/ristiina\/keita-olemme\/vuositeema\/\" \/>\n<meta property=\"og:locale\" content=\"fi_FI\" \/>\n<meta property=\"og:type\" content=\"article\" \/>\n<meta property=\"og:title\" content=\"Vuositeema - Ristiinan Rotaryklubi\" \/>\n<meta property=\"og:description\" content=\"Vuositeema &nbsp; Rotary Internationalin vuositeema 2021-2022PALVELE- MUUTAT MAAILMAA Rotary Internationalin presidentti Intialainen Shekhar Mehta on valinnut alkaneen rotaryvuoden teemaksi\u00a0Palvele -muutat maailmaa.\u00a0 Rotareiden teht\u00e4v\u00e4n\u00e4 yli 100-vuotisen historian\u00a0 aikana on ollut ihmisten ja perheitten el\u00e4m\u00e4n parantaminen lukuisin eri tavoin. Mehta sanoo, ett\u00e4 samalla kun parannamme toisten ihmisten el\u00e4m\u00e4\u00e4, muutamme paremmaksi my\u00f6s itse\u00e4mme ja omaa el\u00e4m\u00e4\u00e4mme. &nbsp; Rotarin [&hellip;]\" \/>\n<meta property=\"og:url\" content=\"https:\/\/rotary.fi\/ristiina\/keita-olemme\/vuositeema\/\" \/>\n<meta property=\"og:site_name\" content=\"Ristiinan Rotaryklubi\" \/>\n<meta property=\"article:modified_time\" content=\"2021-10-19T14:17:46+00:00\" \/>\n<meta property=\"og:image\" content=\"https:\/\/rotary.fi\/kuusankoski\/wp-content\/uploads\/sites\/40\/2021\/08\/sekhar-ja-rashi-mehta-274x300.jpg\" \/>\n<meta name=\"twitter:card\" content=\"summary_large_image\" \/>\n<meta name=\"twitter:label1\" content=\"Arvioitu lukuaika\" \/>\n\t<meta name=\"twitter:data1\" content=\"4 minuuttia\" \/>\n<script type=\"application\/ld+json\" class=\"yoast-schema-graph\">{\"@context\":\"https:\\\/\\\/schema.org\",\"@graph\":[{\"@type\":\"WebPage\",\"@id\":\"https:\\\/\\\/rotary.fi\\\/ristiina\\\/keita-olemme\\\/vuositeema\\\/\",\"url\":\"https:\\\/\\\/rotary.fi\\\/ristiina\\\/keita-olemme\\\/vuositeema\\\/\",\"name\":\"Vuositeema - Ristiinan Rotaryklubi\",\"isPartOf\":{\"@id\":\"https:\\\/\\\/rotary.fi\\\/ristiina\\\/#website\"},\"primaryImageOfPage\":{\"@id\":\"https:\\\/\\\/rotary.fi\\\/ristiina\\\/keita-olemme\\\/vuositeema\\\/#primaryimage\"},\"image\":{\"@id\":\"https:\\\/\\\/rotary.fi\\\/ristiina\\\/keita-olemme\\\/vuositeema\\\/#primaryimage\"},\"thumbnailUrl\":\"https:\\\/\\\/rotary.fi\\\/kuusankoski\\\/wp-content\\\/uploads\\\/sites\\\/40\\\/2021\\\/08\\\/sekhar-ja-rashi-mehta-274x300.jpg\",\"datePublished\":\"2018-08-10T11:01:44+00:00\",\"dateModified\":\"2021-10-19T14:17:46+00:00\",\"breadcrumb\":{\"@id\":\"https:\\\/\\\/rotary.fi\\\/ristiina\\\/keita-olemme\\\/vuositeema\\\/#breadcrumb\"},\"inLanguage\":\"fi\",\"potentialAction\":[{\"@type\":\"ReadAction\",\"target\":[\"https:\\\/\\\/rotary.fi\\\/ristiina\\\/keita-olemme\\\/vuositeema\\\/\"]}]},{\"@type\":\"ImageObject\",\"inLanguage\":\"fi\",\"@id\":\"https:\\\/\\\/rotary.fi\\\/ristiina\\\/keita-olemme\\\/vuositeema\\\/#primaryimage\",\"url\":\"https:\\\/\\\/rotary.fi\\\/kuusankoski\\\/wp-content\\\/uploads\\\/sites\\\/40\\\/2021\\\/08\\\/sekhar-ja-rashi-mehta-274x300.jpg\",\"contentUrl\":\"https:\\\/\\\/rotary.fi\\\/kuusankoski\\\/wp-content\\\/uploads\\\/sites\\\/40\\\/2021\\\/08\\\/sekhar-ja-rashi-mehta-274x300.jpg\"},{\"@type\":\"BreadcrumbList\",\"@id\":\"https:\\\/\\\/rotary.fi\\\/ristiina\\\/keita-olemme\\\/vuositeema\\\/#breadcrumb\",\"itemListElement\":[{\"@type\":\"ListItem\",\"position\":1,\"name\":\"Home\",\"item\":\"https:\\\/\\\/rotary.fi\\\/ristiina\\\/\"},{\"@type\":\"ListItem\",\"position\":2,\"name\":\"Keit\u00e4 olemme\",\"item\":\"https:\\\/\\\/rotary.fi\\\/ristiina\\\/keita-olemme\\\/\"},{\"@type\":\"ListItem\",\"position\":3,\"name\":\"Vuositeema\"}]},{\"@type\":\"WebSite\",\"@id\":\"https:\\\/\\\/rotary.fi\\\/ristiina\\\/#website\",\"url\":\"https:\\\/\\\/rotary.fi\\\/ristiina\\\/\",\"name\":\"Ristiinan Rotaryklubi\",\"description\":\"Uusi Rotary klubisivusto\",\"publisher\":{\"@id\":\"https:\\\/\\\/rotary.fi\\\/ristiina\\\/#organization\"},\"potentialAction\":[{\"@type\":\"SearchAction\",\"target\":{\"@type\":\"EntryPoint\",\"urlTemplate\":\"https:\\\/\\\/rotary.fi\\\/ristiina\\\/?s={search_term_string}\"},\"query-input\":{\"@type\":\"PropertyValueSpecification\",\"valueRequired\":true,\"valueName\":\"search_term_string\"}}],\"inLanguage\":\"fi\"},{\"@type\":\"Organization\",\"@id\":\"https:\\\/\\\/rotary.fi\\\/ristiina\\\/#organization\",\"name\":\"Ristiinan Rotaryklubi\",\"url\":\"https:\\\/\\\/rotary.fi\\\/ristiina\\\/\",\"logo\":{\"@type\":\"ImageObject\",\"inLanguage\":\"fi\",\"@id\":\"https:\\\/\\\/rotary.fi\\\/ristiina\\\/#\\\/schema\\\/logo\\\/image\\\/\",\"url\":\"https:\\\/\\\/rotary.fi\\\/ristiina\\\/wp-content\\\/uploads\\\/sites\\\/18\\\/2018\\\/08\\\/rotary-logo-main-2.png\",\"contentUrl\":\"https:\\\/\\\/rotary.fi\\\/ristiina\\\/wp-content\\\/uploads\\\/sites\\\/18\\\/2018\\\/08\\\/rotary-logo-main-2.png\",\"width\":135,\"height\":52,\"caption\":\"Ristiinan Rotaryklubi\"},\"image\":{\"@id\":\"https:\\\/\\\/rotary.fi\\\/ristiina\\\/#\\\/schema\\\/logo\\\/image\\\/\"}}]}<\/script>\n<!-- \/ Yoast SEO plugin. -->","yoast_head_json":{"title":"Vuositeema - Ristiinan Rotaryklubi","robots":{"index":"index","follow":"follow","max-snippet":"max-snippet:-1","max-image-preview":"max-image-preview:large","max-video-preview":"max-video-preview:-1"},"canonical":"https:\/\/rotary.fi\/ristiina\/keita-olemme\/vuositeema\/","og_locale":"fi_FI","og_type":"article","og_title":"Vuositeema - Ristiinan Rotaryklubi","og_description":"Vuositeema &nbsp; Rotary Internationalin vuositeema 2021-2022PALVELE- MUUTAT MAAILMAA Rotary Internationalin presidentti Intialainen Shekhar Mehta on valinnut alkaneen rotaryvuoden teemaksi\u00a0Palvele -muutat maailmaa.\u00a0 Rotareiden teht\u00e4v\u00e4n\u00e4 yli 100-vuotisen historian\u00a0 aikana on ollut ihmisten ja perheitten el\u00e4m\u00e4n parantaminen lukuisin eri tavoin. Mehta sanoo, ett\u00e4 samalla kun parannamme toisten ihmisten el\u00e4m\u00e4\u00e4, muutamme paremmaksi my\u00f6s itse\u00e4mme ja omaa el\u00e4m\u00e4\u00e4mme. &nbsp; Rotarin [&hellip;]","og_url":"https:\/\/rotary.fi\/ristiina\/keita-olemme\/vuositeema\/","og_site_name":"Ristiinan Rotaryklubi","article_modified_time":"2021-10-19T14:17:46+00:00","og_image":[{"url":"https:\/\/rotary.fi\/kuusankoski\/wp-content\/uploads\/sites\/40\/2021\/08\/sekhar-ja-rashi-mehta-274x300.jpg","type":"","width":"","height":""}],"twitter_card":"summary_large_image","twitter_misc":{"Arvioitu lukuaika":"4 minuuttia"},"schema":{"@context":"https:\/\/schema.org","@graph":[{"@type":"WebPage","@id":"https:\/\/rotary.fi\/ristiina\/keita-olemme\/vuositeema\/","url":"https:\/\/rotary.fi\/ristiina\/keita-olemme\/vuositeema\/","name":"Vuositeema - Ristiinan Rotaryklubi","isPartOf":{"@id":"https:\/\/rotary.fi\/ristiina\/#website"},"primaryImageOfPage":{"@id":"https:\/\/rotary.fi\/ristiina\/keita-olemme\/vuositeema\/#primaryimage"},"image":{"@id":"https:\/\/rotary.fi\/ristiina\/keita-olemme\/vuositeema\/#primaryimage"},"thumbnailUrl":"https:\/\/rotary.fi\/kuusankoski\/wp-content\/uploads\/sites\/40\/2021\/08\/sekhar-ja-rashi-mehta-274x300.jpg","datePublished":"2018-08-10T11:01:44+00:00","dateModified":"2021-10-19T14:17:46+00:00","breadcrumb":{"@id":"https:\/\/rotary.fi\/ristiina\/keita-olemme\/vuositeema\/#breadcrumb"},"inLanguage":"fi","potentialAction":[{"@type":"ReadAction","target":["https:\/\/rotary.fi\/ristiina\/keita-olemme\/vuositeema\/"]}]},{"@type":"ImageObject","inLanguage":"fi","@id":"https:\/\/rotary.fi\/ristiina\/keita-olemme\/vuositeema\/#primaryimage","url":"https:\/\/rotary.fi\/kuusankoski\/wp-content\/uploads\/sites\/40\/2021\/08\/sekhar-ja-rashi-mehta-274x300.jpg","contentUrl":"https:\/\/rotary.fi\/kuusankoski\/wp-content\/uploads\/sites\/40\/2021\/08\/sekhar-ja-rashi-mehta-274x300.jpg"},{"@type":"BreadcrumbList","@id":"https:\/\/rotary.fi\/ristiina\/keita-olemme\/vuositeema\/#breadcrumb","itemListElement":[{"@type":"ListItem","position":1,"name":"Home","item":"https:\/\/rotary.fi\/ristiina\/"},{"@type":"ListItem","position":2,"name":"Keit\u00e4 olemme","item":"https:\/\/rotary.fi\/ristiina\/keita-olemme\/"},{"@type":"ListItem","position":3,"name":"Vuositeema"}]},{"@type":"WebSite","@id":"https:\/\/rotary.fi\/ristiina\/#website","url":"https:\/\/rotary.fi\/ristiina\/","name":"Ristiinan Rotaryklubi","description":"Uusi Rotary klubisivusto","publisher":{"@id":"https:\/\/rotary.fi\/ristiina\/#organization"},"potentialAction":[{"@type":"SearchAction","target":{"@type":"EntryPoint","urlTemplate":"https:\/\/rotary.fi\/ristiina\/?s={search_term_string}"},"query-input":{"@type":"PropertyValueSpecification","valueRequired":true,"valueName":"search_term_string"}}],"inLanguage":"fi"},{"@type":"Organization","@id":"https:\/\/rotary.fi\/ristiina\/#organization","name":"Ristiinan Rotaryklubi","url":"https:\/\/rotary.fi\/ristiina\/","logo":{"@type":"ImageObject","inLanguage":"fi","@id":"https:\/\/rotary.fi\/ristiina\/#\/schema\/logo\/image\/","url":"https:\/\/rotary.fi\/ristiina\/wp-content\/uploads\/sites\/18\/2018\/08\/rotary-logo-main-2.png","contentUrl":"https:\/\/rotary.fi\/ristiina\/wp-content\/uploads\/sites\/18\/2018\/08\/rotary-logo-main-2.png","width":135,"height":52,"caption":"Ristiinan Rotaryklubi"},"image":{"@id":"https:\/\/rotary.fi\/ristiina\/#\/schema\/logo\/image\/"}}]}},"lang":"fi","translations":{"fi":138},"pll_sync_post":[],"_links":{"self":[{"href":"https:\/\/rotary.fi\/ristiina\/wp-json\/wp\/v2\/pages\/138","targetHints":{"allow":["GET"]}}],"collection":[{"href":"https:\/\/rotary.fi\/ristiina\/wp-json\/wp\/v2\/pages"}],"about":[{"href":"https:\/\/rotary.fi\/ristiina\/wp-json\/wp\/v2\/types\/page"}],"author":[{"embeddable":true,"href":"https:\/\/rotary.fi\/ristiina\/wp-json\/wp\/v2\/users\/1"}],"replies":[{"embeddable":true,"href":"https:\/\/rotary.fi\/ristiina\/wp-json\/wp\/v2\/comments?post=138"}],"version-history":[{"count":7,"href":"https:\/\/rotary.fi\/ristiina\/wp-json\/wp\/v2\/pages\/138\/revisions"}],"predecessor-version":[{"id":1418,"href":"https:\/\/rotary.fi\/ristiina\/wp-json\/wp\/v2\/pages\/138\/revisions\/1418"}],"up":[{"embeddable":true,"href":"https:\/\/rotary.fi\/ristiina\/wp-json\/wp\/v2\/pages\/129"}],"wp:attachment":[{"href":"https:\/\/rotary.fi\/ristiina\/wp-json\/wp\/v2\/media?parent=138"}],"curies":[{"name":"wp","href":"https:\/\/api.w.org\/{rel}","templated":true}]}}