{"id":132,"date":"2018-08-10T13:59:56","date_gmt":"2018-08-10T10:59:56","guid":{"rendered":"https:\/\/rotary.fi\/klubi2\/?page_id=132"},"modified":"2025-01-21T17:32:01","modified_gmt":"2025-01-21T15:32:01","slug":"hallitus-ja-toimihenkilot","status":"publish","type":"page","link":"https:\/\/rotary.fi\/ristiina\/keita-olemme\/hallitus-ja-toimihenkilot\/","title":{"rendered":"Hallitus ja toimihenkil\u00f6t"},"content":{"rendered":"<p>Ristiinan Rotaryklubin hallitus ja toimihenkil\u00f6t<\/p>\n<p>Presidentti: Kari Piskonen<\/p>\n<p>Tuleva presidentti: Markku Tuominen<\/p>\n<p>Varapresidentti: Martti H\u00e4m\u00e4l\u00e4inen<\/p>\n<p>Edellinen presidentti: Martti H\u00e4m\u00e4l\u00e4inen<\/p>\n<p>Sihteeri: Esa Tukiainen<\/p>\n<p>Rahastonhoitaja: Simo Nupponen<\/p>\n<p>Klubimestari: Teijo Turkki<\/p>\n<p>Nuorisovaihtoasiamies: Kari Piskonen<\/p>\n<p>IT vastaava: Tarja Cederstr\u00f6m<\/p>\n<p>Rotarys\u00e4\u00e4ti\u00f6komitean pj: Pertti Pukarinen<\/p>\n","protected":false},"excerpt":{"rendered":"<p>Ristiinan Rotaryklubin hallitus ja toimihenkil\u00f6t Presidentti: Kari Piskonen Tuleva presidentti: Markku Tuominen Varapresidentti: Martti H\u00e4m\u00e4l\u00e4inen Edellinen presidentti: Martti H\u00e4m\u00e4l\u00e4inen Sihteeri: Esa Tukiainen Rahastonhoitaja: Simo Nupponen Klubimestari: Teijo Turkki Nuorisovaihtoasiamies: Kari Piskonen IT vastaava: Tarja Cederstr\u00f6m Rotarys\u00e4\u00e4ti\u00f6komitean pj: Pertti Pukarinen<\/p>\n","protected":false},"author":1,"featured_media":0,"parent":129,"menu_order":0,"comment_status":"closed","ping_status":"closed","template":"","meta":{"_acf_changed":false,"_et_pb_use_builder":"off","_et_pb_old_content":"","_et_gb_content_width":"","footnotes":""},"class_list":["post-132","page","type-page","status-publish","hentry"],"acf":[],"yoast_head":"<!-- This site is optimized with the Yoast SEO plugin v27.0 - https:\/\/yoast.com\/product\/yoast-seo-wordpress\/ -->\n<title>Hallitus ja toimihenkil\u00f6t - Ristiinan Rotaryklubi<\/title>\n<meta name=\"robots\" content=\"index, follow, max-snippet:-1, max-image-preview:large, max-video-preview:-1\" \/>\n<link rel=\"canonical\" href=\"https:\/\/rotary.fi\/ristiina\/keita-olemme\/hallitus-ja-toimihenkilot\/\" \/>\n<meta property=\"og:locale\" content=\"fi_FI\" \/>\n<meta property=\"og:type\" content=\"article\" \/>\n<meta property=\"og:title\" content=\"Hallitus ja toimihenkil\u00f6t - Ristiinan Rotaryklubi\" \/>\n<meta property=\"og:description\" content=\"Ristiinan Rotaryklubin hallitus ja toimihenkil\u00f6t Presidentti: Kari Piskonen Tuleva presidentti: Markku Tuominen Varapresidentti: Martti H\u00e4m\u00e4l\u00e4inen Edellinen presidentti: Martti H\u00e4m\u00e4l\u00e4inen Sihteeri: Esa Tukiainen Rahastonhoitaja: Simo Nupponen Klubimestari: Teijo Turkki Nuorisovaihtoasiamies: Kari Piskonen IT vastaava: Tarja Cederstr\u00f6m Rotarys\u00e4\u00e4ti\u00f6komitean pj: Pertti Pukarinen\" \/>\n<meta property=\"og:url\" content=\"https:\/\/rotary.fi\/ristiina\/keita-olemme\/hallitus-ja-toimihenkilot\/\" \/>\n<meta property=\"og:site_name\" content=\"Ristiinan Rotaryklubi\" \/>\n<meta property=\"article:modified_time\" content=\"2025-01-21T15:32:01+00:00\" \/>\n<meta name=\"twitter:card\" content=\"summary_large_image\" \/>\n<meta name=\"twitter:label1\" content=\"Arvioitu lukuaika\" \/>\n\t<meta name=\"twitter:data1\" content=\"1 minuutti\" \/>\n<script type=\"application\/ld+json\" class=\"yoast-schema-graph\">{\"@context\":\"https:\/\/schema.org\",\"@graph\":[{\"@type\":\"WebPage\",\"@id\":\"https:\/\/rotary.fi\/ristiina\/keita-olemme\/hallitus-ja-toimihenkilot\/\",\"url\":\"https:\/\/rotary.fi\/ristiina\/keita-olemme\/hallitus-ja-toimihenkilot\/\",\"name\":\"Hallitus ja toimihenkil\u00f6t - Ristiinan Rotaryklubi\",\"isPartOf\":{\"@id\":\"https:\/\/rotary.fi\/ristiina\/#website\"},\"datePublished\":\"2018-08-10T10:59:56+00:00\",\"dateModified\":\"2025-01-21T15:32:01+00:00\",\"breadcrumb\":{\"@id\":\"https:\/\/rotary.fi\/ristiina\/keita-olemme\/hallitus-ja-toimihenkilot\/#breadcrumb\"},\"inLanguage\":\"fi\",\"potentialAction\":[{\"@type\":\"ReadAction\",\"target\":[\"https:\/\/rotary.fi\/ristiina\/keita-olemme\/hallitus-ja-toimihenkilot\/\"]}]},{\"@type\":\"BreadcrumbList\",\"@id\":\"https:\/\/rotary.fi\/ristiina\/keita-olemme\/hallitus-ja-toimihenkilot\/#breadcrumb\",\"itemListElement\":[{\"@type\":\"ListItem\",\"position\":1,\"name\":\"Home\",\"item\":\"https:\/\/rotary.fi\/ristiina\/\"},{\"@type\":\"ListItem\",\"position\":2,\"name\":\"Keit\u00e4 olemme\",\"item\":\"https:\/\/rotary.fi\/ristiina\/keita-olemme\/\"},{\"@type\":\"ListItem\",\"position\":3,\"name\":\"Hallitus ja toimihenkil\u00f6t\"}]},{\"@type\":\"WebSite\",\"@id\":\"https:\/\/rotary.fi\/ristiina\/#website\",\"url\":\"https:\/\/rotary.fi\/ristiina\/\",\"name\":\"Ristiinan Rotaryklubi\",\"description\":\"Uusi Rotary klubisivusto\",\"publisher\":{\"@id\":\"https:\/\/rotary.fi\/ristiina\/#organization\"},\"potentialAction\":[{\"@type\":\"SearchAction\",\"target\":{\"@type\":\"EntryPoint\",\"urlTemplate\":\"https:\/\/rotary.fi\/ristiina\/?s={search_term_string}\"},\"query-input\":{\"@type\":\"PropertyValueSpecification\",\"valueRequired\":true,\"valueName\":\"search_term_string\"}}],\"inLanguage\":\"fi\"},{\"@type\":\"Organization\",\"@id\":\"https:\/\/rotary.fi\/ristiina\/#organization\",\"name\":\"Ristiinan Rotaryklubi\",\"url\":\"https:\/\/rotary.fi\/ristiina\/\",\"logo\":{\"@type\":\"ImageObject\",\"inLanguage\":\"fi\",\"@id\":\"https:\/\/rotary.fi\/ristiina\/#\/schema\/logo\/image\/\",\"url\":\"https:\/\/rotary.fi\/ristiina\/wp-content\/uploads\/sites\/18\/2018\/08\/rotary-logo-main-2.png\",\"contentUrl\":\"https:\/\/rotary.fi\/ristiina\/wp-content\/uploads\/sites\/18\/2018\/08\/rotary-logo-main-2.png\",\"width\":135,\"height\":52,\"caption\":\"Ristiinan Rotaryklubi\"},\"image\":{\"@id\":\"https:\/\/rotary.fi\/ristiina\/#\/schema\/logo\/image\/\"}}]}<\/script>\n<!-- \/ Yoast SEO plugin. -->","yoast_head_json":{"title":"Hallitus ja toimihenkil\u00f6t - Ristiinan Rotaryklubi","robots":{"index":"index","follow":"follow","max-snippet":"max-snippet:-1","max-image-preview":"max-image-preview:large","max-video-preview":"max-video-preview:-1"},"canonical":"https:\/\/rotary.fi\/ristiina\/keita-olemme\/hallitus-ja-toimihenkilot\/","og_locale":"fi_FI","og_type":"article","og_title":"Hallitus ja toimihenkil\u00f6t - Ristiinan Rotaryklubi","og_description":"Ristiinan Rotaryklubin hallitus ja toimihenkil\u00f6t Presidentti: Kari Piskonen Tuleva presidentti: Markku Tuominen Varapresidentti: Martti H\u00e4m\u00e4l\u00e4inen Edellinen presidentti: Martti H\u00e4m\u00e4l\u00e4inen Sihteeri: Esa Tukiainen Rahastonhoitaja: Simo Nupponen Klubimestari: Teijo Turkki Nuorisovaihtoasiamies: Kari Piskonen IT vastaava: Tarja Cederstr\u00f6m Rotarys\u00e4\u00e4ti\u00f6komitean pj: Pertti Pukarinen","og_url":"https:\/\/rotary.fi\/ristiina\/keita-olemme\/hallitus-ja-toimihenkilot\/","og_site_name":"Ristiinan Rotaryklubi","article_modified_time":"2025-01-21T15:32:01+00:00","twitter_card":"summary_large_image","twitter_misc":{"Arvioitu lukuaika":"1 minuutti"},"schema":{"@context":"https:\/\/schema.org","@graph":[{"@type":"WebPage","@id":"https:\/\/rotary.fi\/ristiina\/keita-olemme\/hallitus-ja-toimihenkilot\/","url":"https:\/\/rotary.fi\/ristiina\/keita-olemme\/hallitus-ja-toimihenkilot\/","name":"Hallitus ja toimihenkil\u00f6t - Ristiinan Rotaryklubi","isPartOf":{"@id":"https:\/\/rotary.fi\/ristiina\/#website"},"datePublished":"2018-08-10T10:59:56+00:00","dateModified":"2025-01-21T15:32:01+00:00","breadcrumb":{"@id":"https:\/\/rotary.fi\/ristiina\/keita-olemme\/hallitus-ja-toimihenkilot\/#breadcrumb"},"inLanguage":"fi","potentialAction":[{"@type":"ReadAction","target":["https:\/\/rotary.fi\/ristiina\/keita-olemme\/hallitus-ja-toimihenkilot\/"]}]},{"@type":"BreadcrumbList","@id":"https:\/\/rotary.fi\/ristiina\/keita-olemme\/hallitus-ja-toimihenkilot\/#breadcrumb","itemListElement":[{"@type":"ListItem","position":1,"name":"Home","item":"https:\/\/rotary.fi\/ristiina\/"},{"@type":"ListItem","position":2,"name":"Keit\u00e4 olemme","item":"https:\/\/rotary.fi\/ristiina\/keita-olemme\/"},{"@type":"ListItem","position":3,"name":"Hallitus ja toimihenkil\u00f6t"}]},{"@type":"WebSite","@id":"https:\/\/rotary.fi\/ristiina\/#website","url":"https:\/\/rotary.fi\/ristiina\/","name":"Ristiinan Rotaryklubi","description":"Uusi Rotary klubisivusto","publisher":{"@id":"https:\/\/rotary.fi\/ristiina\/#organization"},"potentialAction":[{"@type":"SearchAction","target":{"@type":"EntryPoint","urlTemplate":"https:\/\/rotary.fi\/ristiina\/?s={search_term_string}"},"query-input":{"@type":"PropertyValueSpecification","valueRequired":true,"valueName":"search_term_string"}}],"inLanguage":"fi"},{"@type":"Organization","@id":"https:\/\/rotary.fi\/ristiina\/#organization","name":"Ristiinan Rotaryklubi","url":"https:\/\/rotary.fi\/ristiina\/","logo":{"@type":"ImageObject","inLanguage":"fi","@id":"https:\/\/rotary.fi\/ristiina\/#\/schema\/logo\/image\/","url":"https:\/\/rotary.fi\/ristiina\/wp-content\/uploads\/sites\/18\/2018\/08\/rotary-logo-main-2.png","contentUrl":"https:\/\/rotary.fi\/ristiina\/wp-content\/uploads\/sites\/18\/2018\/08\/rotary-logo-main-2.png","width":135,"height":52,"caption":"Ristiinan Rotaryklubi"},"image":{"@id":"https:\/\/rotary.fi\/ristiina\/#\/schema\/logo\/image\/"}}]}},"lang":"fi","translations":{"fi":132},"pll_sync_post":[],"_links":{"self":[{"href":"https:\/\/rotary.fi\/ristiina\/wp-json\/wp\/v2\/pages\/132","targetHints":{"allow":["GET"]}}],"collection":[{"href":"https:\/\/rotary.fi\/ristiina\/wp-json\/wp\/v2\/pages"}],"about":[{"href":"https:\/\/rotary.fi\/ristiina\/wp-json\/wp\/v2\/types\/page"}],"author":[{"embeddable":true,"href":"https:\/\/rotary.fi\/ristiina\/wp-json\/wp\/v2\/users\/1"}],"replies":[{"embeddable":true,"href":"https:\/\/rotary.fi\/ristiina\/wp-json\/wp\/v2\/comments?post=132"}],"version-history":[{"count":9,"href":"https:\/\/rotary.fi\/ristiina\/wp-json\/wp\/v2\/pages\/132\/revisions"}],"predecessor-version":[{"id":1536,"href":"https:\/\/rotary.fi\/ristiina\/wp-json\/wp\/v2\/pages\/132\/revisions\/1536"}],"up":[{"embeddable":true,"href":"https:\/\/rotary.fi\/ristiina\/wp-json\/wp\/v2\/pages\/129"}],"wp:attachment":[{"href":"https:\/\/rotary.fi\/ristiina\/wp-json\/wp\/v2\/media?parent=132"}],"curies":[{"name":"wp","href":"https:\/\/api.w.org\/{rel}","templated":true}]}}