{"id":273,"date":"2018-10-24T11:32:22","date_gmt":"2018-10-24T08:32:22","guid":{"rendered":"https:\/\/rotary.fi\/hausjarviriihimaki\/?page_id=273"},"modified":"2022-10-20T12:01:43","modified_gmt":"2022-10-20T09:01:43","slug":"olemme-osa-piiria-1420","status":"publish","type":"page","link":"https:\/\/rotary.fi\/riihimakihausjarvi\/keita-olemme\/olemme-osa-piiria-1420\/","title":{"rendered":"Olemme osa piiri\u00e4 1420"},"content":{"rendered":"<p>Rotarypiirimme 1420 on yksi Suomen kansainv\u00e4liseen Rotary-palveluj\u00e4rjest\u00f6\u00f6n kuuluvista kuudesta Rotarypiirist\u00e4. Piiriin kuuluu 51 klubia Etel\u00e4-Suomesta ja 20 Viron klubia. N\u00e4iss\u00e4 klubeissa on yhteens\u00e4 j\u00e4seni\u00e4 runsaat 2 600 (03\/2020). Viron klubeissa on noin 600 j\u00e4sent\u00e4.<\/p>\n<p><img loading=\"lazy\" decoding=\"async\" class=\"alignnone\" src=\"https:\/\/rotary.fi\/d1420\/wp-content\/uploads\/sites\/183\/2021\/09\/1648-kartta-piiri-1420.jpg\" alt=\"\" width=\"183\" height=\"326\" \/><\/p>\n<p>Linkki Rotarypiirin 1420 sivuille: <a href=\"https:\/\/rotary.fi\/d1420\/rotarypiiri-1420\/\">Rotary 1420<\/a><\/p>\n","protected":false},"excerpt":{"rendered":"<p>Rotarypiirimme 1420 on yksi Suomen kansainv\u00e4liseen Rotary-palveluj\u00e4rjest\u00f6\u00f6n kuuluvista kuudesta Rotarypiirist\u00e4. Piiriin kuuluu 51 klubia Etel\u00e4-Suomesta ja 20 Viron klubia. N\u00e4iss\u00e4 klubeissa on yhteens\u00e4 j\u00e4seni\u00e4 runsaat 2 600 (03\/2020). Viron klubeissa on noin 600 j\u00e4sent\u00e4. Linkki Rotarypiirin 1420 sivuille: Rotary 1420<\/p>\n","protected":false},"author":1,"featured_media":0,"parent":129,"menu_order":0,"comment_status":"closed","ping_status":"closed","template":"","meta":{"_acf_changed":false,"_et_pb_use_builder":"off","_et_pb_old_content":"","_et_gb_content_width":"","footnotes":""},"class_list":["post-273","page","type-page","status-publish","hentry"],"acf":[],"yoast_head":"<!-- This site is optimized with the Yoast SEO plugin v27.0 - https:\/\/yoast.com\/product\/yoast-seo-wordpress\/ -->\n<title>Olemme osa piiri\u00e4 1420 - Riihim\u00e4ki-Hausj\u00e4rvi Rotaryklubi<\/title>\n<meta name=\"robots\" content=\"index, follow, max-snippet:-1, max-image-preview:large, max-video-preview:-1\" \/>\n<link rel=\"canonical\" href=\"https:\/\/rotary.fi\/riihimakihausjarvi\/keita-olemme\/olemme-osa-piiria-1420\/\" \/>\n<meta property=\"og:locale\" content=\"fi_FI\" \/>\n<meta property=\"og:type\" content=\"article\" \/>\n<meta property=\"og:title\" content=\"Olemme osa piiri\u00e4 1420 - Riihim\u00e4ki-Hausj\u00e4rvi Rotaryklubi\" \/>\n<meta property=\"og:description\" content=\"Rotarypiirimme 1420 on yksi Suomen kansainv\u00e4liseen Rotary-palveluj\u00e4rjest\u00f6\u00f6n kuuluvista kuudesta Rotarypiirist\u00e4. Piiriin kuuluu 51 klubia Etel\u00e4-Suomesta ja 20 Viron klubia. N\u00e4iss\u00e4 klubeissa on yhteens\u00e4 j\u00e4seni\u00e4 runsaat 2 600 (03\/2020). Viron klubeissa on noin 600 j\u00e4sent\u00e4. Linkki Rotarypiirin 1420 sivuille: Rotary 1420\" \/>\n<meta property=\"og:url\" content=\"https:\/\/rotary.fi\/riihimakihausjarvi\/keita-olemme\/olemme-osa-piiria-1420\/\" \/>\n<meta property=\"og:site_name\" content=\"Riihim\u00e4ki-Hausj\u00e4rvi Rotaryklubi\" \/>\n<meta property=\"article:modified_time\" content=\"2022-10-20T09:01:43+00:00\" \/>\n<meta property=\"og:image\" content=\"https:\/\/rotary.fi\/d1420\/wp-content\/uploads\/sites\/183\/2021\/09\/1648-kartta-piiri-1420.jpg\" \/>\n<meta name=\"twitter:card\" content=\"summary_large_image\" \/>\n<meta name=\"twitter:label1\" content=\"Arvioitu lukuaika\" \/>\n\t<meta name=\"twitter:data1\" content=\"1 minuutti\" \/>\n<script type=\"application\/ld+json\" class=\"yoast-schema-graph\">{\"@context\":\"https:\/\/schema.org\",\"@graph\":[{\"@type\":\"WebPage\",\"@id\":\"https:\/\/rotary.fi\/riihimakihausjarvi\/keita-olemme\/olemme-osa-piiria-1420\/\",\"url\":\"https:\/\/rotary.fi\/riihimakihausjarvi\/keita-olemme\/olemme-osa-piiria-1420\/\",\"name\":\"Olemme osa piiri\u00e4 1420 - Riihim\u00e4ki-Hausj\u00e4rvi Rotaryklubi\",\"isPartOf\":{\"@id\":\"https:\/\/rotary.fi\/riihimakihausjarvi\/#website\"},\"primaryImageOfPage\":{\"@id\":\"https:\/\/rotary.fi\/riihimakihausjarvi\/keita-olemme\/olemme-osa-piiria-1420\/#primaryimage\"},\"image\":{\"@id\":\"https:\/\/rotary.fi\/riihimakihausjarvi\/keita-olemme\/olemme-osa-piiria-1420\/#primaryimage\"},\"thumbnailUrl\":\"https:\/\/rotary.fi\/d1420\/wp-content\/uploads\/sites\/183\/2021\/09\/1648-kartta-piiri-1420.jpg\",\"datePublished\":\"2018-10-24T08:32:22+00:00\",\"dateModified\":\"2022-10-20T09:01:43+00:00\",\"breadcrumb\":{\"@id\":\"https:\/\/rotary.fi\/riihimakihausjarvi\/keita-olemme\/olemme-osa-piiria-1420\/#breadcrumb\"},\"inLanguage\":\"fi\",\"potentialAction\":[{\"@type\":\"ReadAction\",\"target\":[\"https:\/\/rotary.fi\/riihimakihausjarvi\/keita-olemme\/olemme-osa-piiria-1420\/\"]}]},{\"@type\":\"ImageObject\",\"inLanguage\":\"fi\",\"@id\":\"https:\/\/rotary.fi\/riihimakihausjarvi\/keita-olemme\/olemme-osa-piiria-1420\/#primaryimage\",\"url\":\"https:\/\/rotary.fi\/d1420\/wp-content\/uploads\/sites\/183\/2021\/09\/1648-kartta-piiri-1420.jpg\",\"contentUrl\":\"https:\/\/rotary.fi\/d1420\/wp-content\/uploads\/sites\/183\/2021\/09\/1648-kartta-piiri-1420.jpg\"},{\"@type\":\"BreadcrumbList\",\"@id\":\"https:\/\/rotary.fi\/riihimakihausjarvi\/keita-olemme\/olemme-osa-piiria-1420\/#breadcrumb\",\"itemListElement\":[{\"@type\":\"ListItem\",\"position\":1,\"name\":\"Home\",\"item\":\"https:\/\/rotary.fi\/riihimakihausjarvi\/\"},{\"@type\":\"ListItem\",\"position\":2,\"name\":\"Keit\u00e4 olemme\",\"item\":\"https:\/\/rotary.fi\/riihimakihausjarvi\/keita-olemme\/\"},{\"@type\":\"ListItem\",\"position\":3,\"name\":\"Olemme osa piiri\u00e4 1420\"}]},{\"@type\":\"WebSite\",\"@id\":\"https:\/\/rotary.fi\/riihimakihausjarvi\/#website\",\"url\":\"https:\/\/rotary.fi\/riihimakihausjarvi\/\",\"name\":\"Riihim\u00e4ki-Hausj\u00e4rvi Rotaryklubi\",\"description\":\"Uusi Rotary klubisivusto\",\"potentialAction\":[{\"@type\":\"SearchAction\",\"target\":{\"@type\":\"EntryPoint\",\"urlTemplate\":\"https:\/\/rotary.fi\/riihimakihausjarvi\/?s={search_term_string}\"},\"query-input\":{\"@type\":\"PropertyValueSpecification\",\"valueRequired\":true,\"valueName\":\"search_term_string\"}}],\"inLanguage\":\"fi\"}]}<\/script>\n<!-- \/ Yoast SEO plugin. -->","yoast_head_json":{"title":"Olemme osa piiri\u00e4 1420 - Riihim\u00e4ki-Hausj\u00e4rvi Rotaryklubi","robots":{"index":"index","follow":"follow","max-snippet":"max-snippet:-1","max-image-preview":"max-image-preview:large","max-video-preview":"max-video-preview:-1"},"canonical":"https:\/\/rotary.fi\/riihimakihausjarvi\/keita-olemme\/olemme-osa-piiria-1420\/","og_locale":"fi_FI","og_type":"article","og_title":"Olemme osa piiri\u00e4 1420 - Riihim\u00e4ki-Hausj\u00e4rvi Rotaryklubi","og_description":"Rotarypiirimme 1420 on yksi Suomen kansainv\u00e4liseen Rotary-palveluj\u00e4rjest\u00f6\u00f6n kuuluvista kuudesta Rotarypiirist\u00e4. Piiriin kuuluu 51 klubia Etel\u00e4-Suomesta ja 20 Viron klubia. N\u00e4iss\u00e4 klubeissa on yhteens\u00e4 j\u00e4seni\u00e4 runsaat 2 600 (03\/2020). Viron klubeissa on noin 600 j\u00e4sent\u00e4. Linkki Rotarypiirin 1420 sivuille: Rotary 1420","og_url":"https:\/\/rotary.fi\/riihimakihausjarvi\/keita-olemme\/olemme-osa-piiria-1420\/","og_site_name":"Riihim\u00e4ki-Hausj\u00e4rvi Rotaryklubi","article_modified_time":"2022-10-20T09:01:43+00:00","og_image":[{"url":"https:\/\/rotary.fi\/d1420\/wp-content\/uploads\/sites\/183\/2021\/09\/1648-kartta-piiri-1420.jpg","type":"","width":"","height":""}],"twitter_card":"summary_large_image","twitter_misc":{"Arvioitu lukuaika":"1 minuutti"},"schema":{"@context":"https:\/\/schema.org","@graph":[{"@type":"WebPage","@id":"https:\/\/rotary.fi\/riihimakihausjarvi\/keita-olemme\/olemme-osa-piiria-1420\/","url":"https:\/\/rotary.fi\/riihimakihausjarvi\/keita-olemme\/olemme-osa-piiria-1420\/","name":"Olemme osa piiri\u00e4 1420 - Riihim\u00e4ki-Hausj\u00e4rvi Rotaryklubi","isPartOf":{"@id":"https:\/\/rotary.fi\/riihimakihausjarvi\/#website"},"primaryImageOfPage":{"@id":"https:\/\/rotary.fi\/riihimakihausjarvi\/keita-olemme\/olemme-osa-piiria-1420\/#primaryimage"},"image":{"@id":"https:\/\/rotary.fi\/riihimakihausjarvi\/keita-olemme\/olemme-osa-piiria-1420\/#primaryimage"},"thumbnailUrl":"https:\/\/rotary.fi\/d1420\/wp-content\/uploads\/sites\/183\/2021\/09\/1648-kartta-piiri-1420.jpg","datePublished":"2018-10-24T08:32:22+00:00","dateModified":"2022-10-20T09:01:43+00:00","breadcrumb":{"@id":"https:\/\/rotary.fi\/riihimakihausjarvi\/keita-olemme\/olemme-osa-piiria-1420\/#breadcrumb"},"inLanguage":"fi","potentialAction":[{"@type":"ReadAction","target":["https:\/\/rotary.fi\/riihimakihausjarvi\/keita-olemme\/olemme-osa-piiria-1420\/"]}]},{"@type":"ImageObject","inLanguage":"fi","@id":"https:\/\/rotary.fi\/riihimakihausjarvi\/keita-olemme\/olemme-osa-piiria-1420\/#primaryimage","url":"https:\/\/rotary.fi\/d1420\/wp-content\/uploads\/sites\/183\/2021\/09\/1648-kartta-piiri-1420.jpg","contentUrl":"https:\/\/rotary.fi\/d1420\/wp-content\/uploads\/sites\/183\/2021\/09\/1648-kartta-piiri-1420.jpg"},{"@type":"BreadcrumbList","@id":"https:\/\/rotary.fi\/riihimakihausjarvi\/keita-olemme\/olemme-osa-piiria-1420\/#breadcrumb","itemListElement":[{"@type":"ListItem","position":1,"name":"Home","item":"https:\/\/rotary.fi\/riihimakihausjarvi\/"},{"@type":"ListItem","position":2,"name":"Keit\u00e4 olemme","item":"https:\/\/rotary.fi\/riihimakihausjarvi\/keita-olemme\/"},{"@type":"ListItem","position":3,"name":"Olemme osa piiri\u00e4 1420"}]},{"@type":"WebSite","@id":"https:\/\/rotary.fi\/riihimakihausjarvi\/#website","url":"https:\/\/rotary.fi\/riihimakihausjarvi\/","name":"Riihim\u00e4ki-Hausj\u00e4rvi Rotaryklubi","description":"Uusi Rotary klubisivusto","potentialAction":[{"@type":"SearchAction","target":{"@type":"EntryPoint","urlTemplate":"https:\/\/rotary.fi\/riihimakihausjarvi\/?s={search_term_string}"},"query-input":{"@type":"PropertyValueSpecification","valueRequired":true,"valueName":"search_term_string"}}],"inLanguage":"fi"}]}},"lang":"fi","translations":{"fi":273},"pll_sync_post":[],"_links":{"self":[{"href":"https:\/\/rotary.fi\/riihimakihausjarvi\/wp-json\/wp\/v2\/pages\/273","targetHints":{"allow":["GET"]}}],"collection":[{"href":"https:\/\/rotary.fi\/riihimakihausjarvi\/wp-json\/wp\/v2\/pages"}],"about":[{"href":"https:\/\/rotary.fi\/riihimakihausjarvi\/wp-json\/wp\/v2\/types\/page"}],"author":[{"embeddable":true,"href":"https:\/\/rotary.fi\/riihimakihausjarvi\/wp-json\/wp\/v2\/users\/1"}],"replies":[{"embeddable":true,"href":"https:\/\/rotary.fi\/riihimakihausjarvi\/wp-json\/wp\/v2\/comments?post=273"}],"version-history":[{"count":10,"href":"https:\/\/rotary.fi\/riihimakihausjarvi\/wp-json\/wp\/v2\/pages\/273\/revisions"}],"predecessor-version":[{"id":2009,"href":"https:\/\/rotary.fi\/riihimakihausjarvi\/wp-json\/wp\/v2\/pages\/273\/revisions\/2009"}],"up":[{"embeddable":true,"href":"https:\/\/rotary.fi\/riihimakihausjarvi\/wp-json\/wp\/v2\/pages\/129"}],"wp:attachment":[{"href":"https:\/\/rotary.fi\/riihimakihausjarvi\/wp-json\/wp\/v2\/media?parent=273"}],"curies":[{"name":"wp","href":"https:\/\/api.w.org\/{rel}","templated":true}]}}