{"id":1813,"date":"2021-10-15T20:20:40","date_gmt":"2021-10-15T17:20:40","guid":{"rendered":"https:\/\/rotary.fi\/hausjarviriihimaki\/?page_id=1813"},"modified":"2022-10-20T12:08:31","modified_gmt":"2022-10-20T09:08:31","slug":"nuorisovaihto-2","status":"publish","type":"page","link":"https:\/\/rotary.fi\/riihimakihausjarvi\/mita-teemme\/nuorisovaihto-2\/","title":{"rendered":"Nuorisovaihto"},"content":{"rendered":"<p>[et_pb_section fb_built=&#8221;1&#8243; module_class=&#8221;jumbotron-page&#8221; _builder_version=&#8221;4.16&#8243; background_image=&#8221;https:\/\/rotary.fi\/hausjarviriihimaki\/wp-content\/uploads\/sites\/64\/2018\/10\/rotary_klubit_alasivu_paakuva_9.jpg&#8221; global_colors_info=&#8221;{}&#8221;][et_pb_row _builder_version=&#8221;4.16&#8243; background_size=&#8221;initial&#8221; background_position=&#8221;top_left&#8221; background_repeat=&#8221;repeat&#8221; global_colors_info=&#8221;{}&#8221;][et_pb_column type=&#8221;4_4&#8243; _builder_version=&#8221;4.16&#8243; custom_padding=&#8221;|||&#8221; global_colors_info=&#8221;{}&#8221; custom_padding__hover=&#8221;|||&#8221;][et_pb_text admin_label=&#8221;P\u00e4\u00e4otsikko&#8221; _builder_version=&#8221;4.16&#8243; text_orientation=&#8221;center&#8221; background_layout=&#8221;dark&#8221; global_colors_info=&#8221;{}&#8221;]<\/p>\n<h1>Nuorisovaihto<\/h1>\n<p>[\/et_pb_text][\/et_pb_column][\/et_pb_row][\/et_pb_section][et_pb_section fb_built=&#8221;1&#8243; specialty=&#8221;on&#8221; module_class_2=&#8221;sivupalkki&#8221; _builder_version=&#8221;4.16&#8243; global_colors_info=&#8221;{}&#8221;][et_pb_column type=&#8221;2_3&#8243; specialty_columns=&#8221;2&#8243; _builder_version=&#8221;4.16&#8243; custom_padding=&#8221;|||&#8221; global_colors_info=&#8221;{}&#8221; parallax__hover=&#8221;off&#8221; parallax_method__hover=&#8221;on&#8221; custom_padding__hover=&#8221;|||&#8221;][et_pb_row_inner admin_label=&#8221;Rivi&#8221; _builder_version=&#8221;4.16&#8243; global_colors_info=&#8221;{}&#8221;][et_pb_column_inner saved_specialty_column_type=&#8221;2_3&#8243; _builder_version=&#8221;4.16&#8243; custom_padding=&#8221;|||&#8221; global_colors_info=&#8221;{}&#8221; parallax__hover=&#8221;off&#8221; parallax_method__hover=&#8221;on&#8221; custom_padding__hover=&#8221;|||&#8221;][et_pb_text admin_label=&#8221;Nuorisovaihto &#8211; Otsikko&#8221; _builder_version=&#8221;4.16&#8243; text_orientation=&#8221;center&#8221; global_colors_info=&#8221;{}&#8221;]<\/p>\n<h1>Nuorisovaihto<\/h1>\n<p>[\/et_pb_text][et_pb_text _builder_version=&#8221;4.16&#8243; custom_padding=&#8221;0px|||||&#8221; global_colors_info=&#8221;{}&#8221;]<\/p>\n<p><span style=\"font-size: 16px\">Rotaryn nuorisovaihto on turvallinen ja usein varsin edullinen tapa l\u00e4hte\u00e4 ulkomaille vaihto-oppilaaksi.<\/span><span class=\"Apple-converted-space\" style=\"font-size: 16px\">\u00a0 <\/span><span style=\"font-size: 16px\">Rotaryn nuorisovaihto on sertifioitua ja valvottua. Nuorta sitovat rotareiden ohjeet ja s\u00e4\u00e4nn\u00f6t, se on osa turvallisuutta. Nuori ja h\u00e4nen perheens\u00e4 koulutetaan vaihtovuoden vaatimuksiin ennen nuoren l\u00e4ht\u00f6\u00e4.<\/span><\/p>\n<p class=\"p1\"><span class=\"s1\">Vastaanottava perhe ottaa nuoren perheenj\u00e4senekseen. Vastaanottava rotaryklubi huolehtii mm. saapuvan vaihto-oppilaan koulukustannuksista. Nuori saa my\u00f6s pient\u00e4 kuukausirahaa rotaryklubiltaan. Perhe ei saa rahallista korvausta nuoren yll\u00e4pidosta.<\/span><\/p>\n<p class=\"p1\"><span class=\"s1\">Suomeen saapuville vaihto-oppilaille tarvitaan is\u00e4nt\u00e4perheit\u00e4. Nuori on vaihtovuoden aikana yleens\u00e4 kolmessa perheess\u00e4, noin nelj\u00e4 kuukautta jokaisessa. Kun haluat tarjota turvallisen kodin Suomeen saapuvalle nuorelle, ota yhteytt\u00e4 klubimme nuorisovaihtoasiamieheen.\u00a0<\/span><\/p>\n<p class=\"p1\"><span class=\"s1\">Kun rotaryklubi ottaa vastaan ulkomaisen vaihto-oppilaan, se tarkoittaa samalla, ett\u00e4 meilt\u00e4 vastavuoroisesti p\u00e4\u00e4see nuori ulkomaille. Ulkomailla koulunk\u00e4ynti ei suinkaan aina ole oppilaalle ilmaista, mutta nuoren vastaanottava rotaryklubi vastaa n\u00e4ist\u00e4kin kustannuksista. Nuori saa my\u00f6s samat edut ja huolenpidon kuin maahamme saapuva nuori. <\/span><\/p>\n<p>[\/et_pb_text][\/et_pb_column_inner][\/et_pb_row_inner][et_pb_row_inner admin_label=&#8221;Rivi&#8221; _builder_version=&#8221;4.16&#8243; global_colors_info=&#8221;{}&#8221;][et_pb_column_inner saved_specialty_column_type=&#8221;2_3&#8243; _builder_version=&#8221;4.16&#8243; custom_padding=&#8221;|||&#8221; global_colors_info=&#8221;{}&#8221; parallax__hover=&#8221;off&#8221; parallax_method__hover=&#8221;on&#8221; custom_padding__hover=&#8221;|||&#8221;][et_pb_text admin_label=&#8221;Kiinnostuitko nuorisovaihdosta? &#8211; Otsikko&#8221; _builder_version=&#8221;4.16&#8243; text_orientation=&#8221;center&#8221; global_colors_info=&#8221;{}&#8221;]<\/p>\n<h4>Kiinnostuitko nuorisovaihdosta?<\/h4>\n<p>[\/et_pb_text][et_pb_text _builder_version=&#8221;4.18.0&#8243; custom_padding=&#8221;||0px|||&#8221; hover_enabled=&#8221;0&#8243; global_colors_info=&#8221;{}&#8221; sticky_enabled=&#8221;0&#8243;]<\/p>\n<p class=\"p1\"><span class=\"s1\">! Rotaryn kautta voit p\u00e4\u00e4st\u00e4 vuosivaihtoon, kes\u00e4vaihtoon tai leirivaihtoon. N\u00e4ist\u00e4 eri vaihtomuodoista voit<span class=\"Apple-converted-space\">\u00a0 <\/span>lukea lis\u00e4\u00e4 Suomen Rotaryn <\/span><a href=\"https:\/\/rotary.fi\/mita-teemme\/nuorisopalvelut\/nuorisovaihto\/\" target=\"_blank\" rel=\"noopener noreferrer\"><span class=\"s2\">nuorisovaihdon<\/span><\/a><span class=\"s1\"> sivuilta.<\/span><span class=\"s3\">\u00a0<\/span><span class=\"s1\">Hakuaika seuraavan vuoden vaihtoihin on hakuvuotta edelt\u00e4v\u00e4n\u00e4 syksyn\u00e4. Jos kiinnostuit, ota yhteytt\u00e4 klubimme nuorisoasiamieheen ja kysy l\u00e4het\u00e4mmek\u00f6 vaihto-oppilaan tulevana vuonna. <\/span><\/p>\n<p class=\"p2\"><strong><span class=\"s4\">Kysy rohkeasti lis\u00e4\u00e4 Rotaryn nuorisovaihdosta!<br \/><\/span><\/strong><span class=\"s1\">Klubimme nuorisovaihtoasiamiees: <\/span><\/p>\n<p class=\"p2\"><span class=\"s1\"><strong>Uula Torttila<\/strong> uula.s.torttila(a)fi.abb.com<\/span><\/p>\n<p><strong>Nuorisovaihtotiimin terveiset 2021-2022<\/strong><\/p>\n<p>Hausj\u00e4rvi-Riihim\u00e4ki rotaryklubilla on t\u00e4lle kaudelle 2021-2022 suunnitelmissa l\u00e4hett\u00e4\u00e4 1-2 nuorta ensi kes\u00e4n\u00e4 2022 klubimme l\u00e4hettil\u00e4in\u00e4 maailmalle joko Rotaryj\u00e4rjest\u00f6n j\u00e4rjest\u00e4m\u00e4lle kes\u00e4leirille tai kes\u00e4vaihtoon.<span style=\"font-size: 16px\">\u00a0<\/span><\/p>\n<p>Mik\u00e4li teill\u00e4 on kotona tai l\u00e4hipiiriss\u00e4 nuori, i\u00e4lt\u00e4\u00e4n 15-19 vuotta ja h\u00e4n haluaisi tutustua jonkun toisen maan nuoriin ja kulttuuriin t\u00e4llaisella lyhyell\u00e4 vierailulla, nyt on aika laittaa hakemusta klubimme nuorisovaihtotiimille.<span style=\"font-size: 16px\">\u00a0<\/span><\/p>\n<p>Vuosivaihdon hakuaika on jo sulkeutunut 30.9., mutta n\u00e4ille kes\u00e4vaihtoehdoille ehtii viel\u00e4 hetken laittamaan hakemuksia. Ripe\u00e4sti kuitenkin!<span style=\"font-size: 16px\">\u00a0<\/span><\/p>\n<p>Lis\u00e4tietoja nuoren asiasta innostuttua kannattaa k\u00e4yd\u00e4 lukemassa piirin nuorisovaihtosivuilta osoitteesta<a href=\"rye.fi\">\u00a0rye.fi<\/a><\/p>\n<p>Siell\u00e4 on my\u00f6s hyv\u00e4t ohjeet hakemuksen tekoon ja edellisten vuosien kes\u00e4leirikuvauksia.<\/p>\n<p>&nbsp;<\/p>\n<p><strong>-KES\u00c4LEIRIT<\/strong><\/p>\n<p>Rotaryn nuorisovaihdon leirit antavat mahdollisuuden osallistua kiinnostavan teeman mukaiselle leirille. Leirej\u00e4 j\u00e4rjestet\u00e4\u00e4n p\u00e4\u00e4s\u00e4\u00e4nt\u00f6isesti Euroopan alueella, mukaan lukien Turkki ja Israel, sek\u00e4 Etel\u00e4-Afrikassa, Taiwanissa, Meksikossa, Brasiliassa, USA:ssa ja\u00a0 Kanadassa.\u00a0Kestoltaan leirit ovat 2\u20133 viikkoa, jolloin varsinainen leiri kest\u00e4\u00e4 noin viikon ja leirin yhteyteen sijoittuva perhemajoitusjakso toisen viikon.\u200b\u00a0L\u00e4htij\u00e4 tai h\u00e4nen perheens\u00e4 huolehtii itse kaikista kustannuksista.<span style=\"font-size: 16px\">\u00a0<\/span><\/p>\n<p><strong>-KES\u00c4VAIHTO<\/strong><\/p>\n<p><span style=\"font-size: 16px\">Rotaryn kes\u00e4vaihdon kautta l\u00e4hdet ulkomaisen perheen vieraaksi muutamaksi viikoksi ja tuot mukanasi is\u00e4nt\u00e4perheen nuoren omaan kotiisi vastaavaksi ajaksi. Saat tutustua uuteen kulttuuriin ja saat k\u00e4ytt\u00e4\u00e4 koulussa oppimaasi kielitaitoa k\u00e4yt\u00e4nn\u00f6ss\u00e4. Vaihdon pituus voi vaihdella parista viikosta aina kuuteen viikkoon asti. Tavallisin kesto on 4 + 4 viikkoa.\u00a0<\/span><span style=\"font-size: 16px\">Kes\u00e4vaihdon kohdemaat sijaitsevat p\u00e4\u00e4asiassa Amerikassa, Euroopassa ja Afrikassa.\u00a0<\/span><span style=\"font-size: 16px\">L\u00e4htij\u00e4 huolehtii itse kaikki kustannukset.<\/span><\/p>\n<p><a href=\"https:\/\/rye.fi\/vaihtoon-ulkomaille\/kesavaihto\/\"><span style=\"font-size: 16px\">https:\/\/rye.fi\/vaihtoon-ulkomaille\/kesavaihto\/<\/span><\/a><\/p>\n<p>&nbsp;<\/p>\n<p><strong><em>Kes\u00e4vaihdossa l\u00e4hett\u00e4v\u00e4n nuoren perhe sitoutuu vastaanottamaan maailmalta nuoren perheeseens\u00e4 perheenj\u00e4seneksi\u00a0 koko t\u00e4\u00e4ll\u00e4 tapahtuvan vastavuoroisen vaihdon ajaksi.<\/em><\/strong><\/p>\n<p>&nbsp;<\/p>\n<p>&nbsp;<\/p>\n<p><strong>P\u00e4\u00e4syvaatimukset sek\u00e4 kes\u00e4leireille ett\u00e4 kes\u00e4vaihtoon<\/strong><\/p>\n<p>&nbsp;<\/p>\n<p>Kes\u00e4vaihto-ohjelmaan ja kes\u00e4leireille voivat hakea kaikki suomalaiset ja virolaiset nuoret. Valinta tapahtuu nuoren oman motivaation sek\u00e4 omien ansioiden ja ominaisuuksien perusteella. \u00a0L\u00e4htij\u00e4lt\u00e4 edellytet\u00e4\u00e4n kohtuullisen hyv\u00e4\u00e4 koulumenestyst\u00e4, joustavuutta uusissa tilanteissa, esiintymiskyky\u00e4, stressinsietokyky\u00e4 ja itsen\u00e4isyytt\u00e4.<\/p>\n<p>Oppilaat valitaan hakemuksen ja haastattelun perusteella. Kes\u00e4vaihto-ohjelma on tarkoitettu nuorille, jotka ovat 15\u201319 vuotiaita (eli olet t\u00e4ytt\u00e4nyt ennen vaihtoa 15 vuotta, etk\u00e4 t\u00e4yt\u00e4 vaihdon aikana 20 vuotta).<span style=\"font-size: 16px\">\u00a0<\/span><\/p>\n<p>&nbsp;<\/p>\n<p>&nbsp;<\/p>\n<p>&nbsp;<\/p>\n<p>&nbsp;<\/p>\n<p class=\"p2\">[\/et_pb_text][\/et_pb_column_inner][\/et_pb_row_inner][\/et_pb_column][et_pb_column type=&#8221;1_3&#8243; module_class=&#8221;sivupalkki&#8221; _builder_version=&#8221;4.16&#8243; custom_padding=&#8221;|||&#8221; global_colors_info=&#8221;{}&#8221; parallax__hover=&#8221;off&#8221; parallax_method__hover=&#8221;on&#8221; module_class__hover=&#8221;sivupalkki&#8221; custom_padding__hover=&#8221;|||&#8221;][et_pb_sidebar area=&#8221;sidebar-1&#8243; module_class=&#8221;sivupalkki_sisalto&#8221; _builder_version=&#8221;4.16&#8243; locked=&#8221;on&#8221; global_colors_info=&#8221;{}&#8221;][\/et_pb_sidebar][\/et_pb_column][\/et_pb_section]<\/p>\n","protected":false},"excerpt":{"rendered":"<p>Nuorisovaihto Nuorisovaihto Rotaryn nuorisovaihto on turvallinen ja usein varsin edullinen tapa l\u00e4hte\u00e4 ulkomaille vaihto-oppilaaksi.\u00a0 Rotaryn nuorisovaihto on sertifioitua ja valvottua. Nuorta sitovat rotareiden ohjeet ja s\u00e4\u00e4nn\u00f6t, se on osa turvallisuutta. Nuori ja h\u00e4nen perheens\u00e4 koulutetaan vaihtovuoden vaatimuksiin ennen nuoren l\u00e4ht\u00f6\u00e4. Vastaanottava perhe ottaa nuoren perheenj\u00e4senekseen. Vastaanottava rotaryklubi huolehtii mm. saapuvan vaihto-oppilaan koulukustannuksista. Nuori saa my\u00f6s [&hellip;]<\/p>\n","protected":false},"author":62,"featured_media":0,"parent":77,"menu_order":0,"comment_status":"closed","ping_status":"closed","template":"","meta":{"_acf_changed":false,"_et_pb_use_builder":"on","_et_pb_old_content":"","_et_gb_content_width":"","footnotes":""},"class_list":["post-1813","page","type-page","status-publish","hentry"],"acf":[],"yoast_head":"<!-- This site is optimized with the Yoast SEO plugin v27.4 - https:\/\/yoast.com\/product\/yoast-seo-wordpress\/ -->\n<title>Nuorisovaihto - Riihim\u00e4ki-Hausj\u00e4rvi Rotaryklubi<\/title>\n<meta name=\"robots\" content=\"index, follow, max-snippet:-1, max-image-preview:large, max-video-preview:-1\" \/>\n<link rel=\"canonical\" href=\"https:\/\/rotary.fi\/riihimakihausjarvi\/mita-teemme\/nuorisovaihto-2\/\" \/>\n<meta property=\"og:locale\" content=\"fi_FI\" \/>\n<meta property=\"og:type\" content=\"article\" \/>\n<meta property=\"og:title\" content=\"Nuorisovaihto - Riihim\u00e4ki-Hausj\u00e4rvi Rotaryklubi\" \/>\n<meta property=\"og:description\" content=\"Nuorisovaihto Nuorisovaihto Rotaryn nuorisovaihto on turvallinen ja usein varsin edullinen tapa l\u00e4hte\u00e4 ulkomaille vaihto-oppilaaksi.\u00a0 Rotaryn nuorisovaihto on sertifioitua ja valvottua. Nuorta sitovat rotareiden ohjeet ja s\u00e4\u00e4nn\u00f6t, se on osa turvallisuutta. Nuori ja h\u00e4nen perheens\u00e4 koulutetaan vaihtovuoden vaatimuksiin ennen nuoren l\u00e4ht\u00f6\u00e4. Vastaanottava perhe ottaa nuoren perheenj\u00e4senekseen. Vastaanottava rotaryklubi huolehtii mm. saapuvan vaihto-oppilaan koulukustannuksista. Nuori saa my\u00f6s [&hellip;]\" \/>\n<meta property=\"og:url\" content=\"https:\/\/rotary.fi\/riihimakihausjarvi\/mita-teemme\/nuorisovaihto-2\/\" \/>\n<meta property=\"og:site_name\" content=\"Riihim\u00e4ki-Hausj\u00e4rvi Rotaryklubi\" \/>\n<meta property=\"article:modified_time\" content=\"2022-10-20T09:08:31+00:00\" \/>\n<meta name=\"twitter:card\" content=\"summary_large_image\" \/>\n<meta name=\"twitter:label1\" content=\"Arvioitu lukuaika\" \/>\n\t<meta name=\"twitter:data1\" content=\"4 minuuttia\" \/>\n<script type=\"application\/ld+json\" class=\"yoast-schema-graph\">{\"@context\":\"https:\\\/\\\/schema.org\",\"@graph\":[{\"@type\":\"WebPage\",\"@id\":\"https:\\\/\\\/rotary.fi\\\/riihimakihausjarvi\\\/mita-teemme\\\/nuorisovaihto-2\\\/\",\"url\":\"https:\\\/\\\/rotary.fi\\\/riihimakihausjarvi\\\/mita-teemme\\\/nuorisovaihto-2\\\/\",\"name\":\"Nuorisovaihto - Riihim\u00e4ki-Hausj\u00e4rvi Rotaryklubi\",\"isPartOf\":{\"@id\":\"https:\\\/\\\/rotary.fi\\\/riihimakihausjarvi\\\/#website\"},\"datePublished\":\"2021-10-15T17:20:40+00:00\",\"dateModified\":\"2022-10-20T09:08:31+00:00\",\"breadcrumb\":{\"@id\":\"https:\\\/\\\/rotary.fi\\\/riihimakihausjarvi\\\/mita-teemme\\\/nuorisovaihto-2\\\/#breadcrumb\"},\"inLanguage\":\"fi\",\"potentialAction\":[{\"@type\":\"ReadAction\",\"target\":[\"https:\\\/\\\/rotary.fi\\\/riihimakihausjarvi\\\/mita-teemme\\\/nuorisovaihto-2\\\/\"]}]},{\"@type\":\"BreadcrumbList\",\"@id\":\"https:\\\/\\\/rotary.fi\\\/riihimakihausjarvi\\\/mita-teemme\\\/nuorisovaihto-2\\\/#breadcrumb\",\"itemListElement\":[{\"@type\":\"ListItem\",\"position\":1,\"name\":\"Home\",\"item\":\"https:\\\/\\\/rotary.fi\\\/riihimakihausjarvi\\\/\"},{\"@type\":\"ListItem\",\"position\":2,\"name\":\"Mit\u00e4 teemme\",\"item\":\"https:\\\/\\\/rotary.fi\\\/riihimakihausjarvi\\\/mita-teemme\\\/\"},{\"@type\":\"ListItem\",\"position\":3,\"name\":\"Nuorisovaihto\"}]},{\"@type\":\"WebSite\",\"@id\":\"https:\\\/\\\/rotary.fi\\\/riihimakihausjarvi\\\/#website\",\"url\":\"https:\\\/\\\/rotary.fi\\\/riihimakihausjarvi\\\/\",\"name\":\"Riihim\u00e4ki-Hausj\u00e4rvi Rotaryklubi\",\"description\":\"Uusi Rotary klubisivusto\",\"potentialAction\":[{\"@type\":\"SearchAction\",\"target\":{\"@type\":\"EntryPoint\",\"urlTemplate\":\"https:\\\/\\\/rotary.fi\\\/riihimakihausjarvi\\\/?s={search_term_string}\"},\"query-input\":{\"@type\":\"PropertyValueSpecification\",\"valueRequired\":true,\"valueName\":\"search_term_string\"}}],\"inLanguage\":\"fi\"}]}<\/script>\n<!-- \/ Yoast SEO plugin. -->","yoast_head_json":{"title":"Nuorisovaihto - Riihim\u00e4ki-Hausj\u00e4rvi Rotaryklubi","robots":{"index":"index","follow":"follow","max-snippet":"max-snippet:-1","max-image-preview":"max-image-preview:large","max-video-preview":"max-video-preview:-1"},"canonical":"https:\/\/rotary.fi\/riihimakihausjarvi\/mita-teemme\/nuorisovaihto-2\/","og_locale":"fi_FI","og_type":"article","og_title":"Nuorisovaihto - Riihim\u00e4ki-Hausj\u00e4rvi Rotaryklubi","og_description":"Nuorisovaihto Nuorisovaihto Rotaryn nuorisovaihto on turvallinen ja usein varsin edullinen tapa l\u00e4hte\u00e4 ulkomaille vaihto-oppilaaksi.\u00a0 Rotaryn nuorisovaihto on sertifioitua ja valvottua. Nuorta sitovat rotareiden ohjeet ja s\u00e4\u00e4nn\u00f6t, se on osa turvallisuutta. Nuori ja h\u00e4nen perheens\u00e4 koulutetaan vaihtovuoden vaatimuksiin ennen nuoren l\u00e4ht\u00f6\u00e4. Vastaanottava perhe ottaa nuoren perheenj\u00e4senekseen. Vastaanottava rotaryklubi huolehtii mm. saapuvan vaihto-oppilaan koulukustannuksista. Nuori saa my\u00f6s [&hellip;]","og_url":"https:\/\/rotary.fi\/riihimakihausjarvi\/mita-teemme\/nuorisovaihto-2\/","og_site_name":"Riihim\u00e4ki-Hausj\u00e4rvi Rotaryklubi","article_modified_time":"2022-10-20T09:08:31+00:00","twitter_card":"summary_large_image","twitter_misc":{"Arvioitu lukuaika":"4 minuuttia"},"schema":{"@context":"https:\/\/schema.org","@graph":[{"@type":"WebPage","@id":"https:\/\/rotary.fi\/riihimakihausjarvi\/mita-teemme\/nuorisovaihto-2\/","url":"https:\/\/rotary.fi\/riihimakihausjarvi\/mita-teemme\/nuorisovaihto-2\/","name":"Nuorisovaihto - Riihim\u00e4ki-Hausj\u00e4rvi Rotaryklubi","isPartOf":{"@id":"https:\/\/rotary.fi\/riihimakihausjarvi\/#website"},"datePublished":"2021-10-15T17:20:40+00:00","dateModified":"2022-10-20T09:08:31+00:00","breadcrumb":{"@id":"https:\/\/rotary.fi\/riihimakihausjarvi\/mita-teemme\/nuorisovaihto-2\/#breadcrumb"},"inLanguage":"fi","potentialAction":[{"@type":"ReadAction","target":["https:\/\/rotary.fi\/riihimakihausjarvi\/mita-teemme\/nuorisovaihto-2\/"]}]},{"@type":"BreadcrumbList","@id":"https:\/\/rotary.fi\/riihimakihausjarvi\/mita-teemme\/nuorisovaihto-2\/#breadcrumb","itemListElement":[{"@type":"ListItem","position":1,"name":"Home","item":"https:\/\/rotary.fi\/riihimakihausjarvi\/"},{"@type":"ListItem","position":2,"name":"Mit\u00e4 teemme","item":"https:\/\/rotary.fi\/riihimakihausjarvi\/mita-teemme\/"},{"@type":"ListItem","position":3,"name":"Nuorisovaihto"}]},{"@type":"WebSite","@id":"https:\/\/rotary.fi\/riihimakihausjarvi\/#website","url":"https:\/\/rotary.fi\/riihimakihausjarvi\/","name":"Riihim\u00e4ki-Hausj\u00e4rvi Rotaryklubi","description":"Uusi Rotary klubisivusto","potentialAction":[{"@type":"SearchAction","target":{"@type":"EntryPoint","urlTemplate":"https:\/\/rotary.fi\/riihimakihausjarvi\/?s={search_term_string}"},"query-input":{"@type":"PropertyValueSpecification","valueRequired":true,"valueName":"search_term_string"}}],"inLanguage":"fi"}]}},"lang":"fi","translations":{"fi":1813},"pll_sync_post":[],"_links":{"self":[{"href":"https:\/\/rotary.fi\/riihimakihausjarvi\/wp-json\/wp\/v2\/pages\/1813","targetHints":{"allow":["GET"]}}],"collection":[{"href":"https:\/\/rotary.fi\/riihimakihausjarvi\/wp-json\/wp\/v2\/pages"}],"about":[{"href":"https:\/\/rotary.fi\/riihimakihausjarvi\/wp-json\/wp\/v2\/types\/page"}],"author":[{"embeddable":true,"href":"https:\/\/rotary.fi\/riihimakihausjarvi\/wp-json\/wp\/v2\/users\/62"}],"replies":[{"embeddable":true,"href":"https:\/\/rotary.fi\/riihimakihausjarvi\/wp-json\/wp\/v2\/comments?post=1813"}],"version-history":[{"count":5,"href":"https:\/\/rotary.fi\/riihimakihausjarvi\/wp-json\/wp\/v2\/pages\/1813\/revisions"}],"predecessor-version":[{"id":2014,"href":"https:\/\/rotary.fi\/riihimakihausjarvi\/wp-json\/wp\/v2\/pages\/1813\/revisions\/2014"}],"up":[{"embeddable":true,"href":"https:\/\/rotary.fi\/riihimakihausjarvi\/wp-json\/wp\/v2\/pages\/77"}],"wp:attachment":[{"href":"https:\/\/rotary.fi\/riihimakihausjarvi\/wp-json\/wp\/v2\/media?parent=1813"}],"curies":[{"name":"wp","href":"https:\/\/api.w.org\/{rel}","templated":true}]}}