{"id":160,"date":"2018-08-13T09:49:16","date_gmt":"2018-08-13T06:49:16","guid":{"rendered":"https:\/\/rotary.fi\/hausjarviriihimaki\/?page_id=160"},"modified":"2020-02-14T15:18:04","modified_gmt":"2020-02-14T13:18:04","slug":"yhteiset-projektit","status":"publish","type":"page","link":"https:\/\/rotary.fi\/riihimakihausjarvi\/mita-teemme\/yhteiset-projektit\/","title":{"rendered":"Yhteiset projektit"},"content":{"rendered":"<p>[et_pb_section fb_built=&#8221;1&#8243; module_class=&#8221;jumbotron-page&#8221; _builder_version=&#8221;3.22&#8243; background_image=&#8221;https:\/\/rotary.fi\/hausjarviriihimaki\/wp-content\/uploads\/sites\/64\/2018\/10\/rotary_klubit_alasivu_paakuva_15.jpg&#8221;][et_pb_row _builder_version=&#8221;3.25&#8243; background_size=&#8221;initial&#8221; background_position=&#8221;top_left&#8221; background_repeat=&#8221;repeat&#8221;][et_pb_column type=&#8221;4_4&#8243; _builder_version=&#8221;3.25&#8243; custom_padding=&#8221;|||&#8221; custom_padding__hover=&#8221;|||&#8221;][et_pb_text admin_label=&#8221;P\u00e4\u00e4otsikko&#8221; _builder_version=&#8221;3.27.4&#8243; text_orientation=&#8221;center&#8221; background_layout=&#8221;dark&#8221;]<\/p>\n<h1>Yhteiset projektit<\/h1>\n<p>[\/et_pb_text][\/et_pb_column][\/et_pb_row][\/et_pb_section][et_pb_section fb_built=&#8221;1&#8243; specialty=&#8221;on&#8221; module_class_2=&#8221;sivupalkki&#8221; _builder_version=&#8221;3.22&#8243;][et_pb_column type=&#8221;2_3&#8243; specialty_columns=&#8221;2&#8243; _builder_version=&#8221;3.25&#8243; custom_padding=&#8221;|||&#8221; custom_padding__hover=&#8221;|||&#8221;][et_pb_row_inner admin_label=&#8221;Rivi&#8221; _builder_version=&#8221;3.25&#8243;][et_pb_column_inner saved_specialty_column_type=&#8221;2_3&#8243; _builder_version=&#8221;3.25&#8243; custom_padding=&#8221;|||&#8221; custom_padding__hover=&#8221;|||&#8221;][et_pb_text admin_label=&#8221;Otsikko&#8221; _builder_version=&#8221;3.27.4&#8243; text_orientation=&#8221;center&#8221;]<\/p>\n<h1>Yhteiset projektit<\/h1>\n<p>[\/et_pb_text][et_pb_text _builder_version=&#8221;4.1&#8243; custom_padding=&#8221;4px|||||&#8221;]<\/p>\n<p><span style=\"font-size: 16px\">Rotaryklubimme on mukana sek\u00e4 paikallisessa ett\u00e4 maailmanlaajuisessa palveluty\u00f6ss\u00e4 monin eri tavoin. Otamme osaa rotareiden nuorisovaihtoty\u00f6h\u00f6n ja t\u00e4m\u00e4n rahoittamiseksi ker\u00e4\u00e4mme varoja.<\/span><\/p>\n<p>Lahjoitamme varoja humanit\u00e4\u00e4risiin projekteihin Rotarys\u00e4\u00e4ti\u00f6n kautta. Rotarys\u00e4\u00e4ti\u00f6 tukee lukuisten projektien avulla \u00e4itien ja lasten terveyden kohentamista ja sairauksien ehk\u00e4isy\u00e4 ja hoitoa. S\u00e4\u00e4ti\u00f6 edist\u00e4\u00e4 koulutusta ja lukutaitoa, vahvistaa rauhanty\u00f6t\u00e4 sek\u00e4 kasvattaa paikallistalouksia ja yhteis\u00f6j\u00e4. Rotarys\u00e4\u00e4ti\u00f6 edist\u00e4\u00e4 puhtaan veden saantia ja hygieniaosaamista siell\u00e4 miss\u00e4 t\u00e4lle on tarvetta.<\/p>\n<p><span style=\"font-size: 16px\">Klubimme osallistuu my\u00f6s rotareiden aloitteesta k\u00e4ynnistyneeseen ty\u00f6h\u00f6n polion poistamiseksi maailmasta\u00a0<\/span><\/p>\n<h5>Taistelu poliota vastaan jatkuu<\/h5>\n<p>Viel\u00e4 vuonna 1985 joka p\u00e4iv\u00e4 noin 1000 ihmist\u00e4 halvaantui polion sairastuttamana. Polioon sairastui vuosittain yli 350 000 uhria kaikkiaan 125 maassa. J\u00e4ljell\u00e4 on viel\u00e4 kolme maata, joista poliota ei ole saatu poistettua: Afganistan, Nigeria ja Pakistan.<\/p>\n<p>Viime vuoden poliotartuntojen m\u00e4\u00e4r\u00e4 oli en\u00e4\u00e4 22. T\u00e4m\u00e4nhetkinen tilasto kertoo 19 sairastuneesta Afganistanissa ja Pakistanissa.<\/p>\n<p>Suomessa el\u00e4\u00e4 edelleen arviolta 4 000 \u2013 6 000 polion sairastanutta. Viimeisin epidemia meill\u00e4 tavattiin vuosina 1984\u20131985, jolloin Suomessa ryhdyttiin koko kansan kattaviin rokotuksiin. Monet muistavat viel\u00e4kin n\u00e4m\u00e4 sokeripalarokotukset.<\/p>\n<p>Rotary-j\u00e4rjest\u00f6 on tehnyt 33 vuotta omistautunutta ja tuloksellista ty\u00f6t\u00e4 polion h\u00e4vitt\u00e4miseksi. Rotary aloitti PolioPlus-ohjelman vuonna 1985. Se oli ensimm\u00e4inen aloite lasten massarokottamiseksi poliota vastaan koko maailmassa.<\/p>\n<p>Rotary on ker\u00e4nnyt ja lahjoittanut kaikkiaan 1,8 miljardia dollaria ja lukemattomia vapaaehtoisty\u00f6tunteja taatakseen immuniteetin poliota vastaan yhteens\u00e4 2,5 miljardille lapselle 122 maassa. Rotaryn kannustamana monien maiden hallitukset ovat osallistuneet polion vastaiseen ty\u00f6h\u00f6n 7,2 miljardilla dollarilla.<\/p>\n<p>Rotary ker\u00e4\u00e4 PolioPlus-ohjelmalle 50 miljoonaa dollaria vuodessa. Bill &amp; Melinda Gatesin s\u00e4\u00e4ti\u00f6 on tukenut kampanjaa lahjoittamalla Rotaryn ker\u00e4\u00e4m\u00e4n summan kaksinkertaisena, eli 100 miljoonaa dollaria vuodessa. N\u00e4ill\u00e4 varoilla tuetaan operatiivista toimintaa, terveydenhuollon henkil\u00f6st\u00f6\u00e4, laboratoriolaitteidenhankkimista sek\u00e4 opetusmateriaalia terveydenhuollon ty\u00f6ntekij\u00f6ille ja vanhemmille.<\/p>\n<h5>Poliosta ei parane, mutta sit\u00e4 vastaan voi rokottaa<\/h5>\n<p>Poliomyeliitti (polio) on viruksen aiheuttama halvaannuttava ja jopa kuolemaan johtava infektiosairaus, johon ei ole l\u00e4\u00e4kett\u00e4, mutta joka voidaan tehokkaasti ehk\u00e4ist\u00e4 rokotuksin. Polio voi tarttua miss\u00e4 i\u00e4ss\u00e4 tahansa, mutta se vaikuttaa p\u00e4\u00e4asiassa alle viisivuotiaisiin lapsiin.<\/p>\n<p>Viimeisten muutamien j\u00e4ljell\u00e4 olevien tartuntojen est\u00e4minen on eritt\u00e4in vaikeaa. Poliota esiintyy maissa, jotka ovat sodan tai konfliktien kourissa, niiss\u00e4 on huono julkinen infrastuktuuri ja paljon erilaisia kulttuurillisia esteit\u00e4. Mutta kunnes sitke\u00e4 poliovirus on kokonaan kukistettu, aivan jokaisessa maassa on riski sairastua.<\/p>\n<div class=\"et_pb_module et_pb_text et_pb_text_1  et_pb_text_align_center et_pb_bg_layout_light\">\n<div class=\"et_pb_text_inner\">\n<h1>Rotarys\u00e4\u00e4ti\u00f6<\/h1>\n<\/div>\n<\/div>\n<div class=\"et_pb_module et_pb_text et_pb_text_2  et_pb_text_align_left et_pb_bg_layout_light\">\n<div class=\"et_pb_text_inner\">\n<p>Rotarys\u00e4\u00e4ti\u00f6 koordinoi ja rahoittaa rotarien maailmanlaajuista palvelutoimintaa. S\u00e4\u00e4ti\u00f6n ty\u00f6 perustuu vapaaehtoisiin lahjoituksiin sek\u00e4 p\u00e4\u00e4oman tuottoon, jotka kanavoidaan koulutusprojekteihin ja humanitaariseen avustusty\u00f6h\u00f6n. T\u00e4rke\u00e4 kannustin on Paul Harris Fellow -tunnustuksen my\u00f6nt\u00e4minen jokaista tuhannen dollarin lahjoitusta kohti. Rotaryn perustajan Paul Harrisin nime\u00e4 kantavia PHF-tunnustuksia on my\u00f6nnetty maailmanlaajuisesti yli miljoona.<\/p>\n<p>Rotarys\u00e4\u00e4ti\u00f6 on maailman suurimpia yksityisi\u00e4 hyv\u00e4ntekev\u00e4isyystoimijoita, joka aina uudelleen sijoittuu k\u00e4rkisijoille n\u00e4iden toimijoiden l\u00e4pin\u00e4kyvyys- ja luotettavuusvertailussa.<\/p>\n<p>&nbsp;<\/p>\n<\/div>\n<\/div>\n<p>Klubissamme on nyt 17 PHF j\u00e4sent\u00e4. Pyrimme hankkimaan joka vuosi yhden PHF:n ja t\u00e4ten tukemaan Rotarys\u00e4\u00e4ti\u00f6n toimintaa.\u00a0 Vuosien aikana klubin j\u00e4senille on my\u00f6nnetty yhteens\u00e4 33 PHF:\u00e4\u00e4.<\/p>\n<p>&nbsp;<\/p>\n<p>&nbsp;<\/p>\n<p>[\/et_pb_text][\/et_pb_column_inner][\/et_pb_row_inner][\/et_pb_column][et_pb_column type=&#8221;1_3&#8243; _builder_version=&#8221;3.25&#8243; custom_padding=&#8221;|||&#8221; custom_padding__hover=&#8221;|||&#8221;][et_pb_sidebar area=&#8221;sidebar-1&#8243; module_class=&#8221;sivupalkki_sisalto&#8221; _builder_version=&#8221;3.4.1&#8243; locked=&#8221;on&#8221;]<br \/>\n[\/et_pb_sidebar][\/et_pb_column][\/et_pb_section]<\/p>\n","protected":false},"excerpt":{"rendered":"<p>Yhteiset projektit Yhteiset projektit Rotaryklubimme on mukana sek\u00e4 paikallisessa ett\u00e4 maailmanlaajuisessa palveluty\u00f6ss\u00e4 monin eri tavoin. Otamme osaa rotareiden nuorisovaihtoty\u00f6h\u00f6n ja t\u00e4m\u00e4n rahoittamiseksi ker\u00e4\u00e4mme varoja. Lahjoitamme varoja humanit\u00e4\u00e4risiin projekteihin Rotarys\u00e4\u00e4ti\u00f6n kautta. Rotarys\u00e4\u00e4ti\u00f6 tukee lukuisten projektien avulla \u00e4itien ja lasten terveyden kohentamista ja sairauksien ehk\u00e4isy\u00e4 ja hoitoa. S\u00e4\u00e4ti\u00f6 edist\u00e4\u00e4 koulutusta ja lukutaitoa, vahvistaa rauhanty\u00f6t\u00e4 sek\u00e4 kasvattaa paikallistalouksia [&hellip;]<\/p>\n","protected":false},"author":1,"featured_media":0,"parent":77,"menu_order":0,"comment_status":"closed","ping_status":"closed","template":"","meta":{"_acf_changed":false,"_et_pb_use_builder":"on","_et_pb_old_content":"","_et_gb_content_width":"","footnotes":""},"class_list":["post-160","page","type-page","status-publish","hentry"],"acf":[],"yoast_head":"<!-- This site is optimized with the Yoast SEO plugin v27.4 - https:\/\/yoast.com\/product\/yoast-seo-wordpress\/ -->\n<title>Yhteiset projektit - Riihim\u00e4ki-Hausj\u00e4rvi Rotaryklubi<\/title>\n<meta name=\"robots\" content=\"index, follow, max-snippet:-1, max-image-preview:large, max-video-preview:-1\" \/>\n<link rel=\"canonical\" href=\"https:\/\/rotary.fi\/riihimakihausjarvi\/mita-teemme\/yhteiset-projektit\/\" \/>\n<meta property=\"og:locale\" content=\"fi_FI\" \/>\n<meta property=\"og:type\" content=\"article\" \/>\n<meta property=\"og:title\" content=\"Yhteiset projektit - Riihim\u00e4ki-Hausj\u00e4rvi Rotaryklubi\" \/>\n<meta property=\"og:description\" content=\"Yhteiset projektit Yhteiset projektit Rotaryklubimme on mukana sek\u00e4 paikallisessa ett\u00e4 maailmanlaajuisessa palveluty\u00f6ss\u00e4 monin eri tavoin. Otamme osaa rotareiden nuorisovaihtoty\u00f6h\u00f6n ja t\u00e4m\u00e4n rahoittamiseksi ker\u00e4\u00e4mme varoja. Lahjoitamme varoja humanit\u00e4\u00e4risiin projekteihin Rotarys\u00e4\u00e4ti\u00f6n kautta. Rotarys\u00e4\u00e4ti\u00f6 tukee lukuisten projektien avulla \u00e4itien ja lasten terveyden kohentamista ja sairauksien ehk\u00e4isy\u00e4 ja hoitoa. S\u00e4\u00e4ti\u00f6 edist\u00e4\u00e4 koulutusta ja lukutaitoa, vahvistaa rauhanty\u00f6t\u00e4 sek\u00e4 kasvattaa paikallistalouksia [&hellip;]\" \/>\n<meta property=\"og:url\" content=\"https:\/\/rotary.fi\/riihimakihausjarvi\/mita-teemme\/yhteiset-projektit\/\" \/>\n<meta property=\"og:site_name\" content=\"Riihim\u00e4ki-Hausj\u00e4rvi Rotaryklubi\" \/>\n<meta property=\"article:modified_time\" content=\"2020-02-14T13:18:04+00:00\" \/>\n<meta name=\"twitter:card\" content=\"summary_large_image\" \/>\n<meta name=\"twitter:label1\" content=\"Arvioitu lukuaika\" \/>\n\t<meta name=\"twitter:data1\" content=\"3 minuuttia\" \/>\n<script type=\"application\/ld+json\" class=\"yoast-schema-graph\">{\"@context\":\"https:\\\/\\\/schema.org\",\"@graph\":[{\"@type\":\"WebPage\",\"@id\":\"https:\\\/\\\/rotary.fi\\\/riihimakihausjarvi\\\/mita-teemme\\\/yhteiset-projektit\\\/\",\"url\":\"https:\\\/\\\/rotary.fi\\\/riihimakihausjarvi\\\/mita-teemme\\\/yhteiset-projektit\\\/\",\"name\":\"Yhteiset projektit - Riihim\u00e4ki-Hausj\u00e4rvi Rotaryklubi\",\"isPartOf\":{\"@id\":\"https:\\\/\\\/rotary.fi\\\/riihimakihausjarvi\\\/#website\"},\"datePublished\":\"2018-08-13T06:49:16+00:00\",\"dateModified\":\"2020-02-14T13:18:04+00:00\",\"breadcrumb\":{\"@id\":\"https:\\\/\\\/rotary.fi\\\/riihimakihausjarvi\\\/mita-teemme\\\/yhteiset-projektit\\\/#breadcrumb\"},\"inLanguage\":\"fi\",\"potentialAction\":[{\"@type\":\"ReadAction\",\"target\":[\"https:\\\/\\\/rotary.fi\\\/riihimakihausjarvi\\\/mita-teemme\\\/yhteiset-projektit\\\/\"]}]},{\"@type\":\"BreadcrumbList\",\"@id\":\"https:\\\/\\\/rotary.fi\\\/riihimakihausjarvi\\\/mita-teemme\\\/yhteiset-projektit\\\/#breadcrumb\",\"itemListElement\":[{\"@type\":\"ListItem\",\"position\":1,\"name\":\"Home\",\"item\":\"https:\\\/\\\/rotary.fi\\\/riihimakihausjarvi\\\/\"},{\"@type\":\"ListItem\",\"position\":2,\"name\":\"Mit\u00e4 teemme\",\"item\":\"https:\\\/\\\/rotary.fi\\\/riihimakihausjarvi\\\/mita-teemme\\\/\"},{\"@type\":\"ListItem\",\"position\":3,\"name\":\"Yhteiset projektit\"}]},{\"@type\":\"WebSite\",\"@id\":\"https:\\\/\\\/rotary.fi\\\/riihimakihausjarvi\\\/#website\",\"url\":\"https:\\\/\\\/rotary.fi\\\/riihimakihausjarvi\\\/\",\"name\":\"Riihim\u00e4ki-Hausj\u00e4rvi Rotaryklubi\",\"description\":\"Uusi Rotary klubisivusto\",\"potentialAction\":[{\"@type\":\"SearchAction\",\"target\":{\"@type\":\"EntryPoint\",\"urlTemplate\":\"https:\\\/\\\/rotary.fi\\\/riihimakihausjarvi\\\/?s={search_term_string}\"},\"query-input\":{\"@type\":\"PropertyValueSpecification\",\"valueRequired\":true,\"valueName\":\"search_term_string\"}}],\"inLanguage\":\"fi\"}]}<\/script>\n<!-- \/ Yoast SEO plugin. -->","yoast_head_json":{"title":"Yhteiset projektit - Riihim\u00e4ki-Hausj\u00e4rvi Rotaryklubi","robots":{"index":"index","follow":"follow","max-snippet":"max-snippet:-1","max-image-preview":"max-image-preview:large","max-video-preview":"max-video-preview:-1"},"canonical":"https:\/\/rotary.fi\/riihimakihausjarvi\/mita-teemme\/yhteiset-projektit\/","og_locale":"fi_FI","og_type":"article","og_title":"Yhteiset projektit - Riihim\u00e4ki-Hausj\u00e4rvi Rotaryklubi","og_description":"Yhteiset projektit Yhteiset projektit Rotaryklubimme on mukana sek\u00e4 paikallisessa ett\u00e4 maailmanlaajuisessa palveluty\u00f6ss\u00e4 monin eri tavoin. Otamme osaa rotareiden nuorisovaihtoty\u00f6h\u00f6n ja t\u00e4m\u00e4n rahoittamiseksi ker\u00e4\u00e4mme varoja. Lahjoitamme varoja humanit\u00e4\u00e4risiin projekteihin Rotarys\u00e4\u00e4ti\u00f6n kautta. Rotarys\u00e4\u00e4ti\u00f6 tukee lukuisten projektien avulla \u00e4itien ja lasten terveyden kohentamista ja sairauksien ehk\u00e4isy\u00e4 ja hoitoa. S\u00e4\u00e4ti\u00f6 edist\u00e4\u00e4 koulutusta ja lukutaitoa, vahvistaa rauhanty\u00f6t\u00e4 sek\u00e4 kasvattaa paikallistalouksia [&hellip;]","og_url":"https:\/\/rotary.fi\/riihimakihausjarvi\/mita-teemme\/yhteiset-projektit\/","og_site_name":"Riihim\u00e4ki-Hausj\u00e4rvi Rotaryklubi","article_modified_time":"2020-02-14T13:18:04+00:00","twitter_card":"summary_large_image","twitter_misc":{"Arvioitu lukuaika":"3 minuuttia"},"schema":{"@context":"https:\/\/schema.org","@graph":[{"@type":"WebPage","@id":"https:\/\/rotary.fi\/riihimakihausjarvi\/mita-teemme\/yhteiset-projektit\/","url":"https:\/\/rotary.fi\/riihimakihausjarvi\/mita-teemme\/yhteiset-projektit\/","name":"Yhteiset projektit - Riihim\u00e4ki-Hausj\u00e4rvi Rotaryklubi","isPartOf":{"@id":"https:\/\/rotary.fi\/riihimakihausjarvi\/#website"},"datePublished":"2018-08-13T06:49:16+00:00","dateModified":"2020-02-14T13:18:04+00:00","breadcrumb":{"@id":"https:\/\/rotary.fi\/riihimakihausjarvi\/mita-teemme\/yhteiset-projektit\/#breadcrumb"},"inLanguage":"fi","potentialAction":[{"@type":"ReadAction","target":["https:\/\/rotary.fi\/riihimakihausjarvi\/mita-teemme\/yhteiset-projektit\/"]}]},{"@type":"BreadcrumbList","@id":"https:\/\/rotary.fi\/riihimakihausjarvi\/mita-teemme\/yhteiset-projektit\/#breadcrumb","itemListElement":[{"@type":"ListItem","position":1,"name":"Home","item":"https:\/\/rotary.fi\/riihimakihausjarvi\/"},{"@type":"ListItem","position":2,"name":"Mit\u00e4 teemme","item":"https:\/\/rotary.fi\/riihimakihausjarvi\/mita-teemme\/"},{"@type":"ListItem","position":3,"name":"Yhteiset projektit"}]},{"@type":"WebSite","@id":"https:\/\/rotary.fi\/riihimakihausjarvi\/#website","url":"https:\/\/rotary.fi\/riihimakihausjarvi\/","name":"Riihim\u00e4ki-Hausj\u00e4rvi Rotaryklubi","description":"Uusi Rotary klubisivusto","potentialAction":[{"@type":"SearchAction","target":{"@type":"EntryPoint","urlTemplate":"https:\/\/rotary.fi\/riihimakihausjarvi\/?s={search_term_string}"},"query-input":{"@type":"PropertyValueSpecification","valueRequired":true,"valueName":"search_term_string"}}],"inLanguage":"fi"}]}},"lang":"fi","translations":{"fi":160},"pll_sync_post":[],"_links":{"self":[{"href":"https:\/\/rotary.fi\/riihimakihausjarvi\/wp-json\/wp\/v2\/pages\/160","targetHints":{"allow":["GET"]}}],"collection":[{"href":"https:\/\/rotary.fi\/riihimakihausjarvi\/wp-json\/wp\/v2\/pages"}],"about":[{"href":"https:\/\/rotary.fi\/riihimakihausjarvi\/wp-json\/wp\/v2\/types\/page"}],"author":[{"embeddable":true,"href":"https:\/\/rotary.fi\/riihimakihausjarvi\/wp-json\/wp\/v2\/users\/1"}],"replies":[{"embeddable":true,"href":"https:\/\/rotary.fi\/riihimakihausjarvi\/wp-json\/wp\/v2\/comments?post=160"}],"version-history":[{"count":24,"href":"https:\/\/rotary.fi\/riihimakihausjarvi\/wp-json\/wp\/v2\/pages\/160\/revisions"}],"predecessor-version":[{"id":1660,"href":"https:\/\/rotary.fi\/riihimakihausjarvi\/wp-json\/wp\/v2\/pages\/160\/revisions\/1660"}],"up":[{"embeddable":true,"href":"https:\/\/rotary.fi\/riihimakihausjarvi\/wp-json\/wp\/v2\/pages\/77"}],"wp:attachment":[{"href":"https:\/\/rotary.fi\/riihimakihausjarvi\/wp-json\/wp\/v2\/media?parent=160"}],"curies":[{"name":"wp","href":"https:\/\/api.w.org\/{rel}","templated":true}]}}