{"id":129,"date":"2018-08-10T13:41:39","date_gmt":"2018-08-10T10:41:39","guid":{"rendered":"https:\/\/rotary.fi\/klubi2\/?page_id=129"},"modified":"2023-08-25T10:36:14","modified_gmt":"2023-08-25T07:36:14","slug":"keita-olemme","status":"publish","type":"page","link":"https:\/\/rotary.fi\/riihimakihausjarvi\/keita-olemme\/","title":{"rendered":"Keit\u00e4 olemme"},"content":{"rendered":"<p>[et_pb_section fb_built=&#8221;1&#8243; module_class=&#8221;jumbotron-page&#8221; _builder_version=&#8221;4.16&#8243; background_image=&#8221;https:\/\/rotary.fi\/hausjarviriihimaki\/wp-content\/uploads\/sites\/64\/2018\/10\/rotary_klubit_alasivu_paakuva_12.jpg&#8221; collapsed=&#8221;on&#8221; global_colors_info=&#8221;{}&#8221;][et_pb_row _builder_version=&#8221;4.16&#8243; background_size=&#8221;initial&#8221; background_position=&#8221;top_left&#8221; background_repeat=&#8221;repeat&#8221; collapsed=&#8221;on&#8221; global_colors_info=&#8221;{}&#8221;][et_pb_column type=&#8221;4_4&#8243; _builder_version=&#8221;4.16&#8243; custom_padding=&#8221;|||&#8221; global_colors_info=&#8221;{}&#8221; custom_padding__hover=&#8221;|||&#8221;][et_pb_text admin_label=&#8221;P\u00e4\u00e4otsikko&#8221; _builder_version=&#8221;4.16&#8243; text_orientation=&#8221;center&#8221; background_layout=&#8221;dark&#8221; global_colors_info=&#8221;{}&#8221;]<\/p>\n<h1>Keit\u00e4 olemme<\/h1>\n<p>[\/et_pb_text][\/et_pb_column][\/et_pb_row][\/et_pb_section][et_pb_section fb_built=&#8221;1&#8243; specialty=&#8221;on&#8221; module_class_2=&#8221;sivupalkki&#8221; _builder_version=&#8221;4.16&#8243; collapsed=&#8221;off&#8221; global_colors_info=&#8221;{}&#8221;][et_pb_column type=&#8221;2_3&#8243; specialty_columns=&#8221;2&#8243; _builder_version=&#8221;4.16&#8243; custom_padding=&#8221;|||&#8221; global_colors_info=&#8221;{}&#8221; custom_padding__hover=&#8221;|||&#8221;][et_pb_row_inner admin_label=&#8221;Rivi&#8221; _builder_version=&#8221;4.16&#8243; global_colors_info=&#8221;{}&#8221;][et_pb_column_inner saved_specialty_column_type=&#8221;2_3&#8243; _builder_version=&#8221;4.16&#8243; custom_padding=&#8221;|||&#8221; global_colors_info=&#8221;{}&#8221; custom_padding__hover=&#8221;|||&#8221;][et_pb_text admin_label=&#8221;Otsikko&#8221; _builder_version=&#8221;4.18.0&#8243; text_orientation=&#8221;center&#8221; global_colors_info=&#8221;{}&#8221;][\/et_pb_text][et_pb_text _builder_version=&#8221;4.22.0&#8243; hover_enabled=&#8221;0&#8243; global_colors_info=&#8221;{}&#8221; sticky_enabled=&#8221;0&#8243;]<\/p>\n<p><span style=\"font-size: 16px\"><strong>Riihim\u00e4ki-Hausj\u00e4rvi Rotaryklubi<\/strong> on aktiivinen etel\u00e4h\u00e4m\u00e4l\u00e4inen rotaryklubi. Kokoonnumme keskiviikkoisin klo 17.30-19 ja 11.30-12.45 Kirkkopuiston seurakuntakodille tapaamaan toisiamme, kuulemaan kiinnostavia esitelmi\u00e4 ja edist\u00e4m\u00e4\u00e4n hyv\u00e4\u00e4 omalla paikkakunnallamme. K\u00e4ymme my\u00f6s vierailemassa erilaisissa kohteissa. Tuemme kansainv\u00e4lisen Rotaryn humanitaarisia projekteja, osallistumme nuorisovaihtoon ja edist\u00e4mme l\u00e4hiseudun hyvinvointia.<\/span><\/p>\n<p>Hein\u00e4kuun 2022 alussa Riihim\u00e4en Rotaryklubi ja Hausj\u00e4rvi-Riihim\u00e4ki Rotaryklubi yhdistyiv\u00e4t. Uuden klubin nimeksi tuli Riihim\u00e4ki-Hausj\u00e4rvi Rotaryklubi.<\/p>\n<p>Olemme osa piiri\u00e4 <a href=\"https:\/\/d1420.rotary.fi\/\">1420. (Linkki ko.sivulle).<\/a><\/p>\n<p>&nbsp;<\/p>\n<h4>Harrastus, jolla on tarkoitus<\/h4>\n<p>Olemme keskittyneet nuorisovaihdon tukemiseen. Klubillamme on ollut vaihto-oppilas joka toinen vuosi. Meid\u00e4n mielest\u00e4mme nuorisovaihto on mit\u00e4 parhainta ruohonjuuritason kansainv\u00e4listymis- ja rauhankasvatusta.<\/p>\n<p>Olimme mukana <a href=\"https:\/\/fi.wikipedia.org\/wiki\/K%C3%A4r%C3%A4j%C3%A4kosken_luontopolku\">K\u00e4r\u00e4j\u00e4kosken luontopolun<\/a> rakentamisessa vuonna 2005.<\/p>\n<p>Vuosina 2015-2018 olimme tukemassa <a href=\"https:\/\/luetaanyhdessa.fi\/\">Luetaan yhdess\u00e4 verkoston<\/a> toimintaa mahdollistamalla oppimateriaalihankintaa maahan muuttaneiden naisten suomen kieliopintoihin.<\/p>\n<p><span style=\"font-size: 16px\">Paikallisena toimintana on esimerkiksi LukuRatas, jossa olemme k\u00e4yneet viikottain lukemassa <\/span><a style=\"font-size: 16px\" href=\"https:\/\/www.kotokartanosaatio.fi\/saatio\/\">Kotokartanon<\/a><span style=\"font-size: 16px\"> palvelutalon asukkaille ajankohtaisista ja\u00a0alueen tapahtumista.\u00a0 \u00a0<\/span><\/p>\n<p class=\"wp-caption-text\">Klubimme on ollut tukemassa Rotarypiirin 1420 hankkimaa Shelterboxia, joka\u00a0sis\u00e4lt\u00e4\u00e4 p\u00e4ivitt\u00e4iseen el\u00e4m\u00e4\u00e4n tarvittavia varusteita katastrofialueilla.\u00a0\u00a0<a style=\"font-size: 16px\" href=\"http:\/\/sponsored.shelterbox.org\/\">Voit seurata Shelterbox Finland 396 sijoitusta\u00a0t\u00e4st\u00e4 linkist\u00e4.<\/a><\/p>\n<p class=\"wp-caption-text\">Yhten\u00e4 toimintamuotona on Id\u00e4nty\u00f6. Ker\u00e4\u00e4mme ja l\u00e4het\u00e4mme vuosittain 20 tonnia erilaista avustusmateriaalia, esimerkiksi vaatteita, kenki\u00e4, rollattoreita, py\u00f6r\u00e4tuoleja. T\u00e4t\u00e4 toimintaa on ollut 20 vuoden ajan. Toivomme t\u00e4h\u00e4n materiaalilahjoituksia. Ota yhteytt\u00e4 toimihenkil\u00f6ihin.<\/p>\n<p style=\"font-weight: 400\"><span style=\"color: #000000\"><a style=\"color: #000000\" href=\"http:\/\/finlandiahall.rotary.fi\/silakkasoutu\/\">Olemme mukana Silakkasoudussa, joka\u00a0soudetaan kirkkoveneill\u00e4 Finlandia-talolta T\u00f6\u00f6l\u00f6nlahdelta Kauppatorille. Samalla ker\u00e4t\u00e4\u00e4n varoja, jotka k\u00e4ytet\u00e4\u00e4n l\u00e4hivesien (purojen, jokien, j\u00e4rvien) sek\u00e4 It\u00e4meren hyv\u00e4ksi vesiensuojeluyhdistyksen kautta.<\/a>\u00a0<\/span><\/p>\n<p style=\"font-weight: 400\">Vuoden 2016 tuotto 6500 euroa on lahjoitettu 10.1.2017 Vantaanjoen ja Helsingin seudun vesiensuojeluyhdistykselle.<\/p>\n<p style=\"font-weight: 400\">Vuoden 2017 tuotolla\u00a0 <span style=\"color: #000000\">tuimme\u00a0<\/span><span style=\"color: #000000\"><a style=\"color: #000000\" href=\"https:\/\/suomifinland100.fi\/project\/100-suomalaista-vesistotekoa-kampanja\/\">100<\/a> suo<\/span>malaista vesist\u00f6tekoa -kampanjaa.<\/p>\n<p style=\"font-weight: 400\"><a href=\"https:\/\/www.facebook.com\/silakkasoutu\/posts\/3439804666093440\">Silakkasoudun 2019 tuotto 12.000<\/a> \u20ac luovutettiin Vantaanjoen ja Helsingin seudun vesiensuojeluyhdistykselle automaattisten vedenlaatumittausten jatkamiseksi Vantaanjoessa.<\/p>\n<p style=\"font-weight: 400\"><a href=\"https:\/\/www.silakkasoutu.fi\/\" target=\"_blank\" rel=\"noopener\">T\u00e4st\u00e4 linkist\u00e4 silakkasoudun esitteeseen. Tule mukaan soutamaan ja tukemaan It\u00e4merta.<\/a><span style=\"font-size: 16px\">\u00a0<\/span><\/p>\n<h4>Vaikuttava kansainv\u00e4linen verkosto<\/h4>\n<p>Rotary on Chicagossa 23.2.1905 perustettu kansainv\u00e4linen palvelu- ja hyv\u00e4ntekev\u00e4isyysorganisaatio. Rotary Internationalin kotipaikka on Evanston, USA:n osavaltiossa Illinoisissa. Tunnuslauseemme on Palvelu itsekkyyden edelle (Service Above Self).<\/p>\n<p>Rotaryyn kuuluu 1,2 miljoona j\u00e4sent\u00e4 35 000 klubissa yli 200 maassa. Rotary on merkitt\u00e4v\u00e4 kansainv\u00e4linen palvelu- ja hyv\u00e4ntekev\u00e4isyysj\u00e4rjest\u00f6. Suomi on jaettu kuuteen rotarypiiriin, joista yhteen kuuluvat my\u00f6s Viron klubit. Suomessa ja Virossa on yhteens\u00e4 300 klubia, joissa runsaat 10\u00a0000 rotaria.<\/p>\n<p>[\/et_pb_text][\/et_pb_column_inner][\/et_pb_row_inner][\/et_pb_column][et_pb_column type=&#8221;1_3&#8243; _builder_version=&#8221;4.16&#8243; custom_padding=&#8221;|||&#8221; global_colors_info=&#8221;{}&#8221; custom_padding__hover=&#8221;|||&#8221;][et_pb_sidebar area=&#8221;sidebar-1&#8243; module_class=&#8221;sivupalkki_sisalto&#8221; _builder_version=&#8221;4.16&#8243; locked=&#8221;on&#8221; global_colors_info=&#8221;{}&#8221;]<br \/>\n[\/et_pb_sidebar][\/et_pb_column][\/et_pb_section]<\/p>\n","protected":false},"excerpt":{"rendered":"<p>Keit\u00e4 olemme Riihim\u00e4ki-Hausj\u00e4rvi Rotaryklubi on aktiivinen etel\u00e4h\u00e4m\u00e4l\u00e4inen rotaryklubi. Kokoonnumme keskiviikkoisin klo 17.30-19 ja 11.30-12.45 Kirkkopuiston seurakuntakodille tapaamaan toisiamme, kuulemaan kiinnostavia esitelmi\u00e4 ja edist\u00e4m\u00e4\u00e4n hyv\u00e4\u00e4 omalla paikkakunnallamme. K\u00e4ymme my\u00f6s vierailemassa erilaisissa kohteissa. Tuemme kansainv\u00e4lisen Rotaryn humanitaarisia projekteja, osallistumme nuorisovaihtoon ja edist\u00e4mme l\u00e4hiseudun hyvinvointia. Hein\u00e4kuun 2022 alussa Riihim\u00e4en Rotaryklubi ja Hausj\u00e4rvi-Riihim\u00e4ki Rotaryklubi yhdistyiv\u00e4t. Uuden klubin nimeksi tuli [&hellip;]<\/p>\n","protected":false},"author":1,"featured_media":0,"parent":0,"menu_order":0,"comment_status":"closed","ping_status":"closed","template":"","meta":{"_acf_changed":false,"_et_pb_use_builder":"on","_et_pb_old_content":"","_et_gb_content_width":"","footnotes":""},"class_list":["post-129","page","type-page","status-publish","hentry"],"acf":[],"yoast_head":"<!-- This site is optimized with the Yoast SEO plugin v27.4 - https:\/\/yoast.com\/product\/yoast-seo-wordpress\/ -->\n<title>Keit\u00e4 olemme - Riihim\u00e4ki-Hausj\u00e4rvi Rotaryklubi<\/title>\n<meta name=\"robots\" content=\"index, follow, max-snippet:-1, max-image-preview:large, max-video-preview:-1\" \/>\n<link rel=\"canonical\" href=\"https:\/\/rotary.fi\/riihimakihausjarvi\/keita-olemme\/\" \/>\n<meta property=\"og:locale\" content=\"fi_FI\" \/>\n<meta property=\"og:type\" content=\"article\" \/>\n<meta property=\"og:title\" content=\"Keit\u00e4 olemme - Riihim\u00e4ki-Hausj\u00e4rvi Rotaryklubi\" \/>\n<meta property=\"og:description\" content=\"Keit\u00e4 olemme Riihim\u00e4ki-Hausj\u00e4rvi Rotaryklubi on aktiivinen etel\u00e4h\u00e4m\u00e4l\u00e4inen rotaryklubi. Kokoonnumme keskiviikkoisin klo 17.30-19 ja 11.30-12.45 Kirkkopuiston seurakuntakodille tapaamaan toisiamme, kuulemaan kiinnostavia esitelmi\u00e4 ja edist\u00e4m\u00e4\u00e4n hyv\u00e4\u00e4 omalla paikkakunnallamme. K\u00e4ymme my\u00f6s vierailemassa erilaisissa kohteissa. Tuemme kansainv\u00e4lisen Rotaryn humanitaarisia projekteja, osallistumme nuorisovaihtoon ja edist\u00e4mme l\u00e4hiseudun hyvinvointia. Hein\u00e4kuun 2022 alussa Riihim\u00e4en Rotaryklubi ja Hausj\u00e4rvi-Riihim\u00e4ki Rotaryklubi yhdistyiv\u00e4t. Uuden klubin nimeksi tuli [&hellip;]\" \/>\n<meta property=\"og:url\" content=\"https:\/\/rotary.fi\/riihimakihausjarvi\/keita-olemme\/\" \/>\n<meta property=\"og:site_name\" content=\"Riihim\u00e4ki-Hausj\u00e4rvi Rotaryklubi\" \/>\n<meta property=\"article:modified_time\" content=\"2023-08-25T07:36:14+00:00\" \/>\n<meta name=\"twitter:card\" content=\"summary_large_image\" \/>\n<meta name=\"twitter:label1\" content=\"Arvioitu lukuaika\" \/>\n\t<meta name=\"twitter:data1\" content=\"3 minuuttia\" \/>\n<script type=\"application\/ld+json\" class=\"yoast-schema-graph\">{\"@context\":\"https:\\\/\\\/schema.org\",\"@graph\":[{\"@type\":\"WebPage\",\"@id\":\"https:\\\/\\\/rotary.fi\\\/riihimakihausjarvi\\\/keita-olemme\\\/\",\"url\":\"https:\\\/\\\/rotary.fi\\\/riihimakihausjarvi\\\/keita-olemme\\\/\",\"name\":\"Keit\u00e4 olemme - Riihim\u00e4ki-Hausj\u00e4rvi Rotaryklubi\",\"isPartOf\":{\"@id\":\"https:\\\/\\\/rotary.fi\\\/riihimakihausjarvi\\\/#website\"},\"datePublished\":\"2018-08-10T10:41:39+00:00\",\"dateModified\":\"2023-08-25T07:36:14+00:00\",\"breadcrumb\":{\"@id\":\"https:\\\/\\\/rotary.fi\\\/riihimakihausjarvi\\\/keita-olemme\\\/#breadcrumb\"},\"inLanguage\":\"fi\",\"potentialAction\":[{\"@type\":\"ReadAction\",\"target\":[\"https:\\\/\\\/rotary.fi\\\/riihimakihausjarvi\\\/keita-olemme\\\/\"]}]},{\"@type\":\"BreadcrumbList\",\"@id\":\"https:\\\/\\\/rotary.fi\\\/riihimakihausjarvi\\\/keita-olemme\\\/#breadcrumb\",\"itemListElement\":[{\"@type\":\"ListItem\",\"position\":1,\"name\":\"Home\",\"item\":\"https:\\\/\\\/rotary.fi\\\/riihimakihausjarvi\\\/\"},{\"@type\":\"ListItem\",\"position\":2,\"name\":\"Keit\u00e4 olemme\"}]},{\"@type\":\"WebSite\",\"@id\":\"https:\\\/\\\/rotary.fi\\\/riihimakihausjarvi\\\/#website\",\"url\":\"https:\\\/\\\/rotary.fi\\\/riihimakihausjarvi\\\/\",\"name\":\"Riihim\u00e4ki-Hausj\u00e4rvi Rotaryklubi\",\"description\":\"Uusi Rotary klubisivusto\",\"potentialAction\":[{\"@type\":\"SearchAction\",\"target\":{\"@type\":\"EntryPoint\",\"urlTemplate\":\"https:\\\/\\\/rotary.fi\\\/riihimakihausjarvi\\\/?s={search_term_string}\"},\"query-input\":{\"@type\":\"PropertyValueSpecification\",\"valueRequired\":true,\"valueName\":\"search_term_string\"}}],\"inLanguage\":\"fi\"}]}<\/script>\n<!-- \/ Yoast SEO plugin. -->","yoast_head_json":{"title":"Keit\u00e4 olemme - Riihim\u00e4ki-Hausj\u00e4rvi Rotaryklubi","robots":{"index":"index","follow":"follow","max-snippet":"max-snippet:-1","max-image-preview":"max-image-preview:large","max-video-preview":"max-video-preview:-1"},"canonical":"https:\/\/rotary.fi\/riihimakihausjarvi\/keita-olemme\/","og_locale":"fi_FI","og_type":"article","og_title":"Keit\u00e4 olemme - Riihim\u00e4ki-Hausj\u00e4rvi Rotaryklubi","og_description":"Keit\u00e4 olemme Riihim\u00e4ki-Hausj\u00e4rvi Rotaryklubi on aktiivinen etel\u00e4h\u00e4m\u00e4l\u00e4inen rotaryklubi. Kokoonnumme keskiviikkoisin klo 17.30-19 ja 11.30-12.45 Kirkkopuiston seurakuntakodille tapaamaan toisiamme, kuulemaan kiinnostavia esitelmi\u00e4 ja edist\u00e4m\u00e4\u00e4n hyv\u00e4\u00e4 omalla paikkakunnallamme. K\u00e4ymme my\u00f6s vierailemassa erilaisissa kohteissa. Tuemme kansainv\u00e4lisen Rotaryn humanitaarisia projekteja, osallistumme nuorisovaihtoon ja edist\u00e4mme l\u00e4hiseudun hyvinvointia. Hein\u00e4kuun 2022 alussa Riihim\u00e4en Rotaryklubi ja Hausj\u00e4rvi-Riihim\u00e4ki Rotaryklubi yhdistyiv\u00e4t. Uuden klubin nimeksi tuli [&hellip;]","og_url":"https:\/\/rotary.fi\/riihimakihausjarvi\/keita-olemme\/","og_site_name":"Riihim\u00e4ki-Hausj\u00e4rvi Rotaryklubi","article_modified_time":"2023-08-25T07:36:14+00:00","twitter_card":"summary_large_image","twitter_misc":{"Arvioitu lukuaika":"3 minuuttia"},"schema":{"@context":"https:\/\/schema.org","@graph":[{"@type":"WebPage","@id":"https:\/\/rotary.fi\/riihimakihausjarvi\/keita-olemme\/","url":"https:\/\/rotary.fi\/riihimakihausjarvi\/keita-olemme\/","name":"Keit\u00e4 olemme - Riihim\u00e4ki-Hausj\u00e4rvi Rotaryklubi","isPartOf":{"@id":"https:\/\/rotary.fi\/riihimakihausjarvi\/#website"},"datePublished":"2018-08-10T10:41:39+00:00","dateModified":"2023-08-25T07:36:14+00:00","breadcrumb":{"@id":"https:\/\/rotary.fi\/riihimakihausjarvi\/keita-olemme\/#breadcrumb"},"inLanguage":"fi","potentialAction":[{"@type":"ReadAction","target":["https:\/\/rotary.fi\/riihimakihausjarvi\/keita-olemme\/"]}]},{"@type":"BreadcrumbList","@id":"https:\/\/rotary.fi\/riihimakihausjarvi\/keita-olemme\/#breadcrumb","itemListElement":[{"@type":"ListItem","position":1,"name":"Home","item":"https:\/\/rotary.fi\/riihimakihausjarvi\/"},{"@type":"ListItem","position":2,"name":"Keit\u00e4 olemme"}]},{"@type":"WebSite","@id":"https:\/\/rotary.fi\/riihimakihausjarvi\/#website","url":"https:\/\/rotary.fi\/riihimakihausjarvi\/","name":"Riihim\u00e4ki-Hausj\u00e4rvi Rotaryklubi","description":"Uusi Rotary klubisivusto","potentialAction":[{"@type":"SearchAction","target":{"@type":"EntryPoint","urlTemplate":"https:\/\/rotary.fi\/riihimakihausjarvi\/?s={search_term_string}"},"query-input":{"@type":"PropertyValueSpecification","valueRequired":true,"valueName":"search_term_string"}}],"inLanguage":"fi"}]}},"lang":"fi","translations":{"fi":129},"pll_sync_post":[],"_links":{"self":[{"href":"https:\/\/rotary.fi\/riihimakihausjarvi\/wp-json\/wp\/v2\/pages\/129","targetHints":{"allow":["GET"]}}],"collection":[{"href":"https:\/\/rotary.fi\/riihimakihausjarvi\/wp-json\/wp\/v2\/pages"}],"about":[{"href":"https:\/\/rotary.fi\/riihimakihausjarvi\/wp-json\/wp\/v2\/types\/page"}],"author":[{"embeddable":true,"href":"https:\/\/rotary.fi\/riihimakihausjarvi\/wp-json\/wp\/v2\/users\/1"}],"replies":[{"embeddable":true,"href":"https:\/\/rotary.fi\/riihimakihausjarvi\/wp-json\/wp\/v2\/comments?post=129"}],"version-history":[{"count":10,"href":"https:\/\/rotary.fi\/riihimakihausjarvi\/wp-json\/wp\/v2\/pages\/129\/revisions"}],"predecessor-version":[{"id":2194,"href":"https:\/\/rotary.fi\/riihimakihausjarvi\/wp-json\/wp\/v2\/pages\/129\/revisions\/2194"}],"wp:attachment":[{"href":"https:\/\/rotary.fi\/riihimakihausjarvi\/wp-json\/wp\/v2\/media?parent=129"}],"curies":[{"name":"wp","href":"https:\/\/api.w.org\/{rel}","templated":true}]}}