{"id":142,"date":"2018-08-10T14:04:45","date_gmt":"2018-08-10T11:04:45","guid":{"rendered":"https:\/\/rotary.fi\/klubi2\/?page_id=142"},"modified":"2021-08-02T13:25:02","modified_gmt":"2021-08-02T10:25:02","slug":"ilo-esitella","status":"publish","type":"page","link":"https:\/\/rotary.fi\/rcreachsalo\/keita-olemme\/ilo-esitella\/","title":{"rendered":"Ilo esitell\u00e4"},"content":{"rendered":"<p>Hei! Olen Salon uuden Rotary \u00a0klubin RC Reachin 3. presidentti Sirpa Stenstr\u00f6m.<\/p>\n<p><img loading=\"lazy\" decoding=\"async\" class=\"alignnone size-medium wp-image-1888\" src=\"https:\/\/rotary.fi\/rcreachsalo\/wp-content\/uploads\/sites\/116\/2019\/05\/5fe675e5-1676-4140-bbe9-f652e3b6950c-1-300x251.jpg\" alt=\"\" width=\"300\" height=\"251\" srcset=\"https:\/\/rotary.fi\/rcreachsalo\/wp-content\/uploads\/sites\/116\/2019\/05\/5fe675e5-1676-4140-bbe9-f652e3b6950c-1-300x251.jpg 300w, https:\/\/rotary.fi\/rcreachsalo\/wp-content\/uploads\/sites\/116\/2019\/05\/5fe675e5-1676-4140-bbe9-f652e3b6950c-1-768x643.jpg 768w, https:\/\/rotary.fi\/rcreachsalo\/wp-content\/uploads\/sites\/116\/2019\/05\/5fe675e5-1676-4140-bbe9-f652e3b6950c-1.jpg 973w\" sizes=\"(max-width: 300px) 100vw, 300px\" \/><\/p>\n<p>Olen pitk\u00e4\u00e4n kulkenut Rotary toiminnassa mukana, koska mieheni Erik Stenstr\u00f6m on ollut Rotary jo vuodesta 1994. Olen aloittanut Rotaryn hieman erilaisella tavalla. Kulkenut Erikin mukana erilaisissa koulutuksissa ja juhlissa yli 20 vuotta, ennen kuin l\u00e4hdin Rotaryksi. Erik oli kuvern\u00f6\u00f6ri vuonna 2017-2018 .K\u00e4vimme yhdess\u00e4 San Diegossa kuvern\u00f6\u00f6rikoulutuksen vuonna 2017. Tuolloin teemana oli Making A Difference. \u00a0Kuvern\u00f6\u00f6rikierros on upea kokemus, jota tein Erikin kanssa tuolloin. Silloin tehtiin kierrosta ilolla, muutoksella ja toiminnalla. Saman ajatuksen toivon saamani klubiimme kokouksen sis\u00e4lt\u00f6\u00f6n aina, kun kokoonnumme. Teimme elokuussa 2020 \u00a0uudelleen Ankanuiton, jolla teemme paikallisesti hyv\u00e4ntekev\u00e4isyytt\u00e4, tuemme Salossa eri tavoin lapsia ja nuoria \u00a0sek\u00e4 erityislapsia ja -nuoria. T\u00e4rke\u00e4n\u00e4 n\u00e4emme my\u00f6s nuorisovaihdon, mutta t\u00e4ss\u00e4 korona hetkess\u00e4 kaikki asiat eiv\u00e4t ole nyt mahdollisia. Globaalisuus ja paikallinen toiminta t\u00e4rkeit\u00e4 isoja asioita klubissamme. Yst\u00e4vyysvaihtoa (RFE) olisi mukava tehd\u00e4, mutta sekin saa nyt odottaa. Viel\u00e4 sekin aika koittaa.<\/p>\n<p>Itsest\u00e4ni sen verran, ett\u00e4 ker\u00e4ilen pingviinej\u00e4, niit\u00e4 on iso joukko ker\u00e4\u00e4ntynyt kaappiini. Er\u00e4s Rotaryherra Intiasta, jossa olimme yst\u00e4vyysvaihdossa, matkusti Austaraliaan ja l\u00e4hetti sielt\u00e4 minulle pingviinin. Mutta unohti kirjoittaa maan tunnuksen kuoreeseen, jonne sen l\u00e4hett\u00e4\u00e4. Se kulki maita ja mantuja ja l\u00f6ytyi kotimme postilaatikkoon puoli vuotta my\u00f6hemmin. Parempi my\u00f6h\u00e4\u00e4n, kuin ei milloinkaan.<\/p>\n<p>Kauteni teema on Rotary Opens Opportunities. T\u00e4st\u00e4 on hyv\u00e4 alkaa matkaa, kohti uutta.<\/p>\n<p>Jos kiinnostuit klubistamme, tule moikkaa meit\u00e4, kokoonnumme kaksi kertaa kuukaudessa.<\/p>\n<p>&nbsp;<\/p>\n<p>&nbsp;<\/p>\n<p><span style=\"font-family: 'Calibri',sans-serif\"><span style=\"color: #000000;font-size: medium\">Hei, olen nuoren klubimme entinen presidentti P\u00e4ivi.<\/span><\/span><\/p>\n<p><img loading=\"lazy\" decoding=\"async\" class=\"alignnone size-medium wp-image-2128\" src=\"https:\/\/rotary.fi\/rcreachsalo\/wp-content\/uploads\/sites\/116\/2019\/06\/paivi-1-2-300x254.jpeg\" alt=\"\" width=\"300\" height=\"254\" srcset=\"https:\/\/rotary.fi\/rcreachsalo\/wp-content\/uploads\/sites\/116\/2019\/06\/paivi-1-2-300x254.jpeg 300w, https:\/\/rotary.fi\/rcreachsalo\/wp-content\/uploads\/sites\/116\/2019\/06\/paivi-1-2-768x649.jpeg 768w, https:\/\/rotary.fi\/rcreachsalo\/wp-content\/uploads\/sites\/116\/2019\/06\/paivi-1-2.jpeg 802w\" sizes=\"(max-width: 300px) 100vw, 300px\" \/><\/p>\n<p><span style=\"font-family: 'Calibri',sans-serif\"><span style=\"color: #000000;font-size: medium\">Rotary-toimintaan minut houkutteli mukaan klubimme perustajat Erik ja Sirpa. Olen ollut mukana perustamiskokouksesta asti. On ollut hienoa olla luomassa jotain uutta ja vaalia sen jatkuvuutta. Paikallinen ja kansainv\u00e4linen toiminta, verkostoituminen ja hyv\u00e4ntekeminen yhdess\u00e4 antavat paljon. <\/span><\/span><\/p>\n<p><span style=\"font-family: 'Calibri',sans-serif\"><span style=\"color: #000000;font-size: medium\">Minun kauteni vuositeema oli: Rotary yhdist\u00e4\u00e4 maailman. <\/span><\/span><\/p>\n<p><span style=\"font-family: 'Calibri',sans-serif\"><span style=\"color: #000000;font-size: medium\">Meit\u00e4 on jo 1,2 miljoonaa. Tul sin\u00e4ki mukka!<\/span><\/span><\/p>\n<p data-wp-editing=\"1\">J\u00e4senemme Erik Stenstr\u00f6m:<\/p>\n<p><img loading=\"lazy\" decoding=\"async\" class=\"alignnone size-medium wp-image-2140\" src=\"https:\/\/rotary.fi\/rcreachsalo\/wp-content\/uploads\/sites\/116\/2019\/07\/2-300x169.jpg\" alt=\"\" width=\"300\" height=\"169\" srcset=\"https:\/\/rotary.fi\/rcreachsalo\/wp-content\/uploads\/sites\/116\/2019\/07\/2-300x169.jpg 300w, https:\/\/rotary.fi\/rcreachsalo\/wp-content\/uploads\/sites\/116\/2019\/07\/2-768x432.jpg 768w, https:\/\/rotary.fi\/rcreachsalo\/wp-content\/uploads\/sites\/116\/2019\/07\/2-1024x576.jpg 1024w, https:\/\/rotary.fi\/rcreachsalo\/wp-content\/uploads\/sites\/116\/2019\/07\/2-1080x607.jpg 1080w, https:\/\/rotary.fi\/rcreachsalo\/wp-content\/uploads\/sites\/116\/2019\/07\/2.jpg 1473w\" sizes=\"(max-width: 300px) 100vw, 300px\" \/><img loading=\"lazy\" decoding=\"async\" class=\"alignnone size-full wp-image-2139\" src=\"https:\/\/rotary.fi\/rcreachsalo\/wp-content\/uploads\/sites\/116\/2019\/07\/1.jpg\" alt=\"\" width=\"160\" height=\"160\" srcset=\"https:\/\/rotary.fi\/rcreachsalo\/wp-content\/uploads\/sites\/116\/2019\/07\/1.jpg 160w, https:\/\/rotary.fi\/rcreachsalo\/wp-content\/uploads\/sites\/116\/2019\/07\/1-150x150.jpg 150w\" sizes=\"(max-width: 160px) 100vw, 160px\" \/><\/p>\n<p>Jos Sirpa on meid\u00e4n klubi-\u00e4iti, niin min\u00e4 olen kyll\u00e4 se klubi-is\u00e4. Meid\u00e4n Rc Reac-klubin syntysanat on kirjoitettu silloin kun minusta tuli piirin Kuver\u00f6\u00f6ri 2017 hein\u00e4kuussa.<\/p>\n<p>Olen ollut Rotary vuodesta 1994, joten pitk\u00e4 ura jo takana. Tulevaisuus n\u00e4ytt\u00e4\u00e4 viel\u00e4 t\u00e4m\u00e4n uuden klubin my\u00f6t\u00e4 kirkkaalta.<\/p>\n<p>Pitk\u00e4n urani aikana olen toiminut Someron klubin Presidenttin\u00e4 2004-2005. Olin my\u00f6s piirin AG ( assistant Governor) Alueella 5 vuosina 2014-2017.<\/p>\n<p>Piirin 1410 Kuvern\u00f6\u00f6rin\u00e4 toimin 2017-2018, t\u00e4m\u00e4n vuoden teemana oli: Making A Difference.<\/p>\n<p>Rotary Zone 15 ARC 2018-jatkuu.<\/p>\n<p>Uusimpana roolina minulla on Rotary Zone 17 RC ( Rotary Coordinator) 2019-2022 . Toimialueenani minulla on Suomen lis\u00e4ksi, Ruotsi, Viro, Latvia ja Ven\u00e4j\u00e4.<\/p>\n<p>RC Reach Salo klubi on Salon uusin klubi, olemme saaneet hienon alun t\u00e4m\u00e4n klubin kanssa. Tapahtumia menneisyydess\u00e4 ja tulevaisuudessa n\u00e4kyviss\u00e4 monenlaisia. Kannattaakin tutustua sivuihimme ja l\u00f6yt\u00e4\u00e4 tapahtumat-osiosta mit\u00e4 on tulossa!<\/p>\n<p>&nbsp;<\/p>\n<p>&nbsp;<\/p>\n<p>J\u00e4senemme Helena:<\/p>\n<p><img loading=\"lazy\" decoding=\"async\" class=\"alignnone size-medium wp-image-2155\" src=\"https:\/\/rotary.fi\/rcreachsalo\/wp-content\/uploads\/sites\/116\/2019\/09\/helena-e1569835331255-200x300.jpg\" alt=\"\" width=\"200\" height=\"300\" \/><\/p>\n<p><span style=\"color: black;font-family: 'Arial',sans-serif;font-size: 11pt\">Hei!<\/span><\/p>\n<p><span style=\"color: black;font-family: 'Arial',sans-serif;font-size: 11pt\">Olen<br \/>\nluomu-kasvinviljelytilan em\u00e4nt\u00e4, Maatilan Pellervoon juttuja tekev\u00e4<br \/>\ntoimittaja\/kuvaaja sek\u00e4 pienen perheyrityksemme toimitusjohtaja.<\/span><\/p>\n<p><span style=\"color: black;font-family: 'Arial',sans-serif;font-size: 11pt\">Asun Somerolla puolisoni<br \/>\nMikon kanssa, joka toimii rotarypiirimme kuvern\u00f6\u00f6rin\u00e4 vuosina 2021-22.<\/span><\/p>\n<p>&nbsp;<\/p>\n<p>J\u00e4senemme Merja:<\/p>\n<p><img loading=\"lazy\" decoding=\"async\" class=\"alignnone size-medium wp-image-2166\" src=\"https:\/\/rotary.fi\/rcreachsalo\/wp-content\/uploads\/sites\/116\/2019\/10\/merja-233x300.png\" alt=\"\" width=\"233\" height=\"300\" srcset=\"https:\/\/rotary.fi\/rcreachsalo\/wp-content\/uploads\/sites\/116\/2019\/10\/merja-233x300.png 233w, https:\/\/rotary.fi\/rcreachsalo\/wp-content\/uploads\/sites\/116\/2019\/10\/merja.png 240w\" sizes=\"(max-width: 233px) 100vw, 233px\" \/><\/p>\n<p>Hei, liityin uuteen klubiimme my\u00f6s l\u00e4hes alkumetreill\u00e4 silloisen presidenttimme P\u00e4ivin innostamana. Rotary-maailmasta en tiennyt ennen oikeastaan muuta kuin tukemisen vaihto-oppilastoiminnassa. Uusi klubi vaikutti kuitenkin kiinnostavalta ja toimintatarkoitukseltaan mielekk\u00e4\u00e4lt\u00e4. Ensimm\u00e4isess\u00e4 kokouksessa p\u00e4\u00e4tin jo l\u00e4hte\u00e4 mukaan. Ja ensimm\u00e4inen vuosi onkin ollut tapahtumarikas ja tuonut el\u00e4m\u00e4\u00e4n uusia yst\u00e4vi\u00e4.<\/p>\n<p>Yhdistystoiminta on tuttua jo laulukuoron ja golfseuran parissa toimimisesta.\u00a0 Jos kiinnostuit Salo Reachin toiminnasta, \u00e4l\u00e4 ep\u00e4r\u00f6i ottaa yhteytt\u00e4. Olen mielell\u00e4ni j\u00e4senkummisi.<\/p>\n<p>Terkuin, Merja<\/p>\n<p>&nbsp;<\/p>\n<p>J\u00e4senemme Nina:<\/p>\n<p><span style=\"font-family: 'Calibri',sans-serif\"><span style=\"color: #000000;font-size: medium\"><img loading=\"lazy\" decoding=\"async\" class=\"alignnone size-medium wp-image-2172\" src=\"https:\/\/rotary.fi\/rcreachsalo\/wp-content\/uploads\/sites\/116\/2019\/11\/ninnu-300x300.jpg\" alt=\"\" width=\"300\" height=\"300\" \/><\/span><\/span><\/p>\n<p>Moikka!<\/p>\n<p>Nimeni on Nina Takatalo. Olen salolainen 37 vuotias nainen, yhden lapsen \u00e4iti ja kolmen koiran &#8221;palvelija&#8221;(kaikessa rakkaudessa), avopuoliso sek\u00e4 yritt\u00e4j\u00e4.<\/p>\n<p>Asumme maalla avopuolisoni luomutilalla ja nautin siit\u00e4 valtavasti, tykk\u00e4\u00e4n luonnosta paljon ja on mielenkiintoista seurata luomuviljely\u00e4 ja sen kehittymist\u00e4.<\/p>\n<p>Olen Rc Reach Salo klubin perustajaj\u00e4sen, mukaan minua pyysi Sirpa Stenstr\u00f6m, jonka kanssa olemme tehneet yhteisty\u00f6t\u00e4 jo MLL kuvioiden puitteissa.<\/p>\n<p>Toimin ensimm\u00e4isen kauden klubimestarina ja nyt toimin nuorisovaihtoasiamiehen\u00e4. Nuorisovaihto on ollut minulle syy l\u00e4hte\u00e4 mukaan rotarytoimintaan. Haluan mahdollistaa nuorille turvallisen v\u00e4yl\u00e4n vaihtoon eri puolille maailmaa. Olen itse ollut vaihto-oppilaana ja koen, ett\u00e4 omasta kokemuksestani on paljon hy\u00f6ty\u00e4 teht\u00e4v\u00e4ss\u00e4ni.<\/p>\n<p>Mukavaa kun tutustuit tekstiini, n\u00e4hd\u00e4\u00e4n ja kuullaan!<\/p>\n<p>&nbsp;<\/p>\n<p>J\u00e4senemme Antti:<\/p>\n<p><span lang=\"FI\"><span style=\"color: #000000;font-family: Calibri;font-size: medium\"><span style=\"font-family: 'Calibri',sans-serif\"><span style=\"color: #000000;font-size: medium\"><img loading=\"lazy\" decoding=\"async\" class=\"alignnone size-medium wp-image-2175\" src=\"https:\/\/rotary.fi\/rcreachsalo\/wp-content\/uploads\/sites\/116\/2019\/11\/mies-217x300.jpg\" alt=\"\" width=\"217\" height=\"300\" srcset=\"https:\/\/rotary.fi\/rcreachsalo\/wp-content\/uploads\/sites\/116\/2019\/11\/mies-217x300.jpg 217w, https:\/\/rotary.fi\/rcreachsalo\/wp-content\/uploads\/sites\/116\/2019\/11\/mies.jpg 354w\" sizes=\"(max-width: 217px) 100vw, 217px\" \/><\/span><\/span><\/span><\/span><\/p>\n<p><span lang=\"FI\"><span style=\"color: #000000;font-family: Calibri;font-size: medium\">Olen liittynyt rotareihin, Porin Telj\u00e4n klubiin, maaliskuussa 1983. T\u00e4ss\u00e4 ensimm\u00e4isess\u00e4 klubissani olen toiminut mm. sihteerin\u00e4 ja presidenttin\u00e4. Vuonna 2008 toimin silloin piirin GSE -tiimin vet\u00e4j\u00e4n\u00e4 kuukauden ajan USA:n Minnesotassa. S\u00e4\u00e4nt\u00f6jen mukaan vet\u00e4j\u00e4n piti olla kokenut rotari ja ryhm\u00e4n 4 osallistujaa tai heid\u00e4n vanhempansakaan eiv\u00e4t saaneet olla rotareita. Sittemmin kaksi tiimil\u00e4isist\u00e4 on liittynyt rotareihin. GSE (Group Study Exchange) on my\u00f6hemmin muutettu pienempimuotoisemmaksi toiminnaksi. <\/span><\/span><\/p>\n<p><span lang=\"FI\"><span style=\"color: #000000;font-family: Calibri;font-size: medium\">Muutama vuosi sitten muutin Turkuun, ensisijaisena syyn\u00e4 omat lapset ja lapsenlapset. Sattumalta t\u00f6rm\u00e4sin Turun Samppalinnan klubin presidenttiin joka kysyi joko olet liittynyt johonkin turkulaiseen klubiin? Vastattuani kielteisesti h\u00e4n pyysi minua j\u00e4seneksi ja suostuin. N\u00e4in meni sitten jonkin aikaa. <\/span><\/span><\/p>\n<p><span lang=\"FI\"><span style=\"color: #000000;font-family: Calibri;font-size: medium\">Toimin piirin 1410 kuvern\u00f6\u00f6rin\u00e4 2014-15, RI:n presidentti oli tuolloin taiwanilainen Gary Huang ja vuositeemana \u201dLight-Up Rotary\u201d (Rotary n\u00e4kyv\u00e4ksi). Samoihin aikoihin Erik Stenstr\u00f6m toimi AG:n roolissa ja oli ilo tutustua h\u00e4neen ja vaimoonsa Sirpaan. Useiden henkil\u00f6kohtaisten tapaamisten ohella tuli esille Erikin ajatus perustaa Saloon uusi klubi, Reach Salo. Erik houkutteli minua uuden klubin j\u00e4seneksi ja niinh\u00e4n siin\u00e4 sitten k\u00e4vi! Ep\u00e4r\u00f6in ehk\u00e4 hetken mutta ajattelin ett\u00e4 uuden klubin keski-ik\u00e4 j\u00e4isi kovin nuoreksi ja naisvaltaiseksi jos en liittyisi!<\/span><\/span><\/p>\n<p><span lang=\"FI\"><span style=\"color: #000000;font-family: Calibri;font-size: medium\">Siviility\u00f6ni olen tehnyt p\u00e4\u00e4siassa suomalaisten suuryritysten globaaleissa markkinointiteht\u00e4viss\u00e4.<\/span><\/span><\/p>\n<p>&nbsp;<\/p>\n","protected":false},"excerpt":{"rendered":"<p>Hei! Olen Salon uuden Rotary \u00a0klubin RC Reachin 3. presidentti Sirpa Stenstr\u00f6m. Olen pitk\u00e4\u00e4n kulkenut Rotary toiminnassa mukana, koska mieheni Erik Stenstr\u00f6m on ollut Rotary jo vuodesta 1994. Olen aloittanut Rotaryn hieman erilaisella tavalla. Kulkenut Erikin mukana erilaisissa koulutuksissa ja juhlissa yli 20 vuotta, ennen kuin l\u00e4hdin Rotaryksi. Erik oli kuvern\u00f6\u00f6ri vuonna 2017-2018 .K\u00e4vimme yhdess\u00e4 [&hellip;]<\/p>\n","protected":false},"author":1,"featured_media":0,"parent":129,"menu_order":0,"comment_status":"closed","ping_status":"closed","template":"","meta":{"_acf_changed":false,"_et_pb_use_builder":"off","_et_pb_old_content":"J\u00e4senemme Erik Stenstr\u00f6m:\r\n\r\n<img class=\"alignnone size-medium wp-image-2140\" src=\"https:\/\/rotary.fi\/rcreachsalo\/wp-content\/uploads\/sites\/116\/2019\/07\/2-300x169.jpg\" alt=\"\" width=\"300\" height=\"169\" \/><img class=\"alignnone size-full wp-image-2139\" src=\"https:\/\/rotary.fi\/rcreachsalo\/wp-content\/uploads\/sites\/116\/2019\/07\/1.jpg\" alt=\"\" width=\"160\" height=\"160\" \/>\r\n\r\nJos Sirpa on meid\u00e4n klubi-\u00e4iti, niin min\u00e4 olen kyll\u00e4 se klubi-is\u00e4. Meid\u00e4n Rc Reac-klubin syntysanat on kirjoitettu silloin kun minusta tuli piirin Kuver\u00f6\u00f6ri 2017 hein\u00e4kuussa.\r\n\r\nOlen ollut Rotary vuodesta 1994, joten pitk\u00e4 ura jo takana. Tulevaisuus n\u00e4ytt\u00e4\u00e4 viel\u00e4 t\u00e4m\u00e4n uuden klubin my\u00f6t\u00e4 kirkkaalta.\r\n\r\nPitk\u00e4n urani aikana olen toiminut Someron klubin Presidenttin\u00e4 2004-2005. Olin my\u00f6s piirin AG ( assistant Governor) Alueella 5 vuosina 2014-2017.\r\n\r\nPiirin 1410 Kuvern\u00f6\u00f6rin\u00e4 toimin 2017-2018, t\u00e4m\u00e4n vuoden teemana oli: Making A Difference.\r\n\r\nRotary Zone 15 ARC 2018-jatkuu.\r\n\r\nUusimpana roolina minulla on Rotary Zone 17 RC ( Rotary Coordinator) 2019-2022 . Toimialueenani minulla on Suomen lis\u00e4ksi, Ruotsi, Viro, Latvia ja Ven\u00e4j\u00e4.\r\n\r\nRC Reach Salo klubi on Salon uusin klubi, olemme saaneet hienon alun t\u00e4m\u00e4n klubin kanssa. Tapahtumia menneisyydess\u00e4 ja tulevaisuudessa n\u00e4kyviss\u00e4 monenlaisia. Kannattaakin tutustua sivuihimme ja l\u00f6yt\u00e4\u00e4 tapahtumat-osiosta mit\u00e4 on tulossa!","_et_gb_content_width":"","footnotes":""},"class_list":["post-142","page","type-page","status-publish","hentry"],"acf":[],"yoast_head":"<!-- This site is optimized with the Yoast SEO plugin v27.4 - https:\/\/yoast.com\/product\/yoast-seo-wordpress\/ -->\n<title>Ilo esitell\u00e4 - RC Reach Salo<\/title>\n<meta name=\"robots\" content=\"index, follow, max-snippet:-1, max-image-preview:large, max-video-preview:-1\" \/>\n<link rel=\"canonical\" href=\"https:\/\/rotary.fi\/rcreachsalo\/keita-olemme\/ilo-esitella\/\" \/>\n<meta property=\"og:locale\" content=\"fi_FI\" \/>\n<meta property=\"og:type\" content=\"article\" \/>\n<meta property=\"og:title\" content=\"Ilo esitell\u00e4 - RC Reach Salo\" \/>\n<meta property=\"og:description\" content=\"Hei! Olen Salon uuden Rotary \u00a0klubin RC Reachin 3. presidentti Sirpa Stenstr\u00f6m. Olen pitk\u00e4\u00e4n kulkenut Rotary toiminnassa mukana, koska mieheni Erik Stenstr\u00f6m on ollut Rotary jo vuodesta 1994. Olen aloittanut Rotaryn hieman erilaisella tavalla. Kulkenut Erikin mukana erilaisissa koulutuksissa ja juhlissa yli 20 vuotta, ennen kuin l\u00e4hdin Rotaryksi. Erik oli kuvern\u00f6\u00f6ri vuonna 2017-2018 .K\u00e4vimme yhdess\u00e4 [&hellip;]\" \/>\n<meta property=\"og:url\" content=\"https:\/\/rotary.fi\/rcreachsalo\/keita-olemme\/ilo-esitella\/\" \/>\n<meta property=\"og:site_name\" content=\"RC Reach Salo\" \/>\n<meta property=\"article:modified_time\" content=\"2021-08-02T10:25:02+00:00\" \/>\n<meta property=\"og:image\" content=\"https:\/\/rotary.fi\/rcreachsalo\/wp-content\/uploads\/sites\/116\/2019\/05\/5fe675e5-1676-4140-bbe9-f652e3b6950c-1-300x251.jpg\" \/>\n<meta name=\"twitter:card\" content=\"summary_large_image\" \/>\n<meta name=\"twitter:label1\" content=\"Arvioitu lukuaika\" \/>\n\t<meta name=\"twitter:data1\" content=\"6 minuuttia\" \/>\n<script type=\"application\/ld+json\" class=\"yoast-schema-graph\">{\"@context\":\"https:\\\/\\\/schema.org\",\"@graph\":[{\"@type\":\"WebPage\",\"@id\":\"https:\\\/\\\/rotary.fi\\\/rcreachsalo\\\/keita-olemme\\\/ilo-esitella\\\/\",\"url\":\"https:\\\/\\\/rotary.fi\\\/rcreachsalo\\\/keita-olemme\\\/ilo-esitella\\\/\",\"name\":\"Ilo esitell\u00e4 - RC Reach Salo\",\"isPartOf\":{\"@id\":\"https:\\\/\\\/rotary.fi\\\/rcreachsalo\\\/#website\"},\"primaryImageOfPage\":{\"@id\":\"https:\\\/\\\/rotary.fi\\\/rcreachsalo\\\/keita-olemme\\\/ilo-esitella\\\/#primaryimage\"},\"image\":{\"@id\":\"https:\\\/\\\/rotary.fi\\\/rcreachsalo\\\/keita-olemme\\\/ilo-esitella\\\/#primaryimage\"},\"thumbnailUrl\":\"https:\\\/\\\/rotary.fi\\\/rcreachsalo\\\/wp-content\\\/uploads\\\/sites\\\/116\\\/2019\\\/05\\\/5fe675e5-1676-4140-bbe9-f652e3b6950c-1-300x251.jpg\",\"datePublished\":\"2018-08-10T11:04:45+00:00\",\"dateModified\":\"2021-08-02T10:25:02+00:00\",\"breadcrumb\":{\"@id\":\"https:\\\/\\\/rotary.fi\\\/rcreachsalo\\\/keita-olemme\\\/ilo-esitella\\\/#breadcrumb\"},\"inLanguage\":\"fi\",\"potentialAction\":[{\"@type\":\"ReadAction\",\"target\":[\"https:\\\/\\\/rotary.fi\\\/rcreachsalo\\\/keita-olemme\\\/ilo-esitella\\\/\"]}]},{\"@type\":\"ImageObject\",\"inLanguage\":\"fi\",\"@id\":\"https:\\\/\\\/rotary.fi\\\/rcreachsalo\\\/keita-olemme\\\/ilo-esitella\\\/#primaryimage\",\"url\":\"https:\\\/\\\/rotary.fi\\\/rcreachsalo\\\/wp-content\\\/uploads\\\/sites\\\/116\\\/2019\\\/05\\\/5fe675e5-1676-4140-bbe9-f652e3b6950c-1.jpg\",\"contentUrl\":\"https:\\\/\\\/rotary.fi\\\/rcreachsalo\\\/wp-content\\\/uploads\\\/sites\\\/116\\\/2019\\\/05\\\/5fe675e5-1676-4140-bbe9-f652e3b6950c-1.jpg\",\"width\":973,\"height\":815},{\"@type\":\"BreadcrumbList\",\"@id\":\"https:\\\/\\\/rotary.fi\\\/rcreachsalo\\\/keita-olemme\\\/ilo-esitella\\\/#breadcrumb\",\"itemListElement\":[{\"@type\":\"ListItem\",\"position\":1,\"name\":\"Home\",\"item\":\"https:\\\/\\\/rotary.fi\\\/rcreachsalo\\\/\"},{\"@type\":\"ListItem\",\"position\":2,\"name\":\"Keit\u00e4 olemme\",\"item\":\"https:\\\/\\\/rotary.fi\\\/rcreachsalo\\\/keita-olemme\\\/\"},{\"@type\":\"ListItem\",\"position\":3,\"name\":\"Ilo esitell\u00e4\"}]},{\"@type\":\"WebSite\",\"@id\":\"https:\\\/\\\/rotary.fi\\\/rcreachsalo\\\/#website\",\"url\":\"https:\\\/\\\/rotary.fi\\\/rcreachsalo\\\/\",\"name\":\"RC Reach Salo\",\"description\":\"Uusi Rotary klubisivusto\",\"potentialAction\":[{\"@type\":\"SearchAction\",\"target\":{\"@type\":\"EntryPoint\",\"urlTemplate\":\"https:\\\/\\\/rotary.fi\\\/rcreachsalo\\\/?s={search_term_string}\"},\"query-input\":{\"@type\":\"PropertyValueSpecification\",\"valueRequired\":true,\"valueName\":\"search_term_string\"}}],\"inLanguage\":\"fi\"}]}<\/script>\n<!-- \/ Yoast SEO plugin. -->","yoast_head_json":{"title":"Ilo esitell\u00e4 - RC Reach Salo","robots":{"index":"index","follow":"follow","max-snippet":"max-snippet:-1","max-image-preview":"max-image-preview:large","max-video-preview":"max-video-preview:-1"},"canonical":"https:\/\/rotary.fi\/rcreachsalo\/keita-olemme\/ilo-esitella\/","og_locale":"fi_FI","og_type":"article","og_title":"Ilo esitell\u00e4 - RC Reach Salo","og_description":"Hei! Olen Salon uuden Rotary \u00a0klubin RC Reachin 3. presidentti Sirpa Stenstr\u00f6m. Olen pitk\u00e4\u00e4n kulkenut Rotary toiminnassa mukana, koska mieheni Erik Stenstr\u00f6m on ollut Rotary jo vuodesta 1994. Olen aloittanut Rotaryn hieman erilaisella tavalla. Kulkenut Erikin mukana erilaisissa koulutuksissa ja juhlissa yli 20 vuotta, ennen kuin l\u00e4hdin Rotaryksi. Erik oli kuvern\u00f6\u00f6ri vuonna 2017-2018 .K\u00e4vimme yhdess\u00e4 [&hellip;]","og_url":"https:\/\/rotary.fi\/rcreachsalo\/keita-olemme\/ilo-esitella\/","og_site_name":"RC Reach Salo","article_modified_time":"2021-08-02T10:25:02+00:00","og_image":[{"url":"https:\/\/rotary.fi\/rcreachsalo\/wp-content\/uploads\/sites\/116\/2019\/05\/5fe675e5-1676-4140-bbe9-f652e3b6950c-1-300x251.jpg","type":"","width":"","height":""}],"twitter_card":"summary_large_image","twitter_misc":{"Arvioitu lukuaika":"6 minuuttia"},"schema":{"@context":"https:\/\/schema.org","@graph":[{"@type":"WebPage","@id":"https:\/\/rotary.fi\/rcreachsalo\/keita-olemme\/ilo-esitella\/","url":"https:\/\/rotary.fi\/rcreachsalo\/keita-olemme\/ilo-esitella\/","name":"Ilo esitell\u00e4 - RC Reach Salo","isPartOf":{"@id":"https:\/\/rotary.fi\/rcreachsalo\/#website"},"primaryImageOfPage":{"@id":"https:\/\/rotary.fi\/rcreachsalo\/keita-olemme\/ilo-esitella\/#primaryimage"},"image":{"@id":"https:\/\/rotary.fi\/rcreachsalo\/keita-olemme\/ilo-esitella\/#primaryimage"},"thumbnailUrl":"https:\/\/rotary.fi\/rcreachsalo\/wp-content\/uploads\/sites\/116\/2019\/05\/5fe675e5-1676-4140-bbe9-f652e3b6950c-1-300x251.jpg","datePublished":"2018-08-10T11:04:45+00:00","dateModified":"2021-08-02T10:25:02+00:00","breadcrumb":{"@id":"https:\/\/rotary.fi\/rcreachsalo\/keita-olemme\/ilo-esitella\/#breadcrumb"},"inLanguage":"fi","potentialAction":[{"@type":"ReadAction","target":["https:\/\/rotary.fi\/rcreachsalo\/keita-olemme\/ilo-esitella\/"]}]},{"@type":"ImageObject","inLanguage":"fi","@id":"https:\/\/rotary.fi\/rcreachsalo\/keita-olemme\/ilo-esitella\/#primaryimage","url":"https:\/\/rotary.fi\/rcreachsalo\/wp-content\/uploads\/sites\/116\/2019\/05\/5fe675e5-1676-4140-bbe9-f652e3b6950c-1.jpg","contentUrl":"https:\/\/rotary.fi\/rcreachsalo\/wp-content\/uploads\/sites\/116\/2019\/05\/5fe675e5-1676-4140-bbe9-f652e3b6950c-1.jpg","width":973,"height":815},{"@type":"BreadcrumbList","@id":"https:\/\/rotary.fi\/rcreachsalo\/keita-olemme\/ilo-esitella\/#breadcrumb","itemListElement":[{"@type":"ListItem","position":1,"name":"Home","item":"https:\/\/rotary.fi\/rcreachsalo\/"},{"@type":"ListItem","position":2,"name":"Keit\u00e4 olemme","item":"https:\/\/rotary.fi\/rcreachsalo\/keita-olemme\/"},{"@type":"ListItem","position":3,"name":"Ilo esitell\u00e4"}]},{"@type":"WebSite","@id":"https:\/\/rotary.fi\/rcreachsalo\/#website","url":"https:\/\/rotary.fi\/rcreachsalo\/","name":"RC Reach Salo","description":"Uusi Rotary klubisivusto","potentialAction":[{"@type":"SearchAction","target":{"@type":"EntryPoint","urlTemplate":"https:\/\/rotary.fi\/rcreachsalo\/?s={search_term_string}"},"query-input":{"@type":"PropertyValueSpecification","valueRequired":true,"valueName":"search_term_string"}}],"inLanguage":"fi"}]}},"lang":"fi","translations":{"fi":142},"pll_sync_post":[],"_links":{"self":[{"href":"https:\/\/rotary.fi\/rcreachsalo\/wp-json\/wp\/v2\/pages\/142","targetHints":{"allow":["GET"]}}],"collection":[{"href":"https:\/\/rotary.fi\/rcreachsalo\/wp-json\/wp\/v2\/pages"}],"about":[{"href":"https:\/\/rotary.fi\/rcreachsalo\/wp-json\/wp\/v2\/types\/page"}],"author":[{"embeddable":true,"href":"https:\/\/rotary.fi\/rcreachsalo\/wp-json\/wp\/v2\/users\/1"}],"replies":[{"embeddable":true,"href":"https:\/\/rotary.fi\/rcreachsalo\/wp-json\/wp\/v2\/comments?post=142"}],"version-history":[{"count":32,"href":"https:\/\/rotary.fi\/rcreachsalo\/wp-json\/wp\/v2\/pages\/142\/revisions"}],"predecessor-version":[{"id":2246,"href":"https:\/\/rotary.fi\/rcreachsalo\/wp-json\/wp\/v2\/pages\/142\/revisions\/2246"}],"up":[{"embeddable":true,"href":"https:\/\/rotary.fi\/rcreachsalo\/wp-json\/wp\/v2\/pages\/129"}],"wp:attachment":[{"href":"https:\/\/rotary.fi\/rcreachsalo\/wp-json\/wp\/v2\/media?parent=142"}],"curies":[{"name":"wp","href":"https:\/\/api.w.org\/{rel}","templated":true}]}}