{"id":129,"date":"2018-08-10T13:41:39","date_gmt":"2018-08-10T10:41:39","guid":{"rendered":"https:\/\/rotary.fi\/klubi2\/?page_id=129"},"modified":"2022-09-26T17:42:51","modified_gmt":"2022-09-26T14:42:51","slug":"keita-olemme","status":"publish","type":"page","link":"https:\/\/rotary.fi\/rcreachsalo\/keita-olemme\/","title":{"rendered":"Keit\u00e4 olemme"},"content":{"rendered":"<p>[et_pb_section admin_label=&#8221;section&#8221;]<br \/>\n\t\t\t[et_pb_row admin_label=&#8221;row&#8221;]<br \/>\n\t\t\t\t[et_pb_column type=&#8221;4_4&#8243;][et_pb_text admin_label=&#8221;Text&#8221;]<img loading=\"lazy\" decoding=\"async\" class=\"alignnone size-medium wp-image-2220\" src=\"https:\/\/rotary.fi\/rcreachsalo\/wp-content\/uploads\/sites\/116\/2020\/10\/kaikki-232x300.png\" alt=\"\" width=\"232\" height=\"300\" \/><\/p>\n<h2><a href=\"https:\/\/eur04.safelinks.protection.outlook.com\/?url=https%3A%2F%2Frotary.fi%2Frcreachsalo%2Fkeita-olemme%2F&amp;data=01%7C01%7CJenni.Vuorinen%40enics.com%7C653d3a96bb804230f2f208d86eab810f%7C80021fb0302a45fcb88712800716ce99%7C0&amp;sdata=TgCPV6nLTRev2zyP481VBiAGI9GOIIP36Y4uZhzEV44%3D&amp;reserved=0\">Keit\u00e4 olemme<\/a><\/h2>\n<p>Reach Salo on salolainen Rotaryklubi.\u00a0 Kokoonnumme\u00a0iltakokoukseen joka toinen maanantai\u00a0tapaamaan toisiamme, suunnittelemaan hankkeita, kuulemaan kiinnostavia esitelmi\u00e4 ja edist\u00e4m\u00e4\u00e4n hyv\u00e4\u00e4 omalla paikkakunnallamme. Tuemme\u00a0\u00a0kansainv\u00e4lisen Rotaryj\u00e4rjest\u00f6n humanitaarisia projekteja, tulevaisuudessa osallistumme nuorisovaihtoon ja autamme paikallisesti.[\/et_pb_text][\/et_pb_column]<br \/>\n\t\t\t[\/et_pb_row]<br \/>\n\t\t[\/et_pb_section]<\/p>\n","protected":false},"excerpt":{"rendered":"<p>Keit\u00e4 olemme Reach Salo on salolainen Rotaryklubi.\u00a0 Kokoonnumme\u00a0iltakokoukseen joka toinen maanantai\u00a0tapaamaan toisiamme, suunnittelemaan hankkeita, kuulemaan kiinnostavia esitelmi\u00e4 ja edist\u00e4m\u00e4\u00e4n hyv\u00e4\u00e4 omalla paikkakunnallamme. Tuemme\u00a0\u00a0kansainv\u00e4lisen Rotaryj\u00e4rjest\u00f6n humanitaarisia projekteja, tulevaisuudessa osallistumme nuorisovaihtoon ja autamme paikallisesti.<\/p>\n","protected":false},"author":1,"featured_media":0,"parent":0,"menu_order":0,"comment_status":"closed","ping_status":"closed","template":"","meta":{"_acf_changed":false,"_et_pb_use_builder":"on","_et_pb_old_content":"<img class=\"alignnone size-medium wp-image-2220\" src=\"https:\/\/rotary.fi\/rcreachsalo\/wp-content\/uploads\/sites\/116\/2020\/10\/kaikki-232x300.png\" alt=\"\" width=\"232\" height=\"300\" \/>\r\n<h2><a href=\"https:\/\/eur04.safelinks.protection.outlook.com\/?url=https%3A%2F%2Frotary.fi%2Frcreachsalo%2Fkeita-olemme%2F&amp;data=01%7C01%7CJenni.Vuorinen%40enics.com%7C653d3a96bb804230f2f208d86eab810f%7C80021fb0302a45fcb88712800716ce99%7C0&amp;sdata=TgCPV6nLTRev2zyP481VBiAGI9GOIIP36Y4uZhzEV44%3D&amp;reserved=0\">Keit\u00e4 olemme<\/a><\/h2>\r\nReach Salo on salolainen Rotaryklubi.\u00a0 Kokoonnumme\u00a0iltakokoukseen joka toinen maanantai\u00a0tapaamaan toisiamme, suunnittelemaan hankkeita, kuulemaan kiinnostavia esitelmi\u00e4 ja edist\u00e4m\u00e4\u00e4n hyv\u00e4\u00e4 omalla paikkakunnallamme. Tuemme\u00a0\u00a0kansainv\u00e4lisen Rotaryj\u00e4rjest\u00f6n humanitaarisia projekteja, tulevaisuudessa osallistumme nuorisovaihtoon ja autamme paikallisesti.","_et_gb_content_width":"","footnotes":""},"class_list":["post-129","page","type-page","status-publish","hentry"],"acf":[],"yoast_head":"<!-- This site is optimized with the Yoast SEO plugin v27.4 - https:\/\/yoast.com\/product\/yoast-seo-wordpress\/ -->\n<title>Keit\u00e4 olemme - RC Reach Salo<\/title>\n<meta name=\"robots\" content=\"index, follow, max-snippet:-1, max-image-preview:large, max-video-preview:-1\" \/>\n<link rel=\"canonical\" href=\"https:\/\/rotary.fi\/rcreachsalo\/keita-olemme\/\" \/>\n<meta property=\"og:locale\" content=\"fi_FI\" \/>\n<meta property=\"og:type\" content=\"article\" \/>\n<meta property=\"og:title\" content=\"Keit\u00e4 olemme - RC Reach Salo\" \/>\n<meta property=\"og:description\" content=\"Keit\u00e4 olemme Reach Salo on salolainen Rotaryklubi.\u00a0 Kokoonnumme\u00a0iltakokoukseen joka toinen maanantai\u00a0tapaamaan toisiamme, suunnittelemaan hankkeita, kuulemaan kiinnostavia esitelmi\u00e4 ja edist\u00e4m\u00e4\u00e4n hyv\u00e4\u00e4 omalla paikkakunnallamme. Tuemme\u00a0\u00a0kansainv\u00e4lisen Rotaryj\u00e4rjest\u00f6n humanitaarisia projekteja, tulevaisuudessa osallistumme nuorisovaihtoon ja autamme paikallisesti.\" \/>\n<meta property=\"og:url\" content=\"https:\/\/rotary.fi\/rcreachsalo\/keita-olemme\/\" \/>\n<meta property=\"og:site_name\" content=\"RC Reach Salo\" \/>\n<meta property=\"article:modified_time\" content=\"2022-09-26T14:42:51+00:00\" \/>\n<meta property=\"og:image\" content=\"https:\/\/rotary.fi\/rcreachsalo\/wp-content\/uploads\/sites\/116\/2020\/10\/kaikki-232x300.png\" \/>\n<meta name=\"twitter:card\" content=\"summary_large_image\" \/>\n<script type=\"application\/ld+json\" class=\"yoast-schema-graph\">{\"@context\":\"https:\\\/\\\/schema.org\",\"@graph\":[{\"@type\":\"WebPage\",\"@id\":\"https:\\\/\\\/rotary.fi\\\/rcreachsalo\\\/keita-olemme\\\/\",\"url\":\"https:\\\/\\\/rotary.fi\\\/rcreachsalo\\\/keita-olemme\\\/\",\"name\":\"Keit\u00e4 olemme - RC Reach Salo\",\"isPartOf\":{\"@id\":\"https:\\\/\\\/rotary.fi\\\/rcreachsalo\\\/#website\"},\"primaryImageOfPage\":{\"@id\":\"https:\\\/\\\/rotary.fi\\\/rcreachsalo\\\/keita-olemme\\\/#primaryimage\"},\"image\":{\"@id\":\"https:\\\/\\\/rotary.fi\\\/rcreachsalo\\\/keita-olemme\\\/#primaryimage\"},\"thumbnailUrl\":\"https:\\\/\\\/rotary.fi\\\/rcreachsalo\\\/wp-content\\\/uploads\\\/sites\\\/116\\\/2020\\\/10\\\/kaikki-232x300.png\",\"datePublished\":\"2018-08-10T10:41:39+00:00\",\"dateModified\":\"2022-09-26T14:42:51+00:00\",\"breadcrumb\":{\"@id\":\"https:\\\/\\\/rotary.fi\\\/rcreachsalo\\\/keita-olemme\\\/#breadcrumb\"},\"inLanguage\":\"fi\",\"potentialAction\":[{\"@type\":\"ReadAction\",\"target\":[\"https:\\\/\\\/rotary.fi\\\/rcreachsalo\\\/keita-olemme\\\/\"]}]},{\"@type\":\"ImageObject\",\"inLanguage\":\"fi\",\"@id\":\"https:\\\/\\\/rotary.fi\\\/rcreachsalo\\\/keita-olemme\\\/#primaryimage\",\"url\":\"https:\\\/\\\/rotary.fi\\\/rcreachsalo\\\/wp-content\\\/uploads\\\/sites\\\/116\\\/2020\\\/10\\\/kaikki.png\",\"contentUrl\":\"https:\\\/\\\/rotary.fi\\\/rcreachsalo\\\/wp-content\\\/uploads\\\/sites\\\/116\\\/2020\\\/10\\\/kaikki.png\",\"width\":495,\"height\":640},{\"@type\":\"BreadcrumbList\",\"@id\":\"https:\\\/\\\/rotary.fi\\\/rcreachsalo\\\/keita-olemme\\\/#breadcrumb\",\"itemListElement\":[{\"@type\":\"ListItem\",\"position\":1,\"name\":\"Home\",\"item\":\"https:\\\/\\\/rotary.fi\\\/rcreachsalo\\\/\"},{\"@type\":\"ListItem\",\"position\":2,\"name\":\"Keit\u00e4 olemme\"}]},{\"@type\":\"WebSite\",\"@id\":\"https:\\\/\\\/rotary.fi\\\/rcreachsalo\\\/#website\",\"url\":\"https:\\\/\\\/rotary.fi\\\/rcreachsalo\\\/\",\"name\":\"RC Reach Salo\",\"description\":\"Uusi Rotary klubisivusto\",\"potentialAction\":[{\"@type\":\"SearchAction\",\"target\":{\"@type\":\"EntryPoint\",\"urlTemplate\":\"https:\\\/\\\/rotary.fi\\\/rcreachsalo\\\/?s={search_term_string}\"},\"query-input\":{\"@type\":\"PropertyValueSpecification\",\"valueRequired\":true,\"valueName\":\"search_term_string\"}}],\"inLanguage\":\"fi\"}]}<\/script>\n<!-- \/ Yoast SEO plugin. -->","yoast_head_json":{"title":"Keit\u00e4 olemme - RC Reach Salo","robots":{"index":"index","follow":"follow","max-snippet":"max-snippet:-1","max-image-preview":"max-image-preview:large","max-video-preview":"max-video-preview:-1"},"canonical":"https:\/\/rotary.fi\/rcreachsalo\/keita-olemme\/","og_locale":"fi_FI","og_type":"article","og_title":"Keit\u00e4 olemme - RC Reach Salo","og_description":"Keit\u00e4 olemme Reach Salo on salolainen Rotaryklubi.\u00a0 Kokoonnumme\u00a0iltakokoukseen joka toinen maanantai\u00a0tapaamaan toisiamme, suunnittelemaan hankkeita, kuulemaan kiinnostavia esitelmi\u00e4 ja edist\u00e4m\u00e4\u00e4n hyv\u00e4\u00e4 omalla paikkakunnallamme. Tuemme\u00a0\u00a0kansainv\u00e4lisen Rotaryj\u00e4rjest\u00f6n humanitaarisia projekteja, tulevaisuudessa osallistumme nuorisovaihtoon ja autamme paikallisesti.","og_url":"https:\/\/rotary.fi\/rcreachsalo\/keita-olemme\/","og_site_name":"RC Reach Salo","article_modified_time":"2022-09-26T14:42:51+00:00","og_image":[{"url":"https:\/\/rotary.fi\/rcreachsalo\/wp-content\/uploads\/sites\/116\/2020\/10\/kaikki-232x300.png","type":"","width":"","height":""}],"twitter_card":"summary_large_image","schema":{"@context":"https:\/\/schema.org","@graph":[{"@type":"WebPage","@id":"https:\/\/rotary.fi\/rcreachsalo\/keita-olemme\/","url":"https:\/\/rotary.fi\/rcreachsalo\/keita-olemme\/","name":"Keit\u00e4 olemme - RC Reach Salo","isPartOf":{"@id":"https:\/\/rotary.fi\/rcreachsalo\/#website"},"primaryImageOfPage":{"@id":"https:\/\/rotary.fi\/rcreachsalo\/keita-olemme\/#primaryimage"},"image":{"@id":"https:\/\/rotary.fi\/rcreachsalo\/keita-olemme\/#primaryimage"},"thumbnailUrl":"https:\/\/rotary.fi\/rcreachsalo\/wp-content\/uploads\/sites\/116\/2020\/10\/kaikki-232x300.png","datePublished":"2018-08-10T10:41:39+00:00","dateModified":"2022-09-26T14:42:51+00:00","breadcrumb":{"@id":"https:\/\/rotary.fi\/rcreachsalo\/keita-olemme\/#breadcrumb"},"inLanguage":"fi","potentialAction":[{"@type":"ReadAction","target":["https:\/\/rotary.fi\/rcreachsalo\/keita-olemme\/"]}]},{"@type":"ImageObject","inLanguage":"fi","@id":"https:\/\/rotary.fi\/rcreachsalo\/keita-olemme\/#primaryimage","url":"https:\/\/rotary.fi\/rcreachsalo\/wp-content\/uploads\/sites\/116\/2020\/10\/kaikki.png","contentUrl":"https:\/\/rotary.fi\/rcreachsalo\/wp-content\/uploads\/sites\/116\/2020\/10\/kaikki.png","width":495,"height":640},{"@type":"BreadcrumbList","@id":"https:\/\/rotary.fi\/rcreachsalo\/keita-olemme\/#breadcrumb","itemListElement":[{"@type":"ListItem","position":1,"name":"Home","item":"https:\/\/rotary.fi\/rcreachsalo\/"},{"@type":"ListItem","position":2,"name":"Keit\u00e4 olemme"}]},{"@type":"WebSite","@id":"https:\/\/rotary.fi\/rcreachsalo\/#website","url":"https:\/\/rotary.fi\/rcreachsalo\/","name":"RC Reach Salo","description":"Uusi Rotary klubisivusto","potentialAction":[{"@type":"SearchAction","target":{"@type":"EntryPoint","urlTemplate":"https:\/\/rotary.fi\/rcreachsalo\/?s={search_term_string}"},"query-input":{"@type":"PropertyValueSpecification","valueRequired":true,"valueName":"search_term_string"}}],"inLanguage":"fi"}]}},"lang":"fi","translations":{"fi":129},"pll_sync_post":[],"_links":{"self":[{"href":"https:\/\/rotary.fi\/rcreachsalo\/wp-json\/wp\/v2\/pages\/129","targetHints":{"allow":["GET"]}}],"collection":[{"href":"https:\/\/rotary.fi\/rcreachsalo\/wp-json\/wp\/v2\/pages"}],"about":[{"href":"https:\/\/rotary.fi\/rcreachsalo\/wp-json\/wp\/v2\/types\/page"}],"author":[{"embeddable":true,"href":"https:\/\/rotary.fi\/rcreachsalo\/wp-json\/wp\/v2\/users\/1"}],"replies":[{"embeddable":true,"href":"https:\/\/rotary.fi\/rcreachsalo\/wp-json\/wp\/v2\/comments?post=129"}],"version-history":[{"count":11,"href":"https:\/\/rotary.fi\/rcreachsalo\/wp-json\/wp\/v2\/pages\/129\/revisions"}],"predecessor-version":[{"id":2267,"href":"https:\/\/rotary.fi\/rcreachsalo\/wp-json\/wp\/v2\/pages\/129\/revisions\/2267"}],"wp:attachment":[{"href":"https:\/\/rotary.fi\/rcreachsalo\/wp-json\/wp\/v2\/media?parent=129"}],"curies":[{"name":"wp","href":"https:\/\/api.w.org\/{rel}","templated":true}]}}