{"id":156,"date":"2018-08-13T09:46:59","date_gmt":"2018-08-13T06:46:59","guid":{"rendered":"https:\/\/rotary.fi\/raumahauenguan\/?page_id=156"},"modified":"2022-04-27T11:21:19","modified_gmt":"2022-04-27T08:21:19","slug":"projektit","status":"publish","type":"page","link":"https:\/\/rotary.fi\/raumahauenguan\/mita-teemme\/projektit\/","title":{"rendered":"Projektit"},"content":{"rendered":"<p>[et_pb_section fb_built=&#8221;1&#8243; module_class=&#8221;jumbotron-page&#8221; _builder_version=&#8221;4.16&#8243; background_image=&#8221;https:\/\/rotary.fi\/raumahauenguan\/wp-content\/uploads\/sites\/23\/2018\/08\/rotary_klubit_alasivu_paakuva_5.jpg&#8221; global_colors_info=&#8221;{}&#8221;][et_pb_row _builder_version=&#8221;4.16&#8243; background_size=&#8221;initial&#8221; background_position=&#8221;top_left&#8221; background_repeat=&#8221;repeat&#8221; global_colors_info=&#8221;{}&#8221;][et_pb_column type=&#8221;4_4&#8243; _builder_version=&#8221;4.16&#8243; custom_padding=&#8221;|||&#8221; global_colors_info=&#8221;{}&#8221; custom_padding__hover=&#8221;|||&#8221;][et_pb_text admin_label=&#8221;P\u00e4\u00e4otsikko&#8221; _builder_version=&#8221;4.16&#8243; text_orientation=&#8221;center&#8221; background_layout=&#8221;dark&#8221; global_colors_info=&#8221;{}&#8221;]<\/p>\n<h1>Projektit<\/h1>\n<p>[\/et_pb_text][\/et_pb_column][\/et_pb_row][\/et_pb_section][et_pb_section fb_built=&#8221;1&#8243; specialty=&#8221;on&#8221; module_class_2=&#8221;sivupalkki&#8221; _builder_version=&#8221;4.16&#8243; global_colors_info=&#8221;{}&#8221;][et_pb_column type=&#8221;2_3&#8243; specialty_columns=&#8221;2&#8243; _builder_version=&#8221;4.16&#8243; custom_padding=&#8221;|||&#8221; global_colors_info=&#8221;{}&#8221; parallax__hover=&#8221;off&#8221; parallax_method__hover=&#8221;on&#8221; custom_padding__hover=&#8221;|||&#8221;][et_pb_row_inner admin_label=&#8221;Rivi&#8221; _builder_version=&#8221;4.16&#8243; global_colors_info=&#8221;{}&#8221;][et_pb_column_inner saved_specialty_column_type=&#8221;2_3&#8243; _builder_version=&#8221;4.16&#8243; custom_padding=&#8221;|||&#8221; global_colors_info=&#8221;{}&#8221; parallax__hover=&#8221;off&#8221; parallax_method__hover=&#8221;on&#8221; custom_padding__hover=&#8221;|||&#8221;][et_pb_text admin_label=&#8221;Projektit &#8211; Otsikko&#8221; _builder_version=&#8221;4.16&#8243; text_orientation=&#8221;center&#8221; global_colors_info=&#8221;{}&#8221;]<\/p>\n<h1>Projektit ja aktiviteetit<\/h1>\n<p>[\/et_pb_text][et_pb_text _builder_version=&#8221;4.16&#8243; global_colors_info=&#8221;{}&#8221;]<\/p>\n<p>Rotary on palveluj\u00e4rjest\u00f6. Toimimme tunnuslauseemme Palvelu itsekkyyden edelle (Service above self) mukaisesti paikallisesti ja maailmanlaajuisesti. Kansainv\u00e4linen humanit\u00e4\u00e4rinen palvelumme toteutuu Rotarys\u00e4\u00e4ti\u00f6mme koordinoimana ja hyv\u00e4ksyttyjen kumppaneiden kanssa.<\/p>\n<p>Hauenguonon klubi on rakennuttanut vanhojen piirustusten mukaisen kopion Hauenguonon vesikaivosta ja yll\u00e4pit\u00e4nyt sit\u00e4 Kuninkaankadun ja Kauppakadun risteyksess\u00e4, Hauenguonossa. N\u00e4in suojelemme Vanhan Rauman kulttuuriperint\u00f6\u00e4 osaltamme.<\/p>\n<p>Klubi on ollut mukana ymp\u00e4rist\u00f6n suojelussa mm. lahjoittamalla Vesireppu-tutkimuskasseja, sek\u00e4 niiden t\u00e4ydennyspakkauksia, koulujen k\u00e4ytt\u00f6\u00f6n. Vesireppujen avulla oppilaat seuraavat vesist\u00f6n tilaa ja oppivat ymp\u00e4rist\u00f6n muutoksia.<\/p>\n<p>J\u00e4senemme ovat osallistuneet hyvin aktiivisesti my\u00f6s merilev\u00e4seurantaan merialueilla sijaitsevien m\u00f6kkiens\u00e4 l\u00e4hist\u00f6ill\u00e4.<\/p>\n<p>Hauenguonon klubi osallistui Ukrainen tukemiseen 1600\u20ac lahjoituksella SPR:n kautta. J\u00e4senilt\u00e4 ker\u00e4ttiin vapaaehtoinen 50\u20ac tukimaksu.\u00a0<\/p>\n<p><strong>Klubin 2022 projektina on j\u00e4rjest\u00e4\u00e4 Rotary Golf SM-kilpailut Raumalla 18.6. l\u00e4hes sadalle kilpailijalle. Kilpailun tuotolla tuetaan paikallista nuorisoa lahjoittamalla Rauman Poikasoittokunnalle merkitt\u00e4v\u00e4 stipendi.<\/strong><\/p>\n<p>&nbsp;<\/p>\n<p>&nbsp;<\/p>\n<p>[\/et_pb_text][\/et_pb_column_inner][\/et_pb_row_inner][\/et_pb_column][et_pb_column type=&#8221;1_3&#8243; module_class=&#8221;sivupalkki&#8221; _builder_version=&#8221;4.16&#8243; custom_padding=&#8221;|||&#8221; global_colors_info=&#8221;{}&#8221; parallax__hover=&#8221;off&#8221; parallax_method__hover=&#8221;on&#8221; module_class__hover=&#8221;sivupalkki&#8221; custom_padding__hover=&#8221;|||&#8221;][et_pb_sidebar area=&#8221;sidebar-1&#8243; module_class=&#8221;sivupalkki_sisalto&#8221; _builder_version=&#8221;4.16&#8243; locked=&#8221;on&#8221; global_colors_info=&#8221;{}&#8221;][\/et_pb_sidebar][\/et_pb_column][\/et_pb_section]<\/p>\n","protected":false},"excerpt":{"rendered":"<p>Projektit Projektit ja aktiviteetitRotary on palveluj\u00e4rjest\u00f6. Toimimme tunnuslauseemme Palvelu itsekkyyden edelle (Service above self) mukaisesti paikallisesti ja maailmanlaajuisesti. Kansainv\u00e4linen humanit\u00e4\u00e4rinen palvelumme toteutuu Rotarys\u00e4\u00e4ti\u00f6mme koordinoimana ja hyv\u00e4ksyttyjen kumppaneiden kanssa. Hauenguonon klubi on rakennuttanut vanhojen piirustusten mukaisen kopion Hauenguonon vesikaivosta ja yll\u00e4pit\u00e4nyt sit\u00e4 Kuninkaankadun ja Kauppakadun risteyksess\u00e4, Hauenguonossa. N\u00e4in suojelemme Vanhan Rauman kulttuuriperint\u00f6\u00e4 osaltamme. Klubi on ollut [&hellip;]<\/p>\n","protected":false},"author":1,"featured_media":0,"parent":77,"menu_order":0,"comment_status":"closed","ping_status":"closed","template":"","meta":{"_acf_changed":false,"_et_pb_use_builder":"on","_et_pb_old_content":"","_et_gb_content_width":"","footnotes":""},"class_list":["post-156","page","type-page","status-publish","hentry"],"acf":[],"yoast_head":"<!-- This site is optimized with the Yoast SEO plugin v27.4 - https:\/\/yoast.com\/product\/yoast-seo-wordpress\/ -->\n<title>Projektit - Rauma Hauenguan<\/title>\n<meta name=\"robots\" content=\"index, follow, max-snippet:-1, max-image-preview:large, max-video-preview:-1\" \/>\n<link rel=\"canonical\" href=\"https:\/\/rotary.fi\/raumahauenguan\/mita-teemme\/projektit\/\" \/>\n<meta property=\"og:locale\" content=\"fi_FI\" \/>\n<meta property=\"og:type\" content=\"article\" \/>\n<meta property=\"og:title\" content=\"Projektit - Rauma Hauenguan\" \/>\n<meta property=\"og:description\" content=\"Projektit Projektit ja aktiviteetitRotary on palveluj\u00e4rjest\u00f6. Toimimme tunnuslauseemme Palvelu itsekkyyden edelle (Service above self) mukaisesti paikallisesti ja maailmanlaajuisesti. Kansainv\u00e4linen humanit\u00e4\u00e4rinen palvelumme toteutuu Rotarys\u00e4\u00e4ti\u00f6mme koordinoimana ja hyv\u00e4ksyttyjen kumppaneiden kanssa. Hauenguonon klubi on rakennuttanut vanhojen piirustusten mukaisen kopion Hauenguonon vesikaivosta ja yll\u00e4pit\u00e4nyt sit\u00e4 Kuninkaankadun ja Kauppakadun risteyksess\u00e4, Hauenguonossa. N\u00e4in suojelemme Vanhan Rauman kulttuuriperint\u00f6\u00e4 osaltamme. Klubi on ollut [&hellip;]\" \/>\n<meta property=\"og:url\" content=\"https:\/\/rotary.fi\/raumahauenguan\/mita-teemme\/projektit\/\" \/>\n<meta property=\"og:site_name\" content=\"Rauma Hauenguan\" \/>\n<meta property=\"article:modified_time\" content=\"2022-04-27T08:21:19+00:00\" \/>\n<meta name=\"twitter:card\" content=\"summary_large_image\" \/>\n<meta name=\"twitter:label1\" content=\"Arvioitu lukuaika\" \/>\n\t<meta name=\"twitter:data1\" content=\"2 minuuttia\" \/>\n<script type=\"application\/ld+json\" class=\"yoast-schema-graph\">{\"@context\":\"https:\\\/\\\/schema.org\",\"@graph\":[{\"@type\":\"WebPage\",\"@id\":\"https:\\\/\\\/rotary.fi\\\/raumahauenguan\\\/mita-teemme\\\/projektit\\\/\",\"url\":\"https:\\\/\\\/rotary.fi\\\/raumahauenguan\\\/mita-teemme\\\/projektit\\\/\",\"name\":\"Projektit - Rauma Hauenguan\",\"isPartOf\":{\"@id\":\"https:\\\/\\\/rotary.fi\\\/raumahauenguan\\\/#website\"},\"datePublished\":\"2018-08-13T06:46:59+00:00\",\"dateModified\":\"2022-04-27T08:21:19+00:00\",\"breadcrumb\":{\"@id\":\"https:\\\/\\\/rotary.fi\\\/raumahauenguan\\\/mita-teemme\\\/projektit\\\/#breadcrumb\"},\"inLanguage\":\"fi\",\"potentialAction\":[{\"@type\":\"ReadAction\",\"target\":[\"https:\\\/\\\/rotary.fi\\\/raumahauenguan\\\/mita-teemme\\\/projektit\\\/\"]}]},{\"@type\":\"BreadcrumbList\",\"@id\":\"https:\\\/\\\/rotary.fi\\\/raumahauenguan\\\/mita-teemme\\\/projektit\\\/#breadcrumb\",\"itemListElement\":[{\"@type\":\"ListItem\",\"position\":1,\"name\":\"Home\",\"item\":\"https:\\\/\\\/rotary.fi\\\/raumahauenguan\\\/\"},{\"@type\":\"ListItem\",\"position\":2,\"name\":\"Mit\u00e4 teemme\",\"item\":\"https:\\\/\\\/rotary.fi\\\/raumahauenguan\\\/mita-teemme\\\/\"},{\"@type\":\"ListItem\",\"position\":3,\"name\":\"Projektit\"}]},{\"@type\":\"WebSite\",\"@id\":\"https:\\\/\\\/rotary.fi\\\/raumahauenguan\\\/#website\",\"url\":\"https:\\\/\\\/rotary.fi\\\/raumahauenguan\\\/\",\"name\":\"Rauma Hauenguan\",\"description\":\"Uusi Rotary klubisivusto\",\"potentialAction\":[{\"@type\":\"SearchAction\",\"target\":{\"@type\":\"EntryPoint\",\"urlTemplate\":\"https:\\\/\\\/rotary.fi\\\/raumahauenguan\\\/?s={search_term_string}\"},\"query-input\":{\"@type\":\"PropertyValueSpecification\",\"valueRequired\":true,\"valueName\":\"search_term_string\"}}],\"inLanguage\":\"fi\"}]}<\/script>\n<!-- \/ Yoast SEO plugin. -->","yoast_head_json":{"title":"Projektit - Rauma Hauenguan","robots":{"index":"index","follow":"follow","max-snippet":"max-snippet:-1","max-image-preview":"max-image-preview:large","max-video-preview":"max-video-preview:-1"},"canonical":"https:\/\/rotary.fi\/raumahauenguan\/mita-teemme\/projektit\/","og_locale":"fi_FI","og_type":"article","og_title":"Projektit - Rauma Hauenguan","og_description":"Projektit Projektit ja aktiviteetitRotary on palveluj\u00e4rjest\u00f6. Toimimme tunnuslauseemme Palvelu itsekkyyden edelle (Service above self) mukaisesti paikallisesti ja maailmanlaajuisesti. Kansainv\u00e4linen humanit\u00e4\u00e4rinen palvelumme toteutuu Rotarys\u00e4\u00e4ti\u00f6mme koordinoimana ja hyv\u00e4ksyttyjen kumppaneiden kanssa. Hauenguonon klubi on rakennuttanut vanhojen piirustusten mukaisen kopion Hauenguonon vesikaivosta ja yll\u00e4pit\u00e4nyt sit\u00e4 Kuninkaankadun ja Kauppakadun risteyksess\u00e4, Hauenguonossa. N\u00e4in suojelemme Vanhan Rauman kulttuuriperint\u00f6\u00e4 osaltamme. Klubi on ollut [&hellip;]","og_url":"https:\/\/rotary.fi\/raumahauenguan\/mita-teemme\/projektit\/","og_site_name":"Rauma Hauenguan","article_modified_time":"2022-04-27T08:21:19+00:00","twitter_card":"summary_large_image","twitter_misc":{"Arvioitu lukuaika":"2 minuuttia"},"schema":{"@context":"https:\/\/schema.org","@graph":[{"@type":"WebPage","@id":"https:\/\/rotary.fi\/raumahauenguan\/mita-teemme\/projektit\/","url":"https:\/\/rotary.fi\/raumahauenguan\/mita-teemme\/projektit\/","name":"Projektit - Rauma Hauenguan","isPartOf":{"@id":"https:\/\/rotary.fi\/raumahauenguan\/#website"},"datePublished":"2018-08-13T06:46:59+00:00","dateModified":"2022-04-27T08:21:19+00:00","breadcrumb":{"@id":"https:\/\/rotary.fi\/raumahauenguan\/mita-teemme\/projektit\/#breadcrumb"},"inLanguage":"fi","potentialAction":[{"@type":"ReadAction","target":["https:\/\/rotary.fi\/raumahauenguan\/mita-teemme\/projektit\/"]}]},{"@type":"BreadcrumbList","@id":"https:\/\/rotary.fi\/raumahauenguan\/mita-teemme\/projektit\/#breadcrumb","itemListElement":[{"@type":"ListItem","position":1,"name":"Home","item":"https:\/\/rotary.fi\/raumahauenguan\/"},{"@type":"ListItem","position":2,"name":"Mit\u00e4 teemme","item":"https:\/\/rotary.fi\/raumahauenguan\/mita-teemme\/"},{"@type":"ListItem","position":3,"name":"Projektit"}]},{"@type":"WebSite","@id":"https:\/\/rotary.fi\/raumahauenguan\/#website","url":"https:\/\/rotary.fi\/raumahauenguan\/","name":"Rauma Hauenguan","description":"Uusi Rotary klubisivusto","potentialAction":[{"@type":"SearchAction","target":{"@type":"EntryPoint","urlTemplate":"https:\/\/rotary.fi\/raumahauenguan\/?s={search_term_string}"},"query-input":{"@type":"PropertyValueSpecification","valueRequired":true,"valueName":"search_term_string"}}],"inLanguage":"fi"}]}},"lang":"fi","translations":{"fi":156},"pll_sync_post":[],"_links":{"self":[{"href":"https:\/\/rotary.fi\/raumahauenguan\/wp-json\/wp\/v2\/pages\/156","targetHints":{"allow":["GET"]}}],"collection":[{"href":"https:\/\/rotary.fi\/raumahauenguan\/wp-json\/wp\/v2\/pages"}],"about":[{"href":"https:\/\/rotary.fi\/raumahauenguan\/wp-json\/wp\/v2\/types\/page"}],"author":[{"embeddable":true,"href":"https:\/\/rotary.fi\/raumahauenguan\/wp-json\/wp\/v2\/users\/1"}],"replies":[{"embeddable":true,"href":"https:\/\/rotary.fi\/raumahauenguan\/wp-json\/wp\/v2\/comments?post=156"}],"version-history":[{"count":6,"href":"https:\/\/rotary.fi\/raumahauenguan\/wp-json\/wp\/v2\/pages\/156\/revisions"}],"predecessor-version":[{"id":1533,"href":"https:\/\/rotary.fi\/raumahauenguan\/wp-json\/wp\/v2\/pages\/156\/revisions\/1533"}],"up":[{"embeddable":true,"href":"https:\/\/rotary.fi\/raumahauenguan\/wp-json\/wp\/v2\/pages\/77"}],"wp:attachment":[{"href":"https:\/\/rotary.fi\/raumahauenguan\/wp-json\/wp\/v2\/media?parent=156"}],"curies":[{"name":"wp","href":"https:\/\/api.w.org\/{rel}","templated":true}]}}