{"id":138,"date":"2018-08-10T14:01:44","date_gmt":"2018-08-10T11:01:44","guid":{"rendered":"https:\/\/rotary.fi\/klubi2\/?page_id=138"},"modified":"2024-10-22T16:45:05","modified_gmt":"2024-10-22T13:45:05","slug":"vuositeema","status":"publish","type":"page","link":"https:\/\/rotary.fi\/raumahauenguan\/keita-olemme\/vuositeema\/","title":{"rendered":"Vuositeema"},"content":{"rendered":"<p>[et_pb_section fb_built=&#8221;1&#8243; module_class=&#8221;jumbotron-page&#8221; _builder_version=&#8221;4.16&#8243; background_image=&#8221;https:\/\/rotary.fi\/raumahauenguan\/wp-content\/uploads\/sites\/23\/2018\/08\/rotary_klubit_alasivu_paakuva_7.jpg&#8221; global_colors_info=&#8221;{}&#8221;][et_pb_row _builder_version=&#8221;4.16&#8243; background_size=&#8221;initial&#8221; background_position=&#8221;top_left&#8221; background_repeat=&#8221;repeat&#8221; global_colors_info=&#8221;{}&#8221;][et_pb_column type=&#8221;4_4&#8243; _builder_version=&#8221;4.16&#8243; custom_padding=&#8221;|||&#8221; global_colors_info=&#8221;{}&#8221; custom_padding__hover=&#8221;|||&#8221;][et_pb_text admin_label=&#8221;P\u00e4\u00e4otsikko&#8221; _builder_version=&#8221;4.16&#8243; text_orientation=&#8221;center&#8221; background_layout=&#8221;dark&#8221; global_colors_info=&#8221;{}&#8221;]<\/p>\n<h1>Vuositeema<\/h1>\n<p>&nbsp;<\/p>\n<p>[\/et_pb_text][\/et_pb_column][\/et_pb_row][\/et_pb_section][et_pb_section fb_built=&#8221;1&#8243; specialty=&#8221;on&#8221; module_class_2=&#8221;sivupalkki&#8221; _builder_version=&#8221;4.16&#8243; global_colors_info=&#8221;{}&#8221;][et_pb_column type=&#8221;2_3&#8243; specialty_columns=&#8221;2&#8243; _builder_version=&#8221;4.16&#8243; custom_padding=&#8221;|||&#8221; global_colors_info=&#8221;{}&#8221; custom_padding__hover=&#8221;|||&#8221;][et_pb_row_inner column_structure=&#8221;1_4,1_4,1_4,1_4&#8243; admin_label=&#8221;Rivi&#8221; _builder_version=&#8221;4.16&#8243; global_colors_info=&#8221;{}&#8221;][et_pb_column_inner type=&#8221;1_4&#8243; saved_specialty_column_type=&#8221;2_3&#8243; _builder_version=&#8221;4.16&#8243; custom_padding=&#8221;|||&#8221; custom_css_main_element=&#8221;width:24%!important;&#8221; global_colors_info=&#8221;{}&#8221; custom_padding__hover=&#8221;|||&#8221;][\/et_pb_column_inner][et_pb_column_inner type=&#8221;1_4&#8243; saved_specialty_column_type=&#8221;2_3&#8243; _builder_version=&#8221;4.16&#8243; custom_padding=&#8221;|||&#8221; custom_css_main_element=&#8221;width:24%!important;&#8221; global_colors_info=&#8221;{}&#8221; custom_padding__hover=&#8221;|||&#8221;][\/et_pb_column_inner][et_pb_column_inner type=&#8221;1_4&#8243; saved_specialty_column_type=&#8221;2_3&#8243; _builder_version=&#8221;4.16&#8243; custom_padding=&#8221;|||&#8221; custom_css_main_element=&#8221;width:24%!important;&#8221; global_colors_info=&#8221;{}&#8221; custom_padding__hover=&#8221;|||&#8221;][\/et_pb_column_inner][et_pb_column_inner type=&#8221;1_4&#8243; saved_specialty_column_type=&#8221;2_3&#8243; _builder_version=&#8221;4.16&#8243; custom_padding=&#8221;|||&#8221; custom_css_main_element=&#8221;display:none;||width:0%!important;&#8221; global_colors_info=&#8221;{}&#8221; custom_padding__hover=&#8221;|||&#8221;][\/et_pb_column_inner][\/et_pb_row_inner][et_pb_row_inner column_structure=&#8221;1_4,1_4,1_4,1_4&#8243; admin_label=&#8221;Rivi&#8221; _builder_version=&#8221;4.16&#8243; global_colors_info=&#8221;{}&#8221;][et_pb_column_inner type=&#8221;1_4&#8243; saved_specialty_column_type=&#8221;2_3&#8243; _builder_version=&#8221;4.16&#8243; custom_padding=&#8221;|||&#8221; custom_css_main_element=&#8221;width:24%!important;&#8221; global_colors_info=&#8221;{}&#8221; custom_padding__hover=&#8221;|||&#8221;][\/et_pb_column_inner][et_pb_column_inner type=&#8221;1_4&#8243; saved_specialty_column_type=&#8221;2_3&#8243; _builder_version=&#8221;4.16&#8243; custom_padding=&#8221;|||&#8221; custom_css_main_element=&#8221;width:24%!important;&#8221; global_colors_info=&#8221;{}&#8221; custom_padding__hover=&#8221;|||&#8221;][et_pb_image src=&#8221;https:\/\/rotary.fi\/raumahauenguan\/wp-content\/uploads\/sites\/23\/2024\/10\/rotary24-25logo.jpg&#8221; title_text=&#8221;Rotary24-25logo&#8221; _builder_version=&#8221;4.27.0&#8243; _module_preset=&#8221;default&#8221; hover_enabled=&#8221;0&#8243; global_colors_info=&#8221;{}&#8221; sticky_enabled=&#8221;0&#8243;][\/et_pb_image][\/et_pb_column_inner][et_pb_column_inner type=&#8221;1_4&#8243; saved_specialty_column_type=&#8221;2_3&#8243; _builder_version=&#8221;4.16&#8243; custom_padding=&#8221;|||&#8221; custom_css_main_element=&#8221;width:24%!important;&#8221; global_colors_info=&#8221;{}&#8221; custom_padding__hover=&#8221;|||&#8221;][\/et_pb_column_inner][et_pb_column_inner type=&#8221;1_4&#8243; saved_specialty_column_type=&#8221;2_3&#8243; _builder_version=&#8221;4.16&#8243; custom_padding=&#8221;|||&#8221; custom_css_main_element=&#8221;display:none;||width:0%!important;&#8221; global_colors_info=&#8221;{}&#8221; custom_padding__hover=&#8221;|||&#8221;][\/et_pb_column_inner][\/et_pb_row_inner][et_pb_row_inner admin_label=&#8221;Rivi&#8221; _builder_version=&#8221;4.16&#8243; global_colors_info=&#8221;{}&#8221;][et_pb_column_inner saved_specialty_column_type=&#8221;2_3&#8243; _builder_version=&#8221;4.16&#8243; custom_padding=&#8221;|||&#8221; global_colors_info=&#8221;{}&#8221; custom_padding__hover=&#8221;|||&#8221;][et_pb_text admin_label=&#8221;Rotary Internationalin vuositeema &#8211; Otsikko&#8221; _builder_version=&#8221;4.16&#8243; text_orientation=&#8221;center&#8221; global_colors_info=&#8221;{}&#8221;]<\/p>\n<h1>Rotary Internationalin vuositeema<\/h1>\n<p>[\/et_pb_text][et_pb_text _builder_version=&#8221;4.16&#8243; global_colors_info=&#8221;{}&#8221;]<\/p>\n<p style=\"text-align: center\">\n<p style=\"text-align: center\">Rotary Internationalin keulahahmo on vuosittain vaihtuva presidentti ja h\u00e4n valitsee omalle toimintavuodelleen 1.7.-30.6. sopivaksi katsomansa teeman.<\/p>\n<p style=\"text-align: center\">Rotaryvuonna 2024-2025 RI:n presidenttin\u00e4 toimii<span>\u00a0<\/span><strong>Stephanie A. Urchick<\/strong>\u00a0Mc Murrayn Rotaryklubista Pensylvaniasta USA:sta.\u00a0 H\u00e4n on toinen naispresidentti kanadalaisen\u00a0\u00a0<strong>Jennifer Jonesin<\/strong>\u00a0(2022-23) j\u00e4lkeen.<\/p>\n<p style=\"text-align: center\"><strong>RIP 1.7.2024-30.6.2025 Stephanie A. Urchick<\/strong><span>\u00a0<\/span>on valinnut teemakseen \u201cThe Magic of Rotary\u201d<span>\u00a0<\/span><strong> ~ \u201cToteutetaan Rotaryn taikuus yhdess\u00e4\u201d.<\/strong><\/p>\n<p>&nbsp;<\/p>\n<p>&nbsp;<\/p>\n<p><strong><\/strong><\/p>\n<p>[\/et_pb_text][\/et_pb_column_inner][\/et_pb_row_inner][et_pb_row_inner admin_label=&#8221;Rivi&#8221; _builder_version=&#8221;4.16&#8243; global_colors_info=&#8221;{}&#8221;][et_pb_column_inner saved_specialty_column_type=&#8221;2_3&#8243; _builder_version=&#8221;4.16&#8243; custom_padding=&#8221;|||&#8221; global_colors_info=&#8221;{}&#8221; custom_padding__hover=&#8221;|||&#8221;][et_pb_text admin_label=&#8221;Klubin vuositeema &#8211; Otsikko&#8221; _builder_version=&#8221;4.16&#8243; text_orientation=&#8221;center&#8221; global_colors_info=&#8221;{}&#8221;]<\/p>\n<h4>Hauenguanon Rotaryklubin vuositeema<\/h4>\n<p>[\/et_pb_text][et_pb_text _builder_version=&#8221;4.16&#8243; global_colors_info=&#8221;{}&#8221;]<\/p>\n<p class=\"p1\"><span class=\"s1\">Oma klubimme keskittyy j\u00e4senten aktivoimiseen ja klubin julkisuuskuvan kehitt\u00e4miseen. Tahdomme tehd\u00e4 Rotaryn saavutukset n\u00e4kyv\u00e4mm\u00e4ksi. Aktivoidumme ymp\u00e4rist\u00f6n hyvinvoinnin ja nuorten sek\u00e4 heid\u00e4n perheidens\u00e4 suuntaan tukeaksemme heid\u00e4n kasvuaan kohti toimintakykyist\u00e4, hyvinvoivaa aikuisuutta.<\/span><\/p>\n<p>[\/et_pb_text][\/et_pb_column_inner][\/et_pb_row_inner][\/et_pb_column][et_pb_column type=&#8221;1_3&#8243; _builder_version=&#8221;4.16&#8243; custom_padding=&#8221;|||&#8221; global_colors_info=&#8221;{}&#8221; custom_padding__hover=&#8221;|||&#8221;][et_pb_sidebar area=&#8221;sidebar-1&#8243; module_class=&#8221;sivupalkki_sisalto&#8221; _builder_version=&#8221;4.16&#8243; locked=&#8221;on&#8221; global_colors_info=&#8221;{}&#8221;][\/et_pb_sidebar][\/et_pb_column][\/et_pb_section]<\/p>\n","protected":false},"excerpt":{"rendered":"<p>Vuositeema &nbsp; Rotary Internationalin vuositeema Rotary Internationalin keulahahmo on vuosittain vaihtuva presidentti ja h\u00e4n valitsee omalle toimintavuodelleen 1.7.-30.6. sopivaksi katsomansa teeman. Rotaryvuonna 2024-2025 RI:n presidenttin\u00e4 toimii\u00a0Stephanie A. Urchick\u00a0Mc Murrayn Rotaryklubista Pensylvaniasta USA:sta.\u00a0 H\u00e4n on toinen naispresidentti kanadalaisen\u00a0\u00a0Jennifer Jonesin\u00a0(2022-23) j\u00e4lkeen. RIP 1.7.2024-30.6.2025 Stephanie A. Urchick\u00a0on valinnut teemakseen \u201cThe Magic of Rotary\u201d\u00a0 ~ \u201cToteutetaan Rotaryn taikuus yhdess\u00e4\u201d. [&hellip;]<\/p>\n","protected":false},"author":1,"featured_media":0,"parent":129,"menu_order":0,"comment_status":"closed","ping_status":"closed","template":"","meta":{"_acf_changed":false,"_et_pb_use_builder":"on","_et_pb_old_content":"","_et_gb_content_width":"","footnotes":""},"class_list":["post-138","page","type-page","status-publish","hentry"],"acf":[],"yoast_head":"<!-- This site is optimized with the Yoast SEO plugin v27.0 - https:\/\/yoast.com\/product\/yoast-seo-wordpress\/ -->\n<title>Vuositeema - Rauma Hauenguan<\/title>\n<meta name=\"robots\" content=\"index, follow, max-snippet:-1, max-image-preview:large, max-video-preview:-1\" \/>\n<link rel=\"canonical\" href=\"https:\/\/rotary.fi\/raumahauenguan\/keita-olemme\/vuositeema\/\" \/>\n<meta property=\"og:locale\" content=\"fi_FI\" \/>\n<meta property=\"og:type\" content=\"article\" \/>\n<meta property=\"og:title\" content=\"Vuositeema - Rauma Hauenguan\" \/>\n<meta property=\"og:description\" content=\"Vuositeema &nbsp; Rotary Internationalin vuositeema Rotary Internationalin keulahahmo on vuosittain vaihtuva presidentti ja h\u00e4n valitsee omalle toimintavuodelleen 1.7.-30.6. sopivaksi katsomansa teeman. Rotaryvuonna 2024-2025 RI:n presidenttin\u00e4 toimii\u00a0Stephanie A. Urchick\u00a0Mc Murrayn Rotaryklubista Pensylvaniasta USA:sta.\u00a0 H\u00e4n on toinen naispresidentti kanadalaisen\u00a0\u00a0Jennifer Jonesin\u00a0(2022-23) j\u00e4lkeen. RIP 1.7.2024-30.6.2025 Stephanie A. Urchick\u00a0on valinnut teemakseen \u201cThe Magic of Rotary\u201d\u00a0 ~ \u201cToteutetaan Rotaryn taikuus yhdess\u00e4\u201d. [&hellip;]\" \/>\n<meta property=\"og:url\" content=\"https:\/\/rotary.fi\/raumahauenguan\/keita-olemme\/vuositeema\/\" \/>\n<meta property=\"og:site_name\" content=\"Rauma Hauenguan\" \/>\n<meta property=\"article:modified_time\" content=\"2024-10-22T13:45:05+00:00\" \/>\n<meta name=\"twitter:card\" content=\"summary_large_image\" \/>\n<meta name=\"twitter:label1\" content=\"Arvioitu lukuaika\" \/>\n\t<meta name=\"twitter:data1\" content=\"4 minuuttia\" \/>\n<script type=\"application\/ld+json\" class=\"yoast-schema-graph\">{\"@context\":\"https:\/\/schema.org\",\"@graph\":[{\"@type\":\"WebPage\",\"@id\":\"https:\/\/rotary.fi\/raumahauenguan\/keita-olemme\/vuositeema\/\",\"url\":\"https:\/\/rotary.fi\/raumahauenguan\/keita-olemme\/vuositeema\/\",\"name\":\"Vuositeema - Rauma Hauenguan\",\"isPartOf\":{\"@id\":\"https:\/\/rotary.fi\/raumahauenguan\/#website\"},\"datePublished\":\"2018-08-10T11:01:44+00:00\",\"dateModified\":\"2024-10-22T13:45:05+00:00\",\"breadcrumb\":{\"@id\":\"https:\/\/rotary.fi\/raumahauenguan\/keita-olemme\/vuositeema\/#breadcrumb\"},\"inLanguage\":\"fi\",\"potentialAction\":[{\"@type\":\"ReadAction\",\"target\":[\"https:\/\/rotary.fi\/raumahauenguan\/keita-olemme\/vuositeema\/\"]}]},{\"@type\":\"BreadcrumbList\",\"@id\":\"https:\/\/rotary.fi\/raumahauenguan\/keita-olemme\/vuositeema\/#breadcrumb\",\"itemListElement\":[{\"@type\":\"ListItem\",\"position\":1,\"name\":\"Home\",\"item\":\"https:\/\/rotary.fi\/raumahauenguan\/\"},{\"@type\":\"ListItem\",\"position\":2,\"name\":\"Keit\u00e4 olemme\",\"item\":\"https:\/\/rotary.fi\/raumahauenguan\/keita-olemme\/\"},{\"@type\":\"ListItem\",\"position\":3,\"name\":\"Vuositeema\"}]},{\"@type\":\"WebSite\",\"@id\":\"https:\/\/rotary.fi\/raumahauenguan\/#website\",\"url\":\"https:\/\/rotary.fi\/raumahauenguan\/\",\"name\":\"Rauma Hauenguan\",\"description\":\"Uusi Rotary klubisivusto\",\"potentialAction\":[{\"@type\":\"SearchAction\",\"target\":{\"@type\":\"EntryPoint\",\"urlTemplate\":\"https:\/\/rotary.fi\/raumahauenguan\/?s={search_term_string}\"},\"query-input\":{\"@type\":\"PropertyValueSpecification\",\"valueRequired\":true,\"valueName\":\"search_term_string\"}}],\"inLanguage\":\"fi\"}]}<\/script>\n<!-- \/ Yoast SEO plugin. -->","yoast_head_json":{"title":"Vuositeema - Rauma Hauenguan","robots":{"index":"index","follow":"follow","max-snippet":"max-snippet:-1","max-image-preview":"max-image-preview:large","max-video-preview":"max-video-preview:-1"},"canonical":"https:\/\/rotary.fi\/raumahauenguan\/keita-olemme\/vuositeema\/","og_locale":"fi_FI","og_type":"article","og_title":"Vuositeema - Rauma Hauenguan","og_description":"Vuositeema &nbsp; Rotary Internationalin vuositeema Rotary Internationalin keulahahmo on vuosittain vaihtuva presidentti ja h\u00e4n valitsee omalle toimintavuodelleen 1.7.-30.6. sopivaksi katsomansa teeman. Rotaryvuonna 2024-2025 RI:n presidenttin\u00e4 toimii\u00a0Stephanie A. Urchick\u00a0Mc Murrayn Rotaryklubista Pensylvaniasta USA:sta.\u00a0 H\u00e4n on toinen naispresidentti kanadalaisen\u00a0\u00a0Jennifer Jonesin\u00a0(2022-23) j\u00e4lkeen. RIP 1.7.2024-30.6.2025 Stephanie A. Urchick\u00a0on valinnut teemakseen \u201cThe Magic of Rotary\u201d\u00a0 ~ \u201cToteutetaan Rotaryn taikuus yhdess\u00e4\u201d. [&hellip;]","og_url":"https:\/\/rotary.fi\/raumahauenguan\/keita-olemme\/vuositeema\/","og_site_name":"Rauma Hauenguan","article_modified_time":"2024-10-22T13:45:05+00:00","twitter_card":"summary_large_image","twitter_misc":{"Arvioitu lukuaika":"4 minuuttia"},"schema":{"@context":"https:\/\/schema.org","@graph":[{"@type":"WebPage","@id":"https:\/\/rotary.fi\/raumahauenguan\/keita-olemme\/vuositeema\/","url":"https:\/\/rotary.fi\/raumahauenguan\/keita-olemme\/vuositeema\/","name":"Vuositeema - Rauma Hauenguan","isPartOf":{"@id":"https:\/\/rotary.fi\/raumahauenguan\/#website"},"datePublished":"2018-08-10T11:01:44+00:00","dateModified":"2024-10-22T13:45:05+00:00","breadcrumb":{"@id":"https:\/\/rotary.fi\/raumahauenguan\/keita-olemme\/vuositeema\/#breadcrumb"},"inLanguage":"fi","potentialAction":[{"@type":"ReadAction","target":["https:\/\/rotary.fi\/raumahauenguan\/keita-olemme\/vuositeema\/"]}]},{"@type":"BreadcrumbList","@id":"https:\/\/rotary.fi\/raumahauenguan\/keita-olemme\/vuositeema\/#breadcrumb","itemListElement":[{"@type":"ListItem","position":1,"name":"Home","item":"https:\/\/rotary.fi\/raumahauenguan\/"},{"@type":"ListItem","position":2,"name":"Keit\u00e4 olemme","item":"https:\/\/rotary.fi\/raumahauenguan\/keita-olemme\/"},{"@type":"ListItem","position":3,"name":"Vuositeema"}]},{"@type":"WebSite","@id":"https:\/\/rotary.fi\/raumahauenguan\/#website","url":"https:\/\/rotary.fi\/raumahauenguan\/","name":"Rauma Hauenguan","description":"Uusi Rotary klubisivusto","potentialAction":[{"@type":"SearchAction","target":{"@type":"EntryPoint","urlTemplate":"https:\/\/rotary.fi\/raumahauenguan\/?s={search_term_string}"},"query-input":{"@type":"PropertyValueSpecification","valueRequired":true,"valueName":"search_term_string"}}],"inLanguage":"fi"}]}},"lang":"fi","translations":{"fi":138},"pll_sync_post":[],"_links":{"self":[{"href":"https:\/\/rotary.fi\/raumahauenguan\/wp-json\/wp\/v2\/pages\/138","targetHints":{"allow":["GET"]}}],"collection":[{"href":"https:\/\/rotary.fi\/raumahauenguan\/wp-json\/wp\/v2\/pages"}],"about":[{"href":"https:\/\/rotary.fi\/raumahauenguan\/wp-json\/wp\/v2\/types\/page"}],"author":[{"embeddable":true,"href":"https:\/\/rotary.fi\/raumahauenguan\/wp-json\/wp\/v2\/users\/1"}],"replies":[{"embeddable":true,"href":"https:\/\/rotary.fi\/raumahauenguan\/wp-json\/wp\/v2\/comments?post=138"}],"version-history":[{"count":10,"href":"https:\/\/rotary.fi\/raumahauenguan\/wp-json\/wp\/v2\/pages\/138\/revisions"}],"predecessor-version":[{"id":1881,"href":"https:\/\/rotary.fi\/raumahauenguan\/wp-json\/wp\/v2\/pages\/138\/revisions\/1881"}],"up":[{"embeddable":true,"href":"https:\/\/rotary.fi\/raumahauenguan\/wp-json\/wp\/v2\/pages\/129"}],"wp:attachment":[{"href":"https:\/\/rotary.fi\/raumahauenguan\/wp-json\/wp\/v2\/media?parent=138"}],"curies":[{"name":"wp","href":"https:\/\/api.w.org\/{rel}","templated":true}]}}