{"id":2397,"date":"2023-08-11T15:01:45","date_gmt":"2023-08-11T12:01:45","guid":{"rendered":"https:\/\/rotary.fi\/rantasalmi\/?page_id=2397"},"modified":"2025-07-22T21:58:28","modified_gmt":"2025-07-22T18:58:28","slug":"ajankohtaista","status":"publish","type":"page","link":"https:\/\/rotary.fi\/rantasalmi\/ajankohtaista\/","title":{"rendered":"Ajankohtaista"},"content":{"rendered":"<p><strong>Hallitus 2025-2026<\/strong><\/p>\n<p>Linnaranta Asko, presidentti<\/p>\n<p>Arffman Marja, past presidentti<\/p>\n<p>Huopalainen Maire, sihteeri<\/p>\n<p>Bagge Marianna, nuorisovaihto<\/p>\n<p>Innanen Juha-Matti, nuorisovaihto (varalla)<\/p>\n<p>Myllys Esko, rahaston hoitaja<\/p>\n<p>Yl\u00f6nen Sakari, klubimestari<\/p>\n<p>Muissa teht\u00e4viss\u00e4:<\/p>\n<p>2. sihteeri Irja H\u00e4rm\u00e4l\u00e4<\/p>\n<p>Linnaranta Marja Riitta, s\u00e4\u00e4ti\u00f6tomikunta<\/p>\n<p>Muona Lauri, s\u00e4\u00e4ti\u00f6toimikunnan puheenjohtaja<\/p>\n<p>It-vastaava Jari Veijalainen<\/p>\n<p>Toiminnantarkastajat: Immonen Reijo, Lauri Muona<\/p>\n<p>Varatoiminnantarkastaja: Marja-Leena Ruuskanen<\/p>\n","protected":false},"excerpt":{"rendered":"<p>Hallitus 2025-2026 Linnaranta Asko, presidentti Arffman Marja, past presidentti Huopalainen Maire, sihteeri Bagge Marianna, nuorisovaihto Innanen Juha-Matti, nuorisovaihto (varalla) Myllys Esko, rahaston hoitaja Yl\u00f6nen Sakari, klubimestari Muissa teht\u00e4viss\u00e4: 2. sihteeri Irja H\u00e4rm\u00e4l\u00e4 Linnaranta Marja Riitta, s\u00e4\u00e4ti\u00f6tomikunta Muona Lauri, s\u00e4\u00e4ti\u00f6toimikunnan puheenjohtaja It-vastaava Jari Veijalainen Toiminnantarkastajat: Immonen Reijo, Lauri Muona Varatoiminnantarkastaja: Marja-Leena Ruuskanen<\/p>\n","protected":false},"author":1,"featured_media":0,"parent":0,"menu_order":0,"comment_status":"closed","ping_status":"closed","template":"","meta":{"_acf_changed":false,"_et_pb_use_builder":"off","_et_pb_old_content":"","_et_gb_content_width":"","footnotes":""},"class_list":["post-2397","page","type-page","status-publish","hentry"],"acf":[],"yoast_head":"<!-- This site is optimized with the Yoast SEO plugin v27.4 - https:\/\/yoast.com\/product\/yoast-seo-wordpress\/ -->\n<title>Ajankohtaista - Rantasalmen Rotaryklubi<\/title>\n<meta name=\"robots\" content=\"index, follow, max-snippet:-1, max-image-preview:large, max-video-preview:-1\" \/>\n<link rel=\"canonical\" href=\"https:\/\/rotary.fi\/rantasalmi\/ajankohtaista\/\" \/>\n<meta property=\"og:locale\" content=\"fi_FI\" \/>\n<meta property=\"og:type\" content=\"article\" \/>\n<meta property=\"og:title\" content=\"Ajankohtaista - Rantasalmen Rotaryklubi\" \/>\n<meta property=\"og:description\" content=\"Hallitus 2025-2026 Linnaranta Asko, presidentti Arffman Marja, past presidentti Huopalainen Maire, sihteeri Bagge Marianna, nuorisovaihto Innanen Juha-Matti, nuorisovaihto (varalla) Myllys Esko, rahaston hoitaja Yl\u00f6nen Sakari, klubimestari Muissa teht\u00e4viss\u00e4: 2. sihteeri Irja H\u00e4rm\u00e4l\u00e4 Linnaranta Marja Riitta, s\u00e4\u00e4ti\u00f6tomikunta Muona Lauri, s\u00e4\u00e4ti\u00f6toimikunnan puheenjohtaja It-vastaava Jari Veijalainen Toiminnantarkastajat: Immonen Reijo, Lauri Muona Varatoiminnantarkastaja: Marja-Leena Ruuskanen\" \/>\n<meta property=\"og:url\" content=\"https:\/\/rotary.fi\/rantasalmi\/ajankohtaista\/\" \/>\n<meta property=\"og:site_name\" content=\"Rantasalmen Rotaryklubi\" \/>\n<meta property=\"article:modified_time\" content=\"2025-07-22T18:58:28+00:00\" \/>\n<meta name=\"twitter:card\" content=\"summary_large_image\" \/>\n<meta name=\"twitter:label1\" content=\"Arvioitu lukuaika\" \/>\n\t<meta name=\"twitter:data1\" content=\"1 minuutti\" \/>\n<script type=\"application\/ld+json\" class=\"yoast-schema-graph\">{\"@context\":\"https:\\\/\\\/schema.org\",\"@graph\":[{\"@type\":\"WebPage\",\"@id\":\"https:\\\/\\\/rotary.fi\\\/rantasalmi\\\/ajankohtaista\\\/\",\"url\":\"https:\\\/\\\/rotary.fi\\\/rantasalmi\\\/ajankohtaista\\\/\",\"name\":\"Ajankohtaista - Rantasalmen Rotaryklubi\",\"isPartOf\":{\"@id\":\"https:\\\/\\\/rotary.fi\\\/rantasalmi\\\/#website\"},\"datePublished\":\"2023-08-11T12:01:45+00:00\",\"dateModified\":\"2025-07-22T18:58:28+00:00\",\"breadcrumb\":{\"@id\":\"https:\\\/\\\/rotary.fi\\\/rantasalmi\\\/ajankohtaista\\\/#breadcrumb\"},\"inLanguage\":\"fi\",\"potentialAction\":[{\"@type\":\"ReadAction\",\"target\":[\"https:\\\/\\\/rotary.fi\\\/rantasalmi\\\/ajankohtaista\\\/\"]}]},{\"@type\":\"BreadcrumbList\",\"@id\":\"https:\\\/\\\/rotary.fi\\\/rantasalmi\\\/ajankohtaista\\\/#breadcrumb\",\"itemListElement\":[{\"@type\":\"ListItem\",\"position\":1,\"name\":\"Home\",\"item\":\"https:\\\/\\\/rotary.fi\\\/rantasalmi\\\/\"},{\"@type\":\"ListItem\",\"position\":2,\"name\":\"Ajankohtaista\"}]},{\"@type\":\"WebSite\",\"@id\":\"https:\\\/\\\/rotary.fi\\\/rantasalmi\\\/#website\",\"url\":\"https:\\\/\\\/rotary.fi\\\/rantasalmi\\\/\",\"name\":\"Rantasalmen Rotaryklubi\",\"description\":\"Uusi Rotary klubisivusto\",\"potentialAction\":[{\"@type\":\"SearchAction\",\"target\":{\"@type\":\"EntryPoint\",\"urlTemplate\":\"https:\\\/\\\/rotary.fi\\\/rantasalmi\\\/?s={search_term_string}\"},\"query-input\":{\"@type\":\"PropertyValueSpecification\",\"valueRequired\":true,\"valueName\":\"search_term_string\"}}],\"inLanguage\":\"fi\"}]}<\/script>\n<!-- \/ Yoast SEO plugin. -->","yoast_head_json":{"title":"Ajankohtaista - Rantasalmen Rotaryklubi","robots":{"index":"index","follow":"follow","max-snippet":"max-snippet:-1","max-image-preview":"max-image-preview:large","max-video-preview":"max-video-preview:-1"},"canonical":"https:\/\/rotary.fi\/rantasalmi\/ajankohtaista\/","og_locale":"fi_FI","og_type":"article","og_title":"Ajankohtaista - Rantasalmen Rotaryklubi","og_description":"Hallitus 2025-2026 Linnaranta Asko, presidentti Arffman Marja, past presidentti Huopalainen Maire, sihteeri Bagge Marianna, nuorisovaihto Innanen Juha-Matti, nuorisovaihto (varalla) Myllys Esko, rahaston hoitaja Yl\u00f6nen Sakari, klubimestari Muissa teht\u00e4viss\u00e4: 2. sihteeri Irja H\u00e4rm\u00e4l\u00e4 Linnaranta Marja Riitta, s\u00e4\u00e4ti\u00f6tomikunta Muona Lauri, s\u00e4\u00e4ti\u00f6toimikunnan puheenjohtaja It-vastaava Jari Veijalainen Toiminnantarkastajat: Immonen Reijo, Lauri Muona Varatoiminnantarkastaja: Marja-Leena Ruuskanen","og_url":"https:\/\/rotary.fi\/rantasalmi\/ajankohtaista\/","og_site_name":"Rantasalmen Rotaryklubi","article_modified_time":"2025-07-22T18:58:28+00:00","twitter_card":"summary_large_image","twitter_misc":{"Arvioitu lukuaika":"1 minuutti"},"schema":{"@context":"https:\/\/schema.org","@graph":[{"@type":"WebPage","@id":"https:\/\/rotary.fi\/rantasalmi\/ajankohtaista\/","url":"https:\/\/rotary.fi\/rantasalmi\/ajankohtaista\/","name":"Ajankohtaista - Rantasalmen Rotaryklubi","isPartOf":{"@id":"https:\/\/rotary.fi\/rantasalmi\/#website"},"datePublished":"2023-08-11T12:01:45+00:00","dateModified":"2025-07-22T18:58:28+00:00","breadcrumb":{"@id":"https:\/\/rotary.fi\/rantasalmi\/ajankohtaista\/#breadcrumb"},"inLanguage":"fi","potentialAction":[{"@type":"ReadAction","target":["https:\/\/rotary.fi\/rantasalmi\/ajankohtaista\/"]}]},{"@type":"BreadcrumbList","@id":"https:\/\/rotary.fi\/rantasalmi\/ajankohtaista\/#breadcrumb","itemListElement":[{"@type":"ListItem","position":1,"name":"Home","item":"https:\/\/rotary.fi\/rantasalmi\/"},{"@type":"ListItem","position":2,"name":"Ajankohtaista"}]},{"@type":"WebSite","@id":"https:\/\/rotary.fi\/rantasalmi\/#website","url":"https:\/\/rotary.fi\/rantasalmi\/","name":"Rantasalmen Rotaryklubi","description":"Uusi Rotary klubisivusto","potentialAction":[{"@type":"SearchAction","target":{"@type":"EntryPoint","urlTemplate":"https:\/\/rotary.fi\/rantasalmi\/?s={search_term_string}"},"query-input":{"@type":"PropertyValueSpecification","valueRequired":true,"valueName":"search_term_string"}}],"inLanguage":"fi"}]}},"lang":"fi","translations":{"fi":2397},"pll_sync_post":[],"_links":{"self":[{"href":"https:\/\/rotary.fi\/rantasalmi\/wp-json\/wp\/v2\/pages\/2397","targetHints":{"allow":["GET"]}}],"collection":[{"href":"https:\/\/rotary.fi\/rantasalmi\/wp-json\/wp\/v2\/pages"}],"about":[{"href":"https:\/\/rotary.fi\/rantasalmi\/wp-json\/wp\/v2\/types\/page"}],"author":[{"embeddable":true,"href":"https:\/\/rotary.fi\/rantasalmi\/wp-json\/wp\/v2\/users\/1"}],"replies":[{"embeddable":true,"href":"https:\/\/rotary.fi\/rantasalmi\/wp-json\/wp\/v2\/comments?post=2397"}],"version-history":[{"count":10,"href":"https:\/\/rotary.fi\/rantasalmi\/wp-json\/wp\/v2\/pages\/2397\/revisions"}],"predecessor-version":[{"id":2793,"href":"https:\/\/rotary.fi\/rantasalmi\/wp-json\/wp\/v2\/pages\/2397\/revisions\/2793"}],"wp:attachment":[{"href":"https:\/\/rotary.fi\/rantasalmi\/wp-json\/wp\/v2\/media?parent=2397"}],"curies":[{"name":"wp","href":"https:\/\/api.w.org\/{rel}","templated":true}]}}