{"id":188,"date":"2018-08-13T13:26:12","date_gmt":"2018-08-13T10:26:12","guid":{"rendered":"https:\/\/rotary.fi\/rantasalmi\/?page_id=188"},"modified":"2018-10-31T14:45:47","modified_gmt":"2018-10-31T12:45:47","slug":"presidentin-uutiset","status":"publish","type":"page","link":"https:\/\/rotary.fi\/rantasalmi\/presidentin-uutiset\/","title":{"rendered":"Presidentin uutiset"},"content":{"rendered":"<p>[et_pb_section bb_built=&#8221;1&#8243; _builder_version=&#8221;3.17.2&#8243; background_image=&#8221;https:\/\/rotary.fi\/rantasalmi\/wp-content\/uploads\/sites\/110\/2018\/10\/rotary_klubit_alasivu_paakuva_11.jpg&#8221; next_background_color=&#8221;#ffffff&#8221; module_class=&#8221;jumbotron-page&#8221;][et_pb_row][et_pb_column type=&#8221;4_4&#8243;][et_pb_text admin_label=&#8221;P\u00e4\u00e4otsikko&#8221; _builder_version=&#8221;3.4.1&#8243; text_orientation=&#8221;center&#8221; background_layout=&#8221;dark&#8221;]<\/p>\n<h1>Presidentin uutiset<\/h1>\n<p>[\/et_pb_text][\/et_pb_column][\/et_pb_row][\/et_pb_section][et_pb_section bb_built=&#8221;1&#8243; specialty=&#8221;on&#8221; prev_background_color=&#8221;#000000&#8243; _builder_version=&#8221;3.4.1&#8243; module_class_2=&#8221;sivupalkki&#8221;][et_pb_column type=&#8221;2_3&#8243; specialty_columns=&#8221;2&#8243;][et_pb_row_inner admin_label=&#8221;Rivi&#8221;][et_pb_column_inner type=&#8221;4_4&#8243; saved_specialty_column_type=&#8221;2_3&#8243;][et_pb_text admin_label=&#8221;Otsikko&#8221; _builder_version=&#8221;3.4.1&#8243; text_orientation=&#8221;center&#8221;]<\/p>\n<h1>Presidentin uutiset<\/h1>\n<p>[\/et_pb_text][et_pb_code admin_label=&#8221;Presidenti uutisten listaus&#8221; _builder_version=&#8221;3.4.1&#8243; module_class=&#8221;kaikki_ajankohtaiset&#8221; locked=&#8221;on&#8221;]<ul class=\"display-posts-listing\"><li class=\"listing-item\"><a class=\"title\" href=\"https:\/\/rotary.fi\/rantasalmi\/presidentin_uutiset\/retki-haapaniemen-muistomerkille-jossa-siivousta\/\">Retki Haapaniemen muistomerkille 7.5. klo 16<\/a> <span class=\"date\">5.4. 2026<\/span><\/li><li class=\"listing-item\"><a class=\"title\" href=\"https:\/\/rotary.fi\/rantasalmi\/presidentin_uutiset\/rs-klubikokous-23-4\/\">RS Klubikokous 23.4.<\/a> <span class=\"date\">5.4. 2026<\/span><\/li><li class=\"listing-item\"><a class=\"title\" href=\"https:\/\/rotary.fi\/rantasalmi\/presidentin_uutiset\/kiirastorstain-palvelutalovierailu\/\">Kiirastorstain palvelutalovierailu<\/a> <span class=\"date\">26.3. 2026<\/span><\/li><li class=\"listing-item\"><a class=\"title\" href=\"https:\/\/rotary.fi\/rantasalmi\/presidentin_uutiset\/rs-klubikokous-9-4-2026\/\">RS Klubikokous 9.4.2026<\/a> <span class=\"date\">26.3. 2026<\/span><\/li><li class=\"listing-item\"><a class=\"title\" href=\"https:\/\/rotary.fi\/rantasalmi\/presidentin_uutiset\/rs-klubikokous-25-3-2026\/\">RS Klubikokous 25.3.2026<\/a> <span class=\"date\">1.3. 2026<\/span><\/li><li class=\"listing-item\"><a class=\"title\" href=\"https:\/\/rotary.fi\/rantasalmi\/presidentin_uutiset\/rs-klubikokous-12-3-2026\/\">RS Klubikokous 12.3.2026<\/a> <span class=\"date\">17.2. 2026<\/span><\/li><li class=\"listing-item\"><a class=\"title\" href=\"https:\/\/rotary.fi\/rantasalmi\/presidentin_uutiset\/rs-klubikokous-26-2-2026-klo-17\/\">RS Klubikokous 26.2.2026 klo 17<\/a> <span class=\"date\">27.1. 2026<\/span><\/li><li class=\"listing-item\"><a class=\"title\" href=\"https:\/\/rotary.fi\/rantasalmi\/presidentin_uutiset\/rs-klubikokous-12-2-2026\/\">RS Klubikokous 12.2.2026<\/a> <span class=\"date\">27.1. 2026<\/span><\/li><li class=\"listing-item\"><a class=\"title\" href=\"https:\/\/rotary.fi\/rantasalmi\/presidentin_uutiset\/rs-klubikokous-22-1-2026-klo-17\/\">RS Klubikokous 22.1.2026 klo 17<\/a> <span class=\"date\">3.1. 2026<\/span><\/li><li class=\"listing-item\"><a class=\"title\" href=\"https:\/\/rotary.fi\/rantasalmi\/presidentin_uutiset\/rs-klubikokous-8-1-2026-klo-17\/\">RS Klubikokous 8.1.2026 klo 17<\/a> <span class=\"date\">3.1. 2026<\/span><\/li><li class=\"listing-item\"><a class=\"title\" href=\"https:\/\/rotary.fi\/rantasalmi\/presidentin_uutiset\/vastojen-pussitus-27-11-2025-klo-12\/\">Vastojen pussitus 27.11.2025 klo 12<\/a> <span class=\"date\">26.11. 2025<\/span><\/li><li class=\"listing-item\"><a class=\"title\" href=\"https:\/\/rotary.fi\/rantasalmi\/presidentin_uutiset\/rs-klubikokous-20-11-2025\/\">RS Klubikokous 20.11.2025<\/a> <span class=\"date\">4.11. 2025<\/span><\/li><li class=\"listing-item\"><a class=\"title\" href=\"https:\/\/rotary.fi\/rantasalmi\/presidentin_uutiset\/rs-klubikokous-6-11-2025\/\">RS Klubikokous 6.11.2025<\/a> <span class=\"date\">4.11. 2025<\/span><\/li><li class=\"listing-item\"><a class=\"title\" href=\"https:\/\/rotary.fi\/rantasalmi\/presidentin_uutiset\/rs-klubin-vuosikokous-30-10\/\">RS Klubin vuosikokous 30.10.<\/a> <span class=\"date\">29.9. 2025<\/span><\/li><li class=\"listing-item\"><a class=\"title\" href=\"https:\/\/rotary.fi\/rantasalmi\/presidentin_uutiset\/rs-haapaniemen-talkoot-16-10\/\">RS Haapaniemen talkoot 16.10.<\/a> <span class=\"date\">19.9. 2025<\/span><\/li><li class=\"listing-item\"><a class=\"title\" href=\"https:\/\/rotary.fi\/rantasalmi\/presidentin_uutiset\/5-10-vanhusten-ja-nuorisotyon-viikon-paajuhla\/\">5.10. vanhusten ja nuorisoty\u00f6n viikon p\u00e4\u00e4juhla<\/a> <span class=\"date\">19.9. 2025<\/span><\/li><li class=\"listing-item\"><a class=\"title\" href=\"https:\/\/rotary.fi\/rantasalmi\/presidentin_uutiset\/rs-klubikokous-9-10\/\">RS Klubikokous 9.10.<\/a> <span class=\"date\">19.9. 2025<\/span><\/li><li class=\"listing-item\"><a class=\"title\" href=\"https:\/\/rotary.fi\/rantasalmi\/presidentin_uutiset\/rs-klubikokous-2-10\/\">RS Klubikokous 2.10.<\/a> <span class=\"date\">19.9. 2025<\/span><\/li><li class=\"listing-item\"><a class=\"title\" href=\"https:\/\/rotary.fi\/rantasalmi\/presidentin_uutiset\/rs-klubikokous-18-9\/\">RS Klubikokous 18.9.<\/a> <span class=\"date\">25.8. 2025<\/span><\/li><li class=\"listing-item\"><a class=\"title\" href=\"https:\/\/rotary.fi\/rantasalmi\/presidentin_uutiset\/rs-klubikokous-11-9-2025\/\">RS Klubikokous 11.9.2025<\/a> <span class=\"date\">20.8. 2025<\/span><\/li><li class=\"listing-item\"><a class=\"title\" href=\"https:\/\/rotary.fi\/rantasalmi\/presidentin_uutiset\/rs-klubikokous-4-9-2025\/\">RS Klubikokous 4.9.2025<\/a> <span class=\"date\">20.8. 2025<\/span><\/li><li class=\"listing-item\"><a class=\"title\" href=\"https:\/\/rotary.fi\/rantasalmi\/presidentin_uutiset\/klubikokous-28-8-2025\/\">Klubikokous 28.8.2025<\/a> <span class=\"date\">20.8. 2025<\/span><\/li><li class=\"listing-item\"><a class=\"title\" href=\"https:\/\/rotary.fi\/rantasalmi\/presidentin_uutiset\/klubikokous-21-8-2025\/\">Klubikokous 21.8.2025<\/a> <span class=\"date\">20.8. 2025<\/span><\/li><li class=\"listing-item\"><a class=\"title\" href=\"https:\/\/rotary.fi\/rantasalmi\/presidentin_uutiset\/lipposmarkkinat-2-8-2025\/\">Lipposmarkkinat 2.8.2025<\/a> <span class=\"date\">18.7. 2025<\/span><\/li><li class=\"listing-item\"><a class=\"title\" href=\"https:\/\/rotary.fi\/rantasalmi\/presidentin_uutiset\/suomen-luonnon-toripaiva-30-8-2025\/\">Suomen luonnon torip\u00e4iv\u00e4 30.8.2025<\/a> <span class=\"date\">18.7. 2025<\/span><\/li><li class=\"listing-item\"><a class=\"title\" href=\"https:\/\/rotary.fi\/rantasalmi\/presidentin_uutiset\/seuraava-kokous-31-7-2025-klo-17\/\">Seuraava kokous 31.7.2025 klo 17<\/a> <span class=\"date\">17.7. 2025<\/span><\/li><li class=\"listing-item\"><a class=\"title\" href=\"https:\/\/rotary.fi\/rantasalmi\/presidentin_uutiset\/ensimmainen-kauden-2025-2026-klubikokous-pidetty\/\">Ensimm\u00e4inen kauden 2025-2026 klubikokous pidetty<\/a> <span class=\"date\">17.7. 2025<\/span><\/li><li class=\"listing-item\"><a class=\"title\" href=\"https:\/\/rotary.fi\/rantasalmi\/presidentin_uutiset\/uusi-kausi-rotary-klubilla-alkoi-1-7-2025\/\">Uusi kausi Rotary -klubilla alkoi 1.7.2025<\/a> <span class=\"date\">4.7. 2025<\/span><\/li><li class=\"listing-item\"><a class=\"title\" href=\"https:\/\/rotary.fi\/rantasalmi\/presidentin_uutiset\/magic-of-rotary-kausi-2024-2025-on-paattymassa-lammin-kiitos-teille-rantasalmen-rotaryklubin-jasenet\/\">Magic of Rotary, kausi 2024-2025 on p\u00e4\u00e4ttym\u00e4ss\u00e4, L\u00e4mmin kiitos teille Rantasalmen Rotaryklubin j\u00e4senet<\/a> <span class=\"date\">27.6. 2025<\/span><\/li><li class=\"listing-item\"><a class=\"title\" href=\"https:\/\/rotary.fi\/rantasalmi\/presidentin_uutiset\/rantasalmen-rotaryklubi-40-vuotta\/\">Rantasalmen Rotaryklubi 40 vuotta<\/a> <span class=\"date\">27.3. 2025<\/span><\/li><li class=\"listing-item\"><a class=\"title\" href=\"https:\/\/rotary.fi\/rantasalmi\/presidentin_uutiset\/rotary-internationalin-saantovaltuuskunta-col-on-hyvaksynyt-ehdotuksemme-ag-koulutuksesta\/\">Rotary Internationalin s\u00e4\u00e4nt\u00f6valtuuskunta COL on hyv\u00e4ksynyt ehdotuksemme AG-koulutuksesta.<\/a> <span class=\"date\">21.11. 2024<\/span><\/li><li class=\"listing-item\"><a class=\"title\" href=\"https:\/\/rotary.fi\/rantasalmi\/presidentin_uutiset\/suomen-rotarypalvelun-tuleva-hallitus-valittu\/\">Suomen Rotarypalvelun tuleva hallitus valittu<\/a> <span class=\"date\">25.11. 2018<\/span><\/li><\/ul>[\/et_pb_code][\/et_pb_column_inner][\/et_pb_row_inner][\/et_pb_column][et_pb_column type=&#8221;1_3&#8243;][et_pb_sidebar _builder_version=&#8221;3.4.1&#8243; area=&#8221;sidebar-1&#8243; module_class=&#8221;sivupalkki_sisalto&#8221; locked=&#8221;on&#8221; \/][\/et_pb_column][\/et_pb_section]<\/p>\n","protected":false},"excerpt":{"rendered":"<p>[et_pb_section bb_built=&#8221;1&#8243; _builder_version=&#8221;3.17.2&#8243; background_image=&#8221;https:\/\/rotary.fi\/rantasalmi\/wp-content\/uploads\/sites\/110\/2018\/10\/rotary_klubit_alasivu_paakuva_11.jpg&#8221; next_background_color=&#8221;#ffffff&#8221; module_class=&#8221;jumbotron-page&#8221;][et_pb_row][et_pb_column type=&#8221;4_4&#8243;][et_pb_text admin_label=&#8221;P\u00e4\u00e4otsikko&#8221; _builder_version=&#8221;3.4.1&#8243; text_orientation=&#8221;center&#8221; background_layout=&#8221;dark&#8221;] Presidentin uutiset [\/et_pb_text][\/et_pb_column][\/et_pb_row][\/et_pb_section][et_pb_section bb_built=&#8221;1&#8243; specialty=&#8221;on&#8221; prev_background_color=&#8221;#000000&#8243; _builder_version=&#8221;3.4.1&#8243; module_class_2=&#8221;sivupalkki&#8221;][et_pb_column type=&#8221;2_3&#8243; specialty_columns=&#8221;2&#8243;][et_pb_row_inner admin_label=&#8221;Rivi&#8221;][et_pb_column_inner type=&#8221;4_4&#8243; saved_specialty_column_type=&#8221;2_3&#8243;][et_pb_text admin_label=&#8221;Otsikko&#8221; _builder_version=&#8221;3.4.1&#8243; text_orientation=&#8221;center&#8221;] Presidentin uutiset [\/et_pb_text][et_pb_code admin_label=&#8221;Presidenti uutisten listaus&#8221; _builder_version=&#8221;3.4.1&#8243; module_class=&#8221;kaikki_ajankohtaiset&#8221; locked=&#8221;on&#8221;][\/et_pb_code][\/et_pb_column_inner][\/et_pb_row_inner][\/et_pb_column][et_pb_column type=&#8221;1_3&#8243;][et_pb_sidebar _builder_version=&#8221;3.4.1&#8243; area=&#8221;sidebar-1&#8243; module_class=&#8221;sivupalkki_sisalto&#8221; locked=&#8221;on&#8221; \/][\/et_pb_column][\/et_pb_section]<\/p>\n","protected":false},"author":1,"featured_media":0,"parent":0,"menu_order":0,"comment_status":"closed","ping_status":"closed","template":"","meta":{"_acf_changed":false,"_et_pb_use_builder":"on","_et_pb_old_content":"","_et_gb_content_width":"","footnotes":""},"class_list":["post-188","page","type-page","status-publish","hentry"],"acf":[],"yoast_head":"<!-- This site is optimized with the Yoast SEO plugin v27.0 - https:\/\/yoast.com\/product\/yoast-seo-wordpress\/ -->\n<title>Presidentin uutiset - Rantasalmen Rotaryklubi<\/title>\n<meta name=\"robots\" content=\"index, follow, max-snippet:-1, max-image-preview:large, max-video-preview:-1\" \/>\n<link rel=\"canonical\" href=\"https:\/\/rotary.fi\/rantasalmi\/presidentin-uutiset\/\" \/>\n<meta property=\"og:locale\" content=\"fi_FI\" \/>\n<meta property=\"og:type\" content=\"article\" \/>\n<meta property=\"og:title\" content=\"Presidentin uutiset - Rantasalmen Rotaryklubi\" \/>\n<meta property=\"og:description\" content=\"[et_pb_section bb_built=&#8221;1&#8243; _builder_version=&#8221;3.17.2&#8243; background_image=&#8221;https:\/\/rotary.fi\/rantasalmi\/wp-content\/uploads\/sites\/110\/2018\/10\/rotary_klubit_alasivu_paakuva_11.jpg&#8221; next_background_color=&#8221;#ffffff&#8221; module_class=&#8221;jumbotron-page&#8221;][et_pb_row][et_pb_column type=&#8221;4_4&#8243;][et_pb_text admin_label=&#8221;P\u00e4\u00e4otsikko&#8221; _builder_version=&#8221;3.4.1&#8243; text_orientation=&#8221;center&#8221; background_layout=&#8221;dark&#8221;] Presidentin uutiset [\/et_pb_text][\/et_pb_column][\/et_pb_row][\/et_pb_section][et_pb_section bb_built=&#8221;1&#8243; specialty=&#8221;on&#8221; prev_background_color=&#8221;#000000&#8243; _builder_version=&#8221;3.4.1&#8243; module_class_2=&#8221;sivupalkki&#8221;][et_pb_column type=&#8221;2_3&#8243; specialty_columns=&#8221;2&#8243;][et_pb_row_inner admin_label=&#8221;Rivi&#8221;][et_pb_column_inner type=&#8221;4_4&#8243; saved_specialty_column_type=&#8221;2_3&#8243;][et_pb_text admin_label=&#8221;Otsikko&#8221; _builder_version=&#8221;3.4.1&#8243; text_orientation=&#8221;center&#8221;] Presidentin uutiset [\/et_pb_text][et_pb_code admin_label=&#8221;Presidenti uutisten listaus&#8221; _builder_version=&#8221;3.4.1&#8243; module_class=&#8221;kaikki_ajankohtaiset&#8221; locked=&#8221;on&#8221;][\/et_pb_code][\/et_pb_column_inner][\/et_pb_row_inner][\/et_pb_column][et_pb_column type=&#8221;1_3&#8243;][et_pb_sidebar _builder_version=&#8221;3.4.1&#8243; area=&#8221;sidebar-1&#8243; module_class=&#8221;sivupalkki_sisalto&#8221; locked=&#8221;on&#8221; \/][\/et_pb_column][\/et_pb_section]\" \/>\n<meta property=\"og:url\" content=\"https:\/\/rotary.fi\/rantasalmi\/presidentin-uutiset\/\" \/>\n<meta property=\"og:site_name\" content=\"Rantasalmen Rotaryklubi\" \/>\n<meta property=\"article:modified_time\" content=\"2018-10-31T12:45:47+00:00\" \/>\n<meta name=\"twitter:card\" content=\"summary_large_image\" \/>\n<meta name=\"twitter:label1\" content=\"Arvioitu lukuaika\" \/>\n\t<meta name=\"twitter:data1\" content=\"1 minuutti\" \/>\n<script type=\"application\/ld+json\" class=\"yoast-schema-graph\">{\"@context\":\"https:\/\/schema.org\",\"@graph\":[{\"@type\":\"WebPage\",\"@id\":\"https:\/\/rotary.fi\/rantasalmi\/presidentin-uutiset\/\",\"url\":\"https:\/\/rotary.fi\/rantasalmi\/presidentin-uutiset\/\",\"name\":\"Presidentin uutiset - Rantasalmen Rotaryklubi\",\"isPartOf\":{\"@id\":\"https:\/\/rotary.fi\/rantasalmi\/#website\"},\"datePublished\":\"2018-08-13T10:26:12+00:00\",\"dateModified\":\"2018-10-31T12:45:47+00:00\",\"breadcrumb\":{\"@id\":\"https:\/\/rotary.fi\/rantasalmi\/presidentin-uutiset\/#breadcrumb\"},\"inLanguage\":\"fi\",\"potentialAction\":[{\"@type\":\"ReadAction\",\"target\":[\"https:\/\/rotary.fi\/rantasalmi\/presidentin-uutiset\/\"]}]},{\"@type\":\"BreadcrumbList\",\"@id\":\"https:\/\/rotary.fi\/rantasalmi\/presidentin-uutiset\/#breadcrumb\",\"itemListElement\":[{\"@type\":\"ListItem\",\"position\":1,\"name\":\"Home\",\"item\":\"https:\/\/rotary.fi\/rantasalmi\/\"},{\"@type\":\"ListItem\",\"position\":2,\"name\":\"Presidentin uutiset\"}]},{\"@type\":\"WebSite\",\"@id\":\"https:\/\/rotary.fi\/rantasalmi\/#website\",\"url\":\"https:\/\/rotary.fi\/rantasalmi\/\",\"name\":\"Rantasalmen Rotaryklubi\",\"description\":\"Uusi Rotary klubisivusto\",\"potentialAction\":[{\"@type\":\"SearchAction\",\"target\":{\"@type\":\"EntryPoint\",\"urlTemplate\":\"https:\/\/rotary.fi\/rantasalmi\/?s={search_term_string}\"},\"query-input\":{\"@type\":\"PropertyValueSpecification\",\"valueRequired\":true,\"valueName\":\"search_term_string\"}}],\"inLanguage\":\"fi\"}]}<\/script>\n<!-- \/ Yoast SEO plugin. -->","yoast_head_json":{"title":"Presidentin uutiset - Rantasalmen Rotaryklubi","robots":{"index":"index","follow":"follow","max-snippet":"max-snippet:-1","max-image-preview":"max-image-preview:large","max-video-preview":"max-video-preview:-1"},"canonical":"https:\/\/rotary.fi\/rantasalmi\/presidentin-uutiset\/","og_locale":"fi_FI","og_type":"article","og_title":"Presidentin uutiset - Rantasalmen Rotaryklubi","og_description":"[et_pb_section bb_built=&#8221;1&#8243; _builder_version=&#8221;3.17.2&#8243; background_image=&#8221;https:\/\/rotary.fi\/rantasalmi\/wp-content\/uploads\/sites\/110\/2018\/10\/rotary_klubit_alasivu_paakuva_11.jpg&#8221; next_background_color=&#8221;#ffffff&#8221; module_class=&#8221;jumbotron-page&#8221;][et_pb_row][et_pb_column type=&#8221;4_4&#8243;][et_pb_text admin_label=&#8221;P\u00e4\u00e4otsikko&#8221; _builder_version=&#8221;3.4.1&#8243; text_orientation=&#8221;center&#8221; background_layout=&#8221;dark&#8221;] Presidentin uutiset [\/et_pb_text][\/et_pb_column][\/et_pb_row][\/et_pb_section][et_pb_section bb_built=&#8221;1&#8243; specialty=&#8221;on&#8221; prev_background_color=&#8221;#000000&#8243; _builder_version=&#8221;3.4.1&#8243; module_class_2=&#8221;sivupalkki&#8221;][et_pb_column type=&#8221;2_3&#8243; specialty_columns=&#8221;2&#8243;][et_pb_row_inner admin_label=&#8221;Rivi&#8221;][et_pb_column_inner type=&#8221;4_4&#8243; saved_specialty_column_type=&#8221;2_3&#8243;][et_pb_text admin_label=&#8221;Otsikko&#8221; _builder_version=&#8221;3.4.1&#8243; text_orientation=&#8221;center&#8221;] Presidentin uutiset [\/et_pb_text][et_pb_code admin_label=&#8221;Presidenti uutisten listaus&#8221; _builder_version=&#8221;3.4.1&#8243; module_class=&#8221;kaikki_ajankohtaiset&#8221; locked=&#8221;on&#8221;][\/et_pb_code][\/et_pb_column_inner][\/et_pb_row_inner][\/et_pb_column][et_pb_column type=&#8221;1_3&#8243;][et_pb_sidebar _builder_version=&#8221;3.4.1&#8243; area=&#8221;sidebar-1&#8243; module_class=&#8221;sivupalkki_sisalto&#8221; locked=&#8221;on&#8221; \/][\/et_pb_column][\/et_pb_section]","og_url":"https:\/\/rotary.fi\/rantasalmi\/presidentin-uutiset\/","og_site_name":"Rantasalmen Rotaryklubi","article_modified_time":"2018-10-31T12:45:47+00:00","twitter_card":"summary_large_image","twitter_misc":{"Arvioitu lukuaika":"1 minuutti"},"schema":{"@context":"https:\/\/schema.org","@graph":[{"@type":"WebPage","@id":"https:\/\/rotary.fi\/rantasalmi\/presidentin-uutiset\/","url":"https:\/\/rotary.fi\/rantasalmi\/presidentin-uutiset\/","name":"Presidentin uutiset - Rantasalmen Rotaryklubi","isPartOf":{"@id":"https:\/\/rotary.fi\/rantasalmi\/#website"},"datePublished":"2018-08-13T10:26:12+00:00","dateModified":"2018-10-31T12:45:47+00:00","breadcrumb":{"@id":"https:\/\/rotary.fi\/rantasalmi\/presidentin-uutiset\/#breadcrumb"},"inLanguage":"fi","potentialAction":[{"@type":"ReadAction","target":["https:\/\/rotary.fi\/rantasalmi\/presidentin-uutiset\/"]}]},{"@type":"BreadcrumbList","@id":"https:\/\/rotary.fi\/rantasalmi\/presidentin-uutiset\/#breadcrumb","itemListElement":[{"@type":"ListItem","position":1,"name":"Home","item":"https:\/\/rotary.fi\/rantasalmi\/"},{"@type":"ListItem","position":2,"name":"Presidentin uutiset"}]},{"@type":"WebSite","@id":"https:\/\/rotary.fi\/rantasalmi\/#website","url":"https:\/\/rotary.fi\/rantasalmi\/","name":"Rantasalmen Rotaryklubi","description":"Uusi Rotary klubisivusto","potentialAction":[{"@type":"SearchAction","target":{"@type":"EntryPoint","urlTemplate":"https:\/\/rotary.fi\/rantasalmi\/?s={search_term_string}"},"query-input":{"@type":"PropertyValueSpecification","valueRequired":true,"valueName":"search_term_string"}}],"inLanguage":"fi"}]}},"lang":"fi","translations":{"fi":188},"pll_sync_post":[],"_links":{"self":[{"href":"https:\/\/rotary.fi\/rantasalmi\/wp-json\/wp\/v2\/pages\/188","targetHints":{"allow":["GET"]}}],"collection":[{"href":"https:\/\/rotary.fi\/rantasalmi\/wp-json\/wp\/v2\/pages"}],"about":[{"href":"https:\/\/rotary.fi\/rantasalmi\/wp-json\/wp\/v2\/types\/page"}],"author":[{"embeddable":true,"href":"https:\/\/rotary.fi\/rantasalmi\/wp-json\/wp\/v2\/users\/1"}],"replies":[{"embeddable":true,"href":"https:\/\/rotary.fi\/rantasalmi\/wp-json\/wp\/v2\/comments?post=188"}],"version-history":[{"count":5,"href":"https:\/\/rotary.fi\/rantasalmi\/wp-json\/wp\/v2\/pages\/188\/revisions"}],"predecessor-version":[{"id":1833,"href":"https:\/\/rotary.fi\/rantasalmi\/wp-json\/wp\/v2\/pages\/188\/revisions\/1833"}],"wp:attachment":[{"href":"https:\/\/rotary.fi\/rantasalmi\/wp-json\/wp\/v2\/media?parent=188"}],"curies":[{"name":"wp","href":"https:\/\/api.w.org\/{rel}","templated":true}]}}