{"id":156,"date":"2018-08-13T09:46:59","date_gmt":"2018-08-13T06:46:59","guid":{"rendered":"https:\/\/rotary.fi\/rantasalmi\/?page_id=156"},"modified":"2026-01-31T18:02:09","modified_gmt":"2026-01-31T16:02:09","slug":"projektit","status":"publish","type":"page","link":"https:\/\/rotary.fi\/rantasalmi\/mita-teemme\/projektit\/","title":{"rendered":"Projektit"},"content":{"rendered":"<p>[et_pb_section fb_built=&#8221;1&#8243; module_class=&#8221;jumbotron-page&#8221; _builder_version=&#8221;4.16&#8243; background_image=&#8221;https:\/\/rotary.fi\/rantasalmi\/wp-content\/uploads\/sites\/110\/2018\/08\/rotary_klubit_alasivu_paakuva_5.jpg&#8221; global_colors_info=&#8221;{}&#8221;][et_pb_row _builder_version=&#8221;4.16&#8243; background_size=&#8221;initial&#8221; background_position=&#8221;top_left&#8221; background_repeat=&#8221;repeat&#8221; global_colors_info=&#8221;{}&#8221;][et_pb_column type=&#8221;4_4&#8243; _builder_version=&#8221;4.16&#8243; custom_padding=&#8221;|||&#8221; global_colors_info=&#8221;{}&#8221; custom_padding__hover=&#8221;|||&#8221;][et_pb_text admin_label=&#8221;P\u00e4\u00e4otsikko&#8221; _builder_version=&#8221;4.16&#8243; text_orientation=&#8221;center&#8221; background_layout=&#8221;dark&#8221; global_colors_info=&#8221;{}&#8221;]<\/p>\n<h1>Projektit<\/h1>\n<p>[\/et_pb_text][\/et_pb_column][\/et_pb_row][\/et_pb_section][et_pb_section fb_built=&#8221;1&#8243; specialty=&#8221;on&#8221; module_class_2=&#8221;sivupalkki&#8221; _builder_version=&#8221;4.16&#8243; global_colors_info=&#8221;{}&#8221;][et_pb_column type=&#8221;2_3&#8243; specialty_columns=&#8221;2&#8243; _builder_version=&#8221;4.16&#8243; custom_padding=&#8221;|||&#8221; global_colors_info=&#8221;{}&#8221; parallax__hover=&#8221;off&#8221; parallax_method__hover=&#8221;on&#8221; custom_padding__hover=&#8221;|||&#8221;][et_pb_row_inner admin_label=&#8221;Rivi&#8221; _builder_version=&#8221;4.16&#8243; custom_padding=&#8221;|||106px||&#8221; global_colors_info=&#8221;{}&#8221;][et_pb_column_inner saved_specialty_column_type=&#8221;2_3&#8243; _builder_version=&#8221;4.16&#8243; custom_padding=&#8221;|||&#8221; global_colors_info=&#8221;{}&#8221; parallax__hover=&#8221;off&#8221; parallax_method__hover=&#8221;on&#8221; custom_padding__hover=&#8221;|||&#8221;][et_pb_text admin_label=&#8221;Projektit &#8211; Otsikko&#8221; _builder_version=&#8221;4.27.4&#8243; hover_enabled=&#8221;0&#8243; global_colors_info=&#8221;{}&#8221; custom_margin=&#8221;|-1px|||false|false&#8221; sticky_enabled=&#8221;0&#8243;]<\/p>\n<h1>Projektit<\/h1>\n<p>&nbsp;<\/p>\n<p><span style=\"font-family: Times New Roman, serif\"><span style=\"font-size: medium\">Rotary on palvelu- ja hyv\u00e4ntekev\u00e4isyysj\u00e4rjest\u00f6. T\u00e4t\u00e4 toteutetaan Rotary -vuoden teemalla Unite for Good paikallisesti ja maailmanlaajuisesti. Kansainv\u00e4linen humanit\u00e4\u00e4rinen palvelumme toteutuu Rotarys\u00e4\u00e4ti\u00f6mme koordinoimana ja hyv\u00e4ksyttyjen kumppaneiden kanssa.<\/span><\/span><\/p>\n<p><span style=\"font-family: Times New Roman, serif\"><span style=\"font-size: medium\">Haukivesi-Saimaa vesiprojektin tavoitteena on pienill\u00e4 toimilla veden puhtauden lis\u00e4\u00e4minen Saimaan Haukivedell\u00e4. Klubin edustajia osallistuu tietyiss\u00e4 pisteiss\u00e4 tapahtuvaan vesist\u00f6tarkkailuun, joissa seurataan mm. sinilev\u00e4tilannetta.<\/span><\/span><\/p>\n<p><span style=\"font-family: Times New Roman, serif\"><span style=\"font-size: medium\">Olemme soveltaen mukana kansainv\u00e4lisen Rotaryn piirin 1430 klubien kanssa yhteiseen<b><br \/><\/b><span style=\"color: #0000ff\"><u><a href=\"https:\/\/rotary.fi\/d1430\/blog\/saimaa-projekti-puhtaamman-ja-paremman-saimaan-hyvaksi\/\"><b>Saimaa projektiin \u2013 puhtaamman ja paremman Saimaan hyv\u00e4ksi<\/b><\/a><\/u><\/span><\/span><\/span><\/p>\n<p><span style=\"font-family: Times New Roman, serif\"><span style=\"font-size: medium\">Vuoden teema toteutuu klubimme vuosiohjelmassa ymp\u00e4rist\u00f6painotteisilla aiheilla, kuten vieraslajien poistaminen, lis\u00e4\u00e4m\u00e4ll\u00e4 tietoutta j\u00e4tteiden lajittelusta, vesiekosysteemin lajien tilasta ja toimenpiteist\u00e4 niiden hyvinvoinnin ja suojelun lis\u00e4\u00e4miseksi. Toimintaa tehd\u00e4\u00e4n yhteisty\u00f6ss\u00e4 muiden vapaaehtoisj\u00e4rjest\u00f6jen, Rantasalmen kunnan ja seurakunnan kanssa sek\u00e4 j\u00e4rjest\u00e4m\u00e4ll\u00e4 aiheisiin liittyvi\u00e4 yleis\u00f6luentoja ja toritapahtumia, joihin otetaan kumppaneiksi paikallisia yhdistyksi\u00e4.<\/span><\/span><\/p>\n<p><span style=\"font-family: Times New Roman, serif\"><span style=\"font-size: medium\">Visakoivumets\u00e4n sek\u00e4 Haapaniemen muistomerkkialueen hoitaminen ja vastojen tekeminen varainhankintaa varten kuuluu perinteisiin klubitoimintoihimme.<\/span><\/span><\/p>\n<p><span style=\"font-family: Times New Roman, serif\"><span style=\"font-size: medium\">Yst\u00e4v\u00e4np\u00e4iv\u00e4nkonsertti yhteisty\u00f6ss\u00e4 Juvan Rotaryklubin kanssa j\u00e4rjestet\u00e4\u00e4n my\u00f6s vuonna 2026.<\/span><\/span><\/p>\n<p><span style=\"font-family: Times New Roman, serif\"><span style=\"font-size: medium\">Sen tuotolla tuetaan paikallista nuorisoty\u00f6t\u00e4, nuorten harrastustoimintaa ja lahjoitetaan tuotekasseja varattomien perheiden joulun iloksi. <\/span><\/span><\/p>\n<p><span style=\"font-family: Times New Roman, serif\"><span style=\"font-size: medium\"><strong>Leg for Legless-jalkoja jalattomille. Piirin Global Grant-projekti Intian Calcutassa.\u00a0\u00a0\u00a0\u00a0\u00a0\u00a0\u00a0\u00a0\u00a0\u00a0\u00a0\u00a0\u00a0\u00a0\u00a0\u00a0\u00a0\u00a0\u00a0\u00a0\u00a0\u00a0\u00a0\u00a0\u00a0\u00a0\u00a0\u00a0\u00a0\u00a0\u00a0\u00a0\u00a0\u00a0\u00a0\u00a0\u00a0\u00a0\u00a0\u00a0\u00a0\u00a0\u00a0\u00a0\u00a0\u00a0\u00a0\u00a0\u00a0\u00a0\u00a0\u00a0\u00a0\u00a0\u00a0\u00a0\u00a0\u00a0\u00a0\u00a0\u00a0\u00a0\u00a0\u00a0\u00a0\u00a0\u00a0\u00a0\u00a0\u00a0\u00a0\u00a0\u00a0\u00a0\u00a0\u00a0\u00a0\u00a0\u00a0\u00a0\u00a0\u00a0\u00a0\u00a0 <\/strong><\/span><\/span><\/p>\n<p><span style=\"font-family: Times New Roman, serif\"><span style=\"font-size: medium\">Olemme mukana piirimme projektissa, mik\u00e4 mahdollistaa liikenneonnettomuudessa tai tapaturmassa loukkaantuneille ihmiselle hankkimaan proteesin.<\/span><\/span><\/p>\n<p>&nbsp;<\/p>\n<p>[\/et_pb_text][et_pb_text _builder_version=&#8221;4.27.0&#8243; width=&#8221;95.8%&#8221; custom_margin=&#8221;|-40px||||&#8221; custom_padding=&#8221;|||158px||&#8221; global_colors_info=&#8221;{}&#8221;][\/et_pb_text][\/et_pb_column_inner][\/et_pb_row_inner][\/et_pb_column][et_pb_column type=&#8221;1_3&#8243; module_class=&#8221;sivupalkki&#8221; _builder_version=&#8221;4.16&#8243; custom_padding=&#8221;|||&#8221; global_colors_info=&#8221;{}&#8221; parallax__hover=&#8221;off&#8221; parallax_method__hover=&#8221;on&#8221; module_class__hover=&#8221;sivupalkki&#8221; custom_padding__hover=&#8221;|||&#8221;][et_pb_sidebar area=&#8221;sidebar-1&#8243; module_class=&#8221;sivupalkki_sisalto&#8221; _builder_version=&#8221;4.16&#8243; locked=&#8221;on&#8221; global_colors_info=&#8221;{}&#8221;][\/et_pb_sidebar][\/et_pb_column][\/et_pb_section]<\/p>\n","protected":false},"excerpt":{"rendered":"<p>Projektit Projektit &nbsp; Rotary on palvelu- ja hyv\u00e4ntekev\u00e4isyysj\u00e4rjest\u00f6. T\u00e4t\u00e4 toteutetaan Rotary -vuoden teemalla Unite for Good paikallisesti ja maailmanlaajuisesti. Kansainv\u00e4linen humanit\u00e4\u00e4rinen palvelumme toteutuu Rotarys\u00e4\u00e4ti\u00f6mme koordinoimana ja hyv\u00e4ksyttyjen kumppaneiden kanssa. Haukivesi-Saimaa vesiprojektin tavoitteena on pienill\u00e4 toimilla veden puhtauden lis\u00e4\u00e4minen Saimaan Haukivedell\u00e4. Klubin edustajia osallistuu tietyiss\u00e4 pisteiss\u00e4 tapahtuvaan vesist\u00f6tarkkailuun, joissa seurataan mm. sinilev\u00e4tilannetta. Olemme soveltaen mukana kansainv\u00e4lisen [&hellip;]<\/p>\n","protected":false},"author":1,"featured_media":0,"parent":77,"menu_order":0,"comment_status":"closed","ping_status":"closed","template":"","meta":{"_acf_changed":false,"_et_pb_use_builder":"on","_et_pb_old_content":"","_et_gb_content_width":"","footnotes":""},"class_list":["post-156","page","type-page","status-publish","hentry"],"acf":[],"yoast_head":"<!-- This site is optimized with the Yoast SEO plugin v27.0 - https:\/\/yoast.com\/product\/yoast-seo-wordpress\/ -->\n<title>Projektit - Rantasalmen Rotaryklubi<\/title>\n<meta name=\"robots\" content=\"index, follow, max-snippet:-1, max-image-preview:large, max-video-preview:-1\" \/>\n<link rel=\"canonical\" href=\"https:\/\/rotary.fi\/rantasalmi\/mita-teemme\/projektit\/\" \/>\n<meta property=\"og:locale\" content=\"fi_FI\" \/>\n<meta property=\"og:type\" content=\"article\" \/>\n<meta property=\"og:title\" content=\"Projektit - Rantasalmen Rotaryklubi\" \/>\n<meta property=\"og:description\" content=\"Projektit Projektit &nbsp; Rotary on palvelu- ja hyv\u00e4ntekev\u00e4isyysj\u00e4rjest\u00f6. T\u00e4t\u00e4 toteutetaan Rotary -vuoden teemalla Unite for Good paikallisesti ja maailmanlaajuisesti. Kansainv\u00e4linen humanit\u00e4\u00e4rinen palvelumme toteutuu Rotarys\u00e4\u00e4ti\u00f6mme koordinoimana ja hyv\u00e4ksyttyjen kumppaneiden kanssa. Haukivesi-Saimaa vesiprojektin tavoitteena on pienill\u00e4 toimilla veden puhtauden lis\u00e4\u00e4minen Saimaan Haukivedell\u00e4. Klubin edustajia osallistuu tietyiss\u00e4 pisteiss\u00e4 tapahtuvaan vesist\u00f6tarkkailuun, joissa seurataan mm. sinilev\u00e4tilannetta. Olemme soveltaen mukana kansainv\u00e4lisen [&hellip;]\" \/>\n<meta property=\"og:url\" content=\"https:\/\/rotary.fi\/rantasalmi\/mita-teemme\/projektit\/\" \/>\n<meta property=\"og:site_name\" content=\"Rantasalmen Rotaryklubi\" \/>\n<meta property=\"article:modified_time\" content=\"2026-01-31T16:02:09+00:00\" \/>\n<meta name=\"twitter:card\" content=\"summary_large_image\" \/>\n<meta name=\"twitter:label1\" content=\"Arvioitu lukuaika\" \/>\n\t<meta name=\"twitter:data1\" content=\"2 minuuttia\" \/>\n<script type=\"application\/ld+json\" class=\"yoast-schema-graph\">{\"@context\":\"https:\/\/schema.org\",\"@graph\":[{\"@type\":\"WebPage\",\"@id\":\"https:\/\/rotary.fi\/rantasalmi\/mita-teemme\/projektit\/\",\"url\":\"https:\/\/rotary.fi\/rantasalmi\/mita-teemme\/projektit\/\",\"name\":\"Projektit - Rantasalmen Rotaryklubi\",\"isPartOf\":{\"@id\":\"https:\/\/rotary.fi\/rantasalmi\/#website\"},\"datePublished\":\"2018-08-13T06:46:59+00:00\",\"dateModified\":\"2026-01-31T16:02:09+00:00\",\"breadcrumb\":{\"@id\":\"https:\/\/rotary.fi\/rantasalmi\/mita-teemme\/projektit\/#breadcrumb\"},\"inLanguage\":\"fi\",\"potentialAction\":[{\"@type\":\"ReadAction\",\"target\":[\"https:\/\/rotary.fi\/rantasalmi\/mita-teemme\/projektit\/\"]}]},{\"@type\":\"BreadcrumbList\",\"@id\":\"https:\/\/rotary.fi\/rantasalmi\/mita-teemme\/projektit\/#breadcrumb\",\"itemListElement\":[{\"@type\":\"ListItem\",\"position\":1,\"name\":\"Home\",\"item\":\"https:\/\/rotary.fi\/rantasalmi\/\"},{\"@type\":\"ListItem\",\"position\":2,\"name\":\"Mit\u00e4 teemme\",\"item\":\"https:\/\/rotary.fi\/rantasalmi\/mita-teemme\/\"},{\"@type\":\"ListItem\",\"position\":3,\"name\":\"Projektit\"}]},{\"@type\":\"WebSite\",\"@id\":\"https:\/\/rotary.fi\/rantasalmi\/#website\",\"url\":\"https:\/\/rotary.fi\/rantasalmi\/\",\"name\":\"Rantasalmen Rotaryklubi\",\"description\":\"Uusi Rotary klubisivusto\",\"potentialAction\":[{\"@type\":\"SearchAction\",\"target\":{\"@type\":\"EntryPoint\",\"urlTemplate\":\"https:\/\/rotary.fi\/rantasalmi\/?s={search_term_string}\"},\"query-input\":{\"@type\":\"PropertyValueSpecification\",\"valueRequired\":true,\"valueName\":\"search_term_string\"}}],\"inLanguage\":\"fi\"}]}<\/script>\n<!-- \/ Yoast SEO plugin. -->","yoast_head_json":{"title":"Projektit - Rantasalmen Rotaryklubi","robots":{"index":"index","follow":"follow","max-snippet":"max-snippet:-1","max-image-preview":"max-image-preview:large","max-video-preview":"max-video-preview:-1"},"canonical":"https:\/\/rotary.fi\/rantasalmi\/mita-teemme\/projektit\/","og_locale":"fi_FI","og_type":"article","og_title":"Projektit - Rantasalmen Rotaryklubi","og_description":"Projektit Projektit &nbsp; Rotary on palvelu- ja hyv\u00e4ntekev\u00e4isyysj\u00e4rjest\u00f6. T\u00e4t\u00e4 toteutetaan Rotary -vuoden teemalla Unite for Good paikallisesti ja maailmanlaajuisesti. Kansainv\u00e4linen humanit\u00e4\u00e4rinen palvelumme toteutuu Rotarys\u00e4\u00e4ti\u00f6mme koordinoimana ja hyv\u00e4ksyttyjen kumppaneiden kanssa. Haukivesi-Saimaa vesiprojektin tavoitteena on pienill\u00e4 toimilla veden puhtauden lis\u00e4\u00e4minen Saimaan Haukivedell\u00e4. Klubin edustajia osallistuu tietyiss\u00e4 pisteiss\u00e4 tapahtuvaan vesist\u00f6tarkkailuun, joissa seurataan mm. sinilev\u00e4tilannetta. Olemme soveltaen mukana kansainv\u00e4lisen [&hellip;]","og_url":"https:\/\/rotary.fi\/rantasalmi\/mita-teemme\/projektit\/","og_site_name":"Rantasalmen Rotaryklubi","article_modified_time":"2026-01-31T16:02:09+00:00","twitter_card":"summary_large_image","twitter_misc":{"Arvioitu lukuaika":"2 minuuttia"},"schema":{"@context":"https:\/\/schema.org","@graph":[{"@type":"WebPage","@id":"https:\/\/rotary.fi\/rantasalmi\/mita-teemme\/projektit\/","url":"https:\/\/rotary.fi\/rantasalmi\/mita-teemme\/projektit\/","name":"Projektit - Rantasalmen Rotaryklubi","isPartOf":{"@id":"https:\/\/rotary.fi\/rantasalmi\/#website"},"datePublished":"2018-08-13T06:46:59+00:00","dateModified":"2026-01-31T16:02:09+00:00","breadcrumb":{"@id":"https:\/\/rotary.fi\/rantasalmi\/mita-teemme\/projektit\/#breadcrumb"},"inLanguage":"fi","potentialAction":[{"@type":"ReadAction","target":["https:\/\/rotary.fi\/rantasalmi\/mita-teemme\/projektit\/"]}]},{"@type":"BreadcrumbList","@id":"https:\/\/rotary.fi\/rantasalmi\/mita-teemme\/projektit\/#breadcrumb","itemListElement":[{"@type":"ListItem","position":1,"name":"Home","item":"https:\/\/rotary.fi\/rantasalmi\/"},{"@type":"ListItem","position":2,"name":"Mit\u00e4 teemme","item":"https:\/\/rotary.fi\/rantasalmi\/mita-teemme\/"},{"@type":"ListItem","position":3,"name":"Projektit"}]},{"@type":"WebSite","@id":"https:\/\/rotary.fi\/rantasalmi\/#website","url":"https:\/\/rotary.fi\/rantasalmi\/","name":"Rantasalmen Rotaryklubi","description":"Uusi Rotary klubisivusto","potentialAction":[{"@type":"SearchAction","target":{"@type":"EntryPoint","urlTemplate":"https:\/\/rotary.fi\/rantasalmi\/?s={search_term_string}"},"query-input":{"@type":"PropertyValueSpecification","valueRequired":true,"valueName":"search_term_string"}}],"inLanguage":"fi"}]}},"lang":"fi","translations":{"fi":156},"pll_sync_post":[],"_links":{"self":[{"href":"https:\/\/rotary.fi\/rantasalmi\/wp-json\/wp\/v2\/pages\/156","targetHints":{"allow":["GET"]}}],"collection":[{"href":"https:\/\/rotary.fi\/rantasalmi\/wp-json\/wp\/v2\/pages"}],"about":[{"href":"https:\/\/rotary.fi\/rantasalmi\/wp-json\/wp\/v2\/types\/page"}],"author":[{"embeddable":true,"href":"https:\/\/rotary.fi\/rantasalmi\/wp-json\/wp\/v2\/users\/1"}],"replies":[{"embeddable":true,"href":"https:\/\/rotary.fi\/rantasalmi\/wp-json\/wp\/v2\/comments?post=156"}],"version-history":[{"count":10,"href":"https:\/\/rotary.fi\/rantasalmi\/wp-json\/wp\/v2\/pages\/156\/revisions"}],"predecessor-version":[{"id":2895,"href":"https:\/\/rotary.fi\/rantasalmi\/wp-json\/wp\/v2\/pages\/156\/revisions\/2895"}],"up":[{"embeddable":true,"href":"https:\/\/rotary.fi\/rantasalmi\/wp-json\/wp\/v2\/pages\/77"}],"wp:attachment":[{"href":"https:\/\/rotary.fi\/rantasalmi\/wp-json\/wp\/v2\/media?parent=156"}],"curies":[{"name":"wp","href":"https:\/\/api.w.org\/{rel}","templated":true}]}}