{"id":154,"date":"2024-11-22T09:35:27","date_gmt":"2024-11-22T07:35:27","guid":{"rendered":"https:\/\/rotary.fi\/rantasalmi\/?page_id=154"},"modified":"2024-11-22T12:03:48","modified_gmt":"2024-11-22T10:03:48","slug":"nuorisovaihto","status":"publish","type":"page","link":"https:\/\/rotary.fi\/rantasalmi\/mita-teemme\/nuorisovaihto\/","title":{"rendered":"Nuorisovaihto"},"content":{"rendered":"<p>Nuorisovaihdosta on kuvaus osoitteessa<a href=\"https:\/\/rye.fi\/vaihtoon-ulkomaille\/\">\u00a0https:\/\/rye.fi\/vaihtoon-ulkomaille\/<\/a><\/p>\n<p>Vaihtoon ulkomaille<\/p>\n<p>Rotarien yksi vaikuttavimmista toiminnoista on kansainv\u00e4linen nuorisovaihto. Vuosittain yli 8000:lle nuorelle maailmassa tarjoutuu mahdollisuus tutustua rotaryj\u00e4rjest\u00f6n v\u00e4lityksell\u00e4 vieraaseen kulttuuriin muutaman viikon, kuukauden tai kokonaisen kouluvuoden ajan\u00a0<a href=\"https:\/\/rye.fi\/vaihtoon-ulkomaille\/vuosivaihto\/\">vuosivaihdon<\/a>,\u00a0<a href=\"https:\/\/rye.fi\/vaihtoon-ulkomaille\/kesavaihto\/\">kes\u00e4vaihdon<\/a>\u00a0tai\u00a0<a href=\"https:\/\/rye.fi\/vaihtoon-ulkomaille\/leirivaihto\/\">kes\u00e4leirien<\/a>\u00a0muodossa.<\/p>\n<p>Rotaryn nuorisovaihto-ohjelma on turvallinen ja edullinen vaihtokokonaisuus. Turvallisuus perustuu ohjelmaan osallistuvien perusteelliseen koulutukseen sek\u00e4 vapaaehtoistoimijoista rakentuvaan kotimaasta kohdemaahan ulottuvaan turvaverkkoon. Is\u00e4nt\u00e4perheet ja rotaryklubit eiv\u00e4t saa taloudellista korvausta oppilaan yll\u00e4pidosta.<\/p>\n<p><strong>Vuosivaihdossa<\/strong>\u00a0nuori k\u00e4y lukuvuoden paikallista koulua kohdemaassa, asuu tyypillisesti useammassa kuin yhdess\u00e4 is\u00e4nt\u00e4perheess\u00e4 ja osallistuu is\u00e4nt\u00e4klubin ja rotarypiirin aktiviteetteihin. Vuoden aikana nuorella on mahdollisuus oppia kohdemaan kieli, tutustua maan kulttuuriin ja tapoihin ja solmia el\u00e4m\u00e4n mittaisia yst\u00e4vyyssuhteita is\u00e4nt\u00e4perheen j\u00e4seniin, rotareihin sek\u00e4 ymp\u00e4ri maailmaa tulleisiin muihin vaihto-oppilaisiin, joita tapaa vaihtovuoden aikana.<\/p>\n<p><strong>Kes\u00e4vaihdossa<\/strong>\u00a0nuori l\u00e4htee ulkomaisen is\u00e4nt\u00e4perheen vieraaksi muutamaksi viikoksi ja palatessaan tuo mukanaan is\u00e4nt\u00e4perheen nuoren omaan kotiin vastaavaksi ajaksi. Nuori tutustuu uuteen kulttuuriin ja saa k\u00e4ytt\u00e4\u00e4 oppimaansa kielitaitoa k\u00e4yt\u00e4nn\u00f6ss\u00e4. Vaihto tapahtuu koulujen kes\u00e4lomien aikaan.<\/p>\n<p><strong>Kes\u00e4leirit<\/strong>\u00a0ovat kestoltaan 2-3 viikkoa ja niill\u00e4 on kullakin oma teemansa.\u00a0 Leirej\u00e4 on monenlaisia ja usein niiden teemat liittyv\u00e4t maan luontoon tai kulttuuriin.<\/p>\n<p><strong>Vaihto-ohjelmiin<\/strong>\u00a0haku k\u00e4ynnistyy ottamalla yhteytt\u00e4 oman paikkakunnan rotaryklubiin.<\/p>\n<p>Jos haluat nuorisovaihtoon, ota yhteys vastuuhenkil\u00f6\u00f6mme, joka on<\/p>\n<p>Marianna Bagge<br \/>\nbaggemarianna@gmail.com<br \/>\n+35845 158 2235<\/p>\n","protected":false},"excerpt":{"rendered":"<p>Nuorisovaihdosta on kuvaus osoitteessa\u00a0https:\/\/rye.fi\/vaihtoon-ulkomaille\/ Vaihtoon ulkomaille Rotarien yksi vaikuttavimmista toiminnoista on kansainv\u00e4linen nuorisovaihto. Vuosittain yli 8000:lle nuorelle maailmassa tarjoutuu mahdollisuus tutustua rotaryj\u00e4rjest\u00f6n v\u00e4lityksell\u00e4 vieraaseen kulttuuriin muutaman viikon, kuukauden tai kokonaisen kouluvuoden ajan\u00a0vuosivaihdon,\u00a0kes\u00e4vaihdon\u00a0tai\u00a0kes\u00e4leirien\u00a0muodossa. Rotaryn nuorisovaihto-ohjelma on turvallinen ja edullinen vaihtokokonaisuus. Turvallisuus perustuu ohjelmaan osallistuvien perusteelliseen koulutukseen sek\u00e4 vapaaehtoistoimijoista rakentuvaan kotimaasta kohdemaahan ulottuvaan turvaverkkoon. Is\u00e4nt\u00e4perheet ja rotaryklubit [&hellip;]<\/p>\n","protected":false},"author":1,"featured_media":0,"parent":77,"menu_order":0,"comment_status":"closed","ping_status":"closed","template":"","meta":{"_acf_changed":false,"_et_pb_use_builder":"off","_et_pb_old_content":"","_et_gb_content_width":"","footnotes":""},"class_list":["post-154","page","type-page","status-publish","hentry"],"acf":[],"yoast_head":"<!-- This site is optimized with the Yoast SEO plugin v27.0 - https:\/\/yoast.com\/product\/yoast-seo-wordpress\/ -->\n<title>Nuorisovaihto - Rantasalmen Rotaryklubi<\/title>\n<meta name=\"robots\" content=\"index, follow, max-snippet:-1, max-image-preview:large, max-video-preview:-1\" \/>\n<link rel=\"canonical\" href=\"https:\/\/rotary.fi\/rantasalmi\/mita-teemme\/nuorisovaihto\/\" \/>\n<meta property=\"og:locale\" content=\"fi_FI\" \/>\n<meta property=\"og:type\" content=\"article\" \/>\n<meta property=\"og:title\" content=\"Nuorisovaihto - Rantasalmen Rotaryklubi\" \/>\n<meta property=\"og:description\" content=\"Nuorisovaihdosta on kuvaus osoitteessa\u00a0https:\/\/rye.fi\/vaihtoon-ulkomaille\/ Vaihtoon ulkomaille Rotarien yksi vaikuttavimmista toiminnoista on kansainv\u00e4linen nuorisovaihto. Vuosittain yli 8000:lle nuorelle maailmassa tarjoutuu mahdollisuus tutustua rotaryj\u00e4rjest\u00f6n v\u00e4lityksell\u00e4 vieraaseen kulttuuriin muutaman viikon, kuukauden tai kokonaisen kouluvuoden ajan\u00a0vuosivaihdon,\u00a0kes\u00e4vaihdon\u00a0tai\u00a0kes\u00e4leirien\u00a0muodossa. Rotaryn nuorisovaihto-ohjelma on turvallinen ja edullinen vaihtokokonaisuus. Turvallisuus perustuu ohjelmaan osallistuvien perusteelliseen koulutukseen sek\u00e4 vapaaehtoistoimijoista rakentuvaan kotimaasta kohdemaahan ulottuvaan turvaverkkoon. Is\u00e4nt\u00e4perheet ja rotaryklubit [&hellip;]\" \/>\n<meta property=\"og:url\" content=\"https:\/\/rotary.fi\/rantasalmi\/mita-teemme\/nuorisovaihto\/\" \/>\n<meta property=\"og:site_name\" content=\"Rantasalmen Rotaryklubi\" \/>\n<meta property=\"article:modified_time\" content=\"2024-11-22T10:03:48+00:00\" \/>\n<meta name=\"twitter:card\" content=\"summary_large_image\" \/>\n<meta name=\"twitter:label1\" content=\"Arvioitu lukuaika\" \/>\n\t<meta name=\"twitter:data1\" content=\"2 minuuttia\" \/>\n<script type=\"application\/ld+json\" class=\"yoast-schema-graph\">{\"@context\":\"https:\/\/schema.org\",\"@graph\":[{\"@type\":\"WebPage\",\"@id\":\"https:\/\/rotary.fi\/rantasalmi\/mita-teemme\/nuorisovaihto\/\",\"url\":\"https:\/\/rotary.fi\/rantasalmi\/mita-teemme\/nuorisovaihto\/\",\"name\":\"Nuorisovaihto - Rantasalmen Rotaryklubi\",\"isPartOf\":{\"@id\":\"https:\/\/rotary.fi\/rantasalmi\/#website\"},\"datePublished\":\"2024-11-22T07:35:27+00:00\",\"dateModified\":\"2024-11-22T10:03:48+00:00\",\"breadcrumb\":{\"@id\":\"https:\/\/rotary.fi\/rantasalmi\/mita-teemme\/nuorisovaihto\/#breadcrumb\"},\"inLanguage\":\"fi\",\"potentialAction\":[{\"@type\":\"ReadAction\",\"target\":[\"https:\/\/rotary.fi\/rantasalmi\/mita-teemme\/nuorisovaihto\/\"]}]},{\"@type\":\"BreadcrumbList\",\"@id\":\"https:\/\/rotary.fi\/rantasalmi\/mita-teemme\/nuorisovaihto\/#breadcrumb\",\"itemListElement\":[{\"@type\":\"ListItem\",\"position\":1,\"name\":\"Home\",\"item\":\"https:\/\/rotary.fi\/rantasalmi\/\"},{\"@type\":\"ListItem\",\"position\":2,\"name\":\"Mit\u00e4 teemme\",\"item\":\"https:\/\/rotary.fi\/rantasalmi\/mita-teemme\/\"},{\"@type\":\"ListItem\",\"position\":3,\"name\":\"Nuorisovaihto\"}]},{\"@type\":\"WebSite\",\"@id\":\"https:\/\/rotary.fi\/rantasalmi\/#website\",\"url\":\"https:\/\/rotary.fi\/rantasalmi\/\",\"name\":\"Rantasalmen Rotaryklubi\",\"description\":\"Uusi Rotary klubisivusto\",\"potentialAction\":[{\"@type\":\"SearchAction\",\"target\":{\"@type\":\"EntryPoint\",\"urlTemplate\":\"https:\/\/rotary.fi\/rantasalmi\/?s={search_term_string}\"},\"query-input\":{\"@type\":\"PropertyValueSpecification\",\"valueRequired\":true,\"valueName\":\"search_term_string\"}}],\"inLanguage\":\"fi\"}]}<\/script>\n<!-- \/ Yoast SEO plugin. -->","yoast_head_json":{"title":"Nuorisovaihto - Rantasalmen Rotaryklubi","robots":{"index":"index","follow":"follow","max-snippet":"max-snippet:-1","max-image-preview":"max-image-preview:large","max-video-preview":"max-video-preview:-1"},"canonical":"https:\/\/rotary.fi\/rantasalmi\/mita-teemme\/nuorisovaihto\/","og_locale":"fi_FI","og_type":"article","og_title":"Nuorisovaihto - Rantasalmen Rotaryklubi","og_description":"Nuorisovaihdosta on kuvaus osoitteessa\u00a0https:\/\/rye.fi\/vaihtoon-ulkomaille\/ Vaihtoon ulkomaille Rotarien yksi vaikuttavimmista toiminnoista on kansainv\u00e4linen nuorisovaihto. Vuosittain yli 8000:lle nuorelle maailmassa tarjoutuu mahdollisuus tutustua rotaryj\u00e4rjest\u00f6n v\u00e4lityksell\u00e4 vieraaseen kulttuuriin muutaman viikon, kuukauden tai kokonaisen kouluvuoden ajan\u00a0vuosivaihdon,\u00a0kes\u00e4vaihdon\u00a0tai\u00a0kes\u00e4leirien\u00a0muodossa. Rotaryn nuorisovaihto-ohjelma on turvallinen ja edullinen vaihtokokonaisuus. Turvallisuus perustuu ohjelmaan osallistuvien perusteelliseen koulutukseen sek\u00e4 vapaaehtoistoimijoista rakentuvaan kotimaasta kohdemaahan ulottuvaan turvaverkkoon. Is\u00e4nt\u00e4perheet ja rotaryklubit [&hellip;]","og_url":"https:\/\/rotary.fi\/rantasalmi\/mita-teemme\/nuorisovaihto\/","og_site_name":"Rantasalmen Rotaryklubi","article_modified_time":"2024-11-22T10:03:48+00:00","twitter_card":"summary_large_image","twitter_misc":{"Arvioitu lukuaika":"2 minuuttia"},"schema":{"@context":"https:\/\/schema.org","@graph":[{"@type":"WebPage","@id":"https:\/\/rotary.fi\/rantasalmi\/mita-teemme\/nuorisovaihto\/","url":"https:\/\/rotary.fi\/rantasalmi\/mita-teemme\/nuorisovaihto\/","name":"Nuorisovaihto - Rantasalmen Rotaryklubi","isPartOf":{"@id":"https:\/\/rotary.fi\/rantasalmi\/#website"},"datePublished":"2024-11-22T07:35:27+00:00","dateModified":"2024-11-22T10:03:48+00:00","breadcrumb":{"@id":"https:\/\/rotary.fi\/rantasalmi\/mita-teemme\/nuorisovaihto\/#breadcrumb"},"inLanguage":"fi","potentialAction":[{"@type":"ReadAction","target":["https:\/\/rotary.fi\/rantasalmi\/mita-teemme\/nuorisovaihto\/"]}]},{"@type":"BreadcrumbList","@id":"https:\/\/rotary.fi\/rantasalmi\/mita-teemme\/nuorisovaihto\/#breadcrumb","itemListElement":[{"@type":"ListItem","position":1,"name":"Home","item":"https:\/\/rotary.fi\/rantasalmi\/"},{"@type":"ListItem","position":2,"name":"Mit\u00e4 teemme","item":"https:\/\/rotary.fi\/rantasalmi\/mita-teemme\/"},{"@type":"ListItem","position":3,"name":"Nuorisovaihto"}]},{"@type":"WebSite","@id":"https:\/\/rotary.fi\/rantasalmi\/#website","url":"https:\/\/rotary.fi\/rantasalmi\/","name":"Rantasalmen Rotaryklubi","description":"Uusi Rotary klubisivusto","potentialAction":[{"@type":"SearchAction","target":{"@type":"EntryPoint","urlTemplate":"https:\/\/rotary.fi\/rantasalmi\/?s={search_term_string}"},"query-input":{"@type":"PropertyValueSpecification","valueRequired":true,"valueName":"search_term_string"}}],"inLanguage":"fi"}]}},"lang":"fi","translations":{"fi":154},"pll_sync_post":[],"_links":{"self":[{"href":"https:\/\/rotary.fi\/rantasalmi\/wp-json\/wp\/v2\/pages\/154","targetHints":{"allow":["GET"]}}],"collection":[{"href":"https:\/\/rotary.fi\/rantasalmi\/wp-json\/wp\/v2\/pages"}],"about":[{"href":"https:\/\/rotary.fi\/rantasalmi\/wp-json\/wp\/v2\/types\/page"}],"author":[{"embeddable":true,"href":"https:\/\/rotary.fi\/rantasalmi\/wp-json\/wp\/v2\/users\/1"}],"replies":[{"embeddable":true,"href":"https:\/\/rotary.fi\/rantasalmi\/wp-json\/wp\/v2\/comments?post=154"}],"version-history":[{"count":9,"href":"https:\/\/rotary.fi\/rantasalmi\/wp-json\/wp\/v2\/pages\/154\/revisions"}],"predecessor-version":[{"id":2668,"href":"https:\/\/rotary.fi\/rantasalmi\/wp-json\/wp\/v2\/pages\/154\/revisions\/2668"}],"up":[{"embeddable":true,"href":"https:\/\/rotary.fi\/rantasalmi\/wp-json\/wp\/v2\/pages\/77"}],"wp:attachment":[{"href":"https:\/\/rotary.fi\/rantasalmi\/wp-json\/wp\/v2\/media?parent=154"}],"curies":[{"name":"wp","href":"https:\/\/api.w.org\/{rel}","templated":true}]}}