{"id":138,"date":"2018-08-10T14:01:44","date_gmt":"2018-08-10T11:01:44","guid":{"rendered":"https:\/\/rotary.fi\/klubi2\/?page_id=138"},"modified":"2020-08-05T13:47:29","modified_gmt":"2020-08-05T10:47:29","slug":"vuositeema","status":"publish","type":"page","link":"https:\/\/rotary.fi\/raisiojokilaakso\/keita-olemme\/vuositeema\/","title":{"rendered":"Vuositeema"},"content":{"rendered":"<p>[et_pb_section fb_built=&#8221;1&#8243; module_class=&#8221;jumbotron-page&#8221; _builder_version=&#8221;3.22&#8243; background_image=&#8221;https:\/\/rotary.fi\/raisiojokilaakso\/wp-content\/uploads\/sites\/77\/2018\/08\/rotary_klubit_alasivu_paakuva_7.jpg&#8221;][et_pb_row _builder_version=&#8221;3.25&#8243; background_size=&#8221;initial&#8221; background_position=&#8221;top_left&#8221; background_repeat=&#8221;repeat&#8221;][et_pb_column type=&#8221;4_4&#8243; _builder_version=&#8221;3.25&#8243; custom_padding=&#8221;|||&#8221; custom_padding__hover=&#8221;|||&#8221;][et_pb_text admin_label=&#8221;P\u00e4\u00e4otsikko&#8221; _builder_version=&#8221;3.27.4&#8243; text_orientation=&#8221;center&#8221; background_layout=&#8221;dark&#8221;]<\/p>\n<h1>Vuositeema<\/h1>\n<p>&nbsp;<\/p>\n<p>[\/et_pb_text][\/et_pb_column][\/et_pb_row][\/et_pb_section][et_pb_section fb_built=&#8221;1&#8243; specialty=&#8221;on&#8221; module_class_2=&#8221;sivupalkki&#8221; _builder_version=&#8221;3.22&#8243; inner_max_width=&#8221;none&#8221;][et_pb_column type=&#8221;2_3&#8243; specialty_columns=&#8221;2&#8243; _builder_version=&#8221;3.25&#8243; custom_padding=&#8221;|||&#8221; custom_padding__hover=&#8221;|||&#8221;][et_pb_row_inner column_structure=&#8221;1_4,1_4,1_4,1_4&#8243; admin_label=&#8221;Rivi&#8221; _builder_version=&#8221;3.25&#8243; background_color=&#8221;#848484&#8243; z_index_tablet=&#8221;500&#8243;][et_pb_column_inner type=&#8221;1_4&#8243; saved_specialty_column_type=&#8221;2_3&#8243; _builder_version=&#8221;3.25&#8243; custom_padding=&#8221;|||&#8221; custom_css_main_element=&#8221;width:24%!important;&#8221; custom_padding__hover=&#8221;|||&#8221;][\/et_pb_column_inner][et_pb_column_inner type=&#8221;1_4&#8243; saved_specialty_column_type=&#8221;2_3&#8243; _builder_version=&#8221;3.25&#8243; custom_padding=&#8221;|||&#8221; custom_css_main_element=&#8221;width:24%!important;&#8221; custom_padding__hover=&#8221;|||&#8221;][\/et_pb_column_inner][et_pb_column_inner type=&#8221;1_4&#8243; saved_specialty_column_type=&#8221;2_3&#8243; _builder_version=&#8221;3.25&#8243; custom_padding=&#8221;|||&#8221; custom_css_main_element=&#8221;width:24%!important;&#8221; custom_padding__hover=&#8221;|||&#8221;][\/et_pb_column_inner][et_pb_column_inner type=&#8221;1_4&#8243; saved_specialty_column_type=&#8221;2_3&#8243; _builder_version=&#8221;3.25&#8243; custom_padding=&#8221;|||&#8221; custom_css_main_element=&#8221;display:none;||width:0%!important;&#8221; custom_padding__hover=&#8221;|||&#8221;][\/et_pb_column_inner][\/et_pb_row_inner][et_pb_row_inner admin_label=&#8221;Rivi&#8221; _builder_version=&#8221;3.25&#8243;][et_pb_column_inner saved_specialty_column_type=&#8221;2_3&#8243; _builder_version=&#8221;3.25&#8243; custom_padding=&#8221;|||&#8221; custom_padding__hover=&#8221;|||&#8221;][et_pb_text admin_label=&#8221;Rotary Internationalin vuositeema &#8211; Otsikko&#8221; _builder_version=&#8221;3.27.4&#8243; text_orientation=&#8221;center&#8221;]<\/p>\n<h1>Rotary Internationalin vuositeema<\/h1>\n<p>[\/et_pb_text][et_pb_text _builder_version=&#8221;3.27.4&#8243;]<\/p>\n<p style=\"text-align: center\"><img loading=\"lazy\" decoding=\"async\" src=\"https:\/\/rotary.fi\/raisiojokilaakso\/wp-content\/uploads\/sites\/77\/2019\/09\/teema_2019-20_fi_sve_en-768x205-300x80.jpg\" width=\"506\" height=\"135\" alt=\"\" class=\"wp-image-1516 alignnone size-medium\" srcset=\"https:\/\/rotary.fi\/raisiojokilaakso\/wp-content\/uploads\/sites\/77\/2019\/09\/teema_2019-20_fi_sve_en-768x205-300x80.jpg 506w, https:\/\/rotary.fi\/raisiojokilaakso\/wp-content\/uploads\/sites\/77\/2019\/09\/teema_2019-20_fi_sve_en-768x205-480x128.jpg 480w\" sizes=\"(min-width: 0px) and (max-width: 480px) 480px, (min-width: 481px) 506px, 100vw\" \/><\/p>\n<p>&nbsp;<\/p>\n<h5><strong>ROTARY YHDIST\u00c4\u00c4 MAAILMAN \u2013 ROTARY F\u00d6RENAR V\u00c4RLDEN \u2013 ROTARY CONNECTS THE WORLD<\/strong><\/h5>\n<p><strong><\/strong><\/p>\n<p><strong><\/strong><\/p>\n<p>Rotary yhdist\u00e4\u00e4 ihmisi\u00e4, perheit\u00e4 ja paikkakuntia ja tarjoaa eri ammattien edustajille tavan verkostoitua kesken\u00e4\u00e4n ja solmia vahvoja ja kest\u00e4vi\u00e4 yst\u00e4vyyssuhteita.<\/p>\n<p>Rotaryn palvelutoiminta yhdist\u00e4\u00e4 meid\u00e4t ihmisiin, joilla on samat arvot kuin meill\u00e4 ja jotka haluavat toimia paremman maailman puolesta. Rotary yhdist\u00e4\u00e4 meid\u00e4t ihmisiin, jotka tarvitsevat apuamme ja antavat n\u00e4in meille mahdollisuuden muuttaa el\u00e4m\u00e4\u00e4 paikkakunnilla ymp\u00e4ri maailmaa.<\/p>\n<p>Rotary voi ja sen t\u00e4ytyy olla kokemus, joka t\u00e4ydent\u00e4\u00e4 meid\u00e4n perheit\u00e4mme sen sijaan ett\u00e4 se kilpailisi perheittemme kanssa. Kun rotaryklubimme ovat tulijat tervetulleiksi toivottavia paikkoja, joissa palvelutoiminta ja perheet kulkevat k\u00e4si k\u00e4dess\u00e4, me annamme perhekeskeisille nuorille ammatti-ihmisille mahdollisuuden innostua Rotaryn palvelutoiminnasta ja suunnitella positiivista kansalaistoimintaa.<\/p>\n<p>Vuonna 2019-2020 tavoitteenamme on vahvistaa tapoja, joilla Rotary yhdist\u00e4\u00e4 maailman solmimalla yhteyksi\u00e4, joiden avulla lahjakkaat, ymm\u00e4rt\u00e4v\u00e4iset ja ep\u00e4itsekk\u00e4\u00e4t ihmiset ly\u00f6tt\u00e4ytyv\u00e4t yhteen ja tekev\u00e4t merkityksellisi\u00e4 asioita Rotaryn palvelutoiminnan avulla.<\/p>\n<p><em>Mark Daniel Maloney<br \/> <\/em>President, Rotary International, 2019 \u2013 2020<\/p>\n<p>[\/et_pb_text][\/et_pb_column_inner][\/et_pb_row_inner][et_pb_row_inner admin_label=&#8221;Rivi&#8221; _builder_version=&#8221;3.25&#8243;][et_pb_column_inner saved_specialty_column_type=&#8221;2_3&#8243; _builder_version=&#8221;3.25&#8243; custom_padding=&#8221;|||&#8221; custom_padding__hover=&#8221;|||&#8221;][et_pb_text admin_label=&#8221;Klubin vuositeema &#8211; Otsikko&#8221; _builder_version=&#8221;3.27.4&#8243; text_orientation=&#8221;center&#8221; z_index_tablet=&#8221;500&#8243;]<\/p>\n<h4>Raisio-jokilaakson Rotaryklubin vuositeema<\/h4>\n<p>[\/et_pb_text][et_pb_text _builder_version=&#8221;3.27.4&#8243; z_index_tablet=&#8221;500&#8243;]<\/p>\n<p class=\"p1\"><span class=\"s1\">Oma klubimme keskittyy j\u00e4senten aktivoimiseen ja klubin julkisuuskuvan kehitt\u00e4miseen. Tahdomme tehd\u00e4 Rotaryn saavutukset n\u00e4kyv\u00e4mm\u00e4ksi. Aktivoidumme yh\u00e4 voimakkaammin nuorten ja heid\u00e4n perheidens\u00e4 suuntaan tukeaksemme heid\u00e4n kasvuaan kohti toimintakykyist\u00e4, hyvinvoivaa aikuisuutta.<\/span><\/p>\n<p>[\/et_pb_text][\/et_pb_column_inner][\/et_pb_row_inner][\/et_pb_column][et_pb_column type=&#8221;1_3&#8243; _builder_version=&#8221;3.25&#8243; custom_padding=&#8221;|||&#8221; custom_padding__hover=&#8221;|||&#8221;][et_pb_sidebar area=&#8221;sidebar-1&#8243; module_class=&#8221;sivupalkki_sisalto&#8221; _builder_version=&#8221;3.4.1&#8243; locked=&#8221;on&#8221;][\/et_pb_sidebar][\/et_pb_column][\/et_pb_section]<\/p>\n","protected":false},"excerpt":{"rendered":"<p>Vuositeema &nbsp; Rotary Internationalin vuositeema &nbsp; ROTARY YHDIST\u00c4\u00c4 MAAILMAN \u2013 ROTARY F\u00d6RENAR V\u00c4RLDEN \u2013 ROTARY CONNECTS THE WORLD Rotary yhdist\u00e4\u00e4 ihmisi\u00e4, perheit\u00e4 ja paikkakuntia ja tarjoaa eri ammattien edustajille tavan verkostoitua kesken\u00e4\u00e4n ja solmia vahvoja ja kest\u00e4vi\u00e4 yst\u00e4vyyssuhteita. Rotaryn palvelutoiminta yhdist\u00e4\u00e4 meid\u00e4t ihmisiin, joilla on samat arvot kuin meill\u00e4 ja jotka haluavat toimia paremman maailman [&hellip;]<\/p>\n","protected":false},"author":1,"featured_media":0,"parent":129,"menu_order":0,"comment_status":"closed","ping_status":"closed","template":"","meta":{"_acf_changed":false,"_et_pb_use_builder":"on","_et_pb_old_content":"","_et_gb_content_width":"","footnotes":""},"class_list":["post-138","page","type-page","status-publish","hentry"],"acf":[],"yoast_head":"<!-- This site is optimized with the Yoast SEO plugin v27.4 - https:\/\/yoast.com\/product\/yoast-seo-wordpress\/ -->\n<title>Vuositeema - Raisio-Jokilaakson Rotaryklubi<\/title>\n<meta name=\"robots\" content=\"index, follow, max-snippet:-1, max-image-preview:large, max-video-preview:-1\" \/>\n<link rel=\"canonical\" href=\"https:\/\/rotary.fi\/raisiojokilaakso\/keita-olemme\/vuositeema\/\" \/>\n<meta property=\"og:locale\" content=\"fi_FI\" \/>\n<meta property=\"og:type\" content=\"article\" \/>\n<meta property=\"og:title\" content=\"Vuositeema - Raisio-Jokilaakson Rotaryklubi\" \/>\n<meta property=\"og:description\" content=\"Vuositeema &nbsp; Rotary Internationalin vuositeema &nbsp; ROTARY YHDIST\u00c4\u00c4 MAAILMAN \u2013 ROTARY F\u00d6RENAR V\u00c4RLDEN \u2013 ROTARY CONNECTS THE WORLD Rotary yhdist\u00e4\u00e4 ihmisi\u00e4, perheit\u00e4 ja paikkakuntia ja tarjoaa eri ammattien edustajille tavan verkostoitua kesken\u00e4\u00e4n ja solmia vahvoja ja kest\u00e4vi\u00e4 yst\u00e4vyyssuhteita. Rotaryn palvelutoiminta yhdist\u00e4\u00e4 meid\u00e4t ihmisiin, joilla on samat arvot kuin meill\u00e4 ja jotka haluavat toimia paremman maailman [&hellip;]\" \/>\n<meta property=\"og:url\" content=\"https:\/\/rotary.fi\/raisiojokilaakso\/keita-olemme\/vuositeema\/\" \/>\n<meta property=\"og:site_name\" content=\"Raisio-Jokilaakson Rotaryklubi\" \/>\n<meta property=\"article:modified_time\" content=\"2020-08-05T10:47:29+00:00\" \/>\n<meta property=\"og:image\" content=\"https:\/\/rotary.fi\/raisiojokilaakso\/wp-content\/uploads\/sites\/77\/2019\/09\/teema_2019-20_fi_sve_en-768x205-300x80.jpg\" \/>\n<meta name=\"twitter:card\" content=\"summary_large_image\" \/>\n<meta name=\"twitter:label1\" content=\"Arvioitu lukuaika\" \/>\n\t<meta name=\"twitter:data1\" content=\"3 minuuttia\" \/>\n<script type=\"application\/ld+json\" class=\"yoast-schema-graph\">{\"@context\":\"https:\\\/\\\/schema.org\",\"@graph\":[{\"@type\":\"WebPage\",\"@id\":\"https:\\\/\\\/rotary.fi\\\/raisiojokilaakso\\\/keita-olemme\\\/vuositeema\\\/\",\"url\":\"https:\\\/\\\/rotary.fi\\\/raisiojokilaakso\\\/keita-olemme\\\/vuositeema\\\/\",\"name\":\"Vuositeema - Raisio-Jokilaakson Rotaryklubi\",\"isPartOf\":{\"@id\":\"https:\\\/\\\/rotary.fi\\\/raisiojokilaakso\\\/#website\"},\"primaryImageOfPage\":{\"@id\":\"https:\\\/\\\/rotary.fi\\\/raisiojokilaakso\\\/keita-olemme\\\/vuositeema\\\/#primaryimage\"},\"image\":{\"@id\":\"https:\\\/\\\/rotary.fi\\\/raisiojokilaakso\\\/keita-olemme\\\/vuositeema\\\/#primaryimage\"},\"thumbnailUrl\":\"https:\\\/\\\/rotary.fi\\\/raisiojokilaakso\\\/wp-content\\\/uploads\\\/sites\\\/77\\\/2019\\\/09\\\/teema_2019-20_fi_sve_en-768x205-300x80.jpg\",\"datePublished\":\"2018-08-10T11:01:44+00:00\",\"dateModified\":\"2020-08-05T10:47:29+00:00\",\"breadcrumb\":{\"@id\":\"https:\\\/\\\/rotary.fi\\\/raisiojokilaakso\\\/keita-olemme\\\/vuositeema\\\/#breadcrumb\"},\"inLanguage\":\"fi\",\"potentialAction\":[{\"@type\":\"ReadAction\",\"target\":[\"https:\\\/\\\/rotary.fi\\\/raisiojokilaakso\\\/keita-olemme\\\/vuositeema\\\/\"]}]},{\"@type\":\"ImageObject\",\"inLanguage\":\"fi\",\"@id\":\"https:\\\/\\\/rotary.fi\\\/raisiojokilaakso\\\/keita-olemme\\\/vuositeema\\\/#primaryimage\",\"url\":\"https:\\\/\\\/rotary.fi\\\/raisiojokilaakso\\\/wp-content\\\/uploads\\\/sites\\\/77\\\/2019\\\/09\\\/teema_2019-20_fi_sve_en-768x205.jpg\",\"contentUrl\":\"https:\\\/\\\/rotary.fi\\\/raisiojokilaakso\\\/wp-content\\\/uploads\\\/sites\\\/77\\\/2019\\\/09\\\/teema_2019-20_fi_sve_en-768x205.jpg\",\"width\":768,\"height\":205},{\"@type\":\"BreadcrumbList\",\"@id\":\"https:\\\/\\\/rotary.fi\\\/raisiojokilaakso\\\/keita-olemme\\\/vuositeema\\\/#breadcrumb\",\"itemListElement\":[{\"@type\":\"ListItem\",\"position\":1,\"name\":\"Home\",\"item\":\"https:\\\/\\\/rotary.fi\\\/raisiojokilaakso\\\/\"},{\"@type\":\"ListItem\",\"position\":2,\"name\":\"Keit\u00e4 olemme\",\"item\":\"https:\\\/\\\/rotary.fi\\\/raisiojokilaakso\\\/keita-olemme\\\/\"},{\"@type\":\"ListItem\",\"position\":3,\"name\":\"Vuositeema\"}]},{\"@type\":\"WebSite\",\"@id\":\"https:\\\/\\\/rotary.fi\\\/raisiojokilaakso\\\/#website\",\"url\":\"https:\\\/\\\/rotary.fi\\\/raisiojokilaakso\\\/\",\"name\":\"Raisio-Jokilaakson Rotaryklubi\",\"description\":\"Uusi Rotary klubisivusto\",\"potentialAction\":[{\"@type\":\"SearchAction\",\"target\":{\"@type\":\"EntryPoint\",\"urlTemplate\":\"https:\\\/\\\/rotary.fi\\\/raisiojokilaakso\\\/?s={search_term_string}\"},\"query-input\":{\"@type\":\"PropertyValueSpecification\",\"valueRequired\":true,\"valueName\":\"search_term_string\"}}],\"inLanguage\":\"fi\"}]}<\/script>\n<!-- \/ Yoast SEO plugin. -->","yoast_head_json":{"title":"Vuositeema - Raisio-Jokilaakson Rotaryklubi","robots":{"index":"index","follow":"follow","max-snippet":"max-snippet:-1","max-image-preview":"max-image-preview:large","max-video-preview":"max-video-preview:-1"},"canonical":"https:\/\/rotary.fi\/raisiojokilaakso\/keita-olemme\/vuositeema\/","og_locale":"fi_FI","og_type":"article","og_title":"Vuositeema - Raisio-Jokilaakson Rotaryklubi","og_description":"Vuositeema &nbsp; Rotary Internationalin vuositeema &nbsp; ROTARY YHDIST\u00c4\u00c4 MAAILMAN \u2013 ROTARY F\u00d6RENAR V\u00c4RLDEN \u2013 ROTARY CONNECTS THE WORLD Rotary yhdist\u00e4\u00e4 ihmisi\u00e4, perheit\u00e4 ja paikkakuntia ja tarjoaa eri ammattien edustajille tavan verkostoitua kesken\u00e4\u00e4n ja solmia vahvoja ja kest\u00e4vi\u00e4 yst\u00e4vyyssuhteita. Rotaryn palvelutoiminta yhdist\u00e4\u00e4 meid\u00e4t ihmisiin, joilla on samat arvot kuin meill\u00e4 ja jotka haluavat toimia paremman maailman [&hellip;]","og_url":"https:\/\/rotary.fi\/raisiojokilaakso\/keita-olemme\/vuositeema\/","og_site_name":"Raisio-Jokilaakson Rotaryklubi","article_modified_time":"2020-08-05T10:47:29+00:00","og_image":[{"url":"https:\/\/rotary.fi\/raisiojokilaakso\/wp-content\/uploads\/sites\/77\/2019\/09\/teema_2019-20_fi_sve_en-768x205-300x80.jpg","type":"","width":"","height":""}],"twitter_card":"summary_large_image","twitter_misc":{"Arvioitu lukuaika":"3 minuuttia"},"schema":{"@context":"https:\/\/schema.org","@graph":[{"@type":"WebPage","@id":"https:\/\/rotary.fi\/raisiojokilaakso\/keita-olemme\/vuositeema\/","url":"https:\/\/rotary.fi\/raisiojokilaakso\/keita-olemme\/vuositeema\/","name":"Vuositeema - Raisio-Jokilaakson Rotaryklubi","isPartOf":{"@id":"https:\/\/rotary.fi\/raisiojokilaakso\/#website"},"primaryImageOfPage":{"@id":"https:\/\/rotary.fi\/raisiojokilaakso\/keita-olemme\/vuositeema\/#primaryimage"},"image":{"@id":"https:\/\/rotary.fi\/raisiojokilaakso\/keita-olemme\/vuositeema\/#primaryimage"},"thumbnailUrl":"https:\/\/rotary.fi\/raisiojokilaakso\/wp-content\/uploads\/sites\/77\/2019\/09\/teema_2019-20_fi_sve_en-768x205-300x80.jpg","datePublished":"2018-08-10T11:01:44+00:00","dateModified":"2020-08-05T10:47:29+00:00","breadcrumb":{"@id":"https:\/\/rotary.fi\/raisiojokilaakso\/keita-olemme\/vuositeema\/#breadcrumb"},"inLanguage":"fi","potentialAction":[{"@type":"ReadAction","target":["https:\/\/rotary.fi\/raisiojokilaakso\/keita-olemme\/vuositeema\/"]}]},{"@type":"ImageObject","inLanguage":"fi","@id":"https:\/\/rotary.fi\/raisiojokilaakso\/keita-olemme\/vuositeema\/#primaryimage","url":"https:\/\/rotary.fi\/raisiojokilaakso\/wp-content\/uploads\/sites\/77\/2019\/09\/teema_2019-20_fi_sve_en-768x205.jpg","contentUrl":"https:\/\/rotary.fi\/raisiojokilaakso\/wp-content\/uploads\/sites\/77\/2019\/09\/teema_2019-20_fi_sve_en-768x205.jpg","width":768,"height":205},{"@type":"BreadcrumbList","@id":"https:\/\/rotary.fi\/raisiojokilaakso\/keita-olemme\/vuositeema\/#breadcrumb","itemListElement":[{"@type":"ListItem","position":1,"name":"Home","item":"https:\/\/rotary.fi\/raisiojokilaakso\/"},{"@type":"ListItem","position":2,"name":"Keit\u00e4 olemme","item":"https:\/\/rotary.fi\/raisiojokilaakso\/keita-olemme\/"},{"@type":"ListItem","position":3,"name":"Vuositeema"}]},{"@type":"WebSite","@id":"https:\/\/rotary.fi\/raisiojokilaakso\/#website","url":"https:\/\/rotary.fi\/raisiojokilaakso\/","name":"Raisio-Jokilaakson Rotaryklubi","description":"Uusi Rotary klubisivusto","potentialAction":[{"@type":"SearchAction","target":{"@type":"EntryPoint","urlTemplate":"https:\/\/rotary.fi\/raisiojokilaakso\/?s={search_term_string}"},"query-input":{"@type":"PropertyValueSpecification","valueRequired":true,"valueName":"search_term_string"}}],"inLanguage":"fi"}]}},"lang":"fi","translations":{"fi":138},"pll_sync_post":[],"_links":{"self":[{"href":"https:\/\/rotary.fi\/raisiojokilaakso\/wp-json\/wp\/v2\/pages\/138","targetHints":{"allow":["GET"]}}],"collection":[{"href":"https:\/\/rotary.fi\/raisiojokilaakso\/wp-json\/wp\/v2\/pages"}],"about":[{"href":"https:\/\/rotary.fi\/raisiojokilaakso\/wp-json\/wp\/v2\/types\/page"}],"author":[{"embeddable":true,"href":"https:\/\/rotary.fi\/raisiojokilaakso\/wp-json\/wp\/v2\/users\/1"}],"replies":[{"embeddable":true,"href":"https:\/\/rotary.fi\/raisiojokilaakso\/wp-json\/wp\/v2\/comments?post=138"}],"version-history":[{"count":12,"href":"https:\/\/rotary.fi\/raisiojokilaakso\/wp-json\/wp\/v2\/pages\/138\/revisions"}],"predecessor-version":[{"id":1589,"href":"https:\/\/rotary.fi\/raisiojokilaakso\/wp-json\/wp\/v2\/pages\/138\/revisions\/1589"}],"up":[{"embeddable":true,"href":"https:\/\/rotary.fi\/raisiojokilaakso\/wp-json\/wp\/v2\/pages\/129"}],"wp:attachment":[{"href":"https:\/\/rotary.fi\/raisiojokilaakso\/wp-json\/wp\/v2\/media?parent=138"}],"curies":[{"name":"wp","href":"https:\/\/api.w.org\/{rel}","templated":true}]}}