{"id":77,"date":"2018-08-09T14:01:56","date_gmt":"2018-08-09T11:01:56","guid":{"rendered":"https:\/\/rotary.fi\/klubi2\/?page_id=77"},"modified":"2019-08-12T21:47:46","modified_gmt":"2019-08-12T18:47:46","slug":"mita-teemme","status":"publish","type":"page","link":"https:\/\/rotary.fi\/raisio\/mita-teemme\/","title":{"rendered":"Mit\u00e4 teemme"},"content":{"rendered":"<p>[et_pb_section bb_built=&#8221;1&#8243; _builder_version=&#8221;3.25.3&#8243; background_image=&#8221;https:\/\/rotary.fi\/raisio\/wp-content\/uploads\/sites\/94\/2018\/10\/rotary_klubit_alasivu_paakuva_9.jpg&#8221; next_background_color=&#8221;#ffffff&#8221; inner_max_width=&#8221;none&#8221; inner_width_tablet=&#8221;50px&#8221; inner_max_width_tablet=&#8221;50px&#8221; box_shadow_horizontal_tablet=&#8221;0px&#8221; box_shadow_vertical_tablet=&#8221;0px&#8221; box_shadow_blur_tablet=&#8221;40px&#8221; box_shadow_spread_tablet=&#8221;0px&#8221; z_index_tablet=&#8221;500&#8243;][et_pb_row][et_pb_column type=&#8221;4_4&#8243; custom_padding__hover=&#8221;|||&#8221; custom_padding=&#8221;|||&#8221;][et_pb_text admin_label=&#8221;P\u00e4\u00e4otsikko&#8221; _builder_version=&#8221;3.25.3&#8243; text_orientation=&#8221;center&#8221; background_layout=&#8221;dark&#8221;]<\/p>\n<h1>Mit\u00e4 teemme<\/h1>\n<p>[\/et_pb_text][\/et_pb_column][\/et_pb_row][\/et_pb_section][et_pb_section bb_built=&#8221;1&#8243; specialty=&#8221;on&#8221; prev_background_color=&#8221;#000000&#8243; _builder_version=&#8221;3.4.1&#8243; module_class_2=&#8221;sivupalkki&#8221; inner_width=&#8221;auto&#8221; inner_max_width=&#8221;none&#8221;][et_pb_column type=&#8221;2_3&#8243; specialty_columns=&#8221;2&#8243;][et_pb_row_inner admin_label=&#8221;Rivi&#8221;][et_pb_column_inner type=&#8221;4_4&#8243; saved_specialty_column_type=&#8221;2_3&#8243; custom_padding__hover=&#8221;|||&#8221; custom_padding=&#8221;|||&#8221; saved_specialty_column_type=&#8221;2_3&#8243;][et_pb_text admin_label=&#8221;Otsikko&#8221; _builder_version=&#8221;3.25.3&#8243; text_orientation=&#8221;center&#8221;]<\/p>\n<h1>Mit\u00e4 teemme<\/h1>\n<p>[\/et_pb_text][et_pb_text _builder_version=&#8221;3.22.7&#8243; saved_tabs=&#8221;all&#8221; text_text_shadow_horizontal_length=&#8221;text_text_shadow_style,%91object Object%93&#8243; text_text_shadow_vertical_length=&#8221;text_text_shadow_style,%91object Object%93&#8243; text_text_shadow_blur_strength=&#8221;text_text_shadow_style,%91object Object%93&#8243; link_text_shadow_horizontal_length=&#8221;link_text_shadow_style,%91object Object%93&#8243; link_text_shadow_vertical_length=&#8221;link_text_shadow_style,%91object Object%93&#8243; link_text_shadow_blur_strength=&#8221;link_text_shadow_style,%91object Object%93&#8243; ul_text_shadow_horizontal_length=&#8221;ul_text_shadow_style,%91object Object%93&#8243; ul_text_shadow_vertical_length=&#8221;ul_text_shadow_style,%91object Object%93&#8243; ul_text_shadow_blur_strength=&#8221;ul_text_shadow_style,%91object Object%93&#8243; ol_text_shadow_horizontal_length=&#8221;ol_text_shadow_style,%91object Object%93&#8243; ol_text_shadow_vertical_length=&#8221;ol_text_shadow_style,%91object Object%93&#8243; ol_text_shadow_blur_strength=&#8221;ol_text_shadow_style,%91object Object%93&#8243; quote_text_shadow_horizontal_length=&#8221;quote_text_shadow_style,%91object Object%93&#8243; quote_text_shadow_vertical_length=&#8221;quote_text_shadow_style,%91object Object%93&#8243; quote_text_shadow_blur_strength=&#8221;quote_text_shadow_style,%91object Object%93&#8243; header_text_shadow_horizontal_length=&#8221;header_text_shadow_style,%91object Object%93&#8243; header_text_shadow_vertical_length=&#8221;header_text_shadow_style,%91object Object%93&#8243; header_text_shadow_blur_strength=&#8221;header_text_shadow_style,%91object Object%93&#8243; header_2_text_shadow_horizontal_length=&#8221;header_2_text_shadow_style,%91object Object%93&#8243; header_2_text_shadow_vertical_length=&#8221;header_2_text_shadow_style,%91object Object%93&#8243; header_2_text_shadow_blur_strength=&#8221;header_2_text_shadow_style,%91object Object%93&#8243; header_3_text_shadow_horizontal_length=&#8221;header_3_text_shadow_style,%91object Object%93&#8243; header_3_text_shadow_vertical_length=&#8221;header_3_text_shadow_style,%91object Object%93&#8243; header_3_text_shadow_blur_strength=&#8221;header_3_text_shadow_style,%91object Object%93&#8243; header_4_text_shadow_horizontal_length=&#8221;header_4_text_shadow_style,%91object Object%93&#8243; header_4_text_shadow_vertical_length=&#8221;header_4_text_shadow_style,%91object Object%93&#8243; header_4_text_shadow_blur_strength=&#8221;header_4_text_shadow_style,%91object Object%93&#8243; header_5_text_shadow_horizontal_length=&#8221;header_5_text_shadow_style,%91object Object%93&#8243; header_5_text_shadow_vertical_length=&#8221;header_5_text_shadow_style,%91object Object%93&#8243; header_5_text_shadow_blur_strength=&#8221;header_5_text_shadow_style,%91object Object%93&#8243; header_6_text_shadow_horizontal_length=&#8221;header_6_text_shadow_style,%91object Object%93&#8243; header_6_text_shadow_vertical_length=&#8221;header_6_text_shadow_style,%91object Object%93&#8243; header_6_text_shadow_blur_strength=&#8221;header_6_text_shadow_style,%91object Object%93&#8243; z_index_tablet=&#8221;500&#8243;]<\/p>\n<p>Rotarina saat k\u00e4ytt\u00f6si globaalin palveluverkoston ja rotarina sinulla on mahdollisuus toimia, vaikuttaa ja tehd\u00e4 hyv\u00e4\u00e4. Voit vaikuttaa ja toimia paikallisesti klubissasi ja klubisi kautta maailmanlaajuisesti. Saat mahtavan sosiaalisen verkoston ja elinik\u00e4isi\u00e4 yst\u00e4vi\u00e4. Voit my\u00f6s verkottua oman harrastuksesi jakavien muiden rotareiden kanssa rotareiden moninaisissa kansainv\u00e4lisiss\u00e4 harrastusryhmiss\u00e4.<\/p>\n<p>Rotaryklubit kokoontuvat joko viikoittain tai rotaryklubin harkinnan mukaisesti harvemmin v\u00e4hint\u00e4\u00e4n kahdesti kuukaudessa. Toteutamme palveluprojekteja ja tuemme humanitaarisia projekteja koordinoivaa Rotarys\u00e4\u00e4ti\u00f6t\u00e4. Saamme kokouksissamme kuulla mielenkiintoisia esitelmi\u00e4. Toimiminen klubin eri teht\u00e4viss\u00e4 edesauttaa rotaria omalla kehityspolullaan.<\/p>\n<p>Kaiken mottona toimii lause: &#8221;Service above self&#8221;<\/p>\n<p>[\/et_pb_text][\/et_pb_column_inner][\/et_pb_row_inner][\/et_pb_column][et_pb_column type=&#8221;1_3&#8243;][et_pb_sidebar _builder_version=&#8221;3.4.1&#8243; area=&#8221;sidebar-1&#8243; module_class=&#8221;sivupalkki_sisalto&#8221; locked=&#8221;on&#8221; \/][\/et_pb_column][\/et_pb_section]<\/p>\n","protected":false},"excerpt":{"rendered":"<p><div class=\"et_pb_row et_pb_row_0 et_pb_row_empty\">\n\t\t\t\t\n\t\t\t\t\n\t\t\t\t\n\t\t\t\t\n\t\t\t\t\n\t\t\t<\/div> Mit\u00e4 teemme Mit\u00e4 teemme Rotarina saat k\u00e4ytt\u00f6si globaalin palveluverkoston ja rotarina sinulla on mahdollisuus toimia, vaikuttaa ja tehd\u00e4 hyv\u00e4\u00e4. Voit vaikuttaa ja toimia paikallisesti klubissasi ja klubisi kautta maailmanlaajuisesti. Saat mahtavan sosiaalisen verkoston ja elinik\u00e4isi\u00e4 yst\u00e4vi\u00e4. Voit my\u00f6s verkottua oman harrastuksesi jakavien muiden rotareiden kanssa rotareiden moninaisissa kansainv\u00e4lisiss\u00e4 harrastusryhmiss\u00e4.Rotaryklubit kokoontuvat joko viikoittain tai rotaryklubin [&hellip;]<\/p>\n","protected":false},"author":1,"featured_media":0,"parent":0,"menu_order":0,"comment_status":"closed","ping_status":"closed","template":"","meta":{"_acf_changed":false,"_et_pb_use_builder":"on","_et_pb_old_content":"","_et_gb_content_width":"","footnotes":""},"class_list":["post-77","page","type-page","status-publish","hentry"],"acf":[],"yoast_head":"<!-- This site is optimized with the Yoast SEO plugin v27.4 - https:\/\/yoast.com\/product\/yoast-seo-wordpress\/ -->\n<title>Mit\u00e4 teemme - Raision Rotaryklubi<\/title>\n<meta name=\"robots\" content=\"index, follow, max-snippet:-1, max-image-preview:large, max-video-preview:-1\" \/>\n<link rel=\"canonical\" href=\"https:\/\/rotary.fi\/raisio\/mita-teemme\/\" \/>\n<meta property=\"og:locale\" content=\"fi_FI\" \/>\n<meta property=\"og:type\" content=\"article\" \/>\n<meta property=\"og:title\" content=\"Mit\u00e4 teemme - Raision Rotaryklubi\" \/>\n<meta property=\"og:description\" content=\"Mit\u00e4 teemme Mit\u00e4 teemme Rotarina saat k\u00e4ytt\u00f6si globaalin palveluverkoston ja rotarina sinulla on mahdollisuus toimia, vaikuttaa ja tehd\u00e4 hyv\u00e4\u00e4. Voit vaikuttaa ja toimia paikallisesti klubissasi ja klubisi kautta maailmanlaajuisesti. Saat mahtavan sosiaalisen verkoston ja elinik\u00e4isi\u00e4 yst\u00e4vi\u00e4. Voit my\u00f6s verkottua oman harrastuksesi jakavien muiden rotareiden kanssa rotareiden moninaisissa kansainv\u00e4lisiss\u00e4 harrastusryhmiss\u00e4.Rotaryklubit kokoontuvat joko viikoittain tai rotaryklubin [&hellip;]\" \/>\n<meta property=\"og:url\" content=\"https:\/\/rotary.fi\/raisio\/mita-teemme\/\" \/>\n<meta property=\"og:site_name\" content=\"Raision Rotaryklubi\" \/>\n<meta property=\"article:modified_time\" content=\"2019-08-12T18:47:46+00:00\" \/>\n<meta name=\"twitter:card\" content=\"summary_large_image\" \/>\n<meta name=\"twitter:label1\" content=\"Arvioitu lukuaika\" \/>\n\t<meta name=\"twitter:data1\" content=\"3 minuuttia\" \/>\n<script type=\"application\/ld+json\" class=\"yoast-schema-graph\">{\"@context\":\"https:\\\/\\\/schema.org\",\"@graph\":[{\"@type\":\"WebPage\",\"@id\":\"https:\\\/\\\/rotary.fi\\\/raisio\\\/mita-teemme\\\/\",\"url\":\"https:\\\/\\\/rotary.fi\\\/raisio\\\/mita-teemme\\\/\",\"name\":\"Mit\u00e4 teemme - Raision Rotaryklubi\",\"isPartOf\":{\"@id\":\"https:\\\/\\\/rotary.fi\\\/raisio\\\/#website\"},\"datePublished\":\"2018-08-09T11:01:56+00:00\",\"dateModified\":\"2019-08-12T18:47:46+00:00\",\"breadcrumb\":{\"@id\":\"https:\\\/\\\/rotary.fi\\\/raisio\\\/mita-teemme\\\/#breadcrumb\"},\"inLanguage\":\"fi\",\"potentialAction\":[{\"@type\":\"ReadAction\",\"target\":[\"https:\\\/\\\/rotary.fi\\\/raisio\\\/mita-teemme\\\/\"]}]},{\"@type\":\"BreadcrumbList\",\"@id\":\"https:\\\/\\\/rotary.fi\\\/raisio\\\/mita-teemme\\\/#breadcrumb\",\"itemListElement\":[{\"@type\":\"ListItem\",\"position\":1,\"name\":\"Home\",\"item\":\"https:\\\/\\\/rotary.fi\\\/raisio\\\/\"},{\"@type\":\"ListItem\",\"position\":2,\"name\":\"Mit\u00e4 teemme\"}]},{\"@type\":\"WebSite\",\"@id\":\"https:\\\/\\\/rotary.fi\\\/raisio\\\/#website\",\"url\":\"https:\\\/\\\/rotary.fi\\\/raisio\\\/\",\"name\":\"Raision Rotaryklubi\",\"description\":\"Uusi Rotary klubisivusto\",\"potentialAction\":[{\"@type\":\"SearchAction\",\"target\":{\"@type\":\"EntryPoint\",\"urlTemplate\":\"https:\\\/\\\/rotary.fi\\\/raisio\\\/?s={search_term_string}\"},\"query-input\":{\"@type\":\"PropertyValueSpecification\",\"valueRequired\":true,\"valueName\":\"search_term_string\"}}],\"inLanguage\":\"fi\"}]}<\/script>\n<!-- \/ Yoast SEO plugin. -->","yoast_head_json":{"title":"Mit\u00e4 teemme - Raision Rotaryklubi","robots":{"index":"index","follow":"follow","max-snippet":"max-snippet:-1","max-image-preview":"max-image-preview:large","max-video-preview":"max-video-preview:-1"},"canonical":"https:\/\/rotary.fi\/raisio\/mita-teemme\/","og_locale":"fi_FI","og_type":"article","og_title":"Mit\u00e4 teemme - Raision Rotaryklubi","og_description":"Mit\u00e4 teemme Mit\u00e4 teemme Rotarina saat k\u00e4ytt\u00f6si globaalin palveluverkoston ja rotarina sinulla on mahdollisuus toimia, vaikuttaa ja tehd\u00e4 hyv\u00e4\u00e4. Voit vaikuttaa ja toimia paikallisesti klubissasi ja klubisi kautta maailmanlaajuisesti. Saat mahtavan sosiaalisen verkoston ja elinik\u00e4isi\u00e4 yst\u00e4vi\u00e4. Voit my\u00f6s verkottua oman harrastuksesi jakavien muiden rotareiden kanssa rotareiden moninaisissa kansainv\u00e4lisiss\u00e4 harrastusryhmiss\u00e4.Rotaryklubit kokoontuvat joko viikoittain tai rotaryklubin [&hellip;]","og_url":"https:\/\/rotary.fi\/raisio\/mita-teemme\/","og_site_name":"Raision Rotaryklubi","article_modified_time":"2019-08-12T18:47:46+00:00","twitter_card":"summary_large_image","twitter_misc":{"Arvioitu lukuaika":"3 minuuttia"},"schema":{"@context":"https:\/\/schema.org","@graph":[{"@type":"WebPage","@id":"https:\/\/rotary.fi\/raisio\/mita-teemme\/","url":"https:\/\/rotary.fi\/raisio\/mita-teemme\/","name":"Mit\u00e4 teemme - Raision Rotaryklubi","isPartOf":{"@id":"https:\/\/rotary.fi\/raisio\/#website"},"datePublished":"2018-08-09T11:01:56+00:00","dateModified":"2019-08-12T18:47:46+00:00","breadcrumb":{"@id":"https:\/\/rotary.fi\/raisio\/mita-teemme\/#breadcrumb"},"inLanguage":"fi","potentialAction":[{"@type":"ReadAction","target":["https:\/\/rotary.fi\/raisio\/mita-teemme\/"]}]},{"@type":"BreadcrumbList","@id":"https:\/\/rotary.fi\/raisio\/mita-teemme\/#breadcrumb","itemListElement":[{"@type":"ListItem","position":1,"name":"Home","item":"https:\/\/rotary.fi\/raisio\/"},{"@type":"ListItem","position":2,"name":"Mit\u00e4 teemme"}]},{"@type":"WebSite","@id":"https:\/\/rotary.fi\/raisio\/#website","url":"https:\/\/rotary.fi\/raisio\/","name":"Raision Rotaryklubi","description":"Uusi Rotary klubisivusto","potentialAction":[{"@type":"SearchAction","target":{"@type":"EntryPoint","urlTemplate":"https:\/\/rotary.fi\/raisio\/?s={search_term_string}"},"query-input":{"@type":"PropertyValueSpecification","valueRequired":true,"valueName":"search_term_string"}}],"inLanguage":"fi"}]}},"lang":"fi","translations":{"fi":77},"pll_sync_post":[],"_links":{"self":[{"href":"https:\/\/rotary.fi\/raisio\/wp-json\/wp\/v2\/pages\/77","targetHints":{"allow":["GET"]}}],"collection":[{"href":"https:\/\/rotary.fi\/raisio\/wp-json\/wp\/v2\/pages"}],"about":[{"href":"https:\/\/rotary.fi\/raisio\/wp-json\/wp\/v2\/types\/page"}],"author":[{"embeddable":true,"href":"https:\/\/rotary.fi\/raisio\/wp-json\/wp\/v2\/users\/1"}],"replies":[{"embeddable":true,"href":"https:\/\/rotary.fi\/raisio\/wp-json\/wp\/v2\/comments?post=77"}],"version-history":[{"count":10,"href":"https:\/\/rotary.fi\/raisio\/wp-json\/wp\/v2\/pages\/77\/revisions"}],"predecessor-version":[{"id":2216,"href":"https:\/\/rotary.fi\/raisio\/wp-json\/wp\/v2\/pages\/77\/revisions\/2216"}],"wp:attachment":[{"href":"https:\/\/rotary.fi\/raisio\/wp-json\/wp\/v2\/media?parent=77"}],"curies":[{"name":"wp","href":"https:\/\/api.w.org\/{rel}","templated":true}]}}