{"id":2799,"date":"2024-09-13T19:36:14","date_gmt":"2024-09-13T16:36:14","guid":{"rendered":"https:\/\/rotary.fi\/raisio\/?page_id=2799"},"modified":"2024-09-13T19:36:18","modified_gmt":"2024-09-13T16:36:18","slug":"hallitus-ja-toimihenkilot-3","status":"publish","type":"page","link":"https:\/\/rotary.fi\/raisio\/keita-olemme-2\/hallitus-ja-toimihenkilot-3\/","title":{"rendered":"Hallitus ja toimihenkil\u00f6t"},"content":{"rendered":"<p>[et_pb_section fb_built=&#8221;1&#8243; _builder_version=&#8221;4.16&#8243; background_image=&#8221;https:\/\/rotary.fi\/raisio\/wp-content\/uploads\/sites\/94\/2019\/06\/rotarykoivikko-2.jpg&#8221; background_size=&#8221;initial&#8221; inner_width_tablet=&#8221;50px&#8221; inner_max_width_tablet=&#8221;50px&#8221; z_index_tablet=&#8221;500&#8243; box_shadow_horizontal_tablet=&#8221;0px&#8221; box_shadow_vertical_tablet=&#8221;0px&#8221; box_shadow_blur_tablet=&#8221;40px&#8221; box_shadow_spread_tablet=&#8221;0px&#8221; collapsed=&#8221;off&#8221; global_colors_info=&#8221;{}&#8221;][et_pb_row _builder_version=&#8221;4.16&#8243; background_size=&#8221;initial&#8221; background_position=&#8221;top_left&#8221; background_repeat=&#8221;repeat&#8221; global_colors_info=&#8221;{}&#8221;][et_pb_column type=&#8221;4_4&#8243; _builder_version=&#8221;4.16&#8243; custom_padding=&#8221;|||&#8221; global_colors_info=&#8221;{}&#8221; custom_padding__hover=&#8221;|||&#8221;][et_pb_text admin_label=&#8221;P\u00e4\u00e4otsikko&#8221; _builder_version=&#8221;4.16&#8243; text_orientation=&#8221;center&#8221; background_layout=&#8221;dark&#8221; global_colors_info=&#8221;{}&#8221;]<\/p>\n<h1>Hallitus ja toimihenkil\u00f6t<\/h1>\n<p>&nbsp;<\/p>\n<p>&nbsp;<\/p>\n<p>[\/et_pb_text][\/et_pb_column][\/et_pb_row][\/et_pb_section][et_pb_section fb_built=&#8221;1&#8243; specialty=&#8221;on&#8221; module_class_2=&#8221;sivupalkki&#8221; _builder_version=&#8221;4.22.0&#8243; inner_max_width=&#8221;none&#8221; global_colors_info=&#8221;{}&#8221;][et_pb_column type=&#8221;2_3&#8243; specialty_columns=&#8221;2&#8243; _builder_version=&#8221;4.16&#8243; custom_padding=&#8221;|||&#8221; global_colors_info=&#8221;{}&#8221; custom_padding__hover=&#8221;|||&#8221;][et_pb_row_inner admin_label=&#8221;Rivi&#8221; _builder_version=&#8221;4.16&#8243; global_colors_info=&#8221;{}&#8221;][et_pb_column_inner saved_specialty_column_type=&#8221;2_3&#8243; _builder_version=&#8221;4.16&#8243; custom_padding=&#8221;|||&#8221; global_colors_info=&#8221;{}&#8221; custom_padding__hover=&#8221;|||&#8221;][et_pb_text admin_label=&#8221;Otsikko&#8221; _builder_version=&#8221;4.16&#8243; text_orientation=&#8221;center&#8221; global_colors_info=&#8221;{}&#8221;]<\/p>\n<h1>Hallitus ja toimihenkil\u00f6t<\/h1>\n<p>[\/et_pb_text][\/et_pb_column_inner][\/et_pb_row_inner][et_pb_row_inner admin_label=&#8221;Rivi&#8221; _builder_version=&#8221;4.22.0&#8243; global_colors_info=&#8221;{}&#8221;][et_pb_column_inner saved_specialty_column_type=&#8221;2_3&#8243; _builder_version=&#8221;4.16&#8243; custom_padding=&#8221;|||&#8221; global_colors_info=&#8221;{}&#8221; custom_padding__hover=&#8221;|||&#8221;][et_pb_text _builder_version=&#8221;4.16&#8243; custom_margin=&#8221;|-52px||||&#8221; custom_padding=&#8221;|||0px||&#8221; z_index_tablet=&#8221;500&#8243; box_shadow_horizontal_tablet=&#8221;0px&#8221; box_shadow_vertical_tablet=&#8221;0px&#8221; box_shadow_blur_tablet=&#8221;40px&#8221; box_shadow_spread_tablet=&#8221;0px&#8221; saved_tabs=&#8221;all&#8221; global_colors_info=&#8221;{}&#8221;]<\/p>\n<h2><span style=\"font-size: x-large\"><\/span><\/h2>\n<h2><span style=\"font-size: x-large\">Hallitus 2024-2025<\/span><\/h2>\n<h2><\/h2>\n<p><strong><\/strong><strong>Presidentti <\/strong>Sami Malkamo<\/p>\n<p><strong>Edellinen presidentti<\/strong> Niklas Winter<\/p>\n<p><strong>Sihteeri <\/strong>Olavi Tuomi<\/p>\n<p><strong>Rahastonhoitaja <\/strong>Risto Muinonen<\/p>\n<p><strong>J\u00e4sen <\/strong>Roosa Per\u00e4m\u00e4ki<\/p>\n<p><strong><\/strong><strong>J\u00e4sen<\/strong> Heidi Hilska<\/p>\n<p><strong><\/strong><\/p>\n<p><strong><\/strong><\/p>\n<h2><span style=\"font-size: x-large\">Me vastaamme seuraavista hommista:<\/span><strong><\/strong><\/h2>\n<p><strong><\/strong><\/p>\n<p><strong>S\u00e4\u00e4ti\u00f6asiamies <\/strong>Pia Puhakka<\/p>\n<p><strong>Nuorisovaihtoasiat <\/strong>NVA Heidi Hilska \/ Meri Pohjalainen<br \/><strong style=\"font-size: 16px\"><\/strong><\/p>\n<p><strong>Ymp\u00e4rist\u00f6 <\/strong>Heidi Hilska<\/p>\n<p><strong>Maailmanparantajat<\/strong> Risto Muinonen<\/p>\n<p><strong>Projektiryhm\u00e4<\/strong><\/p>\n<p>&nbsp;<\/p>\n<p>&nbsp;<\/p>\n<p>&nbsp;<\/p>\n<p>[\/et_pb_text][\/et_pb_column_inner][\/et_pb_row_inner][\/et_pb_column][et_pb_column type=&#8221;1_3&#8243; _builder_version=&#8221;4.16&#8243; custom_padding=&#8221;|||&#8221; global_colors_info=&#8221;{}&#8221; custom_padding__hover=&#8221;|||&#8221;][et_pb_sidebar area=&#8221;sidebar-1&#8243; module_class=&#8221;sivupalkki_sisalto&#8221; _builder_version=&#8221;4.16&#8243; locked=&#8221;on&#8221; global_colors_info=&#8221;{}&#8221;]<br \/>\n[\/et_pb_sidebar][\/et_pb_column][\/et_pb_section]<\/p>\n","protected":false},"excerpt":{"rendered":"<p>Hallitus ja toimihenkil\u00f6t &nbsp; &nbsp; Hallitus ja toimihenkil\u00f6t Hallitus 2024-2025 Presidentti Sami Malkamo Edellinen presidentti Niklas Winter Sihteeri Olavi Tuomi Rahastonhoitaja Risto Muinonen J\u00e4sen Roosa Per\u00e4m\u00e4ki J\u00e4sen Heidi Hilska Me vastaamme seuraavista hommista: S\u00e4\u00e4ti\u00f6asiamies Pia Puhakka Nuorisovaihtoasiat NVA Heidi Hilska \/ Meri Pohjalainen Ymp\u00e4rist\u00f6 Heidi Hilska Maailmanparantajat Risto Muinonen Projektiryhm\u00e4 &nbsp; &nbsp; &nbsp;<\/p>\n","protected":false},"author":761,"featured_media":0,"parent":129,"menu_order":0,"comment_status":"closed","ping_status":"closed","template":"","meta":{"_acf_changed":false,"_et_pb_use_builder":"on","_et_pb_old_content":"","_et_gb_content_width":"","footnotes":""},"class_list":["post-2799","page","type-page","status-publish","hentry"],"acf":[],"yoast_head":"<!-- This site is optimized with the Yoast SEO plugin v27.0 - https:\/\/yoast.com\/product\/yoast-seo-wordpress\/ -->\n<title>Hallitus ja toimihenkil\u00f6t - Raision Rotaryklubi<\/title>\n<meta name=\"robots\" content=\"index, follow, max-snippet:-1, max-image-preview:large, max-video-preview:-1\" \/>\n<link rel=\"canonical\" href=\"https:\/\/rotary.fi\/raisio\/keita-olemme-2\/hallitus-ja-toimihenkilot-3\/\" \/>\n<meta property=\"og:locale\" content=\"fi_FI\" \/>\n<meta property=\"og:type\" content=\"article\" \/>\n<meta property=\"og:title\" content=\"Hallitus ja toimihenkil\u00f6t - Raision Rotaryklubi\" \/>\n<meta property=\"og:description\" content=\"Hallitus ja toimihenkil\u00f6t &nbsp; &nbsp; Hallitus ja toimihenkil\u00f6t Hallitus 2024-2025 Presidentti Sami Malkamo Edellinen presidentti Niklas Winter Sihteeri Olavi Tuomi Rahastonhoitaja Risto Muinonen J\u00e4sen Roosa Per\u00e4m\u00e4ki J\u00e4sen Heidi Hilska Me vastaamme seuraavista hommista: S\u00e4\u00e4ti\u00f6asiamies Pia Puhakka Nuorisovaihtoasiat NVA Heidi Hilska \/ Meri Pohjalainen Ymp\u00e4rist\u00f6 Heidi Hilska Maailmanparantajat Risto Muinonen Projektiryhm\u00e4 &nbsp; &nbsp; &nbsp;\" \/>\n<meta property=\"og:url\" content=\"https:\/\/rotary.fi\/raisio\/keita-olemme-2\/hallitus-ja-toimihenkilot-3\/\" \/>\n<meta property=\"og:site_name\" content=\"Raision Rotaryklubi\" \/>\n<meta property=\"article:modified_time\" content=\"2024-09-13T16:36:18+00:00\" \/>\n<meta name=\"twitter:card\" content=\"summary_large_image\" \/>\n<meta name=\"twitter:label1\" content=\"Arvioitu lukuaika\" \/>\n\t<meta name=\"twitter:data1\" content=\"1 minuutti\" \/>\n<script type=\"application\/ld+json\" class=\"yoast-schema-graph\">{\"@context\":\"https:\/\/schema.org\",\"@graph\":[{\"@type\":\"WebPage\",\"@id\":\"https:\/\/rotary.fi\/raisio\/keita-olemme-2\/hallitus-ja-toimihenkilot-3\/\",\"url\":\"https:\/\/rotary.fi\/raisio\/keita-olemme-2\/hallitus-ja-toimihenkilot-3\/\",\"name\":\"Hallitus ja toimihenkil\u00f6t - Raision Rotaryklubi\",\"isPartOf\":{\"@id\":\"https:\/\/rotary.fi\/raisio\/#website\"},\"datePublished\":\"2024-09-13T16:36:14+00:00\",\"dateModified\":\"2024-09-13T16:36:18+00:00\",\"breadcrumb\":{\"@id\":\"https:\/\/rotary.fi\/raisio\/keita-olemme-2\/hallitus-ja-toimihenkilot-3\/#breadcrumb\"},\"inLanguage\":\"fi\",\"potentialAction\":[{\"@type\":\"ReadAction\",\"target\":[\"https:\/\/rotary.fi\/raisio\/keita-olemme-2\/hallitus-ja-toimihenkilot-3\/\"]}]},{\"@type\":\"BreadcrumbList\",\"@id\":\"https:\/\/rotary.fi\/raisio\/keita-olemme-2\/hallitus-ja-toimihenkilot-3\/#breadcrumb\",\"itemListElement\":[{\"@type\":\"ListItem\",\"position\":1,\"name\":\"Home\",\"item\":\"https:\/\/rotary.fi\/raisio\/\"},{\"@type\":\"ListItem\",\"position\":2,\"name\":\"Keit\u00e4 olemme\",\"item\":\"https:\/\/rotary.fi\/raisio\/keita-olemme-2\/\"},{\"@type\":\"ListItem\",\"position\":3,\"name\":\"Hallitus ja toimihenkil\u00f6t\"}]},{\"@type\":\"WebSite\",\"@id\":\"https:\/\/rotary.fi\/raisio\/#website\",\"url\":\"https:\/\/rotary.fi\/raisio\/\",\"name\":\"Raision Rotaryklubi\",\"description\":\"Uusi Rotary klubisivusto\",\"potentialAction\":[{\"@type\":\"SearchAction\",\"target\":{\"@type\":\"EntryPoint\",\"urlTemplate\":\"https:\/\/rotary.fi\/raisio\/?s={search_term_string}\"},\"query-input\":{\"@type\":\"PropertyValueSpecification\",\"valueRequired\":true,\"valueName\":\"search_term_string\"}}],\"inLanguage\":\"fi\"}]}<\/script>\n<!-- \/ Yoast SEO plugin. -->","yoast_head_json":{"title":"Hallitus ja toimihenkil\u00f6t - Raision Rotaryklubi","robots":{"index":"index","follow":"follow","max-snippet":"max-snippet:-1","max-image-preview":"max-image-preview:large","max-video-preview":"max-video-preview:-1"},"canonical":"https:\/\/rotary.fi\/raisio\/keita-olemme-2\/hallitus-ja-toimihenkilot-3\/","og_locale":"fi_FI","og_type":"article","og_title":"Hallitus ja toimihenkil\u00f6t - Raision Rotaryklubi","og_description":"Hallitus ja toimihenkil\u00f6t &nbsp; &nbsp; Hallitus ja toimihenkil\u00f6t Hallitus 2024-2025 Presidentti Sami Malkamo Edellinen presidentti Niklas Winter Sihteeri Olavi Tuomi Rahastonhoitaja Risto Muinonen J\u00e4sen Roosa Per\u00e4m\u00e4ki J\u00e4sen Heidi Hilska Me vastaamme seuraavista hommista: S\u00e4\u00e4ti\u00f6asiamies Pia Puhakka Nuorisovaihtoasiat NVA Heidi Hilska \/ Meri Pohjalainen Ymp\u00e4rist\u00f6 Heidi Hilska Maailmanparantajat Risto Muinonen Projektiryhm\u00e4 &nbsp; &nbsp; &nbsp;","og_url":"https:\/\/rotary.fi\/raisio\/keita-olemme-2\/hallitus-ja-toimihenkilot-3\/","og_site_name":"Raision Rotaryklubi","article_modified_time":"2024-09-13T16:36:18+00:00","twitter_card":"summary_large_image","twitter_misc":{"Arvioitu lukuaika":"1 minuutti"},"schema":{"@context":"https:\/\/schema.org","@graph":[{"@type":"WebPage","@id":"https:\/\/rotary.fi\/raisio\/keita-olemme-2\/hallitus-ja-toimihenkilot-3\/","url":"https:\/\/rotary.fi\/raisio\/keita-olemme-2\/hallitus-ja-toimihenkilot-3\/","name":"Hallitus ja toimihenkil\u00f6t - Raision Rotaryklubi","isPartOf":{"@id":"https:\/\/rotary.fi\/raisio\/#website"},"datePublished":"2024-09-13T16:36:14+00:00","dateModified":"2024-09-13T16:36:18+00:00","breadcrumb":{"@id":"https:\/\/rotary.fi\/raisio\/keita-olemme-2\/hallitus-ja-toimihenkilot-3\/#breadcrumb"},"inLanguage":"fi","potentialAction":[{"@type":"ReadAction","target":["https:\/\/rotary.fi\/raisio\/keita-olemme-2\/hallitus-ja-toimihenkilot-3\/"]}]},{"@type":"BreadcrumbList","@id":"https:\/\/rotary.fi\/raisio\/keita-olemme-2\/hallitus-ja-toimihenkilot-3\/#breadcrumb","itemListElement":[{"@type":"ListItem","position":1,"name":"Home","item":"https:\/\/rotary.fi\/raisio\/"},{"@type":"ListItem","position":2,"name":"Keit\u00e4 olemme","item":"https:\/\/rotary.fi\/raisio\/keita-olemme-2\/"},{"@type":"ListItem","position":3,"name":"Hallitus ja toimihenkil\u00f6t"}]},{"@type":"WebSite","@id":"https:\/\/rotary.fi\/raisio\/#website","url":"https:\/\/rotary.fi\/raisio\/","name":"Raision Rotaryklubi","description":"Uusi Rotary klubisivusto","potentialAction":[{"@type":"SearchAction","target":{"@type":"EntryPoint","urlTemplate":"https:\/\/rotary.fi\/raisio\/?s={search_term_string}"},"query-input":{"@type":"PropertyValueSpecification","valueRequired":true,"valueName":"search_term_string"}}],"inLanguage":"fi"}]}},"lang":"fi","translations":{"fi":2799},"pll_sync_post":[],"_links":{"self":[{"href":"https:\/\/rotary.fi\/raisio\/wp-json\/wp\/v2\/pages\/2799","targetHints":{"allow":["GET"]}}],"collection":[{"href":"https:\/\/rotary.fi\/raisio\/wp-json\/wp\/v2\/pages"}],"about":[{"href":"https:\/\/rotary.fi\/raisio\/wp-json\/wp\/v2\/types\/page"}],"author":[{"embeddable":true,"href":"https:\/\/rotary.fi\/raisio\/wp-json\/wp\/v2\/users\/761"}],"replies":[{"embeddable":true,"href":"https:\/\/rotary.fi\/raisio\/wp-json\/wp\/v2\/comments?post=2799"}],"version-history":[{"count":1,"href":"https:\/\/rotary.fi\/raisio\/wp-json\/wp\/v2\/pages\/2799\/revisions"}],"predecessor-version":[{"id":2800,"href":"https:\/\/rotary.fi\/raisio\/wp-json\/wp\/v2\/pages\/2799\/revisions\/2800"}],"up":[{"embeddable":true,"href":"https:\/\/rotary.fi\/raisio\/wp-json\/wp\/v2\/pages\/129"}],"wp:attachment":[{"href":"https:\/\/rotary.fi\/raisio\/wp-json\/wp\/v2\/media?parent=2799"}],"curies":[{"name":"wp","href":"https:\/\/api.w.org\/{rel}","templated":true}]}}