{"id":1963,"date":"2019-07-03T12:03:50","date_gmt":"2019-07-03T09:03:50","guid":{"rendered":"https:\/\/rotary.fi\/raisio\/?page_id=1963"},"modified":"2019-07-03T12:10:56","modified_gmt":"2019-07-03T09:10:56","slug":"yhteystiedot-6","status":"publish","type":"page","link":"https:\/\/rotary.fi\/raisio\/yhteystiedot-6\/","title":{"rendered":"Yhteystiedot"},"content":{"rendered":"<p>[et_pb_section bb_built=&#8221;1&#8243; module_class=&#8221;jumbotron-page&#8221; _builder_version=&#8221;3.22.3&#8243; background_image=&#8221;https:\/\/rotary.fi\/raisio\/wp-content\/uploads\/sites\/94\/2018\/10\/rotary_klubit_alasivu_paakuva_15.jpg&#8221; next_background_color=&#8221;#ffffff&#8221;][et_pb_row _builder_version=&#8221;3.25&#8243; background_size=&#8221;initial&#8221; background_position=&#8221;top_left&#8221; background_repeat=&#8221;repeat&#8221;][et_pb_column type=&#8221;4_4&#8243; _builder_version=&#8221;3.25&#8243; custom_padding=&#8221;|||&#8221; custom_padding__hover=&#8221;|||&#8221;][et_pb_text admin_label=&#8221;P\u00e4\u00e4otsikko&#8221; _builder_version=&#8221;3.4.1&#8243; text_orientation=&#8221;center&#8221; background_layout=&#8221;dark&#8221;]<\/p>\n<h1>Yhteystiedot<\/h1>\n<p>[\/et_pb_text][\/et_pb_column][\/et_pb_row][\/et_pb_section][et_pb_section bb_built=&#8221;1&#8243; specialty=&#8221;on&#8221; module_class_2=&#8221;sivupalkki&#8221; _builder_version=&#8221;3.22.3&#8243; prev_background_color=&#8221;#000000&#8243;][et_pb_column type=&#8221;2_3&#8243; specialty_columns=&#8221;2&#8243;][et_pb_row_inner admin_label=&#8221;Rivi&#8221; _builder_version=&#8221;3.25&#8243; column_structure=&#8221;undefined&#8221;][et_pb_column_inner type=&#8221;undefined&#8221; saved_specialty_column_type=&#8221;2_3&#8243; _builder_version=&#8221;3.25&#8243; custom_padding=&#8221;|||&#8221; custom_padding__hover=&#8221;|||&#8221; saved_specialty_column_type=&#8221;2_3&#8243;][et_pb_text admin_label=&#8221;Otsikko ennen teksti\u00e4 &#8211; Yhteystiedot&#8221; _builder_version=&#8221;3.17.6&#8243; text_orientation=&#8221;center&#8221;]<\/p>\n<h1>Yhteystiedot<\/h1>\n<p>[\/et_pb_text][et_pb_text _builder_version=&#8221;3.22.7&#8243; z_index_tablet=&#8221;500&#8243; saved_tabs=&#8221;all&#8221; \/][\/et_pb_column_inner][\/et_pb_row_inner][et_pb_row_inner admin_label=&#8221;Rivi&#8221; column_structure=&#8221;1_2,1_2&#8243; custom_padding=&#8221;||20px|&#8221; _builder_version=&#8221;3.25&#8243; border_width_bottom=&#8221;1px&#8221; border_color_bottom=&#8221;#d8d8d8&#8243; custom_margin=&#8221;||20px|&#8221;][et_pb_column_inner type=&#8221;1_2&#8243; saved_specialty_column_type=&#8221;2_3&#8243; _builder_version=&#8221;3.25&#8243; custom_padding=&#8221;||20px|&#8221; custom_padding__hover=&#8221;|||&#8221; saved_specialty_column_type=&#8221;2_3&#8243;][et_pb_text admin_label=&#8221;Kokoontumispaikka&#8221; _builder_version=&#8221;3.19.5&#8243;]<\/p>\n<p><strong>Kokoontumispaikka<\/strong>\u00a0<br \/>Ravintola Martinhovi<br \/>Martinkatu 2<br \/>21200 Raisio<\/p>\n<p><strong>Kokoontumisaika:<\/strong><br \/>Torstai klo 16.30<\/p>\n<p>[\/et_pb_text][\/et_pb_column_inner][et_pb_column_inner type=&#8221;1_2&#8243; saved_specialty_column_type=&#8221;2_3&#8243; _builder_version=&#8221;3.25&#8243; custom_padding=&#8221;||20px|&#8221; custom_padding__hover=&#8221;|||&#8221; saved_specialty_column_type=&#8221;2_3&#8243;][et_pb_map address=&#8221;Martinkatu 6, 21200 Raisio, Suomi&#8221; address_lat=&#8221;60.4844443&#8243; address_lng=&#8221;22.1680891&#8243; _builder_version=&#8221;3.25.3&#8243; \/][et_pb_map admin_label=&#8221;Kokoontumispaikka &#8211; Kartta&#8221; address=&#8221;Ruukintie 4, 60100 Sein\u00e4joki, Suomi&#8221; disabled_on=&#8221;on|on|on&#8221; _builder_version=&#8221;3.25.3&#8243; disabled=&#8221;on&#8221;][et_pb_map_pin title=&#8221;Hotelli-Ravintola Alma&#8221; pin_address=&#8221;Ruukintie 4, 60100 Sein\u00e4joki, Suomi&#8221; pin_address_lat=&#8221;62.7900055&#8243; pin_address_lng=&#8221;22.84615370000006&#8243; _builder_version=&#8221;3.4.1&#8243;][\/et_pb_map_pin][\/et_pb_map][\/et_pb_column_inner][\/et_pb_row_inner][et_pb_row_inner admin_label=&#8221;Rivi&#8221; column_structure=&#8221;1_2,1_2&#8243; custom_padding=&#8221;20px||101px|||&#8221; _builder_version=&#8221;3.25&#8243; custom_margin=&#8221;20px||20px|&#8221;][et_pb_column_inner type=&#8221;1_2&#8243; saved_specialty_column_type=&#8221;2_3&#8243; _builder_version=&#8221;3.25&#8243; custom_padding=&#8221;||20px|&#8221; custom_padding__hover=&#8221;|||&#8221; saved_specialty_column_type=&#8221;2_3&#8243;][et_pb_text admin_label=&#8221;Presidentti&#8221; _builder_version=&#8221;3.25.3&#8243; text_text_shadow_horizontal_length=&#8221;text_text_shadow_style,%91object Object%93&#8243; text_text_shadow_horizontal_length_tablet=&#8221;0px&#8221; text_text_shadow_vertical_length=&#8221;text_text_shadow_style,%91object Object%93&#8243; text_text_shadow_vertical_length_tablet=&#8221;0px&#8221; text_text_shadow_blur_strength=&#8221;text_text_shadow_style,%91object Object%93&#8243; text_text_shadow_blur_strength_tablet=&#8221;1px&#8221; link_text_shadow_horizontal_length=&#8221;link_text_shadow_style,%91object Object%93&#8243; link_text_shadow_horizontal_length_tablet=&#8221;0px&#8221; link_text_shadow_vertical_length=&#8221;link_text_shadow_style,%91object Object%93&#8243; link_text_shadow_vertical_length_tablet=&#8221;0px&#8221; link_text_shadow_blur_strength=&#8221;link_text_shadow_style,%91object Object%93&#8243; link_text_shadow_blur_strength_tablet=&#8221;1px&#8221; ul_text_shadow_horizontal_length=&#8221;ul_text_shadow_style,%91object Object%93&#8243; ul_text_shadow_horizontal_length_tablet=&#8221;0px&#8221; ul_text_shadow_vertical_length=&#8221;ul_text_shadow_style,%91object Object%93&#8243; ul_text_shadow_vertical_length_tablet=&#8221;0px&#8221; ul_text_shadow_blur_strength=&#8221;ul_text_shadow_style,%91object Object%93&#8243; ul_text_shadow_blur_strength_tablet=&#8221;1px&#8221; ol_text_shadow_horizontal_length=&#8221;ol_text_shadow_style,%91object Object%93&#8243; ol_text_shadow_horizontal_length_tablet=&#8221;0px&#8221; ol_text_shadow_vertical_length=&#8221;ol_text_shadow_style,%91object Object%93&#8243; ol_text_shadow_vertical_length_tablet=&#8221;0px&#8221; ol_text_shadow_blur_strength=&#8221;ol_text_shadow_style,%91object Object%93&#8243; ol_text_shadow_blur_strength_tablet=&#8221;1px&#8221; quote_text_shadow_horizontal_length=&#8221;quote_text_shadow_style,%91object Object%93&#8243; quote_text_shadow_horizontal_length_tablet=&#8221;0px&#8221; quote_text_shadow_vertical_length=&#8221;quote_text_shadow_style,%91object Object%93&#8243; quote_text_shadow_vertical_length_tablet=&#8221;0px&#8221; quote_text_shadow_blur_strength=&#8221;quote_text_shadow_style,%91object Object%93&#8243; quote_text_shadow_blur_strength_tablet=&#8221;1px&#8221; header_text_shadow_horizontal_length=&#8221;header_text_shadow_style,%91object Object%93&#8243; header_text_shadow_horizontal_length_tablet=&#8221;0px&#8221; header_text_shadow_vertical_length=&#8221;header_text_shadow_style,%91object Object%93&#8243; header_text_shadow_vertical_length_tablet=&#8221;0px&#8221; header_text_shadow_blur_strength=&#8221;header_text_shadow_style,%91object Object%93&#8243; header_text_shadow_blur_strength_tablet=&#8221;1px&#8221; header_2_text_shadow_horizontal_length=&#8221;header_2_text_shadow_style,%91object Object%93&#8243; header_2_text_shadow_horizontal_length_tablet=&#8221;0px&#8221; header_2_text_shadow_vertical_length=&#8221;header_2_text_shadow_style,%91object Object%93&#8243; header_2_text_shadow_vertical_length_tablet=&#8221;0px&#8221; header_2_text_shadow_blur_strength=&#8221;header_2_text_shadow_style,%91object Object%93&#8243; header_2_text_shadow_blur_strength_tablet=&#8221;1px&#8221; header_3_text_shadow_horizontal_length=&#8221;header_3_text_shadow_style,%91object Object%93&#8243; header_3_text_shadow_horizontal_length_tablet=&#8221;0px&#8221; header_3_text_shadow_vertical_length=&#8221;header_3_text_shadow_style,%91object Object%93&#8243; header_3_text_shadow_vertical_length_tablet=&#8221;0px&#8221; header_3_text_shadow_blur_strength=&#8221;header_3_text_shadow_style,%91object Object%93&#8243; header_3_text_shadow_blur_strength_tablet=&#8221;1px&#8221; header_4_text_shadow_horizontal_length=&#8221;header_4_text_shadow_style,%91object Object%93&#8243; header_4_text_shadow_horizontal_length_tablet=&#8221;0px&#8221; header_4_text_shadow_vertical_length=&#8221;header_4_text_shadow_style,%91object Object%93&#8243; header_4_text_shadow_vertical_length_tablet=&#8221;0px&#8221; header_4_text_shadow_blur_strength=&#8221;header_4_text_shadow_style,%91object Object%93&#8243; header_4_text_shadow_blur_strength_tablet=&#8221;1px&#8221; header_5_text_shadow_horizontal_length=&#8221;header_5_text_shadow_style,%91object Object%93&#8243; header_5_text_shadow_horizontal_length_tablet=&#8221;0px&#8221; header_5_text_shadow_vertical_length=&#8221;header_5_text_shadow_style,%91object Object%93&#8243; header_5_text_shadow_vertical_length_tablet=&#8221;0px&#8221; header_5_text_shadow_blur_strength=&#8221;header_5_text_shadow_style,%91object Object%93&#8243; header_5_text_shadow_blur_strength_tablet=&#8221;1px&#8221; header_6_text_shadow_horizontal_length=&#8221;header_6_text_shadow_style,%91object Object%93&#8243; header_6_text_shadow_horizontal_length_tablet=&#8221;0px&#8221; header_6_text_shadow_vertical_length=&#8221;header_6_text_shadow_style,%91object Object%93&#8243; header_6_text_shadow_vertical_length_tablet=&#8221;0px&#8221; header_6_text_shadow_blur_strength=&#8221;header_6_text_shadow_style,%91object Object%93&#8243; header_6_text_shadow_blur_strength_tablet=&#8221;1px&#8221; box_shadow_horizontal_tablet=&#8221;0px&#8221; box_shadow_vertical_tablet=&#8221;0px&#8221; box_shadow_blur_tablet=&#8221;40px&#8221; box_shadow_spread_tablet=&#8221;0px&#8221; z_index_tablet=&#8221;500&#8243;]<\/p>\n<h3>Presidentti ja sihteeri<\/h3>\n<p>Pentti Pirttil\u00e4<br \/>p. +358407207370<br \/>pirttilapentti@gmail.com&nbsp;<\/p>\n<p>&nbsp;<\/p>\n<p>&nbsp;<\/p>\n<p>&nbsp;<\/p>\n<p>[\/et_pb_text][\/et_pb_column_inner][et_pb_column_inner type=&#8221;1_2&#8243; saved_specialty_column_type=&#8221;2_3&#8243; _builder_version=&#8221;3.25&#8243; custom_padding=&#8221;||20px|&#8221; custom_padding__hover=&#8221;|||&#8221; saved_specialty_column_type=&#8221;2_3&#8243;][et_pb_text admin_label=&#8221;Sihteeri&#8221; _builder_version=&#8221;3.19.5&#8243;]<\/p>\n<h3><\/h3>\n<p>[\/et_pb_text][\/et_pb_column_inner][\/et_pb_row_inner][et_pb_row_inner admin_label=&#8221;Rivi&#8221; _builder_version=&#8221;3.25&#8243; column_structure=&#8221;undefined&#8221;][et_pb_column_inner type=&#8221;undefined&#8221; saved_specialty_column_type=&#8221;2_3&#8243; _builder_version=&#8221;3.25&#8243; custom_padding=&#8221;|||&#8221; custom_padding__hover=&#8221;|||&#8221; saved_specialty_column_type=&#8221;2_3&#8243;][et_pb_text admin_label=&#8221;Muut t\u00e4rke\u00e4t yhteyshenkil\u00f6t&#8221; _builder_version=&#8221;3.4.1&#8243; custom_margin=&#8221;20px|||&#8221;]<\/p>\n<h3>Muut t\u00e4rke\u00e4t yhteyshenkil\u00f6t<\/h3>\n<p>Etunimi Sukunimi<br \/>p. 050 123 4567<br \/>email@email.com<\/p>\n<p>[\/et_pb_text][\/et_pb_column_inner][\/et_pb_row_inner][\/et_pb_column][et_pb_column type=&#8221;1_3&#8243;][et_pb_sidebar area=&#8221;sidebar-1&#8243; module_class=&#8221;sivupalkki_sisalto&#8221; _builder_version=&#8221;3.25.3&#8243; z_index_tablet=&#8221;500&#8243; header_text_shadow_horizontal_length_tablet=&#8221;0px&#8221; header_text_shadow_vertical_length_tablet=&#8221;0px&#8221; header_text_shadow_blur_strength_tablet=&#8221;1px&#8221; body_text_shadow_horizontal_length_tablet=&#8221;0px&#8221; body_text_shadow_vertical_length_tablet=&#8221;0px&#8221; body_text_shadow_blur_strength_tablet=&#8221;1px&#8221; box_shadow_horizontal_tablet=&#8221;0px&#8221; box_shadow_vertical_tablet=&#8221;0px&#8221; box_shadow_blur_tablet=&#8221;40px&#8221; box_shadow_spread_tablet=&#8221;0px&#8221; text_shadow_horizontal_length_tablet=&#8221;0px&#8221; text_shadow_vertical_length_tablet=&#8221;0px&#8221; text_shadow_blur_strength_tablet=&#8221;1px&#8221;]<\/p>\n<p>&nbsp;<\/p>\n<p>[\/et_pb_sidebar][\/et_pb_column][\/et_pb_section]<\/p>\n","protected":false},"excerpt":{"rendered":"<p>Yhteystiedot Yhteystiedot Kokoontumispaikka\u00a0Ravintola MartinhoviMartinkatu 221200 Raisio Kokoontumisaika:Torstai klo 16.30 Presidentti ja sihteeri Pentti Pirttil\u00e4p. +358407207370pirttilapentti@gmail.com&nbsp; &nbsp; &nbsp; &nbsp; Muut t\u00e4rke\u00e4t yhteyshenkil\u00f6t Etunimi Sukunimip. 050 123 4567email@email.com &nbsp;<\/p>\n","protected":false},"author":206,"featured_media":0,"parent":0,"menu_order":0,"comment_status":"closed","ping_status":"closed","template":"","meta":{"_acf_changed":false,"_et_pb_use_builder":"on","_et_pb_old_content":"","_et_gb_content_width":"","footnotes":""},"class_list":["post-1963","page","type-page","status-publish","hentry"],"acf":[],"yoast_head":"<!-- This site is optimized with the Yoast SEO plugin v27.0 - https:\/\/yoast.com\/product\/yoast-seo-wordpress\/ -->\n<title>Yhteystiedot - Raision Rotaryklubi<\/title>\n<meta name=\"robots\" content=\"index, follow, max-snippet:-1, max-image-preview:large, max-video-preview:-1\" \/>\n<link rel=\"canonical\" href=\"https:\/\/rotary.fi\/raisio\/yhteystiedot-6\/\" \/>\n<meta property=\"og:locale\" content=\"fi_FI\" \/>\n<meta property=\"og:type\" content=\"article\" \/>\n<meta property=\"og:title\" content=\"Yhteystiedot - Raision Rotaryklubi\" \/>\n<meta property=\"og:description\" content=\"Yhteystiedot Yhteystiedot Kokoontumispaikka\u00a0Ravintola MartinhoviMartinkatu 221200 Raisio Kokoontumisaika:Torstai klo 16.30 Presidentti ja sihteeri Pentti Pirttil\u00e4p. +358407207370pirttilapentti@gmail.com&nbsp; &nbsp; &nbsp; &nbsp; Muut t\u00e4rke\u00e4t yhteyshenkil\u00f6t Etunimi Sukunimip. 050 123 4567email@email.com &nbsp;\" \/>\n<meta property=\"og:url\" content=\"https:\/\/rotary.fi\/raisio\/yhteystiedot-6\/\" \/>\n<meta property=\"og:site_name\" content=\"Raision Rotaryklubi\" \/>\n<meta property=\"article:modified_time\" content=\"2019-07-03T09:10:56+00:00\" \/>\n<meta name=\"twitter:card\" content=\"summary_large_image\" \/>\n<meta name=\"twitter:label1\" content=\"Arvioitu lukuaika\" \/>\n\t<meta name=\"twitter:data1\" content=\"6 minuuttia\" \/>\n<script type=\"application\/ld+json\" class=\"yoast-schema-graph\">{\"@context\":\"https:\/\/schema.org\",\"@graph\":[{\"@type\":\"WebPage\",\"@id\":\"https:\/\/rotary.fi\/raisio\/yhteystiedot-6\/\",\"url\":\"https:\/\/rotary.fi\/raisio\/yhteystiedot-6\/\",\"name\":\"Yhteystiedot - Raision Rotaryklubi\",\"isPartOf\":{\"@id\":\"https:\/\/rotary.fi\/raisio\/#website\"},\"datePublished\":\"2019-07-03T09:03:50+00:00\",\"dateModified\":\"2019-07-03T09:10:56+00:00\",\"breadcrumb\":{\"@id\":\"https:\/\/rotary.fi\/raisio\/yhteystiedot-6\/#breadcrumb\"},\"inLanguage\":\"fi\",\"potentialAction\":[{\"@type\":\"ReadAction\",\"target\":[\"https:\/\/rotary.fi\/raisio\/yhteystiedot-6\/\"]}]},{\"@type\":\"BreadcrumbList\",\"@id\":\"https:\/\/rotary.fi\/raisio\/yhteystiedot-6\/#breadcrumb\",\"itemListElement\":[{\"@type\":\"ListItem\",\"position\":1,\"name\":\"Home\",\"item\":\"https:\/\/rotary.fi\/raisio\/\"},{\"@type\":\"ListItem\",\"position\":2,\"name\":\"Yhteystiedot\"}]},{\"@type\":\"WebSite\",\"@id\":\"https:\/\/rotary.fi\/raisio\/#website\",\"url\":\"https:\/\/rotary.fi\/raisio\/\",\"name\":\"Raision Rotaryklubi\",\"description\":\"Uusi Rotary klubisivusto\",\"potentialAction\":[{\"@type\":\"SearchAction\",\"target\":{\"@type\":\"EntryPoint\",\"urlTemplate\":\"https:\/\/rotary.fi\/raisio\/?s={search_term_string}\"},\"query-input\":{\"@type\":\"PropertyValueSpecification\",\"valueRequired\":true,\"valueName\":\"search_term_string\"}}],\"inLanguage\":\"fi\"}]}<\/script>\n<!-- \/ Yoast SEO plugin. -->","yoast_head_json":{"title":"Yhteystiedot - Raision Rotaryklubi","robots":{"index":"index","follow":"follow","max-snippet":"max-snippet:-1","max-image-preview":"max-image-preview:large","max-video-preview":"max-video-preview:-1"},"canonical":"https:\/\/rotary.fi\/raisio\/yhteystiedot-6\/","og_locale":"fi_FI","og_type":"article","og_title":"Yhteystiedot - Raision Rotaryklubi","og_description":"Yhteystiedot Yhteystiedot Kokoontumispaikka\u00a0Ravintola MartinhoviMartinkatu 221200 Raisio Kokoontumisaika:Torstai klo 16.30 Presidentti ja sihteeri Pentti Pirttil\u00e4p. +358407207370pirttilapentti@gmail.com&nbsp; &nbsp; &nbsp; &nbsp; Muut t\u00e4rke\u00e4t yhteyshenkil\u00f6t Etunimi Sukunimip. 050 123 4567email@email.com &nbsp;","og_url":"https:\/\/rotary.fi\/raisio\/yhteystiedot-6\/","og_site_name":"Raision Rotaryklubi","article_modified_time":"2019-07-03T09:10:56+00:00","twitter_card":"summary_large_image","twitter_misc":{"Arvioitu lukuaika":"6 minuuttia"},"schema":{"@context":"https:\/\/schema.org","@graph":[{"@type":"WebPage","@id":"https:\/\/rotary.fi\/raisio\/yhteystiedot-6\/","url":"https:\/\/rotary.fi\/raisio\/yhteystiedot-6\/","name":"Yhteystiedot - Raision Rotaryklubi","isPartOf":{"@id":"https:\/\/rotary.fi\/raisio\/#website"},"datePublished":"2019-07-03T09:03:50+00:00","dateModified":"2019-07-03T09:10:56+00:00","breadcrumb":{"@id":"https:\/\/rotary.fi\/raisio\/yhteystiedot-6\/#breadcrumb"},"inLanguage":"fi","potentialAction":[{"@type":"ReadAction","target":["https:\/\/rotary.fi\/raisio\/yhteystiedot-6\/"]}]},{"@type":"BreadcrumbList","@id":"https:\/\/rotary.fi\/raisio\/yhteystiedot-6\/#breadcrumb","itemListElement":[{"@type":"ListItem","position":1,"name":"Home","item":"https:\/\/rotary.fi\/raisio\/"},{"@type":"ListItem","position":2,"name":"Yhteystiedot"}]},{"@type":"WebSite","@id":"https:\/\/rotary.fi\/raisio\/#website","url":"https:\/\/rotary.fi\/raisio\/","name":"Raision Rotaryklubi","description":"Uusi Rotary klubisivusto","potentialAction":[{"@type":"SearchAction","target":{"@type":"EntryPoint","urlTemplate":"https:\/\/rotary.fi\/raisio\/?s={search_term_string}"},"query-input":{"@type":"PropertyValueSpecification","valueRequired":true,"valueName":"search_term_string"}}],"inLanguage":"fi"}]}},"lang":"fi","translations":{"fi":1963},"pll_sync_post":[],"_links":{"self":[{"href":"https:\/\/rotary.fi\/raisio\/wp-json\/wp\/v2\/pages\/1963","targetHints":{"allow":["GET"]}}],"collection":[{"href":"https:\/\/rotary.fi\/raisio\/wp-json\/wp\/v2\/pages"}],"about":[{"href":"https:\/\/rotary.fi\/raisio\/wp-json\/wp\/v2\/types\/page"}],"author":[{"embeddable":true,"href":"https:\/\/rotary.fi\/raisio\/wp-json\/wp\/v2\/users\/206"}],"replies":[{"embeddable":true,"href":"https:\/\/rotary.fi\/raisio\/wp-json\/wp\/v2\/comments?post=1963"}],"version-history":[{"count":1,"href":"https:\/\/rotary.fi\/raisio\/wp-json\/wp\/v2\/pages\/1963\/revisions"}],"predecessor-version":[{"id":1964,"href":"https:\/\/rotary.fi\/raisio\/wp-json\/wp\/v2\/pages\/1963\/revisions\/1964"}],"wp:attachment":[{"href":"https:\/\/rotary.fi\/raisio\/wp-json\/wp\/v2\/media?parent=1963"}],"curies":[{"name":"wp","href":"https:\/\/api.w.org\/{rel}","templated":true}]}}