{"id":163,"date":"2018-08-13T09:51:14","date_gmt":"2018-08-13T06:51:14","guid":{"rendered":"https:\/\/rotary.fi\/raisio\/?page_id=163"},"modified":"2020-07-23T20:29:16","modified_gmt":"2020-07-23T17:29:16","slug":"rotaract-ja-interact","status":"publish","type":"page","link":"https:\/\/rotary.fi\/raisio\/mita-teemme\/rotaract-ja-interact\/","title":{"rendered":"Rotaract ja Interact"},"content":{"rendered":"<p>[et_pb_section fb_built=&#8221;1&#8243; module_class=&#8221;jumbotron-page&#8221; _builder_version=&#8221;3.22&#8243; background_image=&#8221;https:\/\/rotary.fi\/raisio\/wp-content\/uploads\/sites\/94\/2018\/10\/rotary_klubit_alasivu_paakuva_10.jpg&#8221;][et_pb_row _builder_version=&#8221;3.25&#8243; background_size=&#8221;initial&#8221; background_position=&#8221;top_left&#8221; background_repeat=&#8221;repeat&#8221;][et_pb_column type=&#8221;4_4&#8243; _builder_version=&#8221;3.0.47&#8243; custom_padding=&#8221;|||&#8221; custom_padding__hover=&#8221;|||&#8221;][et_pb_text admin_label=&#8221;P\u00e4\u00e4otsikko&#8221; _builder_version=&#8221;3.27.4&#8243; text_orientation=&#8221;center&#8221; background_layout=&#8221;dark&#8221;]<\/p>\n<h1>Rotaract ja Interact<\/h1>\n<p>[\/et_pb_text][\/et_pb_column][\/et_pb_row][\/et_pb_section][et_pb_section fb_built=&#8221;1&#8243; specialty=&#8221;on&#8221; module_class_2=&#8221;sivupalkki&#8221; _builder_version=&#8221;3.22&#8243;][et_pb_column type=&#8221;2_3&#8243; specialty_columns=&#8221;2&#8243; _builder_version=&#8221;3.25&#8243; custom_padding=&#8221;|||&#8221; custom_padding__hover=&#8221;|||&#8221;][et_pb_row_inner admin_label=&#8221;Rivi&#8221; _builder_version=&#8221;3.25&#8243;][et_pb_column_inner saved_specialty_column_type=&#8221;2_3&#8243; _builder_version=&#8221;3.0.47&#8243; custom_padding=&#8221;|||&#8221; parallax__hover=&#8221;off&#8221; parallax_method__hover=&#8221;on&#8221; custom_padding__hover=&#8221;|||&#8221;][et_pb_text admin_label=&#8221;Rotaract ja Interact &#8211; Otsikko&#8221; _builder_version=&#8221;3.27.4&#8243; text_orientation=&#8221;center&#8221;]<\/p>\n<h1>Rotaract ja Interact<\/h1>\n<p>[\/et_pb_text][et_pb_text _builder_version=&#8221;4.0.5&#8243; z_index_tablet=&#8221;500&#8243; text_text_shadow_horizontal_length_tablet=&#8221;0px&#8221; text_text_shadow_vertical_length_tablet=&#8221;0px&#8221; text_text_shadow_blur_strength_tablet=&#8221;1px&#8221; link_text_shadow_horizontal_length_tablet=&#8221;0px&#8221; link_text_shadow_vertical_length_tablet=&#8221;0px&#8221; link_text_shadow_blur_strength_tablet=&#8221;1px&#8221; ul_text_shadow_horizontal_length_tablet=&#8221;0px&#8221; ul_text_shadow_vertical_length_tablet=&#8221;0px&#8221; ul_text_shadow_blur_strength_tablet=&#8221;1px&#8221; ol_text_shadow_horizontal_length_tablet=&#8221;0px&#8221; ol_text_shadow_vertical_length_tablet=&#8221;0px&#8221; ol_text_shadow_blur_strength_tablet=&#8221;1px&#8221; quote_text_shadow_horizontal_length_tablet=&#8221;0px&#8221; quote_text_shadow_vertical_length_tablet=&#8221;0px&#8221; quote_text_shadow_blur_strength_tablet=&#8221;1px&#8221; header_text_shadow_horizontal_length_tablet=&#8221;0px&#8221; header_text_shadow_vertical_length_tablet=&#8221;0px&#8221; header_text_shadow_blur_strength_tablet=&#8221;1px&#8221; header_2_text_shadow_horizontal_length_tablet=&#8221;0px&#8221; header_2_text_shadow_vertical_length_tablet=&#8221;0px&#8221; header_2_text_shadow_blur_strength_tablet=&#8221;1px&#8221; header_3_text_shadow_horizontal_length_tablet=&#8221;0px&#8221; header_3_text_shadow_vertical_length_tablet=&#8221;0px&#8221; header_3_text_shadow_blur_strength_tablet=&#8221;1px&#8221; header_4_text_shadow_horizontal_length_tablet=&#8221;0px&#8221; header_4_text_shadow_vertical_length_tablet=&#8221;0px&#8221; header_4_text_shadow_blur_strength_tablet=&#8221;1px&#8221; header_5_text_shadow_horizontal_length_tablet=&#8221;0px&#8221; header_5_text_shadow_vertical_length_tablet=&#8221;0px&#8221; header_5_text_shadow_blur_strength_tablet=&#8221;1px&#8221; header_6_text_shadow_horizontal_length_tablet=&#8221;0px&#8221; header_6_text_shadow_vertical_length_tablet=&#8221;0px&#8221; header_6_text_shadow_blur_strength_tablet=&#8221;1px&#8221; box_shadow_horizontal_tablet=&#8221;0px&#8221; box_shadow_vertical_tablet=&#8221;0px&#8221; box_shadow_blur_tablet=&#8221;40px&#8221; box_shadow_spread_tablet=&#8221;0px&#8221; saved_tabs=&#8221;all&#8221;]<\/p>\n<p>Rotaract on osa Rotaryn toimintaa. Se kokoaa 18 \u2013 30 -vuotiaita nuoria verkostoitumaan, harjoittelemaan johtamis- ja yhteisty\u00f6taitojaan ja vaikuttamaan ymp\u00e4rist\u00f6ns\u00e4 hyvinvointiin omalla panoksellaan. Rotaractklubin ohjelmassa voi olla yritysvierailuja, yhteis\u00f6palveluprojektien suunnittelua ja toteuttamista sek\u00e4 verkostoitumistapaamisia paikkakunnalla, kansallisesti tai kansainv\u00e4lisesti. Kansallisen ja maailmanlaajuisen verkoston kautta on mahdollisuus solmia elinik\u00e4isi\u00e4 yst\u00e4vyyssuhteita, niin Suomessa kuin maailmanlaajuisesti. Rotaractklubien j\u00e4senet hoitavat ja hallinnoivat omaa klubiaan ja p\u00e4\u00e4tt\u00e4v\u00e4t toiminnastaan itse. Klubin apuna on klubia sponsoroivat rotaryklubit.<\/p>\n<p>Rotaractklubeja on yli 180 maassa ja j\u00e4seni\u00e4 11 000 klubissa yhteens\u00e4 noin 250 000.\u00a0 Suomessa rotaractklubeja on t\u00e4ll\u00e4 hetkell\u00e4 8 ja toimintaa j\u00e4rjestet\u00e4\u00e4n erityisesti suuremmilla paikkakunnilla.<\/p>\n<p>Lue lis\u00e4\u00e4 <a href=\"https:\/\/rotary.fi\/mita-teemme\/nuorisopalvelut\/rotaract\/\" target=\"_blank\" rel=\"noopener noreferrer\">Rotaractista<\/a><\/p>\n<p>Klubimme on yhdess\u00e4 alueemme muiden klubien (Naantali, Raisio) kanssa perustamassa uutta Rotaractklubia. Jos siis toiminta Rotaractklubissa kiinnostaa, ota rohkeasti yhteytt\u00e4 Tiina Malkamo, puh. \/ WhatsApp +358 44 2900329 tai tiina.malkamo.rotary@gmail.com.<\/p>\n<p>&#8230;&#8230;&#8230;&#8230;&#8230;&#8230;&#8230;&#8230;&#8230;&#8230;&#8230;&#8230;&#8230;&#8230;&#8230;&#8230;&#8230;&#8230;&#8230;&#8230;&#8230;&#8230;&#8230;&#8230;&#8230;&#8230;&#8230;&#8230;&#8230;&#8230;&#8230;&#8230;&#8230;&#8230;&#8230;&#8230;&#8230;&#8230;&#8230;&#8230;&#8230;&#8230;&#8230;&#8230;&#8230;&#8230;&#8230;&#8230;&#8230;&#8230;.<\/p>\n<p>Interact toiminta on tarkoitettu 12-18-vuotiaille nuorille. Interact-toiminnassa nuoret p\u00e4\u00e4sev\u00e4t vaikuttamaan heille t\u00e4rkeisiin asioihin vuosittain suunniteltujen ja toteutettavien projektien avulla. Kuten Rotaractklubilla, my\u00f6s Interactklubilla on tukenaan oma Rotary-kummiklubi.<\/p>\n<p>Interact-toimintaa j\u00e4rjestet\u00e4\u00e4n t\u00e4ll\u00e4 hetkell\u00e4 vain Oulussa, mutta jos toiminta kiinnostaa, ota rohkeasti yhteytt\u00e4 (yhteystiedot yll\u00e4), niin suunnitellaan yhdess\u00e4 toimintaa my\u00f6s omalle alueellemme.<\/p>\n<p>&nbsp;<\/p>\n<p>[\/et_pb_text][\/et_pb_column_inner][\/et_pb_row_inner][\/et_pb_column][et_pb_column type=&#8221;1_3&#8243; _builder_version=&#8221;3.25&#8243; custom_padding=&#8221;|||&#8221; custom_padding__hover=&#8221;|||&#8221;][et_pb_sidebar area=&#8221;sidebar-1&#8243; module_class=&#8221;sivupalkki_sisalto&#8221; _builder_version=&#8221;3.4.1&#8243; locked=&#8221;on&#8221;]<br \/>\n[\/et_pb_sidebar][\/et_pb_column][\/et_pb_section]<\/p>\n","protected":false},"excerpt":{"rendered":"<p>Rotaract ja Interact Rotaract ja Interact Rotaract on osa Rotaryn toimintaa. Se kokoaa 18 \u2013 30 -vuotiaita nuoria verkostoitumaan, harjoittelemaan johtamis- ja yhteisty\u00f6taitojaan ja vaikuttamaan ymp\u00e4rist\u00f6ns\u00e4 hyvinvointiin omalla panoksellaan. Rotaractklubin ohjelmassa voi olla yritysvierailuja, yhteis\u00f6palveluprojektien suunnittelua ja toteuttamista sek\u00e4 verkostoitumistapaamisia paikkakunnalla, kansallisesti tai kansainv\u00e4lisesti. Kansallisen ja maailmanlaajuisen verkoston kautta on mahdollisuus solmia elinik\u00e4isi\u00e4 yst\u00e4vyyssuhteita, niin [&hellip;]<\/p>\n","protected":false},"author":1,"featured_media":0,"parent":77,"menu_order":0,"comment_status":"closed","ping_status":"closed","template":"","meta":{"_acf_changed":false,"_et_pb_use_builder":"on","_et_pb_old_content":"","_et_gb_content_width":"","footnotes":""},"class_list":["post-163","page","type-page","status-publish","hentry"],"acf":[],"yoast_head":"<!-- This site is optimized with the Yoast SEO plugin v27.4 - https:\/\/yoast.com\/product\/yoast-seo-wordpress\/ -->\n<title>Rotaract ja Interact - Raision Rotaryklubi<\/title>\n<meta name=\"robots\" content=\"index, follow, max-snippet:-1, max-image-preview:large, max-video-preview:-1\" \/>\n<link rel=\"canonical\" href=\"https:\/\/rotary.fi\/raisio\/mita-teemme\/rotaract-ja-interact\/\" \/>\n<meta property=\"og:locale\" content=\"fi_FI\" \/>\n<meta property=\"og:type\" content=\"article\" \/>\n<meta property=\"og:title\" content=\"Rotaract ja Interact - Raision Rotaryklubi\" \/>\n<meta property=\"og:description\" content=\"Rotaract ja Interact Rotaract ja Interact Rotaract on osa Rotaryn toimintaa. Se kokoaa 18 \u2013 30 -vuotiaita nuoria verkostoitumaan, harjoittelemaan johtamis- ja yhteisty\u00f6taitojaan ja vaikuttamaan ymp\u00e4rist\u00f6ns\u00e4 hyvinvointiin omalla panoksellaan. Rotaractklubin ohjelmassa voi olla yritysvierailuja, yhteis\u00f6palveluprojektien suunnittelua ja toteuttamista sek\u00e4 verkostoitumistapaamisia paikkakunnalla, kansallisesti tai kansainv\u00e4lisesti. Kansallisen ja maailmanlaajuisen verkoston kautta on mahdollisuus solmia elinik\u00e4isi\u00e4 yst\u00e4vyyssuhteita, niin [&hellip;]\" \/>\n<meta property=\"og:url\" content=\"https:\/\/rotary.fi\/raisio\/mita-teemme\/rotaract-ja-interact\/\" \/>\n<meta property=\"og:site_name\" content=\"Raision Rotaryklubi\" \/>\n<meta property=\"article:modified_time\" content=\"2020-07-23T17:29:16+00:00\" \/>\n<meta name=\"twitter:card\" content=\"summary_large_image\" \/>\n<meta name=\"twitter:label1\" content=\"Arvioitu lukuaika\" \/>\n\t<meta name=\"twitter:data1\" content=\"3 minuuttia\" \/>\n<script type=\"application\/ld+json\" class=\"yoast-schema-graph\">{\"@context\":\"https:\\\/\\\/schema.org\",\"@graph\":[{\"@type\":\"WebPage\",\"@id\":\"https:\\\/\\\/rotary.fi\\\/raisio\\\/mita-teemme\\\/rotaract-ja-interact\\\/\",\"url\":\"https:\\\/\\\/rotary.fi\\\/raisio\\\/mita-teemme\\\/rotaract-ja-interact\\\/\",\"name\":\"Rotaract ja Interact - Raision Rotaryklubi\",\"isPartOf\":{\"@id\":\"https:\\\/\\\/rotary.fi\\\/raisio\\\/#website\"},\"datePublished\":\"2018-08-13T06:51:14+00:00\",\"dateModified\":\"2020-07-23T17:29:16+00:00\",\"breadcrumb\":{\"@id\":\"https:\\\/\\\/rotary.fi\\\/raisio\\\/mita-teemme\\\/rotaract-ja-interact\\\/#breadcrumb\"},\"inLanguage\":\"fi\",\"potentialAction\":[{\"@type\":\"ReadAction\",\"target\":[\"https:\\\/\\\/rotary.fi\\\/raisio\\\/mita-teemme\\\/rotaract-ja-interact\\\/\"]}]},{\"@type\":\"BreadcrumbList\",\"@id\":\"https:\\\/\\\/rotary.fi\\\/raisio\\\/mita-teemme\\\/rotaract-ja-interact\\\/#breadcrumb\",\"itemListElement\":[{\"@type\":\"ListItem\",\"position\":1,\"name\":\"Home\",\"item\":\"https:\\\/\\\/rotary.fi\\\/raisio\\\/\"},{\"@type\":\"ListItem\",\"position\":2,\"name\":\"Mit\u00e4 teemme\",\"item\":\"https:\\\/\\\/rotary.fi\\\/raisio\\\/mita-teemme\\\/\"},{\"@type\":\"ListItem\",\"position\":3,\"name\":\"Rotaract ja Interact\"}]},{\"@type\":\"WebSite\",\"@id\":\"https:\\\/\\\/rotary.fi\\\/raisio\\\/#website\",\"url\":\"https:\\\/\\\/rotary.fi\\\/raisio\\\/\",\"name\":\"Raision Rotaryklubi\",\"description\":\"Uusi Rotary klubisivusto\",\"potentialAction\":[{\"@type\":\"SearchAction\",\"target\":{\"@type\":\"EntryPoint\",\"urlTemplate\":\"https:\\\/\\\/rotary.fi\\\/raisio\\\/?s={search_term_string}\"},\"query-input\":{\"@type\":\"PropertyValueSpecification\",\"valueRequired\":true,\"valueName\":\"search_term_string\"}}],\"inLanguage\":\"fi\"}]}<\/script>\n<!-- \/ Yoast SEO plugin. -->","yoast_head_json":{"title":"Rotaract ja Interact - Raision Rotaryklubi","robots":{"index":"index","follow":"follow","max-snippet":"max-snippet:-1","max-image-preview":"max-image-preview:large","max-video-preview":"max-video-preview:-1"},"canonical":"https:\/\/rotary.fi\/raisio\/mita-teemme\/rotaract-ja-interact\/","og_locale":"fi_FI","og_type":"article","og_title":"Rotaract ja Interact - Raision Rotaryklubi","og_description":"Rotaract ja Interact Rotaract ja Interact Rotaract on osa Rotaryn toimintaa. Se kokoaa 18 \u2013 30 -vuotiaita nuoria verkostoitumaan, harjoittelemaan johtamis- ja yhteisty\u00f6taitojaan ja vaikuttamaan ymp\u00e4rist\u00f6ns\u00e4 hyvinvointiin omalla panoksellaan. Rotaractklubin ohjelmassa voi olla yritysvierailuja, yhteis\u00f6palveluprojektien suunnittelua ja toteuttamista sek\u00e4 verkostoitumistapaamisia paikkakunnalla, kansallisesti tai kansainv\u00e4lisesti. Kansallisen ja maailmanlaajuisen verkoston kautta on mahdollisuus solmia elinik\u00e4isi\u00e4 yst\u00e4vyyssuhteita, niin [&hellip;]","og_url":"https:\/\/rotary.fi\/raisio\/mita-teemme\/rotaract-ja-interact\/","og_site_name":"Raision Rotaryklubi","article_modified_time":"2020-07-23T17:29:16+00:00","twitter_card":"summary_large_image","twitter_misc":{"Arvioitu lukuaika":"3 minuuttia"},"schema":{"@context":"https:\/\/schema.org","@graph":[{"@type":"WebPage","@id":"https:\/\/rotary.fi\/raisio\/mita-teemme\/rotaract-ja-interact\/","url":"https:\/\/rotary.fi\/raisio\/mita-teemme\/rotaract-ja-interact\/","name":"Rotaract ja Interact - Raision Rotaryklubi","isPartOf":{"@id":"https:\/\/rotary.fi\/raisio\/#website"},"datePublished":"2018-08-13T06:51:14+00:00","dateModified":"2020-07-23T17:29:16+00:00","breadcrumb":{"@id":"https:\/\/rotary.fi\/raisio\/mita-teemme\/rotaract-ja-interact\/#breadcrumb"},"inLanguage":"fi","potentialAction":[{"@type":"ReadAction","target":["https:\/\/rotary.fi\/raisio\/mita-teemme\/rotaract-ja-interact\/"]}]},{"@type":"BreadcrumbList","@id":"https:\/\/rotary.fi\/raisio\/mita-teemme\/rotaract-ja-interact\/#breadcrumb","itemListElement":[{"@type":"ListItem","position":1,"name":"Home","item":"https:\/\/rotary.fi\/raisio\/"},{"@type":"ListItem","position":2,"name":"Mit\u00e4 teemme","item":"https:\/\/rotary.fi\/raisio\/mita-teemme\/"},{"@type":"ListItem","position":3,"name":"Rotaract ja Interact"}]},{"@type":"WebSite","@id":"https:\/\/rotary.fi\/raisio\/#website","url":"https:\/\/rotary.fi\/raisio\/","name":"Raision Rotaryklubi","description":"Uusi Rotary klubisivusto","potentialAction":[{"@type":"SearchAction","target":{"@type":"EntryPoint","urlTemplate":"https:\/\/rotary.fi\/raisio\/?s={search_term_string}"},"query-input":{"@type":"PropertyValueSpecification","valueRequired":true,"valueName":"search_term_string"}}],"inLanguage":"fi"}]}},"lang":"fi","translations":{"fi":163},"pll_sync_post":[],"_links":{"self":[{"href":"https:\/\/rotary.fi\/raisio\/wp-json\/wp\/v2\/pages\/163","targetHints":{"allow":["GET"]}}],"collection":[{"href":"https:\/\/rotary.fi\/raisio\/wp-json\/wp\/v2\/pages"}],"about":[{"href":"https:\/\/rotary.fi\/raisio\/wp-json\/wp\/v2\/types\/page"}],"author":[{"embeddable":true,"href":"https:\/\/rotary.fi\/raisio\/wp-json\/wp\/v2\/users\/1"}],"replies":[{"embeddable":true,"href":"https:\/\/rotary.fi\/raisio\/wp-json\/wp\/v2\/comments?post=163"}],"version-history":[{"count":10,"href":"https:\/\/rotary.fi\/raisio\/wp-json\/wp\/v2\/pages\/163\/revisions"}],"predecessor-version":[{"id":2465,"href":"https:\/\/rotary.fi\/raisio\/wp-json\/wp\/v2\/pages\/163\/revisions\/2465"}],"up":[{"embeddable":true,"href":"https:\/\/rotary.fi\/raisio\/wp-json\/wp\/v2\/pages\/77"}],"wp:attachment":[{"href":"https:\/\/rotary.fi\/raisio\/wp-json\/wp\/v2\/media?parent=163"}],"curies":[{"name":"wp","href":"https:\/\/api.w.org\/{rel}","templated":true}]}}