{"id":154,"date":"2018-08-13T09:35:27","date_gmt":"2018-08-13T06:35:27","guid":{"rendered":"https:\/\/rotary.fi\/raisio\/?page_id=154"},"modified":"2023-08-15T22:24:49","modified_gmt":"2023-08-15T19:24:49","slug":"nuorisovaihto","status":"publish","type":"page","link":"https:\/\/rotary.fi\/raisio\/mita-teemme\/nuorisovaihto\/","title":{"rendered":"Nuorisovaihto"},"content":{"rendered":"<p>[et_pb_section fb_built=&#8221;1&#8243; module_class=&#8221;jumbotron-page&#8221; _builder_version=&#8221;4.16&#8243; background_image=&#8221;https:\/\/rotary.fi\/raisio\/wp-content\/uploads\/sites\/94\/2018\/10\/rotary_klubit_alasivu_paakuva_9.jpg&#8221; global_colors_info=&#8221;{}&#8221;][et_pb_row _builder_version=&#8221;4.16&#8243; background_size=&#8221;initial&#8221; background_position=&#8221;top_left&#8221; background_repeat=&#8221;repeat&#8221; global_colors_info=&#8221;{}&#8221;][et_pb_column type=&#8221;4_4&#8243; _builder_version=&#8221;4.16&#8243; custom_padding=&#8221;|||&#8221; global_colors_info=&#8221;{}&#8221; custom_padding__hover=&#8221;|||&#8221;][et_pb_text admin_label=&#8221;P\u00e4\u00e4otsikko&#8221; _builder_version=&#8221;4.16&#8243; text_orientation=&#8221;center&#8221; background_layout=&#8221;dark&#8221; global_colors_info=&#8221;{}&#8221;]<\/p>\n<h1>Nuorisovaihto<\/h1>\n<p>[\/et_pb_text][\/et_pb_column][\/et_pb_row][\/et_pb_section][et_pb_section fb_built=&#8221;1&#8243; specialty=&#8221;on&#8221; module_class_2=&#8221;sivupalkki&#8221; _builder_version=&#8221;4.16&#8243; inner_max_width=&#8221;none&#8221; global_colors_info=&#8221;{}&#8221;][et_pb_column type=&#8221;2_3&#8243; specialty_columns=&#8221;2&#8243; _builder_version=&#8221;4.16&#8243; custom_padding=&#8221;|||&#8221; global_colors_info=&#8221;{}&#8221; custom_padding__hover=&#8221;|||&#8221;][et_pb_row_inner admin_label=&#8221;Rivi&#8221; _builder_version=&#8221;4.16&#8243; global_colors_info=&#8221;{}&#8221;][et_pb_column_inner saved_specialty_column_type=&#8221;2_3&#8243; _builder_version=&#8221;4.16&#8243; custom_padding=&#8221;|||&#8221; global_colors_info=&#8221;{}&#8221; custom_padding__hover=&#8221;|||&#8221;][et_pb_text admin_label=&#8221;Nuorisovaihto &#8211; Otsikko&#8221; _builder_version=&#8221;4.16&#8243; text_orientation=&#8221;center&#8221; global_colors_info=&#8221;{}&#8221;]<\/p>\n<h1 style=\"text-align: left\">Nuorisovaihto<\/h1>\n<p>[\/et_pb_text][et_pb_text _builder_version=&#8221;4.16&#8243; saved_tabs=&#8221;all&#8221; global_colors_info=&#8221;{}&#8221;]<\/p>\n<p class=\"p1\"><span class=\"s1\">Rotaryn nuorisovaihto on turvallinen ja usein varsin edullinen tapa l\u00e4hte\u00e4 ulkomaille vaihto-oppilaaksi.<span class=\"Apple-converted-space\">\u00a0 <\/span>Rotaryn nuorisovaihto on sertifioitua ja valvottua. Nuorta sitovat rotareiden ohjeet ja s\u00e4\u00e4nn\u00f6t, se on osa turvallisuutta. Nuori ja h\u00e4nen perheens\u00e4 koulutetaan vaihtovuoden vaatimuksiin ennen vaihtoon l\u00e4ht\u00f6\u00e4.<\/span><\/p>\n<p class=\"p1\"><span class=\"s1\">Rotaryn kautta voi p\u00e4\u00e4st\u00e4 <a href=\"https:\/\/rye.fi\/vaihtoon-ulkomaille\/vuosivaihto\/\">vuosivaihtoon<\/a>, <a href=\"https:\/\/rye.fi\/vaihtoon-ulkomaille\/kesavaihto\/\">kes\u00e4vaihtoon<\/a> tai <a href=\"https:\/\/rye.fi\/vaihtoon-ulkomaille\/leirivaihto\/\">leirivaihtoon<\/a>. Vuosivaihto on vaihtomuodoista tunnetuin. Vuosivaihdossa nuori l\u00e4htee ulkomaille opiskelemaan kouluvuodeksi sek\u00e4 samalla oppii toisen maan kielt\u00e4 ja kulttuuria. Nuori p\u00e4\u00e4see vuoden aikana osaksi is\u00e4nt\u00e4perheiden arkea ja luo yst\u00e4vyyssuhteita ymp\u00e4ri maailman.<\/span><\/p>\n<p class=\"p1\"><span class=\"s1\">Jos koko kouluvuosi ulkomailla tuntuu kuitenkin liian pitk\u00e4lt\u00e4, kannattaa tutustua my\u00f6s lyhyempiin, kes\u00e4- ja leirivaihtoihin. N\u00e4iden vaihtomuotojen kautta nuori p\u00e4\u00e4see kokemaan itselle vieraan kulttuurin saloja, oppimaan uutta ja luomaan elinik\u00e4isi\u00e4 yst\u00e4vyyssuhteita. N\u00e4iss\u00e4 vaihtomuodoissa kokemuksia kerrytet\u00e4\u00e4n koulujen kes\u00e4lomien aikaan.\u00a0<\/span><\/p>\n<p class=\"p1\"><span class=\"s1\"><\/span><\/p>\n<p class=\"p1\"><span class=\"s1\"><\/span><\/p>\n<h2 class=\"p1\"><span class=\"s1\" style=\"font-size: x-large\">Is\u00e4nt\u00e4perhe<\/span><\/h2>\n<p class=\"p1\"><span class=\"s1\">Jokaiseen vaihtomuotoon sis\u00e4ltyy asuminen is\u00e4nt\u00e4perheiss\u00e4. Rotaryn nuorisovaihdon mahdollistavat lukuisat &#8221;ihan tavalliset&#8221; perheet ymp\u00e4ri maailman, jotka avaavat kotinsa ovet sek\u00e4 syd\u00e4mens\u00e4 eri puolilta maailmaa saapuville vaihto-oppilaille. Suomessakin is\u00e4nt\u00e4perheit\u00e4 on vuosittain noin 300.<\/span><\/p>\n<p class=\"p1\"><span>Is\u00e4nt\u00e4perheen\u00e4 oleminen tarjoaa tilaisuuden luoda l\u00e4heisen yst\u00e4vyyssuhteen ulkomaiseen nuoreen ja sit\u00e4 kautta my\u00f6s h\u00e4nen perheeseens\u00e4, tutustua vaihto-oppilaan kulttuuriin ja harjoittaa k\u00e4yt\u00e4nn\u00f6n kielitaitoa. Se tarjoaa my\u00f6s mahdollisuuden esitell\u00e4 vaihto-oppilaalle meid\u00e4n kaunista maatamme, sen kulttuuria ja tapaamme el\u00e4\u00e4. Syntyv\u00e4t yst\u00e4vyyssuhteet saattavat parhaimmillaan kest\u00e4\u00e4 elini\u00e4n ja luoda pohjaa monenlaiselle kanssak\u00e4ymiselle tulevaisuudessa. Is\u00e4nt\u00e4perheen\u00e4 toimiminen on oiva tapa toteuttaa kansainv\u00e4lisyyskasvatusta niin oman perheen kuin vaihto-oppilaankin osalta!<\/span><\/p>\n<p class=\"p1\"><span class=\"s1\">Suomeen saapuville vaihto-oppilaille tarvitaan is\u00e4nt\u00e4perheit\u00e4. Nuori asuu vaihtovuotensa aikana yleens\u00e4 kolmessa perheess\u00e4, noin 3,5 kuukautta jokaisessa. Kun haluat tarjota turvallisen kodin Suomeen saapuvalle nuorelle, otathan yhteytt\u00e4 klubimme <a href=\"https:\/\/rotary.fi\/raisio\/yhteystiedot-10\/\">nuorisovaihtotiimiin<\/a>.\u00a0<\/span><\/p>\n<p class=\"p1\"><span class=\"s1\">Kun Rotaryklubi ottaa vastaan ulkomaisen vaihto-oppilaan, se tarkoittaa, ett\u00e4 meilt\u00e4 vastavuoroisesti p\u00e4\u00e4see nuori ulkomaille. Toimimalla is\u00e4nt\u00e4perheen\u00e4 Rotary vaihto-oppilaalle, mahdollistat siis samalla vaihtovuoden my\u00f6s yhdelle paikalliselle nuorelle.<\/span><\/p>\n<p>[\/et_pb_text][\/et_pb_column_inner][\/et_pb_row_inner][et_pb_row_inner admin_label=&#8221;Rivi&#8221; _builder_version=&#8221;4.16&#8243; global_colors_info=&#8221;{}&#8221;][et_pb_column_inner saved_specialty_column_type=&#8221;2_3&#8243; _builder_version=&#8221;4.16&#8243; custom_padding=&#8221;|||&#8221; global_colors_info=&#8221;{}&#8221; custom_padding__hover=&#8221;|||&#8221;][et_pb_text admin_label=&#8221;Kiinnostuitko nuorisovaihdosta? &#8211; Otsikko&#8221; _builder_version=&#8221;4.16&#8243; text_orientation=&#8221;center&#8221; custom_padding=&#8221;13px|||||&#8221; global_colors_info=&#8221;{}&#8221;]<\/p>\n<h4 style=\"text-align: left\">Kiinnostuitko nuorisovaihdosta?<\/h4>\n<p>[\/et_pb_text][et_pb_text _builder_version=&#8221;4.16&#8243; text_font=&#8221;|600|||||||&#8221; custom_padding=&#8221;0px|||||&#8221; z_index_tablet=&#8221;500&#8243; box_shadow_horizontal_tablet=&#8221;0px&#8221; box_shadow_vertical_tablet=&#8221;0px&#8221; box_shadow_blur_tablet=&#8221;40px&#8221; box_shadow_spread_tablet=&#8221;0px&#8221; saved_tabs=&#8221;all&#8221; global_colors_info=&#8221;{}&#8221;]<\/p>\n<p class=\"p1\"><span class=\"s1\">Kaikki vaihtomuodot alkavat kes\u00e4ll\u00e4 ja h<\/span><span class=\"s1\">akuaika niihin alkaa edelt\u00e4v\u00e4n\u00e4 syksyn\u00e4. Jos kiinnostuit, ota meihin yhteytt\u00e4.<\/span><\/p>\n<p class=\"p2\"><strong><span class=\"s4\">Soita meille tai laita viesti\u00e4 ja kysy rohkeasti lis\u00e4\u00e4 Rotaryn nuorisovaihdosta!<\/span><\/strong><\/p>\n<h2 class=\"p2\"><strong><span class=\"s4\"><br \/><\/span><\/strong><span class=\"s1\"><span style=\"font-size: x-large\">Klubimme nuorisovaihtoasioista vastaavat<\/span><br \/><\/span><\/h2>\n<p class=\"p2\">\n<h2 class=\"p2\"><span style=\"font-size: large\">Suomeen saapuvat vaihto-oppilaat<\/span><\/h2>\n<p class=\"p2\"><strong>NVA Heidi Hilska<\/strong><\/p>\n<p class=\"p2\">puhelin +358 50 4432044<\/p>\n<p class=\"p2\">s\u00e4hk\u00f6posti hilskaheidi@gmail.com<\/p>\n<h2 class=\"p2\"><span style=\"font-size: large\">Suomesta ulkomaille l\u00e4htev\u00e4t vaihto-oppilaat<\/span><\/h2>\n<p class=\"p2\"><strong>OB-koordinaattori Sami Malkamo<\/strong><\/p>\n<p class=\"p2\">puhelin +358 50 3869339<\/p>\n<p class=\"p2\">s\u00e4hk\u00f6posti sami.malkamo@gmail.com<\/p>\n<h2 class=\"p2\"><span style=\"font-size: large\">HAKEMUKSET VOI L\u00c4HETT\u00c4\u00c4 OSOITTEESEEN\u00a0<\/span><\/h2>\n<p class=\"p2\"><strong>rotaryvaihtoon.nli.raisio@gmail.com<\/strong><\/p>\n<p class=\"p2\">T\u00e4h\u00e4n osoitteeseen voit laittaa hakemuksesi jos <span style=\"text-decoration: underline\">asut tai k\u00e4yt koulua Naantalin tai Raision alueella<\/span>.<\/p>\n<p class=\"p2\">\n<p class=\"p2\">OHJEET HAKEMUKSEN TEKOON L\u00d6YD\u00c4T <a href=\"https:\/\/rye.fi\/miten-haen-vuosivaihtoon\/\">T\u00c4\u00c4LT\u00c4<\/a><\/p>\n<p class=\"p2\">\n<p class=\"p2\">\n<p class=\"p2\"><span class=\"s1\" style=\"font-size: x-large\">Lue lis\u00e4\u00e4 Rotary nuorisovaihtotoiminnasta: <a href=\"http:\/\/rye.fi\/\">www.rye.fi<\/a><\/span><\/p>\n<p>[\/et_pb_text][\/et_pb_column_inner][\/et_pb_row_inner][\/et_pb_column][et_pb_column type=&#8221;1_3&#8243; _builder_version=&#8221;4.16&#8243; custom_padding=&#8221;|||&#8221; global_colors_info=&#8221;{}&#8221; custom_padding__hover=&#8221;|||&#8221;][et_pb_sidebar area=&#8221;sidebar-1&#8243; module_class=&#8221;sivupalkki_sisalto&#8221; _builder_version=&#8221;4.16&#8243; locked=&#8221;on&#8221; global_colors_info=&#8221;{}&#8221;]<br \/>\n[\/et_pb_sidebar][\/et_pb_column][\/et_pb_section]<\/p>\n","protected":false},"excerpt":{"rendered":"<p>Nuorisovaihto NuorisovaihtoRotaryn nuorisovaihto on turvallinen ja usein varsin edullinen tapa l\u00e4hte\u00e4 ulkomaille vaihto-oppilaaksi.\u00a0 Rotaryn nuorisovaihto on sertifioitua ja valvottua. Nuorta sitovat rotareiden ohjeet ja s\u00e4\u00e4nn\u00f6t, se on osa turvallisuutta. Nuori ja h\u00e4nen perheens\u00e4 koulutetaan vaihtovuoden vaatimuksiin ennen vaihtoon l\u00e4ht\u00f6\u00e4. Rotaryn kautta voi p\u00e4\u00e4st\u00e4 vuosivaihtoon, kes\u00e4vaihtoon tai leirivaihtoon. Vuosivaihto on vaihtomuodoista tunnetuin. Vuosivaihdossa nuori l\u00e4htee ulkomaille [&hellip;]<\/p>\n","protected":false},"author":1,"featured_media":0,"parent":77,"menu_order":0,"comment_status":"closed","ping_status":"closed","template":"","meta":{"_acf_changed":false,"_et_pb_use_builder":"on","_et_pb_old_content":"","_et_gb_content_width":"","footnotes":""},"class_list":["post-154","page","type-page","status-publish","hentry"],"acf":[],"yoast_head":"<!-- This site is optimized with the Yoast SEO plugin v27.4 - https:\/\/yoast.com\/product\/yoast-seo-wordpress\/ -->\n<title>Nuorisovaihto - Raision Rotaryklubi<\/title>\n<meta name=\"robots\" content=\"index, follow, max-snippet:-1, max-image-preview:large, max-video-preview:-1\" \/>\n<link rel=\"canonical\" href=\"https:\/\/rotary.fi\/raisio\/mita-teemme\/nuorisovaihto\/\" \/>\n<meta property=\"og:locale\" content=\"fi_FI\" \/>\n<meta property=\"og:type\" content=\"article\" \/>\n<meta property=\"og:title\" content=\"Nuorisovaihto - Raision Rotaryklubi\" \/>\n<meta property=\"og:description\" content=\"Nuorisovaihto NuorisovaihtoRotaryn nuorisovaihto on turvallinen ja usein varsin edullinen tapa l\u00e4hte\u00e4 ulkomaille vaihto-oppilaaksi.\u00a0 Rotaryn nuorisovaihto on sertifioitua ja valvottua. Nuorta sitovat rotareiden ohjeet ja s\u00e4\u00e4nn\u00f6t, se on osa turvallisuutta. Nuori ja h\u00e4nen perheens\u00e4 koulutetaan vaihtovuoden vaatimuksiin ennen vaihtoon l\u00e4ht\u00f6\u00e4. Rotaryn kautta voi p\u00e4\u00e4st\u00e4 vuosivaihtoon, kes\u00e4vaihtoon tai leirivaihtoon. Vuosivaihto on vaihtomuodoista tunnetuin. Vuosivaihdossa nuori l\u00e4htee ulkomaille [&hellip;]\" \/>\n<meta property=\"og:url\" content=\"https:\/\/rotary.fi\/raisio\/mita-teemme\/nuorisovaihto\/\" \/>\n<meta property=\"og:site_name\" content=\"Raision Rotaryklubi\" \/>\n<meta property=\"article:modified_time\" content=\"2023-08-15T19:24:49+00:00\" \/>\n<meta name=\"twitter:card\" content=\"summary_large_image\" \/>\n<meta name=\"twitter:label1\" content=\"Arvioitu lukuaika\" \/>\n\t<meta name=\"twitter:data1\" content=\"3 minuuttia\" \/>\n<script type=\"application\/ld+json\" class=\"yoast-schema-graph\">{\"@context\":\"https:\\\/\\\/schema.org\",\"@graph\":[{\"@type\":\"WebPage\",\"@id\":\"https:\\\/\\\/rotary.fi\\\/raisio\\\/mita-teemme\\\/nuorisovaihto\\\/\",\"url\":\"https:\\\/\\\/rotary.fi\\\/raisio\\\/mita-teemme\\\/nuorisovaihto\\\/\",\"name\":\"Nuorisovaihto - Raision Rotaryklubi\",\"isPartOf\":{\"@id\":\"https:\\\/\\\/rotary.fi\\\/raisio\\\/#website\"},\"datePublished\":\"2018-08-13T06:35:27+00:00\",\"dateModified\":\"2023-08-15T19:24:49+00:00\",\"breadcrumb\":{\"@id\":\"https:\\\/\\\/rotary.fi\\\/raisio\\\/mita-teemme\\\/nuorisovaihto\\\/#breadcrumb\"},\"inLanguage\":\"fi\",\"potentialAction\":[{\"@type\":\"ReadAction\",\"target\":[\"https:\\\/\\\/rotary.fi\\\/raisio\\\/mita-teemme\\\/nuorisovaihto\\\/\"]}]},{\"@type\":\"BreadcrumbList\",\"@id\":\"https:\\\/\\\/rotary.fi\\\/raisio\\\/mita-teemme\\\/nuorisovaihto\\\/#breadcrumb\",\"itemListElement\":[{\"@type\":\"ListItem\",\"position\":1,\"name\":\"Home\",\"item\":\"https:\\\/\\\/rotary.fi\\\/raisio\\\/\"},{\"@type\":\"ListItem\",\"position\":2,\"name\":\"Mit\u00e4 teemme\",\"item\":\"https:\\\/\\\/rotary.fi\\\/raisio\\\/mita-teemme\\\/\"},{\"@type\":\"ListItem\",\"position\":3,\"name\":\"Nuorisovaihto\"}]},{\"@type\":\"WebSite\",\"@id\":\"https:\\\/\\\/rotary.fi\\\/raisio\\\/#website\",\"url\":\"https:\\\/\\\/rotary.fi\\\/raisio\\\/\",\"name\":\"Raision Rotaryklubi\",\"description\":\"Uusi Rotary klubisivusto\",\"potentialAction\":[{\"@type\":\"SearchAction\",\"target\":{\"@type\":\"EntryPoint\",\"urlTemplate\":\"https:\\\/\\\/rotary.fi\\\/raisio\\\/?s={search_term_string}\"},\"query-input\":{\"@type\":\"PropertyValueSpecification\",\"valueRequired\":true,\"valueName\":\"search_term_string\"}}],\"inLanguage\":\"fi\"}]}<\/script>\n<!-- \/ Yoast SEO plugin. -->","yoast_head_json":{"title":"Nuorisovaihto - Raision Rotaryklubi","robots":{"index":"index","follow":"follow","max-snippet":"max-snippet:-1","max-image-preview":"max-image-preview:large","max-video-preview":"max-video-preview:-1"},"canonical":"https:\/\/rotary.fi\/raisio\/mita-teemme\/nuorisovaihto\/","og_locale":"fi_FI","og_type":"article","og_title":"Nuorisovaihto - Raision Rotaryklubi","og_description":"Nuorisovaihto NuorisovaihtoRotaryn nuorisovaihto on turvallinen ja usein varsin edullinen tapa l\u00e4hte\u00e4 ulkomaille vaihto-oppilaaksi.\u00a0 Rotaryn nuorisovaihto on sertifioitua ja valvottua. Nuorta sitovat rotareiden ohjeet ja s\u00e4\u00e4nn\u00f6t, se on osa turvallisuutta. Nuori ja h\u00e4nen perheens\u00e4 koulutetaan vaihtovuoden vaatimuksiin ennen vaihtoon l\u00e4ht\u00f6\u00e4. Rotaryn kautta voi p\u00e4\u00e4st\u00e4 vuosivaihtoon, kes\u00e4vaihtoon tai leirivaihtoon. Vuosivaihto on vaihtomuodoista tunnetuin. Vuosivaihdossa nuori l\u00e4htee ulkomaille [&hellip;]","og_url":"https:\/\/rotary.fi\/raisio\/mita-teemme\/nuorisovaihto\/","og_site_name":"Raision Rotaryklubi","article_modified_time":"2023-08-15T19:24:49+00:00","twitter_card":"summary_large_image","twitter_misc":{"Arvioitu lukuaika":"3 minuuttia"},"schema":{"@context":"https:\/\/schema.org","@graph":[{"@type":"WebPage","@id":"https:\/\/rotary.fi\/raisio\/mita-teemme\/nuorisovaihto\/","url":"https:\/\/rotary.fi\/raisio\/mita-teemme\/nuorisovaihto\/","name":"Nuorisovaihto - Raision Rotaryklubi","isPartOf":{"@id":"https:\/\/rotary.fi\/raisio\/#website"},"datePublished":"2018-08-13T06:35:27+00:00","dateModified":"2023-08-15T19:24:49+00:00","breadcrumb":{"@id":"https:\/\/rotary.fi\/raisio\/mita-teemme\/nuorisovaihto\/#breadcrumb"},"inLanguage":"fi","potentialAction":[{"@type":"ReadAction","target":["https:\/\/rotary.fi\/raisio\/mita-teemme\/nuorisovaihto\/"]}]},{"@type":"BreadcrumbList","@id":"https:\/\/rotary.fi\/raisio\/mita-teemme\/nuorisovaihto\/#breadcrumb","itemListElement":[{"@type":"ListItem","position":1,"name":"Home","item":"https:\/\/rotary.fi\/raisio\/"},{"@type":"ListItem","position":2,"name":"Mit\u00e4 teemme","item":"https:\/\/rotary.fi\/raisio\/mita-teemme\/"},{"@type":"ListItem","position":3,"name":"Nuorisovaihto"}]},{"@type":"WebSite","@id":"https:\/\/rotary.fi\/raisio\/#website","url":"https:\/\/rotary.fi\/raisio\/","name":"Raision Rotaryklubi","description":"Uusi Rotary klubisivusto","potentialAction":[{"@type":"SearchAction","target":{"@type":"EntryPoint","urlTemplate":"https:\/\/rotary.fi\/raisio\/?s={search_term_string}"},"query-input":{"@type":"PropertyValueSpecification","valueRequired":true,"valueName":"search_term_string"}}],"inLanguage":"fi"}]}},"lang":"fi","translations":{"fi":154},"pll_sync_post":[],"_links":{"self":[{"href":"https:\/\/rotary.fi\/raisio\/wp-json\/wp\/v2\/pages\/154","targetHints":{"allow":["GET"]}}],"collection":[{"href":"https:\/\/rotary.fi\/raisio\/wp-json\/wp\/v2\/pages"}],"about":[{"href":"https:\/\/rotary.fi\/raisio\/wp-json\/wp\/v2\/types\/page"}],"author":[{"embeddable":true,"href":"https:\/\/rotary.fi\/raisio\/wp-json\/wp\/v2\/users\/1"}],"replies":[{"embeddable":true,"href":"https:\/\/rotary.fi\/raisio\/wp-json\/wp\/v2\/comments?post=154"}],"version-history":[{"count":9,"href":"https:\/\/rotary.fi\/raisio\/wp-json\/wp\/v2\/pages\/154\/revisions"}],"predecessor-version":[{"id":2655,"href":"https:\/\/rotary.fi\/raisio\/wp-json\/wp\/v2\/pages\/154\/revisions\/2655"}],"up":[{"embeddable":true,"href":"https:\/\/rotary.fi\/raisio\/wp-json\/wp\/v2\/pages\/77"}],"wp:attachment":[{"href":"https:\/\/rotary.fi\/raisio\/wp-json\/wp\/v2\/media?parent=154"}],"curies":[{"name":"wp","href":"https:\/\/api.w.org\/{rel}","templated":true}]}}