{"id":2529,"date":"2022-02-17T12:24:19","date_gmt":"2022-02-17T10:24:19","guid":{"rendered":"https:\/\/rotary.fi\/raahe\/?page_id=2529"},"modified":"2022-02-17T12:33:51","modified_gmt":"2022-02-17T10:33:51","slug":"harrastuksena-autourheilu","status":"publish","type":"page","link":"https:\/\/rotary.fi\/raahe\/harrastuksena-autourheilu\/","title":{"rendered":"Autourheilu"},"content":{"rendered":"<p>Markku Alasuutari on harrastanut autourheilua teini-i\u00e4st\u00e4 asti. Aluksi Markku ajoi B-junioreissa, mist\u00e4 tulikin hyvi\u00e4 sijoituksia mm. Suopunkirallin voitto. My\u00f6hemmin h\u00e4n siirtyi A-juniori tasolle.<\/p>\n<p>Tunturirallin A-junioreiden voitto tuli vuonna 1991.\u00a0Vuonna 2000 h\u00e4n oli etuautoteht\u00e4viss\u00e4 Tunturirallissa. Vuonna 2000 joulukuussa h\u00e4n oli\u00a0 my\u00f6s Suopunkirallissa ja sielt\u00e4 tuli Yleisen luokan voitto, jolloin jopa Kalevan uutiskynnys ylittyi. Sitten Markku siirtyi kartturin penkille, kuljettajana oli\u00a0 AKK:n puheenjohtaja Kari O Sohlberg. Markku on tavannut useita maailmanluokan t\u00e4hti\u00e4 esim. F!-kuljettajan Mika H\u00e4kkisen sek\u00e4 ralliautoilijoita mm. Tommi M\u00e4kisen, Juha Kankkusen ja Sebastian Lindholmin.<\/p>\n<p>Kuvia ralliautoista ja tarkempaa tietoa ralliharrastuksesta l\u00f6ytyy seuraavasta linkist\u00e4<\/p>\n<p><a href=\"https:\/\/drive.google.com\/file\/d\/12ArKEt6JXCitIfgiZGjMjcxK4WV3jqVY\/view?usp=sharing\">&#8221;Harrastuksena autourheilu&#8221;<\/a><\/p>\n<p>&nbsp;<\/p>\n","protected":false},"excerpt":{"rendered":"<p>Markku Alasuutari on harrastanut autourheilua teini-i\u00e4st\u00e4 asti. Aluksi Markku ajoi B-junioreissa, mist\u00e4 tulikin hyvi\u00e4 sijoituksia mm. Suopunkirallin voitto. My\u00f6hemmin h\u00e4n siirtyi A-juniori tasolle. Tunturirallin A-junioreiden voitto tuli vuonna 1991.\u00a0Vuonna 2000 h\u00e4n oli etuautoteht\u00e4viss\u00e4 Tunturirallissa. Vuonna 2000 joulukuussa h\u00e4n oli\u00a0 my\u00f6s Suopunkirallissa ja sielt\u00e4 tuli Yleisen luokan voitto, jolloin jopa Kalevan uutiskynnys ylittyi. Sitten Markku siirtyi [&hellip;]<\/p>\n","protected":false},"author":450,"featured_media":0,"parent":0,"menu_order":0,"comment_status":"closed","ping_status":"closed","template":"","meta":{"_acf_changed":false,"_et_pb_use_builder":"","_et_pb_old_content":"","_et_gb_content_width":"","footnotes":""},"class_list":["post-2529","page","type-page","status-publish","hentry"],"acf":[],"yoast_head":"<!-- This site is optimized with the Yoast SEO plugin v27.4 - https:\/\/yoast.com\/product\/yoast-seo-wordpress\/ -->\n<title>Autourheilu - Raahen Rotaryklubi ry<\/title>\n<meta name=\"robots\" content=\"index, follow, max-snippet:-1, max-image-preview:large, max-video-preview:-1\" \/>\n<link rel=\"canonical\" href=\"https:\/\/rotary.fi\/raahe\/harrastuksena-autourheilu\/\" \/>\n<meta property=\"og:locale\" content=\"fi_FI\" \/>\n<meta property=\"og:type\" content=\"article\" \/>\n<meta property=\"og:title\" content=\"Autourheilu - Raahen Rotaryklubi ry\" \/>\n<meta property=\"og:description\" content=\"Markku Alasuutari on harrastanut autourheilua teini-i\u00e4st\u00e4 asti. Aluksi Markku ajoi B-junioreissa, mist\u00e4 tulikin hyvi\u00e4 sijoituksia mm. Suopunkirallin voitto. My\u00f6hemmin h\u00e4n siirtyi A-juniori tasolle. Tunturirallin A-junioreiden voitto tuli vuonna 1991.\u00a0Vuonna 2000 h\u00e4n oli etuautoteht\u00e4viss\u00e4 Tunturirallissa. Vuonna 2000 joulukuussa h\u00e4n oli\u00a0 my\u00f6s Suopunkirallissa ja sielt\u00e4 tuli Yleisen luokan voitto, jolloin jopa Kalevan uutiskynnys ylittyi. Sitten Markku siirtyi [&hellip;]\" \/>\n<meta property=\"og:url\" content=\"https:\/\/rotary.fi\/raahe\/harrastuksena-autourheilu\/\" \/>\n<meta property=\"og:site_name\" content=\"Raahen Rotaryklubi ry\" \/>\n<meta property=\"article:modified_time\" content=\"2022-02-17T10:33:51+00:00\" \/>\n<meta name=\"twitter:card\" content=\"summary_large_image\" \/>\n<meta name=\"twitter:label1\" content=\"Arvioitu lukuaika\" \/>\n\t<meta name=\"twitter:data1\" content=\"1 minuutti\" \/>\n<script type=\"application\/ld+json\" class=\"yoast-schema-graph\">{\"@context\":\"https:\\\/\\\/schema.org\",\"@graph\":[{\"@type\":\"WebPage\",\"@id\":\"https:\\\/\\\/rotary.fi\\\/raahe\\\/harrastuksena-autourheilu\\\/\",\"url\":\"https:\\\/\\\/rotary.fi\\\/raahe\\\/harrastuksena-autourheilu\\\/\",\"name\":\"Autourheilu - Raahen Rotaryklubi ry\",\"isPartOf\":{\"@id\":\"https:\\\/\\\/rotary.fi\\\/raahe\\\/#website\"},\"datePublished\":\"2022-02-17T10:24:19+00:00\",\"dateModified\":\"2022-02-17T10:33:51+00:00\",\"breadcrumb\":{\"@id\":\"https:\\\/\\\/rotary.fi\\\/raahe\\\/harrastuksena-autourheilu\\\/#breadcrumb\"},\"inLanguage\":\"fi\",\"potentialAction\":[{\"@type\":\"ReadAction\",\"target\":[\"https:\\\/\\\/rotary.fi\\\/raahe\\\/harrastuksena-autourheilu\\\/\"]}]},{\"@type\":\"BreadcrumbList\",\"@id\":\"https:\\\/\\\/rotary.fi\\\/raahe\\\/harrastuksena-autourheilu\\\/#breadcrumb\",\"itemListElement\":[{\"@type\":\"ListItem\",\"position\":1,\"name\":\"Home\",\"item\":\"https:\\\/\\\/rotary.fi\\\/raahe\\\/\"},{\"@type\":\"ListItem\",\"position\":2,\"name\":\"Autourheilu\"}]},{\"@type\":\"WebSite\",\"@id\":\"https:\\\/\\\/rotary.fi\\\/raahe\\\/#website\",\"url\":\"https:\\\/\\\/rotary.fi\\\/raahe\\\/\",\"name\":\"Raahen Rotaryklubi ry\",\"description\":\"Uusi Rotary klubisivusto\",\"potentialAction\":[{\"@type\":\"SearchAction\",\"target\":{\"@type\":\"EntryPoint\",\"urlTemplate\":\"https:\\\/\\\/rotary.fi\\\/raahe\\\/?s={search_term_string}\"},\"query-input\":{\"@type\":\"PropertyValueSpecification\",\"valueRequired\":true,\"valueName\":\"search_term_string\"}}],\"inLanguage\":\"fi\"}]}<\/script>\n<!-- \/ Yoast SEO plugin. -->","yoast_head_json":{"title":"Autourheilu - Raahen Rotaryklubi ry","robots":{"index":"index","follow":"follow","max-snippet":"max-snippet:-1","max-image-preview":"max-image-preview:large","max-video-preview":"max-video-preview:-1"},"canonical":"https:\/\/rotary.fi\/raahe\/harrastuksena-autourheilu\/","og_locale":"fi_FI","og_type":"article","og_title":"Autourheilu - Raahen Rotaryklubi ry","og_description":"Markku Alasuutari on harrastanut autourheilua teini-i\u00e4st\u00e4 asti. Aluksi Markku ajoi B-junioreissa, mist\u00e4 tulikin hyvi\u00e4 sijoituksia mm. Suopunkirallin voitto. My\u00f6hemmin h\u00e4n siirtyi A-juniori tasolle. Tunturirallin A-junioreiden voitto tuli vuonna 1991.\u00a0Vuonna 2000 h\u00e4n oli etuautoteht\u00e4viss\u00e4 Tunturirallissa. Vuonna 2000 joulukuussa h\u00e4n oli\u00a0 my\u00f6s Suopunkirallissa ja sielt\u00e4 tuli Yleisen luokan voitto, jolloin jopa Kalevan uutiskynnys ylittyi. Sitten Markku siirtyi [&hellip;]","og_url":"https:\/\/rotary.fi\/raahe\/harrastuksena-autourheilu\/","og_site_name":"Raahen Rotaryklubi ry","article_modified_time":"2022-02-17T10:33:51+00:00","twitter_card":"summary_large_image","twitter_misc":{"Arvioitu lukuaika":"1 minuutti"},"schema":{"@context":"https:\/\/schema.org","@graph":[{"@type":"WebPage","@id":"https:\/\/rotary.fi\/raahe\/harrastuksena-autourheilu\/","url":"https:\/\/rotary.fi\/raahe\/harrastuksena-autourheilu\/","name":"Autourheilu - Raahen Rotaryklubi ry","isPartOf":{"@id":"https:\/\/rotary.fi\/raahe\/#website"},"datePublished":"2022-02-17T10:24:19+00:00","dateModified":"2022-02-17T10:33:51+00:00","breadcrumb":{"@id":"https:\/\/rotary.fi\/raahe\/harrastuksena-autourheilu\/#breadcrumb"},"inLanguage":"fi","potentialAction":[{"@type":"ReadAction","target":["https:\/\/rotary.fi\/raahe\/harrastuksena-autourheilu\/"]}]},{"@type":"BreadcrumbList","@id":"https:\/\/rotary.fi\/raahe\/harrastuksena-autourheilu\/#breadcrumb","itemListElement":[{"@type":"ListItem","position":1,"name":"Home","item":"https:\/\/rotary.fi\/raahe\/"},{"@type":"ListItem","position":2,"name":"Autourheilu"}]},{"@type":"WebSite","@id":"https:\/\/rotary.fi\/raahe\/#website","url":"https:\/\/rotary.fi\/raahe\/","name":"Raahen Rotaryklubi ry","description":"Uusi Rotary klubisivusto","potentialAction":[{"@type":"SearchAction","target":{"@type":"EntryPoint","urlTemplate":"https:\/\/rotary.fi\/raahe\/?s={search_term_string}"},"query-input":{"@type":"PropertyValueSpecification","valueRequired":true,"valueName":"search_term_string"}}],"inLanguage":"fi"}]}},"lang":"fi","translations":{"fi":2529},"pll_sync_post":[],"_links":{"self":[{"href":"https:\/\/rotary.fi\/raahe\/wp-json\/wp\/v2\/pages\/2529","targetHints":{"allow":["GET"]}}],"collection":[{"href":"https:\/\/rotary.fi\/raahe\/wp-json\/wp\/v2\/pages"}],"about":[{"href":"https:\/\/rotary.fi\/raahe\/wp-json\/wp\/v2\/types\/page"}],"author":[{"embeddable":true,"href":"https:\/\/rotary.fi\/raahe\/wp-json\/wp\/v2\/users\/450"}],"replies":[{"embeddable":true,"href":"https:\/\/rotary.fi\/raahe\/wp-json\/wp\/v2\/comments?post=2529"}],"version-history":[{"count":4,"href":"https:\/\/rotary.fi\/raahe\/wp-json\/wp\/v2\/pages\/2529\/revisions"}],"predecessor-version":[{"id":2536,"href":"https:\/\/rotary.fi\/raahe\/wp-json\/wp\/v2\/pages\/2529\/revisions\/2536"}],"wp:attachment":[{"href":"https:\/\/rotary.fi\/raahe\/wp-json\/wp\/v2\/media?parent=2529"}],"curies":[{"name":"wp","href":"https:\/\/api.w.org\/{rel}","templated":true}]}}