{"id":2420,"date":"2021-10-04T13:21:17","date_gmt":"2021-10-04T10:21:17","guid":{"rendered":"https:\/\/rotary.fi\/raahe\/?page_id=2420"},"modified":"2021-10-04T13:21:17","modified_gmt":"2021-10-04T10:21:17","slug":"rokotusapuprojekti","status":"publish","type":"page","link":"https:\/\/rotary.fi\/raahe\/rokotusapuprojekti\/","title":{"rendered":"Rokotusapuprojekti"},"content":{"rendered":"<p>El\u00e4kkeell\u00e4 olevat l\u00e4\u00e4k\u00e4rit Virpi ja Matti Honkala ovat antaneet Raahen seudulla koronarokotteita. T\u00e4m\u00e4n Rotaryn vapaaehtoisty\u00f6n he aloittivat tammikuussa 2021. Honkalat tekiv\u00e4t 5\u20137 tunnin pituisia p\u00e4ivi\u00e4 pari kolme kertaa viikossa. Hein\u00e4kuuhun menness\u00e4 he olivat antaneet jo yli 11\u00a0000 rokotetta. T\u00e4ss\u00e4 raahelaisten rotaryklubien rokotusapuprojektissa oli mukana my\u00f6s toistakymment\u00e4 muuta rotaria ja heid\u00e4n puolisoaan. He toimivat rokotukseen tulevien henkil\u00f6iden opastajina ja liikenteen ohjaajina. Kev\u00e4\u00e4n ja kes\u00e4n aikana heille kertyi yli 250 talkootuntia. Rokotusapuprojekti jatkuu viel\u00e4.<\/p>\n<p><img loading=\"lazy\" decoding=\"async\" class=\"wp-image-2421 aligncenter\" src=\"https:\/\/rotary.fi\/raahe\/wp-content\/uploads\/sites\/207\/2021\/10\/u-jr4ncj-300x200.jpg\" alt=\"\" width=\"457\" height=\"304\" \/><\/p>\n<p><img loading=\"lazy\" decoding=\"async\" class=\"wp-image-2422 aligncenter\" src=\"https:\/\/rotary.fi\/raahe\/wp-content\/uploads\/sites\/207\/2021\/10\/virpi-rokottaa-k-200x300.jpg\" alt=\"\" width=\"303\" height=\"455\" \/><\/p>\n<p><img loading=\"lazy\" decoding=\"async\" class=\"alignnone wp-image-2423 aligncenter\" src=\"https:\/\/rotary.fi\/raahe\/wp-content\/uploads\/sites\/207\/2021\/10\/rokotusapua-eero-esa-300x201.jpg\" alt=\"\" width=\"486\" height=\"326\" \/><\/p>\n","protected":false},"excerpt":{"rendered":"<p>El\u00e4kkeell\u00e4 olevat l\u00e4\u00e4k\u00e4rit Virpi ja Matti Honkala ovat antaneet Raahen seudulla koronarokotteita. T\u00e4m\u00e4n Rotaryn vapaaehtoisty\u00f6n he aloittivat tammikuussa 2021. Honkalat tekiv\u00e4t 5\u20137 tunnin pituisia p\u00e4ivi\u00e4 pari kolme kertaa viikossa. Hein\u00e4kuuhun menness\u00e4 he olivat antaneet jo yli 11\u00a0000 rokotetta. T\u00e4ss\u00e4 raahelaisten rotaryklubien rokotusapuprojektissa oli mukana my\u00f6s toistakymment\u00e4 muuta rotaria ja heid\u00e4n puolisoaan. He toimivat rokotukseen tulevien [&hellip;]<\/p>\n","protected":false},"author":450,"featured_media":0,"parent":0,"menu_order":0,"comment_status":"closed","ping_status":"closed","template":"","meta":{"_acf_changed":false,"_et_pb_use_builder":"","_et_pb_old_content":"","_et_gb_content_width":"","footnotes":""},"class_list":["post-2420","page","type-page","status-publish","hentry"],"acf":[],"yoast_head":"<!-- This site is optimized with the Yoast SEO plugin v27.0 - https:\/\/yoast.com\/product\/yoast-seo-wordpress\/ -->\n<title>Rokotusapuprojekti - Raahen Rotaryklubi ry<\/title>\n<meta name=\"robots\" content=\"index, follow, max-snippet:-1, max-image-preview:large, max-video-preview:-1\" \/>\n<link rel=\"canonical\" href=\"https:\/\/rotary.fi\/raahe\/rokotusapuprojekti\/\" \/>\n<meta property=\"og:locale\" content=\"fi_FI\" \/>\n<meta property=\"og:type\" content=\"article\" \/>\n<meta property=\"og:title\" content=\"Rokotusapuprojekti - Raahen Rotaryklubi ry\" \/>\n<meta property=\"og:description\" content=\"El\u00e4kkeell\u00e4 olevat l\u00e4\u00e4k\u00e4rit Virpi ja Matti Honkala ovat antaneet Raahen seudulla koronarokotteita. T\u00e4m\u00e4n Rotaryn vapaaehtoisty\u00f6n he aloittivat tammikuussa 2021. Honkalat tekiv\u00e4t 5\u20137 tunnin pituisia p\u00e4ivi\u00e4 pari kolme kertaa viikossa. Hein\u00e4kuuhun menness\u00e4 he olivat antaneet jo yli 11\u00a0000 rokotetta. T\u00e4ss\u00e4 raahelaisten rotaryklubien rokotusapuprojektissa oli mukana my\u00f6s toistakymment\u00e4 muuta rotaria ja heid\u00e4n puolisoaan. He toimivat rokotukseen tulevien [&hellip;]\" \/>\n<meta property=\"og:url\" content=\"https:\/\/rotary.fi\/raahe\/rokotusapuprojekti\/\" \/>\n<meta property=\"og:site_name\" content=\"Raahen Rotaryklubi ry\" \/>\n<meta property=\"og:image\" content=\"https:\/\/rotary.fi\/raahe\/wp-content\/uploads\/sites\/207\/2021\/10\/u-jr4ncj-300x200.jpg\" \/>\n<meta name=\"twitter:card\" content=\"summary_large_image\" \/>\n<script type=\"application\/ld+json\" class=\"yoast-schema-graph\">{\"@context\":\"https:\/\/schema.org\",\"@graph\":[{\"@type\":\"WebPage\",\"@id\":\"https:\/\/rotary.fi\/raahe\/rokotusapuprojekti\/\",\"url\":\"https:\/\/rotary.fi\/raahe\/rokotusapuprojekti\/\",\"name\":\"Rokotusapuprojekti - Raahen Rotaryklubi ry\",\"isPartOf\":{\"@id\":\"https:\/\/rotary.fi\/raahe\/#website\"},\"primaryImageOfPage\":{\"@id\":\"https:\/\/rotary.fi\/raahe\/rokotusapuprojekti\/#primaryimage\"},\"image\":{\"@id\":\"https:\/\/rotary.fi\/raahe\/rokotusapuprojekti\/#primaryimage\"},\"thumbnailUrl\":\"https:\/\/rotary.fi\/raahe\/wp-content\/uploads\/sites\/207\/2021\/10\/u-jr4ncj-300x200.jpg\",\"datePublished\":\"2021-10-04T10:21:17+00:00\",\"breadcrumb\":{\"@id\":\"https:\/\/rotary.fi\/raahe\/rokotusapuprojekti\/#breadcrumb\"},\"inLanguage\":\"fi\",\"potentialAction\":[{\"@type\":\"ReadAction\",\"target\":[\"https:\/\/rotary.fi\/raahe\/rokotusapuprojekti\/\"]}]},{\"@type\":\"ImageObject\",\"inLanguage\":\"fi\",\"@id\":\"https:\/\/rotary.fi\/raahe\/rokotusapuprojekti\/#primaryimage\",\"url\":\"https:\/\/rotary.fi\/raahe\/wp-content\/uploads\/sites\/207\/2021\/10\/u-jr4ncj.jpg\",\"contentUrl\":\"https:\/\/rotary.fi\/raahe\/wp-content\/uploads\/sites\/207\/2021\/10\/u-jr4ncj.jpg\",\"width\":600,\"height\":399},{\"@type\":\"BreadcrumbList\",\"@id\":\"https:\/\/rotary.fi\/raahe\/rokotusapuprojekti\/#breadcrumb\",\"itemListElement\":[{\"@type\":\"ListItem\",\"position\":1,\"name\":\"Home\",\"item\":\"https:\/\/rotary.fi\/raahe\/\"},{\"@type\":\"ListItem\",\"position\":2,\"name\":\"Rokotusapuprojekti\"}]},{\"@type\":\"WebSite\",\"@id\":\"https:\/\/rotary.fi\/raahe\/#website\",\"url\":\"https:\/\/rotary.fi\/raahe\/\",\"name\":\"Raahen Rotaryklubi ry\",\"description\":\"Uusi Rotary klubisivusto\",\"potentialAction\":[{\"@type\":\"SearchAction\",\"target\":{\"@type\":\"EntryPoint\",\"urlTemplate\":\"https:\/\/rotary.fi\/raahe\/?s={search_term_string}\"},\"query-input\":{\"@type\":\"PropertyValueSpecification\",\"valueRequired\":true,\"valueName\":\"search_term_string\"}}],\"inLanguage\":\"fi\"}]}<\/script>\n<!-- \/ Yoast SEO plugin. -->","yoast_head_json":{"title":"Rokotusapuprojekti - Raahen Rotaryklubi ry","robots":{"index":"index","follow":"follow","max-snippet":"max-snippet:-1","max-image-preview":"max-image-preview:large","max-video-preview":"max-video-preview:-1"},"canonical":"https:\/\/rotary.fi\/raahe\/rokotusapuprojekti\/","og_locale":"fi_FI","og_type":"article","og_title":"Rokotusapuprojekti - Raahen Rotaryklubi ry","og_description":"El\u00e4kkeell\u00e4 olevat l\u00e4\u00e4k\u00e4rit Virpi ja Matti Honkala ovat antaneet Raahen seudulla koronarokotteita. T\u00e4m\u00e4n Rotaryn vapaaehtoisty\u00f6n he aloittivat tammikuussa 2021. Honkalat tekiv\u00e4t 5\u20137 tunnin pituisia p\u00e4ivi\u00e4 pari kolme kertaa viikossa. Hein\u00e4kuuhun menness\u00e4 he olivat antaneet jo yli 11\u00a0000 rokotetta. T\u00e4ss\u00e4 raahelaisten rotaryklubien rokotusapuprojektissa oli mukana my\u00f6s toistakymment\u00e4 muuta rotaria ja heid\u00e4n puolisoaan. He toimivat rokotukseen tulevien [&hellip;]","og_url":"https:\/\/rotary.fi\/raahe\/rokotusapuprojekti\/","og_site_name":"Raahen Rotaryklubi ry","og_image":[{"url":"https:\/\/rotary.fi\/raahe\/wp-content\/uploads\/sites\/207\/2021\/10\/u-jr4ncj-300x200.jpg","type":"","width":"","height":""}],"twitter_card":"summary_large_image","schema":{"@context":"https:\/\/schema.org","@graph":[{"@type":"WebPage","@id":"https:\/\/rotary.fi\/raahe\/rokotusapuprojekti\/","url":"https:\/\/rotary.fi\/raahe\/rokotusapuprojekti\/","name":"Rokotusapuprojekti - Raahen Rotaryklubi ry","isPartOf":{"@id":"https:\/\/rotary.fi\/raahe\/#website"},"primaryImageOfPage":{"@id":"https:\/\/rotary.fi\/raahe\/rokotusapuprojekti\/#primaryimage"},"image":{"@id":"https:\/\/rotary.fi\/raahe\/rokotusapuprojekti\/#primaryimage"},"thumbnailUrl":"https:\/\/rotary.fi\/raahe\/wp-content\/uploads\/sites\/207\/2021\/10\/u-jr4ncj-300x200.jpg","datePublished":"2021-10-04T10:21:17+00:00","breadcrumb":{"@id":"https:\/\/rotary.fi\/raahe\/rokotusapuprojekti\/#breadcrumb"},"inLanguage":"fi","potentialAction":[{"@type":"ReadAction","target":["https:\/\/rotary.fi\/raahe\/rokotusapuprojekti\/"]}]},{"@type":"ImageObject","inLanguage":"fi","@id":"https:\/\/rotary.fi\/raahe\/rokotusapuprojekti\/#primaryimage","url":"https:\/\/rotary.fi\/raahe\/wp-content\/uploads\/sites\/207\/2021\/10\/u-jr4ncj.jpg","contentUrl":"https:\/\/rotary.fi\/raahe\/wp-content\/uploads\/sites\/207\/2021\/10\/u-jr4ncj.jpg","width":600,"height":399},{"@type":"BreadcrumbList","@id":"https:\/\/rotary.fi\/raahe\/rokotusapuprojekti\/#breadcrumb","itemListElement":[{"@type":"ListItem","position":1,"name":"Home","item":"https:\/\/rotary.fi\/raahe\/"},{"@type":"ListItem","position":2,"name":"Rokotusapuprojekti"}]},{"@type":"WebSite","@id":"https:\/\/rotary.fi\/raahe\/#website","url":"https:\/\/rotary.fi\/raahe\/","name":"Raahen Rotaryklubi ry","description":"Uusi Rotary klubisivusto","potentialAction":[{"@type":"SearchAction","target":{"@type":"EntryPoint","urlTemplate":"https:\/\/rotary.fi\/raahe\/?s={search_term_string}"},"query-input":{"@type":"PropertyValueSpecification","valueRequired":true,"valueName":"search_term_string"}}],"inLanguage":"fi"}]}},"lang":"fi","translations":{"fi":2420},"pll_sync_post":[],"_links":{"self":[{"href":"https:\/\/rotary.fi\/raahe\/wp-json\/wp\/v2\/pages\/2420","targetHints":{"allow":["GET"]}}],"collection":[{"href":"https:\/\/rotary.fi\/raahe\/wp-json\/wp\/v2\/pages"}],"about":[{"href":"https:\/\/rotary.fi\/raahe\/wp-json\/wp\/v2\/types\/page"}],"author":[{"embeddable":true,"href":"https:\/\/rotary.fi\/raahe\/wp-json\/wp\/v2\/users\/450"}],"replies":[{"embeddable":true,"href":"https:\/\/rotary.fi\/raahe\/wp-json\/wp\/v2\/comments?post=2420"}],"version-history":[{"count":1,"href":"https:\/\/rotary.fi\/raahe\/wp-json\/wp\/v2\/pages\/2420\/revisions"}],"predecessor-version":[{"id":2425,"href":"https:\/\/rotary.fi\/raahe\/wp-json\/wp\/v2\/pages\/2420\/revisions\/2425"}],"wp:attachment":[{"href":"https:\/\/rotary.fi\/raahe\/wp-json\/wp\/v2\/media?parent=2420"}],"curies":[{"name":"wp","href":"https:\/\/api.w.org\/{rel}","templated":true}]}}