{"id":2256,"date":"2021-04-12T15:26:13","date_gmt":"2021-04-12T12:26:13","guid":{"rendered":"https:\/\/rotary.fi\/raahe\/?page_id=2256"},"modified":"2021-04-12T15:26:13","modified_gmt":"2021-04-12T12:26:13","slug":"joulupuut","status":"publish","type":"page","link":"https:\/\/rotary.fi\/raahe\/joulupuut\/","title":{"rendered":"Joulupuut"},"content":{"rendered":"<h3>Mervi Wuolteenaho-Soralahden joulupuut<\/h3>\n<p><strong>Mervi Wuolteenaho-Soralahden<\/strong> joulupuiden valmistus alkoi ty\u00f6kaverin pyynn\u00f6st\u00e4 suunnitella ja valmistaa jouluinen asetelma suvun isoon joulun pitop\u00f6yt\u00e4\u00e4n. Siit\u00e4 idea jalostui tehd\u00e4 joulupuu joka jouluiseen arvontaan ty\u00f6yhteis\u00f6ss\u00e4. Tavoitteena oli, ett\u00e4 ennen Mervin el\u00e4k\u00f6itymist\u00e4 kaikki ty\u00f6kaverit saavat voittaa oman puunsa. Mervi ehtikin toteuttaa tavoitteensa. Joulupuita on jo syntynyt l\u00e4hemm\u00e4s 50 eri mallista.<\/p>\n<p>Ensi joulun joulupuun suunnittelu on jo alkanut ja joulun idea on kypsym\u00e4ss\u00e4. Materiaali ker\u00e4t\u00e4\u00e4n kes\u00e4ll\u00e4. Ennen joulua yksi puu vied\u00e4\u00e4n entiselle ty\u00f6paikalle arvottavaksi ja yksi puu menee hyv\u00e4ntekev\u00e4isyyteen.<\/p>\n<p><img loading=\"lazy\" decoding=\"async\" class=\"alignnone size-medium wp-image-2257\" src=\"https:\/\/rotary.fi\/raahe\/wp-content\/uploads\/sites\/207\/2021\/04\/img-20210410-wa0000-169x300.jpg\" alt=\"\" width=\"169\" height=\"300\" \/> <img loading=\"lazy\" decoding=\"async\" class=\"alignnone size-medium wp-image-2258\" src=\"https:\/\/rotary.fi\/raahe\/wp-content\/uploads\/sites\/207\/2021\/04\/img-20210410-wa0001-225x300.jpg\" alt=\"\" width=\"225\" height=\"300\" \/> <img loading=\"lazy\" decoding=\"async\" class=\"alignnone size-medium wp-image-2259\" src=\"https:\/\/rotary.fi\/raahe\/wp-content\/uploads\/sites\/207\/2021\/04\/img-20210410-wa0002-142x300.jpg\" alt=\"\" width=\"142\" height=\"300\" \/> <img loading=\"lazy\" decoding=\"async\" class=\"alignnone size-medium wp-image-2260\" src=\"https:\/\/rotary.fi\/raahe\/wp-content\/uploads\/sites\/207\/2021\/04\/img-20210410-wa0003-225x300.jpg\" alt=\"\" width=\"225\" height=\"300\" \/> <img loading=\"lazy\" decoding=\"async\" class=\"alignnone size-medium wp-image-2261\" src=\"https:\/\/rotary.fi\/raahe\/wp-content\/uploads\/sites\/207\/2021\/04\/img-20210410-wa0004-225x300.jpg\" alt=\"\" width=\"225\" height=\"300\" \/> <img loading=\"lazy\" decoding=\"async\" class=\"alignnone size-medium wp-image-2262\" src=\"https:\/\/rotary.fi\/raahe\/wp-content\/uploads\/sites\/207\/2021\/04\/img-20210410-wa0005-225x300.jpg\" alt=\"\" width=\"225\" height=\"300\" \/> <img loading=\"lazy\" decoding=\"async\" class=\"alignnone size-medium wp-image-2263\" src=\"https:\/\/rotary.fi\/raahe\/wp-content\/uploads\/sites\/207\/2021\/04\/img-20210410-wa0006-225x300.jpg\" alt=\"\" width=\"225\" height=\"300\" \/><\/p>\n<p>&nbsp;<\/p>\n<p>&nbsp;<\/p>\n","protected":false},"excerpt":{"rendered":"<p>Mervi Wuolteenaho-Soralahden joulupuut Mervi Wuolteenaho-Soralahden joulupuiden valmistus alkoi ty\u00f6kaverin pyynn\u00f6st\u00e4 suunnitella ja valmistaa jouluinen asetelma suvun isoon joulun pitop\u00f6yt\u00e4\u00e4n. Siit\u00e4 idea jalostui tehd\u00e4 joulupuu joka jouluiseen arvontaan ty\u00f6yhteis\u00f6ss\u00e4. Tavoitteena oli, ett\u00e4 ennen Mervin el\u00e4k\u00f6itymist\u00e4 kaikki ty\u00f6kaverit saavat voittaa oman puunsa. Mervi ehtikin toteuttaa tavoitteensa. Joulupuita on jo syntynyt l\u00e4hemm\u00e4s 50 eri mallista. Ensi joulun joulupuun [&hellip;]<\/p>\n","protected":false},"author":450,"featured_media":0,"parent":0,"menu_order":0,"comment_status":"closed","ping_status":"closed","template":"","meta":{"_acf_changed":false,"_et_pb_use_builder":"","_et_pb_old_content":"","_et_gb_content_width":"","footnotes":""},"class_list":["post-2256","page","type-page","status-publish","hentry"],"acf":[],"yoast_head":"<!-- This site is optimized with the Yoast SEO plugin v27.0 - https:\/\/yoast.com\/product\/yoast-seo-wordpress\/ -->\n<title>Joulupuut - Raahen Rotaryklubi ry<\/title>\n<meta name=\"robots\" content=\"index, follow, max-snippet:-1, max-image-preview:large, max-video-preview:-1\" \/>\n<link rel=\"canonical\" href=\"https:\/\/rotary.fi\/raahe\/joulupuut\/\" \/>\n<meta property=\"og:locale\" content=\"fi_FI\" \/>\n<meta property=\"og:type\" content=\"article\" \/>\n<meta property=\"og:title\" content=\"Joulupuut - Raahen Rotaryklubi ry\" \/>\n<meta property=\"og:description\" content=\"Mervi Wuolteenaho-Soralahden joulupuut Mervi Wuolteenaho-Soralahden joulupuiden valmistus alkoi ty\u00f6kaverin pyynn\u00f6st\u00e4 suunnitella ja valmistaa jouluinen asetelma suvun isoon joulun pitop\u00f6yt\u00e4\u00e4n. Siit\u00e4 idea jalostui tehd\u00e4 joulupuu joka jouluiseen arvontaan ty\u00f6yhteis\u00f6ss\u00e4. Tavoitteena oli, ett\u00e4 ennen Mervin el\u00e4k\u00f6itymist\u00e4 kaikki ty\u00f6kaverit saavat voittaa oman puunsa. Mervi ehtikin toteuttaa tavoitteensa. Joulupuita on jo syntynyt l\u00e4hemm\u00e4s 50 eri mallista. Ensi joulun joulupuun [&hellip;]\" \/>\n<meta property=\"og:url\" content=\"https:\/\/rotary.fi\/raahe\/joulupuut\/\" \/>\n<meta property=\"og:site_name\" content=\"Raahen Rotaryklubi ry\" \/>\n<meta property=\"og:image\" content=\"https:\/\/rotary.fi\/raahe\/wp-content\/uploads\/sites\/207\/2021\/04\/img-20210410-wa0000-169x300.jpg\" \/>\n<meta name=\"twitter:card\" content=\"summary_large_image\" \/>\n<meta name=\"twitter:label1\" content=\"Arvioitu lukuaika\" \/>\n\t<meta name=\"twitter:data1\" content=\"2 minuuttia\" \/>\n<script type=\"application\/ld+json\" class=\"yoast-schema-graph\">{\"@context\":\"https:\/\/schema.org\",\"@graph\":[{\"@type\":\"WebPage\",\"@id\":\"https:\/\/rotary.fi\/raahe\/joulupuut\/\",\"url\":\"https:\/\/rotary.fi\/raahe\/joulupuut\/\",\"name\":\"Joulupuut - Raahen Rotaryklubi ry\",\"isPartOf\":{\"@id\":\"https:\/\/rotary.fi\/raahe\/#website\"},\"primaryImageOfPage\":{\"@id\":\"https:\/\/rotary.fi\/raahe\/joulupuut\/#primaryimage\"},\"image\":{\"@id\":\"https:\/\/rotary.fi\/raahe\/joulupuut\/#primaryimage\"},\"thumbnailUrl\":\"https:\/\/rotary.fi\/raahe\/wp-content\/uploads\/sites\/207\/2021\/04\/img-20210410-wa0000-169x300.jpg\",\"datePublished\":\"2021-04-12T12:26:13+00:00\",\"breadcrumb\":{\"@id\":\"https:\/\/rotary.fi\/raahe\/joulupuut\/#breadcrumb\"},\"inLanguage\":\"fi\",\"potentialAction\":[{\"@type\":\"ReadAction\",\"target\":[\"https:\/\/rotary.fi\/raahe\/joulupuut\/\"]}]},{\"@type\":\"ImageObject\",\"inLanguage\":\"fi\",\"@id\":\"https:\/\/rotary.fi\/raahe\/joulupuut\/#primaryimage\",\"url\":\"https:\/\/rotary.fi\/raahe\/wp-content\/uploads\/sites\/207\/2021\/04\/img-20210410-wa0000.jpg\",\"contentUrl\":\"https:\/\/rotary.fi\/raahe\/wp-content\/uploads\/sites\/207\/2021\/04\/img-20210410-wa0000.jpg\",\"width\":899,\"height\":1599},{\"@type\":\"BreadcrumbList\",\"@id\":\"https:\/\/rotary.fi\/raahe\/joulupuut\/#breadcrumb\",\"itemListElement\":[{\"@type\":\"ListItem\",\"position\":1,\"name\":\"Home\",\"item\":\"https:\/\/rotary.fi\/raahe\/\"},{\"@type\":\"ListItem\",\"position\":2,\"name\":\"Joulupuut\"}]},{\"@type\":\"WebSite\",\"@id\":\"https:\/\/rotary.fi\/raahe\/#website\",\"url\":\"https:\/\/rotary.fi\/raahe\/\",\"name\":\"Raahen Rotaryklubi ry\",\"description\":\"Uusi Rotary klubisivusto\",\"potentialAction\":[{\"@type\":\"SearchAction\",\"target\":{\"@type\":\"EntryPoint\",\"urlTemplate\":\"https:\/\/rotary.fi\/raahe\/?s={search_term_string}\"},\"query-input\":{\"@type\":\"PropertyValueSpecification\",\"valueRequired\":true,\"valueName\":\"search_term_string\"}}],\"inLanguage\":\"fi\"}]}<\/script>\n<!-- \/ Yoast SEO plugin. -->","yoast_head_json":{"title":"Joulupuut - Raahen Rotaryklubi ry","robots":{"index":"index","follow":"follow","max-snippet":"max-snippet:-1","max-image-preview":"max-image-preview:large","max-video-preview":"max-video-preview:-1"},"canonical":"https:\/\/rotary.fi\/raahe\/joulupuut\/","og_locale":"fi_FI","og_type":"article","og_title":"Joulupuut - Raahen Rotaryklubi ry","og_description":"Mervi Wuolteenaho-Soralahden joulupuut Mervi Wuolteenaho-Soralahden joulupuiden valmistus alkoi ty\u00f6kaverin pyynn\u00f6st\u00e4 suunnitella ja valmistaa jouluinen asetelma suvun isoon joulun pitop\u00f6yt\u00e4\u00e4n. Siit\u00e4 idea jalostui tehd\u00e4 joulupuu joka jouluiseen arvontaan ty\u00f6yhteis\u00f6ss\u00e4. Tavoitteena oli, ett\u00e4 ennen Mervin el\u00e4k\u00f6itymist\u00e4 kaikki ty\u00f6kaverit saavat voittaa oman puunsa. Mervi ehtikin toteuttaa tavoitteensa. Joulupuita on jo syntynyt l\u00e4hemm\u00e4s 50 eri mallista. Ensi joulun joulupuun [&hellip;]","og_url":"https:\/\/rotary.fi\/raahe\/joulupuut\/","og_site_name":"Raahen Rotaryklubi ry","og_image":[{"url":"https:\/\/rotary.fi\/raahe\/wp-content\/uploads\/sites\/207\/2021\/04\/img-20210410-wa0000-169x300.jpg","type":"","width":"","height":""}],"twitter_card":"summary_large_image","twitter_misc":{"Arvioitu lukuaika":"2 minuuttia"},"schema":{"@context":"https:\/\/schema.org","@graph":[{"@type":"WebPage","@id":"https:\/\/rotary.fi\/raahe\/joulupuut\/","url":"https:\/\/rotary.fi\/raahe\/joulupuut\/","name":"Joulupuut - Raahen Rotaryklubi ry","isPartOf":{"@id":"https:\/\/rotary.fi\/raahe\/#website"},"primaryImageOfPage":{"@id":"https:\/\/rotary.fi\/raahe\/joulupuut\/#primaryimage"},"image":{"@id":"https:\/\/rotary.fi\/raahe\/joulupuut\/#primaryimage"},"thumbnailUrl":"https:\/\/rotary.fi\/raahe\/wp-content\/uploads\/sites\/207\/2021\/04\/img-20210410-wa0000-169x300.jpg","datePublished":"2021-04-12T12:26:13+00:00","breadcrumb":{"@id":"https:\/\/rotary.fi\/raahe\/joulupuut\/#breadcrumb"},"inLanguage":"fi","potentialAction":[{"@type":"ReadAction","target":["https:\/\/rotary.fi\/raahe\/joulupuut\/"]}]},{"@type":"ImageObject","inLanguage":"fi","@id":"https:\/\/rotary.fi\/raahe\/joulupuut\/#primaryimage","url":"https:\/\/rotary.fi\/raahe\/wp-content\/uploads\/sites\/207\/2021\/04\/img-20210410-wa0000.jpg","contentUrl":"https:\/\/rotary.fi\/raahe\/wp-content\/uploads\/sites\/207\/2021\/04\/img-20210410-wa0000.jpg","width":899,"height":1599},{"@type":"BreadcrumbList","@id":"https:\/\/rotary.fi\/raahe\/joulupuut\/#breadcrumb","itemListElement":[{"@type":"ListItem","position":1,"name":"Home","item":"https:\/\/rotary.fi\/raahe\/"},{"@type":"ListItem","position":2,"name":"Joulupuut"}]},{"@type":"WebSite","@id":"https:\/\/rotary.fi\/raahe\/#website","url":"https:\/\/rotary.fi\/raahe\/","name":"Raahen Rotaryklubi ry","description":"Uusi Rotary klubisivusto","potentialAction":[{"@type":"SearchAction","target":{"@type":"EntryPoint","urlTemplate":"https:\/\/rotary.fi\/raahe\/?s={search_term_string}"},"query-input":{"@type":"PropertyValueSpecification","valueRequired":true,"valueName":"search_term_string"}}],"inLanguage":"fi"}]}},"lang":"fi","translations":{"fi":2256},"pll_sync_post":[],"_links":{"self":[{"href":"https:\/\/rotary.fi\/raahe\/wp-json\/wp\/v2\/pages\/2256","targetHints":{"allow":["GET"]}}],"collection":[{"href":"https:\/\/rotary.fi\/raahe\/wp-json\/wp\/v2\/pages"}],"about":[{"href":"https:\/\/rotary.fi\/raahe\/wp-json\/wp\/v2\/types\/page"}],"author":[{"embeddable":true,"href":"https:\/\/rotary.fi\/raahe\/wp-json\/wp\/v2\/users\/450"}],"replies":[{"embeddable":true,"href":"https:\/\/rotary.fi\/raahe\/wp-json\/wp\/v2\/comments?post=2256"}],"version-history":[{"count":2,"href":"https:\/\/rotary.fi\/raahe\/wp-json\/wp\/v2\/pages\/2256\/revisions"}],"predecessor-version":[{"id":2265,"href":"https:\/\/rotary.fi\/raahe\/wp-json\/wp\/v2\/pages\/2256\/revisions\/2265"}],"wp:attachment":[{"href":"https:\/\/rotary.fi\/raahe\/wp-json\/wp\/v2\/media?parent=2256"}],"curies":[{"name":"wp","href":"https:\/\/api.w.org\/{rel}","templated":true}]}}