{"id":2218,"date":"2021-03-20T17:29:27","date_gmt":"2021-03-20T15:29:27","guid":{"rendered":"https:\/\/rotary.fi\/raahe\/?page_id=2218"},"modified":"2021-03-20T17:40:34","modified_gmt":"2021-03-20T15:40:34","slug":"riksapyora","status":"publish","type":"page","link":"https:\/\/rotary.fi\/raahe\/riksapyora\/","title":{"rendered":"Riksapy\u00f6r\u00e4"},"content":{"rendered":"<p>[et_pb_section fb_built=&#8221;1&#8243; admin_label=&#8221;section&#8221; _builder_version=&#8221;3.22&#8243;][et_pb_row admin_label=&#8221;row&#8221; _builder_version=&#8221;3.25&#8243; background_size=&#8221;initial&#8221; background_position=&#8221;top_left&#8221; background_repeat=&#8221;repeat&#8221;][et_pb_column type=&#8221;4_4&#8243; _builder_version=&#8221;3.25&#8243; custom_padding=&#8221;|||&#8221; custom_padding__hover=&#8221;|||&#8221;][et_pb_text admin_label=&#8221;Text&#8221; _builder_version=&#8221;4.4.8&#8243; background_size=&#8221;initial&#8221; background_position=&#8221;top_left&#8221; background_repeat=&#8221;repeat&#8221; hover_enabled=&#8221;0&#8243;]<\/p>\n<h3 style=\"text-align: center\">Riksapy\u00f6r\u00e4<\/h3>\n<p><strong>Yhteisty\u00f6ss\u00e4 Raahen vanhusneuvoston ja Pietari Brahen Rotaryklubin kanssa\u00a0 osallistuimme riksapy\u00f6r\u00e4n hankintaan Raahen vanhuksille.\u00a0<\/strong><\/p>\n<p><img loading=\"lazy\" decoding=\"async\" class=\"alignnone size-medium wp-image-1909 aligncenter\" src=\"https:\/\/rotary.fi\/raahe\/wp-content\/uploads\/sites\/207\/2020\/12\/riksa_1693-300x216.jpg\" alt=\"\" width=\"300\" height=\"216\" \/><\/p>\n<p>[\/et_pb_text][\/et_pb_column][\/et_pb_row][\/et_pb_section]<\/p>\n","protected":false},"excerpt":{"rendered":"<p>Riksapy\u00f6r\u00e4 Yhteisty\u00f6ss\u00e4 Raahen vanhusneuvoston ja Pietari Brahen Rotaryklubin kanssa\u00a0 osallistuimme riksapy\u00f6r\u00e4n hankintaan Raahen vanhuksille.\u00a0<\/p>\n","protected":false},"author":450,"featured_media":0,"parent":0,"menu_order":0,"comment_status":"closed","ping_status":"closed","template":"","meta":{"_acf_changed":false,"_et_pb_use_builder":"on","_et_pb_old_content":"&nbsp;\r\n\r\n<strong>Yhteisty\u00f6ss\u00e4 Raahen vanhusneuvoston ja Pietari Brahen Rotaryklubin kanssa\u00a0 osallistuimme riksapy\u00f6r\u00e4n hankintaan Raahen vanhuksille.\u00a0<\/strong>\r\n\r\n<img class=\"alignnone size-medium wp-image-1909 aligncenter\" src=\"https:\/\/rotary.fi\/raahe\/wp-content\/uploads\/sites\/207\/2020\/12\/riksa_1693-300x216.jpg\" alt=\"\" width=\"300\" height=\"216\" \/>","_et_gb_content_width":"","footnotes":""},"class_list":["post-2218","page","type-page","status-publish","hentry"],"acf":[],"yoast_head":"<!-- This site is optimized with the Yoast SEO plugin v27.0 - https:\/\/yoast.com\/product\/yoast-seo-wordpress\/ -->\n<title>Riksapy\u00f6r\u00e4 - Raahen Rotaryklubi ry<\/title>\n<meta name=\"robots\" content=\"index, follow, max-snippet:-1, max-image-preview:large, max-video-preview:-1\" \/>\n<link rel=\"canonical\" href=\"https:\/\/rotary.fi\/raahe\/riksapyora\/\" \/>\n<meta property=\"og:locale\" content=\"fi_FI\" \/>\n<meta property=\"og:type\" content=\"article\" \/>\n<meta property=\"og:title\" content=\"Riksapy\u00f6r\u00e4 - Raahen Rotaryklubi ry\" \/>\n<meta property=\"og:description\" content=\"Riksapy\u00f6r\u00e4 Yhteisty\u00f6ss\u00e4 Raahen vanhusneuvoston ja Pietari Brahen Rotaryklubin kanssa\u00a0 osallistuimme riksapy\u00f6r\u00e4n hankintaan Raahen vanhuksille.\u00a0\" \/>\n<meta property=\"og:url\" content=\"https:\/\/rotary.fi\/raahe\/riksapyora\/\" \/>\n<meta property=\"og:site_name\" content=\"Raahen Rotaryklubi ry\" \/>\n<meta property=\"article:modified_time\" content=\"2021-03-20T15:40:34+00:00\" \/>\n<meta property=\"og:image\" content=\"https:\/\/rotary.fi\/raahe\/wp-content\/uploads\/sites\/207\/2020\/12\/riksa_1693-300x216.jpg\" \/>\n<meta name=\"twitter:card\" content=\"summary_large_image\" \/>\n<script type=\"application\/ld+json\" class=\"yoast-schema-graph\">{\"@context\":\"https:\/\/schema.org\",\"@graph\":[{\"@type\":\"WebPage\",\"@id\":\"https:\/\/rotary.fi\/raahe\/riksapyora\/\",\"url\":\"https:\/\/rotary.fi\/raahe\/riksapyora\/\",\"name\":\"Riksapy\u00f6r\u00e4 - Raahen Rotaryklubi ry\",\"isPartOf\":{\"@id\":\"https:\/\/rotary.fi\/raahe\/#website\"},\"primaryImageOfPage\":{\"@id\":\"https:\/\/rotary.fi\/raahe\/riksapyora\/#primaryimage\"},\"image\":{\"@id\":\"https:\/\/rotary.fi\/raahe\/riksapyora\/#primaryimage\"},\"thumbnailUrl\":\"https:\/\/rotary.fi\/raahe\/wp-content\/uploads\/sites\/207\/2020\/12\/riksa_1693-300x216.jpg\",\"datePublished\":\"2021-03-20T15:29:27+00:00\",\"dateModified\":\"2021-03-20T15:40:34+00:00\",\"breadcrumb\":{\"@id\":\"https:\/\/rotary.fi\/raahe\/riksapyora\/#breadcrumb\"},\"inLanguage\":\"fi\",\"potentialAction\":[{\"@type\":\"ReadAction\",\"target\":[\"https:\/\/rotary.fi\/raahe\/riksapyora\/\"]}]},{\"@type\":\"ImageObject\",\"inLanguage\":\"fi\",\"@id\":\"https:\/\/rotary.fi\/raahe\/riksapyora\/#primaryimage\",\"url\":\"https:\/\/rotary.fi\/raahe\/wp-content\/uploads\/sites\/207\/2020\/12\/riksa_1693.jpg\",\"contentUrl\":\"https:\/\/rotary.fi\/raahe\/wp-content\/uploads\/sites\/207\/2020\/12\/riksa_1693.jpg\",\"width\":2010,\"height\":1444},{\"@type\":\"BreadcrumbList\",\"@id\":\"https:\/\/rotary.fi\/raahe\/riksapyora\/#breadcrumb\",\"itemListElement\":[{\"@type\":\"ListItem\",\"position\":1,\"name\":\"Home\",\"item\":\"https:\/\/rotary.fi\/raahe\/\"},{\"@type\":\"ListItem\",\"position\":2,\"name\":\"Riksapy\u00f6r\u00e4\"}]},{\"@type\":\"WebSite\",\"@id\":\"https:\/\/rotary.fi\/raahe\/#website\",\"url\":\"https:\/\/rotary.fi\/raahe\/\",\"name\":\"Raahen Rotaryklubi ry\",\"description\":\"Uusi Rotary klubisivusto\",\"potentialAction\":[{\"@type\":\"SearchAction\",\"target\":{\"@type\":\"EntryPoint\",\"urlTemplate\":\"https:\/\/rotary.fi\/raahe\/?s={search_term_string}\"},\"query-input\":{\"@type\":\"PropertyValueSpecification\",\"valueRequired\":true,\"valueName\":\"search_term_string\"}}],\"inLanguage\":\"fi\"}]}<\/script>\n<!-- \/ Yoast SEO plugin. -->","yoast_head_json":{"title":"Riksapy\u00f6r\u00e4 - Raahen Rotaryklubi ry","robots":{"index":"index","follow":"follow","max-snippet":"max-snippet:-1","max-image-preview":"max-image-preview:large","max-video-preview":"max-video-preview:-1"},"canonical":"https:\/\/rotary.fi\/raahe\/riksapyora\/","og_locale":"fi_FI","og_type":"article","og_title":"Riksapy\u00f6r\u00e4 - Raahen Rotaryklubi ry","og_description":"Riksapy\u00f6r\u00e4 Yhteisty\u00f6ss\u00e4 Raahen vanhusneuvoston ja Pietari Brahen Rotaryklubin kanssa\u00a0 osallistuimme riksapy\u00f6r\u00e4n hankintaan Raahen vanhuksille.\u00a0","og_url":"https:\/\/rotary.fi\/raahe\/riksapyora\/","og_site_name":"Raahen Rotaryklubi ry","article_modified_time":"2021-03-20T15:40:34+00:00","og_image":[{"url":"https:\/\/rotary.fi\/raahe\/wp-content\/uploads\/sites\/207\/2020\/12\/riksa_1693-300x216.jpg","type":"","width":"","height":""}],"twitter_card":"summary_large_image","schema":{"@context":"https:\/\/schema.org","@graph":[{"@type":"WebPage","@id":"https:\/\/rotary.fi\/raahe\/riksapyora\/","url":"https:\/\/rotary.fi\/raahe\/riksapyora\/","name":"Riksapy\u00f6r\u00e4 - Raahen Rotaryklubi ry","isPartOf":{"@id":"https:\/\/rotary.fi\/raahe\/#website"},"primaryImageOfPage":{"@id":"https:\/\/rotary.fi\/raahe\/riksapyora\/#primaryimage"},"image":{"@id":"https:\/\/rotary.fi\/raahe\/riksapyora\/#primaryimage"},"thumbnailUrl":"https:\/\/rotary.fi\/raahe\/wp-content\/uploads\/sites\/207\/2020\/12\/riksa_1693-300x216.jpg","datePublished":"2021-03-20T15:29:27+00:00","dateModified":"2021-03-20T15:40:34+00:00","breadcrumb":{"@id":"https:\/\/rotary.fi\/raahe\/riksapyora\/#breadcrumb"},"inLanguage":"fi","potentialAction":[{"@type":"ReadAction","target":["https:\/\/rotary.fi\/raahe\/riksapyora\/"]}]},{"@type":"ImageObject","inLanguage":"fi","@id":"https:\/\/rotary.fi\/raahe\/riksapyora\/#primaryimage","url":"https:\/\/rotary.fi\/raahe\/wp-content\/uploads\/sites\/207\/2020\/12\/riksa_1693.jpg","contentUrl":"https:\/\/rotary.fi\/raahe\/wp-content\/uploads\/sites\/207\/2020\/12\/riksa_1693.jpg","width":2010,"height":1444},{"@type":"BreadcrumbList","@id":"https:\/\/rotary.fi\/raahe\/riksapyora\/#breadcrumb","itemListElement":[{"@type":"ListItem","position":1,"name":"Home","item":"https:\/\/rotary.fi\/raahe\/"},{"@type":"ListItem","position":2,"name":"Riksapy\u00f6r\u00e4"}]},{"@type":"WebSite","@id":"https:\/\/rotary.fi\/raahe\/#website","url":"https:\/\/rotary.fi\/raahe\/","name":"Raahen Rotaryklubi ry","description":"Uusi Rotary klubisivusto","potentialAction":[{"@type":"SearchAction","target":{"@type":"EntryPoint","urlTemplate":"https:\/\/rotary.fi\/raahe\/?s={search_term_string}"},"query-input":{"@type":"PropertyValueSpecification","valueRequired":true,"valueName":"search_term_string"}}],"inLanguage":"fi"}]}},"lang":"fi","translations":{"fi":2218},"pll_sync_post":[],"_links":{"self":[{"href":"https:\/\/rotary.fi\/raahe\/wp-json\/wp\/v2\/pages\/2218","targetHints":{"allow":["GET"]}}],"collection":[{"href":"https:\/\/rotary.fi\/raahe\/wp-json\/wp\/v2\/pages"}],"about":[{"href":"https:\/\/rotary.fi\/raahe\/wp-json\/wp\/v2\/types\/page"}],"author":[{"embeddable":true,"href":"https:\/\/rotary.fi\/raahe\/wp-json\/wp\/v2\/users\/450"}],"replies":[{"embeddable":true,"href":"https:\/\/rotary.fi\/raahe\/wp-json\/wp\/v2\/comments?post=2218"}],"version-history":[{"count":3,"href":"https:\/\/rotary.fi\/raahe\/wp-json\/wp\/v2\/pages\/2218\/revisions"}],"predecessor-version":[{"id":2224,"href":"https:\/\/rotary.fi\/raahe\/wp-json\/wp\/v2\/pages\/2218\/revisions\/2224"}],"wp:attachment":[{"href":"https:\/\/rotary.fi\/raahe\/wp-json\/wp\/v2\/media?parent=2218"}],"curies":[{"name":"wp","href":"https:\/\/api.w.org\/{rel}","templated":true}]}}