{"id":2212,"date":"2021-03-20T17:22:45","date_gmt":"2021-03-20T15:22:45","guid":{"rendered":"https:\/\/rotary.fi\/raahe\/?page_id=2212"},"modified":"2021-10-04T13:45:58","modified_gmt":"2021-10-04T10:45:58","slug":"raahen-seminaarin-arboretum","status":"publish","type":"page","link":"https:\/\/rotary.fi\/raahe\/raahen-seminaarin-arboretum\/","title":{"rendered":"Arboretum"},"content":{"rendered":"<p>[et_pb_section fb_built=&#8221;1&#8243; admin_label=&#8221;section&#8221; _builder_version=&#8221;4.9.10&#8243;][et_pb_row admin_label=&#8221;row&#8221; _builder_version=&#8221;4.9.10&#8243; background_size=&#8221;initial&#8221; background_position=&#8221;top_left&#8221; background_repeat=&#8221;repeat&#8221;][et_pb_column type=&#8221;4_4&#8243; _builder_version=&#8221;3.25&#8243; custom_padding=&#8221;|||&#8221; custom_padding__hover=&#8221;|||&#8221;][et_pb_text admin_label=&#8221;Text&#8221; _builder_version=&#8221;4.9.10&#8243; background_size=&#8221;initial&#8221; background_position=&#8221;top_left&#8221; background_repeat=&#8221;repeat&#8221;]<\/p>\n<h3 style=\"text-align: center\"><strong>Arboretum<\/strong><\/h3>\n<p style=\"text-align: center\"><strong>Raahelaiset Rotaryklubit ovat olleet tukemassa kolmen vuoden ajan Raahen seminaarin arboretumin ennallistamista\u00a0 hankkimalla ja istuttamalla\u00a0 sinne l\u00e4hes sata puuta ja pensasta.\u00a0 Seminaarialue kuuluu Museoviraston valtakunnallisesti merkitt\u00e4vien rakennettujen kulttuuriymp\u00e4rist\u00f6jen luetteloon. Puistomaisen alueen rakennukset ovat arkkitehtuuriltaan hieno kokonaisuus.<\/strong><\/p>\n<p><img loading=\"lazy\" decoding=\"async\" class=\"alignnone size-medium wp-image-1908 aligncenter\" src=\"https:\/\/rotary.fi\/raahe\/wp-content\/uploads\/sites\/207\/2020\/12\/puunistutus_3_uusi-300x225.jpg\" alt=\"\" width=\"437\" height=\"328\" \/><\/p>\n<p><img loading=\"lazy\" decoding=\"async\" class=\"wp-image-2431  aligncenter\" src=\"https:\/\/rotary.fi\/raahe\/wp-content\/uploads\/sites\/207\/2021\/10\/timo-istuttaa-puun-243x300.jpg\" alt=\"\" width=\"443\" height=\"547\" \/><\/p>\n<p>&nbsp;<\/p>\n<p>&nbsp;<\/p>\n<p>&nbsp;<\/p>\n<p>&nbsp;<\/p>\n<p>&nbsp;<\/p>\n<p>[\/et_pb_text][\/et_pb_column][\/et_pb_row][\/et_pb_section]<\/p>\n","protected":false},"excerpt":{"rendered":"<p>Arboretum Raahelaiset Rotaryklubit ovat olleet tukemassa kolmen vuoden ajan Raahen seminaarin arboretumin ennallistamista\u00a0 hankkimalla ja istuttamalla\u00a0 sinne l\u00e4hes sata puuta ja pensasta.\u00a0 Seminaarialue kuuluu Museoviraston valtakunnallisesti merkitt\u00e4vien rakennettujen kulttuuriymp\u00e4rist\u00f6jen luetteloon. Puistomaisen alueen rakennukset ovat arkkitehtuuriltaan hieno kokonaisuus. &nbsp; &nbsp; &nbsp; &nbsp; &nbsp;<\/p>\n","protected":false},"author":450,"featured_media":0,"parent":0,"menu_order":0,"comment_status":"closed","ping_status":"closed","template":"","meta":{"_acf_changed":false,"_et_pb_use_builder":"on","_et_pb_old_content":"<p style=\"text-align: center\"><strong>Raahelaiset rotaryklubit ovat tukeneet ja istuttaneet puita ja pensaita\u00a0 Raahen Seminaarin alueen arboretumiin kolmen vuoden ajan.\u00a0<\/strong><\/p>\r\n<img class=\"alignnone size-medium wp-image-1908 aligncenter\" src=\"https:\/\/rotary.fi\/raahe\/wp-content\/uploads\/sites\/207\/2020\/12\/puunistutus_3_uusi-300x225.jpg\" alt=\"\" width=\"300\" height=\"225\" \/>","_et_gb_content_width":"","footnotes":""},"class_list":["post-2212","page","type-page","status-publish","hentry"],"acf":[],"yoast_head":"<!-- This site is optimized with the Yoast SEO plugin v27.0 - https:\/\/yoast.com\/product\/yoast-seo-wordpress\/ -->\n<title>Arboretum - Raahen Rotaryklubi ry<\/title>\n<meta name=\"robots\" content=\"index, follow, max-snippet:-1, max-image-preview:large, max-video-preview:-1\" \/>\n<link rel=\"canonical\" href=\"https:\/\/rotary.fi\/raahe\/raahen-seminaarin-arboretum\/\" \/>\n<meta property=\"og:locale\" content=\"fi_FI\" \/>\n<meta property=\"og:type\" content=\"article\" \/>\n<meta property=\"og:title\" content=\"Arboretum - Raahen Rotaryklubi ry\" \/>\n<meta property=\"og:description\" content=\"Arboretum Raahelaiset Rotaryklubit ovat olleet tukemassa kolmen vuoden ajan Raahen seminaarin arboretumin ennallistamista\u00a0 hankkimalla ja istuttamalla\u00a0 sinne l\u00e4hes sata puuta ja pensasta.\u00a0 Seminaarialue kuuluu Museoviraston valtakunnallisesti merkitt\u00e4vien rakennettujen kulttuuriymp\u00e4rist\u00f6jen luetteloon. Puistomaisen alueen rakennukset ovat arkkitehtuuriltaan hieno kokonaisuus. &nbsp; &nbsp; &nbsp; &nbsp; &nbsp;\" \/>\n<meta property=\"og:url\" content=\"https:\/\/rotary.fi\/raahe\/raahen-seminaarin-arboretum\/\" \/>\n<meta property=\"og:site_name\" content=\"Raahen Rotaryklubi ry\" \/>\n<meta property=\"article:modified_time\" content=\"2021-10-04T10:45:58+00:00\" \/>\n<meta property=\"og:image\" content=\"https:\/\/rotary.fi\/raahe\/wp-content\/uploads\/sites\/207\/2020\/12\/puunistutus_3_uusi-300x225.jpg\" \/>\n<meta name=\"twitter:card\" content=\"summary_large_image\" \/>\n<meta name=\"twitter:label1\" content=\"Arvioitu lukuaika\" \/>\n\t<meta name=\"twitter:data1\" content=\"1 minuutti\" \/>\n<script type=\"application\/ld+json\" class=\"yoast-schema-graph\">{\"@context\":\"https:\/\/schema.org\",\"@graph\":[{\"@type\":\"WebPage\",\"@id\":\"https:\/\/rotary.fi\/raahe\/raahen-seminaarin-arboretum\/\",\"url\":\"https:\/\/rotary.fi\/raahe\/raahen-seminaarin-arboretum\/\",\"name\":\"Arboretum - Raahen Rotaryklubi ry\",\"isPartOf\":{\"@id\":\"https:\/\/rotary.fi\/raahe\/#website\"},\"primaryImageOfPage\":{\"@id\":\"https:\/\/rotary.fi\/raahe\/raahen-seminaarin-arboretum\/#primaryimage\"},\"image\":{\"@id\":\"https:\/\/rotary.fi\/raahe\/raahen-seminaarin-arboretum\/#primaryimage\"},\"thumbnailUrl\":\"https:\/\/rotary.fi\/raahe\/wp-content\/uploads\/sites\/207\/2020\/12\/puunistutus_3_uusi-300x225.jpg\",\"datePublished\":\"2021-03-20T15:22:45+00:00\",\"dateModified\":\"2021-10-04T10:45:58+00:00\",\"breadcrumb\":{\"@id\":\"https:\/\/rotary.fi\/raahe\/raahen-seminaarin-arboretum\/#breadcrumb\"},\"inLanguage\":\"fi\",\"potentialAction\":[{\"@type\":\"ReadAction\",\"target\":[\"https:\/\/rotary.fi\/raahe\/raahen-seminaarin-arboretum\/\"]}]},{\"@type\":\"ImageObject\",\"inLanguage\":\"fi\",\"@id\":\"https:\/\/rotary.fi\/raahe\/raahen-seminaarin-arboretum\/#primaryimage\",\"url\":\"https:\/\/rotary.fi\/raahe\/wp-content\/uploads\/sites\/207\/2020\/12\/puunistutus_3_uusi.jpg\",\"contentUrl\":\"https:\/\/rotary.fi\/raahe\/wp-content\/uploads\/sites\/207\/2020\/12\/puunistutus_3_uusi.jpg\",\"width\":2048,\"height\":1537},{\"@type\":\"BreadcrumbList\",\"@id\":\"https:\/\/rotary.fi\/raahe\/raahen-seminaarin-arboretum\/#breadcrumb\",\"itemListElement\":[{\"@type\":\"ListItem\",\"position\":1,\"name\":\"Home\",\"item\":\"https:\/\/rotary.fi\/raahe\/\"},{\"@type\":\"ListItem\",\"position\":2,\"name\":\"Arboretum\"}]},{\"@type\":\"WebSite\",\"@id\":\"https:\/\/rotary.fi\/raahe\/#website\",\"url\":\"https:\/\/rotary.fi\/raahe\/\",\"name\":\"Raahen Rotaryklubi ry\",\"description\":\"Uusi Rotary klubisivusto\",\"potentialAction\":[{\"@type\":\"SearchAction\",\"target\":{\"@type\":\"EntryPoint\",\"urlTemplate\":\"https:\/\/rotary.fi\/raahe\/?s={search_term_string}\"},\"query-input\":{\"@type\":\"PropertyValueSpecification\",\"valueRequired\":true,\"valueName\":\"search_term_string\"}}],\"inLanguage\":\"fi\"}]}<\/script>\n<!-- \/ Yoast SEO plugin. -->","yoast_head_json":{"title":"Arboretum - Raahen Rotaryklubi ry","robots":{"index":"index","follow":"follow","max-snippet":"max-snippet:-1","max-image-preview":"max-image-preview:large","max-video-preview":"max-video-preview:-1"},"canonical":"https:\/\/rotary.fi\/raahe\/raahen-seminaarin-arboretum\/","og_locale":"fi_FI","og_type":"article","og_title":"Arboretum - Raahen Rotaryklubi ry","og_description":"Arboretum Raahelaiset Rotaryklubit ovat olleet tukemassa kolmen vuoden ajan Raahen seminaarin arboretumin ennallistamista\u00a0 hankkimalla ja istuttamalla\u00a0 sinne l\u00e4hes sata puuta ja pensasta.\u00a0 Seminaarialue kuuluu Museoviraston valtakunnallisesti merkitt\u00e4vien rakennettujen kulttuuriymp\u00e4rist\u00f6jen luetteloon. Puistomaisen alueen rakennukset ovat arkkitehtuuriltaan hieno kokonaisuus. &nbsp; &nbsp; &nbsp; &nbsp; &nbsp;","og_url":"https:\/\/rotary.fi\/raahe\/raahen-seminaarin-arboretum\/","og_site_name":"Raahen Rotaryklubi ry","article_modified_time":"2021-10-04T10:45:58+00:00","og_image":[{"url":"https:\/\/rotary.fi\/raahe\/wp-content\/uploads\/sites\/207\/2020\/12\/puunistutus_3_uusi-300x225.jpg","type":"","width":"","height":""}],"twitter_card":"summary_large_image","twitter_misc":{"Arvioitu lukuaika":"1 minuutti"},"schema":{"@context":"https:\/\/schema.org","@graph":[{"@type":"WebPage","@id":"https:\/\/rotary.fi\/raahe\/raahen-seminaarin-arboretum\/","url":"https:\/\/rotary.fi\/raahe\/raahen-seminaarin-arboretum\/","name":"Arboretum - Raahen Rotaryklubi ry","isPartOf":{"@id":"https:\/\/rotary.fi\/raahe\/#website"},"primaryImageOfPage":{"@id":"https:\/\/rotary.fi\/raahe\/raahen-seminaarin-arboretum\/#primaryimage"},"image":{"@id":"https:\/\/rotary.fi\/raahe\/raahen-seminaarin-arboretum\/#primaryimage"},"thumbnailUrl":"https:\/\/rotary.fi\/raahe\/wp-content\/uploads\/sites\/207\/2020\/12\/puunistutus_3_uusi-300x225.jpg","datePublished":"2021-03-20T15:22:45+00:00","dateModified":"2021-10-04T10:45:58+00:00","breadcrumb":{"@id":"https:\/\/rotary.fi\/raahe\/raahen-seminaarin-arboretum\/#breadcrumb"},"inLanguage":"fi","potentialAction":[{"@type":"ReadAction","target":["https:\/\/rotary.fi\/raahe\/raahen-seminaarin-arboretum\/"]}]},{"@type":"ImageObject","inLanguage":"fi","@id":"https:\/\/rotary.fi\/raahe\/raahen-seminaarin-arboretum\/#primaryimage","url":"https:\/\/rotary.fi\/raahe\/wp-content\/uploads\/sites\/207\/2020\/12\/puunistutus_3_uusi.jpg","contentUrl":"https:\/\/rotary.fi\/raahe\/wp-content\/uploads\/sites\/207\/2020\/12\/puunistutus_3_uusi.jpg","width":2048,"height":1537},{"@type":"BreadcrumbList","@id":"https:\/\/rotary.fi\/raahe\/raahen-seminaarin-arboretum\/#breadcrumb","itemListElement":[{"@type":"ListItem","position":1,"name":"Home","item":"https:\/\/rotary.fi\/raahe\/"},{"@type":"ListItem","position":2,"name":"Arboretum"}]},{"@type":"WebSite","@id":"https:\/\/rotary.fi\/raahe\/#website","url":"https:\/\/rotary.fi\/raahe\/","name":"Raahen Rotaryklubi ry","description":"Uusi Rotary klubisivusto","potentialAction":[{"@type":"SearchAction","target":{"@type":"EntryPoint","urlTemplate":"https:\/\/rotary.fi\/raahe\/?s={search_term_string}"},"query-input":{"@type":"PropertyValueSpecification","valueRequired":true,"valueName":"search_term_string"}}],"inLanguage":"fi"}]}},"lang":"fi","translations":{"fi":2212},"pll_sync_post":[],"_links":{"self":[{"href":"https:\/\/rotary.fi\/raahe\/wp-json\/wp\/v2\/pages\/2212","targetHints":{"allow":["GET"]}}],"collection":[{"href":"https:\/\/rotary.fi\/raahe\/wp-json\/wp\/v2\/pages"}],"about":[{"href":"https:\/\/rotary.fi\/raahe\/wp-json\/wp\/v2\/types\/page"}],"author":[{"embeddable":true,"href":"https:\/\/rotary.fi\/raahe\/wp-json\/wp\/v2\/users\/450"}],"replies":[{"embeddable":true,"href":"https:\/\/rotary.fi\/raahe\/wp-json\/wp\/v2\/comments?post=2212"}],"version-history":[{"count":8,"href":"https:\/\/rotary.fi\/raahe\/wp-json\/wp\/v2\/pages\/2212\/revisions"}],"predecessor-version":[{"id":2433,"href":"https:\/\/rotary.fi\/raahe\/wp-json\/wp\/v2\/pages\/2212\/revisions\/2433"}],"wp:attachment":[{"href":"https:\/\/rotary.fi\/raahe\/wp-json\/wp\/v2\/media?parent=2212"}],"curies":[{"name":"wp","href":"https:\/\/api.w.org\/{rel}","templated":true}]}}