{"id":2196,"date":"2021-03-20T16:58:02","date_gmt":"2021-03-20T14:58:02","guid":{"rendered":"https:\/\/rotary.fi\/raahe\/?page_id=2196"},"modified":"2021-09-08T17:20:59","modified_gmt":"2021-09-08T14:20:59","slug":"raahen-liikennepuisto","status":"publish","type":"page","link":"https:\/\/rotary.fi\/raahe\/raahen-liikennepuisto\/","title":{"rendered":"Raahen liikennepuisto"},"content":{"rendered":"<p>[et_pb_section fb_built=&#8221;1&#8243; admin_label=&#8221;section&#8221; _builder_version=&#8221;3.22&#8243;][et_pb_row admin_label=&#8221;row&#8221; _builder_version=&#8221;3.25&#8243; background_size=&#8221;initial&#8221; background_position=&#8221;top_left&#8221; background_repeat=&#8221;repeat&#8221;][et_pb_column type=&#8221;4_4&#8243; _builder_version=&#8221;3.25&#8243; custom_padding=&#8221;|||&#8221; custom_padding__hover=&#8221;|||&#8221;][et_pb_text admin_label=&#8221;Text&#8221; _builder_version=&#8221;4.4.8&#8243; background_size=&#8221;initial&#8221; background_position=&#8221;top_left&#8221; background_repeat=&#8221;repeat&#8221;]<\/p>\n<h3 style=\"text-align: center\">Raahen liikennepuisto<\/h3>\n<h3 style=\"text-align: center\"><strong>Raahen rotarien\u00a0100-vuotislahja lapsille<\/strong><\/h3>\n<h3 style=\"text-align: center\"><\/h3>\n<h3 style=\"text-align: center\"><img loading=\"lazy\" decoding=\"async\" class=\"wp-image-1736 aligncenter\" src=\"https:\/\/rotary.fi\/raahe\/wp-content\/uploads\/sites\/207\/2020\/11\/0_kansi_k_5_liikennepuisto-avajaiset-300x225.jpg\" alt=\"\" width=\"470\" height=\"352\" \/><\/h3>\n<p><img loading=\"lazy\" decoding=\"async\" class=\"wp-image-1881 aligncenter\" src=\"https:\/\/rotary.fi\/raahe\/wp-content\/uploads\/sites\/207\/2020\/12\/img_23-300x200.png\" alt=\"\" width=\"466\" height=\"310\" \/><\/p>\n<p>&nbsp;<\/p>\n<p style=\"text-align: center\"><strong>Raahen Rotaryklubi ja Pietari Brahen Rotaryklubi rakensivat lasten leikki- ja liikennepuiston Pikkulahden rannalle yhdess\u00e4 Mannerheimin lastensuojeluliiton Raahen osaston kanssa vuonna 2005.<\/strong><\/p>\n<p style=\"text-align: center\"><strong>Projekti oli osa Rotaryj\u00e4rjest\u00f6n 100-vuotisjuhlaa. Kustannukset katettiin osin EU:n tuella, lahjoituksilla ja vapaaehtoisty\u00f6ll\u00e4. Puisto lahjoitettiin Raahen kaupungille ja nykyisin sit\u00e4 hallinnoi nuorisotiimi.<\/strong><\/p>\n<p style=\"text-align: center\"><strong>Rotaryklubit tukevat puiston toimintaa omilla lahjoituksillaan ja Rotarys\u00e4\u00e4ti\u00f6lt\u00e4 saamillaan avustuksilla esim. hankkimalla uusia autoja rikki menneiden tilalle ja avustamalla kaupungin nuorisotiimi\u00e4 palkkaamalla my\u00f6s kes\u00e4lauantaiksi ohjaajia.<\/strong><\/p>\n<p>[\/et_pb_text][\/et_pb_column][\/et_pb_row][\/et_pb_section]<\/p>\n","protected":false},"excerpt":{"rendered":"<p>Raahen liikennepuisto Raahen rotarien\u00a0100-vuotislahja lapsille &nbsp; Raahen Rotaryklubi ja Pietari Brahen Rotaryklubi rakensivat lasten leikki- ja liikennepuiston Pikkulahden rannalle yhdess\u00e4 Mannerheimin lastensuojeluliiton Raahen osaston kanssa vuonna 2005. Projekti oli osa Rotaryj\u00e4rjest\u00f6n 100-vuotisjuhlaa. Kustannukset katettiin osin EU:n tuella, lahjoituksilla ja vapaaehtoisty\u00f6ll\u00e4. Puisto lahjoitettiin Raahen kaupungille ja nykyisin sit\u00e4 hallinnoi nuorisotiimi. Rotaryklubit tukevat puiston toimintaa omilla lahjoituksillaan [&hellip;]<\/p>\n","protected":false},"author":450,"featured_media":0,"parent":0,"menu_order":0,"comment_status":"closed","ping_status":"closed","template":"","meta":{"_acf_changed":false,"_et_pb_use_builder":"on","_et_pb_old_content":"<img class=\"wp-image-1736 aligncenter\" src=\"https:\/\/rotary.fi\/raahe\/wp-content\/uploads\/sites\/207\/2020\/11\/0_kansi_k_5_liikennepuisto-avajaiset-300x225.jpg\" alt=\"\" width=\"327\" height=\"245\" \/>\r\n\r\n<img class=\"wp-image-1881 aligncenter\" src=\"https:\/\/rotary.fi\/raahe\/wp-content\/uploads\/sites\/207\/2020\/12\/img_23-300x200.png\" alt=\"\" width=\"329\" height=\"219\" \/>\r\n\r\n<img class=\" wp-image-1642 aligncenter\" src=\"https:\/\/rotary.fi\/raahe\/wp-content\/uploads\/sites\/207\/2020\/10\/img_0594-260x300.jpg\" alt=\"\" width=\"246\" height=\"284\" \/>\r\n\r\nRaahen Rotaryklubi ja Pietari Brahen Rotaryklubi rakensivat lasten leikki- ja liikennepuiston Pikkulahden rannalle yhdess\u00e4 Mannerheimin lastensuojeluliiton Raahen osaston kanssa vuonna 2005.\r\n\r\nProjekti oli osa Rotaryj\u00e4rjest\u00f6n 100-vuotisjuhlaa. Kustannukset katettiin osin EU:n tuella, lahjoituksilla ja vapaaehtoisty\u00f6ll\u00e4. Puisto lahjoitettiin Raahen kaupungille ja nykyisin sit\u00e4 hallinnoi nuorisotiimi.\r\n\r\nRotaryklubit tukevat puiston toimintaa omilla lahjoituksillaan ja Rotarys\u00e4\u00e4ti\u00f6lt\u00e4 saamillaan avustuksilla.","_et_gb_content_width":"","footnotes":""},"class_list":["post-2196","page","type-page","status-publish","hentry"],"acf":[],"yoast_head":"<!-- This site is optimized with the Yoast SEO plugin v27.4 - https:\/\/yoast.com\/product\/yoast-seo-wordpress\/ -->\n<title>Raahen liikennepuisto - Raahen Rotaryklubi ry<\/title>\n<meta name=\"robots\" content=\"index, follow, max-snippet:-1, max-image-preview:large, max-video-preview:-1\" \/>\n<link rel=\"canonical\" href=\"https:\/\/rotary.fi\/raahe\/raahen-liikennepuisto\/\" \/>\n<meta property=\"og:locale\" content=\"fi_FI\" \/>\n<meta property=\"og:type\" content=\"article\" \/>\n<meta property=\"og:title\" content=\"Raahen liikennepuisto - Raahen Rotaryklubi ry\" \/>\n<meta property=\"og:description\" content=\"Raahen liikennepuisto Raahen rotarien\u00a0100-vuotislahja lapsille &nbsp; Raahen Rotaryklubi ja Pietari Brahen Rotaryklubi rakensivat lasten leikki- ja liikennepuiston Pikkulahden rannalle yhdess\u00e4 Mannerheimin lastensuojeluliiton Raahen osaston kanssa vuonna 2005. Projekti oli osa Rotaryj\u00e4rjest\u00f6n 100-vuotisjuhlaa. Kustannukset katettiin osin EU:n tuella, lahjoituksilla ja vapaaehtoisty\u00f6ll\u00e4. Puisto lahjoitettiin Raahen kaupungille ja nykyisin sit\u00e4 hallinnoi nuorisotiimi. Rotaryklubit tukevat puiston toimintaa omilla lahjoituksillaan [&hellip;]\" \/>\n<meta property=\"og:url\" content=\"https:\/\/rotary.fi\/raahe\/raahen-liikennepuisto\/\" \/>\n<meta property=\"og:site_name\" content=\"Raahen Rotaryklubi ry\" \/>\n<meta property=\"article:modified_time\" content=\"2021-09-08T14:20:59+00:00\" \/>\n<meta property=\"og:image\" content=\"https:\/\/rotary.fi\/raahe\/wp-content\/uploads\/sites\/207\/2020\/11\/0_kansi_k_5_liikennepuisto-avajaiset-300x225.jpg\" \/>\n<meta name=\"twitter:card\" content=\"summary_large_image\" \/>\n<meta name=\"twitter:label1\" content=\"Arvioitu lukuaika\" \/>\n\t<meta name=\"twitter:data1\" content=\"1 minuutti\" \/>\n<script type=\"application\/ld+json\" class=\"yoast-schema-graph\">{\"@context\":\"https:\\\/\\\/schema.org\",\"@graph\":[{\"@type\":\"WebPage\",\"@id\":\"https:\\\/\\\/rotary.fi\\\/raahe\\\/raahen-liikennepuisto\\\/\",\"url\":\"https:\\\/\\\/rotary.fi\\\/raahe\\\/raahen-liikennepuisto\\\/\",\"name\":\"Raahen liikennepuisto - Raahen Rotaryklubi ry\",\"isPartOf\":{\"@id\":\"https:\\\/\\\/rotary.fi\\\/raahe\\\/#website\"},\"primaryImageOfPage\":{\"@id\":\"https:\\\/\\\/rotary.fi\\\/raahe\\\/raahen-liikennepuisto\\\/#primaryimage\"},\"image\":{\"@id\":\"https:\\\/\\\/rotary.fi\\\/raahe\\\/raahen-liikennepuisto\\\/#primaryimage\"},\"thumbnailUrl\":\"https:\\\/\\\/rotary.fi\\\/raahe\\\/wp-content\\\/uploads\\\/sites\\\/207\\\/2020\\\/11\\\/0_kansi_k_5_liikennepuisto-avajaiset-300x225.jpg\",\"datePublished\":\"2021-03-20T14:58:02+00:00\",\"dateModified\":\"2021-09-08T14:20:59+00:00\",\"breadcrumb\":{\"@id\":\"https:\\\/\\\/rotary.fi\\\/raahe\\\/raahen-liikennepuisto\\\/#breadcrumb\"},\"inLanguage\":\"fi\",\"potentialAction\":[{\"@type\":\"ReadAction\",\"target\":[\"https:\\\/\\\/rotary.fi\\\/raahe\\\/raahen-liikennepuisto\\\/\"]}]},{\"@type\":\"ImageObject\",\"inLanguage\":\"fi\",\"@id\":\"https:\\\/\\\/rotary.fi\\\/raahe\\\/raahen-liikennepuisto\\\/#primaryimage\",\"url\":\"https:\\\/\\\/rotary.fi\\\/raahe\\\/wp-content\\\/uploads\\\/sites\\\/207\\\/2020\\\/11\\\/0_kansi_k_5_liikennepuisto-avajaiset.jpg\",\"contentUrl\":\"https:\\\/\\\/rotary.fi\\\/raahe\\\/wp-content\\\/uploads\\\/sites\\\/207\\\/2020\\\/11\\\/0_kansi_k_5_liikennepuisto-avajaiset.jpg\",\"width\":2048,\"height\":1536,\"caption\":\"OLYMPUS DIGITAL CAMERA\"},{\"@type\":\"BreadcrumbList\",\"@id\":\"https:\\\/\\\/rotary.fi\\\/raahe\\\/raahen-liikennepuisto\\\/#breadcrumb\",\"itemListElement\":[{\"@type\":\"ListItem\",\"position\":1,\"name\":\"Home\",\"item\":\"https:\\\/\\\/rotary.fi\\\/raahe\\\/\"},{\"@type\":\"ListItem\",\"position\":2,\"name\":\"Raahen liikennepuisto\"}]},{\"@type\":\"WebSite\",\"@id\":\"https:\\\/\\\/rotary.fi\\\/raahe\\\/#website\",\"url\":\"https:\\\/\\\/rotary.fi\\\/raahe\\\/\",\"name\":\"Raahen Rotaryklubi ry\",\"description\":\"Uusi Rotary klubisivusto\",\"potentialAction\":[{\"@type\":\"SearchAction\",\"target\":{\"@type\":\"EntryPoint\",\"urlTemplate\":\"https:\\\/\\\/rotary.fi\\\/raahe\\\/?s={search_term_string}\"},\"query-input\":{\"@type\":\"PropertyValueSpecification\",\"valueRequired\":true,\"valueName\":\"search_term_string\"}}],\"inLanguage\":\"fi\"}]}<\/script>\n<!-- \/ Yoast SEO plugin. -->","yoast_head_json":{"title":"Raahen liikennepuisto - Raahen Rotaryklubi ry","robots":{"index":"index","follow":"follow","max-snippet":"max-snippet:-1","max-image-preview":"max-image-preview:large","max-video-preview":"max-video-preview:-1"},"canonical":"https:\/\/rotary.fi\/raahe\/raahen-liikennepuisto\/","og_locale":"fi_FI","og_type":"article","og_title":"Raahen liikennepuisto - Raahen Rotaryklubi ry","og_description":"Raahen liikennepuisto Raahen rotarien\u00a0100-vuotislahja lapsille &nbsp; Raahen Rotaryklubi ja Pietari Brahen Rotaryklubi rakensivat lasten leikki- ja liikennepuiston Pikkulahden rannalle yhdess\u00e4 Mannerheimin lastensuojeluliiton Raahen osaston kanssa vuonna 2005. Projekti oli osa Rotaryj\u00e4rjest\u00f6n 100-vuotisjuhlaa. Kustannukset katettiin osin EU:n tuella, lahjoituksilla ja vapaaehtoisty\u00f6ll\u00e4. Puisto lahjoitettiin Raahen kaupungille ja nykyisin sit\u00e4 hallinnoi nuorisotiimi. Rotaryklubit tukevat puiston toimintaa omilla lahjoituksillaan [&hellip;]","og_url":"https:\/\/rotary.fi\/raahe\/raahen-liikennepuisto\/","og_site_name":"Raahen Rotaryklubi ry","article_modified_time":"2021-09-08T14:20:59+00:00","og_image":[{"url":"https:\/\/rotary.fi\/raahe\/wp-content\/uploads\/sites\/207\/2020\/11\/0_kansi_k_5_liikennepuisto-avajaiset-300x225.jpg","type":"","width":"","height":""}],"twitter_card":"summary_large_image","twitter_misc":{"Arvioitu lukuaika":"1 minuutti"},"schema":{"@context":"https:\/\/schema.org","@graph":[{"@type":"WebPage","@id":"https:\/\/rotary.fi\/raahe\/raahen-liikennepuisto\/","url":"https:\/\/rotary.fi\/raahe\/raahen-liikennepuisto\/","name":"Raahen liikennepuisto - Raahen Rotaryklubi ry","isPartOf":{"@id":"https:\/\/rotary.fi\/raahe\/#website"},"primaryImageOfPage":{"@id":"https:\/\/rotary.fi\/raahe\/raahen-liikennepuisto\/#primaryimage"},"image":{"@id":"https:\/\/rotary.fi\/raahe\/raahen-liikennepuisto\/#primaryimage"},"thumbnailUrl":"https:\/\/rotary.fi\/raahe\/wp-content\/uploads\/sites\/207\/2020\/11\/0_kansi_k_5_liikennepuisto-avajaiset-300x225.jpg","datePublished":"2021-03-20T14:58:02+00:00","dateModified":"2021-09-08T14:20:59+00:00","breadcrumb":{"@id":"https:\/\/rotary.fi\/raahe\/raahen-liikennepuisto\/#breadcrumb"},"inLanguage":"fi","potentialAction":[{"@type":"ReadAction","target":["https:\/\/rotary.fi\/raahe\/raahen-liikennepuisto\/"]}]},{"@type":"ImageObject","inLanguage":"fi","@id":"https:\/\/rotary.fi\/raahe\/raahen-liikennepuisto\/#primaryimage","url":"https:\/\/rotary.fi\/raahe\/wp-content\/uploads\/sites\/207\/2020\/11\/0_kansi_k_5_liikennepuisto-avajaiset.jpg","contentUrl":"https:\/\/rotary.fi\/raahe\/wp-content\/uploads\/sites\/207\/2020\/11\/0_kansi_k_5_liikennepuisto-avajaiset.jpg","width":2048,"height":1536,"caption":"OLYMPUS DIGITAL CAMERA"},{"@type":"BreadcrumbList","@id":"https:\/\/rotary.fi\/raahe\/raahen-liikennepuisto\/#breadcrumb","itemListElement":[{"@type":"ListItem","position":1,"name":"Home","item":"https:\/\/rotary.fi\/raahe\/"},{"@type":"ListItem","position":2,"name":"Raahen liikennepuisto"}]},{"@type":"WebSite","@id":"https:\/\/rotary.fi\/raahe\/#website","url":"https:\/\/rotary.fi\/raahe\/","name":"Raahen Rotaryklubi ry","description":"Uusi Rotary klubisivusto","potentialAction":[{"@type":"SearchAction","target":{"@type":"EntryPoint","urlTemplate":"https:\/\/rotary.fi\/raahe\/?s={search_term_string}"},"query-input":{"@type":"PropertyValueSpecification","valueRequired":true,"valueName":"search_term_string"}}],"inLanguage":"fi"}]}},"lang":"fi","translations":{"fi":2196},"pll_sync_post":[],"_links":{"self":[{"href":"https:\/\/rotary.fi\/raahe\/wp-json\/wp\/v2\/pages\/2196","targetHints":{"allow":["GET"]}}],"collection":[{"href":"https:\/\/rotary.fi\/raahe\/wp-json\/wp\/v2\/pages"}],"about":[{"href":"https:\/\/rotary.fi\/raahe\/wp-json\/wp\/v2\/types\/page"}],"author":[{"embeddable":true,"href":"https:\/\/rotary.fi\/raahe\/wp-json\/wp\/v2\/users\/450"}],"replies":[{"embeddable":true,"href":"https:\/\/rotary.fi\/raahe\/wp-json\/wp\/v2\/comments?post=2196"}],"version-history":[{"count":11,"href":"https:\/\/rotary.fi\/raahe\/wp-json\/wp\/v2\/pages\/2196\/revisions"}],"predecessor-version":[{"id":2404,"href":"https:\/\/rotary.fi\/raahe\/wp-json\/wp\/v2\/pages\/2196\/revisions\/2404"}],"wp:attachment":[{"href":"https:\/\/rotary.fi\/raahe\/wp-json\/wp\/v2\/media?parent=2196"}],"curies":[{"name":"wp","href":"https:\/\/api.w.org\/{rel}","templated":true}]}}