{"id":2123,"date":"2021-03-16T13:38:53","date_gmt":"2021-03-16T11:38:53","guid":{"rendered":"https:\/\/rotary.fi\/raahe\/?page_id=2123"},"modified":"2021-12-01T12:34:24","modified_gmt":"2021-12-01T10:34:24","slug":"rotary-international-presidentteja","status":"publish","type":"page","link":"https:\/\/rotary.fi\/raahe\/rotary-international-presidentteja\/","title":{"rendered":"Rotary International presidenttej\u00e4"},"content":{"rendered":"<p>[et_pb_section fb_built=&#8221;1&#8243; admin_label=&#8221;section&#8221; _builder_version=&#8221;3.22&#8243;][et_pb_row admin_label=&#8221;row&#8221; _builder_version=&#8221;3.25&#8243; background_size=&#8221;initial&#8221; background_position=&#8221;top_left&#8221; background_repeat=&#8221;repeat&#8221;][et_pb_column type=&#8221;4_4&#8243; _builder_version=&#8221;3.25&#8243; custom_padding=&#8221;|||&#8221; custom_padding__hover=&#8221;|||&#8221;][et_pb_text admin_label=&#8221;Text&#8221; _builder_version=&#8221;4.4.8&#8243; background_size=&#8221;initial&#8221; background_position=&#8221;top_left&#8221; background_repeat=&#8221;repeat&#8221;]<\/p>\n<h4><b>RAAHEN JA PIETARI BRAHEN ROTARYKLUBIEN <\/b><\/h4>\n<h4><b>JUHLAKOKOUS\u00a0 25.2.2021 \u00a0<\/b><\/h4>\n<p><strong>RID VIRPI HONKALAN ESITELM\u00c4<\/strong><\/p>\n<h3><b style=\"font-size: 18.72px\">Rotary International presidenttej\u00e4<\/b><\/h3>\n<p><b style=\"font-size: 18.72px\"><\/b><\/p>\n<h5><strong>PAUL P. HARRIS 1910-1912<\/strong><\/h5>\n<p><img loading=\"lazy\" decoding=\"async\" class=\"alignnone wp-image-2125\" src=\"https:\/\/rotary.fi\/raahe\/wp-content\/uploads\/sites\/207\/2021\/03\/paul_harris-300x300.png\" alt=\"\" width=\"202\" height=\"202\" \/>\u00a0 <img loading=\"lazy\" decoding=\"async\" class=\"alignnone size-medium wp-image-2126\" src=\"https:\/\/rotary.fi\/raahe\/wp-content\/uploads\/sites\/207\/2021\/03\/perustajajasenet-300x106.png\" alt=\"\" width=\"300\" height=\"106\" \/><\/p>\n<p><strong>Perusti Rotaryn yhdess\u00e4 kolmen liikekumppaninsa kanssa vuonna 1905.<\/strong><\/p>\n<h5><strong>ARCH C. KLUMPH 1916-1917<\/strong><\/h5>\n<p><img loading=\"lazy\" decoding=\"async\" class=\"alignnone wp-image-2124\" src=\"https:\/\/rotary.fi\/raahe\/wp-content\/uploads\/sites\/207\/2021\/03\/aks-240x300.png\" alt=\"\" width=\"196\" height=\"245\" \/><\/p>\n<p><strong>Ideoi ja aloitti rahaston 1917, josta sittemmin tuli Rotarys\u00e4\u00e4ti\u00f6. AKS <\/strong><strong>eli Arch Klumph Society<\/strong><\/p>\n<p><strong>-j\u00e4senyys mahdollistuu 250000 USD minimilahjoituksella Rotarys\u00e4\u00e4ti\u00f6lle.<\/strong><\/p>\n<h5><b>HERBERT J. TAYLOR 1954-1955<\/b><\/h5>\n<p><img loading=\"lazy\" decoding=\"async\" class=\"alignnone wp-image-2127\" src=\"https:\/\/rotary.fi\/raahe\/wp-content\/uploads\/sites\/207\/2021\/03\/herbert_taylor-186x300.png\" alt=\"\" width=\"266\" height=\"429\" \/><\/p>\n<p><b>4-KYSYMYKSEN KOE:<\/b><\/p>\n<p><b>Tutki ajatuksesi, sanasi ja tekosi:<\/b><\/p>\n<p>1.<b>ONKO T\u00c4M\u00c4 TOTTA?<\/b><\/p>\n<p>2.<b>ONKO T\u00c4M\u00c4 OIKEUDENMUKAISTA KAIKKIA ASIANOSAISIA KOHTAAN?<\/b><\/p>\n<p>3.<b>LUOKO T\u00c4M\u00c4 HYV\u00c4\u00c4 TAHTOA JA PARANTAAKO T\u00c4M\u00c4 YST\u00c4VYYSSUHTEITA?<\/b><\/p>\n<p>4.<b>ONKO T\u00c4M\u00c4 KAIKKIEN OSAPUOLTEN EDUN MUKAISTA?<\/b><\/p>\n<h5><b>SIR CLEM RENOUF 1978-1979\u00a0 ja JAMES L. BOMAR JR. 1979-1980<\/b><\/h5>\n<p><img loading=\"lazy\" decoding=\"async\" class=\"alignnone wp-image-2128\" src=\"https:\/\/rotary.fi\/raahe\/wp-content\/uploads\/sites\/207\/2021\/03\/sir_clem_renouf-268x300.jpg\" alt=\"\" width=\"220\" height=\"246\" srcset=\"https:\/\/rotary.fi\/raahe\/wp-content\/uploads\/sites\/207\/2021\/03\/sir_clem_renouf-268x300.jpg 268w, https:\/\/rotary.fi\/raahe\/wp-content\/uploads\/sites\/207\/2021\/03\/sir_clem_renouf.jpg 389w\" sizes=\"(max-width: 220px) 100vw, 220px\" \/><img loading=\"lazy\" decoding=\"async\" class=\"alignnone wp-image-2129\" src=\"https:\/\/rotary.fi\/raahe\/wp-content\/uploads\/sites\/207\/2021\/03\/james_l_bomar-300x197.jpg\" alt=\"\" width=\"314\" height=\"206\" \/><\/p>\n<p><strong>PolioPlus-ohjelman perustajat. Rauhanty\u00f6 keskeinen asia.<\/strong><\/p>\n<p><b>Kun USA:n Rotaryklubit alkoivat hyv\u00e4ksy\u00e4 naisj\u00e4seni\u00e4 vuonna 1986, Bomar oli vankka <\/b><\/p>\n<p><b>tukija ja piti huolen siit\u00e4, ett\u00e4 naiset tunsivat itsens\u00e4 tervetulleiksi Shelbyvillen Rotaryklubiin.\u00a0 \u00a0<\/b><\/p>\n<h5><b> ROLF KL\u00c4RICH 1980-1981\u00a0 \u00a0 \u00a0<\/b><\/h5>\n<p><img loading=\"lazy\" decoding=\"async\" class=\"alignnone wp-image-2131\" src=\"https:\/\/rotary.fi\/raahe\/wp-content\/uploads\/sites\/207\/2021\/03\/rolf_klarich-199x300.png\" alt=\"\" width=\"161\" height=\"243\" srcset=\"https:\/\/rotary.fi\/raahe\/wp-content\/uploads\/sites\/207\/2021\/03\/rolf_klarich-199x300.png 199w, https:\/\/rotary.fi\/raahe\/wp-content\/uploads\/sites\/207\/2021\/03\/rolf_klarich.png 284w\" sizes=\"(max-width: 161px) 100vw, 161px\" \/>\u00a0 \u00a0 <img loading=\"lazy\" decoding=\"async\" class=\"alignnone wp-image-2132\" src=\"https:\/\/rotary.fi\/raahe\/wp-content\/uploads\/sites\/207\/2021\/03\/take_time_to_serve-132x300.png\" alt=\"\" width=\"105\" height=\"239\" srcset=\"https:\/\/rotary.fi\/raahe\/wp-content\/uploads\/sites\/207\/2021\/03\/take_time_to_serve-132x300.png 132w, https:\/\/rotary.fi\/raahe\/wp-content\/uploads\/sites\/207\/2021\/03\/take_time_to_serve.png 343w\" sizes=\"(max-width: 105px) 100vw, 105px\" \/><\/p>\n<p><strong>Ainoa suomalainen RI presidentti. Oulusta l\u00e4ht\u00f6isin oleva Merijalin omistaja<\/strong><\/p>\n<p><strong> ja toimitusjohtaja, Britannian konsuli.<\/strong><\/p>\n<p><strong>Kl\u00e4richin saavutuksiin kuului Rotary-toiminnan vieminen Neuvostoliittoon ja <\/strong><\/p>\n<p><strong>Baltian maihin.<\/strong><\/p>\n<h5><b>M.A.T. CAPARAS 1986-1987<\/b><\/h5>\n<h5><b> <img loading=\"lazy\" decoding=\"async\" class=\"alignnone wp-image-2142\" src=\"https:\/\/rotary.fi\/raahe\/wp-content\/uploads\/sites\/207\/2021\/03\/rotary_brings_hope.png\" alt=\"\" width=\"73\" height=\"166\" \/>\u00a0 <img loading=\"lazy\" decoding=\"async\" class=\"alignnone wp-image-2140\" src=\"https:\/\/rotary.fi\/raahe\/wp-content\/uploads\/sites\/207\/2021\/03\/mat_caparas-232x300.png\" alt=\"\" width=\"150\" height=\"194\" \/><\/b>\u00a0<img loading=\"lazy\" decoding=\"async\" class=\"alignnone size-medium wp-image-2141\" src=\"https:\/\/rotary.fi\/raahe\/wp-content\/uploads\/sites\/207\/2021\/03\/caparas_ja_kumppanit-300x167.png\" alt=\"\" width=\"300\" height=\"167\" srcset=\"https:\/\/rotary.fi\/raahe\/wp-content\/uploads\/sites\/207\/2021\/03\/caparas_ja_kumppanit-300x167.png 300w, https:\/\/rotary.fi\/raahe\/wp-content\/uploads\/sites\/207\/2021\/03\/caparas_ja_kumppanit.png 465w\" sizes=\"(max-width: 300px) 100vw, 300px\" \/><\/h5>\n<p><strong>Polion h\u00e4vitt\u00e4minen, naiset Rotaryn j\u00e4seniksi, One Rotary Centerin hankkiminen ja RCC (Rotary Community Corps) toiminnan aloittaminen.<\/strong><\/p>\n<h5><b>CHARLES C. KELLER 1987-1988<\/b><\/h5>\n<p><strong>Ensimm\u00e4inen Rotary Peace Forum<\/strong><\/p>\n<p><img loading=\"lazy\" decoding=\"async\" class=\"alignnone wp-image-2148\" src=\"https:\/\/rotary.fi\/raahe\/wp-content\/uploads\/sites\/207\/2021\/03\/rotarians-300x127.png\" alt=\"\" width=\"246\" height=\"104\" \/><\/p>\n<p><img loading=\"lazy\" decoding=\"async\" class=\"alignnone wp-image-2146\" src=\"https:\/\/rotary.fi\/raahe\/wp-content\/uploads\/sites\/207\/2021\/03\/charles_c_keller-210x300.png\" alt=\"\" width=\"158\" height=\"226\" srcset=\"https:\/\/rotary.fi\/raahe\/wp-content\/uploads\/sites\/207\/2021\/03\/charles_c_keller-210x300.png 210w, https:\/\/rotary.fi\/raahe\/wp-content\/uploads\/sites\/207\/2021\/03\/charles_c_keller.png 330w\" sizes=\"(max-width: 158px) 100vw, 158px\" \/>\u00a0 \u00a0 <img loading=\"lazy\" decoding=\"async\" class=\"alignnone wp-image-2147\" src=\"https:\/\/rotary.fi\/raahe\/wp-content\/uploads\/sites\/207\/2021\/03\/charles_c-keller_2-300x200.png\" alt=\"\" width=\"282\" height=\"188\" \/><\/p>\n<p>&nbsp;<\/p>\n<p>&nbsp;<\/p>\n<h5>T\u00e4ss\u00e4 on Virpin esitelm\u00e4n alkuosa,<\/h5>\n<h5>koko esitelm\u00e4 l\u00f6ytyy seuraavasta linkist\u00e4: <span style=\"text-decoration: underline;font-size: 25px\"><a href=\"https:\/\/drive.google.com\/file\/d\/19M0Mt41jJEH0kuLSs_GPFXZt8UkSeU2n\/view?usp=sharing\" target=\"_blank\" rel=\"noopener noreferrer\" title=\"RI-presidenttej\u00e4\">RI-presidenttej\u00e4<\/a><\/span><\/h5>\n<h5><\/h5>\n<h5>Lopuksi tuleva presidentti\u00a0<b>JENNIFER JONES kaudella 2022-2023<\/b><\/h5>\n<p><img loading=\"lazy\" decoding=\"async\" class=\"alignnone wp-image-2135\" src=\"https:\/\/rotary.fi\/raahe\/wp-content\/uploads\/sites\/207\/2021\/03\/jennifer_jones_2-300x200.png\" alt=\"\" width=\"249\" height=\"166\" \/>\u00a0 \u00a0 <img loading=\"lazy\" decoding=\"async\" class=\"alignnone wp-image-2134\" src=\"https:\/\/rotary.fi\/raahe\/wp-content\/uploads\/sites\/207\/2021\/03\/jennifer_jones_1-300x225.png\" alt=\"\" width=\"224\" height=\"168\" \/><\/p>\n<p><strong>Vasemmalla Jennifer Jones. Oikeanpuoleinen kuva: t<\/strong><strong>oinen vasemmalta RID Virpi Honkala, keskell\u00e4 Jennifer Jones.<\/strong><\/p>\n<p>&nbsp;<\/p>\n<p>[\/et_pb_text][\/et_pb_column][\/et_pb_row][\/et_pb_section]<\/p>\n","protected":false},"excerpt":{"rendered":"<p>RAAHEN JA PIETARI BRAHEN ROTARYKLUBIEN JUHLAKOKOUS\u00a0 25.2.2021 \u00a0 RID VIRPI HONKALAN ESITELM\u00c4 Rotary International presidenttej\u00e4 PAUL P. HARRIS 1910-1912 \u00a0 Perusti Rotaryn yhdess\u00e4 kolmen liikekumppaninsa kanssa vuonna 1905. ARCH C. KLUMPH 1916-1917 Ideoi ja aloitti rahaston 1917, josta sittemmin tuli Rotarys\u00e4\u00e4ti\u00f6. AKS eli Arch Klumph Society -j\u00e4senyys mahdollistuu 250000 USD minimilahjoituksella Rotarys\u00e4\u00e4ti\u00f6lle. HERBERT J. TAYLOR [&hellip;]<\/p>\n","protected":false},"author":450,"featured_media":0,"parent":0,"menu_order":0,"comment_status":"closed","ping_status":"closed","template":"","meta":{"_acf_changed":false,"_et_pb_use_builder":"on","_et_pb_old_content":"<h4><b>RAAHEN JA PIETARI BRAHEN ROTARYKLUBIEN JUHLAKOKOUS\u00a0 25.2.2021 \u00a0<\/b><\/h4>\r\n<b>RID VIRPI HONKALAN ESITELM\u00c4<\/b>\r\n<h3><b>\u00a0<\/b><\/h3>\r\n<h5><b>PAUL P. HARRIS 1910-1912<\/b><\/h5>\r\n<img class=\"alignnone wp-image-2125\" src=\"https:\/\/rotary.fi\/raahe\/wp-content\/uploads\/sites\/207\/2021\/03\/paul_harris-300x300.png\" alt=\"\" width=\"202\" height=\"202\" \/>\u00a0 <img class=\"alignnone size-medium wp-image-2126\" src=\"https:\/\/rotary.fi\/raahe\/wp-content\/uploads\/sites\/207\/2021\/03\/perustajajasenet-300x106.png\" alt=\"\" width=\"300\" height=\"106\" \/>\r\n\r\n<strong>Perusti Rotaryn yhdess\u00e4 kolmen liikekumppaninsa kanssa vuonna 1905.<\/strong>\r\n<h5><b>ARCH C. KLUMPH 1916-1917<\/b><\/h5>\r\n<img class=\"alignnone wp-image-2124\" src=\"https:\/\/rotary.fi\/raahe\/wp-content\/uploads\/sites\/207\/2021\/03\/aks-240x300.png\" alt=\"\" width=\"196\" height=\"245\" \/>\r\n\r\n<strong>Ideoi ja aloitti rahaston 1917, josta sittemmin tuli Rotarys\u00e4\u00e4ti\u00f6. AKS eli Arch Klumph Society-j\u00e4senyys mahdollistuu 250000 USD minimilahjoituksella Rotaryr\u00e4\u00e4ti\u00f6lle.<\/strong>\r\n<h5><b>HERBERT J. TAYLOR 1954-1955<\/b><\/h5>\r\n<img class=\"alignnone wp-image-2127\" src=\"https:\/\/rotary.fi\/raahe\/wp-content\/uploads\/sites\/207\/2021\/03\/herbert_taylor-186x300.png\" alt=\"\" width=\"266\" height=\"429\" \/>\r\n\r\n<b>4-KYSYMYKSEN KOE:<\/b>\r\n\r\n<b>Tutki ajatuksesi, sanasi ja tekosi:<\/b>\r\n\r\n1.<b>ONKO T\u00c4M\u00c4 TOTTA?<\/b>\r\n\r\n2.<b>ONKO T\u00c4M\u00c4 OIKEUDENMUKAISTA KAIKKIA ASIANOSAISIA KOHTAAN?<\/b>\r\n\r\n3.<b>LUOKO T\u00c4M\u00c4 HYV\u00c4\u00c4 TAHTOA JA PARANTAAKO T\u00c4M\u00c4 YST\u00c4VYYSSUHTEITA?<\/b>\r\n\r\n4.<b>ONKO T\u00c4M\u00c4 KAIKKIEN OSAPUOLTEN EDUN MUKAISTA?<\/b>\r\n<h5><b>SIR CLEM RENOUF 1978-1979\u00a0 ja JAMES L. BOMAR JR. 1979-1980<\/b><\/h5>\r\n<img class=\"alignnone wp-image-2128\" src=\"https:\/\/rotary.fi\/raahe\/wp-content\/uploads\/sites\/207\/2021\/03\/sir_clem_renouf-268x300.jpg\" alt=\"\" width=\"220\" height=\"246\" \/><img class=\"alignnone wp-image-2129\" src=\"https:\/\/rotary.fi\/raahe\/wp-content\/uploads\/sites\/207\/2021\/03\/james_l_bomar-300x197.jpg\" alt=\"\" width=\"314\" height=\"206\" \/>\r\n\r\n<strong>PolioPlus-ohjelman perustajat. Rauhanty\u00f6 keskeinen asia.<\/strong>\r\n\r\n<b>Kun USA:n Rotaryklubit alkoivat hyv\u00e4ksy\u00e4 naisj\u00e4seni\u00e4 vuonna 1986, Bomar oli vankka tukija ja piti huolen siit\u00e4, ett\u00e4 naiset tunsivat itsens\u00e4 tervetulleiksi Shelbyvillen Rotaryklubiin.\u00a0 \u00a0<\/b>\r\n<h5><b> ROLF KL\u00c4RICH 1980-1981\u00a0 \u00a0 \u00a0<\/b><\/h5>\r\n<img class=\"alignnone wp-image-2131\" src=\"https:\/\/rotary.fi\/raahe\/wp-content\/uploads\/sites\/207\/2021\/03\/rolf_klarich-199x300.png\" alt=\"\" width=\"161\" height=\"243\" \/>\u00a0 \u00a0 <img class=\"alignnone wp-image-2132\" src=\"https:\/\/rotary.fi\/raahe\/wp-content\/uploads\/sites\/207\/2021\/03\/take_time_to_serve-132x300.png\" alt=\"\" width=\"105\" height=\"239\" \/>\r\n\r\n<strong>Ainoa suomalainen RI presidentti. Oulusta l\u00e4ht\u00f6isin oleva Merijalin omistaja ja toimitusjohtaja, Britannian konsuli.<\/strong>\r\n\r\n<strong>Kl\u00e4richin saavutuksiin kuului Rotary-toiminnan vieminen Neuvostoliittoon ja <\/strong>\r\n\r\n<strong>Baltian maihin.<\/strong>\r\n<h5><b>M.A.T. CAPARAS 1986-1987<\/b><\/h5>\r\n<h5><b> <img class=\"alignnone wp-image-2142\" src=\"https:\/\/rotary.fi\/raahe\/wp-content\/uploads\/sites\/207\/2021\/03\/rotary_brings_hope.png\" alt=\"\" width=\"73\" height=\"166\" \/>\u00a0 <img class=\"alignnone wp-image-2140\" src=\"https:\/\/rotary.fi\/raahe\/wp-content\/uploads\/sites\/207\/2021\/03\/mat_caparas-232x300.png\" alt=\"\" width=\"150\" height=\"194\" \/><\/b>\u00a0<img class=\"alignnone size-medium wp-image-2141\" src=\"https:\/\/rotary.fi\/raahe\/wp-content\/uploads\/sites\/207\/2021\/03\/caparas_ja_kumppanit-300x167.png\" alt=\"\" width=\"300\" height=\"167\" \/><\/h5>\r\n<strong>Polion h\u00e4vitt\u00e4minen, naiset Rotaryn j\u00e4seniksi, One Rotary Centerin hankkiminen ja RCC (Rotary Community Corps) toiminnan aloittaminen.<\/strong>\r\n<h5><b>CHARLES C. KELLER 1987-1988<\/b><\/h5>\r\n<strong>Ensimm\u00e4inen Rotary Peace Forum<\/strong>\r\n\r\n<img class=\"alignnone wp-image-2148\" src=\"https:\/\/rotary.fi\/raahe\/wp-content\/uploads\/sites\/207\/2021\/03\/rotarians-300x127.png\" alt=\"\" width=\"246\" height=\"104\" \/>\r\n\r\n<img class=\"alignnone wp-image-2146\" src=\"https:\/\/rotary.fi\/raahe\/wp-content\/uploads\/sites\/207\/2021\/03\/charles_c_keller-210x300.png\" alt=\"\" width=\"158\" height=\"226\" \/>\u00a0 \u00a0 <img class=\"alignnone wp-image-2147\" src=\"https:\/\/rotary.fi\/raahe\/wp-content\/uploads\/sites\/207\/2021\/03\/charles_c-keller_2-300x200.png\" alt=\"\" width=\"282\" height=\"188\" \/>\r\n\r\n\u00a0\r\n\r\n\u00a0\r\n<h5>Rotary International presidenttien esittely jatkuu, linkki tulee my\u00f6hemmin.<\/h5>\r\n<h5>Lopuksi tuleva presidentti kaudella 2022-2023:<\/h5>\r\n<h5><b>JENNIFER JONES 2022-2023<\/b><\/h5>\r\n<img class=\"alignnone wp-image-2135\" src=\"https:\/\/rotary.fi\/raahe\/wp-content\/uploads\/sites\/207\/2021\/03\/jennifer_jones_2-300x200.png\" alt=\"\" width=\"249\" height=\"166\" \/>\u00a0 \u00a0 <img class=\"alignnone wp-image-2134\" src=\"https:\/\/rotary.fi\/raahe\/wp-content\/uploads\/sites\/207\/2021\/03\/jennifer_jones_1-300x225.png\" alt=\"\" width=\"224\" height=\"168\" \/>\r\n\r\n<strong>Vasemmalla Jennifer Jones. Oikeanpuoleinen kuva: t<\/strong><strong>oinen vasemmalta RID Virpi Honkala, keskell\u00e4 Jennifer Jones.<\/strong>\r\n\r\n\u00a0","_et_gb_content_width":"","footnotes":""},"class_list":["post-2123","page","type-page","status-publish","hentry"],"acf":[],"yoast_head":"<!-- This site is optimized with the Yoast SEO plugin v27.4 - https:\/\/yoast.com\/product\/yoast-seo-wordpress\/ -->\n<title>Rotary International presidenttej\u00e4 - Raahen Rotaryklubi ry<\/title>\n<meta name=\"robots\" content=\"index, follow, max-snippet:-1, max-image-preview:large, max-video-preview:-1\" \/>\n<link rel=\"canonical\" href=\"https:\/\/rotary.fi\/raahe\/rotary-international-presidentteja\/\" \/>\n<meta property=\"og:locale\" content=\"fi_FI\" \/>\n<meta property=\"og:type\" content=\"article\" \/>\n<meta property=\"og:title\" content=\"Rotary International presidenttej\u00e4 - Raahen Rotaryklubi ry\" \/>\n<meta property=\"og:description\" content=\"RAAHEN JA PIETARI BRAHEN ROTARYKLUBIEN JUHLAKOKOUS\u00a0 25.2.2021 \u00a0 RID VIRPI HONKALAN ESITELM\u00c4 Rotary International presidenttej\u00e4 PAUL P. HARRIS 1910-1912 \u00a0 Perusti Rotaryn yhdess\u00e4 kolmen liikekumppaninsa kanssa vuonna 1905. ARCH C. KLUMPH 1916-1917 Ideoi ja aloitti rahaston 1917, josta sittemmin tuli Rotarys\u00e4\u00e4ti\u00f6. AKS eli Arch Klumph Society -j\u00e4senyys mahdollistuu 250000 USD minimilahjoituksella Rotarys\u00e4\u00e4ti\u00f6lle. HERBERT J. TAYLOR [&hellip;]\" \/>\n<meta property=\"og:url\" content=\"https:\/\/rotary.fi\/raahe\/rotary-international-presidentteja\/\" \/>\n<meta property=\"og:site_name\" content=\"Raahen Rotaryklubi ry\" \/>\n<meta property=\"article:modified_time\" content=\"2021-12-01T10:34:24+00:00\" \/>\n<meta property=\"og:image\" content=\"https:\/\/rotary.fi\/raahe\/wp-content\/uploads\/sites\/207\/2021\/03\/paul_harris-300x300.png\" \/>\n<meta name=\"twitter:card\" content=\"summary_large_image\" \/>\n<meta name=\"twitter:label1\" content=\"Arvioitu lukuaika\" \/>\n\t<meta name=\"twitter:data1\" content=\"1 minuutti\" \/>\n<script type=\"application\/ld+json\" class=\"yoast-schema-graph\">{\"@context\":\"https:\\\/\\\/schema.org\",\"@graph\":[{\"@type\":\"WebPage\",\"@id\":\"https:\\\/\\\/rotary.fi\\\/raahe\\\/rotary-international-presidentteja\\\/\",\"url\":\"https:\\\/\\\/rotary.fi\\\/raahe\\\/rotary-international-presidentteja\\\/\",\"name\":\"Rotary International presidenttej\u00e4 - Raahen Rotaryklubi ry\",\"isPartOf\":{\"@id\":\"https:\\\/\\\/rotary.fi\\\/raahe\\\/#website\"},\"primaryImageOfPage\":{\"@id\":\"https:\\\/\\\/rotary.fi\\\/raahe\\\/rotary-international-presidentteja\\\/#primaryimage\"},\"image\":{\"@id\":\"https:\\\/\\\/rotary.fi\\\/raahe\\\/rotary-international-presidentteja\\\/#primaryimage\"},\"thumbnailUrl\":\"https:\\\/\\\/rotary.fi\\\/raahe\\\/wp-content\\\/uploads\\\/sites\\\/207\\\/2021\\\/03\\\/paul_harris-300x300.png\",\"datePublished\":\"2021-03-16T11:38:53+00:00\",\"dateModified\":\"2021-12-01T10:34:24+00:00\",\"breadcrumb\":{\"@id\":\"https:\\\/\\\/rotary.fi\\\/raahe\\\/rotary-international-presidentteja\\\/#breadcrumb\"},\"inLanguage\":\"fi\",\"potentialAction\":[{\"@type\":\"ReadAction\",\"target\":[\"https:\\\/\\\/rotary.fi\\\/raahe\\\/rotary-international-presidentteja\\\/\"]}]},{\"@type\":\"ImageObject\",\"inLanguage\":\"fi\",\"@id\":\"https:\\\/\\\/rotary.fi\\\/raahe\\\/rotary-international-presidentteja\\\/#primaryimage\",\"url\":\"https:\\\/\\\/rotary.fi\\\/raahe\\\/wp-content\\\/uploads\\\/sites\\\/207\\\/2021\\\/03\\\/paul_harris.png\",\"contentUrl\":\"https:\\\/\\\/rotary.fi\\\/raahe\\\/wp-content\\\/uploads\\\/sites\\\/207\\\/2021\\\/03\\\/paul_harris.png\",\"width\":519,\"height\":520},{\"@type\":\"BreadcrumbList\",\"@id\":\"https:\\\/\\\/rotary.fi\\\/raahe\\\/rotary-international-presidentteja\\\/#breadcrumb\",\"itemListElement\":[{\"@type\":\"ListItem\",\"position\":1,\"name\":\"Home\",\"item\":\"https:\\\/\\\/rotary.fi\\\/raahe\\\/\"},{\"@type\":\"ListItem\",\"position\":2,\"name\":\"Rotary International presidenttej\u00e4\"}]},{\"@type\":\"WebSite\",\"@id\":\"https:\\\/\\\/rotary.fi\\\/raahe\\\/#website\",\"url\":\"https:\\\/\\\/rotary.fi\\\/raahe\\\/\",\"name\":\"Raahen Rotaryklubi ry\",\"description\":\"Uusi Rotary klubisivusto\",\"potentialAction\":[{\"@type\":\"SearchAction\",\"target\":{\"@type\":\"EntryPoint\",\"urlTemplate\":\"https:\\\/\\\/rotary.fi\\\/raahe\\\/?s={search_term_string}\"},\"query-input\":{\"@type\":\"PropertyValueSpecification\",\"valueRequired\":true,\"valueName\":\"search_term_string\"}}],\"inLanguage\":\"fi\"}]}<\/script>\n<!-- \/ Yoast SEO plugin. -->","yoast_head_json":{"title":"Rotary International presidenttej\u00e4 - Raahen Rotaryklubi ry","robots":{"index":"index","follow":"follow","max-snippet":"max-snippet:-1","max-image-preview":"max-image-preview:large","max-video-preview":"max-video-preview:-1"},"canonical":"https:\/\/rotary.fi\/raahe\/rotary-international-presidentteja\/","og_locale":"fi_FI","og_type":"article","og_title":"Rotary International presidenttej\u00e4 - Raahen Rotaryklubi ry","og_description":"RAAHEN JA PIETARI BRAHEN ROTARYKLUBIEN JUHLAKOKOUS\u00a0 25.2.2021 \u00a0 RID VIRPI HONKALAN ESITELM\u00c4 Rotary International presidenttej\u00e4 PAUL P. HARRIS 1910-1912 \u00a0 Perusti Rotaryn yhdess\u00e4 kolmen liikekumppaninsa kanssa vuonna 1905. ARCH C. KLUMPH 1916-1917 Ideoi ja aloitti rahaston 1917, josta sittemmin tuli Rotarys\u00e4\u00e4ti\u00f6. AKS eli Arch Klumph Society -j\u00e4senyys mahdollistuu 250000 USD minimilahjoituksella Rotarys\u00e4\u00e4ti\u00f6lle. HERBERT J. TAYLOR [&hellip;]","og_url":"https:\/\/rotary.fi\/raahe\/rotary-international-presidentteja\/","og_site_name":"Raahen Rotaryklubi ry","article_modified_time":"2021-12-01T10:34:24+00:00","og_image":[{"url":"https:\/\/rotary.fi\/raahe\/wp-content\/uploads\/sites\/207\/2021\/03\/paul_harris-300x300.png","type":"","width":"","height":""}],"twitter_card":"summary_large_image","twitter_misc":{"Arvioitu lukuaika":"1 minuutti"},"schema":{"@context":"https:\/\/schema.org","@graph":[{"@type":"WebPage","@id":"https:\/\/rotary.fi\/raahe\/rotary-international-presidentteja\/","url":"https:\/\/rotary.fi\/raahe\/rotary-international-presidentteja\/","name":"Rotary International presidenttej\u00e4 - Raahen Rotaryklubi ry","isPartOf":{"@id":"https:\/\/rotary.fi\/raahe\/#website"},"primaryImageOfPage":{"@id":"https:\/\/rotary.fi\/raahe\/rotary-international-presidentteja\/#primaryimage"},"image":{"@id":"https:\/\/rotary.fi\/raahe\/rotary-international-presidentteja\/#primaryimage"},"thumbnailUrl":"https:\/\/rotary.fi\/raahe\/wp-content\/uploads\/sites\/207\/2021\/03\/paul_harris-300x300.png","datePublished":"2021-03-16T11:38:53+00:00","dateModified":"2021-12-01T10:34:24+00:00","breadcrumb":{"@id":"https:\/\/rotary.fi\/raahe\/rotary-international-presidentteja\/#breadcrumb"},"inLanguage":"fi","potentialAction":[{"@type":"ReadAction","target":["https:\/\/rotary.fi\/raahe\/rotary-international-presidentteja\/"]}]},{"@type":"ImageObject","inLanguage":"fi","@id":"https:\/\/rotary.fi\/raahe\/rotary-international-presidentteja\/#primaryimage","url":"https:\/\/rotary.fi\/raahe\/wp-content\/uploads\/sites\/207\/2021\/03\/paul_harris.png","contentUrl":"https:\/\/rotary.fi\/raahe\/wp-content\/uploads\/sites\/207\/2021\/03\/paul_harris.png","width":519,"height":520},{"@type":"BreadcrumbList","@id":"https:\/\/rotary.fi\/raahe\/rotary-international-presidentteja\/#breadcrumb","itemListElement":[{"@type":"ListItem","position":1,"name":"Home","item":"https:\/\/rotary.fi\/raahe\/"},{"@type":"ListItem","position":2,"name":"Rotary International presidenttej\u00e4"}]},{"@type":"WebSite","@id":"https:\/\/rotary.fi\/raahe\/#website","url":"https:\/\/rotary.fi\/raahe\/","name":"Raahen Rotaryklubi ry","description":"Uusi Rotary klubisivusto","potentialAction":[{"@type":"SearchAction","target":{"@type":"EntryPoint","urlTemplate":"https:\/\/rotary.fi\/raahe\/?s={search_term_string}"},"query-input":{"@type":"PropertyValueSpecification","valueRequired":true,"valueName":"search_term_string"}}],"inLanguage":"fi"}]}},"lang":"fi","translations":{"fi":2123},"pll_sync_post":[],"_links":{"self":[{"href":"https:\/\/rotary.fi\/raahe\/wp-json\/wp\/v2\/pages\/2123","targetHints":{"allow":["GET"]}}],"collection":[{"href":"https:\/\/rotary.fi\/raahe\/wp-json\/wp\/v2\/pages"}],"about":[{"href":"https:\/\/rotary.fi\/raahe\/wp-json\/wp\/v2\/types\/page"}],"author":[{"embeddable":true,"href":"https:\/\/rotary.fi\/raahe\/wp-json\/wp\/v2\/users\/450"}],"replies":[{"embeddable":true,"href":"https:\/\/rotary.fi\/raahe\/wp-json\/wp\/v2\/comments?post=2123"}],"version-history":[{"count":10,"href":"https:\/\/rotary.fi\/raahe\/wp-json\/wp\/v2\/pages\/2123\/revisions"}],"predecessor-version":[{"id":2492,"href":"https:\/\/rotary.fi\/raahe\/wp-json\/wp\/v2\/pages\/2123\/revisions\/2492"}],"wp:attachment":[{"href":"https:\/\/rotary.fi\/raahe\/wp-json\/wp\/v2\/media?parent=2123"}],"curies":[{"name":"wp","href":"https:\/\/api.w.org\/{rel}","templated":true}]}}