{"id":2075,"date":"2021-02-02T10:46:34","date_gmt":"2021-02-02T08:46:34","guid":{"rendered":"https:\/\/rotary.fi\/raahe\/?page_id=2075"},"modified":"2025-05-08T11:13:16","modified_gmt":"2025-05-08T08:13:16","slug":"jasenten-projektit","status":"publish","type":"page","link":"https:\/\/rotary.fi\/raahe\/jasenten-projektit\/","title":{"rendered":"J\u00e4senten projektit"},"content":{"rendered":"<p>[et_pb_section fb_built=&#8221;1&#8243; module_class=&#8221;jumbotron-page&#8221; _builder_version=&#8221;4.16&#8243; background_image=&#8221;https:\/\/rotary.fi\/raahe\/wp-content\/uploads\/sites\/207\/2021\/02\/032b-bonito-2.jpg&#8221; global_colors_info=&#8221;{}&#8221;][et_pb_row _builder_version=&#8221;4.16&#8243; background_size=&#8221;initial&#8221; background_position=&#8221;top_left&#8221; background_repeat=&#8221;repeat&#8221; global_colors_info=&#8221;{}&#8221;][et_pb_column type=&#8221;4_4&#8243; _builder_version=&#8221;4.16&#8243; custom_padding=&#8221;|||&#8221; global_colors_info=&#8221;{}&#8221; custom_padding__hover=&#8221;|||&#8221;][et_pb_text admin_label=&#8221;P\u00e4\u00e4otsikko&#8221; _builder_version=&#8221;4.16&#8243; text_orientation=&#8221;center&#8221; background_layout=&#8221;dark&#8221; global_colors_info=&#8221;{}&#8221;]<\/p>\n<h1>J\u00e4senten projektit<\/h1>\n<p>[\/et_pb_text][\/et_pb_column][\/et_pb_row][\/et_pb_section][et_pb_section fb_built=&#8221;1&#8243; specialty=&#8221;on&#8221; module_class_2=&#8221;sivupalkki&#8221; _builder_version=&#8221;4.16&#8243; global_colors_info=&#8221;{}&#8221;][et_pb_column type=&#8221;2_3&#8243; specialty_columns=&#8221;2&#8243; _builder_version=&#8221;4.16&#8243; custom_padding=&#8221;|||&#8221; global_colors_info=&#8221;{}&#8221; custom_padding__hover=&#8221;|||&#8221;][et_pb_row_inner admin_label=&#8221;Rivi&#8221; _builder_version=&#8221;4.16&#8243; global_colors_info=&#8221;{}&#8221;][et_pb_column_inner saved_specialty_column_type=&#8221;2_3&#8243; _builder_version=&#8221;4.16&#8243; custom_padding=&#8221;|||&#8221; global_colors_info=&#8221;{}&#8221; custom_padding__hover=&#8221;|||&#8221;][et_pb_text admin_label=&#8221;Otsikko&#8221; _builder_version=&#8221;4.16&#8243; text_orientation=&#8221;center&#8221; global_colors_info=&#8221;{}&#8221;]<\/p>\n<h1>J\u00e4senten projektit<\/h1>\n<p>[\/et_pb_text][et_pb_text _builder_version=&#8221;4.16&#8243; global_colors_info=&#8221;{}&#8221;]<\/p>\n<p><span style=\"color: #8300e9\"><strong>T\u00e4ll\u00e4 sivulla esitell\u00e4\u00e4n klubimme j\u00e4senten omia projekteja.<\/strong><\/span><\/p>\n<p><strong>Risto Kallio<\/strong> rakentaa Suomi 100 -venett\u00e4, jonka suunnittelu on alkanut jo vuosia sitten. H\u00e4n valmisti aluksi kaksi pienoiskappaletta, joiden koek\u00e4yt\u00f6n perusteella h\u00e4n suunnitteli lopullisen veneen. N\u00e4ill\u00e4 sivuilla seuraamme veneenrakennuksen etenemist\u00e4 kuvin, tekstein ja videoin.<\/p>\n<p><strong>Erkki Pisil\u00e4<\/strong> on harrastanut kolme ja puoli vuotta huonekalujen entis\u00f6inti\u00e4 Raahe-opiston kursseilla. H\u00e4nen entis\u00f6im\u00e4ns\u00e4 huonekalut ovat joko h\u00e4nen is\u00e4ns\u00e4 valmistamia 1930-luvulta tai per\u00e4isin sukulaisilta. Osa huonekaluista on yli 100 vuotta vanhoja.<\/p>\n<p><strong>Mervi Wuolteenaho-Soralahti\u00a0<\/strong>suunnittelee ja valmistaa jouluisia asetelmia. Alkujaan h\u00e4nen er\u00e4s ty\u00f6kaverinsa pyysi suunnittelemaan ja valmistamaan jouluisen asetelman suvun isoon pitop\u00f6yt\u00e4\u00e4n, josta jalostui my\u00f6hemmin idea tehd\u00e4 joulupuu jokajouluiseen arvontaan ty\u00f6yhteis\u00f6ss\u00e4.<\/p>\n<p>&nbsp;<\/p>\n<p>&nbsp;<\/p>\n<p>[\/et_pb_text][\/et_pb_column_inner][\/et_pb_row_inner][\/et_pb_column][et_pb_column type=&#8221;1_3&#8243; _builder_version=&#8221;4.16&#8243; custom_padding=&#8221;|||&#8221; global_colors_info=&#8221;{}&#8221; custom_padding__hover=&#8221;|||&#8221;][et_pb_sidebar area=&#8221;sidebar-1&#8243; module_class=&#8221;sivupalkki_sisalto&#8221; _builder_version=&#8221;4.16&#8243; locked=&#8221;on&#8221; global_colors_info=&#8221;{}&#8221;]<br \/>\n[\/et_pb_sidebar][\/et_pb_column][\/et_pb_section]<\/p>\n","protected":false},"excerpt":{"rendered":"<p>J\u00e4senten projektitJ\u00e4senten projektitT\u00e4ll\u00e4 sivulla esitell\u00e4\u00e4n klubimme j\u00e4senten omia projekteja. Risto Kallio rakentaa Suomi 100 -venett\u00e4, jonka suunnittelu on alkanut jo vuosia sitten. H\u00e4n valmisti aluksi kaksi pienoiskappaletta, joiden koek\u00e4yt\u00f6n perusteella h\u00e4n suunnitteli lopullisen veneen. N\u00e4ill\u00e4 sivuilla seuraamme veneenrakennuksen etenemist\u00e4 kuvin, tekstein ja videoin. Erkki Pisil\u00e4 on harrastanut kolme ja puoli vuotta huonekalujen entis\u00f6inti\u00e4 Raahe-opiston kursseilla. [&hellip;]<\/p>\n","protected":false},"author":450,"featured_media":0,"parent":0,"menu_order":0,"comment_status":"closed","ping_status":"closed","template":"","meta":{"_acf_changed":false,"_et_pb_use_builder":"on","_et_pb_old_content":"","_et_gb_content_width":"","footnotes":""},"class_list":["post-2075","page","type-page","status-publish","hentry"],"acf":[],"yoast_head":"<!-- This site is optimized with the Yoast SEO plugin v27.0 - https:\/\/yoast.com\/product\/yoast-seo-wordpress\/ -->\n<title>J\u00e4senten projektit - Raahen Rotaryklubi ry<\/title>\n<meta name=\"robots\" content=\"index, follow, max-snippet:-1, max-image-preview:large, max-video-preview:-1\" \/>\n<link rel=\"canonical\" href=\"https:\/\/rotary.fi\/raahe\/jasenten-projektit\/\" \/>\n<meta property=\"og:locale\" content=\"fi_FI\" \/>\n<meta property=\"og:type\" content=\"article\" \/>\n<meta property=\"og:title\" content=\"J\u00e4senten projektit - Raahen Rotaryklubi ry\" \/>\n<meta property=\"og:description\" content=\"J\u00e4senten projektitJ\u00e4senten projektitT\u00e4ll\u00e4 sivulla esitell\u00e4\u00e4n klubimme j\u00e4senten omia projekteja. Risto Kallio rakentaa Suomi 100 -venett\u00e4, jonka suunnittelu on alkanut jo vuosia sitten. H\u00e4n valmisti aluksi kaksi pienoiskappaletta, joiden koek\u00e4yt\u00f6n perusteella h\u00e4n suunnitteli lopullisen veneen. N\u00e4ill\u00e4 sivuilla seuraamme veneenrakennuksen etenemist\u00e4 kuvin, tekstein ja videoin. Erkki Pisil\u00e4 on harrastanut kolme ja puoli vuotta huonekalujen entis\u00f6inti\u00e4 Raahe-opiston kursseilla. [&hellip;]\" \/>\n<meta property=\"og:url\" content=\"https:\/\/rotary.fi\/raahe\/jasenten-projektit\/\" \/>\n<meta property=\"og:site_name\" content=\"Raahen Rotaryklubi ry\" \/>\n<meta property=\"article:modified_time\" content=\"2025-05-08T08:13:16+00:00\" \/>\n<meta name=\"twitter:card\" content=\"summary_large_image\" \/>\n<meta name=\"twitter:label1\" content=\"Arvioitu lukuaika\" \/>\n\t<meta name=\"twitter:data1\" content=\"2 minuuttia\" \/>\n<script type=\"application\/ld+json\" class=\"yoast-schema-graph\">{\"@context\":\"https:\/\/schema.org\",\"@graph\":[{\"@type\":\"WebPage\",\"@id\":\"https:\/\/rotary.fi\/raahe\/jasenten-projektit\/\",\"url\":\"https:\/\/rotary.fi\/raahe\/jasenten-projektit\/\",\"name\":\"J\u00e4senten projektit - Raahen Rotaryklubi ry\",\"isPartOf\":{\"@id\":\"https:\/\/rotary.fi\/raahe\/#website\"},\"datePublished\":\"2021-02-02T08:46:34+00:00\",\"dateModified\":\"2025-05-08T08:13:16+00:00\",\"breadcrumb\":{\"@id\":\"https:\/\/rotary.fi\/raahe\/jasenten-projektit\/#breadcrumb\"},\"inLanguage\":\"fi\",\"potentialAction\":[{\"@type\":\"ReadAction\",\"target\":[\"https:\/\/rotary.fi\/raahe\/jasenten-projektit\/\"]}]},{\"@type\":\"BreadcrumbList\",\"@id\":\"https:\/\/rotary.fi\/raahe\/jasenten-projektit\/#breadcrumb\",\"itemListElement\":[{\"@type\":\"ListItem\",\"position\":1,\"name\":\"Home\",\"item\":\"https:\/\/rotary.fi\/raahe\/\"},{\"@type\":\"ListItem\",\"position\":2,\"name\":\"J\u00e4senten projektit\"}]},{\"@type\":\"WebSite\",\"@id\":\"https:\/\/rotary.fi\/raahe\/#website\",\"url\":\"https:\/\/rotary.fi\/raahe\/\",\"name\":\"Raahen Rotaryklubi ry\",\"description\":\"Uusi Rotary klubisivusto\",\"potentialAction\":[{\"@type\":\"SearchAction\",\"target\":{\"@type\":\"EntryPoint\",\"urlTemplate\":\"https:\/\/rotary.fi\/raahe\/?s={search_term_string}\"},\"query-input\":{\"@type\":\"PropertyValueSpecification\",\"valueRequired\":true,\"valueName\":\"search_term_string\"}}],\"inLanguage\":\"fi\"}]}<\/script>\n<!-- \/ Yoast SEO plugin. -->","yoast_head_json":{"title":"J\u00e4senten projektit - Raahen Rotaryklubi ry","robots":{"index":"index","follow":"follow","max-snippet":"max-snippet:-1","max-image-preview":"max-image-preview:large","max-video-preview":"max-video-preview:-1"},"canonical":"https:\/\/rotary.fi\/raahe\/jasenten-projektit\/","og_locale":"fi_FI","og_type":"article","og_title":"J\u00e4senten projektit - Raahen Rotaryklubi ry","og_description":"J\u00e4senten projektitJ\u00e4senten projektitT\u00e4ll\u00e4 sivulla esitell\u00e4\u00e4n klubimme j\u00e4senten omia projekteja. Risto Kallio rakentaa Suomi 100 -venett\u00e4, jonka suunnittelu on alkanut jo vuosia sitten. H\u00e4n valmisti aluksi kaksi pienoiskappaletta, joiden koek\u00e4yt\u00f6n perusteella h\u00e4n suunnitteli lopullisen veneen. N\u00e4ill\u00e4 sivuilla seuraamme veneenrakennuksen etenemist\u00e4 kuvin, tekstein ja videoin. Erkki Pisil\u00e4 on harrastanut kolme ja puoli vuotta huonekalujen entis\u00f6inti\u00e4 Raahe-opiston kursseilla. [&hellip;]","og_url":"https:\/\/rotary.fi\/raahe\/jasenten-projektit\/","og_site_name":"Raahen Rotaryklubi ry","article_modified_time":"2025-05-08T08:13:16+00:00","twitter_card":"summary_large_image","twitter_misc":{"Arvioitu lukuaika":"2 minuuttia"},"schema":{"@context":"https:\/\/schema.org","@graph":[{"@type":"WebPage","@id":"https:\/\/rotary.fi\/raahe\/jasenten-projektit\/","url":"https:\/\/rotary.fi\/raahe\/jasenten-projektit\/","name":"J\u00e4senten projektit - Raahen Rotaryklubi ry","isPartOf":{"@id":"https:\/\/rotary.fi\/raahe\/#website"},"datePublished":"2021-02-02T08:46:34+00:00","dateModified":"2025-05-08T08:13:16+00:00","breadcrumb":{"@id":"https:\/\/rotary.fi\/raahe\/jasenten-projektit\/#breadcrumb"},"inLanguage":"fi","potentialAction":[{"@type":"ReadAction","target":["https:\/\/rotary.fi\/raahe\/jasenten-projektit\/"]}]},{"@type":"BreadcrumbList","@id":"https:\/\/rotary.fi\/raahe\/jasenten-projektit\/#breadcrumb","itemListElement":[{"@type":"ListItem","position":1,"name":"Home","item":"https:\/\/rotary.fi\/raahe\/"},{"@type":"ListItem","position":2,"name":"J\u00e4senten projektit"}]},{"@type":"WebSite","@id":"https:\/\/rotary.fi\/raahe\/#website","url":"https:\/\/rotary.fi\/raahe\/","name":"Raahen Rotaryklubi ry","description":"Uusi Rotary klubisivusto","potentialAction":[{"@type":"SearchAction","target":{"@type":"EntryPoint","urlTemplate":"https:\/\/rotary.fi\/raahe\/?s={search_term_string}"},"query-input":{"@type":"PropertyValueSpecification","valueRequired":true,"valueName":"search_term_string"}}],"inLanguage":"fi"}]}},"lang":"fi","translations":{"fi":2075},"pll_sync_post":[],"_links":{"self":[{"href":"https:\/\/rotary.fi\/raahe\/wp-json\/wp\/v2\/pages\/2075","targetHints":{"allow":["GET"]}}],"collection":[{"href":"https:\/\/rotary.fi\/raahe\/wp-json\/wp\/v2\/pages"}],"about":[{"href":"https:\/\/rotary.fi\/raahe\/wp-json\/wp\/v2\/types\/page"}],"author":[{"embeddable":true,"href":"https:\/\/rotary.fi\/raahe\/wp-json\/wp\/v2\/users\/450"}],"replies":[{"embeddable":true,"href":"https:\/\/rotary.fi\/raahe\/wp-json\/wp\/v2\/comments?post=2075"}],"version-history":[{"count":9,"href":"https:\/\/rotary.fi\/raahe\/wp-json\/wp\/v2\/pages\/2075\/revisions"}],"predecessor-version":[{"id":3302,"href":"https:\/\/rotary.fi\/raahe\/wp-json\/wp\/v2\/pages\/2075\/revisions\/3302"}],"wp:attachment":[{"href":"https:\/\/rotary.fi\/raahe\/wp-json\/wp\/v2\/media?parent=2075"}],"curies":[{"name":"wp","href":"https:\/\/api.w.org\/{rel}","templated":true}]}}