{"id":1960,"date":"2021-01-19T15:06:34","date_gmt":"2021-01-19T13:06:34","guid":{"rendered":"https:\/\/rotary.fi\/raahe\/?page_id=1960"},"modified":"2021-03-16T13:46:07","modified_gmt":"2021-03-16T11:46:07","slug":"rotary-internationalin-hallituksen-jasen-virpi-honkala","status":"publish","type":"page","link":"https:\/\/rotary.fi\/raahe\/rotary-internationalin-hallituksen-jasen-virpi-honkala\/","title":{"rendered":"RID Virpi Honkala"},"content":{"rendered":"<p>[et_pb_section fb_built=&#8221;1&#8243; _builder_version=&#8221;3.22&#8243;][et_pb_row _builder_version=&#8221;3.25&#8243; background_size=&#8221;initial&#8221; background_position=&#8221;top_left&#8221; background_repeat=&#8221;repeat&#8221;][et_pb_column type=&#8221;4_4&#8243; _builder_version=&#8221;3.25&#8243; custom_padding=&#8221;|||&#8221; custom_padding__hover=&#8221;|||&#8221;][et_pb_text _builder_version=&#8221;4.4.8&#8243; background_size=&#8221;initial&#8221; background_position=&#8221;top_left&#8221; background_repeat=&#8221;repeat&#8221;]<\/p>\n<p><img loading=\"lazy\" decoding=\"async\" class=\"alignnone size-full wp-image-1961\" src=\"https:\/\/rotary.fi\/raahe\/wp-content\/uploads\/sites\/207\/2021\/01\/virpi_verkkosivuille.png\" alt=\"\" width=\"200\" height=\"234\" \/><\/p>\n<h3>Virpi Honkala<\/h3>\n<h3>Rotary International Director 2020-2022<\/h3>\n<h3>Raahen rotaryklubi ry<\/h3>\n<p><span style=\"font-size: 13.5pt;color: black\">Virpi Honkala ty\u00f6skenteli Raahen sairaalan kirurgian ylil\u00e4\u00e4k\u00e4rin\u00e4 el\u00e4kkeelle j\u00e4\u00e4ntiins\u00e4 asti vuoteen 2014. Vuosina 1989-2010 h\u00e4n toimi sairaalan johtavana l\u00e4\u00e4k\u00e4rin\u00e4. H\u00e4n on WHO:n kansainv\u00e4lisen Terveytt\u00e4 edist\u00e4vien sairaaloiden ja terveyspalveluiden Suomen verkoston perustajaj\u00e4sen ja h\u00e4n on toiminut verkoston puheenjohtajana ja kansallisena koordinaattorina samoin kuin kansainv\u00e4lisen hallituksen j\u00e4senen\u00e4. Vuonna 2015 h\u00e4n sai Suomen presidentin my\u00f6nt\u00e4m\u00e4n l\u00e4\u00e4kint\u00f6neuvoksen arvon.<\/span><\/p>\n<p><span style=\"font-size: 13.5pt;color: black\">Honkala liittyi Rotary-j\u00e4rjest\u00f6\u00f6n vuonna 2001 osallistuttuaan miehens\u00e4 Matin kanssa tulevien piirikuvern\u00f6\u00f6rien ja partnereiden koulutukseen. Matti toimi piirikuvern\u00f6\u00f6rin\u00e4 vuosina 2001-2002. Virpi pit\u00e4\u00e4 yhten\u00e4 hienoimmista saavutuksistaan rotarina intialaisen Pingorin kyl\u00e4n sadeveden keruuprojektia, jonka mahdollisti pitk\u00e4aikainen monipiiriapurahoitus. Vedenkeruuj\u00e4rjestelm\u00e4 on auttanut nostamaan kyl\u00e4n asukkaat k\u00f6yhyydest\u00e4. \u201cKun me menimme takaisin viisi vuotta my\u00f6hemmin, oli kyl\u00e4ss\u00e4 tapahtunut niin h\u00e4mm\u00e4stytt\u00e4v\u00e4 muutos, etten en\u00e4\u00e4 tunnistanut kyl\u00e4\u00e4 samaksi kuin aiemmin\u201d, Virpi kertoo.<\/span><\/p>\n<p><span style=\"font-size: 13.5pt;color: black\">Honkala on palvellut Rotary-j\u00e4rjest\u00f6\u00e4 s\u00e4\u00e4nt\u00f6valtuuskunnan j\u00e4senen\u00e4, RI-presidentin edustajana, RI-koulutusjohtajana, vy\u00f6hykkeiden 15&amp;16 Rotarys\u00e4\u00e4ti\u00f6koordinaattorina ja RI:n johtajuuskoulutuskomitean j\u00e4senen\u00e4. H\u00e4nelle on my\u00f6nnetty sek\u00e4 Rotarys\u00e4\u00e4ti\u00f6n kunniamaininta ett\u00e4 Rotarys\u00e4\u00e4ti\u00f6n korkein kunnianosoitus \u201dDistinguished Service Award\u201d. Virpi ja Matti Honkala ovat Rotarys\u00e4\u00e4ti\u00f6n suurlahjoittajia (Major Donor), Bequest Societyn ja Paul Harris Societyn j\u00e4seni\u00e4.<\/span><\/p>\n<p>&nbsp;<\/p>\n<p>[\/et_pb_text][\/et_pb_column][\/et_pb_row][\/et_pb_section]<\/p>\n","protected":false},"excerpt":{"rendered":"<p>Virpi Honkala Rotary International Director 2020-2022 Raahen rotaryklubi ry Virpi Honkala ty\u00f6skenteli Raahen sairaalan kirurgian ylil\u00e4\u00e4k\u00e4rin\u00e4 el\u00e4kkeelle j\u00e4\u00e4ntiins\u00e4 asti vuoteen 2014. Vuosina 1989-2010 h\u00e4n toimi sairaalan johtavana l\u00e4\u00e4k\u00e4rin\u00e4. H\u00e4n on WHO:n kansainv\u00e4lisen Terveytt\u00e4 edist\u00e4vien sairaaloiden ja terveyspalveluiden Suomen verkoston perustajaj\u00e4sen ja h\u00e4n on toiminut verkoston puheenjohtajana ja kansallisena koordinaattorina samoin kuin kansainv\u00e4lisen hallituksen j\u00e4senen\u00e4. Vuonna [&hellip;]<\/p>\n","protected":false},"author":450,"featured_media":0,"parent":0,"menu_order":0,"comment_status":"closed","ping_status":"closed","template":"","meta":{"_acf_changed":false,"_et_pb_use_builder":"on","_et_pb_old_content":"<p><img class=\"alignnone size-full wp-image-1961\" src=\"https:\/\/rotary.fi\/raahe\/wp-content\/uploads\/sites\/207\/2021\/01\/virpi_verkkosivuille.png\" alt=\"\" width=\"200\" height=\"234\" \/><\/p><h3>Virpi Honkala<\/h3><h3>Rotary International Director 2020-2022<\/h3><h3>Raahen rotaryklubi ry<\/h3><p>Virpi Honkala ty\u00f6skenteli Raahen sairaalan kirurgisen osaston johtajana el\u00e4kkeelle j\u00e4\u00e4ntiins\u00e4 asti vuoteen 2014. Vuosina 1989-2010 h\u00e4n toimi sairaalan johtajana. H\u00e4n on WHO:n kansainv\u00e4lisen terveytt\u00e4 edist\u00e4vien sairaaloiden ja terveyspalveluiden Suomen verkoston perustajaj\u00e4sen ja h\u00e4n on toiminut ryhm\u00e4n puheenjohtajana ja kansallisena koordinaattorina samoin kuin kansainv\u00e4lisen hallituksen j\u00e4senen\u00e4. Vuonna 2015 h\u00e4n sai Suomen presidentin my\u00f6nt\u00e4m\u00e4n l\u00e4\u00e4kint\u00f6neuvoksen arvon palveluistaan l\u00e4\u00e4k\u00e4rin\u00e4.<\/p><p>Honkala liittyi Rotary-j\u00e4rjest\u00f6\u00f6n vuonna 2001 osallistuttuaan miehens\u00e4 Matin kanssa tulevien piirikuvern\u00f6\u00f6rien ja partnereiden koulutukseen. \u00a0Matti toimi piirikuvern\u00f6\u00f6rin\u00e4 vuosina 2001-2002. Virpi pit\u00e4\u00e4 yhten\u00e4 hienoimmista saavutuksistaan rotarina intialaisen Punen kyl\u00e4n sadeveden keruuprojektia, jonka mahdollisti pitk\u00e4aikainen monipiiriapurahoitus. Vedenkeruuj\u00e4rjestelm\u00e4 on auttanut nostamaan kyl\u00e4n asukkaat k\u00f6yhyydest\u00e4. \u201cKun me menimme takaisin viisi vuotta my\u00f6hemmin, oli kyl\u00e4ss\u00e4 tapahtunut niin h\u00e4mm\u00e4stytt\u00e4v\u00e4 muutos, etten en\u00e4\u00e4 tunnistanut kyl\u00e4\u00e4 samaksi kuin aiemmin\u201d, Virpi kertoo.<\/p><p>Honkala on palvellut Rotary-j\u00e4rjest\u00f6\u00e4 s\u00e4\u00e4nt\u00f6valtuuskunnan j\u00e4senen\u00e4, RI-presidentin edustajana, RI-koulutusjohtajana, paikallisena Rotarys\u00e4\u00e4ti\u00f6n koordinaattorina ja johtajuuskoulutuskomitean j\u00e4senen\u00e4. H\u00e4nelle on my\u00f6nnetty sek\u00e4 Rotarys\u00e4\u00e4ti\u00f6n kunniamaininta ett\u00e4 Rotarys\u00e4\u00e4ti\u00f6n korkein kunnianosoitus \u201dDistinguished Service Award\u201d. Virpi ja Matti Honkala ovat saaneet suurlahjoittaja (Major Donor ) -huomionosoituksen lahjoituksistaan Rotarys\u00e4\u00e4ti\u00f6lle ja ovat Bequest Society - ja Paul Harris Fellow - j\u00e4rjest\u00f6jen j\u00e4seni\u00e4.<\/p><p>\u00a0<\/p>","_et_gb_content_width":"","footnotes":""},"class_list":["post-1960","page","type-page","status-publish","hentry"],"acf":[],"yoast_head":"<!-- This site is optimized with the Yoast SEO plugin v27.4 - https:\/\/yoast.com\/product\/yoast-seo-wordpress\/ -->\n<title>RID Virpi Honkala - Raahen Rotaryklubi ry<\/title>\n<meta name=\"robots\" content=\"index, follow, max-snippet:-1, max-image-preview:large, max-video-preview:-1\" \/>\n<link rel=\"canonical\" href=\"https:\/\/rotary.fi\/raahe\/rotary-internationalin-hallituksen-jasen-virpi-honkala\/\" \/>\n<meta property=\"og:locale\" content=\"fi_FI\" \/>\n<meta property=\"og:type\" content=\"article\" \/>\n<meta property=\"og:title\" content=\"RID Virpi Honkala - Raahen Rotaryklubi ry\" \/>\n<meta property=\"og:description\" content=\"Virpi Honkala Rotary International Director 2020-2022 Raahen rotaryklubi ry Virpi Honkala ty\u00f6skenteli Raahen sairaalan kirurgian ylil\u00e4\u00e4k\u00e4rin\u00e4 el\u00e4kkeelle j\u00e4\u00e4ntiins\u00e4 asti vuoteen 2014. Vuosina 1989-2010 h\u00e4n toimi sairaalan johtavana l\u00e4\u00e4k\u00e4rin\u00e4. H\u00e4n on WHO:n kansainv\u00e4lisen Terveytt\u00e4 edist\u00e4vien sairaaloiden ja terveyspalveluiden Suomen verkoston perustajaj\u00e4sen ja h\u00e4n on toiminut verkoston puheenjohtajana ja kansallisena koordinaattorina samoin kuin kansainv\u00e4lisen hallituksen j\u00e4senen\u00e4. Vuonna [&hellip;]\" \/>\n<meta property=\"og:url\" content=\"https:\/\/rotary.fi\/raahe\/rotary-internationalin-hallituksen-jasen-virpi-honkala\/\" \/>\n<meta property=\"og:site_name\" content=\"Raahen Rotaryklubi ry\" \/>\n<meta property=\"article:modified_time\" content=\"2021-03-16T11:46:07+00:00\" \/>\n<meta property=\"og:image\" content=\"https:\/\/rotary.fi\/raahe\/wp-content\/uploads\/sites\/207\/2021\/01\/virpi_verkkosivuille.png\" \/>\n<meta name=\"twitter:card\" content=\"summary_large_image\" \/>\n<meta name=\"twitter:label1\" content=\"Arvioitu lukuaika\" \/>\n\t<meta name=\"twitter:data1\" content=\"1 minuutti\" \/>\n<script type=\"application\/ld+json\" class=\"yoast-schema-graph\">{\"@context\":\"https:\\\/\\\/schema.org\",\"@graph\":[{\"@type\":\"WebPage\",\"@id\":\"https:\\\/\\\/rotary.fi\\\/raahe\\\/rotary-internationalin-hallituksen-jasen-virpi-honkala\\\/\",\"url\":\"https:\\\/\\\/rotary.fi\\\/raahe\\\/rotary-internationalin-hallituksen-jasen-virpi-honkala\\\/\",\"name\":\"RID Virpi Honkala - Raahen Rotaryklubi ry\",\"isPartOf\":{\"@id\":\"https:\\\/\\\/rotary.fi\\\/raahe\\\/#website\"},\"primaryImageOfPage\":{\"@id\":\"https:\\\/\\\/rotary.fi\\\/raahe\\\/rotary-internationalin-hallituksen-jasen-virpi-honkala\\\/#primaryimage\"},\"image\":{\"@id\":\"https:\\\/\\\/rotary.fi\\\/raahe\\\/rotary-internationalin-hallituksen-jasen-virpi-honkala\\\/#primaryimage\"},\"thumbnailUrl\":\"https:\\\/\\\/rotary.fi\\\/raahe\\\/wp-content\\\/uploads\\\/sites\\\/207\\\/2021\\\/01\\\/virpi_verkkosivuille.png\",\"datePublished\":\"2021-01-19T13:06:34+00:00\",\"dateModified\":\"2021-03-16T11:46:07+00:00\",\"breadcrumb\":{\"@id\":\"https:\\\/\\\/rotary.fi\\\/raahe\\\/rotary-internationalin-hallituksen-jasen-virpi-honkala\\\/#breadcrumb\"},\"inLanguage\":\"fi\",\"potentialAction\":[{\"@type\":\"ReadAction\",\"target\":[\"https:\\\/\\\/rotary.fi\\\/raahe\\\/rotary-internationalin-hallituksen-jasen-virpi-honkala\\\/\"]}]},{\"@type\":\"ImageObject\",\"inLanguage\":\"fi\",\"@id\":\"https:\\\/\\\/rotary.fi\\\/raahe\\\/rotary-internationalin-hallituksen-jasen-virpi-honkala\\\/#primaryimage\",\"url\":\"https:\\\/\\\/rotary.fi\\\/raahe\\\/wp-content\\\/uploads\\\/sites\\\/207\\\/2021\\\/01\\\/virpi_verkkosivuille.png\",\"contentUrl\":\"https:\\\/\\\/rotary.fi\\\/raahe\\\/wp-content\\\/uploads\\\/sites\\\/207\\\/2021\\\/01\\\/virpi_verkkosivuille.png\",\"width\":200,\"height\":234},{\"@type\":\"BreadcrumbList\",\"@id\":\"https:\\\/\\\/rotary.fi\\\/raahe\\\/rotary-internationalin-hallituksen-jasen-virpi-honkala\\\/#breadcrumb\",\"itemListElement\":[{\"@type\":\"ListItem\",\"position\":1,\"name\":\"Home\",\"item\":\"https:\\\/\\\/rotary.fi\\\/raahe\\\/\"},{\"@type\":\"ListItem\",\"position\":2,\"name\":\"RID Virpi Honkala\"}]},{\"@type\":\"WebSite\",\"@id\":\"https:\\\/\\\/rotary.fi\\\/raahe\\\/#website\",\"url\":\"https:\\\/\\\/rotary.fi\\\/raahe\\\/\",\"name\":\"Raahen Rotaryklubi ry\",\"description\":\"Uusi Rotary klubisivusto\",\"potentialAction\":[{\"@type\":\"SearchAction\",\"target\":{\"@type\":\"EntryPoint\",\"urlTemplate\":\"https:\\\/\\\/rotary.fi\\\/raahe\\\/?s={search_term_string}\"},\"query-input\":{\"@type\":\"PropertyValueSpecification\",\"valueRequired\":true,\"valueName\":\"search_term_string\"}}],\"inLanguage\":\"fi\"}]}<\/script>\n<!-- \/ Yoast SEO plugin. -->","yoast_head_json":{"title":"RID Virpi Honkala - Raahen Rotaryklubi ry","robots":{"index":"index","follow":"follow","max-snippet":"max-snippet:-1","max-image-preview":"max-image-preview:large","max-video-preview":"max-video-preview:-1"},"canonical":"https:\/\/rotary.fi\/raahe\/rotary-internationalin-hallituksen-jasen-virpi-honkala\/","og_locale":"fi_FI","og_type":"article","og_title":"RID Virpi Honkala - Raahen Rotaryklubi ry","og_description":"Virpi Honkala Rotary International Director 2020-2022 Raahen rotaryklubi ry Virpi Honkala ty\u00f6skenteli Raahen sairaalan kirurgian ylil\u00e4\u00e4k\u00e4rin\u00e4 el\u00e4kkeelle j\u00e4\u00e4ntiins\u00e4 asti vuoteen 2014. Vuosina 1989-2010 h\u00e4n toimi sairaalan johtavana l\u00e4\u00e4k\u00e4rin\u00e4. H\u00e4n on WHO:n kansainv\u00e4lisen Terveytt\u00e4 edist\u00e4vien sairaaloiden ja terveyspalveluiden Suomen verkoston perustajaj\u00e4sen ja h\u00e4n on toiminut verkoston puheenjohtajana ja kansallisena koordinaattorina samoin kuin kansainv\u00e4lisen hallituksen j\u00e4senen\u00e4. Vuonna [&hellip;]","og_url":"https:\/\/rotary.fi\/raahe\/rotary-internationalin-hallituksen-jasen-virpi-honkala\/","og_site_name":"Raahen Rotaryklubi ry","article_modified_time":"2021-03-16T11:46:07+00:00","og_image":[{"url":"https:\/\/rotary.fi\/raahe\/wp-content\/uploads\/sites\/207\/2021\/01\/virpi_verkkosivuille.png","type":"","width":"","height":""}],"twitter_card":"summary_large_image","twitter_misc":{"Arvioitu lukuaika":"1 minuutti"},"schema":{"@context":"https:\/\/schema.org","@graph":[{"@type":"WebPage","@id":"https:\/\/rotary.fi\/raahe\/rotary-internationalin-hallituksen-jasen-virpi-honkala\/","url":"https:\/\/rotary.fi\/raahe\/rotary-internationalin-hallituksen-jasen-virpi-honkala\/","name":"RID Virpi Honkala - Raahen Rotaryklubi ry","isPartOf":{"@id":"https:\/\/rotary.fi\/raahe\/#website"},"primaryImageOfPage":{"@id":"https:\/\/rotary.fi\/raahe\/rotary-internationalin-hallituksen-jasen-virpi-honkala\/#primaryimage"},"image":{"@id":"https:\/\/rotary.fi\/raahe\/rotary-internationalin-hallituksen-jasen-virpi-honkala\/#primaryimage"},"thumbnailUrl":"https:\/\/rotary.fi\/raahe\/wp-content\/uploads\/sites\/207\/2021\/01\/virpi_verkkosivuille.png","datePublished":"2021-01-19T13:06:34+00:00","dateModified":"2021-03-16T11:46:07+00:00","breadcrumb":{"@id":"https:\/\/rotary.fi\/raahe\/rotary-internationalin-hallituksen-jasen-virpi-honkala\/#breadcrumb"},"inLanguage":"fi","potentialAction":[{"@type":"ReadAction","target":["https:\/\/rotary.fi\/raahe\/rotary-internationalin-hallituksen-jasen-virpi-honkala\/"]}]},{"@type":"ImageObject","inLanguage":"fi","@id":"https:\/\/rotary.fi\/raahe\/rotary-internationalin-hallituksen-jasen-virpi-honkala\/#primaryimage","url":"https:\/\/rotary.fi\/raahe\/wp-content\/uploads\/sites\/207\/2021\/01\/virpi_verkkosivuille.png","contentUrl":"https:\/\/rotary.fi\/raahe\/wp-content\/uploads\/sites\/207\/2021\/01\/virpi_verkkosivuille.png","width":200,"height":234},{"@type":"BreadcrumbList","@id":"https:\/\/rotary.fi\/raahe\/rotary-internationalin-hallituksen-jasen-virpi-honkala\/#breadcrumb","itemListElement":[{"@type":"ListItem","position":1,"name":"Home","item":"https:\/\/rotary.fi\/raahe\/"},{"@type":"ListItem","position":2,"name":"RID Virpi Honkala"}]},{"@type":"WebSite","@id":"https:\/\/rotary.fi\/raahe\/#website","url":"https:\/\/rotary.fi\/raahe\/","name":"Raahen Rotaryklubi ry","description":"Uusi Rotary klubisivusto","potentialAction":[{"@type":"SearchAction","target":{"@type":"EntryPoint","urlTemplate":"https:\/\/rotary.fi\/raahe\/?s={search_term_string}"},"query-input":{"@type":"PropertyValueSpecification","valueRequired":true,"valueName":"search_term_string"}}],"inLanguage":"fi"}]}},"lang":"fi","translations":{"fi":1960},"pll_sync_post":[],"_links":{"self":[{"href":"https:\/\/rotary.fi\/raahe\/wp-json\/wp\/v2\/pages\/1960","targetHints":{"allow":["GET"]}}],"collection":[{"href":"https:\/\/rotary.fi\/raahe\/wp-json\/wp\/v2\/pages"}],"about":[{"href":"https:\/\/rotary.fi\/raahe\/wp-json\/wp\/v2\/types\/page"}],"author":[{"embeddable":true,"href":"https:\/\/rotary.fi\/raahe\/wp-json\/wp\/v2\/users\/450"}],"replies":[{"embeddable":true,"href":"https:\/\/rotary.fi\/raahe\/wp-json\/wp\/v2\/comments?post=1960"}],"version-history":[{"count":7,"href":"https:\/\/rotary.fi\/raahe\/wp-json\/wp\/v2\/pages\/1960\/revisions"}],"predecessor-version":[{"id":2159,"href":"https:\/\/rotary.fi\/raahe\/wp-json\/wp\/v2\/pages\/1960\/revisions\/2159"}],"wp:attachment":[{"href":"https:\/\/rotary.fi\/raahe\/wp-json\/wp\/v2\/media?parent=1960"}],"curies":[{"name":"wp","href":"https:\/\/api.w.org\/{rel}","templated":true}]}}