{"id":1927,"date":"2020-12-13T17:07:55","date_gmt":"2020-12-13T15:07:55","guid":{"rendered":"https:\/\/rotary.fi\/raahe\/?page_id=1927"},"modified":"2022-09-13T12:08:05","modified_gmt":"2022-09-13T09:08:05","slug":"veneenrakennus","status":"publish","type":"page","link":"https:\/\/rotary.fi\/raahe\/veneenrakennus\/","title":{"rendered":"Veneenrakennus"},"content":{"rendered":"<p>[et_pb_section fb_built=&#8221;1&#8243; admin_label=&#8221;section&#8221; _builder_version=&#8221;4.16&#8243; global_colors_info=&#8221;{}&#8221;][et_pb_row admin_label=&#8221;row&#8221; _builder_version=&#8221;4.16&#8243; background_size=&#8221;initial&#8221; background_position=&#8221;top_left&#8221; background_repeat=&#8221;repeat&#8221; global_colors_info=&#8221;{}&#8221;][et_pb_column type=&#8221;4_4&#8243; _builder_version=&#8221;4.16&#8243; custom_padding=&#8221;|||&#8221; global_colors_info=&#8221;{}&#8221; custom_padding__hover=&#8221;|||&#8221;][et_pb_text admin_label=&#8221;Text&#8221; _builder_version=&#8221;4.16&#8243; background_size=&#8221;initial&#8221; background_position=&#8221;top_left&#8221; background_repeat=&#8221;repeat&#8221; min_height=&#8221;3026.9px&#8221; global_colors_info=&#8221;{}&#8221;]<\/p>\n<h3><strong>Risto Kallion veneenrakennusprojekti<\/strong><\/h3>\n<p><strong>Risto Kallio<\/strong> aloitti <strong>Suomi 100 -veneen<\/strong> rakennusprojektin suunnittelemalla veneens\u00e4 itse pirtuveneen mallin mukaan. Piirustukset valmistuivat 6.12.2017 itsen\u00e4isen Suomen 100-vuotisp\u00e4iv\u00e4n kunniaksi.<\/p>\n<p>Veneest\u00e4 tulee salonkiveneen mallinen puuvene, jonka pituus on 12 metri\u00e4. Voimal\u00e4htein\u00e4 ovat 10 kW:n s\u00e4hk\u00f6moottori, 60 hv:n per\u00e4moottori ja purjeet. Vene on varsinainen hybridivene eli kun s\u00e4hk\u00f6 loppuu, ajetaan bensalla ja kun bensa loppuu, k\u00e4ytet\u00e4\u00e4n purjeita, aina p\u00e4\u00e4see jonnekin suojaan avomerelt\u00e4. Veneess\u00e4 voi y\u00f6py\u00e4 6 henkil\u00f6\u00e4.<\/p>\n<p>Projektin suunnittelu alkoi noin metrin mittaisen pienoismallin rakentamisella ja testaamisella vuonna 2013 Vietnamissa. Seuraavana vaiheena oli noin viiden metrin mittaisen koemallin valmistus ja testaus uittamalla sit\u00e4 Raahessa Suvirannassa.\u00a0 Onnistuneen testiuiton j\u00e4lkeen alkoi varsinaisen 12-metrisen veneen valmistus Raahen venevarvilla eli Topin hallilla.<\/p>\n<p><img loading=\"lazy\" decoding=\"async\" class=\"alignnone wp-image-1928\" src=\"https:\/\/rotary.fi\/raahe\/wp-content\/uploads\/sites\/207\/2020\/12\/01-kaarikuva-300x232.jpg\" alt=\"\" width=\"266\" height=\"205\" \/> \u00a0 <img loading=\"lazy\" decoding=\"async\" class=\"alignnone wp-image-1929\" src=\"https:\/\/rotary.fi\/raahe\/wp-content\/uploads\/sites\/207\/2020\/12\/012b-malli-suvirannassa-300x225.jpg\" alt=\"\" width=\"275\" height=\"206\" \/><\/p>\n<p>Suomi 100 -veneen ensimm\u00e4iset piirustukset. Niit\u00e4 piti v\u00e4h\u00e4n entrata<\/p>\n<p>ennen lopullisten kaarten tekoa ja pienoismallia.<\/p>\n<p><img loading=\"lazy\" decoding=\"async\" class=\"alignnone wp-image-1930\" src=\"https:\/\/rotary.fi\/raahe\/wp-content\/uploads\/sites\/207\/2020\/12\/025-rannassa-odottaa-koeajoa-300x225.jpg\" alt=\"\" width=\"270\" height=\"203\" \/>\u00a0 \u00a0 <img loading=\"lazy\" decoding=\"async\" class=\"alignnone wp-image-1931\" src=\"https:\/\/rotary.fi\/raahe\/wp-content\/uploads\/sites\/207\/2020\/12\/040-keulan-kaaret-300x225.jpg\" alt=\"\" width=\"268\" height=\"201\" \/><\/p>\n<p>Toinen malli testiuitolle menossa.\u00a0 \u00a0 \u00a0 \u00a0 \u00a0 Lopullisen veneen kaaret.<\/p>\n<p><img loading=\"lazy\" decoding=\"async\" class=\"wp-image-1938 alignnone size-medium\" src=\"https:\/\/rotary.fi\/raahe\/wp-content\/uploads\/sites\/207\/2020\/12\/043-kaarien-linjausta-300x225.jpg\" alt=\"\" width=\"271\" height=\"203\" \/>\u00a0 \u00a0\u00a0<img loading=\"lazy\" decoding=\"async\" class=\"wp-image-1939 alignnone size-medium\" src=\"https:\/\/rotary.fi\/raahe\/wp-content\/uploads\/sites\/207\/2020\/12\/045-rimoitusta-300x225.jpg\" alt=\"\" width=\"267\" height=\"200\" \/><\/p>\n<p>Rungon kaarien linjaus menossa.\u00a0 \u00a0 \u00a0 \u00a0 \u00a0 \u00a0 Rimoitusta.<\/p>\n<p><img loading=\"lazy\" decoding=\"async\" class=\"wp-image-1940 alignnone size-medium\" src=\"https:\/\/rotary.fi\/raahe\/wp-content\/uploads\/sites\/207\/2020\/12\/057-06042020-225x300.jpg\" alt=\"\" width=\"225\" height=\"300\" \/>\u00a0 \u00a0 \u00a0 \u00a0<img loading=\"lazy\" decoding=\"async\" class=\"wp-image-1941 alignnone size-medium\" src=\"https:\/\/rotary.fi\/raahe\/wp-content\/uploads\/sites\/207\/2020\/12\/058-09042020-300x225.jpg\" alt=\"\" width=\"300\" height=\"225\" \/><\/p>\n<p>&nbsp;<\/p>\n<p>T\u00e4ss\u00e4 vaiheessa tarvittiin vingoja\/puristimia melko lailla n. 70 kpl kerrallaan. Niill\u00e4 puristetaan kaks-kerrosrakenteen rimat toisiinsa. Liimana k\u00e4ytetty Sika-tuotetta, meriveden kest\u00e4v\u00e4\u00e4 turpoavaa 1-komponenttista liimaa.<\/p>\n<p>&nbsp;<\/p>\n<p>&nbsp;<\/p>\n<p><img loading=\"lazy\" decoding=\"async\" class=\"wp-image-1942 alignnone size-full\" src=\"https:\/\/rotary.fi\/raahe\/wp-content\/uploads\/sites\/207\/2020\/12\/vene_1.jpg\" alt=\"\" width=\"299\" height=\"224\" \/>\u00a0\u00a0<img loading=\"lazy\" decoding=\"async\" class=\"wp-image-1943 alignnone size-medium\" src=\"https:\/\/rotary.fi\/raahe\/wp-content\/uploads\/sites\/207\/2020\/12\/kuva2-300x225.jpg\" alt=\"\" width=\"300\" height=\"225\" srcset=\"https:\/\/rotary.fi\/raahe\/wp-content\/uploads\/sites\/207\/2020\/12\/kuva2-300x225.jpg 300w, https:\/\/rotary.fi\/raahe\/wp-content\/uploads\/sites\/207\/2020\/12\/kuva2.jpg 312w\" sizes=\"(max-width: 300px) 100vw, 300px\" \/><\/p>\n<p>&nbsp;<\/p>\n<p>T\u00e4ss\u00e4 vaiheessa vene on jo k\u00e4\u00e4nnetty oikein p\u00e4in ja hyt\u00e4n rakentaminen on menossa. N\u00e4m\u00e4 kuvat otettu marraskuussa 2020. T\u00e4m\u00e4 veneen teko on hyv\u00e4 tapa olla koronakaranteenissa.<\/p>\n<p>Helmikuussa 2021 otetuissa kuvissa (alla) hyt\u00e4n rakentaminen on jo hyvin pitk\u00e4ll\u00e4.<\/p>\n<p><img loading=\"lazy\" decoding=\"async\" class=\"wp-image-2114 alignnone size-medium\" src=\"https:\/\/rotary.fi\/raahe\/wp-content\/uploads\/sites\/207\/2021\/03\/img_20210211_140055-2-300x219.jpg\" alt=\"\" width=\"300\" height=\"219\" \/>\u00a0 \u00a0 <img loading=\"lazy\" decoding=\"async\" class=\"wp-image-2115 alignnone size-medium\" src=\"https:\/\/rotary.fi\/raahe\/wp-content\/uploads\/sites\/207\/2021\/03\/img_20210211_141141-2-300x188.jpg\" alt=\"\" width=\"348\" height=\"218\" \/><\/p>\n<p>Vene laskettiin vesille elokuussa 2021 Raahen Pursiseuran satamassa. Viimeistelyty\u00f6 jatkuu edelleen.<\/p>\n<p>Veneeseen rakennetaan mm. masto purjehdusta varten.<\/p>\n<p><img loading=\"lazy\" decoding=\"async\" class=\"wp-image-2356 alignnone size-medium\" src=\"https:\/\/rotary.fi\/raahe\/wp-content\/uploads\/sites\/207\/2021\/08\/riston-vene-vesilla-1-3-300x240.jpg\" alt=\"\" width=\"300\" height=\"240\" \/><\/p>\n<p><img loading=\"lazy\" decoding=\"async\" class=\"wp-image-2355 alignnone \" src=\"https:\/\/rotary.fi\/raahe\/wp-content\/uploads\/sites\/207\/2021\/08\/riston-vene-vesilla-1-2-300x169.jpg\" alt=\"\" width=\"337\" height=\"190\" \/> <img loading=\"lazy\" decoding=\"async\" class=\"wp-image-2354 alignnone \" src=\"https:\/\/rotary.fi\/raahe\/wp-content\/uploads\/sites\/207\/2021\/08\/riston-vene-vesilla-1-1-300x171.jpg\" alt=\"\" width=\"335\" height=\"191\" \/><\/p>\n<p><strong>Videot:\u00a0<\/strong><\/p>\n<p><a href=\"https:\/\/drive.google.com\/file\/d\/1XII_eCvMkvNPb0lifwOtGFg9B9yjWKbO\/view?usp=sharing\" target=\"_blank\" rel=\"noopener noreferrer\"><strong>Suomi 100-vene_1<\/strong><\/a><\/p>\n<p><strong><a title=\"Veneen k\u00e4\u00e4nt\u00f6\" href=\"https:\/\/drive.google.com\/file\/d\/1RvZoKDY_W4GtTy7-yUDWlaHZBM0IWehI\/view?usp=sharing\" target=\"_blank\" rel=\"noopener noreferrer\">Veneen k\u00e4\u00e4nt\u00f6<\/a><\/strong><\/p>\n<p><strong><a href=\"https:\/\/drive.google.com\/file\/d\/1kkE5nwc423JJ_AgYioFBXvIw6O6Vqau0\/view?usp=sharing\">Koeajo 15 solmua<\/a><\/strong><\/p>\n<p><strong>Veneen kastaminen: <a href=\"https:\/\/nam12.safelinks.protection.outlook.com\/?url=https%3A%2F%2Fdrive.google.com%2Fdrive%2Ffolders%2F1gLaIWSZ9k9trBTrsSbbV1x9_nt6dE-2c%3Fusp%3Dsharing&amp;data=05%7C01%7C%7C8018a924caef4acd4b4e08da9566f539%7C84df9e7fe9f640afb435aaaaaaaaaaaa%7C1%7C0%7C637986566677545426%7CUnknown%7CTWFpbGZsb3d8eyJWIjoiMC4wLjAwMDAiLCJQIjoiV2luMzIiLCJBTiI6Ik1haWwiLCJXVCI6Mn0%3D%7C3000%7C%7C%7C&amp;sdata=t%2FSyV394%2BmWDWAaUdzRNLrZaq%2B%2BMOGQWT6c8XdymR%2BE%3D&amp;reserved=0\">kuvia ja videoita<\/a><\/strong><\/p>\n<p><strong><\/strong><\/p>\n<p><strong><\/strong><\/p>\n<p>&nbsp;<\/p>\n<p><strong><\/strong><\/p>\n<p>&nbsp;<\/p>\n<p><strong><\/strong><\/p>\n<p>&nbsp;<\/p>\n<p>&nbsp;<\/p>\n<p>[\/et_pb_text][\/et_pb_column][\/et_pb_row][\/et_pb_section]<\/p>\n","protected":false},"excerpt":{"rendered":"<p>Risto Kallion veneenrakennusprojekti Risto Kallio aloitti Suomi 100 -veneen rakennusprojektin suunnittelemalla veneens\u00e4 itse pirtuveneen mallin mukaan. Piirustukset valmistuivat 6.12.2017 itsen\u00e4isen Suomen 100-vuotisp\u00e4iv\u00e4n kunniaksi. Veneest\u00e4 tulee salonkiveneen mallinen puuvene, jonka pituus on 12 metri\u00e4. Voimal\u00e4htein\u00e4 ovat 10 kW:n s\u00e4hk\u00f6moottori, 60 hv:n per\u00e4moottori ja purjeet. Vene on varsinainen hybridivene eli kun s\u00e4hk\u00f6 loppuu, ajetaan bensalla ja kun [&hellip;]<\/p>\n","protected":false},"author":450,"featured_media":0,"parent":0,"menu_order":0,"comment_status":"closed","ping_status":"closed","template":"","meta":{"_acf_changed":false,"_et_pb_use_builder":"on","_et_pb_old_content":"<p><strong>Risto Kallion veneenrakennusprojekti<\/strong> <strong>Risto Kallio<\/strong> aloitti <strong>Suomi 100 -veneen<\/strong> rakennusprojektin suunnittelemalla veneens\u00e4 itse pirtuveneen mallin mukaan. Piirustukset valmistuivat 6.12.2017 itsen\u00e4isen Suomen 100-vuotisp\u00e4iv\u00e4n kunniaksi. Veneest\u00e4 tulee salonkiveneen mallinen puuvene, jonka pituus on 12 metri\u00e4. Voimal\u00e4htein\u00e4 ovat 10 kW:n s\u00e4hk\u00f6moottori, 60 hv:n per\u00e4moottori ja purjeet. Vene on varsinainen hybridivene eli kun s\u00e4hk\u00f6 loppuu, ajetaan bensalla ja kun bensa loppuu, k\u00e4ytet\u00e4\u00e4n purjeita, aina p\u00e4\u00e4see jonnekin suojaan avomerelt\u00e4. Veneess\u00e4 voi y\u00f6py\u00e4 6 henkil\u00f6\u00e4. Projektin suunnittelu alkoi noin metrin mittaisen pienoismallin rakentamisella ja testaamisella vuonna 2013 Vietnamissa. Seuraavana vaiheena oli noin viiden metrin mittaisen koemallin valmistus ja testaus uittamalla sit\u00e4 Raahessa Suvirannassa.\u00a0 Onnistuneen testiuiton j\u00e4lkeen alkoi varsinaisen 12-metrisen veneen valmistus Raahen venevarvilla eli Topin hallilla. <img class=\"alignnone wp-image-1928\" src=\"https:\/\/rotary.fi\/raahe\/wp-content\/uploads\/sites\/207\/2020\/12\/01-kaarikuva-300x232.jpg\" alt=\"\" width=\"266\" height=\"205\" \/> \u00a0 <img class=\"alignnone wp-image-1929\" src=\"https:\/\/rotary.fi\/raahe\/wp-content\/uploads\/sites\/207\/2020\/12\/012b-malli-suvirannassa-300x225.jpg\" alt=\"\" width=\"275\" height=\"206\" \/> Suomi 100 -veneen ensimm\u00e4iset piirustukset. Niit\u00e4 piti v\u00e4h\u00e4n entrata ennen lopullisten kaarten tekoa ja pienoismalli. <img class=\"alignnone wp-image-1930\" src=\"https:\/\/rotary.fi\/raahe\/wp-content\/uploads\/sites\/207\/2020\/12\/025-rannassa-odottaa-koeajoa-300x225.jpg\" alt=\"\" width=\"270\" height=\"203\" \/>\u00a0 \u00a0 <img class=\"alignnone wp-image-1931\" src=\"https:\/\/rotary.fi\/raahe\/wp-content\/uploads\/sites\/207\/2020\/12\/040-keulan-kaaret-300x225.jpg\" alt=\"\" width=\"268\" height=\"201\" \/> Toinen malli testiuitolle menossa.\u00a0 \u00a0 \u00a0 \u00a0 \u00a0 \u00a0 \u00a0 \u00a0 \u00a0 \u00a0 \u00a0 \u00a0 \u00a0Lopullisen veneen kaaret.<\/p>","_et_gb_content_width":"","footnotes":""},"class_list":["post-1927","page","type-page","status-publish","hentry"],"acf":[],"yoast_head":"<!-- This site is optimized with the Yoast SEO plugin v27.0 - https:\/\/yoast.com\/product\/yoast-seo-wordpress\/ -->\n<title>Veneenrakennus - Raahen Rotaryklubi ry<\/title>\n<meta name=\"robots\" content=\"index, follow, max-snippet:-1, max-image-preview:large, max-video-preview:-1\" \/>\n<link rel=\"canonical\" href=\"https:\/\/rotary.fi\/raahe\/veneenrakennus\/\" \/>\n<meta property=\"og:locale\" content=\"fi_FI\" \/>\n<meta property=\"og:type\" content=\"article\" \/>\n<meta property=\"og:title\" content=\"Veneenrakennus - Raahen Rotaryklubi ry\" \/>\n<meta property=\"og:description\" content=\"Risto Kallion veneenrakennusprojekti Risto Kallio aloitti Suomi 100 -veneen rakennusprojektin suunnittelemalla veneens\u00e4 itse pirtuveneen mallin mukaan. Piirustukset valmistuivat 6.12.2017 itsen\u00e4isen Suomen 100-vuotisp\u00e4iv\u00e4n kunniaksi. Veneest\u00e4 tulee salonkiveneen mallinen puuvene, jonka pituus on 12 metri\u00e4. Voimal\u00e4htein\u00e4 ovat 10 kW:n s\u00e4hk\u00f6moottori, 60 hv:n per\u00e4moottori ja purjeet. Vene on varsinainen hybridivene eli kun s\u00e4hk\u00f6 loppuu, ajetaan bensalla ja kun [&hellip;]\" \/>\n<meta property=\"og:url\" content=\"https:\/\/rotary.fi\/raahe\/veneenrakennus\/\" \/>\n<meta property=\"og:site_name\" content=\"Raahen Rotaryklubi ry\" \/>\n<meta property=\"article:modified_time\" content=\"2022-09-13T09:08:05+00:00\" \/>\n<meta property=\"og:image\" content=\"https:\/\/rotary.fi\/raahe\/wp-content\/uploads\/sites\/207\/2020\/12\/01-kaarikuva-300x232.jpg\" \/>\n<meta name=\"twitter:card\" content=\"summary_large_image\" \/>\n<meta name=\"twitter:label1\" content=\"Arvioitu lukuaika\" \/>\n\t<meta name=\"twitter:data1\" content=\"2 minuuttia\" \/>\n<script type=\"application\/ld+json\" class=\"yoast-schema-graph\">{\"@context\":\"https:\/\/schema.org\",\"@graph\":[{\"@type\":\"WebPage\",\"@id\":\"https:\/\/rotary.fi\/raahe\/veneenrakennus\/\",\"url\":\"https:\/\/rotary.fi\/raahe\/veneenrakennus\/\",\"name\":\"Veneenrakennus - Raahen Rotaryklubi ry\",\"isPartOf\":{\"@id\":\"https:\/\/rotary.fi\/raahe\/#website\"},\"primaryImageOfPage\":{\"@id\":\"https:\/\/rotary.fi\/raahe\/veneenrakennus\/#primaryimage\"},\"image\":{\"@id\":\"https:\/\/rotary.fi\/raahe\/veneenrakennus\/#primaryimage\"},\"thumbnailUrl\":\"https:\/\/rotary.fi\/raahe\/wp-content\/uploads\/sites\/207\/2020\/12\/01-kaarikuva-300x232.jpg\",\"datePublished\":\"2020-12-13T15:07:55+00:00\",\"dateModified\":\"2022-09-13T09:08:05+00:00\",\"breadcrumb\":{\"@id\":\"https:\/\/rotary.fi\/raahe\/veneenrakennus\/#breadcrumb\"},\"inLanguage\":\"fi\",\"potentialAction\":[{\"@type\":\"ReadAction\",\"target\":[\"https:\/\/rotary.fi\/raahe\/veneenrakennus\/\"]}]},{\"@type\":\"ImageObject\",\"inLanguage\":\"fi\",\"@id\":\"https:\/\/rotary.fi\/raahe\/veneenrakennus\/#primaryimage\",\"url\":\"https:\/\/rotary.fi\/raahe\/wp-content\/uploads\/sites\/207\/2020\/12\/01-kaarikuva.jpg\",\"contentUrl\":\"https:\/\/rotary.fi\/raahe\/wp-content\/uploads\/sites\/207\/2020\/12\/01-kaarikuva.jpg\",\"width\":2048,\"height\":1583},{\"@type\":\"BreadcrumbList\",\"@id\":\"https:\/\/rotary.fi\/raahe\/veneenrakennus\/#breadcrumb\",\"itemListElement\":[{\"@type\":\"ListItem\",\"position\":1,\"name\":\"Home\",\"item\":\"https:\/\/rotary.fi\/raahe\/\"},{\"@type\":\"ListItem\",\"position\":2,\"name\":\"Veneenrakennus\"}]},{\"@type\":\"WebSite\",\"@id\":\"https:\/\/rotary.fi\/raahe\/#website\",\"url\":\"https:\/\/rotary.fi\/raahe\/\",\"name\":\"Raahen Rotaryklubi ry\",\"description\":\"Uusi Rotary klubisivusto\",\"potentialAction\":[{\"@type\":\"SearchAction\",\"target\":{\"@type\":\"EntryPoint\",\"urlTemplate\":\"https:\/\/rotary.fi\/raahe\/?s={search_term_string}\"},\"query-input\":{\"@type\":\"PropertyValueSpecification\",\"valueRequired\":true,\"valueName\":\"search_term_string\"}}],\"inLanguage\":\"fi\"}]}<\/script>\n<!-- \/ Yoast SEO plugin. -->","yoast_head_json":{"title":"Veneenrakennus - Raahen Rotaryklubi ry","robots":{"index":"index","follow":"follow","max-snippet":"max-snippet:-1","max-image-preview":"max-image-preview:large","max-video-preview":"max-video-preview:-1"},"canonical":"https:\/\/rotary.fi\/raahe\/veneenrakennus\/","og_locale":"fi_FI","og_type":"article","og_title":"Veneenrakennus - Raahen Rotaryklubi ry","og_description":"Risto Kallion veneenrakennusprojekti Risto Kallio aloitti Suomi 100 -veneen rakennusprojektin suunnittelemalla veneens\u00e4 itse pirtuveneen mallin mukaan. Piirustukset valmistuivat 6.12.2017 itsen\u00e4isen Suomen 100-vuotisp\u00e4iv\u00e4n kunniaksi. Veneest\u00e4 tulee salonkiveneen mallinen puuvene, jonka pituus on 12 metri\u00e4. Voimal\u00e4htein\u00e4 ovat 10 kW:n s\u00e4hk\u00f6moottori, 60 hv:n per\u00e4moottori ja purjeet. Vene on varsinainen hybridivene eli kun s\u00e4hk\u00f6 loppuu, ajetaan bensalla ja kun [&hellip;]","og_url":"https:\/\/rotary.fi\/raahe\/veneenrakennus\/","og_site_name":"Raahen Rotaryklubi ry","article_modified_time":"2022-09-13T09:08:05+00:00","og_image":[{"url":"https:\/\/rotary.fi\/raahe\/wp-content\/uploads\/sites\/207\/2020\/12\/01-kaarikuva-300x232.jpg","type":"","width":"","height":""}],"twitter_card":"summary_large_image","twitter_misc":{"Arvioitu lukuaika":"2 minuuttia"},"schema":{"@context":"https:\/\/schema.org","@graph":[{"@type":"WebPage","@id":"https:\/\/rotary.fi\/raahe\/veneenrakennus\/","url":"https:\/\/rotary.fi\/raahe\/veneenrakennus\/","name":"Veneenrakennus - Raahen Rotaryklubi ry","isPartOf":{"@id":"https:\/\/rotary.fi\/raahe\/#website"},"primaryImageOfPage":{"@id":"https:\/\/rotary.fi\/raahe\/veneenrakennus\/#primaryimage"},"image":{"@id":"https:\/\/rotary.fi\/raahe\/veneenrakennus\/#primaryimage"},"thumbnailUrl":"https:\/\/rotary.fi\/raahe\/wp-content\/uploads\/sites\/207\/2020\/12\/01-kaarikuva-300x232.jpg","datePublished":"2020-12-13T15:07:55+00:00","dateModified":"2022-09-13T09:08:05+00:00","breadcrumb":{"@id":"https:\/\/rotary.fi\/raahe\/veneenrakennus\/#breadcrumb"},"inLanguage":"fi","potentialAction":[{"@type":"ReadAction","target":["https:\/\/rotary.fi\/raahe\/veneenrakennus\/"]}]},{"@type":"ImageObject","inLanguage":"fi","@id":"https:\/\/rotary.fi\/raahe\/veneenrakennus\/#primaryimage","url":"https:\/\/rotary.fi\/raahe\/wp-content\/uploads\/sites\/207\/2020\/12\/01-kaarikuva.jpg","contentUrl":"https:\/\/rotary.fi\/raahe\/wp-content\/uploads\/sites\/207\/2020\/12\/01-kaarikuva.jpg","width":2048,"height":1583},{"@type":"BreadcrumbList","@id":"https:\/\/rotary.fi\/raahe\/veneenrakennus\/#breadcrumb","itemListElement":[{"@type":"ListItem","position":1,"name":"Home","item":"https:\/\/rotary.fi\/raahe\/"},{"@type":"ListItem","position":2,"name":"Veneenrakennus"}]},{"@type":"WebSite","@id":"https:\/\/rotary.fi\/raahe\/#website","url":"https:\/\/rotary.fi\/raahe\/","name":"Raahen Rotaryklubi ry","description":"Uusi Rotary klubisivusto","potentialAction":[{"@type":"SearchAction","target":{"@type":"EntryPoint","urlTemplate":"https:\/\/rotary.fi\/raahe\/?s={search_term_string}"},"query-input":{"@type":"PropertyValueSpecification","valueRequired":true,"valueName":"search_term_string"}}],"inLanguage":"fi"}]}},"lang":"fi","translations":{"fi":1927},"pll_sync_post":[],"_links":{"self":[{"href":"https:\/\/rotary.fi\/raahe\/wp-json\/wp\/v2\/pages\/1927","targetHints":{"allow":["GET"]}}],"collection":[{"href":"https:\/\/rotary.fi\/raahe\/wp-json\/wp\/v2\/pages"}],"about":[{"href":"https:\/\/rotary.fi\/raahe\/wp-json\/wp\/v2\/types\/page"}],"author":[{"embeddable":true,"href":"https:\/\/rotary.fi\/raahe\/wp-json\/wp\/v2\/users\/450"}],"replies":[{"embeddable":true,"href":"https:\/\/rotary.fi\/raahe\/wp-json\/wp\/v2\/comments?post=1927"}],"version-history":[{"count":9,"href":"https:\/\/rotary.fi\/raahe\/wp-json\/wp\/v2\/pages\/1927\/revisions"}],"predecessor-version":[{"id":2736,"href":"https:\/\/rotary.fi\/raahe\/wp-json\/wp\/v2\/pages\/1927\/revisions\/2736"}],"wp:attachment":[{"href":"https:\/\/rotary.fi\/raahe\/wp-json\/wp\/v2\/media?parent=1927"}],"curies":[{"name":"wp","href":"https:\/\/api.w.org\/{rel}","templated":true}]}}