{"id":158,"date":"2018-08-13T09:47:58","date_gmt":"2018-08-13T06:47:58","guid":{"rendered":"https:\/\/rotary.fi\/raahe\/?page_id=158"},"modified":"2020-12-03T15:31:19","modified_gmt":"2020-12-03T13:31:19","slug":"varainhankinta-ja-lahjoitukset","status":"publish","type":"page","link":"https:\/\/rotary.fi\/raahe\/mita-teemme\/varainhankinta-ja-lahjoitukset\/","title":{"rendered":"Varainhankinta ja lahjoitukset"},"content":{"rendered":"<p>[et_pb_section fb_built=&#8221;1&#8243; module_class=&#8221;jumbotron-page&#8221; _builder_version=&#8221;4.4.8&#8243; background_image=&#8221;https:\/\/rotary.fi\/raahe\/wp-content\/uploads\/sites\/207\/2020\/12\/raahen_karuselli.jpg&#8221;][et_pb_row _builder_version=&#8221;3.25&#8243; background_size=&#8221;initial&#8221; background_position=&#8221;top_left&#8221; background_repeat=&#8221;repeat&#8221;][et_pb_column type=&#8221;4_4&#8243; _builder_version=&#8221;3.25&#8243; custom_padding=&#8221;|||&#8221; custom_padding__hover=&#8221;|||&#8221;][et_pb_text admin_label=&#8221;P\u00e4\u00e4otsikko&#8221; _builder_version=&#8221;3.27.4&#8243; text_orientation=&#8221;center&#8221; background_layout=&#8221;dark&#8221;]<\/p>\n<h1>Varainhankinta ja lahjoitukset<\/h1>\n<p>[\/et_pb_text][\/et_pb_column][\/et_pb_row][\/et_pb_section][et_pb_section fb_built=&#8221;1&#8243; specialty=&#8221;on&#8221; module_class_2=&#8221;sivupalkki&#8221; _builder_version=&#8221;3.22&#8243;][et_pb_column type=&#8221;2_3&#8243; specialty_columns=&#8221;2&#8243; _builder_version=&#8221;3.25&#8243; custom_padding=&#8221;|||&#8221; custom_padding__hover=&#8221;|||&#8221;][et_pb_row_inner admin_label=&#8221;Rivi&#8221; _builder_version=&#8221;3.25&#8243;][et_pb_column_inner saved_specialty_column_type=&#8221;2_3&#8243; _builder_version=&#8221;3.25&#8243; custom_padding=&#8221;|||&#8221; custom_padding__hover=&#8221;|||&#8221;][et_pb_text admin_label=&#8221;Varainhankinta ja lahjoitukset &#8211; Otsikko&#8221; _builder_version=&#8221;3.27.4&#8243; text_orientation=&#8221;center&#8221;]<\/p>\n<h1>Varainhankinta ja lahjoitukset<\/h1>\n<p>[\/et_pb_text][et_pb_text _builder_version=&#8221;4.4.8&#8243; hover_enabled=&#8221;0&#8243;]<\/p>\n<h3><\/h3>\n<p>Rotaryklubimme on mukana sek\u00e4 paikallisessa ett\u00e4 maailmanlaajuisessa palveluty\u00f6ss\u00e4 monin eri tavoin. Otamme osaa rotareiden nuorisovaihtoty\u00f6h\u00f6n ja t\u00e4m\u00e4n rahoittamiseksi ker\u00e4\u00e4mme varoja. Osallistumme paikkakunnallamme lukuisiin projekteihin yhdess\u00e4 Pietari Brahen rotaryklubin kanssa.<\/p>\n<h3>Raahen seudun palveluopas<\/h3>\n<p><img loading=\"lazy\" decoding=\"async\" src=\"https:\/\/rotary.fi\/raahe\/wp-content\/uploads\/sites\/207\/2020\/12\/palveluopas-300x172.jpg\" width=\"426\" height=\"245\" alt=\"\" class=\"wp-image-1888 alignnone size-medium\" style=\"margin-left: auto;margin-right: auto\" \/><\/p>\n<p>&nbsp;<\/p>\n<p>Merkitt\u00e4vin varainkeruuprojektimme on Raahen seudun palveluoppaan julkaiseminen. Kev\u00e4\u00e4ll\u00e4 2016 toimitettiin ensimm\u00e4inen palveluopas ja sen j\u00e4lkeen oppaita on julkaistu vuosittain. Vuoden 2020 opas oli viides laatuaan.<\/p>\n<p>Rotarit haluavat palvella alueen asukkaita, yrityksi\u00e4 ja yhteis\u00f6j\u00e4 sek\u00e4 matkailijoita kokoamallaan hakemistolla, josta Raahen palvelut ovat helposti n\u00e4ht\u00e4viss\u00e4.<\/p>\n<p>Palveluoppaiden tuotot jaettiin klubien kesken ja ne k\u00e4ytet\u00e4\u00e4n mm. lasten ja nuorten hyv\u00e4ksi, vaihto-oppilastoimintaan ja Raahen liikennepuiston kunnostamiseen ja yll\u00e4pitoon, Tuottoja on k\u00e4ytetty my\u00f6s poliokampanjaan ja Rotarys\u00e4\u00e4ti\u00f6n humanitaarisiin projekteihin.<\/p>\n<p>&nbsp;<\/p>\n<p>&nbsp;<\/p>\n<p><a href=\"https:\/\/rotary.fi\/raahe\/mita-teemme\/varainhankinta-ja-lahjoitukset\/krookukset\/\"><\/a><\/p>\n<p>[\/et_pb_text][\/et_pb_column_inner][\/et_pb_row_inner][\/et_pb_column][et_pb_column type=&#8221;1_3&#8243; _builder_version=&#8221;3.25&#8243; custom_padding=&#8221;|||&#8221; custom_padding__hover=&#8221;|||&#8221;][et_pb_sidebar area=&#8221;sidebar-1&#8243; module_class=&#8221;sivupalkki_sisalto&#8221; _builder_version=&#8221;3.4.1&#8243; locked=&#8221;on&#8221;]<br \/>\n[\/et_pb_sidebar][\/et_pb_column][\/et_pb_section]<\/p>\n","protected":false},"excerpt":{"rendered":"<p>Varainhankinta ja lahjoitukset Varainhankinta ja lahjoitukset Rotaryklubimme on mukana sek\u00e4 paikallisessa ett\u00e4 maailmanlaajuisessa palveluty\u00f6ss\u00e4 monin eri tavoin. Otamme osaa rotareiden nuorisovaihtoty\u00f6h\u00f6n ja t\u00e4m\u00e4n rahoittamiseksi ker\u00e4\u00e4mme varoja. Osallistumme paikkakunnallamme lukuisiin projekteihin yhdess\u00e4 Pietari Brahen rotaryklubin kanssa. Raahen seudun palveluopas &nbsp; Merkitt\u00e4vin varainkeruuprojektimme on Raahen seudun palveluoppaan julkaiseminen. Kev\u00e4\u00e4ll\u00e4 2016 toimitettiin ensimm\u00e4inen palveluopas ja sen j\u00e4lkeen oppaita [&hellip;]<\/p>\n","protected":false},"author":1,"featured_media":0,"parent":77,"menu_order":0,"comment_status":"closed","ping_status":"closed","template":"","meta":{"_acf_changed":false,"_et_pb_use_builder":"on","_et_pb_old_content":"","_et_gb_content_width":"","footnotes":""},"class_list":["post-158","page","type-page","status-publish","hentry"],"acf":[],"yoast_head":"<!-- This site is optimized with the Yoast SEO plugin v27.4 - https:\/\/yoast.com\/product\/yoast-seo-wordpress\/ -->\n<title>Varainhankinta ja lahjoitukset - Raahen Rotaryklubi ry<\/title>\n<meta name=\"robots\" content=\"index, follow, max-snippet:-1, max-image-preview:large, max-video-preview:-1\" \/>\n<link rel=\"canonical\" href=\"https:\/\/rotary.fi\/raahe\/mita-teemme\/varainhankinta-ja-lahjoitukset\/\" \/>\n<meta property=\"og:locale\" content=\"fi_FI\" \/>\n<meta property=\"og:type\" content=\"article\" \/>\n<meta property=\"og:title\" content=\"Varainhankinta ja lahjoitukset - Raahen Rotaryklubi ry\" \/>\n<meta property=\"og:description\" content=\"Varainhankinta ja lahjoitukset Varainhankinta ja lahjoitukset Rotaryklubimme on mukana sek\u00e4 paikallisessa ett\u00e4 maailmanlaajuisessa palveluty\u00f6ss\u00e4 monin eri tavoin. Otamme osaa rotareiden nuorisovaihtoty\u00f6h\u00f6n ja t\u00e4m\u00e4n rahoittamiseksi ker\u00e4\u00e4mme varoja. Osallistumme paikkakunnallamme lukuisiin projekteihin yhdess\u00e4 Pietari Brahen rotaryklubin kanssa. Raahen seudun palveluopas &nbsp; Merkitt\u00e4vin varainkeruuprojektimme on Raahen seudun palveluoppaan julkaiseminen. Kev\u00e4\u00e4ll\u00e4 2016 toimitettiin ensimm\u00e4inen palveluopas ja sen j\u00e4lkeen oppaita [&hellip;]\" \/>\n<meta property=\"og:url\" content=\"https:\/\/rotary.fi\/raahe\/mita-teemme\/varainhankinta-ja-lahjoitukset\/\" \/>\n<meta property=\"og:site_name\" content=\"Raahen Rotaryklubi ry\" \/>\n<meta property=\"article:modified_time\" content=\"2020-12-03T13:31:19+00:00\" \/>\n<meta property=\"og:image\" content=\"https:\/\/rotary.fi\/raahe\/wp-content\/uploads\/sites\/207\/2020\/12\/palveluopas-300x172.jpg\" \/>\n<meta name=\"twitter:card\" content=\"summary_large_image\" \/>\n<meta name=\"twitter:label1\" content=\"Arvioitu lukuaika\" \/>\n\t<meta name=\"twitter:data1\" content=\"2 minuuttia\" \/>\n<script type=\"application\/ld+json\" class=\"yoast-schema-graph\">{\"@context\":\"https:\\\/\\\/schema.org\",\"@graph\":[{\"@type\":\"WebPage\",\"@id\":\"https:\\\/\\\/rotary.fi\\\/raahe\\\/mita-teemme\\\/varainhankinta-ja-lahjoitukset\\\/\",\"url\":\"https:\\\/\\\/rotary.fi\\\/raahe\\\/mita-teemme\\\/varainhankinta-ja-lahjoitukset\\\/\",\"name\":\"Varainhankinta ja lahjoitukset - Raahen Rotaryklubi ry\",\"isPartOf\":{\"@id\":\"https:\\\/\\\/rotary.fi\\\/raahe\\\/#website\"},\"primaryImageOfPage\":{\"@id\":\"https:\\\/\\\/rotary.fi\\\/raahe\\\/mita-teemme\\\/varainhankinta-ja-lahjoitukset\\\/#primaryimage\"},\"image\":{\"@id\":\"https:\\\/\\\/rotary.fi\\\/raahe\\\/mita-teemme\\\/varainhankinta-ja-lahjoitukset\\\/#primaryimage\"},\"thumbnailUrl\":\"https:\\\/\\\/rotary.fi\\\/raahe\\\/wp-content\\\/uploads\\\/sites\\\/207\\\/2020\\\/12\\\/palveluopas-300x172.jpg\",\"datePublished\":\"2018-08-13T06:47:58+00:00\",\"dateModified\":\"2020-12-03T13:31:19+00:00\",\"breadcrumb\":{\"@id\":\"https:\\\/\\\/rotary.fi\\\/raahe\\\/mita-teemme\\\/varainhankinta-ja-lahjoitukset\\\/#breadcrumb\"},\"inLanguage\":\"fi\",\"potentialAction\":[{\"@type\":\"ReadAction\",\"target\":[\"https:\\\/\\\/rotary.fi\\\/raahe\\\/mita-teemme\\\/varainhankinta-ja-lahjoitukset\\\/\"]}]},{\"@type\":\"ImageObject\",\"inLanguage\":\"fi\",\"@id\":\"https:\\\/\\\/rotary.fi\\\/raahe\\\/mita-teemme\\\/varainhankinta-ja-lahjoitukset\\\/#primaryimage\",\"url\":\"https:\\\/\\\/rotary.fi\\\/raahe\\\/wp-content\\\/uploads\\\/sites\\\/207\\\/2020\\\/12\\\/palveluopas.jpg\",\"contentUrl\":\"https:\\\/\\\/rotary.fi\\\/raahe\\\/wp-content\\\/uploads\\\/sites\\\/207\\\/2020\\\/12\\\/palveluopas.jpg\",\"width\":2048,\"height\":1176},{\"@type\":\"BreadcrumbList\",\"@id\":\"https:\\\/\\\/rotary.fi\\\/raahe\\\/mita-teemme\\\/varainhankinta-ja-lahjoitukset\\\/#breadcrumb\",\"itemListElement\":[{\"@type\":\"ListItem\",\"position\":1,\"name\":\"Home\",\"item\":\"https:\\\/\\\/rotary.fi\\\/raahe\\\/\"},{\"@type\":\"ListItem\",\"position\":2,\"name\":\"Mit\u00e4 teemme\",\"item\":\"https:\\\/\\\/rotary.fi\\\/raahe\\\/mita-teemme\\\/\"},{\"@type\":\"ListItem\",\"position\":3,\"name\":\"Varainhankinta ja lahjoitukset\"}]},{\"@type\":\"WebSite\",\"@id\":\"https:\\\/\\\/rotary.fi\\\/raahe\\\/#website\",\"url\":\"https:\\\/\\\/rotary.fi\\\/raahe\\\/\",\"name\":\"Raahen Rotaryklubi ry\",\"description\":\"Uusi Rotary klubisivusto\",\"potentialAction\":[{\"@type\":\"SearchAction\",\"target\":{\"@type\":\"EntryPoint\",\"urlTemplate\":\"https:\\\/\\\/rotary.fi\\\/raahe\\\/?s={search_term_string}\"},\"query-input\":{\"@type\":\"PropertyValueSpecification\",\"valueRequired\":true,\"valueName\":\"search_term_string\"}}],\"inLanguage\":\"fi\"}]}<\/script>\n<!-- \/ Yoast SEO plugin. -->","yoast_head_json":{"title":"Varainhankinta ja lahjoitukset - Raahen Rotaryklubi ry","robots":{"index":"index","follow":"follow","max-snippet":"max-snippet:-1","max-image-preview":"max-image-preview:large","max-video-preview":"max-video-preview:-1"},"canonical":"https:\/\/rotary.fi\/raahe\/mita-teemme\/varainhankinta-ja-lahjoitukset\/","og_locale":"fi_FI","og_type":"article","og_title":"Varainhankinta ja lahjoitukset - Raahen Rotaryklubi ry","og_description":"Varainhankinta ja lahjoitukset Varainhankinta ja lahjoitukset Rotaryklubimme on mukana sek\u00e4 paikallisessa ett\u00e4 maailmanlaajuisessa palveluty\u00f6ss\u00e4 monin eri tavoin. Otamme osaa rotareiden nuorisovaihtoty\u00f6h\u00f6n ja t\u00e4m\u00e4n rahoittamiseksi ker\u00e4\u00e4mme varoja. Osallistumme paikkakunnallamme lukuisiin projekteihin yhdess\u00e4 Pietari Brahen rotaryklubin kanssa. Raahen seudun palveluopas &nbsp; Merkitt\u00e4vin varainkeruuprojektimme on Raahen seudun palveluoppaan julkaiseminen. Kev\u00e4\u00e4ll\u00e4 2016 toimitettiin ensimm\u00e4inen palveluopas ja sen j\u00e4lkeen oppaita [&hellip;]","og_url":"https:\/\/rotary.fi\/raahe\/mita-teemme\/varainhankinta-ja-lahjoitukset\/","og_site_name":"Raahen Rotaryklubi ry","article_modified_time":"2020-12-03T13:31:19+00:00","og_image":[{"url":"https:\/\/rotary.fi\/raahe\/wp-content\/uploads\/sites\/207\/2020\/12\/palveluopas-300x172.jpg","type":"","width":"","height":""}],"twitter_card":"summary_large_image","twitter_misc":{"Arvioitu lukuaika":"2 minuuttia"},"schema":{"@context":"https:\/\/schema.org","@graph":[{"@type":"WebPage","@id":"https:\/\/rotary.fi\/raahe\/mita-teemme\/varainhankinta-ja-lahjoitukset\/","url":"https:\/\/rotary.fi\/raahe\/mita-teemme\/varainhankinta-ja-lahjoitukset\/","name":"Varainhankinta ja lahjoitukset - Raahen Rotaryklubi ry","isPartOf":{"@id":"https:\/\/rotary.fi\/raahe\/#website"},"primaryImageOfPage":{"@id":"https:\/\/rotary.fi\/raahe\/mita-teemme\/varainhankinta-ja-lahjoitukset\/#primaryimage"},"image":{"@id":"https:\/\/rotary.fi\/raahe\/mita-teemme\/varainhankinta-ja-lahjoitukset\/#primaryimage"},"thumbnailUrl":"https:\/\/rotary.fi\/raahe\/wp-content\/uploads\/sites\/207\/2020\/12\/palveluopas-300x172.jpg","datePublished":"2018-08-13T06:47:58+00:00","dateModified":"2020-12-03T13:31:19+00:00","breadcrumb":{"@id":"https:\/\/rotary.fi\/raahe\/mita-teemme\/varainhankinta-ja-lahjoitukset\/#breadcrumb"},"inLanguage":"fi","potentialAction":[{"@type":"ReadAction","target":["https:\/\/rotary.fi\/raahe\/mita-teemme\/varainhankinta-ja-lahjoitukset\/"]}]},{"@type":"ImageObject","inLanguage":"fi","@id":"https:\/\/rotary.fi\/raahe\/mita-teemme\/varainhankinta-ja-lahjoitukset\/#primaryimage","url":"https:\/\/rotary.fi\/raahe\/wp-content\/uploads\/sites\/207\/2020\/12\/palveluopas.jpg","contentUrl":"https:\/\/rotary.fi\/raahe\/wp-content\/uploads\/sites\/207\/2020\/12\/palveluopas.jpg","width":2048,"height":1176},{"@type":"BreadcrumbList","@id":"https:\/\/rotary.fi\/raahe\/mita-teemme\/varainhankinta-ja-lahjoitukset\/#breadcrumb","itemListElement":[{"@type":"ListItem","position":1,"name":"Home","item":"https:\/\/rotary.fi\/raahe\/"},{"@type":"ListItem","position":2,"name":"Mit\u00e4 teemme","item":"https:\/\/rotary.fi\/raahe\/mita-teemme\/"},{"@type":"ListItem","position":3,"name":"Varainhankinta ja lahjoitukset"}]},{"@type":"WebSite","@id":"https:\/\/rotary.fi\/raahe\/#website","url":"https:\/\/rotary.fi\/raahe\/","name":"Raahen Rotaryklubi ry","description":"Uusi Rotary klubisivusto","potentialAction":[{"@type":"SearchAction","target":{"@type":"EntryPoint","urlTemplate":"https:\/\/rotary.fi\/raahe\/?s={search_term_string}"},"query-input":{"@type":"PropertyValueSpecification","valueRequired":true,"valueName":"search_term_string"}}],"inLanguage":"fi"}]}},"lang":"fi","translations":{"fi":158},"pll_sync_post":[],"_links":{"self":[{"href":"https:\/\/rotary.fi\/raahe\/wp-json\/wp\/v2\/pages\/158","targetHints":{"allow":["GET"]}}],"collection":[{"href":"https:\/\/rotary.fi\/raahe\/wp-json\/wp\/v2\/pages"}],"about":[{"href":"https:\/\/rotary.fi\/raahe\/wp-json\/wp\/v2\/types\/page"}],"author":[{"embeddable":true,"href":"https:\/\/rotary.fi\/raahe\/wp-json\/wp\/v2\/users\/1"}],"replies":[{"embeddable":true,"href":"https:\/\/rotary.fi\/raahe\/wp-json\/wp\/v2\/comments?post=158"}],"version-history":[{"count":12,"href":"https:\/\/rotary.fi\/raahe\/wp-json\/wp\/v2\/pages\/158\/revisions"}],"predecessor-version":[{"id":1891,"href":"https:\/\/rotary.fi\/raahe\/wp-json\/wp\/v2\/pages\/158\/revisions\/1891"}],"up":[{"embeddable":true,"href":"https:\/\/rotary.fi\/raahe\/wp-json\/wp\/v2\/pages\/77"}],"wp:attachment":[{"href":"https:\/\/rotary.fi\/raahe\/wp-json\/wp\/v2\/media?parent=158"}],"curies":[{"name":"wp","href":"https:\/\/api.w.org\/{rel}","templated":true}]}}