{"id":156,"date":"2018-08-13T09:46:59","date_gmt":"2018-08-13T06:46:59","guid":{"rendered":"https:\/\/rotary.fi\/raahe\/?page_id=156"},"modified":"2021-03-20T17:44:57","modified_gmt":"2021-03-20T15:44:57","slug":"projektit","status":"publish","type":"page","link":"https:\/\/rotary.fi\/raahe\/mita-teemme\/projektit\/","title":{"rendered":"Klubin projektit"},"content":{"rendered":"<p>[et_pb_section fb_built=&#8221;1&#8243; module_class=&#8221;jumbotron-page&#8221; _builder_version=&#8221;4.4.8&#8243; background_image=&#8221;https:\/\/rotary.fi\/raahe\/wp-content\/uploads\/sites\/207\/2020\/11\/img_7534_t.jpg&#8221; min_height=&#8221;532px&#8221; custom_padding=&#8221;||1px|||&#8221;][et_pb_row _builder_version=&#8221;3.25&#8243; background_size=&#8221;initial&#8221; background_position=&#8221;top_left&#8221; background_repeat=&#8221;repeat&#8221;][et_pb_column type=&#8221;4_4&#8243; _builder_version=&#8221;3.25&#8243; custom_padding=&#8221;|||&#8221; custom_padding__hover=&#8221;|||&#8221;][et_pb_text admin_label=&#8221;P\u00e4\u00e4otsikko&#8221; _builder_version=&#8221;4.4.8&#8243; text_orientation=&#8221;center&#8221; background_layout=&#8221;dark&#8221;]<\/p>\n<h1>Klubin projektit<\/h1>\n<p>[\/et_pb_text][\/et_pb_column][\/et_pb_row][\/et_pb_section][et_pb_section fb_built=&#8221;1&#8243; specialty=&#8221;on&#8221; module_class_2=&#8221;sivupalkki&#8221; _builder_version=&#8221;3.22&#8243; custom_margin=&#8221;87px|||||&#8221;][et_pb_column type=&#8221;2_3&#8243; specialty_columns=&#8221;2&#8243; _builder_version=&#8221;3.25&#8243; custom_padding=&#8221;|||&#8221; parallax__hover=&#8221;off&#8221; parallax_method__hover=&#8221;on&#8221; custom_padding__hover=&#8221;|||&#8221;][et_pb_row_inner admin_label=&#8221;Rivi&#8221; _builder_version=&#8221;3.25&#8243;][et_pb_column_inner saved_specialty_column_type=&#8221;2_3&#8243; _builder_version=&#8221;3.25&#8243; custom_padding=&#8221;|||&#8221; parallax__hover=&#8221;off&#8221; parallax_method__hover=&#8221;on&#8221; custom_padding__hover=&#8221;|||&#8221;][et_pb_text admin_label=&#8221;Projektit &#8211; Otsikko&#8221; _builder_version=&#8221;3.27.4&#8243; text_orientation=&#8221;center&#8221;]<\/p>\n<h1>Projektit<\/h1>\n<p>[\/et_pb_text][et_pb_text _builder_version=&#8221;4.4.8&#8243; hover_enabled=&#8221;0&#8243;]<\/p>\n<p>&nbsp;<\/p>\n<p><span style=\"color: #8300e9\"><strong><span style=\"color: #000000\">Klubimme merkitt\u00e4vi\u00e4 hankkeita on johdettu projektimaisella toiminnalla. N\u00e4ihin hankkeiseen on liittynyt merkitt\u00e4v\u00e4\u00e4 suunnittelua, budjetointia, rahoituksen j\u00e4rjest\u00e4mist\u00e4 ja paljon ty\u00f6tunteja. Klubin j\u00e4senist\u00f6st\u00e4 on l\u00f6ytynyt merkitt\u00e4v\u00e4\u00e4 osaamista, jota on voitu hy\u00f6dynt\u00e4\u00e4 niin suunnittelussa kuin tekemisess\u00e4kin. T\u00e4ss\u00e4 esitell\u00e4\u00e4n muutamia viime aikaisimmat merkitt\u00e4vimm\u00e4t projektit kuten Raahen liikennepuiston rakentaminen, puiden ja pensaiden istutus Raahen Kampusalueen Arboretumiin ja osallistuminen riksojen hankintaan Raahen vanhuksille.<\/span><\/strong><\/span><\/p>\n<h5><\/h5>\n<p>&nbsp;<\/p>\n<p>&nbsp;<\/p>\n<p><strong><\/strong><\/p>\n<h5 style=\"text-align: center\"><span style=\"color: #0000ff\"><b>R\u00e4ytymiskynttelikk\u00f6<\/b><\/span><\/h5>\n<p><img loading=\"lazy\" decoding=\"async\" src=\"https:\/\/rotary.fi\/raahe\/wp-content\/uploads\/sites\/207\/2020\/11\/img_7710_k-218x300.jpg\" width=\"218\" height=\"300\" alt=\"\" class=\"wp-image-1750 aligncenter size-medium\" \/><\/p>\n<p>Raahen kuuluisat &#8221;r\u00e4ytymiskynttil\u00e4t&#8221; her\u00e4siv\u00e4t henkiin Soveliuksen museosta, kun Raahen Rotaryklubi aloitti niiden valmistuksen. Messinkiset kynttelik\u00f6t olivat serkusten Johan Sovelius ja Catharina Freitag t\u00e4yttym\u00e4tt\u00f6m\u00e4n rakkauden symboli. R\u00e4ytymiskynttil\u00f6it\u00e4 valmistettiin useana vuonna. Raahen kaupunki osti niit\u00e4 klubilta liikelahjoiksi.<\/p>\n<p><img loading=\"lazy\" decoding=\"async\" src=\"https:\/\/rotary.fi\/raahe\/wp-content\/uploads\/sites\/207\/2020\/11\/raytymiskyntt_virpi-300x200.jpg\" width=\"300\" height=\"200\" alt=\"\" class=\"wp-image-1769 aligncenter size-medium\" \/><\/p>\n<p>&nbsp;<\/p>\n<p>&nbsp;<\/p>\n<p><span style=\"font-size: x-large;color: #0f46dd\"><strong>\u00a0 \u00a0 \u00a0<\/strong><\/span><\/p>\n<p><strong><\/strong><\/p>\n<p>[\/et_pb_text][\/et_pb_column_inner][\/et_pb_row_inner][\/et_pb_column][et_pb_column type=&#8221;1_3&#8243; module_class=&#8221;sivupalkki&#8221; _builder_version=&#8221;3.25&#8243; custom_padding=&#8221;|||&#8221; parallax__hover=&#8221;off&#8221; parallax_method__hover=&#8221;on&#8221; module_class__hover=&#8221;sivupalkki&#8221; custom_padding__hover=&#8221;|||&#8221;][et_pb_sidebar area=&#8221;sidebar-1&#8243; module_class=&#8221;sivupalkki_sisalto&#8221; _builder_version=&#8221;3.4.1&#8243; locked=&#8221;on&#8221;][\/et_pb_sidebar][\/et_pb_column][\/et_pb_section]<\/p>\n","protected":false},"excerpt":{"rendered":"<p>Klubin projektitProjektit &nbsp; Klubimme merkitt\u00e4vi\u00e4 hankkeita on johdettu projektimaisella toiminnalla. N\u00e4ihin hankkeiseen on liittynyt merkitt\u00e4v\u00e4\u00e4 suunnittelua, budjetointia, rahoituksen j\u00e4rjest\u00e4mist\u00e4 ja paljon ty\u00f6tunteja. Klubin j\u00e4senist\u00f6st\u00e4 on l\u00f6ytynyt merkitt\u00e4v\u00e4\u00e4 osaamista, jota on voitu hy\u00f6dynt\u00e4\u00e4 niin suunnittelussa kuin tekemisess\u00e4kin. T\u00e4ss\u00e4 esitell\u00e4\u00e4n muutamia viime aikaisimmat merkitt\u00e4vimm\u00e4t projektit kuten Raahen liikennepuiston rakentaminen, puiden ja pensaiden istutus Raahen Kampusalueen Arboretumiin ja [&hellip;]<\/p>\n","protected":false},"author":1,"featured_media":0,"parent":77,"menu_order":0,"comment_status":"closed","ping_status":"closed","template":"","meta":{"_acf_changed":false,"_et_pb_use_builder":"on","_et_pb_old_content":"","_et_gb_content_width":"","footnotes":""},"class_list":["post-156","page","type-page","status-publish","hentry"],"acf":[],"yoast_head":"<!-- This site is optimized with the Yoast SEO plugin v27.0 - https:\/\/yoast.com\/product\/yoast-seo-wordpress\/ -->\n<title>Klubin projektit - Raahen Rotaryklubi ry<\/title>\n<meta name=\"robots\" content=\"index, follow, max-snippet:-1, max-image-preview:large, max-video-preview:-1\" \/>\n<link rel=\"canonical\" href=\"https:\/\/rotary.fi\/raahe\/mita-teemme\/projektit\/\" \/>\n<meta property=\"og:locale\" content=\"fi_FI\" \/>\n<meta property=\"og:type\" content=\"article\" \/>\n<meta property=\"og:title\" content=\"Klubin projektit - Raahen Rotaryklubi ry\" \/>\n<meta property=\"og:description\" content=\"Klubin projektitProjektit &nbsp; Klubimme merkitt\u00e4vi\u00e4 hankkeita on johdettu projektimaisella toiminnalla. N\u00e4ihin hankkeiseen on liittynyt merkitt\u00e4v\u00e4\u00e4 suunnittelua, budjetointia, rahoituksen j\u00e4rjest\u00e4mist\u00e4 ja paljon ty\u00f6tunteja. Klubin j\u00e4senist\u00f6st\u00e4 on l\u00f6ytynyt merkitt\u00e4v\u00e4\u00e4 osaamista, jota on voitu hy\u00f6dynt\u00e4\u00e4 niin suunnittelussa kuin tekemisess\u00e4kin. T\u00e4ss\u00e4 esitell\u00e4\u00e4n muutamia viime aikaisimmat merkitt\u00e4vimm\u00e4t projektit kuten Raahen liikennepuiston rakentaminen, puiden ja pensaiden istutus Raahen Kampusalueen Arboretumiin ja [&hellip;]\" \/>\n<meta property=\"og:url\" content=\"https:\/\/rotary.fi\/raahe\/mita-teemme\/projektit\/\" \/>\n<meta property=\"og:site_name\" content=\"Raahen Rotaryklubi ry\" \/>\n<meta property=\"article:modified_time\" content=\"2021-03-20T15:44:57+00:00\" \/>\n<meta property=\"og:image\" content=\"https:\/\/rotary.fi\/raahe\/wp-content\/uploads\/sites\/207\/2020\/11\/img_7710_k-218x300.jpg\" \/>\n<meta name=\"twitter:card\" content=\"summary_large_image\" \/>\n<meta name=\"twitter:label1\" content=\"Arvioitu lukuaika\" \/>\n\t<meta name=\"twitter:data1\" content=\"2 minuuttia\" \/>\n<script type=\"application\/ld+json\" class=\"yoast-schema-graph\">{\"@context\":\"https:\/\/schema.org\",\"@graph\":[{\"@type\":\"WebPage\",\"@id\":\"https:\/\/rotary.fi\/raahe\/mita-teemme\/projektit\/\",\"url\":\"https:\/\/rotary.fi\/raahe\/mita-teemme\/projektit\/\",\"name\":\"Klubin projektit - Raahen Rotaryklubi ry\",\"isPartOf\":{\"@id\":\"https:\/\/rotary.fi\/raahe\/#website\"},\"primaryImageOfPage\":{\"@id\":\"https:\/\/rotary.fi\/raahe\/mita-teemme\/projektit\/#primaryimage\"},\"image\":{\"@id\":\"https:\/\/rotary.fi\/raahe\/mita-teemme\/projektit\/#primaryimage\"},\"thumbnailUrl\":\"https:\/\/rotary.fi\/raahe\/wp-content\/uploads\/sites\/207\/2020\/11\/img_7710_k-218x300.jpg\",\"datePublished\":\"2018-08-13T06:46:59+00:00\",\"dateModified\":\"2021-03-20T15:44:57+00:00\",\"breadcrumb\":{\"@id\":\"https:\/\/rotary.fi\/raahe\/mita-teemme\/projektit\/#breadcrumb\"},\"inLanguage\":\"fi\",\"potentialAction\":[{\"@type\":\"ReadAction\",\"target\":[\"https:\/\/rotary.fi\/raahe\/mita-teemme\/projektit\/\"]}]},{\"@type\":\"ImageObject\",\"inLanguage\":\"fi\",\"@id\":\"https:\/\/rotary.fi\/raahe\/mita-teemme\/projektit\/#primaryimage\",\"url\":\"https:\/\/rotary.fi\/raahe\/wp-content\/uploads\/sites\/207\/2020\/11\/img_7710_k.jpg\",\"contentUrl\":\"https:\/\/rotary.fi\/raahe\/wp-content\/uploads\/sites\/207\/2020\/11\/img_7710_k.jpg\",\"width\":1485,\"height\":2048},{\"@type\":\"BreadcrumbList\",\"@id\":\"https:\/\/rotary.fi\/raahe\/mita-teemme\/projektit\/#breadcrumb\",\"itemListElement\":[{\"@type\":\"ListItem\",\"position\":1,\"name\":\"Home\",\"item\":\"https:\/\/rotary.fi\/raahe\/\"},{\"@type\":\"ListItem\",\"position\":2,\"name\":\"Mit\u00e4 teemme\",\"item\":\"https:\/\/rotary.fi\/raahe\/mita-teemme\/\"},{\"@type\":\"ListItem\",\"position\":3,\"name\":\"Klubin projektit\"}]},{\"@type\":\"WebSite\",\"@id\":\"https:\/\/rotary.fi\/raahe\/#website\",\"url\":\"https:\/\/rotary.fi\/raahe\/\",\"name\":\"Raahen Rotaryklubi ry\",\"description\":\"Uusi Rotary klubisivusto\",\"potentialAction\":[{\"@type\":\"SearchAction\",\"target\":{\"@type\":\"EntryPoint\",\"urlTemplate\":\"https:\/\/rotary.fi\/raahe\/?s={search_term_string}\"},\"query-input\":{\"@type\":\"PropertyValueSpecification\",\"valueRequired\":true,\"valueName\":\"search_term_string\"}}],\"inLanguage\":\"fi\"}]}<\/script>\n<!-- \/ Yoast SEO plugin. -->","yoast_head_json":{"title":"Klubin projektit - Raahen Rotaryklubi ry","robots":{"index":"index","follow":"follow","max-snippet":"max-snippet:-1","max-image-preview":"max-image-preview:large","max-video-preview":"max-video-preview:-1"},"canonical":"https:\/\/rotary.fi\/raahe\/mita-teemme\/projektit\/","og_locale":"fi_FI","og_type":"article","og_title":"Klubin projektit - Raahen Rotaryklubi ry","og_description":"Klubin projektitProjektit &nbsp; Klubimme merkitt\u00e4vi\u00e4 hankkeita on johdettu projektimaisella toiminnalla. N\u00e4ihin hankkeiseen on liittynyt merkitt\u00e4v\u00e4\u00e4 suunnittelua, budjetointia, rahoituksen j\u00e4rjest\u00e4mist\u00e4 ja paljon ty\u00f6tunteja. Klubin j\u00e4senist\u00f6st\u00e4 on l\u00f6ytynyt merkitt\u00e4v\u00e4\u00e4 osaamista, jota on voitu hy\u00f6dynt\u00e4\u00e4 niin suunnittelussa kuin tekemisess\u00e4kin. T\u00e4ss\u00e4 esitell\u00e4\u00e4n muutamia viime aikaisimmat merkitt\u00e4vimm\u00e4t projektit kuten Raahen liikennepuiston rakentaminen, puiden ja pensaiden istutus Raahen Kampusalueen Arboretumiin ja [&hellip;]","og_url":"https:\/\/rotary.fi\/raahe\/mita-teemme\/projektit\/","og_site_name":"Raahen Rotaryklubi ry","article_modified_time":"2021-03-20T15:44:57+00:00","og_image":[{"url":"https:\/\/rotary.fi\/raahe\/wp-content\/uploads\/sites\/207\/2020\/11\/img_7710_k-218x300.jpg","type":"","width":"","height":""}],"twitter_card":"summary_large_image","twitter_misc":{"Arvioitu lukuaika":"2 minuuttia"},"schema":{"@context":"https:\/\/schema.org","@graph":[{"@type":"WebPage","@id":"https:\/\/rotary.fi\/raahe\/mita-teemme\/projektit\/","url":"https:\/\/rotary.fi\/raahe\/mita-teemme\/projektit\/","name":"Klubin projektit - Raahen Rotaryklubi ry","isPartOf":{"@id":"https:\/\/rotary.fi\/raahe\/#website"},"primaryImageOfPage":{"@id":"https:\/\/rotary.fi\/raahe\/mita-teemme\/projektit\/#primaryimage"},"image":{"@id":"https:\/\/rotary.fi\/raahe\/mita-teemme\/projektit\/#primaryimage"},"thumbnailUrl":"https:\/\/rotary.fi\/raahe\/wp-content\/uploads\/sites\/207\/2020\/11\/img_7710_k-218x300.jpg","datePublished":"2018-08-13T06:46:59+00:00","dateModified":"2021-03-20T15:44:57+00:00","breadcrumb":{"@id":"https:\/\/rotary.fi\/raahe\/mita-teemme\/projektit\/#breadcrumb"},"inLanguage":"fi","potentialAction":[{"@type":"ReadAction","target":["https:\/\/rotary.fi\/raahe\/mita-teemme\/projektit\/"]}]},{"@type":"ImageObject","inLanguage":"fi","@id":"https:\/\/rotary.fi\/raahe\/mita-teemme\/projektit\/#primaryimage","url":"https:\/\/rotary.fi\/raahe\/wp-content\/uploads\/sites\/207\/2020\/11\/img_7710_k.jpg","contentUrl":"https:\/\/rotary.fi\/raahe\/wp-content\/uploads\/sites\/207\/2020\/11\/img_7710_k.jpg","width":1485,"height":2048},{"@type":"BreadcrumbList","@id":"https:\/\/rotary.fi\/raahe\/mita-teemme\/projektit\/#breadcrumb","itemListElement":[{"@type":"ListItem","position":1,"name":"Home","item":"https:\/\/rotary.fi\/raahe\/"},{"@type":"ListItem","position":2,"name":"Mit\u00e4 teemme","item":"https:\/\/rotary.fi\/raahe\/mita-teemme\/"},{"@type":"ListItem","position":3,"name":"Klubin projektit"}]},{"@type":"WebSite","@id":"https:\/\/rotary.fi\/raahe\/#website","url":"https:\/\/rotary.fi\/raahe\/","name":"Raahen Rotaryklubi ry","description":"Uusi Rotary klubisivusto","potentialAction":[{"@type":"SearchAction","target":{"@type":"EntryPoint","urlTemplate":"https:\/\/rotary.fi\/raahe\/?s={search_term_string}"},"query-input":{"@type":"PropertyValueSpecification","valueRequired":true,"valueName":"search_term_string"}}],"inLanguage":"fi"}]}},"lang":"fi","translations":{"fi":156},"pll_sync_post":[],"_links":{"self":[{"href":"https:\/\/rotary.fi\/raahe\/wp-json\/wp\/v2\/pages\/156","targetHints":{"allow":["GET"]}}],"collection":[{"href":"https:\/\/rotary.fi\/raahe\/wp-json\/wp\/v2\/pages"}],"about":[{"href":"https:\/\/rotary.fi\/raahe\/wp-json\/wp\/v2\/types\/page"}],"author":[{"embeddable":true,"href":"https:\/\/rotary.fi\/raahe\/wp-json\/wp\/v2\/users\/1"}],"replies":[{"embeddable":true,"href":"https:\/\/rotary.fi\/raahe\/wp-json\/wp\/v2\/comments?post=156"}],"version-history":[{"count":38,"href":"https:\/\/rotary.fi\/raahe\/wp-json\/wp\/v2\/pages\/156\/revisions"}],"predecessor-version":[{"id":2227,"href":"https:\/\/rotary.fi\/raahe\/wp-json\/wp\/v2\/pages\/156\/revisions\/2227"}],"up":[{"embeddable":true,"href":"https:\/\/rotary.fi\/raahe\/wp-json\/wp\/v2\/pages\/77"}],"wp:attachment":[{"href":"https:\/\/rotary.fi\/raahe\/wp-json\/wp\/v2\/media?parent=156"}],"curies":[{"name":"wp","href":"https:\/\/api.w.org\/{rel}","templated":true}]}}