{"id":142,"date":"2018-08-10T14:04:45","date_gmt":"2018-08-10T11:04:45","guid":{"rendered":"https:\/\/rotary.fi\/klubi2\/?page_id=142"},"modified":"2020-12-13T18:15:43","modified_gmt":"2020-12-13T16:15:43","slug":"ilo-esitella","status":"publish","type":"page","link":"https:\/\/rotary.fi\/raahe\/keita-olemme\/ilo-esitella\/","title":{"rendered":"Ilo esitell\u00e4"},"content":{"rendered":"<p>[et_pb_section fb_built=&#8221;1&#8243; module_class=&#8221;jumbotron-page&#8221; _builder_version=&#8221;4.4.8&#8243; background_image=&#8221;https:\/\/rotary.fi\/raahe\/wp-content\/uploads\/sites\/207\/2020\/11\/130_3040.jpg&#8221;][et_pb_row _builder_version=&#8221;3.25&#8243; background_size=&#8221;initial&#8221; background_position=&#8221;top_left&#8221; background_repeat=&#8221;repeat&#8221;][et_pb_column type=&#8221;4_4&#8243; _builder_version=&#8221;3.25&#8243; custom_padding=&#8221;|||&#8221; custom_padding__hover=&#8221;|||&#8221;][et_pb_text admin_label=&#8221;P\u00e4\u00e4otsikko&#8221; _builder_version=&#8221;3.27.4&#8243; text_orientation=&#8221;center&#8221; background_layout=&#8221;dark&#8221;]<\/p>\n<h1>Ilo esitell\u00e4<\/h1>\n<p>[\/et_pb_text][\/et_pb_column][\/et_pb_row][\/et_pb_section][et_pb_section fb_built=&#8221;1&#8243; specialty=&#8221;on&#8221; module_class_2=&#8221;sivupalkki&#8221; _builder_version=&#8221;3.22&#8243;][et_pb_column type=&#8221;2_3&#8243; specialty_columns=&#8221;2&#8243; _builder_version=&#8221;3.25&#8243; custom_padding=&#8221;|||&#8221; parallax__hover=&#8221;off&#8221; parallax_method__hover=&#8221;on&#8221; custom_padding__hover=&#8221;|||&#8221;][et_pb_row_inner admin_label=&#8221;Rivi&#8221; _builder_version=&#8221;3.25&#8243;][et_pb_column_inner saved_specialty_column_type=&#8221;2_3&#8243; _builder_version=&#8221;3.25&#8243; custom_padding=&#8221;|||&#8221; parallax__hover=&#8221;off&#8221; parallax_method__hover=&#8221;on&#8221; custom_padding__hover=&#8221;|||&#8221;][et_pb_text admin_label=&#8221;Ilo esitell\u00e4 &#8211; Otsikko&#8221; _builder_version=&#8221;3.27.4&#8243; text_orientation=&#8221;center&#8221;]<\/p>\n<h1>Ilo esitell\u00e4<\/h1>\n<p>[\/et_pb_text][et_pb_text _builder_version=&#8221;4.4.8&#8243; hover_enabled=&#8221;0&#8243; custom_padding=&#8221;0px|||||&#8221;]<\/p>\n<h1><span style=\"font-size: 13.5pt;color: #3366ff\"><strong>Moottoripy\u00f6r\u00e4ilev\u00e4t rotarit kokoontuvat vuosittain\u00a0<\/strong><\/span><\/h1>\n<p><span style=\"font-size: 13.5pt;color: black\"><img loading=\"lazy\" decoding=\"async\" src=\"https:\/\/rotary.fi\/raahe\/wp-content\/uploads\/sites\/207\/2020\/11\/img_5820_k-300x200.jpg\" width=\"294\" height=\"196\" alt=\"\" class=\"wp-image-1795 alignnone size-medium\" style=\"float: left\" \/><\/span><\/p>\n<p>&nbsp;<\/p>\n<p>&nbsp;<\/p>\n<p>&nbsp;<\/p>\n<p>&nbsp;<\/p>\n<p><img loading=\"lazy\" decoding=\"async\" src=\"https:\/\/rotary.fi\/raahe\/wp-content\/uploads\/sites\/207\/2020\/12\/wp_20160820_081-300x169.jpg\" width=\"290\" height=\"163\" alt=\"\" class=\"wp-image-1897 alignnone size-medium\" \/><\/p>\n<p>&nbsp;<\/p>\n<p>Ensimm\u00e4inen kokoontuminen oli vuonna 2001 &#8211; Raahen vuoro oli vuonna 2016. Tapaamisen yhten\u00e4 tavoitteena on my\u00f6s humanit\u00e4\u00e4rinen avun antaminen j\u00e4rjest\u00e4v\u00e4n klubin kotipaikkakunnalle. Perinteeksi muodostuneen viikonlopun kest\u00e4v\u00e4n tapahtuman j\u00e4rjestelyvastuu on kiert\u00e4v\u00e4. Vuonna 2016 oli raahelaisten vuoro toimia vieraiden is\u00e4ntin\u00e4. Raahesta on kokoontumisajoihin osallistunut vuosien varrella aktiivisesti seisem\u00e4n rotarymotoristia. Kokoontumisten ohjelmaan sis\u00e4ltyy aina j\u00e4rjest\u00e4v\u00e4n paikkakunnan ja alueen tunnetuksi tekemist\u00e4. Raahessa tutustuttiin mm. SSAB:n ter\u00e4stehtaaseen, vanhaan kaupunkiin ja merimuseoon. Ensimm\u00e4isen kokoontumisen j\u00e4rjesti \u00c4\u00e4nekosken rotaryklubi. Koronaepidemian takia Vuoden 2020 tapaaminen Turussa j\u00e4i v\u00e4liin ja siirtyi vuodella eteenp\u00e4in.<\/p>\n<p>Pari vuotta sitten motoristeilla oli tapaaminen H\u00e4meenlinnassa, alla Erkki Pisil\u00e4n ottama kuva Aulangolta.<\/p>\n<p style=\"text-align: center\"><img loading=\"lazy\" decoding=\"async\" src=\"https:\/\/rotary.fi\/raahe\/wp-content\/uploads\/sites\/207\/2020\/12\/aulanko_erkin_kuva-148x300.jpg\" width=\"148\" height=\"300\" alt=\"\" class=\"wp-image-1914 alignnone size-medium\" \/><\/p>\n<p>&nbsp;<\/p>\n<h4><span style=\"color: #3366ff\">Raahe &#8211; Suomen Helemi<\/span><\/h4>\n<p><span style=\"color: #8300e9\"><strong><img loading=\"lazy\" decoding=\"async\" src=\"https:\/\/rotary.fi\/raahe\/wp-content\/uploads\/sites\/207\/2020\/11\/130_3039-300x225.jpg\" width=\"255\" height=\"191\" alt=\"\" class=\"wp-image-1807 alignnone size-medium\" \/>\u00a0 \u00a0\u00a0<\/strong><\/span><span style=\"color: #8300e9\"><strong><img loading=\"lazy\" decoding=\"async\" src=\"https:\/\/rotary.fi\/raahe\/wp-content\/uploads\/sites\/207\/2020\/11\/130_3036-300x225.jpg\" width=\"253\" height=\"190\" alt=\"\" class=\"wp-image-1810 alignnone size-medium\" \/><\/strong><\/span><\/p>\n<p>&nbsp;<\/p>\n<p>&nbsp;<\/p>\n<p>&nbsp;<\/p>\n<ul><\/ul>\n<p>&nbsp;<\/p>\n<h1><\/h1>\n<h4><\/h4>\n<p>&nbsp;<\/p>\n<h4><\/h4>\n<p>&nbsp;<\/p>\n<p>&nbsp;<\/p>\n<p>[\/et_pb_text][\/et_pb_column_inner][\/et_pb_row_inner][\/et_pb_column][et_pb_column type=&#8221;1_3&#8243; module_class=&#8221;sivupalkki&#8221; _builder_version=&#8221;3.25&#8243; custom_padding=&#8221;|||&#8221; parallax__hover=&#8221;off&#8221; parallax_method__hover=&#8221;on&#8221; module_class__hover=&#8221;sivupalkki&#8221; custom_padding__hover=&#8221;|||&#8221;][et_pb_sidebar area=&#8221;sidebar-1&#8243; module_class=&#8221;sivupalkki_sisalto&#8221; _builder_version=&#8221;3.4.1&#8243; locked=&#8221;on&#8221;][\/et_pb_sidebar][\/et_pb_column][\/et_pb_section]<\/p>\n","protected":false},"excerpt":{"rendered":"<p>Ilo esitell\u00e4 Ilo esitell\u00e4Moottoripy\u00f6r\u00e4ilev\u00e4t rotarit kokoontuvat vuosittain\u00a0 &nbsp; &nbsp; &nbsp; &nbsp; &nbsp; Ensimm\u00e4inen kokoontuminen oli vuonna 2001 &#8211; Raahen vuoro oli vuonna 2016. Tapaamisen yhten\u00e4 tavoitteena on my\u00f6s humanit\u00e4\u00e4rinen avun antaminen j\u00e4rjest\u00e4v\u00e4n klubin kotipaikkakunnalle. Perinteeksi muodostuneen viikonlopun kest\u00e4v\u00e4n tapahtuman j\u00e4rjestelyvastuu on kiert\u00e4v\u00e4. Vuonna 2016 oli raahelaisten vuoro toimia vieraiden is\u00e4ntin\u00e4. Raahesta on kokoontumisajoihin osallistunut vuosien [&hellip;]<\/p>\n","protected":false},"author":1,"featured_media":0,"parent":129,"menu_order":0,"comment_status":"closed","ping_status":"closed","template":"","meta":{"_acf_changed":false,"_et_pb_use_builder":"on","_et_pb_old_content":"","_et_gb_content_width":"","footnotes":""},"class_list":["post-142","page","type-page","status-publish","hentry"],"acf":[],"yoast_head":"<!-- This site is optimized with the Yoast SEO plugin v27.0 - https:\/\/yoast.com\/product\/yoast-seo-wordpress\/ -->\n<title>Ilo esitell\u00e4 - Raahen Rotaryklubi ry<\/title>\n<meta name=\"robots\" content=\"index, follow, max-snippet:-1, max-image-preview:large, max-video-preview:-1\" \/>\n<link rel=\"canonical\" href=\"https:\/\/rotary.fi\/raahe\/keita-olemme\/ilo-esitella\/\" \/>\n<meta property=\"og:locale\" content=\"fi_FI\" \/>\n<meta property=\"og:type\" content=\"article\" \/>\n<meta property=\"og:title\" content=\"Ilo esitell\u00e4 - Raahen Rotaryklubi ry\" \/>\n<meta property=\"og:description\" content=\"Ilo esitell\u00e4 Ilo esitell\u00e4Moottoripy\u00f6r\u00e4ilev\u00e4t rotarit kokoontuvat vuosittain\u00a0 &nbsp; &nbsp; &nbsp; &nbsp; &nbsp; Ensimm\u00e4inen kokoontuminen oli vuonna 2001 - Raahen vuoro oli vuonna 2016. Tapaamisen yhten\u00e4 tavoitteena on my\u00f6s humanit\u00e4\u00e4rinen avun antaminen j\u00e4rjest\u00e4v\u00e4n klubin kotipaikkakunnalle. Perinteeksi muodostuneen viikonlopun kest\u00e4v\u00e4n tapahtuman j\u00e4rjestelyvastuu on kiert\u00e4v\u00e4. Vuonna 2016 oli raahelaisten vuoro toimia vieraiden is\u00e4ntin\u00e4. Raahesta on kokoontumisajoihin osallistunut vuosien [&hellip;]\" \/>\n<meta property=\"og:url\" content=\"https:\/\/rotary.fi\/raahe\/keita-olemme\/ilo-esitella\/\" \/>\n<meta property=\"og:site_name\" content=\"Raahen Rotaryklubi ry\" \/>\n<meta property=\"article:modified_time\" content=\"2020-12-13T16:15:43+00:00\" \/>\n<meta property=\"og:image\" content=\"https:\/\/rotary.fi\/raahe\/wp-content\/uploads\/sites\/207\/2020\/11\/img_5820_k-300x200.jpg\" \/>\n<meta name=\"twitter:card\" content=\"summary_large_image\" \/>\n<meta name=\"twitter:label1\" content=\"Arvioitu lukuaika\" \/>\n\t<meta name=\"twitter:data1\" content=\"2 minuuttia\" \/>\n<script type=\"application\/ld+json\" class=\"yoast-schema-graph\">{\"@context\":\"https:\/\/schema.org\",\"@graph\":[{\"@type\":\"WebPage\",\"@id\":\"https:\/\/rotary.fi\/raahe\/keita-olemme\/ilo-esitella\/\",\"url\":\"https:\/\/rotary.fi\/raahe\/keita-olemme\/ilo-esitella\/\",\"name\":\"Ilo esitell\u00e4 - Raahen Rotaryklubi ry\",\"isPartOf\":{\"@id\":\"https:\/\/rotary.fi\/raahe\/#website\"},\"primaryImageOfPage\":{\"@id\":\"https:\/\/rotary.fi\/raahe\/keita-olemme\/ilo-esitella\/#primaryimage\"},\"image\":{\"@id\":\"https:\/\/rotary.fi\/raahe\/keita-olemme\/ilo-esitella\/#primaryimage\"},\"thumbnailUrl\":\"https:\/\/rotary.fi\/raahe\/wp-content\/uploads\/sites\/207\/2020\/11\/img_5820_k-300x200.jpg\",\"datePublished\":\"2018-08-10T11:04:45+00:00\",\"dateModified\":\"2020-12-13T16:15:43+00:00\",\"breadcrumb\":{\"@id\":\"https:\/\/rotary.fi\/raahe\/keita-olemme\/ilo-esitella\/#breadcrumb\"},\"inLanguage\":\"fi\",\"potentialAction\":[{\"@type\":\"ReadAction\",\"target\":[\"https:\/\/rotary.fi\/raahe\/keita-olemme\/ilo-esitella\/\"]}]},{\"@type\":\"ImageObject\",\"inLanguage\":\"fi\",\"@id\":\"https:\/\/rotary.fi\/raahe\/keita-olemme\/ilo-esitella\/#primaryimage\",\"url\":\"https:\/\/rotary.fi\/raahe\/wp-content\/uploads\/sites\/207\/2020\/11\/img_5820_k.jpg\",\"contentUrl\":\"https:\/\/rotary.fi\/raahe\/wp-content\/uploads\/sites\/207\/2020\/11\/img_5820_k.jpg\",\"width\":2048,\"height\":1365},{\"@type\":\"BreadcrumbList\",\"@id\":\"https:\/\/rotary.fi\/raahe\/keita-olemme\/ilo-esitella\/#breadcrumb\",\"itemListElement\":[{\"@type\":\"ListItem\",\"position\":1,\"name\":\"Home\",\"item\":\"https:\/\/rotary.fi\/raahe\/\"},{\"@type\":\"ListItem\",\"position\":2,\"name\":\"Keit\u00e4 olemme\",\"item\":\"https:\/\/rotary.fi\/raahe\/keita-olemme\/\"},{\"@type\":\"ListItem\",\"position\":3,\"name\":\"Ilo esitell\u00e4\"}]},{\"@type\":\"WebSite\",\"@id\":\"https:\/\/rotary.fi\/raahe\/#website\",\"url\":\"https:\/\/rotary.fi\/raahe\/\",\"name\":\"Raahen Rotaryklubi ry\",\"description\":\"Uusi Rotary klubisivusto\",\"potentialAction\":[{\"@type\":\"SearchAction\",\"target\":{\"@type\":\"EntryPoint\",\"urlTemplate\":\"https:\/\/rotary.fi\/raahe\/?s={search_term_string}\"},\"query-input\":{\"@type\":\"PropertyValueSpecification\",\"valueRequired\":true,\"valueName\":\"search_term_string\"}}],\"inLanguage\":\"fi\"}]}<\/script>\n<!-- \/ Yoast SEO plugin. -->","yoast_head_json":{"title":"Ilo esitell\u00e4 - Raahen Rotaryklubi ry","robots":{"index":"index","follow":"follow","max-snippet":"max-snippet:-1","max-image-preview":"max-image-preview:large","max-video-preview":"max-video-preview:-1"},"canonical":"https:\/\/rotary.fi\/raahe\/keita-olemme\/ilo-esitella\/","og_locale":"fi_FI","og_type":"article","og_title":"Ilo esitell\u00e4 - Raahen Rotaryklubi ry","og_description":"Ilo esitell\u00e4 Ilo esitell\u00e4Moottoripy\u00f6r\u00e4ilev\u00e4t rotarit kokoontuvat vuosittain\u00a0 &nbsp; &nbsp; &nbsp; &nbsp; &nbsp; Ensimm\u00e4inen kokoontuminen oli vuonna 2001 - Raahen vuoro oli vuonna 2016. Tapaamisen yhten\u00e4 tavoitteena on my\u00f6s humanit\u00e4\u00e4rinen avun antaminen j\u00e4rjest\u00e4v\u00e4n klubin kotipaikkakunnalle. Perinteeksi muodostuneen viikonlopun kest\u00e4v\u00e4n tapahtuman j\u00e4rjestelyvastuu on kiert\u00e4v\u00e4. Vuonna 2016 oli raahelaisten vuoro toimia vieraiden is\u00e4ntin\u00e4. Raahesta on kokoontumisajoihin osallistunut vuosien [&hellip;]","og_url":"https:\/\/rotary.fi\/raahe\/keita-olemme\/ilo-esitella\/","og_site_name":"Raahen Rotaryklubi ry","article_modified_time":"2020-12-13T16:15:43+00:00","og_image":[{"url":"https:\/\/rotary.fi\/raahe\/wp-content\/uploads\/sites\/207\/2020\/11\/img_5820_k-300x200.jpg","type":"","width":"","height":""}],"twitter_card":"summary_large_image","twitter_misc":{"Arvioitu lukuaika":"2 minuuttia"},"schema":{"@context":"https:\/\/schema.org","@graph":[{"@type":"WebPage","@id":"https:\/\/rotary.fi\/raahe\/keita-olemme\/ilo-esitella\/","url":"https:\/\/rotary.fi\/raahe\/keita-olemme\/ilo-esitella\/","name":"Ilo esitell\u00e4 - Raahen Rotaryklubi ry","isPartOf":{"@id":"https:\/\/rotary.fi\/raahe\/#website"},"primaryImageOfPage":{"@id":"https:\/\/rotary.fi\/raahe\/keita-olemme\/ilo-esitella\/#primaryimage"},"image":{"@id":"https:\/\/rotary.fi\/raahe\/keita-olemme\/ilo-esitella\/#primaryimage"},"thumbnailUrl":"https:\/\/rotary.fi\/raahe\/wp-content\/uploads\/sites\/207\/2020\/11\/img_5820_k-300x200.jpg","datePublished":"2018-08-10T11:04:45+00:00","dateModified":"2020-12-13T16:15:43+00:00","breadcrumb":{"@id":"https:\/\/rotary.fi\/raahe\/keita-olemme\/ilo-esitella\/#breadcrumb"},"inLanguage":"fi","potentialAction":[{"@type":"ReadAction","target":["https:\/\/rotary.fi\/raahe\/keita-olemme\/ilo-esitella\/"]}]},{"@type":"ImageObject","inLanguage":"fi","@id":"https:\/\/rotary.fi\/raahe\/keita-olemme\/ilo-esitella\/#primaryimage","url":"https:\/\/rotary.fi\/raahe\/wp-content\/uploads\/sites\/207\/2020\/11\/img_5820_k.jpg","contentUrl":"https:\/\/rotary.fi\/raahe\/wp-content\/uploads\/sites\/207\/2020\/11\/img_5820_k.jpg","width":2048,"height":1365},{"@type":"BreadcrumbList","@id":"https:\/\/rotary.fi\/raahe\/keita-olemme\/ilo-esitella\/#breadcrumb","itemListElement":[{"@type":"ListItem","position":1,"name":"Home","item":"https:\/\/rotary.fi\/raahe\/"},{"@type":"ListItem","position":2,"name":"Keit\u00e4 olemme","item":"https:\/\/rotary.fi\/raahe\/keita-olemme\/"},{"@type":"ListItem","position":3,"name":"Ilo esitell\u00e4"}]},{"@type":"WebSite","@id":"https:\/\/rotary.fi\/raahe\/#website","url":"https:\/\/rotary.fi\/raahe\/","name":"Raahen Rotaryklubi ry","description":"Uusi Rotary klubisivusto","potentialAction":[{"@type":"SearchAction","target":{"@type":"EntryPoint","urlTemplate":"https:\/\/rotary.fi\/raahe\/?s={search_term_string}"},"query-input":{"@type":"PropertyValueSpecification","valueRequired":true,"valueName":"search_term_string"}}],"inLanguage":"fi"}]}},"lang":"fi","translations":{"fi":142},"pll_sync_post":[],"_links":{"self":[{"href":"https:\/\/rotary.fi\/raahe\/wp-json\/wp\/v2\/pages\/142","targetHints":{"allow":["GET"]}}],"collection":[{"href":"https:\/\/rotary.fi\/raahe\/wp-json\/wp\/v2\/pages"}],"about":[{"href":"https:\/\/rotary.fi\/raahe\/wp-json\/wp\/v2\/types\/page"}],"author":[{"embeddable":true,"href":"https:\/\/rotary.fi\/raahe\/wp-json\/wp\/v2\/users\/1"}],"replies":[{"embeddable":true,"href":"https:\/\/rotary.fi\/raahe\/wp-json\/wp\/v2\/comments?post=142"}],"version-history":[{"count":16,"href":"https:\/\/rotary.fi\/raahe\/wp-json\/wp\/v2\/pages\/142\/revisions"}],"predecessor-version":[{"id":1948,"href":"https:\/\/rotary.fi\/raahe\/wp-json\/wp\/v2\/pages\/142\/revisions\/1948"}],"up":[{"embeddable":true,"href":"https:\/\/rotary.fi\/raahe\/wp-json\/wp\/v2\/pages\/129"}],"wp:attachment":[{"href":"https:\/\/rotary.fi\/raahe\/wp-json\/wp\/v2\/media?parent=142"}],"curies":[{"name":"wp","href":"https:\/\/api.w.org\/{rel}","templated":true}]}}