{"id":132,"date":"2018-08-10T13:59:56","date_gmt":"2018-08-10T10:59:56","guid":{"rendered":"https:\/\/rotary.fi\/klubi2\/?page_id=132"},"modified":"2025-10-30T09:56:29","modified_gmt":"2025-10-30T07:56:29","slug":"hallitus-ja-toimihenkilot","status":"publish","type":"page","link":"https:\/\/rotary.fi\/raahe\/keita-olemme\/hallitus-ja-toimihenkilot\/","title":{"rendered":"Hallitus ja toimihenkil\u00f6t"},"content":{"rendered":"<p>[et_pb_section fb_built=&#8221;1&#8243; module_class=&#8221;jumbotron-page&#8221; _builder_version=&#8221;4.16&#8243; background_image=&#8221;https:\/\/rotary.fi\/raahe\/wp-content\/uploads\/sites\/207\/2020\/11\/raahe_4.jpg&#8221; global_colors_info=&#8221;{}&#8221;][et_pb_row _builder_version=&#8221;4.16&#8243; background_size=&#8221;initial&#8221; background_position=&#8221;top_left&#8221; background_repeat=&#8221;repeat&#8221; global_colors_info=&#8221;{}&#8221;][et_pb_column type=&#8221;4_4&#8243; _builder_version=&#8221;4.16&#8243; custom_padding=&#8221;|||&#8221; global_colors_info=&#8221;{}&#8221; custom_padding__hover=&#8221;|||&#8221;][et_pb_text admin_label=&#8221;P\u00e4\u00e4otsikko&#8221; _builder_version=&#8221;4.16&#8243; text_orientation=&#8221;center&#8221; background_layout=&#8221;dark&#8221; global_colors_info=&#8221;{}&#8221;]<\/p>\n<h1>Hallitus ja toimihenkil\u00f6t<\/h1>\n<p>[\/et_pb_text][\/et_pb_column][\/et_pb_row][\/et_pb_section][et_pb_section fb_built=&#8221;1&#8243; specialty=&#8221;on&#8221; module_class_2=&#8221;sivupalkki&#8221; _builder_version=&#8221;4.16&#8243; global_colors_info=&#8221;{}&#8221;][et_pb_column type=&#8221;2_3&#8243; specialty_columns=&#8221;2&#8243; _builder_version=&#8221;4.16&#8243; custom_padding=&#8221;|||&#8221; global_colors_info=&#8221;{}&#8221; parallax__hover=&#8221;off&#8221; parallax_method__hover=&#8221;on&#8221; custom_padding__hover=&#8221;|||&#8221;][et_pb_row_inner admin_label=&#8221;Rivi&#8221; _builder_version=&#8221;4.17.4&#8243; min_height=&#8221;69px&#8221; custom_padding=&#8221;||0px|||&#8221; global_colors_info=&#8221;{}&#8221;][et_pb_column_inner saved_specialty_column_type=&#8221;2_3&#8243; _builder_version=&#8221;4.16&#8243; custom_padding=&#8221;|||&#8221; global_colors_info=&#8221;{}&#8221; parallax__hover=&#8221;off&#8221; parallax_method__hover=&#8221;on&#8221; custom_padding__hover=&#8221;|||&#8221;][et_pb_text admin_label=&#8221;Otsikko&#8221; _builder_version=&#8221;4.27.0&#8243; text_orientation=&#8221;center&#8221; min_height=&#8221;52px&#8221; global_colors_info=&#8221;{}&#8221;]<\/p>\n<h4 style=\"text-align: left\">Hallitus ja toimihenkil\u00f6t 2025-2026<\/h4>\n<p>[\/et_pb_text][\/et_pb_column_inner][\/et_pb_row_inner][et_pb_row_inner column_structure=&#8221;1_2,1_2&#8243; admin_label=&#8221;Rivi&#8221; _builder_version=&#8221;4.16&#8243; global_colors_info=&#8221;{}&#8221;][et_pb_column_inner type=&#8221;1_2&#8243; saved_specialty_column_type=&#8221;2_3&#8243; _builder_version=&#8221;4.16&#8243; custom_padding=&#8221;|||&#8221; global_colors_info=&#8221;{}&#8221; parallax__hover=&#8221;off&#8221; parallax_method__hover=&#8221;on&#8221; custom_padding__hover=&#8221;|||&#8221;][et_pb_text _builder_version=&#8221;4.16&#8243; custom_margin=&#8221;|-324px||||&#8221; custom_padding=&#8221;0px|0px||||&#8221; global_colors_info=&#8221;{}&#8221;]<\/p>\n<h2 style=\"text-align: center\"><\/h2>\n<h4 style=\"text-align: left\"><span style=\"font-weight: normal\">Presidentti\u00a0 Maarit Jussila, hallitus<\/span><\/h4>\n<h4 style=\"text-align: left\"><span style=\"font-weight: normal\"><br \/>Tuleva presidentti Pasi Pulli, hallitus<\/span><\/h4>\n<p style=\"text-align: left\"><span style=\"font-weight: normal\"><\/span><\/p>\n<h4 style=\"text-align: left\"><span style=\"font-weight: normal\">Varapresidentti Erkki Pisil\u00e4<\/span><\/h4>\n<p style=\"text-align: left\"><span style=\"font-weight: normal\"><\/span><\/p>\n<h4 style=\"text-align: left\"><span style=\"font-weight: normal\">Edellinen presidentti Marja-Leena Korva, hallitus<\/span><\/h4>\n<p style=\"text-align: left\"><span style=\"font-weight: normal\"><\/span><\/p>\n<h4 style=\"text-align: left\"><span style=\"font-weight: normal\">Sihteeri Pasi Pulli<\/span><\/h4>\n<p style=\"text-align: left\"><span style=\"font-weight: normal\"><\/span><\/p>\n<h4 style=\"text-align: left\"><span style=\"font-weight: normal;font-size: large\">Rahastonhoitaja Virpi Honkala, hallitus<\/span><\/h4>\n<p style=\"text-align: left\"><span style=\"font-weight: normal\"><span style=\"font-size: 16px\"><\/span><\/span><\/p>\n<h4 style=\"text-align: left\"><span style=\"font-weight: normal\">Klubipalvelukomitean pj Risto Kallio, hallitus vj.<\/span><\/h4>\n<p style=\"text-align: left\"><span style=\"font-weight: normal\"><\/span><\/p>\n<h4 style=\"text-align: left\"><span style=\"font-weight: normal\">J\u00e4senyyskomitea pj Markku Alasuutari, hallitus vj.<\/span><\/h4>\n<p><span style=\"font-weight: normal\"><\/span><\/p>\n<h4 style=\"text-align: left\"><span style=\"font-weight: normal\">Kansainv\u00e4lisyys- ja nuorisokomitea pj Sari Kurttila<\/span><\/h4>\n<p style=\"text-align: left\"><span style=\"font-weight: normal\"><\/span><\/p>\n<h4 style=\"text-align: left\"><span style=\"font-weight: normal\">Julkisuuskomitea pj Minna Siilas, hallitus vj.<\/span><\/h4>\n<p style=\"text-align: left\"><span style=\"font-weight: normal\"><\/span><\/p>\n<h4 style=\"text-align: left\"><span style=\"font-weight: normal\">Nuorisovaihtoasiamies Sari Kurttila, hallitus<\/span><\/h4>\n<p style=\"text-align: left\"><span style=\"font-weight: normal\"><\/span><\/p>\n<h4 style=\"text-align: left\"><span style=\"font-weight: normal\">Rotarys\u00e4\u00e4ti\u00f6komitean pj Virpi Honkala<\/span><\/h4>\n<p style=\"text-align: left\"><span style=\"font-weight: normal\"><\/span><\/p>\n<h4 style=\"text-align: left\"><span style=\"font-weight: normal\">IT-vastaava Risto Korva<\/span><\/h4>\n<p><span style=\"font-weight: normal\"><\/span><\/p>\n<h4><span style=\"font-family: inherit;font-weight: normal\">Toiminnantarkastaja Kirsi Ylisirni\u00f6<\/span><\/h4>\n<p><span style=\"font-family: inherit;font-weight: normal\"><\/span><\/p>\n<h4><span style=\"font-family: inherit;font-weight: normal\">Varatoiminnantarkastaja Esa Ylisirni\u00f6<\/span><\/h4>\n<h4><\/h4>\n<p><span style=\"font-weight: normal\"><\/span><\/p>\n<div class=\"et_pb_text_inner\">\n<div data-shortcode-id=\"1.0.1.0.0-1603810057430\" data-quickaccess-editable=\"yes\" class=\"et-fb-popover-tinymce\">\n<div class=\"mce-content-body\">\n<h4><span><\/span><\/h4>\n<h4><span><\/span><\/h4>\n<p><span><\/span><\/p>\n<p><span><\/span><\/p>\n<p><span><\/span><\/p>\n<p><span><\/span><\/p>\n<h4><span><\/span><\/h4>\n<p><span>\u00a0<\/span><\/p>\n<\/div>\n<\/div>\n<\/div>\n<p><span style=\"font-weight: normal\"><\/span><\/p>\n<p><span style=\"font-weight: normal\"><\/span><\/p>\n<h4 style=\"text-align: center\"><span style=\"font-weight: normal\"><\/span><\/h4>\n<p><span style=\"font-weight: normal\">\u00a0<\/span><\/p>\n<p>[\/et_pb_text][\/et_pb_column_inner][et_pb_column_inner type=&#8221;1_2&#8243; saved_specialty_column_type=&#8221;2_3&#8243; _builder_version=&#8221;4.16&#8243; custom_padding=&#8221;|||&#8221; global_colors_info=&#8221;{}&#8221; parallax__hover=&#8221;off&#8221; parallax_method__hover=&#8221;on&#8221; custom_padding__hover=&#8221;|||&#8221;][\/et_pb_column_inner][\/et_pb_row_inner][\/et_pb_column][et_pb_column type=&#8221;1_3&#8243; module_class=&#8221;sivupalkki&#8221; _builder_version=&#8221;4.16&#8243; custom_padding=&#8221;|||&#8221; global_colors_info=&#8221;{}&#8221; parallax__hover=&#8221;off&#8221; parallax_method__hover=&#8221;on&#8221; module_class__hover=&#8221;sivupalkki&#8221; custom_padding__hover=&#8221;|||&#8221;][et_pb_sidebar area=&#8221;sidebar-1&#8243; module_class=&#8221;sivupalkki_sisalto&#8221; _builder_version=&#8221;4.16&#8243; locked=&#8221;on&#8221; global_colors_info=&#8221;{}&#8221;]<\/p>\n<p>[\/et_pb_sidebar][\/et_pb_column][\/et_pb_section]<\/p>\n","protected":false},"excerpt":{"rendered":"<p>Hallitus ja toimihenkil\u00f6t Hallitus ja toimihenkil\u00f6t 2025-2026 Presidentti\u00a0 Maarit Jussila, hallitus Tuleva presidentti Pasi Pulli, hallitus Varapresidentti Erkki Pisil\u00e4 Edellinen presidentti Marja-Leena Korva, hallitus Sihteeri Pasi Pulli Rahastonhoitaja Virpi Honkala, hallitus Klubipalvelukomitean pj Risto Kallio, hallitus vj. J\u00e4senyyskomitea pj Markku Alasuutari, hallitus vj. Kansainv\u00e4lisyys- ja nuorisokomitea pj Sari Kurttila Julkisuuskomitea pj Minna Siilas, hallitus vj. [&hellip;]<\/p>\n","protected":false},"author":1,"featured_media":0,"parent":129,"menu_order":0,"comment_status":"closed","ping_status":"closed","template":"","meta":{"_acf_changed":false,"_et_pb_use_builder":"on","_et_pb_old_content":"","_et_gb_content_width":"","footnotes":""},"class_list":["post-132","page","type-page","status-publish","hentry"],"acf":[],"yoast_head":"<!-- This site is optimized with the Yoast SEO plugin v27.0 - https:\/\/yoast.com\/product\/yoast-seo-wordpress\/ -->\n<title>Hallitus ja toimihenkil\u00f6t - Raahen Rotaryklubi ry<\/title>\n<meta name=\"robots\" content=\"index, follow, max-snippet:-1, max-image-preview:large, max-video-preview:-1\" \/>\n<link rel=\"canonical\" href=\"https:\/\/rotary.fi\/raahe\/keita-olemme\/hallitus-ja-toimihenkilot\/\" \/>\n<meta property=\"og:locale\" content=\"fi_FI\" \/>\n<meta property=\"og:type\" content=\"article\" \/>\n<meta property=\"og:title\" content=\"Hallitus ja toimihenkil\u00f6t - Raahen Rotaryklubi ry\" \/>\n<meta property=\"og:description\" content=\"Hallitus ja toimihenkil\u00f6t Hallitus ja toimihenkil\u00f6t 2025-2026 Presidentti\u00a0 Maarit Jussila, hallitus Tuleva presidentti Pasi Pulli, hallitus Varapresidentti Erkki Pisil\u00e4 Edellinen presidentti Marja-Leena Korva, hallitus Sihteeri Pasi Pulli Rahastonhoitaja Virpi Honkala, hallitus Klubipalvelukomitean pj Risto Kallio, hallitus vj. J\u00e4senyyskomitea pj Markku Alasuutari, hallitus vj. Kansainv\u00e4lisyys- ja nuorisokomitea pj Sari Kurttila Julkisuuskomitea pj Minna Siilas, hallitus vj. [&hellip;]\" \/>\n<meta property=\"og:url\" content=\"https:\/\/rotary.fi\/raahe\/keita-olemme\/hallitus-ja-toimihenkilot\/\" \/>\n<meta property=\"og:site_name\" content=\"Raahen Rotaryklubi ry\" \/>\n<meta property=\"article:modified_time\" content=\"2025-10-30T07:56:29+00:00\" \/>\n<meta name=\"twitter:card\" content=\"summary_large_image\" \/>\n<meta name=\"twitter:label1\" content=\"Arvioitu lukuaika\" \/>\n\t<meta name=\"twitter:data1\" content=\"2 minuuttia\" \/>\n<script type=\"application\/ld+json\" class=\"yoast-schema-graph\">{\"@context\":\"https:\/\/schema.org\",\"@graph\":[{\"@type\":\"WebPage\",\"@id\":\"https:\/\/rotary.fi\/raahe\/keita-olemme\/hallitus-ja-toimihenkilot\/\",\"url\":\"https:\/\/rotary.fi\/raahe\/keita-olemme\/hallitus-ja-toimihenkilot\/\",\"name\":\"Hallitus ja toimihenkil\u00f6t - Raahen Rotaryklubi ry\",\"isPartOf\":{\"@id\":\"https:\/\/rotary.fi\/raahe\/#website\"},\"datePublished\":\"2018-08-10T10:59:56+00:00\",\"dateModified\":\"2025-10-30T07:56:29+00:00\",\"breadcrumb\":{\"@id\":\"https:\/\/rotary.fi\/raahe\/keita-olemme\/hallitus-ja-toimihenkilot\/#breadcrumb\"},\"inLanguage\":\"fi\",\"potentialAction\":[{\"@type\":\"ReadAction\",\"target\":[\"https:\/\/rotary.fi\/raahe\/keita-olemme\/hallitus-ja-toimihenkilot\/\"]}]},{\"@type\":\"BreadcrumbList\",\"@id\":\"https:\/\/rotary.fi\/raahe\/keita-olemme\/hallitus-ja-toimihenkilot\/#breadcrumb\",\"itemListElement\":[{\"@type\":\"ListItem\",\"position\":1,\"name\":\"Home\",\"item\":\"https:\/\/rotary.fi\/raahe\/\"},{\"@type\":\"ListItem\",\"position\":2,\"name\":\"Keit\u00e4 olemme\",\"item\":\"https:\/\/rotary.fi\/raahe\/keita-olemme\/\"},{\"@type\":\"ListItem\",\"position\":3,\"name\":\"Hallitus ja toimihenkil\u00f6t\"}]},{\"@type\":\"WebSite\",\"@id\":\"https:\/\/rotary.fi\/raahe\/#website\",\"url\":\"https:\/\/rotary.fi\/raahe\/\",\"name\":\"Raahen Rotaryklubi ry\",\"description\":\"Uusi Rotary klubisivusto\",\"potentialAction\":[{\"@type\":\"SearchAction\",\"target\":{\"@type\":\"EntryPoint\",\"urlTemplate\":\"https:\/\/rotary.fi\/raahe\/?s={search_term_string}\"},\"query-input\":{\"@type\":\"PropertyValueSpecification\",\"valueRequired\":true,\"valueName\":\"search_term_string\"}}],\"inLanguage\":\"fi\"}]}<\/script>\n<!-- \/ Yoast SEO plugin. -->","yoast_head_json":{"title":"Hallitus ja toimihenkil\u00f6t - Raahen Rotaryklubi ry","robots":{"index":"index","follow":"follow","max-snippet":"max-snippet:-1","max-image-preview":"max-image-preview:large","max-video-preview":"max-video-preview:-1"},"canonical":"https:\/\/rotary.fi\/raahe\/keita-olemme\/hallitus-ja-toimihenkilot\/","og_locale":"fi_FI","og_type":"article","og_title":"Hallitus ja toimihenkil\u00f6t - Raahen Rotaryklubi ry","og_description":"Hallitus ja toimihenkil\u00f6t Hallitus ja toimihenkil\u00f6t 2025-2026 Presidentti\u00a0 Maarit Jussila, hallitus Tuleva presidentti Pasi Pulli, hallitus Varapresidentti Erkki Pisil\u00e4 Edellinen presidentti Marja-Leena Korva, hallitus Sihteeri Pasi Pulli Rahastonhoitaja Virpi Honkala, hallitus Klubipalvelukomitean pj Risto Kallio, hallitus vj. J\u00e4senyyskomitea pj Markku Alasuutari, hallitus vj. Kansainv\u00e4lisyys- ja nuorisokomitea pj Sari Kurttila Julkisuuskomitea pj Minna Siilas, hallitus vj. [&hellip;]","og_url":"https:\/\/rotary.fi\/raahe\/keita-olemme\/hallitus-ja-toimihenkilot\/","og_site_name":"Raahen Rotaryklubi ry","article_modified_time":"2025-10-30T07:56:29+00:00","twitter_card":"summary_large_image","twitter_misc":{"Arvioitu lukuaika":"2 minuuttia"},"schema":{"@context":"https:\/\/schema.org","@graph":[{"@type":"WebPage","@id":"https:\/\/rotary.fi\/raahe\/keita-olemme\/hallitus-ja-toimihenkilot\/","url":"https:\/\/rotary.fi\/raahe\/keita-olemme\/hallitus-ja-toimihenkilot\/","name":"Hallitus ja toimihenkil\u00f6t - Raahen Rotaryklubi ry","isPartOf":{"@id":"https:\/\/rotary.fi\/raahe\/#website"},"datePublished":"2018-08-10T10:59:56+00:00","dateModified":"2025-10-30T07:56:29+00:00","breadcrumb":{"@id":"https:\/\/rotary.fi\/raahe\/keita-olemme\/hallitus-ja-toimihenkilot\/#breadcrumb"},"inLanguage":"fi","potentialAction":[{"@type":"ReadAction","target":["https:\/\/rotary.fi\/raahe\/keita-olemme\/hallitus-ja-toimihenkilot\/"]}]},{"@type":"BreadcrumbList","@id":"https:\/\/rotary.fi\/raahe\/keita-olemme\/hallitus-ja-toimihenkilot\/#breadcrumb","itemListElement":[{"@type":"ListItem","position":1,"name":"Home","item":"https:\/\/rotary.fi\/raahe\/"},{"@type":"ListItem","position":2,"name":"Keit\u00e4 olemme","item":"https:\/\/rotary.fi\/raahe\/keita-olemme\/"},{"@type":"ListItem","position":3,"name":"Hallitus ja toimihenkil\u00f6t"}]},{"@type":"WebSite","@id":"https:\/\/rotary.fi\/raahe\/#website","url":"https:\/\/rotary.fi\/raahe\/","name":"Raahen Rotaryklubi ry","description":"Uusi Rotary klubisivusto","potentialAction":[{"@type":"SearchAction","target":{"@type":"EntryPoint","urlTemplate":"https:\/\/rotary.fi\/raahe\/?s={search_term_string}"},"query-input":{"@type":"PropertyValueSpecification","valueRequired":true,"valueName":"search_term_string"}}],"inLanguage":"fi"}]}},"lang":"fi","translations":{"fi":132},"pll_sync_post":[],"_links":{"self":[{"href":"https:\/\/rotary.fi\/raahe\/wp-json\/wp\/v2\/pages\/132","targetHints":{"allow":["GET"]}}],"collection":[{"href":"https:\/\/rotary.fi\/raahe\/wp-json\/wp\/v2\/pages"}],"about":[{"href":"https:\/\/rotary.fi\/raahe\/wp-json\/wp\/v2\/types\/page"}],"author":[{"embeddable":true,"href":"https:\/\/rotary.fi\/raahe\/wp-json\/wp\/v2\/users\/1"}],"replies":[{"embeddable":true,"href":"https:\/\/rotary.fi\/raahe\/wp-json\/wp\/v2\/comments?post=132"}],"version-history":[{"count":11,"href":"https:\/\/rotary.fi\/raahe\/wp-json\/wp\/v2\/pages\/132\/revisions"}],"predecessor-version":[{"id":3443,"href":"https:\/\/rotary.fi\/raahe\/wp-json\/wp\/v2\/pages\/132\/revisions\/3443"}],"up":[{"embeddable":true,"href":"https:\/\/rotary.fi\/raahe\/wp-json\/wp\/v2\/pages\/129"}],"wp:attachment":[{"href":"https:\/\/rotary.fi\/raahe\/wp-json\/wp\/v2\/media?parent=132"}],"curies":[{"name":"wp","href":"https:\/\/api.w.org\/{rel}","templated":true}]}}