{"id":156,"date":"2018-08-13T09:46:59","date_gmt":"2018-08-13T06:46:59","guid":{"rendered":"https:\/\/rotary.fi\/pyynikki\/?page_id=156"},"modified":"2025-11-15T01:26:51","modified_gmt":"2025-11-14T23:26:51","slug":"projektit","status":"publish","type":"page","link":"https:\/\/rotary.fi\/pyynikki\/mita-teemme\/projektit\/","title":{"rendered":"Projektit"},"content":{"rendered":"<p>[et_pb_section fb_built=&#8221;1&#8243; module_class=&#8221;jumbotron-page&#8221; _builder_version=&#8221;4.16&#8243; background_image=&#8221;https:\/\/rotary.fi\/pyynikki\/wp-content\/uploads\/sites\/97\/2020\/01\/fun-day-2015-2.jpg&#8221; global_colors_info=&#8221;{}&#8221;][et_pb_row _builder_version=&#8221;4.16&#8243; background_size=&#8221;initial&#8221; background_position=&#8221;top_left&#8221; background_repeat=&#8221;repeat&#8221; global_colors_info=&#8221;{}&#8221;][et_pb_column type=&#8221;4_4&#8243; _builder_version=&#8221;4.16&#8243; custom_padding=&#8221;|||&#8221; global_colors_info=&#8221;{}&#8221; custom_padding__hover=&#8221;|||&#8221;][et_pb_text admin_label=&#8221;P\u00e4\u00e4otsikko&#8221; _builder_version=&#8221;4.16&#8243; text_orientation=&#8221;center&#8221; background_layout=&#8221;dark&#8221; global_colors_info=&#8221;{}&#8221;]<\/p>\n<h1>Projektit<\/h1>\n<p>[\/et_pb_text][\/et_pb_column][\/et_pb_row][\/et_pb_section][et_pb_section fb_built=&#8221;1&#8243; specialty=&#8221;on&#8221; module_class_2=&#8221;sivupalkki&#8221; _builder_version=&#8221;4.16&#8243; global_colors_info=&#8221;{}&#8221;][et_pb_column type=&#8221;2_3&#8243; specialty_columns=&#8221;2&#8243; _builder_version=&#8221;4.16&#8243; custom_padding=&#8221;|||&#8221; global_colors_info=&#8221;{}&#8221; parallax__hover=&#8221;off&#8221; parallax_method__hover=&#8221;on&#8221; custom_padding__hover=&#8221;|||&#8221;][et_pb_row_inner admin_label=&#8221;Rivi&#8221; _builder_version=&#8221;4.16&#8243; global_colors_info=&#8221;{}&#8221;][et_pb_column_inner saved_specialty_column_type=&#8221;2_3&#8243; _builder_version=&#8221;4.16&#8243; custom_padding=&#8221;|||&#8221; global_colors_info=&#8221;{}&#8221; parallax__hover=&#8221;off&#8221; parallax_method__hover=&#8221;on&#8221; custom_padding__hover=&#8221;|||&#8221;][et_pb_text admin_label=&#8221;Projektit &#8211; Otsikko&#8221; _builder_version=&#8221;4.16&#8243; text_orientation=&#8221;center&#8221; global_colors_info=&#8221;{}&#8221;]<\/p>\n<h1>Projektit<\/h1>\n<p>[\/et_pb_text][et_pb_text _builder_version=&#8221;4.16&#8243; custom_padding=&#8221;||0px|||&#8221; global_colors_info=&#8221;{}&#8221;]<\/p>\n<p>iRotary on palveluj\u00e4rjest\u00f6. Toimimme tunnuslauseemme Palvelu itsekkyyden edelle (Service above self) mukaisesti paikallisesti ja maailmanlaajuisesti. Kansainv\u00e4linen humanit\u00e4\u00e4rinen palvelumme toteutuu Rotarys\u00e4\u00e4ti\u00f6mme koordinoimana ja hyv\u00e4ksyttyjen kumppaneiden kanssa. Polion h\u00e4vitt\u00e4miseen maapallolta voit tutustua osoitteessa <a href=\"https:\/\/polioeradication.org\/\">https:\/\/polioeradication.org\/<\/a>. \u00a0<\/p>\n<p>Olemme olleet tukemassa lasten lukih\u00e4iri\u00f6n parantamista tohtori Tapani Rahkon menetelm\u00e4ll\u00e4. Voit tutustua lukih\u00e4iri\u00f6n parantamiseen osoitteessa <a href=\"https:\/\/www.readingoci.org\/\">https:\/\/www.readingoci.org\/<\/a>.<\/p>\n<p>J\u00e4senemme osallistuvat aktivisesti muihinkin Tampereen alueen Rotareiden hankkeisiin.<\/p>\n<p>&nbsp;<\/p>\n<p>&nbsp;<\/p>\n<p>[\/et_pb_text][\/et_pb_column_inner][\/et_pb_row_inner][\/et_pb_column][et_pb_column type=&#8221;1_3&#8243; module_class=&#8221;sivupalkki&#8221; _builder_version=&#8221;4.16&#8243; custom_padding=&#8221;|||&#8221; global_colors_info=&#8221;{}&#8221; parallax__hover=&#8221;off&#8221; parallax_method__hover=&#8221;on&#8221; module_class__hover=&#8221;sivupalkki&#8221; custom_padding__hover=&#8221;|||&#8221;][et_pb_sidebar area=&#8221;sidebar-1&#8243; module_class=&#8221;sivupalkki_sisalto&#8221; _builder_version=&#8221;4.16&#8243; locked=&#8221;on&#8221; global_colors_info=&#8221;{}&#8221;][\/et_pb_sidebar][\/et_pb_column][\/et_pb_section]<\/p>\n","protected":false},"excerpt":{"rendered":"<p>Projektit Projektit iRotary on palveluj\u00e4rjest\u00f6. Toimimme tunnuslauseemme Palvelu itsekkyyden edelle (Service above self) mukaisesti paikallisesti ja maailmanlaajuisesti. Kansainv\u00e4linen humanit\u00e4\u00e4rinen palvelumme toteutuu Rotarys\u00e4\u00e4ti\u00f6mme koordinoimana ja hyv\u00e4ksyttyjen kumppaneiden kanssa. Polion h\u00e4vitt\u00e4miseen maapallolta voit tutustua osoitteessa https:\/\/polioeradication.org\/. \u00a0 Olemme olleet tukemassa lasten lukih\u00e4iri\u00f6n parantamista tohtori Tapani Rahkon menetelm\u00e4ll\u00e4. Voit tutustua lukih\u00e4iri\u00f6n parantamiseen osoitteessa https:\/\/www.readingoci.org\/. J\u00e4senemme osallistuvat aktivisesti muihinkin [&hellip;]<\/p>\n","protected":false},"author":1,"featured_media":0,"parent":77,"menu_order":0,"comment_status":"closed","ping_status":"closed","template":"","meta":{"_acf_changed":false,"_et_pb_use_builder":"on","_et_pb_old_content":"","_et_gb_content_width":"","footnotes":""},"class_list":["post-156","page","type-page","status-publish","hentry"],"acf":[],"yoast_head":"<!-- This site is optimized with the Yoast SEO plugin v27.0 - https:\/\/yoast.com\/product\/yoast-seo-wordpress\/ -->\n<title>Projektit - Pyynikin rotaryklubi<\/title>\n<meta name=\"robots\" content=\"index, follow, max-snippet:-1, max-image-preview:large, max-video-preview:-1\" \/>\n<link rel=\"canonical\" href=\"https:\/\/rotary.fi\/pyynikki\/mita-teemme\/projektit\/\" \/>\n<meta property=\"og:locale\" content=\"fi_FI\" \/>\n<meta property=\"og:type\" content=\"article\" \/>\n<meta property=\"og:title\" content=\"Projektit - Pyynikin rotaryklubi\" \/>\n<meta property=\"og:description\" content=\"Projektit Projektit iRotary on palveluj\u00e4rjest\u00f6. Toimimme tunnuslauseemme Palvelu itsekkyyden edelle (Service above self) mukaisesti paikallisesti ja maailmanlaajuisesti. Kansainv\u00e4linen humanit\u00e4\u00e4rinen palvelumme toteutuu Rotarys\u00e4\u00e4ti\u00f6mme koordinoimana ja hyv\u00e4ksyttyjen kumppaneiden kanssa. Polion h\u00e4vitt\u00e4miseen maapallolta voit tutustua osoitteessa https:\/\/polioeradication.org\/. \u00a0 Olemme olleet tukemassa lasten lukih\u00e4iri\u00f6n parantamista tohtori Tapani Rahkon menetelm\u00e4ll\u00e4. Voit tutustua lukih\u00e4iri\u00f6n parantamiseen osoitteessa https:\/\/www.readingoci.org\/. J\u00e4senemme osallistuvat aktivisesti muihinkin [&hellip;]\" \/>\n<meta property=\"og:url\" content=\"https:\/\/rotary.fi\/pyynikki\/mita-teemme\/projektit\/\" \/>\n<meta property=\"og:site_name\" content=\"Pyynikin rotaryklubi\" \/>\n<meta property=\"article:modified_time\" content=\"2025-11-14T23:26:51+00:00\" \/>\n<meta name=\"twitter:card\" content=\"summary_large_image\" \/>\n<meta name=\"twitter:label1\" content=\"Arvioitu lukuaika\" \/>\n\t<meta name=\"twitter:data1\" content=\"1 minuutti\" \/>\n<script type=\"application\/ld+json\" class=\"yoast-schema-graph\">{\"@context\":\"https:\/\/schema.org\",\"@graph\":[{\"@type\":\"WebPage\",\"@id\":\"https:\/\/rotary.fi\/pyynikki\/mita-teemme\/projektit\/\",\"url\":\"https:\/\/rotary.fi\/pyynikki\/mita-teemme\/projektit\/\",\"name\":\"Projektit - Pyynikin rotaryklubi\",\"isPartOf\":{\"@id\":\"https:\/\/rotary.fi\/pyynikki\/#website\"},\"datePublished\":\"2018-08-13T06:46:59+00:00\",\"dateModified\":\"2025-11-14T23:26:51+00:00\",\"breadcrumb\":{\"@id\":\"https:\/\/rotary.fi\/pyynikki\/mita-teemme\/projektit\/#breadcrumb\"},\"inLanguage\":\"fi\",\"potentialAction\":[{\"@type\":\"ReadAction\",\"target\":[\"https:\/\/rotary.fi\/pyynikki\/mita-teemme\/projektit\/\"]}]},{\"@type\":\"BreadcrumbList\",\"@id\":\"https:\/\/rotary.fi\/pyynikki\/mita-teemme\/projektit\/#breadcrumb\",\"itemListElement\":[{\"@type\":\"ListItem\",\"position\":1,\"name\":\"Home\",\"item\":\"https:\/\/rotary.fi\/pyynikki\/\"},{\"@type\":\"ListItem\",\"position\":2,\"name\":\"Mit\u00e4 teemme\",\"item\":\"https:\/\/rotary.fi\/pyynikki\/mita-teemme\/\"},{\"@type\":\"ListItem\",\"position\":3,\"name\":\"Projektit\"}]},{\"@type\":\"WebSite\",\"@id\":\"https:\/\/rotary.fi\/pyynikki\/#website\",\"url\":\"https:\/\/rotary.fi\/pyynikki\/\",\"name\":\"Pyynikin rotaryklubi\",\"description\":\"Uusi Rotary klubisivusto\",\"publisher\":{\"@id\":\"https:\/\/rotary.fi\/pyynikki\/#organization\"},\"potentialAction\":[{\"@type\":\"SearchAction\",\"target\":{\"@type\":\"EntryPoint\",\"urlTemplate\":\"https:\/\/rotary.fi\/pyynikki\/?s={search_term_string}\"},\"query-input\":{\"@type\":\"PropertyValueSpecification\",\"valueRequired\":true,\"valueName\":\"search_term_string\"}}],\"inLanguage\":\"fi\"},{\"@type\":\"Organization\",\"@id\":\"https:\/\/rotary.fi\/pyynikki\/#organization\",\"name\":\"Pyynikin rotaryklubi\",\"url\":\"https:\/\/rotary.fi\/pyynikki\/\",\"logo\":{\"@type\":\"ImageObject\",\"inLanguage\":\"fi\",\"@id\":\"https:\/\/rotary.fi\/pyynikki\/#\/schema\/logo\/image\/\",\"url\":\"https:\/\/rotary.fi\/pyynikki\/wp-content\/uploads\/sites\/97\/2018\/08\/rotary-logo-main-2.png\",\"contentUrl\":\"https:\/\/rotary.fi\/pyynikki\/wp-content\/uploads\/sites\/97\/2018\/08\/rotary-logo-main-2.png\",\"width\":135,\"height\":52,\"caption\":\"Pyynikin rotaryklubi\"},\"image\":{\"@id\":\"https:\/\/rotary.fi\/pyynikki\/#\/schema\/logo\/image\/\"}}]}<\/script>\n<!-- \/ Yoast SEO plugin. -->","yoast_head_json":{"title":"Projektit - Pyynikin rotaryklubi","robots":{"index":"index","follow":"follow","max-snippet":"max-snippet:-1","max-image-preview":"max-image-preview:large","max-video-preview":"max-video-preview:-1"},"canonical":"https:\/\/rotary.fi\/pyynikki\/mita-teemme\/projektit\/","og_locale":"fi_FI","og_type":"article","og_title":"Projektit - Pyynikin rotaryklubi","og_description":"Projektit Projektit iRotary on palveluj\u00e4rjest\u00f6. Toimimme tunnuslauseemme Palvelu itsekkyyden edelle (Service above self) mukaisesti paikallisesti ja maailmanlaajuisesti. Kansainv\u00e4linen humanit\u00e4\u00e4rinen palvelumme toteutuu Rotarys\u00e4\u00e4ti\u00f6mme koordinoimana ja hyv\u00e4ksyttyjen kumppaneiden kanssa. Polion h\u00e4vitt\u00e4miseen maapallolta voit tutustua osoitteessa https:\/\/polioeradication.org\/. \u00a0 Olemme olleet tukemassa lasten lukih\u00e4iri\u00f6n parantamista tohtori Tapani Rahkon menetelm\u00e4ll\u00e4. Voit tutustua lukih\u00e4iri\u00f6n parantamiseen osoitteessa https:\/\/www.readingoci.org\/. J\u00e4senemme osallistuvat aktivisesti muihinkin [&hellip;]","og_url":"https:\/\/rotary.fi\/pyynikki\/mita-teemme\/projektit\/","og_site_name":"Pyynikin rotaryklubi","article_modified_time":"2025-11-14T23:26:51+00:00","twitter_card":"summary_large_image","twitter_misc":{"Arvioitu lukuaika":"1 minuutti"},"schema":{"@context":"https:\/\/schema.org","@graph":[{"@type":"WebPage","@id":"https:\/\/rotary.fi\/pyynikki\/mita-teemme\/projektit\/","url":"https:\/\/rotary.fi\/pyynikki\/mita-teemme\/projektit\/","name":"Projektit - Pyynikin rotaryklubi","isPartOf":{"@id":"https:\/\/rotary.fi\/pyynikki\/#website"},"datePublished":"2018-08-13T06:46:59+00:00","dateModified":"2025-11-14T23:26:51+00:00","breadcrumb":{"@id":"https:\/\/rotary.fi\/pyynikki\/mita-teemme\/projektit\/#breadcrumb"},"inLanguage":"fi","potentialAction":[{"@type":"ReadAction","target":["https:\/\/rotary.fi\/pyynikki\/mita-teemme\/projektit\/"]}]},{"@type":"BreadcrumbList","@id":"https:\/\/rotary.fi\/pyynikki\/mita-teemme\/projektit\/#breadcrumb","itemListElement":[{"@type":"ListItem","position":1,"name":"Home","item":"https:\/\/rotary.fi\/pyynikki\/"},{"@type":"ListItem","position":2,"name":"Mit\u00e4 teemme","item":"https:\/\/rotary.fi\/pyynikki\/mita-teemme\/"},{"@type":"ListItem","position":3,"name":"Projektit"}]},{"@type":"WebSite","@id":"https:\/\/rotary.fi\/pyynikki\/#website","url":"https:\/\/rotary.fi\/pyynikki\/","name":"Pyynikin rotaryklubi","description":"Uusi Rotary klubisivusto","publisher":{"@id":"https:\/\/rotary.fi\/pyynikki\/#organization"},"potentialAction":[{"@type":"SearchAction","target":{"@type":"EntryPoint","urlTemplate":"https:\/\/rotary.fi\/pyynikki\/?s={search_term_string}"},"query-input":{"@type":"PropertyValueSpecification","valueRequired":true,"valueName":"search_term_string"}}],"inLanguage":"fi"},{"@type":"Organization","@id":"https:\/\/rotary.fi\/pyynikki\/#organization","name":"Pyynikin rotaryklubi","url":"https:\/\/rotary.fi\/pyynikki\/","logo":{"@type":"ImageObject","inLanguage":"fi","@id":"https:\/\/rotary.fi\/pyynikki\/#\/schema\/logo\/image\/","url":"https:\/\/rotary.fi\/pyynikki\/wp-content\/uploads\/sites\/97\/2018\/08\/rotary-logo-main-2.png","contentUrl":"https:\/\/rotary.fi\/pyynikki\/wp-content\/uploads\/sites\/97\/2018\/08\/rotary-logo-main-2.png","width":135,"height":52,"caption":"Pyynikin rotaryklubi"},"image":{"@id":"https:\/\/rotary.fi\/pyynikki\/#\/schema\/logo\/image\/"}}]}},"lang":"fi","translations":{"fi":156,"en":1451},"pll_sync_post":[],"_links":{"self":[{"href":"https:\/\/rotary.fi\/pyynikki\/wp-json\/wp\/v2\/pages\/156","targetHints":{"allow":["GET"]}}],"collection":[{"href":"https:\/\/rotary.fi\/pyynikki\/wp-json\/wp\/v2\/pages"}],"about":[{"href":"https:\/\/rotary.fi\/pyynikki\/wp-json\/wp\/v2\/types\/page"}],"author":[{"embeddable":true,"href":"https:\/\/rotary.fi\/pyynikki\/wp-json\/wp\/v2\/users\/1"}],"replies":[{"embeddable":true,"href":"https:\/\/rotary.fi\/pyynikki\/wp-json\/wp\/v2\/comments?post=156"}],"version-history":[{"count":9,"href":"https:\/\/rotary.fi\/pyynikki\/wp-json\/wp\/v2\/pages\/156\/revisions"}],"predecessor-version":[{"id":1879,"href":"https:\/\/rotary.fi\/pyynikki\/wp-json\/wp\/v2\/pages\/156\/revisions\/1879"}],"up":[{"embeddable":true,"href":"https:\/\/rotary.fi\/pyynikki\/wp-json\/wp\/v2\/pages\/77"}],"wp:attachment":[{"href":"https:\/\/rotary.fi\/pyynikki\/wp-json\/wp\/v2\/media?parent=156"}],"curies":[{"name":"wp","href":"https:\/\/api.w.org\/{rel}","templated":true}]}}