{"id":138,"date":"2018-08-10T14:01:44","date_gmt":"2018-08-10T11:01:44","guid":{"rendered":"https:\/\/rotary.fi\/klubi2\/?page_id=138"},"modified":"2025-11-14T15:44:17","modified_gmt":"2025-11-14T13:44:17","slug":"vuositeema","status":"publish","type":"page","link":"https:\/\/rotary.fi\/pyynikki\/keita-olemme\/vuositeema\/","title":{"rendered":"Vuositeema"},"content":{"rendered":"<p>[et_pb_section fb_built=&#8221;1&#8243; module_class=&#8221;jumbotron-page&#8221; _builder_version=&#8221;4.16&#8243; background_image=&#8221;https:\/\/rotary.fi\/pyynikki\/wp-content\/uploads\/sites\/97\/2018\/08\/rotary_klubit_alasivu_paakuva_7.jpg&#8221; global_colors_info=&#8221;{}&#8221;][et_pb_row _builder_version=&#8221;4.16&#8243; background_size=&#8221;initial&#8221; background_position=&#8221;top_left&#8221; background_repeat=&#8221;repeat&#8221; global_colors_info=&#8221;{}&#8221;][et_pb_column type=&#8221;4_4&#8243; _builder_version=&#8221;4.16&#8243; custom_padding=&#8221;|||&#8221; global_colors_info=&#8221;{}&#8221; custom_padding__hover=&#8221;|||&#8221;][et_pb_text admin_label=&#8221;P\u00e4\u00e4otsikko&#8221; _builder_version=&#8221;4.16&#8243; text_orientation=&#8221;center&#8221; background_layout=&#8221;dark&#8221; global_colors_info=&#8221;{}&#8221;]<\/p>\n<h1>Vuositeema<\/h1>\n<p>&nbsp;<\/p>\n<p>[\/et_pb_text][\/et_pb_column][\/et_pb_row][\/et_pb_section][et_pb_section fb_built=&#8221;1&#8243; specialty=&#8221;on&#8221; module_class_2=&#8221;sivupalkki&#8221; _builder_version=&#8221;4.16&#8243; global_colors_info=&#8221;{}&#8221;][et_pb_column type=&#8221;2_3&#8243; specialty_columns=&#8221;2&#8243; _builder_version=&#8221;4.16&#8243; custom_padding=&#8221;|||&#8221; global_colors_info=&#8221;{}&#8221; custom_padding__hover=&#8221;|||&#8221;][et_pb_row_inner admin_label=&#8221;Rivi&#8221; _builder_version=&#8221;4.16&#8243; global_colors_info=&#8221;{}&#8221;][et_pb_column_inner saved_specialty_column_type=&#8221;2_3&#8243; _builder_version=&#8221;4.16&#8243; custom_padding=&#8221;|||&#8221; global_colors_info=&#8221;{}&#8221; custom_padding__hover=&#8221;|||&#8221;][et_pb_image src=&#8221;https:\/\/rotary.fi\/pyynikki\/wp-content\/uploads\/sites\/97\/2025\/11\/pm2526-bc-webbanner-azure-1600&#215;400-en-us.png&#8221; _builder_version=&#8221;4.27.4&#8243; _module_preset=&#8221;default&#8221; theme_builder_area=&#8221;post_content&#8221; hover_enabled=&#8221;0&#8243; sticky_enabled=&#8221;0&#8243; custom_padding=&#8221;|0px||||&#8221;][\/et_pb_image][et_pb_text admin_label=&#8221;Rotary Internationalin vuositeema &#8211; Otsikko&#8221; _builder_version=&#8221;4.16&#8243; text_orientation=&#8221;center&#8221; custom_margin=&#8221;-24px|||||&#8221; custom_padding=&#8221;0px|||||&#8221; global_colors_info=&#8221;{}&#8221;]<\/p>\n<h2><\/h2>\n<h2><\/h2>\n<h2>Rotary Internationalin vuositeema<\/h2>\n<p>[\/et_pb_text][et_pb_text _builder_version=&#8221;4.16&#8243; global_colors_info=&#8221;{}&#8221;]<\/p>\n<p style=\"text-align: center\">Rotary Internationalin presidentti <strong>Holger Knaack<\/strong> on nimennyt presidenttivuotensa 2025 &#8211; 2026 teemaksi<\/p>\n<p><strong>United for Good<\/strong><\/p>\n<blockquote>\n<p>&#8221;Rotary Internationalin presidentti Holger Knaackin vuositeema 2020-21, Rotary avaa mahdollisuuksia, kehottaa rotareja hy\u00f6dynt\u00e4m\u00e4\u00e4n mahdollisuuksia kehitt\u00e4\u00e4 omaa johtajuuttaan, ja auttaa toteuttamaan Rotaryn palveluideoita ja parantamaan apua tarvitsevien el\u00e4m\u00e4\u00e4.&#8221;<\/p>\n<\/blockquote>\n<p>[\/et_pb_text][\/et_pb_column_inner][\/et_pb_row_inner][et_pb_row_inner admin_label=&#8221;Rivi&#8221; _builder_version=&#8221;4.16&#8243; global_colors_info=&#8221;{}&#8221;][et_pb_column_inner saved_specialty_column_type=&#8221;2_3&#8243; _builder_version=&#8221;4.16&#8243; custom_padding=&#8221;|||&#8221; global_colors_info=&#8221;{}&#8221; custom_padding__hover=&#8221;|||&#8221;][et_pb_text admin_label=&#8221;Klubin vuositeema &#8211; Otsikko&#8221; _builder_version=&#8221;4.16&#8243; text_orientation=&#8221;center&#8221; custom_margin=&#8221;-17px|||||&#8221; global_colors_info=&#8221;{}&#8221;]<\/p>\n<h4>Pyynikin Rotaryklubin vuositeema<\/h4>\n<p>[\/et_pb_text][et_pb_text admin_label=&#8221;Toimintavuoden aikana vahvistamme klubiamme hankkimalla uusia j\u00e4seni\u00e4. &#8221; _builder_version=&#8221;4.16&#8243; global_colors_info=&#8221;{}&#8221;]<\/p>\n<p><span>Pyrimme toimintasuunnitelman mukaisesti vahvistamaan klubiamme. Klubin j\u00e4senm\u00e4\u00e4r\u00e4\u00e4 pyrit\u00e4\u00e4n kasvattamaan. Tavoitteena on 3 &#8211; 5 uuden j\u00e4senen saaminen klubiimme toimintavuoden aikana. Jatkamme klubin perinteisell\u00e4 linjalla, mutta ideoimme ja harkitsemme my\u00f6s uusia luovia tapoja, joilla klubista voidaan tehd\u00e4 entist\u00e4kin el\u00e4v\u00e4mpi ja mielenkiintoisempi j\u00e4senille sek\u00e4 houkuttelevampi uusille j\u00e4senille. Tavoitteena on mielenkiintoisia, hy\u00f6dyllisi\u00e4 ja mukavia yhdess\u00e4olon hetki\u00e4 sek\u00e4 palveluty\u00f6ss\u00e4 hyv\u00e4n tekeminen.<\/span><\/p>\n<p>[\/et_pb_text][\/et_pb_column_inner][\/et_pb_row_inner][\/et_pb_column][et_pb_column type=&#8221;1_3&#8243; _builder_version=&#8221;4.16&#8243; custom_padding=&#8221;|||&#8221; global_colors_info=&#8221;{}&#8221; custom_padding__hover=&#8221;|||&#8221;][et_pb_sidebar area=&#8221;sidebar-1&#8243; module_class=&#8221;sivupalkki_sisalto&#8221; _builder_version=&#8221;4.16&#8243; locked=&#8221;on&#8221; global_colors_info=&#8221;{}&#8221;][\/et_pb_sidebar][\/et_pb_column][\/et_pb_section][et_pb_section fb_built=&#8221;1&#8243; theme_builder_area=&#8221;post_content&#8221; _builder_version=&#8221;4.27.4&#8243; _module_preset=&#8221;default&#8221;][et_pb_row _builder_version=&#8221;4.27.4&#8243; _module_preset=&#8221;default&#8221; theme_builder_area=&#8221;post_content&#8221; custom_padding=&#8221;|160px||||&#8221;][et_pb_column _builder_version=&#8221;4.27.4&#8243; _module_preset=&#8221;default&#8221; theme_builder_area=&#8221;post_content&#8221; type=&#8221;4_4&#8243;][\/et_pb_column][\/et_pb_row][\/et_pb_section]<\/p>\n","protected":false},"excerpt":{"rendered":"<p>Vuositeema &nbsp; Rotary Internationalin vuositeemaRotary Internationalin presidentti Holger Knaack on nimennyt presidenttivuotensa 2025 &#8211; 2026 teemaksi United for Good &#8221;Rotary Internationalin presidentti Holger Knaackin vuositeema 2020-21, Rotary avaa mahdollisuuksia, kehottaa rotareja hy\u00f6dynt\u00e4m\u00e4\u00e4n mahdollisuuksia kehitt\u00e4\u00e4 omaa johtajuuttaan, ja auttaa toteuttamaan Rotaryn palveluideoita ja parantamaan apua tarvitsevien el\u00e4m\u00e4\u00e4.&#8221; Pyynikin Rotaryklubin vuositeemaPyrimme toimintasuunnitelman mukaisesti vahvistamaan klubiamme. Klubin j\u00e4senm\u00e4\u00e4r\u00e4\u00e4 [&hellip;]<\/p>\n","protected":false},"author":1,"featured_media":0,"parent":129,"menu_order":0,"comment_status":"closed","ping_status":"closed","template":"","meta":{"_acf_changed":false,"_et_pb_use_builder":"on","_et_pb_old_content":"","_et_gb_content_width":"","footnotes":""},"class_list":["post-138","page","type-page","status-publish","hentry"],"acf":[],"yoast_head":"<!-- This site is optimized with the Yoast SEO plugin v27.4 - https:\/\/yoast.com\/product\/yoast-seo-wordpress\/ -->\n<title>Vuositeema - Pyynikin rotaryklubi<\/title>\n<meta name=\"robots\" content=\"index, follow, max-snippet:-1, max-image-preview:large, max-video-preview:-1\" \/>\n<link rel=\"canonical\" href=\"https:\/\/rotary.fi\/pyynikki\/keita-olemme\/vuositeema\/\" \/>\n<meta property=\"og:locale\" content=\"fi_FI\" \/>\n<meta property=\"og:type\" content=\"article\" \/>\n<meta property=\"og:title\" content=\"Vuositeema - Pyynikin rotaryklubi\" \/>\n<meta property=\"og:description\" content=\"Vuositeema &nbsp; Rotary Internationalin vuositeemaRotary Internationalin presidentti Holger Knaack on nimennyt presidenttivuotensa 2025 - 2026 teemaksi United for Good &quot;Rotary Internationalin presidentti Holger Knaackin vuositeema 2020-21, Rotary avaa mahdollisuuksia, kehottaa rotareja hy\u00f6dynt\u00e4m\u00e4\u00e4n mahdollisuuksia kehitt\u00e4\u00e4 omaa johtajuuttaan, ja auttaa toteuttamaan Rotaryn palveluideoita ja parantamaan apua tarvitsevien el\u00e4m\u00e4\u00e4.&quot; Pyynikin Rotaryklubin vuositeemaPyrimme toimintasuunnitelman mukaisesti vahvistamaan klubiamme. Klubin j\u00e4senm\u00e4\u00e4r\u00e4\u00e4 [&hellip;]\" \/>\n<meta property=\"og:url\" content=\"https:\/\/rotary.fi\/pyynikki\/keita-olemme\/vuositeema\/\" \/>\n<meta property=\"og:site_name\" content=\"Pyynikin rotaryklubi\" \/>\n<meta property=\"article:modified_time\" content=\"2025-11-14T13:44:17+00:00\" \/>\n<meta name=\"twitter:card\" content=\"summary_large_image\" \/>\n<meta name=\"twitter:label1\" content=\"Arvioitu lukuaika\" \/>\n\t<meta name=\"twitter:data1\" content=\"2 minuuttia\" \/>\n<script type=\"application\/ld+json\" class=\"yoast-schema-graph\">{\"@context\":\"https:\\\/\\\/schema.org\",\"@graph\":[{\"@type\":\"WebPage\",\"@id\":\"https:\\\/\\\/rotary.fi\\\/pyynikki\\\/keita-olemme\\\/vuositeema\\\/\",\"url\":\"https:\\\/\\\/rotary.fi\\\/pyynikki\\\/keita-olemme\\\/vuositeema\\\/\",\"name\":\"Vuositeema - Pyynikin rotaryklubi\",\"isPartOf\":{\"@id\":\"https:\\\/\\\/rotary.fi\\\/pyynikki\\\/#website\"},\"datePublished\":\"2018-08-10T11:01:44+00:00\",\"dateModified\":\"2025-11-14T13:44:17+00:00\",\"breadcrumb\":{\"@id\":\"https:\\\/\\\/rotary.fi\\\/pyynikki\\\/keita-olemme\\\/vuositeema\\\/#breadcrumb\"},\"inLanguage\":\"fi\",\"potentialAction\":[{\"@type\":\"ReadAction\",\"target\":[\"https:\\\/\\\/rotary.fi\\\/pyynikki\\\/keita-olemme\\\/vuositeema\\\/\"]}]},{\"@type\":\"BreadcrumbList\",\"@id\":\"https:\\\/\\\/rotary.fi\\\/pyynikki\\\/keita-olemme\\\/vuositeema\\\/#breadcrumb\",\"itemListElement\":[{\"@type\":\"ListItem\",\"position\":1,\"name\":\"Home\",\"item\":\"https:\\\/\\\/rotary.fi\\\/pyynikki\\\/\"},{\"@type\":\"ListItem\",\"position\":2,\"name\":\"Keit\u00e4 olemme\",\"item\":\"https:\\\/\\\/rotary.fi\\\/pyynikki\\\/keita-olemme\\\/\"},{\"@type\":\"ListItem\",\"position\":3,\"name\":\"Vuositeema\"}]},{\"@type\":\"WebSite\",\"@id\":\"https:\\\/\\\/rotary.fi\\\/pyynikki\\\/#website\",\"url\":\"https:\\\/\\\/rotary.fi\\\/pyynikki\\\/\",\"name\":\"Pyynikin rotaryklubi\",\"description\":\"Uusi Rotary klubisivusto\",\"publisher\":{\"@id\":\"https:\\\/\\\/rotary.fi\\\/pyynikki\\\/#organization\"},\"potentialAction\":[{\"@type\":\"SearchAction\",\"target\":{\"@type\":\"EntryPoint\",\"urlTemplate\":\"https:\\\/\\\/rotary.fi\\\/pyynikki\\\/?s={search_term_string}\"},\"query-input\":{\"@type\":\"PropertyValueSpecification\",\"valueRequired\":true,\"valueName\":\"search_term_string\"}}],\"inLanguage\":\"fi\"},{\"@type\":\"Organization\",\"@id\":\"https:\\\/\\\/rotary.fi\\\/pyynikki\\\/#organization\",\"name\":\"Pyynikin rotaryklubi\",\"url\":\"https:\\\/\\\/rotary.fi\\\/pyynikki\\\/\",\"logo\":{\"@type\":\"ImageObject\",\"inLanguage\":\"fi\",\"@id\":\"https:\\\/\\\/rotary.fi\\\/pyynikki\\\/#\\\/schema\\\/logo\\\/image\\\/\",\"url\":\"https:\\\/\\\/rotary.fi\\\/pyynikki\\\/wp-content\\\/uploads\\\/sites\\\/97\\\/2018\\\/08\\\/rotary-logo-main-2.png\",\"contentUrl\":\"https:\\\/\\\/rotary.fi\\\/pyynikki\\\/wp-content\\\/uploads\\\/sites\\\/97\\\/2018\\\/08\\\/rotary-logo-main-2.png\",\"width\":135,\"height\":52,\"caption\":\"Pyynikin rotaryklubi\"},\"image\":{\"@id\":\"https:\\\/\\\/rotary.fi\\\/pyynikki\\\/#\\\/schema\\\/logo\\\/image\\\/\"}}]}<\/script>\n<!-- \/ Yoast SEO plugin. -->","yoast_head_json":{"title":"Vuositeema - Pyynikin rotaryklubi","robots":{"index":"index","follow":"follow","max-snippet":"max-snippet:-1","max-image-preview":"max-image-preview:large","max-video-preview":"max-video-preview:-1"},"canonical":"https:\/\/rotary.fi\/pyynikki\/keita-olemme\/vuositeema\/","og_locale":"fi_FI","og_type":"article","og_title":"Vuositeema - Pyynikin rotaryklubi","og_description":"Vuositeema &nbsp; Rotary Internationalin vuositeemaRotary Internationalin presidentti Holger Knaack on nimennyt presidenttivuotensa 2025 - 2026 teemaksi United for Good \"Rotary Internationalin presidentti Holger Knaackin vuositeema 2020-21, Rotary avaa mahdollisuuksia, kehottaa rotareja hy\u00f6dynt\u00e4m\u00e4\u00e4n mahdollisuuksia kehitt\u00e4\u00e4 omaa johtajuuttaan, ja auttaa toteuttamaan Rotaryn palveluideoita ja parantamaan apua tarvitsevien el\u00e4m\u00e4\u00e4.\" Pyynikin Rotaryklubin vuositeemaPyrimme toimintasuunnitelman mukaisesti vahvistamaan klubiamme. Klubin j\u00e4senm\u00e4\u00e4r\u00e4\u00e4 [&hellip;]","og_url":"https:\/\/rotary.fi\/pyynikki\/keita-olemme\/vuositeema\/","og_site_name":"Pyynikin rotaryklubi","article_modified_time":"2025-11-14T13:44:17+00:00","twitter_card":"summary_large_image","twitter_misc":{"Arvioitu lukuaika":"2 minuuttia"},"schema":{"@context":"https:\/\/schema.org","@graph":[{"@type":"WebPage","@id":"https:\/\/rotary.fi\/pyynikki\/keita-olemme\/vuositeema\/","url":"https:\/\/rotary.fi\/pyynikki\/keita-olemme\/vuositeema\/","name":"Vuositeema - Pyynikin rotaryklubi","isPartOf":{"@id":"https:\/\/rotary.fi\/pyynikki\/#website"},"datePublished":"2018-08-10T11:01:44+00:00","dateModified":"2025-11-14T13:44:17+00:00","breadcrumb":{"@id":"https:\/\/rotary.fi\/pyynikki\/keita-olemme\/vuositeema\/#breadcrumb"},"inLanguage":"fi","potentialAction":[{"@type":"ReadAction","target":["https:\/\/rotary.fi\/pyynikki\/keita-olemme\/vuositeema\/"]}]},{"@type":"BreadcrumbList","@id":"https:\/\/rotary.fi\/pyynikki\/keita-olemme\/vuositeema\/#breadcrumb","itemListElement":[{"@type":"ListItem","position":1,"name":"Home","item":"https:\/\/rotary.fi\/pyynikki\/"},{"@type":"ListItem","position":2,"name":"Keit\u00e4 olemme","item":"https:\/\/rotary.fi\/pyynikki\/keita-olemme\/"},{"@type":"ListItem","position":3,"name":"Vuositeema"}]},{"@type":"WebSite","@id":"https:\/\/rotary.fi\/pyynikki\/#website","url":"https:\/\/rotary.fi\/pyynikki\/","name":"Pyynikin rotaryklubi","description":"Uusi Rotary klubisivusto","publisher":{"@id":"https:\/\/rotary.fi\/pyynikki\/#organization"},"potentialAction":[{"@type":"SearchAction","target":{"@type":"EntryPoint","urlTemplate":"https:\/\/rotary.fi\/pyynikki\/?s={search_term_string}"},"query-input":{"@type":"PropertyValueSpecification","valueRequired":true,"valueName":"search_term_string"}}],"inLanguage":"fi"},{"@type":"Organization","@id":"https:\/\/rotary.fi\/pyynikki\/#organization","name":"Pyynikin rotaryklubi","url":"https:\/\/rotary.fi\/pyynikki\/","logo":{"@type":"ImageObject","inLanguage":"fi","@id":"https:\/\/rotary.fi\/pyynikki\/#\/schema\/logo\/image\/","url":"https:\/\/rotary.fi\/pyynikki\/wp-content\/uploads\/sites\/97\/2018\/08\/rotary-logo-main-2.png","contentUrl":"https:\/\/rotary.fi\/pyynikki\/wp-content\/uploads\/sites\/97\/2018\/08\/rotary-logo-main-2.png","width":135,"height":52,"caption":"Pyynikin rotaryklubi"},"image":{"@id":"https:\/\/rotary.fi\/pyynikki\/#\/schema\/logo\/image\/"}}]}},"lang":"fi","translations":{"fi":138,"en":1430},"pll_sync_post":[],"_links":{"self":[{"href":"https:\/\/rotary.fi\/pyynikki\/wp-json\/wp\/v2\/pages\/138","targetHints":{"allow":["GET"]}}],"collection":[{"href":"https:\/\/rotary.fi\/pyynikki\/wp-json\/wp\/v2\/pages"}],"about":[{"href":"https:\/\/rotary.fi\/pyynikki\/wp-json\/wp\/v2\/types\/page"}],"author":[{"embeddable":true,"href":"https:\/\/rotary.fi\/pyynikki\/wp-json\/wp\/v2\/users\/1"}],"replies":[{"embeddable":true,"href":"https:\/\/rotary.fi\/pyynikki\/wp-json\/wp\/v2\/comments?post=138"}],"version-history":[{"count":10,"href":"https:\/\/rotary.fi\/pyynikki\/wp-json\/wp\/v2\/pages\/138\/revisions"}],"predecessor-version":[{"id":1875,"href":"https:\/\/rotary.fi\/pyynikki\/wp-json\/wp\/v2\/pages\/138\/revisions\/1875"}],"up":[{"embeddable":true,"href":"https:\/\/rotary.fi\/pyynikki\/wp-json\/wp\/v2\/pages\/129"}],"wp:attachment":[{"href":"https:\/\/rotary.fi\/pyynikki\/wp-json\/wp\/v2\/media?parent=138"}],"curies":[{"name":"wp","href":"https:\/\/api.w.org\/{rel}","templated":true}]}}