{"id":129,"date":"2018-08-10T13:41:39","date_gmt":"2018-08-10T10:41:39","guid":{"rendered":"https:\/\/rotary.fi\/klubi2\/?page_id=129"},"modified":"2019-12-09T05:52:40","modified_gmt":"2019-12-09T03:52:40","slug":"keita-olemme","status":"publish","type":"page","link":"https:\/\/rotary.fi\/pyynikki\/keita-olemme\/","title":{"rendered":"Keit\u00e4 olemme"},"content":{"rendered":"<p>[et_pb_section fb_built=&#8221;1&#8243; module_class=&#8221;jumbotron-page&#8221; _builder_version=&#8221;4.0.6&#8243; background_image=&#8221;https:\/\/rotary.fi\/pyynikki\/wp-content\/uploads\/sites\/97\/2018\/12\/rotary_klubit_etusivu_paakuva_vaihto3.jpg&#8221;][et_pb_row _builder_version=&#8221;3.25&#8243; background_size=&#8221;initial&#8221; background_position=&#8221;top_left&#8221; background_repeat=&#8221;repeat&#8221; custom_padding=&#8221;11px|||||&#8221;][et_pb_column type=&#8221;4_4&#8243; _builder_version=&#8221;3.25&#8243; custom_padding=&#8221;|||&#8221; custom_padding__hover=&#8221;|||&#8221;][et_pb_text admin_label=&#8221;P\u00e4\u00e4otsikko&#8221; _builder_version=&#8221;3.27.4&#8243; text_orientation=&#8221;center&#8221; background_layout=&#8221;dark&#8221;]<\/p>\n<h1>Pyynikin\u00a0 rotaryklubi<\/h1>\n<p>[\/et_pb_text][\/et_pb_column][\/et_pb_row][\/et_pb_section][et_pb_section fb_built=&#8221;1&#8243; specialty=&#8221;on&#8221; module_class_2=&#8221;sivupalkki&#8221; _builder_version=&#8221;3.22&#8243;][et_pb_column type=&#8221;2_3&#8243; specialty_columns=&#8221;2&#8243; _builder_version=&#8221;3.25&#8243; custom_padding=&#8221;|||&#8221; custom_padding__hover=&#8221;|||&#8221;][et_pb_row_inner admin_label=&#8221;Rivi&#8221; _builder_version=&#8221;3.25&#8243;][et_pb_column_inner saved_specialty_column_type=&#8221;2_3&#8243; _builder_version=&#8221;3.25&#8243; custom_padding=&#8221;|||&#8221; custom_padding__hover=&#8221;|||&#8221;][et_pb_text admin_label=&#8221;Otsikko&#8221; _builder_version=&#8221;3.27.4&#8243; text_orientation=&#8221;center&#8221; custom_margin=&#8221;||26px|||&#8221;]<\/p>\n<h1>Keit\u00e4 olemme<\/h1>\n<p>[\/et_pb_text][\/et_pb_column_inner][\/et_pb_row_inner][et_pb_row_inner admin_label=&#8221;Rivi&#8221; _builder_version=&#8221;3.25&#8243; min_height=&#8221;598px&#8221;][et_pb_column_inner saved_specialty_column_type=&#8221;2_3&#8243; _builder_version=&#8221;3.25&#8243; custom_padding=&#8221;|||&#8221; custom_padding__hover=&#8221;|||&#8221;][et_pb_text _builder_version=&#8221;4.0.6&#8243; hover_enabled=&#8221;0&#8243;]<\/p>\n<p>Pyynikin Rotaryklubi on pirte\u00e4 tamperelainen rotaryklubi. Viet\u00e4mme yhteist\u00e4 lounaskokousta joka torstai klo 11:45-13:00 Tampereen Suomalaisella Klubilla. Viikkokokouksessamme kuulemme mielenkiintoisia ja ajankohtaisia esitelmi\u00e4 yhteiskunnan eri alueilta. Kokoustemme aiheet k\u00e4sittelev\u00e4t usein Tampereen ja Pirkanmaan alueen asioita, joista j\u00e4senemme ovat kiinnostuneita. Paikallisista asioista kertomaan ja keskustelemaan kutsumme paikallisia vaikuttajia ja asiantuntijoita.<\/p>\n<p>Keskeisen\u00e4 toimintamuotonamme on klubin perustamisesta l\u00e4htien ollut vuosittainen nuorisovaihto. Klubimme l\u00e4hett\u00e4\u00e4 vuosittain tamperelaisen nuoren opiskelijan vuodeksi tutustumaan toisen maan kulttuuriin ja me puolestamme vastaanotamme nuoren jostain p\u00e4in maailmaa.<\/p>\n<p>Klubimme on mukana tukemassa kansainv\u00e4lisen Rotaryj\u00e4rjest\u00f6n humanitaarisia projekteja, kuten PolioPlus-hanketta, jonka tavoitteena on polion poistaminen maapallolta.<\/p>\n<p>Haluamme vaikuttaa ja n\u00e4ky\u00e4 my\u00f6s paikallisesti. Vuosien mittaan olemme oman klubin tai muiden klubien kanssa yhteisty\u00f6ss\u00e4 j\u00e4rjest\u00e4neet useita paikallisia hyv\u00e4ntekev\u00e4isyyshankkeita, kuten Aistihuoneprojekti, jossa ker\u00e4simme kahden vuoden aikana 108.500 euroa TAYS:n tukis\u00e4\u00e4ti\u00f6lle Taysin laajennushankkeen yhteydess\u00e4 valmistuvan Lasten ja nuorten keskuksen psykiatrisen hoitoty\u00f6n tukemiseen ja innovatiivisen uuden aistihuoneen rakentamiseen ja sisustamiseen.<\/p>\n<p>Klubimme on perustettu 24.10.1953. Kummiklubimme on Tampere-Tammerfors. Klubissamme on 49 j\u00e4sent\u00e4. Olemme osa <a href=\"https:\/\/piiri1390.rotary.fi\/\">piiri\u00e4 1390<\/a>.<\/p>\n<p>[\/et_pb_text][\/et_pb_column_inner][\/et_pb_row_inner][\/et_pb_column][et_pb_column type=&#8221;1_3&#8243; _builder_version=&#8221;3.25&#8243; custom_padding=&#8221;|||&#8221; custom_padding__hover=&#8221;|||&#8221;][et_pb_sidebar area=&#8221;sidebar-1&#8243; module_class=&#8221;sivupalkki_sisalto&#8221; _builder_version=&#8221;3.4.1&#8243; locked=&#8221;on&#8221;]<\/p>\n<p>[\/et_pb_sidebar][\/et_pb_column][\/et_pb_section]<\/p>\n","protected":false},"excerpt":{"rendered":"<p>Pyynikin\u00a0 rotaryklubiKeit\u00e4 olemme Pyynikin Rotaryklubi on pirte\u00e4 tamperelainen rotaryklubi. Viet\u00e4mme yhteist\u00e4 lounaskokousta joka torstai klo 11:45-13:00 Tampereen Suomalaisella Klubilla. Viikkokokouksessamme kuulemme mielenkiintoisia ja ajankohtaisia esitelmi\u00e4 yhteiskunnan eri alueilta. Kokoustemme aiheet k\u00e4sittelev\u00e4t usein Tampereen ja Pirkanmaan alueen asioita, joista j\u00e4senemme ovat kiinnostuneita. Paikallisista asioista kertomaan ja keskustelemaan kutsumme paikallisia vaikuttajia ja asiantuntijoita. Keskeisen\u00e4 toimintamuotonamme on klubin [&hellip;]<\/p>\n","protected":false},"author":1,"featured_media":0,"parent":0,"menu_order":0,"comment_status":"closed","ping_status":"closed","template":"","meta":{"_acf_changed":false,"_et_pb_use_builder":"on","_et_pb_old_content":"","_et_gb_content_width":"","footnotes":""},"class_list":["post-129","page","type-page","status-publish","hentry"],"acf":[],"yoast_head":"<!-- This site is optimized with the Yoast SEO plugin v27.0 - https:\/\/yoast.com\/product\/yoast-seo-wordpress\/ -->\n<title>Keit\u00e4 olemme - Pyynikin rotaryklubi<\/title>\n<meta name=\"robots\" content=\"index, follow, max-snippet:-1, max-image-preview:large, max-video-preview:-1\" \/>\n<link rel=\"canonical\" href=\"https:\/\/rotary.fi\/pyynikki\/keita-olemme\/\" \/>\n<meta property=\"og:locale\" content=\"fi_FI\" \/>\n<meta property=\"og:type\" content=\"article\" \/>\n<meta property=\"og:title\" content=\"Keit\u00e4 olemme - Pyynikin rotaryklubi\" \/>\n<meta property=\"og:description\" content=\"Pyynikin\u00a0 rotaryklubiKeit\u00e4 olemme Pyynikin Rotaryklubi on pirte\u00e4 tamperelainen rotaryklubi. Viet\u00e4mme yhteist\u00e4 lounaskokousta joka torstai klo 11:45-13:00 Tampereen Suomalaisella Klubilla. Viikkokokouksessamme kuulemme mielenkiintoisia ja ajankohtaisia esitelmi\u00e4 yhteiskunnan eri alueilta. Kokoustemme aiheet k\u00e4sittelev\u00e4t usein Tampereen ja Pirkanmaan alueen asioita, joista j\u00e4senemme ovat kiinnostuneita. Paikallisista asioista kertomaan ja keskustelemaan kutsumme paikallisia vaikuttajia ja asiantuntijoita. Keskeisen\u00e4 toimintamuotonamme on klubin [&hellip;]\" \/>\n<meta property=\"og:url\" content=\"https:\/\/rotary.fi\/pyynikki\/keita-olemme\/\" \/>\n<meta property=\"og:site_name\" content=\"Pyynikin rotaryklubi\" \/>\n<meta property=\"article:modified_time\" content=\"2019-12-09T03:52:40+00:00\" \/>\n<meta name=\"twitter:card\" content=\"summary_large_image\" \/>\n<meta name=\"twitter:label1\" content=\"Arvioitu lukuaika\" \/>\n\t<meta name=\"twitter:data1\" content=\"2 minuuttia\" \/>\n<script type=\"application\/ld+json\" class=\"yoast-schema-graph\">{\"@context\":\"https:\/\/schema.org\",\"@graph\":[{\"@type\":\"WebPage\",\"@id\":\"https:\/\/rotary.fi\/pyynikki\/keita-olemme\/\",\"url\":\"https:\/\/rotary.fi\/pyynikki\/keita-olemme\/\",\"name\":\"Keit\u00e4 olemme - Pyynikin rotaryklubi\",\"isPartOf\":{\"@id\":\"https:\/\/rotary.fi\/pyynikki\/#website\"},\"datePublished\":\"2018-08-10T10:41:39+00:00\",\"dateModified\":\"2019-12-09T03:52:40+00:00\",\"breadcrumb\":{\"@id\":\"https:\/\/rotary.fi\/pyynikki\/keita-olemme\/#breadcrumb\"},\"inLanguage\":\"fi\",\"potentialAction\":[{\"@type\":\"ReadAction\",\"target\":[\"https:\/\/rotary.fi\/pyynikki\/keita-olemme\/\"]}]},{\"@type\":\"BreadcrumbList\",\"@id\":\"https:\/\/rotary.fi\/pyynikki\/keita-olemme\/#breadcrumb\",\"itemListElement\":[{\"@type\":\"ListItem\",\"position\":1,\"name\":\"Home\",\"item\":\"https:\/\/rotary.fi\/pyynikki\/\"},{\"@type\":\"ListItem\",\"position\":2,\"name\":\"Keit\u00e4 olemme\"}]},{\"@type\":\"WebSite\",\"@id\":\"https:\/\/rotary.fi\/pyynikki\/#website\",\"url\":\"https:\/\/rotary.fi\/pyynikki\/\",\"name\":\"Pyynikin rotaryklubi\",\"description\":\"Uusi Rotary klubisivusto\",\"publisher\":{\"@id\":\"https:\/\/rotary.fi\/pyynikki\/#organization\"},\"potentialAction\":[{\"@type\":\"SearchAction\",\"target\":{\"@type\":\"EntryPoint\",\"urlTemplate\":\"https:\/\/rotary.fi\/pyynikki\/?s={search_term_string}\"},\"query-input\":{\"@type\":\"PropertyValueSpecification\",\"valueRequired\":true,\"valueName\":\"search_term_string\"}}],\"inLanguage\":\"fi\"},{\"@type\":\"Organization\",\"@id\":\"https:\/\/rotary.fi\/pyynikki\/#organization\",\"name\":\"Pyynikin rotaryklubi\",\"url\":\"https:\/\/rotary.fi\/pyynikki\/\",\"logo\":{\"@type\":\"ImageObject\",\"inLanguage\":\"fi\",\"@id\":\"https:\/\/rotary.fi\/pyynikki\/#\/schema\/logo\/image\/\",\"url\":\"https:\/\/rotary.fi\/pyynikki\/wp-content\/uploads\/sites\/97\/2018\/08\/rotary-logo-main-2.png\",\"contentUrl\":\"https:\/\/rotary.fi\/pyynikki\/wp-content\/uploads\/sites\/97\/2018\/08\/rotary-logo-main-2.png\",\"width\":135,\"height\":52,\"caption\":\"Pyynikin rotaryklubi\"},\"image\":{\"@id\":\"https:\/\/rotary.fi\/pyynikki\/#\/schema\/logo\/image\/\"}}]}<\/script>\n<!-- \/ Yoast SEO plugin. -->","yoast_head_json":{"title":"Keit\u00e4 olemme - Pyynikin rotaryklubi","robots":{"index":"index","follow":"follow","max-snippet":"max-snippet:-1","max-image-preview":"max-image-preview:large","max-video-preview":"max-video-preview:-1"},"canonical":"https:\/\/rotary.fi\/pyynikki\/keita-olemme\/","og_locale":"fi_FI","og_type":"article","og_title":"Keit\u00e4 olemme - Pyynikin rotaryklubi","og_description":"Pyynikin\u00a0 rotaryklubiKeit\u00e4 olemme Pyynikin Rotaryklubi on pirte\u00e4 tamperelainen rotaryklubi. Viet\u00e4mme yhteist\u00e4 lounaskokousta joka torstai klo 11:45-13:00 Tampereen Suomalaisella Klubilla. Viikkokokouksessamme kuulemme mielenkiintoisia ja ajankohtaisia esitelmi\u00e4 yhteiskunnan eri alueilta. Kokoustemme aiheet k\u00e4sittelev\u00e4t usein Tampereen ja Pirkanmaan alueen asioita, joista j\u00e4senemme ovat kiinnostuneita. Paikallisista asioista kertomaan ja keskustelemaan kutsumme paikallisia vaikuttajia ja asiantuntijoita. Keskeisen\u00e4 toimintamuotonamme on klubin [&hellip;]","og_url":"https:\/\/rotary.fi\/pyynikki\/keita-olemme\/","og_site_name":"Pyynikin rotaryklubi","article_modified_time":"2019-12-09T03:52:40+00:00","twitter_card":"summary_large_image","twitter_misc":{"Arvioitu lukuaika":"2 minuuttia"},"schema":{"@context":"https:\/\/schema.org","@graph":[{"@type":"WebPage","@id":"https:\/\/rotary.fi\/pyynikki\/keita-olemme\/","url":"https:\/\/rotary.fi\/pyynikki\/keita-olemme\/","name":"Keit\u00e4 olemme - Pyynikin rotaryklubi","isPartOf":{"@id":"https:\/\/rotary.fi\/pyynikki\/#website"},"datePublished":"2018-08-10T10:41:39+00:00","dateModified":"2019-12-09T03:52:40+00:00","breadcrumb":{"@id":"https:\/\/rotary.fi\/pyynikki\/keita-olemme\/#breadcrumb"},"inLanguage":"fi","potentialAction":[{"@type":"ReadAction","target":["https:\/\/rotary.fi\/pyynikki\/keita-olemme\/"]}]},{"@type":"BreadcrumbList","@id":"https:\/\/rotary.fi\/pyynikki\/keita-olemme\/#breadcrumb","itemListElement":[{"@type":"ListItem","position":1,"name":"Home","item":"https:\/\/rotary.fi\/pyynikki\/"},{"@type":"ListItem","position":2,"name":"Keit\u00e4 olemme"}]},{"@type":"WebSite","@id":"https:\/\/rotary.fi\/pyynikki\/#website","url":"https:\/\/rotary.fi\/pyynikki\/","name":"Pyynikin rotaryklubi","description":"Uusi Rotary klubisivusto","publisher":{"@id":"https:\/\/rotary.fi\/pyynikki\/#organization"},"potentialAction":[{"@type":"SearchAction","target":{"@type":"EntryPoint","urlTemplate":"https:\/\/rotary.fi\/pyynikki\/?s={search_term_string}"},"query-input":{"@type":"PropertyValueSpecification","valueRequired":true,"valueName":"search_term_string"}}],"inLanguage":"fi"},{"@type":"Organization","@id":"https:\/\/rotary.fi\/pyynikki\/#organization","name":"Pyynikin rotaryklubi","url":"https:\/\/rotary.fi\/pyynikki\/","logo":{"@type":"ImageObject","inLanguage":"fi","@id":"https:\/\/rotary.fi\/pyynikki\/#\/schema\/logo\/image\/","url":"https:\/\/rotary.fi\/pyynikki\/wp-content\/uploads\/sites\/97\/2018\/08\/rotary-logo-main-2.png","contentUrl":"https:\/\/rotary.fi\/pyynikki\/wp-content\/uploads\/sites\/97\/2018\/08\/rotary-logo-main-2.png","width":135,"height":52,"caption":"Pyynikin rotaryklubi"},"image":{"@id":"https:\/\/rotary.fi\/pyynikki\/#\/schema\/logo\/image\/"}}]}},"lang":"fi","translations":{"fi":129,"en":1424},"pll_sync_post":[],"_links":{"self":[{"href":"https:\/\/rotary.fi\/pyynikki\/wp-json\/wp\/v2\/pages\/129","targetHints":{"allow":["GET"]}}],"collection":[{"href":"https:\/\/rotary.fi\/pyynikki\/wp-json\/wp\/v2\/pages"}],"about":[{"href":"https:\/\/rotary.fi\/pyynikki\/wp-json\/wp\/v2\/types\/page"}],"author":[{"embeddable":true,"href":"https:\/\/rotary.fi\/pyynikki\/wp-json\/wp\/v2\/users\/1"}],"replies":[{"embeddable":true,"href":"https:\/\/rotary.fi\/pyynikki\/wp-json\/wp\/v2\/comments?post=129"}],"version-history":[{"count":21,"href":"https:\/\/rotary.fi\/pyynikki\/wp-json\/wp\/v2\/pages\/129\/revisions"}],"predecessor-version":[{"id":1618,"href":"https:\/\/rotary.fi\/pyynikki\/wp-json\/wp\/v2\/pages\/129\/revisions\/1618"}],"wp:attachment":[{"href":"https:\/\/rotary.fi\/pyynikki\/wp-json\/wp\/v2\/media?parent=129"}],"curies":[{"name":"wp","href":"https:\/\/api.w.org\/{rel}","templated":true}]}}