{"id":179,"date":"2018-08-13T10:43:11","date_gmt":"2018-08-13T07:43:11","guid":{"rendered":"https:\/\/rotary.fi\/pyhajarvi\/?page_id=179"},"modified":"2020-07-03T20:40:08","modified_gmt":"2020-07-03T17:40:08","slug":"ryla-johtajuuskoulutus-nuorille","status":"publish","type":"page","link":"https:\/\/rotary.fi\/pyhajarvi\/tule-mukaan\/ryla-johtajuuskoulutus-nuorille\/","title":{"rendered":"RYLA &#8211; Johtajuuskoulutus nuorille"},"content":{"rendered":"<p>[et_pb_section fb_built=&#8221;1&#8243; module_class=&#8221;jumbotron-page&#8221; _builder_version=&#8221;3.22&#8243; background_image=&#8221;https:\/\/rotary.fi\/pyhajarvi\/wp-content\/uploads\/sites\/58\/2018\/10\/rotary_klubit_alasivu_paakuva_10.jpg&#8221;][et_pb_row _builder_version=&#8221;3.25&#8243; background_size=&#8221;initial&#8221; background_position=&#8221;top_left&#8221; background_repeat=&#8221;repeat&#8221;][et_pb_column type=&#8221;4_4&#8243; _builder_version=&#8221;3.25&#8243; custom_padding=&#8221;|||&#8221; custom_padding__hover=&#8221;|||&#8221;][et_pb_text admin_label=&#8221;P\u00e4\u00e4otsikko&#8221; _builder_version=&#8221;3.27.4&#8243; text_orientation=&#8221;center&#8221; background_layout=&#8221;dark&#8221;]<\/p>\n<h1>RYLA<\/h1>\n<p>[\/et_pb_text][\/et_pb_column][\/et_pb_row][\/et_pb_section][et_pb_section fb_built=&#8221;1&#8243; specialty=&#8221;on&#8221; module_class_2=&#8221;sivupalkki&#8221; _builder_version=&#8221;3.22&#8243;][et_pb_column type=&#8221;2_3&#8243; specialty_columns=&#8221;2&#8243; _builder_version=&#8221;3.25&#8243; custom_padding=&#8221;|||&#8221; custom_padding__hover=&#8221;|||&#8221;][et_pb_row_inner admin_label=&#8221;Rivi&#8221; _builder_version=&#8221;3.25&#8243;][et_pb_column_inner saved_specialty_column_type=&#8221;2_3&#8243; _builder_version=&#8221;3.25&#8243; custom_padding=&#8221;|||&#8221; custom_padding__hover=&#8221;|||&#8221;][et_pb_text admin_label=&#8221;Otsikko ennen teksti\u00e4&#8221; _builder_version=&#8221;3.27.4&#8243; text_orientation=&#8221;center&#8221;]<\/p>\n<h1>RYLA &#8211;<br \/>\nJohtajuuskoulutusta nuorille<\/h1>\n<p>[\/et_pb_text][et_pb_text _builder_version=&#8221;3.27.4&#8243;]<\/p>\n<p><strong>RYLA (ROTARY YOUTH LEADERSHIP AWARDS)<\/strong><\/p>\n<p><span>Pyh\u00e4j\u00e4rven rotaryklubi toteutti ensimm\u00e4isen kerran klubin olemassaolon aikana RYLA-koulutuksen 14.8.-16.11.2019.<\/span><\/p>\n<p><span>RYLA on Rotaryn nuorisotoimintamuoto, jolla koulutamme lukioik\u00e4isi\u00e4 aloitekykyisi\u00e4 ja aktiivisia nuoria omatoimisuuteen ja johtajuuteen. T\u00e4m\u00e4 tapahtuu Rotaryn j\u00e4rjest\u00e4miss\u00e4 RYLA-seminaareissa, joissa kehitet\u00e4\u00e4n mm. nuorten harkintakyky\u00e4, p\u00e4\u00e4t\u00f6ksentekokyky\u00e4 sek\u00e4 esiintymistaitoa. Kouluttajina toimivat paikallisen rotaryklubin j\u00e4senet tai muut eri alojen asiantuntijat, jotka kertovat ammattiinsa ja johtajuuteen liittyvist\u00e4 omista kokemuksistaan. <\/span><\/p>\n<p><span>Koulutus oli suunnattu lukioik\u00e4isille nuorille. Se oli yksi lukion valinnaiskursseihin kuuluva opintojakso ja maksuton osallistujille. Koulutusta ovat olleet suunnittelemassa lukion rehtori Tuija Vanha-aho ja paikallisen rotaryklubin nuorisovaihtoryhm\u00e4n j\u00e4senet Kerttu R\u00f6nkk\u00f6, Anna-Leena J\u00e4rvinen ja Jarmo Vanha-aho. Olemme saaneet suunnitteluapua Kuhmon rotaryklubin vastaavan koulutuksen j\u00e4rjest\u00e4neilt\u00e4 henkil\u00f6ilt\u00e4. Koulutukseen sis\u00e4ltyi projektiteht\u00e4v\u00e4 ryhm\u00e4blogin muodossa.<\/span><\/p>\n<p><span>Koulutus vaatii rahaa ja kiit\u00e4mme Rotarypiiri\u00e4, Suomensel\u00e4n Osuuspankkia, S\u00e4\u00e4st\u00f6pankki Optiaa, Pyh\u00e4salmen kaivosta, Pyh\u00e4j\u00e4rven Apteekkia, Salamen Tili\u00e4 ja Pyh\u00e4j\u00e4rven OL. jakokuntaa toiminnan rahoittamisesta. Suuri kiitos my\u00f6s heille, ketk\u00e4 vapaaehtoisesti osallistuvat kouluttajina toimintaan.<\/span><\/p>\n<p><span>Koulutuksen sis\u00e4lt\u00f6<\/span><\/p>\n<p>Keskiviikko 14.8.2019<\/p>\n<p>Kurssin ohjelma. Suunnitellaan valmentajan tapaamista.<\/p>\n<p>Kerttu R\u00f6nkk\u00f6, Esko R\u00f6nkk\u00f6 ja Tuija Vanha-aho<\/p>\n<p>&nbsp;<\/p>\n<p>Perjantai 16.8.2019<\/p>\n<p>TPS:n p\u00e4\u00e4valmentaja Kalle Kaskisen tapaaminen. Mit\u00e4 on j\u00e4\u00e4kiekkojoukkueen johtaminen\/valmentaminen ja mist\u00e4 se koostuu? Yhteinen tarina\/henki: mit\u00e4 se vaatii johtajalta? Ent\u00e4 pelaajalta valmentajan n\u00e4k\u00f6kulmasta? Jaksaminen valmentajan ty\u00f6ss\u00e4, ty\u00f6n etiikka, arvot.<\/p>\n<p>Kerttu R\u00f6nkk\u00f6, Esko R\u00f6nkk\u00f6 ja Anna-Leena J\u00e4rvinen<\/p>\n<p>&nbsp;<\/p>\n<p>Maanantai 26.8.2019<\/p>\n<p>Pelaajan n\u00e4k\u00f6kulma johtamiseen: J\u00e4\u00e4kiekkoilijan urasuunnitelma, valmentaja ja kapteeni johtajana, j\u00e4\u00e4kiekko ammattina, joukkuehenki, tiimitoiminta, tukijoukot.<\/p>\n<p>J\u00e4\u00e4kiekkoilija Miska Humaloja, Oulun K\u00e4rp\u00e4t<\/p>\n<p>&nbsp;<\/p>\n<p>Perjantai 4.10.2019<\/p>\n<p>Osallistujien esitt\u00e4ytyminen, ryhm\u00e4ytyminen sek\u00e4 odotukset ja toiveet.<\/p>\n<p>K\u00e4yd\u00e4\u00e4n l\u00e4pi aikataulua, jo sovittua ohjelmaa, projektiteht\u00e4v\u00e4n ideointia.<\/p>\n<p>V\u00e4liteht\u00e4v\u00e4n\u00e4 omien vahvuuksien ja mielenkiinnon kartoittaminen<\/p>\n<p>Kerttu R\u00f6nkk\u00f6 ja Jarmo Vanha-aho<\/p>\n<p>&nbsp;<\/p>\n<p>Perjantai 11.10.2019<\/p>\n<p>Mit\u00e4 johtaminen sis\u00e4lt\u00e4\u00e4, liiketoiminta osana johtamista, itsens\u00e4 johtaminen<\/p>\n<p>Aluejohtaja Ville Pekkala, Yl\u00e4-Savon S\u00e4\u00e4st\u00f6pankki Optia<\/p>\n<p>Projektijohtaminen, Projektijohtaja, TtM Jenni Kumpum\u00e4ki, Virtaa vapaaehtoisuudesta -hanke<\/p>\n<p>Projektiteht\u00e4v\u00e4n yhteinen suunnittelu, blogiosaaminen, Elina Vanha-aho, ent. vaihto-opiskelija Japanissa<\/p>\n<p>&nbsp;<\/p>\n<p>Lauantai 12.10.2019<\/p>\n<p>Mit\u00e4 on arkip\u00e4iv\u00e4n johtaminen, l\u00e4hijohtaminen, tiimity\u00f6, esimiesty\u00f6 johtamisessa? Itsens\u00e4 johtaminen ja ty\u00f6yhteis\u00f6jen toiminta\/johtaminen tulevaisuudessa.<\/p>\n<p>Pankinjohtaja P\u00e4ivi Ruotoistenm\u00e4ki, Suomensel\u00e4n Osuuspankki<\/p>\n<p>Kulttuurierot johtamisessa, itseilmaisu, videoluento, Lehtori, kv-koordinaattori Hannele Tams, Savonia-ammattikorkeakoulu, Insin\u00f6\u00f6ri Heikki Niemel\u00e4, Ginolis Oy, ent. vaihto-oppilas Taiwanilla<\/p>\n<p>Kokous- ja palaverik\u00e4yt\u00e4nn\u00f6t, puheen pit\u00e4minen, \u00c4idinkielen ja kirjallisuuden opettaja Heini R\u00f6nkk\u00f6<\/p>\n<p>K\u00e4yt\u00f6stavat, tyyli ja pukeutuminen johtajana, kosmetologi tyyli\/v\u00e4rianalyysiosaaja Maritta Lappalainen<\/p>\n<p>&nbsp;<\/p>\n<p>Perjantai 15.11.2019<\/p>\n<p>Vierailu Ponsse Oy:lle. Perheyrityksen johtaminen ja kansainv\u00e4lisen liiketoiminnan johtaminen, yrityksen arvot\/etiikka ja niiden n\u00e4kyminen johtamisessa<\/p>\n<p>Valmistautuminen p\u00e4iv\u00e4lliselle, Hymy In Iisalmi<\/p>\n<p>Ruokailuetiketti p\u00e4hkin\u00e4nkuoressa ja juhlap\u00e4iv\u00e4llinen, Golden Dome Iisalmi<\/p>\n<p>Juhlap\u00e4iv\u00e4llisen puheenvuorot:<\/p>\n<p>Tervetulopuhe: Kerttu R\u00f6nkk\u00f6, klubin presidentti\u00a0<\/p>\n<p>Rotarypiirin 1400 tervehdys: Ritva Komulainen, Kuhmon Rotaryklubi<\/p>\n<p>Juhlapuhe: Elina Vanha-aho, Rotex<\/p>\n<p>Kiitospuhe: Pekka Kangas, RYLA-opiskelija<\/p>\n<p>&nbsp;<\/p>\n<p>Lauantai 16.11.2019<\/p>\n<p>Jaksaminen johtamisty\u00f6ss\u00e4, Fysioterapeutti Irina Kraft, Irinan Ilopilkku, ent. vaihto-opiskelija Australiassa<\/p>\n<p>Projektin ty\u00f6st\u00e4minen\/esittelyyn valmistautuminen ja tuotoksen esittely<\/p>\n<p>Palaute ja yhteenveto projektiteht\u00e4vist\u00e4 ja kurssista<\/p>\n<p>Todistusten jakaminen ja loppusanat<\/p>\n<p>Rehtori Tuija Vanha-aho ja klubin presidentti, opinto-ohjaaja Kerttu R\u00f6nkk\u00f6<\/p>\n<p>&nbsp;<\/p>\n<p><span>\u00a0<\/span><\/p>\n<p><span>\u00a0<\/span><\/p>\n<p>&nbsp;<\/p>\n<p>&nbsp;<\/p>\n<p class=\"p1\"><span class=\"s1\"><\/span><\/p>\n<p class=\"p1\"><span class=\"s1\"><\/span><\/p>\n<p class=\"p1\"><span class=\"s1\">\u00a0<\/span><\/p>\n<p>[\/et_pb_text][\/et_pb_column_inner][\/et_pb_row_inner][\/et_pb_column][et_pb_column type=&#8221;1_3&#8243; _builder_version=&#8221;3.25&#8243; custom_padding=&#8221;|||&#8221; custom_padding__hover=&#8221;|||&#8221;][et_pb_sidebar area=&#8221;sidebar-1&#8243; module_class=&#8221;sivupalkki_sisalto&#8221; _builder_version=&#8221;3.4.1&#8243; locked=&#8221;on&#8221;]<br \/>\n[\/et_pb_sidebar][\/et_pb_column][\/et_pb_section]<\/p>\n","protected":false},"excerpt":{"rendered":"<p>RYLA RYLA &#8211; Johtajuuskoulutusta nuorille RYLA (ROTARY YOUTH LEADERSHIP AWARDS) Pyh\u00e4j\u00e4rven rotaryklubi toteutti ensimm\u00e4isen kerran klubin olemassaolon aikana RYLA-koulutuksen 14.8.-16.11.2019. RYLA on Rotaryn nuorisotoimintamuoto, jolla koulutamme lukioik\u00e4isi\u00e4 aloitekykyisi\u00e4 ja aktiivisia nuoria omatoimisuuteen ja johtajuuteen. T\u00e4m\u00e4 tapahtuu Rotaryn j\u00e4rjest\u00e4miss\u00e4 RYLA-seminaareissa, joissa kehitet\u00e4\u00e4n mm. nuorten harkintakyky\u00e4, p\u00e4\u00e4t\u00f6ksentekokyky\u00e4 sek\u00e4 esiintymistaitoa. Kouluttajina toimivat paikallisen rotaryklubin j\u00e4senet tai muut eri [&hellip;]<\/p>\n","protected":false},"author":1,"featured_media":0,"parent":89,"menu_order":0,"comment_status":"closed","ping_status":"closed","template":"","meta":{"_acf_changed":false,"_et_pb_use_builder":"on","_et_pb_old_content":"","_et_gb_content_width":"","footnotes":""},"class_list":["post-179","page","type-page","status-publish","hentry"],"acf":[],"yoast_head":"<!-- This site is optimized with the Yoast SEO plugin v27.0 - https:\/\/yoast.com\/product\/yoast-seo-wordpress\/ -->\n<title>RYLA - Johtajuuskoulutus nuorille - Pyh\u00e4j\u00e4rven Rotaryklubi ry<\/title>\n<meta name=\"robots\" content=\"index, follow, max-snippet:-1, max-image-preview:large, max-video-preview:-1\" \/>\n<link rel=\"canonical\" href=\"https:\/\/rotary.fi\/pyhajarvi\/tule-mukaan\/ryla-johtajuuskoulutus-nuorille\/\" \/>\n<meta property=\"og:locale\" content=\"fi_FI\" \/>\n<meta property=\"og:type\" content=\"article\" \/>\n<meta property=\"og:title\" content=\"RYLA - Johtajuuskoulutus nuorille - Pyh\u00e4j\u00e4rven Rotaryklubi ry\" \/>\n<meta property=\"og:description\" content=\"RYLA RYLA - Johtajuuskoulutusta nuorille RYLA (ROTARY YOUTH LEADERSHIP AWARDS) Pyh\u00e4j\u00e4rven rotaryklubi toteutti ensimm\u00e4isen kerran klubin olemassaolon aikana RYLA-koulutuksen 14.8.-16.11.2019. RYLA on Rotaryn nuorisotoimintamuoto, jolla koulutamme lukioik\u00e4isi\u00e4 aloitekykyisi\u00e4 ja aktiivisia nuoria omatoimisuuteen ja johtajuuteen. T\u00e4m\u00e4 tapahtuu Rotaryn j\u00e4rjest\u00e4miss\u00e4 RYLA-seminaareissa, joissa kehitet\u00e4\u00e4n mm. nuorten harkintakyky\u00e4, p\u00e4\u00e4t\u00f6ksentekokyky\u00e4 sek\u00e4 esiintymistaitoa. Kouluttajina toimivat paikallisen rotaryklubin j\u00e4senet tai muut eri [&hellip;]\" \/>\n<meta property=\"og:url\" content=\"https:\/\/rotary.fi\/pyhajarvi\/tule-mukaan\/ryla-johtajuuskoulutus-nuorille\/\" \/>\n<meta property=\"og:site_name\" content=\"Pyh\u00e4j\u00e4rven Rotaryklubi ry\" \/>\n<meta property=\"article:modified_time\" content=\"2020-07-03T17:40:08+00:00\" \/>\n<meta name=\"twitter:card\" content=\"summary_large_image\" \/>\n<meta name=\"twitter:label1\" content=\"Arvioitu lukuaika\" \/>\n\t<meta name=\"twitter:data1\" content=\"4 minuuttia\" \/>\n<script type=\"application\/ld+json\" class=\"yoast-schema-graph\">{\"@context\":\"https:\/\/schema.org\",\"@graph\":[{\"@type\":\"WebPage\",\"@id\":\"https:\/\/rotary.fi\/pyhajarvi\/tule-mukaan\/ryla-johtajuuskoulutus-nuorille\/\",\"url\":\"https:\/\/rotary.fi\/pyhajarvi\/tule-mukaan\/ryla-johtajuuskoulutus-nuorille\/\",\"name\":\"RYLA - Johtajuuskoulutus nuorille - Pyh\u00e4j\u00e4rven Rotaryklubi ry\",\"isPartOf\":{\"@id\":\"https:\/\/rotary.fi\/pyhajarvi\/#website\"},\"datePublished\":\"2018-08-13T07:43:11+00:00\",\"dateModified\":\"2020-07-03T17:40:08+00:00\",\"breadcrumb\":{\"@id\":\"https:\/\/rotary.fi\/pyhajarvi\/tule-mukaan\/ryla-johtajuuskoulutus-nuorille\/#breadcrumb\"},\"inLanguage\":\"fi\",\"potentialAction\":[{\"@type\":\"ReadAction\",\"target\":[\"https:\/\/rotary.fi\/pyhajarvi\/tule-mukaan\/ryla-johtajuuskoulutus-nuorille\/\"]}]},{\"@type\":\"BreadcrumbList\",\"@id\":\"https:\/\/rotary.fi\/pyhajarvi\/tule-mukaan\/ryla-johtajuuskoulutus-nuorille\/#breadcrumb\",\"itemListElement\":[{\"@type\":\"ListItem\",\"position\":1,\"name\":\"Home\",\"item\":\"https:\/\/rotary.fi\/pyhajarvi\/\"},{\"@type\":\"ListItem\",\"position\":2,\"name\":\"Tule mukaan\",\"item\":\"https:\/\/rotary.fi\/pyhajarvi\/tule-mukaan\/\"},{\"@type\":\"ListItem\",\"position\":3,\"name\":\"RYLA &#8211; Johtajuuskoulutus nuorille\"}]},{\"@type\":\"WebSite\",\"@id\":\"https:\/\/rotary.fi\/pyhajarvi\/#website\",\"url\":\"https:\/\/rotary.fi\/pyhajarvi\/\",\"name\":\"Pyh\u00e4j\u00e4rven Rotaryklubi ry\",\"description\":\"Uusi Rotary klubisivusto\",\"potentialAction\":[{\"@type\":\"SearchAction\",\"target\":{\"@type\":\"EntryPoint\",\"urlTemplate\":\"https:\/\/rotary.fi\/pyhajarvi\/?s={search_term_string}\"},\"query-input\":{\"@type\":\"PropertyValueSpecification\",\"valueRequired\":true,\"valueName\":\"search_term_string\"}}],\"inLanguage\":\"fi\"}]}<\/script>\n<!-- \/ Yoast SEO plugin. -->","yoast_head_json":{"title":"RYLA - Johtajuuskoulutus nuorille - Pyh\u00e4j\u00e4rven Rotaryklubi ry","robots":{"index":"index","follow":"follow","max-snippet":"max-snippet:-1","max-image-preview":"max-image-preview:large","max-video-preview":"max-video-preview:-1"},"canonical":"https:\/\/rotary.fi\/pyhajarvi\/tule-mukaan\/ryla-johtajuuskoulutus-nuorille\/","og_locale":"fi_FI","og_type":"article","og_title":"RYLA - Johtajuuskoulutus nuorille - Pyh\u00e4j\u00e4rven Rotaryklubi ry","og_description":"RYLA RYLA - Johtajuuskoulutusta nuorille RYLA (ROTARY YOUTH LEADERSHIP AWARDS) Pyh\u00e4j\u00e4rven rotaryklubi toteutti ensimm\u00e4isen kerran klubin olemassaolon aikana RYLA-koulutuksen 14.8.-16.11.2019. RYLA on Rotaryn nuorisotoimintamuoto, jolla koulutamme lukioik\u00e4isi\u00e4 aloitekykyisi\u00e4 ja aktiivisia nuoria omatoimisuuteen ja johtajuuteen. T\u00e4m\u00e4 tapahtuu Rotaryn j\u00e4rjest\u00e4miss\u00e4 RYLA-seminaareissa, joissa kehitet\u00e4\u00e4n mm. nuorten harkintakyky\u00e4, p\u00e4\u00e4t\u00f6ksentekokyky\u00e4 sek\u00e4 esiintymistaitoa. Kouluttajina toimivat paikallisen rotaryklubin j\u00e4senet tai muut eri [&hellip;]","og_url":"https:\/\/rotary.fi\/pyhajarvi\/tule-mukaan\/ryla-johtajuuskoulutus-nuorille\/","og_site_name":"Pyh\u00e4j\u00e4rven Rotaryklubi ry","article_modified_time":"2020-07-03T17:40:08+00:00","twitter_card":"summary_large_image","twitter_misc":{"Arvioitu lukuaika":"4 minuuttia"},"schema":{"@context":"https:\/\/schema.org","@graph":[{"@type":"WebPage","@id":"https:\/\/rotary.fi\/pyhajarvi\/tule-mukaan\/ryla-johtajuuskoulutus-nuorille\/","url":"https:\/\/rotary.fi\/pyhajarvi\/tule-mukaan\/ryla-johtajuuskoulutus-nuorille\/","name":"RYLA - Johtajuuskoulutus nuorille - Pyh\u00e4j\u00e4rven Rotaryklubi ry","isPartOf":{"@id":"https:\/\/rotary.fi\/pyhajarvi\/#website"},"datePublished":"2018-08-13T07:43:11+00:00","dateModified":"2020-07-03T17:40:08+00:00","breadcrumb":{"@id":"https:\/\/rotary.fi\/pyhajarvi\/tule-mukaan\/ryla-johtajuuskoulutus-nuorille\/#breadcrumb"},"inLanguage":"fi","potentialAction":[{"@type":"ReadAction","target":["https:\/\/rotary.fi\/pyhajarvi\/tule-mukaan\/ryla-johtajuuskoulutus-nuorille\/"]}]},{"@type":"BreadcrumbList","@id":"https:\/\/rotary.fi\/pyhajarvi\/tule-mukaan\/ryla-johtajuuskoulutus-nuorille\/#breadcrumb","itemListElement":[{"@type":"ListItem","position":1,"name":"Home","item":"https:\/\/rotary.fi\/pyhajarvi\/"},{"@type":"ListItem","position":2,"name":"Tule mukaan","item":"https:\/\/rotary.fi\/pyhajarvi\/tule-mukaan\/"},{"@type":"ListItem","position":3,"name":"RYLA &#8211; Johtajuuskoulutus nuorille"}]},{"@type":"WebSite","@id":"https:\/\/rotary.fi\/pyhajarvi\/#website","url":"https:\/\/rotary.fi\/pyhajarvi\/","name":"Pyh\u00e4j\u00e4rven Rotaryklubi ry","description":"Uusi Rotary klubisivusto","potentialAction":[{"@type":"SearchAction","target":{"@type":"EntryPoint","urlTemplate":"https:\/\/rotary.fi\/pyhajarvi\/?s={search_term_string}"},"query-input":{"@type":"PropertyValueSpecification","valueRequired":true,"valueName":"search_term_string"}}],"inLanguage":"fi"}]}},"lang":"fi","translations":{"fi":179},"pll_sync_post":[],"_links":{"self":[{"href":"https:\/\/rotary.fi\/pyhajarvi\/wp-json\/wp\/v2\/pages\/179","targetHints":{"allow":["GET"]}}],"collection":[{"href":"https:\/\/rotary.fi\/pyhajarvi\/wp-json\/wp\/v2\/pages"}],"about":[{"href":"https:\/\/rotary.fi\/pyhajarvi\/wp-json\/wp\/v2\/types\/page"}],"author":[{"embeddable":true,"href":"https:\/\/rotary.fi\/pyhajarvi\/wp-json\/wp\/v2\/users\/1"}],"replies":[{"embeddable":true,"href":"https:\/\/rotary.fi\/pyhajarvi\/wp-json\/wp\/v2\/comments?post=179"}],"version-history":[{"count":11,"href":"https:\/\/rotary.fi\/pyhajarvi\/wp-json\/wp\/v2\/pages\/179\/revisions"}],"predecessor-version":[{"id":1709,"href":"https:\/\/rotary.fi\/pyhajarvi\/wp-json\/wp\/v2\/pages\/179\/revisions\/1709"}],"up":[{"embeddable":true,"href":"https:\/\/rotary.fi\/pyhajarvi\/wp-json\/wp\/v2\/pages\/89"}],"wp:attachment":[{"href":"https:\/\/rotary.fi\/pyhajarvi\/wp-json\/wp\/v2\/media?parent=179"}],"curies":[{"name":"wp","href":"https:\/\/api.w.org\/{rel}","templated":true}]}}