{"id":138,"date":"2018-08-10T14:01:44","date_gmt":"2018-08-10T11:01:44","guid":{"rendered":"https:\/\/rotary.fi\/klubi2\/?page_id=138"},"modified":"2025-08-03T13:00:26","modified_gmt":"2025-08-03T10:00:26","slug":"vuositeema","status":"publish","type":"page","link":"https:\/\/rotary.fi\/pyhajarvi\/keita-olemme\/vuositeema\/","title":{"rendered":"Vuositeema"},"content":{"rendered":"<p class=\"Normaali\"><span class=\"tm5\">Klubi on perustettu vuonna 1970. Klubissa on 15 j\u00e4sent\u00e4, naisia 9 ja miehi\u00e4 6, yksi kunniaj\u00e4sen.<\/span><\/p>\n<p class=\"Normaali\"><span class=\"tm5\">Kokous on kaksi kertaa kuukaudessa keskiviikkoisin klo 17.30-18.30. <\/span><\/p>\n<p class=\"Normaali\"><span class=\"tm5\">Klubin t\u00e4rkein tavoite on nuorisovaihto. Tavoitteena on sponsoroida vuosittain yksi nuori vuosivaihtoon ja 1-2 nuorta kes\u00e4vaihtoon. Toinen tavoite on osallistua s\u00e4\u00e4ti\u00f6\u00f6n Polio+ -ker\u00e4yksell\u00e4.<\/span><\/p>\n<p class=\"Normaali\"><span class=\"tm5\">RI:n tavoitteet Rotaryvuodelle ohjeistavat klubiamme toimimaan Rotaryn tavoitteiden mukaisesti.<\/span><\/p>\n<p class=\"Normaali\"><span class=\"tm5\">RI:n Rotaryn visio on <\/span><strong><span class=\"tm6\">\u201dYhdess\u00e4 n\u00e4emme maailman, jossa ihmiset yhdess\u00e4 ryhtyv\u00e4t toimiin luodakseen muutoksen ymp\u00e4ri maailmaa, yhteis\u00f6ss\u00e4mme ja itsess\u00e4mme\u201d. <\/span><\/strong><\/p>\n<p class=\"Normaali\"><span class=\"tm6\">RI Presidentin <\/span><strong><span class=\"tm6\">M\u00e1rio C\u00e9sar Martins de Camargo<\/span><\/strong>n <span class=\"tm6\">mukaan rotaryn suurin voimavara on sen j\u00e4senet, joita h\u00e4n kuvaa \u201dplaneetan kyvykk\u00e4immiksi vapaaehtoisiksi\u201d.<\/span><\/p>\n<p class=\"Normaali\"><span class=\"tm6\">Rotaryklubin j\u00e4senten toimintaperiaatteina ovat RI:n ydinarvot <\/span><strong><span class=\"tm7\">toveruus, rehellisyys, moninaisuus, palvelu ja johtajuus. <\/span><\/strong><\/p>\n<p class=\"Normaali\"><span class=\"tm10\">Rotaryn j\u00e4senten tulee <\/span><strong><span class=\"tm11\">edist\u00e4\u00e4 palvelun periaatetta<\/span><\/strong><span class=\"tm10\"> kunkin rotarin ammatissa ja yksityisel\u00e4m\u00e4ss\u00e4 mm. seuraavasti:<\/span><\/p>\n<p class=\"Normaali\"><span class=\"tm10\">1) Edist\u00e4\u00e4 yst\u00e4vyysverkoston syntymist\u00e4 ja l\u00f6yt\u00e4\u00e4 mahdollisuuksia palvelemiseen.<\/span><\/p>\n<p class=\"Normaali\"><span class=\"tm10\">2) Toimia tehokkaana hyv\u00e4ntekev\u00e4isyysj\u00e4rjest\u00f6n\u00e4.<\/span><\/p>\n<p class=\"Normaali\"><span class=\"tm10\">3) Pit\u00e4\u00e4 yll\u00e4 liike- ja ammattimoraalia, lis\u00e4t\u00e4 kaiken ty\u00f6n arvostusta ja kunnioittaa jokaisen rotarin ammattia.<\/span><\/p>\n<p class=\"Normaali\"><span class=\"tm10\">4) Kannustaa jokaista rotaria palvelun periaatteeseen yksityisel\u00e4m\u00e4ss\u00e4, ammatissa ja yhteiskunnallisessa toiminnassa.<\/span><\/p>\n<p class=\"Normaali\"><span class=\"tm10\">5) Edist\u00e4\u00e4 kansainv\u00e4list\u00e4 yhteisymm\u00e4rryst\u00e4, suvaitsevaisuutta ja hyv\u00e4\u00e4 tahtoa rotarien yhteisty\u00f6n kautta.<\/span><\/p>\n<p class=\"Normaali\"><span class=\"tm5\">Jokainen rotari voi ideoida klubiohjelman sis\u00e4lt\u00f6\u00e4, jotta siit\u00e4 tulee vaihteleva, mielenkiintoinen ja houkuttelee osallistumaan kokoukseen. Ei unohdeta hauskuutta ja omia juhlia. Kokouksiin ovat tervetulleita my\u00f6s perheenj\u00e4senet ja vaihto-oppilaat. J\u00e4sentyytyv\u00e4isyytt\u00e4 mittaamaan voidaan tarvittaessa tehd\u00e4 klubin terveystesti. Jokaisen j\u00e4senen pit\u00e4isi olla mukava tulla kokoukseen.<\/span><\/p>\n<p class=\"Normaali\"><strong><span class=\"tm7\">Nuorisovaihto<\/span><\/strong><span class=\"tm6\"> on t\u00e4rkein ja n\u00e4kyvin projektimme. <\/span><span class=\"tm6\">Olemme tehneet sit\u00e4 80-luvulta alkaen s\u00e4\u00e4nn\u00f6llisesti. Rotaryn nuorisovaihtoa arvostetaan kaupungissamme. Se tunnetaan hyv\u00e4n\u00e4 mahdollisuutena nuorelle n\u00e4hd\u00e4 maailmaa.<\/span><span class=\"tm6\">\u00a0<\/span><\/p>\n<p class=\"Normaali\"><span class=\"tm6\">Klubi sponsoroi yhden Rotaryn vaihto-oppilaan vuonna 202<\/span><span class=\"tm6\">5<\/span><span class=\"tm6\">\u2013202<\/span><span class=\"tm6\">6<\/span><span class=\"tm6\">. Vuoden aikana etsimme my\u00f6s kes\u00e4vaihtoon haluavia opiskelijoita. <\/span><\/p>\n<p class=\"tm9\"><span class=\"tm10\">Markkinoidaan aktiivisesti nuorisovaihto-ohjelmaa kouluilla nuorisovaihtoasiamiehen, turvahenki-l\u00f6n ja aiempien vaihto-opiskelijoiden toimesta.Vaihto-ohjelmaamme markkinoidaan laadullisena, korrektina ja turvallisena vaihtoehtona. Etsit\u00e4\u00e4n aktiivisesti host-perheit\u00e4 tulevalle vaihto-oppilaalle. <\/span><\/p>\n<p class=\"tm9\"><span class=\"tm10\">Kannustetaan entisi\u00e4 nuorisovaihdossa olleita liittym\u00e4\u00e4n j\u00e4seneksi rotareihin. Hy\u00f6dynnete\u00e4\u00e4n klubimme rotex\u2019ja vaihto-opiskelijoiden perehdytt\u00e4misess\u00e4.<\/span><\/p>\n","protected":false},"excerpt":{"rendered":"<p>Klubi on perustettu vuonna 1970. Klubissa on 15 j\u00e4sent\u00e4, naisia 9 ja miehi\u00e4 6, yksi kunniaj\u00e4sen. Kokous on kaksi kertaa kuukaudessa keskiviikkoisin klo 17.30-18.30. Klubin t\u00e4rkein tavoite on nuorisovaihto. Tavoitteena on sponsoroida vuosittain yksi nuori vuosivaihtoon ja 1-2 nuorta kes\u00e4vaihtoon. Toinen tavoite on osallistua s\u00e4\u00e4ti\u00f6\u00f6n Polio+ -ker\u00e4yksell\u00e4. RI:n tavoitteet Rotaryvuodelle ohjeistavat klubiamme toimimaan Rotaryn tavoitteiden [&hellip;]<\/p>\n","protected":false},"author":1,"featured_media":0,"parent":129,"menu_order":0,"comment_status":"closed","ping_status":"closed","template":"","meta":{"_acf_changed":false,"_et_pb_use_builder":"off","_et_pb_old_content":"","_et_gb_content_width":"","footnotes":""},"class_list":["post-138","page","type-page","status-publish","hentry"],"acf":[],"yoast_head":"<!-- This site is optimized with the Yoast SEO plugin v27.0 - https:\/\/yoast.com\/product\/yoast-seo-wordpress\/ -->\n<title>Vuositeema - Pyh\u00e4j\u00e4rven Rotaryklubi ry<\/title>\n<meta name=\"robots\" content=\"index, follow, max-snippet:-1, max-image-preview:large, max-video-preview:-1\" \/>\n<link rel=\"canonical\" href=\"https:\/\/rotary.fi\/pyhajarvi\/keita-olemme\/vuositeema\/\" \/>\n<meta property=\"og:locale\" content=\"fi_FI\" \/>\n<meta property=\"og:type\" content=\"article\" \/>\n<meta property=\"og:title\" content=\"Vuositeema - Pyh\u00e4j\u00e4rven Rotaryklubi ry\" \/>\n<meta property=\"og:description\" content=\"Klubi on perustettu vuonna 1970. Klubissa on 15 j\u00e4sent\u00e4, naisia 9 ja miehi\u00e4 6, yksi kunniaj\u00e4sen. Kokous on kaksi kertaa kuukaudessa keskiviikkoisin klo 17.30-18.30. Klubin t\u00e4rkein tavoite on nuorisovaihto. Tavoitteena on sponsoroida vuosittain yksi nuori vuosivaihtoon ja 1-2 nuorta kes\u00e4vaihtoon. Toinen tavoite on osallistua s\u00e4\u00e4ti\u00f6\u00f6n Polio+ -ker\u00e4yksell\u00e4. RI:n tavoitteet Rotaryvuodelle ohjeistavat klubiamme toimimaan Rotaryn tavoitteiden [&hellip;]\" \/>\n<meta property=\"og:url\" content=\"https:\/\/rotary.fi\/pyhajarvi\/keita-olemme\/vuositeema\/\" \/>\n<meta property=\"og:site_name\" content=\"Pyh\u00e4j\u00e4rven Rotaryklubi ry\" \/>\n<meta property=\"article:modified_time\" content=\"2025-08-03T10:00:26+00:00\" \/>\n<meta name=\"twitter:card\" content=\"summary_large_image\" \/>\n<meta name=\"twitter:label1\" content=\"Arvioitu lukuaika\" \/>\n\t<meta name=\"twitter:data1\" content=\"2 minuuttia\" \/>\n<script type=\"application\/ld+json\" class=\"yoast-schema-graph\">{\"@context\":\"https:\/\/schema.org\",\"@graph\":[{\"@type\":\"WebPage\",\"@id\":\"https:\/\/rotary.fi\/pyhajarvi\/keita-olemme\/vuositeema\/\",\"url\":\"https:\/\/rotary.fi\/pyhajarvi\/keita-olemme\/vuositeema\/\",\"name\":\"Vuositeema - Pyh\u00e4j\u00e4rven Rotaryklubi ry\",\"isPartOf\":{\"@id\":\"https:\/\/rotary.fi\/pyhajarvi\/#website\"},\"datePublished\":\"2018-08-10T11:01:44+00:00\",\"dateModified\":\"2025-08-03T10:00:26+00:00\",\"breadcrumb\":{\"@id\":\"https:\/\/rotary.fi\/pyhajarvi\/keita-olemme\/vuositeema\/#breadcrumb\"},\"inLanguage\":\"fi\",\"potentialAction\":[{\"@type\":\"ReadAction\",\"target\":[\"https:\/\/rotary.fi\/pyhajarvi\/keita-olemme\/vuositeema\/\"]}]},{\"@type\":\"BreadcrumbList\",\"@id\":\"https:\/\/rotary.fi\/pyhajarvi\/keita-olemme\/vuositeema\/#breadcrumb\",\"itemListElement\":[{\"@type\":\"ListItem\",\"position\":1,\"name\":\"Home\",\"item\":\"https:\/\/rotary.fi\/pyhajarvi\/\"},{\"@type\":\"ListItem\",\"position\":2,\"name\":\"Keit\u00e4 olemme\",\"item\":\"https:\/\/rotary.fi\/pyhajarvi\/keita-olemme\/\"},{\"@type\":\"ListItem\",\"position\":3,\"name\":\"Vuositeema\"}]},{\"@type\":\"WebSite\",\"@id\":\"https:\/\/rotary.fi\/pyhajarvi\/#website\",\"url\":\"https:\/\/rotary.fi\/pyhajarvi\/\",\"name\":\"Pyh\u00e4j\u00e4rven Rotaryklubi ry\",\"description\":\"Uusi Rotary klubisivusto\",\"potentialAction\":[{\"@type\":\"SearchAction\",\"target\":{\"@type\":\"EntryPoint\",\"urlTemplate\":\"https:\/\/rotary.fi\/pyhajarvi\/?s={search_term_string}\"},\"query-input\":{\"@type\":\"PropertyValueSpecification\",\"valueRequired\":true,\"valueName\":\"search_term_string\"}}],\"inLanguage\":\"fi\"}]}<\/script>\n<!-- \/ Yoast SEO plugin. -->","yoast_head_json":{"title":"Vuositeema - Pyh\u00e4j\u00e4rven Rotaryklubi ry","robots":{"index":"index","follow":"follow","max-snippet":"max-snippet:-1","max-image-preview":"max-image-preview:large","max-video-preview":"max-video-preview:-1"},"canonical":"https:\/\/rotary.fi\/pyhajarvi\/keita-olemme\/vuositeema\/","og_locale":"fi_FI","og_type":"article","og_title":"Vuositeema - Pyh\u00e4j\u00e4rven Rotaryklubi ry","og_description":"Klubi on perustettu vuonna 1970. Klubissa on 15 j\u00e4sent\u00e4, naisia 9 ja miehi\u00e4 6, yksi kunniaj\u00e4sen. Kokous on kaksi kertaa kuukaudessa keskiviikkoisin klo 17.30-18.30. Klubin t\u00e4rkein tavoite on nuorisovaihto. Tavoitteena on sponsoroida vuosittain yksi nuori vuosivaihtoon ja 1-2 nuorta kes\u00e4vaihtoon. Toinen tavoite on osallistua s\u00e4\u00e4ti\u00f6\u00f6n Polio+ -ker\u00e4yksell\u00e4. RI:n tavoitteet Rotaryvuodelle ohjeistavat klubiamme toimimaan Rotaryn tavoitteiden [&hellip;]","og_url":"https:\/\/rotary.fi\/pyhajarvi\/keita-olemme\/vuositeema\/","og_site_name":"Pyh\u00e4j\u00e4rven Rotaryklubi ry","article_modified_time":"2025-08-03T10:00:26+00:00","twitter_card":"summary_large_image","twitter_misc":{"Arvioitu lukuaika":"2 minuuttia"},"schema":{"@context":"https:\/\/schema.org","@graph":[{"@type":"WebPage","@id":"https:\/\/rotary.fi\/pyhajarvi\/keita-olemme\/vuositeema\/","url":"https:\/\/rotary.fi\/pyhajarvi\/keita-olemme\/vuositeema\/","name":"Vuositeema - Pyh\u00e4j\u00e4rven Rotaryklubi ry","isPartOf":{"@id":"https:\/\/rotary.fi\/pyhajarvi\/#website"},"datePublished":"2018-08-10T11:01:44+00:00","dateModified":"2025-08-03T10:00:26+00:00","breadcrumb":{"@id":"https:\/\/rotary.fi\/pyhajarvi\/keita-olemme\/vuositeema\/#breadcrumb"},"inLanguage":"fi","potentialAction":[{"@type":"ReadAction","target":["https:\/\/rotary.fi\/pyhajarvi\/keita-olemme\/vuositeema\/"]}]},{"@type":"BreadcrumbList","@id":"https:\/\/rotary.fi\/pyhajarvi\/keita-olemme\/vuositeema\/#breadcrumb","itemListElement":[{"@type":"ListItem","position":1,"name":"Home","item":"https:\/\/rotary.fi\/pyhajarvi\/"},{"@type":"ListItem","position":2,"name":"Keit\u00e4 olemme","item":"https:\/\/rotary.fi\/pyhajarvi\/keita-olemme\/"},{"@type":"ListItem","position":3,"name":"Vuositeema"}]},{"@type":"WebSite","@id":"https:\/\/rotary.fi\/pyhajarvi\/#website","url":"https:\/\/rotary.fi\/pyhajarvi\/","name":"Pyh\u00e4j\u00e4rven Rotaryklubi ry","description":"Uusi Rotary klubisivusto","potentialAction":[{"@type":"SearchAction","target":{"@type":"EntryPoint","urlTemplate":"https:\/\/rotary.fi\/pyhajarvi\/?s={search_term_string}"},"query-input":{"@type":"PropertyValueSpecification","valueRequired":true,"valueName":"search_term_string"}}],"inLanguage":"fi"}]}},"lang":"fi","translations":{"fi":138},"pll_sync_post":[],"_links":{"self":[{"href":"https:\/\/rotary.fi\/pyhajarvi\/wp-json\/wp\/v2\/pages\/138","targetHints":{"allow":["GET"]}}],"collection":[{"href":"https:\/\/rotary.fi\/pyhajarvi\/wp-json\/wp\/v2\/pages"}],"about":[{"href":"https:\/\/rotary.fi\/pyhajarvi\/wp-json\/wp\/v2\/types\/page"}],"author":[{"embeddable":true,"href":"https:\/\/rotary.fi\/pyhajarvi\/wp-json\/wp\/v2\/users\/1"}],"replies":[{"embeddable":true,"href":"https:\/\/rotary.fi\/pyhajarvi\/wp-json\/wp\/v2\/comments?post=138"}],"version-history":[{"count":11,"href":"https:\/\/rotary.fi\/pyhajarvi\/wp-json\/wp\/v2\/pages\/138\/revisions"}],"predecessor-version":[{"id":2267,"href":"https:\/\/rotary.fi\/pyhajarvi\/wp-json\/wp\/v2\/pages\/138\/revisions\/2267"}],"up":[{"embeddable":true,"href":"https:\/\/rotary.fi\/pyhajarvi\/wp-json\/wp\/v2\/pages\/129"}],"wp:attachment":[{"href":"https:\/\/rotary.fi\/pyhajarvi\/wp-json\/wp\/v2\/media?parent=138"}],"curies":[{"name":"wp","href":"https:\/\/api.w.org\/{rel}","templated":true}]}}