{"id":156,"date":"2018-08-13T09:46:59","date_gmt":"2018-08-13T06:46:59","guid":{"rendered":"https:\/\/rotary.fi\/punkalaidun\/?page_id=156"},"modified":"2018-12-25T12:20:55","modified_gmt":"2018-12-25T10:20:55","slug":"projektit","status":"publish","type":"page","link":"https:\/\/rotary.fi\/punkalaidun\/mita-teemme\/projektit\/","title":{"rendered":"Projektit"},"content":{"rendered":"<p>[et_pb_section bb_built=&#8221;1&#8243; module_class=&#8221;jumbotron-page&#8221; _builder_version=&#8221;3.17.2&#8243; background_image=&#8221;https:\/\/rotary.fi\/punkalaidun\/wp-content\/uploads\/sites\/43\/2018\/08\/rotary_klubit_alasivu_paakuva_5.jpg&#8221; next_background_color=&#8221;#ffffff&#8221;][et_pb_row _builder_version=&#8221;3.0.48&#8243; background_size=&#8221;initial&#8221; background_position=&#8221;top_left&#8221; background_repeat=&#8221;repeat&#8221;][et_pb_column type=&#8221;4_4&#8243;][et_pb_text admin_label=&#8221;P\u00e4\u00e4otsikko&#8221; _builder_version=&#8221;3.17&#8243; text_orientation=&#8221;center&#8221; background_layout=&#8221;dark&#8221;]<\/p>\n<h1>Projektit<\/h1>\n<p>[\/et_pb_text][\/et_pb_column][\/et_pb_row][\/et_pb_section][et_pb_section bb_built=&#8221;1&#8243; specialty=&#8221;on&#8221; module_class_2=&#8221;sivupalkki&#8221; _builder_version=&#8221;3.4.1&#8243; prev_background_color=&#8221;#000000&#8243;][et_pb_column type=&#8221;2_3&#8243; specialty_columns=&#8221;2&#8243;][et_pb_row_inner admin_label=&#8221;Rivi&#8221; _builder_version=&#8221;3.0.47&#8243;][et_pb_column_inner type=&#8221;4_4&#8243; saved_specialty_column_type=&#8221;2_3&#8243;][et_pb_text admin_label=&#8221;Projektit &#8211; Otsikko&#8221; _builder_version=&#8221;3.17&#8243; text_orientation=&#8221;center&#8221;]<\/p>\n<h1>Projektit<\/h1>\n<p>[\/et_pb_text][et_pb_text _builder_version=&#8221;3.17.6&#8243;]<\/p>\n<p>Rotary on palveluj\u00e4rjest\u00f6. Toimimme tunnuslauseemme Palvelu itsekkyyden edelle (Service above self) mukaisesti paikallisesti ja maailmanlaajuisesti. Kansainv\u00e4linen humanit\u00e4\u00e4rinen palvelumme toteutuu Rotarys\u00e4\u00e4ti\u00f6mme koordinoimana ja hyv\u00e4ksyttyjen kumppaneiden kanssa.<\/p>\n<p>Vuosittain osallistumme paikalliseen toimintaan kahdella vakituisella palveluprojektilla. Punkalaitumen museo- ja kotiseutuyhdistys j\u00e4rjest\u00e4\u00e4 joka vuosi hein\u00e4kuun ensimm\u00e4isen\u00e4 viikonloppuna Kaikkien aikojen maatalousn\u00e4yttelyn, miss\u00e4 olemme mukana huolehtien paikoituksesta. Loppu vuoden projekti on kynttil\u00f6iden sytytys sankarihaudoille itsen\u00e4isyysp\u00e4iv\u00e4n\u00e4 sek\u00e4 jouluna.<\/p>\n<p>\u00a0<\/p>\n<h5>Kaikkien aikojen maatalousn\u00e4yttely<\/h5>\n<p>\u00a0<\/p>\n<p>Kaikkien aikojen maatalousn\u00e4yttelyn j\u00e4rjest\u00e4\u00e4 vuosittain hein\u00e4kuun ensimm\u00e4isen\u00e4 viikonloppuna Punkalaitumen Museo- ja Kotiseutuyhdistys ry. N\u00e4yttely j\u00e4rjestet\u00e4\u00e4n yhdistyksen omistamalla ja yll\u00e4pit\u00e4m\u00e4ll\u00e4 5 ha:n ja yli 30 rakennuksen museolla, N\u00e4yttelyn mahdollistaa 200 henkil\u00f6n talkooporukka. T\u00e4ss\u00e4 porukussa olemme my\u00f6s me mukana huolehtien j\u00e4rjestyksest\u00e4 pys\u00e4k\u00f6innin osalta n\u00e4yttelyn aikana. N\u00e4yttelyss\u00e4 vierailee viikonlopun aikana 2500-4000 henkil\u00f6\u00e4.\u00a0<\/p>\n<p><img loading=\"lazy\" decoding=\"async\" class=\"size-medium wp-image-1439 alignleft\" src=\"https:\/\/rotary.fi\/punkalaidun\/wp-content\/uploads\/sites\/43\/2018\/12\/image-300x200.png\" alt=\"\" width=\"300\" height=\"200\" srcset=\"https:\/\/rotary.fi\/punkalaidun\/wp-content\/uploads\/sites\/43\/2018\/12\/image-300x200.png 300w, https:\/\/rotary.fi\/punkalaidun\/wp-content\/uploads\/sites\/43\/2018\/12\/image.png 500w\" sizes=\"(max-width: 300px) 100vw, 300px\" \/><\/p>\n<p>Talonpoikaismuseo Yli-Kirralla (<a href=\"http:\/\/www.koiramaentalo.fi\">www.koiramaentalo.fi)<\/a>. Pihapiiri on monille tutuksi Mauri Kunnaksen Koiram\u00e4ki -kirjoista. Koiram\u00e4en talossa -kirjassa museon pihapiiri on toiminut h\u00e4nen inspiraationaan.<\/p>\n<p>\u00a0<\/p>\n<p>\u00a0<\/p>\n<h5>Kyntti\u00f6iden sytytys sankarihaudoille<\/h5>\n<p>\u00a0<\/p>\n<p><img loading=\"lazy\" decoding=\"async\" class=\"size-medium wp-image-1441 alignleft\" src=\"https:\/\/rotary.fi\/punkalaidun\/wp-content\/uploads\/sites\/43\/2018\/12\/47390645_2221739751485877_7064551101122478080_o-167x300.jpg\" alt=\"\" width=\"167\" height=\"300\" srcset=\"https:\/\/rotary.fi\/punkalaidun\/wp-content\/uploads\/sites\/43\/2018\/12\/47390645_2221739751485877_7064551101122478080_o-167x300.jpg 167w, https:\/\/rotary.fi\/punkalaidun\/wp-content\/uploads\/sites\/43\/2018\/12\/47390645_2221739751485877_7064551101122478080_o-569x1024.jpg 569w, https:\/\/rotary.fi\/punkalaidun\/wp-content\/uploads\/sites\/43\/2018\/12\/47390645_2221739751485877_7064551101122478080_o.jpg 720w\" sizes=\"(max-width: 167px) 100vw, 167px\" \/>Klubi on jo monien vuosien ajan kunnioittanut sodassa kaatuneita sytytt\u00e4m\u00e4ll\u00e4 sankarihaudoille kynttil\u00e4t palamaan joka joulu. 2016 toteutimme yhdess\u00e4 Punkalaitumen Lions Glubin ja LC Punkalaidun Fiinan kanssa projektin, jossa hankimme kaikille 290 :lle sankarihaudalle lyhdyt. Lyhdyt lahjoitettiin Punkalaitumen seurakunnalle. Suomi 100 -juhlavuodesta alkaen olemme sytytt\u00e4neet lyhtyihin kynttil\u00e4t palamaan perinteisen joulun lis\u00e4ksi my\u00f6s itsen\u00e4isyysp\u00e4iv\u00e4n\u00e4. Samalla tarjoamme kaikille mahdollisuuden sytytt\u00e4\u00e4 omia kynttil\u00f6it\u00e4 lyhtyihin joulukuun aikana<\/p>\n<p>\u00a0<\/p>\n<p>\u00a0<\/p>\n<p>\u00a0<\/p>\n<h5>Punkafest ja LaPa<\/h5>\n<p>\u00a0<\/p>\n<p>Olemme saaneet olla tukemassa Laitumen Pallon 2013 perustettua toimintaa. T\u00e4m\u00e4 paikallinen urheiluseura on hieno esimerkki siit\u00e4, kuinka paikalliseen nuorisoty\u00f6h\u00f6n jokainen voi vaikuttaa. Seura on muutaman paikallisen ihmisen yhteinen projekti, joka on saanut mukaansa monia paikallisia toimijoita. He tarjoavat harrastusmahdollisuuksia, mm. jalka-, pes\u00e4- ja lentopallossa.<\/p>\n<p><img loading=\"lazy\" decoding=\"async\" class=\"size-medium wp-image-1396 alignleft\" src=\"https:\/\/rotary.fi\/punkalaidun\/wp-content\/uploads\/sites\/43\/2018\/12\/fb_img_1470911379952-kopio-225x300.jpeg\" alt=\"\" width=\"225\" height=\"300\" \/><\/p>\n<p>Viikottaisen seuratoiminnan lis\u00e4ksi he j\u00e4rjest\u00e4v\u00e4t tapahtumia, kuten PunkaRun -extreme juoksutapahtuma, PunkaFest -festivaali ja LiveLavis &amp; LaPaFest.<\/p>\n<p>12.8.2016 seura j\u00e4rjesti PunkaFest -Festivaalin, jossa esiintyi JVG, Arttu Viskari ja Gravity Waves. T\u00e4m\u00e4 oli merkitt\u00e4v\u00e4 ponnistus paikallisesta n\u00e4k\u00f6kulmasta. Mekin saimme olla mukana t\u00e4ss\u00e4 projektissa taloudellisesti ja j\u00e4rjestelyty\u00f6h\u00f6n osallistuen. T\u00e4m\u00e4n projektin erityinen piirre oli vastaanottokeskuksen asukkaiden ja paikallisten tuominen yhteen samaan toimintaan. Vastaanottokeskuksen asukkaista halukkaat saivat osallistua kanssamme aitojen pystytykseen saaden siit\u00e4 palkkioksi \u00a0liput festivaaleille. Festivaalit olivat kaiken kaikkiaan menestys ja merkitt\u00e4v\u00e4 tapahtuma paikallisesti.<\/p>\n<p>[\/et_pb_text][\/et_pb_column_inner][\/et_pb_row_inner][\/et_pb_column][et_pb_column type=&#8221;1_3&#8243;][et_pb_sidebar area=&#8221;sidebar-1&#8243; module_class=&#8221;sivupalkki_sisalto&#8221; _builder_version=&#8221;3.4.1&#8243; locked=&#8221;on&#8221;]<\/p>\n<p>[\/et_pb_sidebar][\/et_pb_column][\/et_pb_section]<\/p>\n","protected":false},"excerpt":{"rendered":"<p>Projektit Projektit Rotary on palveluj\u00e4rjest\u00f6. Toimimme tunnuslauseemme Palvelu itsekkyyden edelle (Service above self) mukaisesti paikallisesti ja maailmanlaajuisesti. Kansainv\u00e4linen humanit\u00e4\u00e4rinen palvelumme toteutuu Rotarys\u00e4\u00e4ti\u00f6mme koordinoimana ja hyv\u00e4ksyttyjen kumppaneiden kanssa.Vuosittain osallistumme paikalliseen toimintaan kahdella vakituisella palveluprojektilla. Punkalaitumen museo- ja kotiseutuyhdistys j\u00e4rjest\u00e4\u00e4 joka vuosi hein\u00e4kuun ensimm\u00e4isen\u00e4 viikonloppuna Kaikkien aikojen maatalousn\u00e4yttelyn, miss\u00e4 olemme mukana huolehtien paikoituksesta. Loppu vuoden projekti on [&hellip;]<\/p>\n","protected":false},"author":1,"featured_media":0,"parent":77,"menu_order":0,"comment_status":"closed","ping_status":"closed","template":"","meta":{"_acf_changed":false,"_et_pb_use_builder":"on","_et_pb_old_content":"","_et_gb_content_width":"","footnotes":""},"class_list":["post-156","page","type-page","status-publish","hentry"],"acf":[],"yoast_head":"<!-- This site is optimized with the Yoast SEO plugin v27.4 - https:\/\/yoast.com\/product\/yoast-seo-wordpress\/ -->\n<title>Projektit - Punkalaitumen Rotaryklubi ry<\/title>\n<meta name=\"robots\" content=\"index, follow, max-snippet:-1, max-image-preview:large, max-video-preview:-1\" \/>\n<link rel=\"canonical\" href=\"https:\/\/rotary.fi\/punkalaidun\/mita-teemme\/projektit\/\" \/>\n<meta property=\"og:locale\" content=\"fi_FI\" \/>\n<meta property=\"og:type\" content=\"article\" \/>\n<meta property=\"og:title\" content=\"Projektit - Punkalaitumen Rotaryklubi ry\" \/>\n<meta property=\"og:description\" content=\"Projektit Projektit Rotary on palveluj\u00e4rjest\u00f6. Toimimme tunnuslauseemme Palvelu itsekkyyden edelle (Service above self) mukaisesti paikallisesti ja maailmanlaajuisesti. Kansainv\u00e4linen humanit\u00e4\u00e4rinen palvelumme toteutuu Rotarys\u00e4\u00e4ti\u00f6mme koordinoimana ja hyv\u00e4ksyttyjen kumppaneiden kanssa.Vuosittain osallistumme paikalliseen toimintaan kahdella vakituisella palveluprojektilla. Punkalaitumen museo- ja kotiseutuyhdistys j\u00e4rjest\u00e4\u00e4 joka vuosi hein\u00e4kuun ensimm\u00e4isen\u00e4 viikonloppuna Kaikkien aikojen maatalousn\u00e4yttelyn, miss\u00e4 olemme mukana huolehtien paikoituksesta. Loppu vuoden projekti on [&hellip;]\" \/>\n<meta property=\"og:url\" content=\"https:\/\/rotary.fi\/punkalaidun\/mita-teemme\/projektit\/\" \/>\n<meta property=\"og:site_name\" content=\"Punkalaitumen Rotaryklubi ry\" \/>\n<meta property=\"article:modified_time\" content=\"2018-12-25T10:20:55+00:00\" \/>\n<meta property=\"og:image\" content=\"https:\/\/rotary.fi\/punkalaidun\/wp-content\/uploads\/sites\/43\/2018\/12\/image-300x200.png\" \/>\n<meta name=\"twitter:card\" content=\"summary_large_image\" \/>\n<meta name=\"twitter:label1\" content=\"Arvioitu lukuaika\" \/>\n\t<meta name=\"twitter:data1\" content=\"3 minuuttia\" \/>\n<script type=\"application\/ld+json\" class=\"yoast-schema-graph\">{\"@context\":\"https:\\\/\\\/schema.org\",\"@graph\":[{\"@type\":\"WebPage\",\"@id\":\"https:\\\/\\\/rotary.fi\\\/punkalaidun\\\/mita-teemme\\\/projektit\\\/\",\"url\":\"https:\\\/\\\/rotary.fi\\\/punkalaidun\\\/mita-teemme\\\/projektit\\\/\",\"name\":\"Projektit - Punkalaitumen Rotaryklubi ry\",\"isPartOf\":{\"@id\":\"https:\\\/\\\/rotary.fi\\\/punkalaidun\\\/#website\"},\"primaryImageOfPage\":{\"@id\":\"https:\\\/\\\/rotary.fi\\\/punkalaidun\\\/mita-teemme\\\/projektit\\\/#primaryimage\"},\"image\":{\"@id\":\"https:\\\/\\\/rotary.fi\\\/punkalaidun\\\/mita-teemme\\\/projektit\\\/#primaryimage\"},\"thumbnailUrl\":\"https:\\\/\\\/rotary.fi\\\/punkalaidun\\\/wp-content\\\/uploads\\\/sites\\\/43\\\/2018\\\/12\\\/image-300x200.png\",\"datePublished\":\"2018-08-13T06:46:59+00:00\",\"dateModified\":\"2018-12-25T10:20:55+00:00\",\"breadcrumb\":{\"@id\":\"https:\\\/\\\/rotary.fi\\\/punkalaidun\\\/mita-teemme\\\/projektit\\\/#breadcrumb\"},\"inLanguage\":\"fi\",\"potentialAction\":[{\"@type\":\"ReadAction\",\"target\":[\"https:\\\/\\\/rotary.fi\\\/punkalaidun\\\/mita-teemme\\\/projektit\\\/\"]}]},{\"@type\":\"ImageObject\",\"inLanguage\":\"fi\",\"@id\":\"https:\\\/\\\/rotary.fi\\\/punkalaidun\\\/mita-teemme\\\/projektit\\\/#primaryimage\",\"url\":\"https:\\\/\\\/rotary.fi\\\/punkalaidun\\\/wp-content\\\/uploads\\\/sites\\\/43\\\/2018\\\/12\\\/image.png\",\"contentUrl\":\"https:\\\/\\\/rotary.fi\\\/punkalaidun\\\/wp-content\\\/uploads\\\/sites\\\/43\\\/2018\\\/12\\\/image.png\",\"width\":500,\"height\":333},{\"@type\":\"BreadcrumbList\",\"@id\":\"https:\\\/\\\/rotary.fi\\\/punkalaidun\\\/mita-teemme\\\/projektit\\\/#breadcrumb\",\"itemListElement\":[{\"@type\":\"ListItem\",\"position\":1,\"name\":\"Home\",\"item\":\"https:\\\/\\\/rotary.fi\\\/punkalaidun\\\/\"},{\"@type\":\"ListItem\",\"position\":2,\"name\":\"Mit\u00e4 teemme\",\"item\":\"https:\\\/\\\/rotary.fi\\\/punkalaidun\\\/mita-teemme\\\/\"},{\"@type\":\"ListItem\",\"position\":3,\"name\":\"Projektit\"}]},{\"@type\":\"WebSite\",\"@id\":\"https:\\\/\\\/rotary.fi\\\/punkalaidun\\\/#website\",\"url\":\"https:\\\/\\\/rotary.fi\\\/punkalaidun\\\/\",\"name\":\"Punkalaitumen Rotaryklubi ry\",\"description\":\"Uusi Rotary klubisivusto\",\"potentialAction\":[{\"@type\":\"SearchAction\",\"target\":{\"@type\":\"EntryPoint\",\"urlTemplate\":\"https:\\\/\\\/rotary.fi\\\/punkalaidun\\\/?s={search_term_string}\"},\"query-input\":{\"@type\":\"PropertyValueSpecification\",\"valueRequired\":true,\"valueName\":\"search_term_string\"}}],\"inLanguage\":\"fi\"}]}<\/script>\n<!-- \/ Yoast SEO plugin. -->","yoast_head_json":{"title":"Projektit - Punkalaitumen Rotaryklubi ry","robots":{"index":"index","follow":"follow","max-snippet":"max-snippet:-1","max-image-preview":"max-image-preview:large","max-video-preview":"max-video-preview:-1"},"canonical":"https:\/\/rotary.fi\/punkalaidun\/mita-teemme\/projektit\/","og_locale":"fi_FI","og_type":"article","og_title":"Projektit - Punkalaitumen Rotaryklubi ry","og_description":"Projektit Projektit Rotary on palveluj\u00e4rjest\u00f6. Toimimme tunnuslauseemme Palvelu itsekkyyden edelle (Service above self) mukaisesti paikallisesti ja maailmanlaajuisesti. Kansainv\u00e4linen humanit\u00e4\u00e4rinen palvelumme toteutuu Rotarys\u00e4\u00e4ti\u00f6mme koordinoimana ja hyv\u00e4ksyttyjen kumppaneiden kanssa.Vuosittain osallistumme paikalliseen toimintaan kahdella vakituisella palveluprojektilla. Punkalaitumen museo- ja kotiseutuyhdistys j\u00e4rjest\u00e4\u00e4 joka vuosi hein\u00e4kuun ensimm\u00e4isen\u00e4 viikonloppuna Kaikkien aikojen maatalousn\u00e4yttelyn, miss\u00e4 olemme mukana huolehtien paikoituksesta. Loppu vuoden projekti on [&hellip;]","og_url":"https:\/\/rotary.fi\/punkalaidun\/mita-teemme\/projektit\/","og_site_name":"Punkalaitumen Rotaryklubi ry","article_modified_time":"2018-12-25T10:20:55+00:00","og_image":[{"url":"https:\/\/rotary.fi\/punkalaidun\/wp-content\/uploads\/sites\/43\/2018\/12\/image-300x200.png","type":"","width":"","height":""}],"twitter_card":"summary_large_image","twitter_misc":{"Arvioitu lukuaika":"3 minuuttia"},"schema":{"@context":"https:\/\/schema.org","@graph":[{"@type":"WebPage","@id":"https:\/\/rotary.fi\/punkalaidun\/mita-teemme\/projektit\/","url":"https:\/\/rotary.fi\/punkalaidun\/mita-teemme\/projektit\/","name":"Projektit - Punkalaitumen Rotaryklubi ry","isPartOf":{"@id":"https:\/\/rotary.fi\/punkalaidun\/#website"},"primaryImageOfPage":{"@id":"https:\/\/rotary.fi\/punkalaidun\/mita-teemme\/projektit\/#primaryimage"},"image":{"@id":"https:\/\/rotary.fi\/punkalaidun\/mita-teemme\/projektit\/#primaryimage"},"thumbnailUrl":"https:\/\/rotary.fi\/punkalaidun\/wp-content\/uploads\/sites\/43\/2018\/12\/image-300x200.png","datePublished":"2018-08-13T06:46:59+00:00","dateModified":"2018-12-25T10:20:55+00:00","breadcrumb":{"@id":"https:\/\/rotary.fi\/punkalaidun\/mita-teemme\/projektit\/#breadcrumb"},"inLanguage":"fi","potentialAction":[{"@type":"ReadAction","target":["https:\/\/rotary.fi\/punkalaidun\/mita-teemme\/projektit\/"]}]},{"@type":"ImageObject","inLanguage":"fi","@id":"https:\/\/rotary.fi\/punkalaidun\/mita-teemme\/projektit\/#primaryimage","url":"https:\/\/rotary.fi\/punkalaidun\/wp-content\/uploads\/sites\/43\/2018\/12\/image.png","contentUrl":"https:\/\/rotary.fi\/punkalaidun\/wp-content\/uploads\/sites\/43\/2018\/12\/image.png","width":500,"height":333},{"@type":"BreadcrumbList","@id":"https:\/\/rotary.fi\/punkalaidun\/mita-teemme\/projektit\/#breadcrumb","itemListElement":[{"@type":"ListItem","position":1,"name":"Home","item":"https:\/\/rotary.fi\/punkalaidun\/"},{"@type":"ListItem","position":2,"name":"Mit\u00e4 teemme","item":"https:\/\/rotary.fi\/punkalaidun\/mita-teemme\/"},{"@type":"ListItem","position":3,"name":"Projektit"}]},{"@type":"WebSite","@id":"https:\/\/rotary.fi\/punkalaidun\/#website","url":"https:\/\/rotary.fi\/punkalaidun\/","name":"Punkalaitumen Rotaryklubi ry","description":"Uusi Rotary klubisivusto","potentialAction":[{"@type":"SearchAction","target":{"@type":"EntryPoint","urlTemplate":"https:\/\/rotary.fi\/punkalaidun\/?s={search_term_string}"},"query-input":{"@type":"PropertyValueSpecification","valueRequired":true,"valueName":"search_term_string"}}],"inLanguage":"fi"}]}},"lang":"fi","translations":{"fi":156},"pll_sync_post":[],"_links":{"self":[{"href":"https:\/\/rotary.fi\/punkalaidun\/wp-json\/wp\/v2\/pages\/156","targetHints":{"allow":["GET"]}}],"collection":[{"href":"https:\/\/rotary.fi\/punkalaidun\/wp-json\/wp\/v2\/pages"}],"about":[{"href":"https:\/\/rotary.fi\/punkalaidun\/wp-json\/wp\/v2\/types\/page"}],"author":[{"embeddable":true,"href":"https:\/\/rotary.fi\/punkalaidun\/wp-json\/wp\/v2\/users\/1"}],"replies":[{"embeddable":true,"href":"https:\/\/rotary.fi\/punkalaidun\/wp-json\/wp\/v2\/comments?post=156"}],"version-history":[{"count":10,"href":"https:\/\/rotary.fi\/punkalaidun\/wp-json\/wp\/v2\/pages\/156\/revisions"}],"predecessor-version":[{"id":1445,"href":"https:\/\/rotary.fi\/punkalaidun\/wp-json\/wp\/v2\/pages\/156\/revisions\/1445"}],"up":[{"embeddable":true,"href":"https:\/\/rotary.fi\/punkalaidun\/wp-json\/wp\/v2\/pages\/77"}],"wp:attachment":[{"href":"https:\/\/rotary.fi\/punkalaidun\/wp-json\/wp\/v2\/media?parent=156"}],"curies":[{"name":"wp","href":"https:\/\/api.w.org\/{rel}","templated":true}]}}