{"id":142,"date":"2018-08-10T14:04:45","date_gmt":"2018-08-10T11:04:45","guid":{"rendered":"https:\/\/rotary.fi\/klubi2\/?page_id=142"},"modified":"2019-01-05T11:09:59","modified_gmt":"2019-01-05T09:09:59","slug":"ilo-esitella","status":"publish","type":"page","link":"https:\/\/rotary.fi\/punkalaidun\/keita-olemme\/ilo-esitella\/","title":{"rendered":"Ilo esitell\u00e4"},"content":{"rendered":"<p>[et_pb_section bb_built=&#8221;1&#8243; module_class=&#8221;jumbotron-page&#8221; _builder_version=&#8221;3.17.2&#8243; background_image=&#8221;https:\/\/rotary.fi\/punkalaidun\/wp-content\/uploads\/sites\/43\/2018\/10\/rotary_klubit_alasivu_paakuva_14.jpg&#8221; next_background_color=&#8221;#ffffff&#8221;][et_pb_row _builder_version=&#8221;3.0.48&#8243; background_size=&#8221;initial&#8221; background_position=&#8221;top_left&#8221; background_repeat=&#8221;repeat&#8221;][et_pb_column type=&#8221;4_4&#8243;][et_pb_text admin_label=&#8221;P\u00e4\u00e4otsikko&#8221; _builder_version=&#8221;3.17&#8243; text_orientation=&#8221;center&#8221; background_layout=&#8221;dark&#8221;]<\/p>\n<h1>Ilo esitell\u00e4<\/h1>\n<p>[\/et_pb_text][\/et_pb_column][\/et_pb_row][\/et_pb_section][et_pb_section bb_built=&#8221;1&#8243; specialty=&#8221;on&#8221; module_class_2=&#8221;sivupalkki&#8221; _builder_version=&#8221;3.4.1&#8243; prev_background_color=&#8221;#000000&#8243;][et_pb_column type=&#8221;2_3&#8243; specialty_columns=&#8221;2&#8243;][et_pb_row_inner admin_label=&#8221;Rivi&#8221; _builder_version=&#8221;3.0.47&#8243;][et_pb_column_inner type=&#8221;4_4&#8243; saved_specialty_column_type=&#8221;2_3&#8243;][et_pb_text admin_label=&#8221;Ilo esitell\u00e4 &#8211; Otsikko&#8221; _builder_version=&#8221;3.17&#8243; text_orientation=&#8221;center&#8221;]<\/p>\n<h1>Ilo esitell\u00e4<\/h1>\n<p>[\/et_pb_text][et_pb_text _builder_version=&#8221;3.17.6&#8243;]<\/p>\n<h1>Laitumen Pallo &#8211; Aktiivista toimintaa<\/h1>\n<p>\u00a0<\/p>\n<p>Olemme saaneet olla tukemassa Laitumen Pallon 2013 perustettua toimintaa. T\u00e4m\u00e4 paikallinen urheiluseura on hieno esimerkki siit\u00e4, kuinka paikalliseen nuorisoty\u00f6h\u00f6n jokainen voi vaikuttaa. Seura on muutaman paikallisen ihmisen yhteinen projekti, joka on saanut mukaansa monia paikallisia toimijoita. He tarjoavat harrastusmahdollisuuksia, mm. jalka-, pes\u00e4- ja lentopallossa.<\/p>\n<p>Viikottaisen seuratoiminnan lis\u00e4ksi he j\u00e4rjest\u00e4v\u00e4t tapahtumia, kuten PunkaRun -extreme juoksutapahtuma, PunkaFest -festivaali ja LiveLavis &amp; LaPaFest.<\/p>\n<p>12.8.2016 seura j\u00e4rjesti PunkaFest -Festivaalin, jossa esiintyi JVG, Arttu Viskari ja Gravity Waves. T\u00e4m\u00e4 oli merkitt\u00e4v\u00e4 ponnistus paikallisesta n\u00e4k\u00f6kulmasta. Mekin saimme olla mukana t\u00e4ss\u00e4 projektissa taloudellisesti ja j\u00e4rjestelyty\u00f6h\u00f6n osallistuen. T\u00e4m\u00e4n projektin erityinen piirre oli vastaanottokeskuksen asukkaiden ja paikallisten tuominen yhteen samaan toimintaan. Vastaanottokeskuksen asukkaista halukkaat saivat osallistua kanssamme aitojen pystytykseen saaden siit\u00e4 palkkioksi \u00a0liput festivaaleille. Festivaalit olivat kaiken kaikkiaan menestys ja merkitt\u00e4v\u00e4 tapahtuma paikallisesti.<\/p>\n<p>16.6.2018 seura j\u00e4rjesti PunkaRun -extreme juoksutapahtuman Punkalaitumen hiihtokeskus Porttikalliolla. Juoksutapahtuma oli kaikille maksuton. Tapahtuman p\u00e4\u00e4tteeksi paikalla esiintyi\u00a0<\/p>\n<p>28.9.2018 LiveLavis &amp; LaPaFest liikutti paikallisia ensin LiveLaviksen muodossa, jossa esiintyi Nelj\u00e4n Suora. Illalla LaPaFest tanssitti v\u00e4ke\u00e4 Nelj\u00e4n Suoran ja Kake Randelinin viihdytt\u00e4m\u00e4n\u00e4.<\/p>\n<p>\u00a0<\/p>\n<h1>Kaikkien aikojen maatalousn\u00e4yttely<\/h1>\n<p>\u00a0<\/p>\n<p>Punkalaitumen museo- ja kotiseutuyhdistys ry. omistaa ja yll\u00e4pit\u00e4\u00e4 yli 30 rakennuksen 8 hehtaarin museoalueen. Museo tunnetaan nimell\u00e4 Talonpoikaismuseo Yli-Kirra, mist\u00e4 my\u00f6s Mauri Kunnas on hakenut inspiraatiota Koiram\u00e4en talossa -kirjan kuvitukseen. Yhdistys on aktiivinen paikallinen toimija. Museoalueen ja rakennusten yll\u00e4pito hoidetaan p\u00e4\u00e4asiassa talkoovoimin. Talkoita j\u00e4rjestet\u00e4\u00e4n kes\u00e4 aikaan joka viikko tiistai-iltaisin 18:00. Yhdistys tekee merkitt\u00e4v\u00e4\u00e4 kulttuurity\u00f6t\u00e4 jakaen tietoa vanhoista rakennustavoista uusille sukupolville. Museon p\u00e4\u00e4alue kuvastaa 1800-lukua. \u00a0Alue muodostuu umpipiharakennuksista sek\u00e4 muista talousrakennuksista esineist\u00f6ineen. T\u00e4m\u00e4n lis\u00e4ksi alueelta l\u00f6ytyy riistanpyyntialue, m\u00e4kitupa, koulumuseo sek\u00e4 kattava kokoelma esineist\u00f6\u00e4 traktorikaudelta (1920-1950-luvuilta).<\/p>\n<p>Museo on palveluiltaan kattava. Se on avoinna kes\u00e4isin tiistaista sunnuntaihin. Museon kahvila ja pitokeitti\u00f6 ty\u00f6llist\u00e4v\u00e4t vakituisen em\u00e4nn\u00e4n lis\u00e4ksi kaksi kes\u00e4ty\u00f6ntekij\u00e4\u00e4 sek\u00e4 talkoolaisia. Siell\u00e4 voi j\u00e4rjest\u00e4\u00e4 juhlia, varata savusaunan tai tulla muuten vaan nauttimaan ymp\u00e4rist\u00f6n luomasta kiireett\u00f6m\u00e4st\u00e4 hengest\u00e4. Isommat ryhm\u00e4t voivat tulla opastetulle kierrokselle ja ruokailemaan. Yksin\/pieness\u00e4 ryhm\u00e4ss\u00e4 voi tutustumaan entisaikojen el\u00e4m\u00e4nmenoon ja ruokailemaan joko opastetusti tai omatoimisesti.<\/p>\n<p>Yhdistys j\u00e4rjest\u00e4\u00e4 vuosittain hein\u00e4kuun ensimm\u00e4isen\u00e4 viikonloppuna Kaikkien aikojen maatalousn\u00e4yttelyn. N\u00e4yttely on kaksip\u00e4iv\u00e4inen, jonka mahdollistaa suuri 200 hengen talkoov\u00e4ki. Tapahtumassa vierailee vuosittain 2500-3500 henke\u00e4. Viikonlopun aikana on mahdollisuus n\u00e4hd\u00e4 paljon ty\u00f6n\u00e4yt\u00f6ksi\u00e4 langan kehr\u00e4\u00e4misest\u00e4 tervan polttoon asti. 1800 -luvun el\u00e4m\u00e4n lis\u00e4ksi on n\u00e4yt\u00f6ksi\u00e4 1920-60 -lukujen koneilla ja v\u00e4lineill\u00e4. Talkoov\u00e4ki on pukeutunut ajan henkeen pussihousuihin ja essuhameisiin. N\u00e4yttelyss\u00e4 vierailuun kannattaa varata koko p\u00e4iv\u00e4 aikaa, koska n\u00e4ht\u00e4v\u00e4\u00e4 on eritt\u00e4in paljon.<\/p>\n<p>My\u00f6s Punkalaitumen Rotaryklubi on omalta osaltaan mahdollistamassa Kaikkien aikojen maatalousn\u00e4yttelyn toteutumista. Olemme jo useiden vuosien ajan huolehtineet parkkipaikoilla paikottamisen sujuvan toiminnan.<\/p>\n<p>\u00a0<\/p>\n<p>[\/et_pb_text][\/et_pb_column_inner][\/et_pb_row_inner][\/et_pb_column][et_pb_column type=&#8221;1_3&#8243;][et_pb_sidebar area=&#8221;sidebar-1&#8243; module_class=&#8221;sivupalkki_sisalto&#8221; _builder_version=&#8221;3.4.1&#8243; locked=&#8221;on&#8221;]<\/p>\n<p>[\/et_pb_sidebar][\/et_pb_column][\/et_pb_section]<\/p>\n","protected":false},"excerpt":{"rendered":"<p>Ilo esitell\u00e4 Ilo esitell\u00e4 Laitumen Pallo &#8211; Aktiivista toimintaa\u00a0Olemme saaneet olla tukemassa Laitumen Pallon 2013 perustettua toimintaa. T\u00e4m\u00e4 paikallinen urheiluseura on hieno esimerkki siit\u00e4, kuinka paikalliseen nuorisoty\u00f6h\u00f6n jokainen voi vaikuttaa. Seura on muutaman paikallisen ihmisen yhteinen projekti, joka on saanut mukaansa monia paikallisia toimijoita. He tarjoavat harrastusmahdollisuuksia, mm. jalka-, pes\u00e4- ja lentopallossa.Viikottaisen seuratoiminnan lis\u00e4ksi he [&hellip;]<\/p>\n","protected":false},"author":1,"featured_media":0,"parent":129,"menu_order":0,"comment_status":"closed","ping_status":"closed","template":"","meta":{"_acf_changed":false,"_et_pb_use_builder":"on","_et_pb_old_content":"","_et_gb_content_width":"","footnotes":""},"class_list":["post-142","page","type-page","status-publish","hentry"],"acf":[],"yoast_head":"<!-- This site is optimized with the Yoast SEO plugin v27.4 - https:\/\/yoast.com\/product\/yoast-seo-wordpress\/ -->\n<title>Ilo esitell\u00e4 - Punkalaitumen Rotaryklubi ry<\/title>\n<meta name=\"robots\" content=\"index, follow, max-snippet:-1, max-image-preview:large, max-video-preview:-1\" \/>\n<link rel=\"canonical\" href=\"https:\/\/rotary.fi\/punkalaidun\/keita-olemme\/ilo-esitella\/\" \/>\n<meta property=\"og:locale\" content=\"fi_FI\" \/>\n<meta property=\"og:type\" content=\"article\" \/>\n<meta property=\"og:title\" content=\"Ilo esitell\u00e4 - Punkalaitumen Rotaryklubi ry\" \/>\n<meta property=\"og:description\" content=\"Ilo esitell\u00e4 Ilo esitell\u00e4 Laitumen Pallo - Aktiivista toimintaa\u00a0Olemme saaneet olla tukemassa Laitumen Pallon 2013 perustettua toimintaa. T\u00e4m\u00e4 paikallinen urheiluseura on hieno esimerkki siit\u00e4, kuinka paikalliseen nuorisoty\u00f6h\u00f6n jokainen voi vaikuttaa. Seura on muutaman paikallisen ihmisen yhteinen projekti, joka on saanut mukaansa monia paikallisia toimijoita. He tarjoavat harrastusmahdollisuuksia, mm. jalka-, pes\u00e4- ja lentopallossa.Viikottaisen seuratoiminnan lis\u00e4ksi he [&hellip;]\" \/>\n<meta property=\"og:url\" content=\"https:\/\/rotary.fi\/punkalaidun\/keita-olemme\/ilo-esitella\/\" \/>\n<meta property=\"og:site_name\" content=\"Punkalaitumen Rotaryklubi ry\" \/>\n<meta property=\"article:modified_time\" content=\"2019-01-05T09:09:59+00:00\" \/>\n<meta name=\"twitter:card\" content=\"summary_large_image\" \/>\n<meta name=\"twitter:label1\" content=\"Arvioitu lukuaika\" \/>\n\t<meta name=\"twitter:data1\" content=\"3 minuuttia\" \/>\n<script type=\"application\/ld+json\" class=\"yoast-schema-graph\">{\"@context\":\"https:\\\/\\\/schema.org\",\"@graph\":[{\"@type\":\"WebPage\",\"@id\":\"https:\\\/\\\/rotary.fi\\\/punkalaidun\\\/keita-olemme\\\/ilo-esitella\\\/\",\"url\":\"https:\\\/\\\/rotary.fi\\\/punkalaidun\\\/keita-olemme\\\/ilo-esitella\\\/\",\"name\":\"Ilo esitell\u00e4 - Punkalaitumen Rotaryklubi ry\",\"isPartOf\":{\"@id\":\"https:\\\/\\\/rotary.fi\\\/punkalaidun\\\/#website\"},\"datePublished\":\"2018-08-10T11:04:45+00:00\",\"dateModified\":\"2019-01-05T09:09:59+00:00\",\"breadcrumb\":{\"@id\":\"https:\\\/\\\/rotary.fi\\\/punkalaidun\\\/keita-olemme\\\/ilo-esitella\\\/#breadcrumb\"},\"inLanguage\":\"fi\",\"potentialAction\":[{\"@type\":\"ReadAction\",\"target\":[\"https:\\\/\\\/rotary.fi\\\/punkalaidun\\\/keita-olemme\\\/ilo-esitella\\\/\"]}]},{\"@type\":\"BreadcrumbList\",\"@id\":\"https:\\\/\\\/rotary.fi\\\/punkalaidun\\\/keita-olemme\\\/ilo-esitella\\\/#breadcrumb\",\"itemListElement\":[{\"@type\":\"ListItem\",\"position\":1,\"name\":\"Home\",\"item\":\"https:\\\/\\\/rotary.fi\\\/punkalaidun\\\/\"},{\"@type\":\"ListItem\",\"position\":2,\"name\":\"Keit\u00e4 olemme\",\"item\":\"https:\\\/\\\/rotary.fi\\\/punkalaidun\\\/keita-olemme\\\/\"},{\"@type\":\"ListItem\",\"position\":3,\"name\":\"Ilo esitell\u00e4\"}]},{\"@type\":\"WebSite\",\"@id\":\"https:\\\/\\\/rotary.fi\\\/punkalaidun\\\/#website\",\"url\":\"https:\\\/\\\/rotary.fi\\\/punkalaidun\\\/\",\"name\":\"Punkalaitumen Rotaryklubi ry\",\"description\":\"Uusi Rotary klubisivusto\",\"potentialAction\":[{\"@type\":\"SearchAction\",\"target\":{\"@type\":\"EntryPoint\",\"urlTemplate\":\"https:\\\/\\\/rotary.fi\\\/punkalaidun\\\/?s={search_term_string}\"},\"query-input\":{\"@type\":\"PropertyValueSpecification\",\"valueRequired\":true,\"valueName\":\"search_term_string\"}}],\"inLanguage\":\"fi\"}]}<\/script>\n<!-- \/ Yoast SEO plugin. -->","yoast_head_json":{"title":"Ilo esitell\u00e4 - Punkalaitumen Rotaryklubi ry","robots":{"index":"index","follow":"follow","max-snippet":"max-snippet:-1","max-image-preview":"max-image-preview:large","max-video-preview":"max-video-preview:-1"},"canonical":"https:\/\/rotary.fi\/punkalaidun\/keita-olemme\/ilo-esitella\/","og_locale":"fi_FI","og_type":"article","og_title":"Ilo esitell\u00e4 - Punkalaitumen Rotaryklubi ry","og_description":"Ilo esitell\u00e4 Ilo esitell\u00e4 Laitumen Pallo - Aktiivista toimintaa\u00a0Olemme saaneet olla tukemassa Laitumen Pallon 2013 perustettua toimintaa. T\u00e4m\u00e4 paikallinen urheiluseura on hieno esimerkki siit\u00e4, kuinka paikalliseen nuorisoty\u00f6h\u00f6n jokainen voi vaikuttaa. Seura on muutaman paikallisen ihmisen yhteinen projekti, joka on saanut mukaansa monia paikallisia toimijoita. He tarjoavat harrastusmahdollisuuksia, mm. jalka-, pes\u00e4- ja lentopallossa.Viikottaisen seuratoiminnan lis\u00e4ksi he [&hellip;]","og_url":"https:\/\/rotary.fi\/punkalaidun\/keita-olemme\/ilo-esitella\/","og_site_name":"Punkalaitumen Rotaryklubi ry","article_modified_time":"2019-01-05T09:09:59+00:00","twitter_card":"summary_large_image","twitter_misc":{"Arvioitu lukuaika":"3 minuuttia"},"schema":{"@context":"https:\/\/schema.org","@graph":[{"@type":"WebPage","@id":"https:\/\/rotary.fi\/punkalaidun\/keita-olemme\/ilo-esitella\/","url":"https:\/\/rotary.fi\/punkalaidun\/keita-olemme\/ilo-esitella\/","name":"Ilo esitell\u00e4 - Punkalaitumen Rotaryklubi ry","isPartOf":{"@id":"https:\/\/rotary.fi\/punkalaidun\/#website"},"datePublished":"2018-08-10T11:04:45+00:00","dateModified":"2019-01-05T09:09:59+00:00","breadcrumb":{"@id":"https:\/\/rotary.fi\/punkalaidun\/keita-olemme\/ilo-esitella\/#breadcrumb"},"inLanguage":"fi","potentialAction":[{"@type":"ReadAction","target":["https:\/\/rotary.fi\/punkalaidun\/keita-olemme\/ilo-esitella\/"]}]},{"@type":"BreadcrumbList","@id":"https:\/\/rotary.fi\/punkalaidun\/keita-olemme\/ilo-esitella\/#breadcrumb","itemListElement":[{"@type":"ListItem","position":1,"name":"Home","item":"https:\/\/rotary.fi\/punkalaidun\/"},{"@type":"ListItem","position":2,"name":"Keit\u00e4 olemme","item":"https:\/\/rotary.fi\/punkalaidun\/keita-olemme\/"},{"@type":"ListItem","position":3,"name":"Ilo esitell\u00e4"}]},{"@type":"WebSite","@id":"https:\/\/rotary.fi\/punkalaidun\/#website","url":"https:\/\/rotary.fi\/punkalaidun\/","name":"Punkalaitumen Rotaryklubi ry","description":"Uusi Rotary klubisivusto","potentialAction":[{"@type":"SearchAction","target":{"@type":"EntryPoint","urlTemplate":"https:\/\/rotary.fi\/punkalaidun\/?s={search_term_string}"},"query-input":{"@type":"PropertyValueSpecification","valueRequired":true,"valueName":"search_term_string"}}],"inLanguage":"fi"}]}},"lang":"fi","translations":{"fi":142},"pll_sync_post":[],"_links":{"self":[{"href":"https:\/\/rotary.fi\/punkalaidun\/wp-json\/wp\/v2\/pages\/142","targetHints":{"allow":["GET"]}}],"collection":[{"href":"https:\/\/rotary.fi\/punkalaidun\/wp-json\/wp\/v2\/pages"}],"about":[{"href":"https:\/\/rotary.fi\/punkalaidun\/wp-json\/wp\/v2\/types\/page"}],"author":[{"embeddable":true,"href":"https:\/\/rotary.fi\/punkalaidun\/wp-json\/wp\/v2\/users\/1"}],"replies":[{"embeddable":true,"href":"https:\/\/rotary.fi\/punkalaidun\/wp-json\/wp\/v2\/comments?post=142"}],"version-history":[{"count":11,"href":"https:\/\/rotary.fi\/punkalaidun\/wp-json\/wp\/v2\/pages\/142\/revisions"}],"predecessor-version":[{"id":1451,"href":"https:\/\/rotary.fi\/punkalaidun\/wp-json\/wp\/v2\/pages\/142\/revisions\/1451"}],"up":[{"embeddable":true,"href":"https:\/\/rotary.fi\/punkalaidun\/wp-json\/wp\/v2\/pages\/129"}],"wp:attachment":[{"href":"https:\/\/rotary.fi\/punkalaidun\/wp-json\/wp\/v2\/media?parent=142"}],"curies":[{"name":"wp","href":"https:\/\/api.w.org\/{rel}","templated":true}]}}