{"id":273,"date":"2018-10-24T11:32:22","date_gmt":"2018-10-24T08:32:22","guid":{"rendered":"https:\/\/rotary.fi\/porvoo\/?page_id=273"},"modified":"2019-09-12T13:50:17","modified_gmt":"2019-09-12T10:50:17","slug":"olemme-osa-piiria-1420","status":"publish","type":"page","link":"https:\/\/rotary.fi\/porvoo\/keita-olemme\/olemme-osa-piiria-1420\/","title":{"rendered":"Olemme osa piiri\u00e4 1420"},"content":{"rendered":"<p>[et_pb_section bb_built=&#8221;1&#8243; module_class=&#8221;jumbotron-page&#8221; _builder_version=&#8221;3.17.2&#8243; background_image=&#8221;https:\/\/rotary.fi\/porvoo\/wp-content\/uploads\/sites\/137\/2018\/08\/rotary_klubit_alasivu_paakuva_4.jpg&#8221; next_background_color=&#8221;#ffffff&#8221; inner_width=&#8221;auto&#8221; inner_max_width=&#8221;1080px&#8221;][et_pb_row _builder_version=&#8221;3.0.48&#8243; background_size=&#8221;initial&#8221; background_position=&#8221;top_left&#8221; background_repeat=&#8221;repeat&#8221; width=&#8221;80%&#8221; max_width=&#8221;1080px&#8221;][et_pb_column type=&#8221;4_4&#8243; custom_padding__hover=&#8221;|||&#8221; custom_padding=&#8221;|||&#8221;][et_pb_text admin_label=&#8221;P\u00e4\u00e4otsikko: Olemme osa piiri\u00e4 1420&#8243; _builder_version=&#8221;3.21&#8243; text_orientation=&#8221;center&#8221; background_layout=&#8221;dark&#8221;]<\/p>\n<h1>Olemme osa piiri\u00e4 1420<\/h1>\n<p>[\/et_pb_text][\/et_pb_column][\/et_pb_row][\/et_pb_section][et_pb_section bb_built=&#8221;1&#8243; specialty=&#8221;on&#8221; module_class_2=&#8221;sivupalkki&#8221; _builder_version=&#8221;3.4.1&#8243; prev_background_color=&#8221;#000000&#8243; inner_width=&#8221;auto&#8221; inner_max_width=&#8221;1080px&#8221;][et_pb_column type=&#8221;2_3&#8243; specialty_columns=&#8221;2&#8243;][et_pb_row_inner admin_label=&#8221;Rivi&#8221; _builder_version=&#8221;3.0.47&#8243;][et_pb_column_inner type=&#8221;4_4&#8243; saved_specialty_column_type=&#8221;2_3&#8243; custom_padding__hover=&#8221;|||&#8221; custom_padding=&#8221;|||&#8221; saved_specialty_column_type=&#8221;2_3&#8243;][et_pb_text admin_label=&#8221;Rotarypiirit &#8211; Otsikko&#8221; _builder_version=&#8221;3.17&#8243; text_orientation=&#8221;center&#8221;]<\/p>\n<h1>Rotarypiirit<\/h1>\n<p>[\/et_pb_text][et_pb_text _builder_version=&#8221;3.27.4&#8243; text_text_shadow_horizontal_length=&#8221;text_text_shadow_style,%91object Object%93&#8243; text_text_shadow_horizontal_length_tablet=&#8221;0px&#8221; text_text_shadow_vertical_length=&#8221;text_text_shadow_style,%91object Object%93&#8243; text_text_shadow_vertical_length_tablet=&#8221;0px&#8221; text_text_shadow_blur_strength=&#8221;text_text_shadow_style,%91object Object%93&#8243; text_text_shadow_blur_strength_tablet=&#8221;1px&#8221; link_text_shadow_horizontal_length=&#8221;link_text_shadow_style,%91object Object%93&#8243; link_text_shadow_horizontal_length_tablet=&#8221;0px&#8221; link_text_shadow_vertical_length=&#8221;link_text_shadow_style,%91object Object%93&#8243; link_text_shadow_vertical_length_tablet=&#8221;0px&#8221; link_text_shadow_blur_strength=&#8221;link_text_shadow_style,%91object Object%93&#8243; link_text_shadow_blur_strength_tablet=&#8221;1px&#8221; ul_text_shadow_horizontal_length=&#8221;ul_text_shadow_style,%91object Object%93&#8243; ul_text_shadow_horizontal_length_tablet=&#8221;0px&#8221; ul_text_shadow_vertical_length=&#8221;ul_text_shadow_style,%91object Object%93&#8243; ul_text_shadow_vertical_length_tablet=&#8221;0px&#8221; ul_text_shadow_blur_strength=&#8221;ul_text_shadow_style,%91object Object%93&#8243; ul_text_shadow_blur_strength_tablet=&#8221;1px&#8221; ol_text_shadow_horizontal_length=&#8221;ol_text_shadow_style,%91object Object%93&#8243; ol_text_shadow_horizontal_length_tablet=&#8221;0px&#8221; ol_text_shadow_vertical_length=&#8221;ol_text_shadow_style,%91object Object%93&#8243; ol_text_shadow_vertical_length_tablet=&#8221;0px&#8221; ol_text_shadow_blur_strength=&#8221;ol_text_shadow_style,%91object Object%93&#8243; ol_text_shadow_blur_strength_tablet=&#8221;1px&#8221; quote_text_shadow_horizontal_length=&#8221;quote_text_shadow_style,%91object Object%93&#8243; quote_text_shadow_horizontal_length_tablet=&#8221;0px&#8221; quote_text_shadow_vertical_length=&#8221;quote_text_shadow_style,%91object Object%93&#8243; quote_text_shadow_vertical_length_tablet=&#8221;0px&#8221; quote_text_shadow_blur_strength=&#8221;quote_text_shadow_style,%91object Object%93&#8243; quote_text_shadow_blur_strength_tablet=&#8221;1px&#8221; header_text_shadow_horizontal_length=&#8221;header_text_shadow_style,%91object Object%93&#8243; header_text_shadow_horizontal_length_tablet=&#8221;0px&#8221; header_text_shadow_vertical_length=&#8221;header_text_shadow_style,%91object Object%93&#8243; header_text_shadow_vertical_length_tablet=&#8221;0px&#8221; header_text_shadow_blur_strength=&#8221;header_text_shadow_style,%91object Object%93&#8243; header_text_shadow_blur_strength_tablet=&#8221;1px&#8221; header_2_text_shadow_horizontal_length=&#8221;header_2_text_shadow_style,%91object Object%93&#8243; header_2_text_shadow_horizontal_length_tablet=&#8221;0px&#8221; header_2_text_shadow_vertical_length=&#8221;header_2_text_shadow_style,%91object Object%93&#8243; header_2_text_shadow_vertical_length_tablet=&#8221;0px&#8221; header_2_text_shadow_blur_strength=&#8221;header_2_text_shadow_style,%91object Object%93&#8243; header_2_text_shadow_blur_strength_tablet=&#8221;1px&#8221; header_3_text_shadow_horizontal_length=&#8221;header_3_text_shadow_style,%91object Object%93&#8243; header_3_text_shadow_horizontal_length_tablet=&#8221;0px&#8221; header_3_text_shadow_vertical_length=&#8221;header_3_text_shadow_style,%91object Object%93&#8243; header_3_text_shadow_vertical_length_tablet=&#8221;0px&#8221; header_3_text_shadow_blur_strength=&#8221;header_3_text_shadow_style,%91object Object%93&#8243; header_3_text_shadow_blur_strength_tablet=&#8221;1px&#8221; header_4_text_shadow_horizontal_length=&#8221;header_4_text_shadow_style,%91object Object%93&#8243; header_4_text_shadow_horizontal_length_tablet=&#8221;0px&#8221; header_4_text_shadow_vertical_length=&#8221;header_4_text_shadow_style,%91object Object%93&#8243; header_4_text_shadow_vertical_length_tablet=&#8221;0px&#8221; header_4_text_shadow_blur_strength=&#8221;header_4_text_shadow_style,%91object Object%93&#8243; header_4_text_shadow_blur_strength_tablet=&#8221;1px&#8221; header_5_text_shadow_horizontal_length=&#8221;header_5_text_shadow_style,%91object Object%93&#8243; header_5_text_shadow_horizontal_length_tablet=&#8221;0px&#8221; header_5_text_shadow_vertical_length=&#8221;header_5_text_shadow_style,%91object Object%93&#8243; header_5_text_shadow_vertical_length_tablet=&#8221;0px&#8221; header_5_text_shadow_blur_strength=&#8221;header_5_text_shadow_style,%91object Object%93&#8243; header_5_text_shadow_blur_strength_tablet=&#8221;1px&#8221; header_6_text_shadow_horizontal_length=&#8221;header_6_text_shadow_style,%91object Object%93&#8243; header_6_text_shadow_horizontal_length_tablet=&#8221;0px&#8221; header_6_text_shadow_vertical_length=&#8221;header_6_text_shadow_style,%91object Object%93&#8243; header_6_text_shadow_vertical_length_tablet=&#8221;0px&#8221; header_6_text_shadow_blur_strength=&#8221;header_6_text_shadow_style,%91object Object%93&#8243; header_6_text_shadow_blur_strength_tablet=&#8221;1px&#8221; box_shadow_horizontal_tablet=&#8221;0px&#8221; box_shadow_vertical_tablet=&#8221;0px&#8221; box_shadow_blur_tablet=&#8221;40px&#8221; box_shadow_spread_tablet=&#8221;0px&#8221; z_index_tablet=&#8221;500&#8243;]<\/p>\n<p>Suomessa on kuusi rotarypiiri\u00e4, joihin kuuluu Suomen lis\u00e4ksi Viro. Jokaista piiri\u00e4 johtaa piirikuvern\u00f6\u00f6ri.<\/p>\n<p>Oman piirimme D1380 kuvern\u00f6\u00f6ri toimintavuotena 2019\u20132020 on<strong> Tommy Wegge<\/strong>.<\/p>\n<p>Kuvern\u00f6\u00f6rin tukena toimivat piirineuvosto, komiteat ja toimikunnat sek\u00e4 piirin eri alueiden apulaiskuvern\u00f6\u00f6rit. Klubit tekev\u00e4t ehdotukset kuvern\u00f6\u00f6reist\u00e4, ja piirin nime\u00e4miskomitea valitsee ehdokkaista sopivimmaksi katsomansa kuvern\u00f6\u00f6rin. Tuleva kuvern\u00f6\u00f6ri nimitet\u00e4\u00e4n Rotary Internationalin maailmankonferenssissa.<\/p>\n<p>Piiri j\u00e4rjest\u00e4\u00e4 klubeille useita tapahtumia vuoden aikana. Niist\u00e4 t\u00e4rkein on tulevien klubipresidenttien ja klubivirkailijoiden koulutusseminaari (PETS).<\/p>\n<p>Piirikokous j\u00e4rjestet\u00e4\u00e4n yleens\u00e4 syksyisin ja juhlava piirikonferenssi kev\u00e4isin.<\/p>\n<p>Piirikuvern\u00f6\u00f6ri vierailee kaikissa piirins\u00e4 klubeissa toimivuotensa aikana. Apulaiskuvern\u00f6\u00f6rit vierailevat oman alueensa klubeissa.<\/p>\n<p>[\/et_pb_text][\/et_pb_column_inner][\/et_pb_row_inner][\/et_pb_column][et_pb_column type=&#8221;1_3&#8243;][et_pb_sidebar area=&#8221;sidebar-1&#8243; module_class=&#8221;sivupalkki_sisalto&#8221; _builder_version=&#8221;3.4.1&#8243; locked=&#8221;on&#8221;]<\/p>\n<p>[\/et_pb_sidebar][\/et_pb_column][\/et_pb_section]<\/p>\n","protected":false},"excerpt":{"rendered":"<p>Olemme osa piiri\u00e4 1420 Rotarypiirit Suomessa on kuusi rotarypiiri\u00e4, joihin kuuluu Suomen lis\u00e4ksi Viro. Jokaista piiri\u00e4 johtaa piirikuvern\u00f6\u00f6ri.Oman piirimme D1380 kuvern\u00f6\u00f6ri toimintavuotena 2019\u20132020 on Tommy Wegge.Kuvern\u00f6\u00f6rin tukena toimivat piirineuvosto, komiteat ja toimikunnat sek\u00e4 piirin eri alueiden apulaiskuvern\u00f6\u00f6rit. Klubit tekev\u00e4t ehdotukset kuvern\u00f6\u00f6reist\u00e4, ja piirin nime\u00e4miskomitea valitsee ehdokkaista sopivimmaksi katsomansa kuvern\u00f6\u00f6rin. Tuleva kuvern\u00f6\u00f6ri nimitet\u00e4\u00e4n Rotary Internationalin maailmankonferenssissa.Piiri [&hellip;]<\/p>\n","protected":false},"author":1,"featured_media":0,"parent":129,"menu_order":3,"comment_status":"closed","ping_status":"closed","template":"","meta":{"_acf_changed":false,"_et_pb_use_builder":"on","_et_pb_old_content":"","_et_gb_content_width":"","footnotes":""},"class_list":["post-273","page","type-page","status-publish","hentry"],"acf":[],"yoast_head":"<!-- This site is optimized with the Yoast SEO plugin v27.0 - https:\/\/yoast.com\/product\/yoast-seo-wordpress\/ -->\n<title>Olemme osa piiri\u00e4 1420 - Borg\u00e5 Rotaryklubb - Porvoon Rotaryklubi<\/title>\n<meta name=\"robots\" content=\"index, follow, max-snippet:-1, max-image-preview:large, max-video-preview:-1\" \/>\n<link rel=\"canonical\" href=\"https:\/\/rotary.fi\/porvoo\/keita-olemme\/olemme-osa-piiria-1420\/\" \/>\n<meta property=\"og:locale\" content=\"fi_FI\" \/>\n<meta property=\"og:type\" content=\"article\" \/>\n<meta property=\"og:title\" content=\"Olemme osa piiri\u00e4 1420 - Borg\u00e5 Rotaryklubb - Porvoon Rotaryklubi\" \/>\n<meta property=\"og:description\" content=\"Olemme osa piiri\u00e4 1420 Rotarypiirit Suomessa on kuusi rotarypiiri\u00e4, joihin kuuluu Suomen lis\u00e4ksi Viro. Jokaista piiri\u00e4 johtaa piirikuvern\u00f6\u00f6ri.Oman piirimme D1380 kuvern\u00f6\u00f6ri toimintavuotena 2019\u20132020 on Tommy Wegge.Kuvern\u00f6\u00f6rin tukena toimivat piirineuvosto, komiteat ja toimikunnat sek\u00e4 piirin eri alueiden apulaiskuvern\u00f6\u00f6rit. Klubit tekev\u00e4t ehdotukset kuvern\u00f6\u00f6reist\u00e4, ja piirin nime\u00e4miskomitea valitsee ehdokkaista sopivimmaksi katsomansa kuvern\u00f6\u00f6rin. Tuleva kuvern\u00f6\u00f6ri nimitet\u00e4\u00e4n Rotary Internationalin maailmankonferenssissa.Piiri [&hellip;]\" \/>\n<meta property=\"og:url\" content=\"https:\/\/rotary.fi\/porvoo\/keita-olemme\/olemme-osa-piiria-1420\/\" \/>\n<meta property=\"og:site_name\" content=\"Borg\u00e5 Rotaryklubb - Porvoon Rotaryklubi\" \/>\n<meta property=\"article:modified_time\" content=\"2019-09-12T10:50:17+00:00\" \/>\n<meta name=\"twitter:card\" content=\"summary_large_image\" \/>\n<meta name=\"twitter:label1\" content=\"Arvioitu lukuaika\" \/>\n\t<meta name=\"twitter:data1\" content=\"5 minuuttia\" \/>\n<script type=\"application\/ld+json\" class=\"yoast-schema-graph\">{\"@context\":\"https:\/\/schema.org\",\"@graph\":[{\"@type\":\"WebPage\",\"@id\":\"https:\/\/rotary.fi\/porvoo\/keita-olemme\/olemme-osa-piiria-1420\/\",\"url\":\"https:\/\/rotary.fi\/porvoo\/keita-olemme\/olemme-osa-piiria-1420\/\",\"name\":\"Olemme osa piiri\u00e4 1420 - Borg\u00e5 Rotaryklubb - Porvoon Rotaryklubi\",\"isPartOf\":{\"@id\":\"https:\/\/rotary.fi\/porvoo\/#website\"},\"datePublished\":\"2018-10-24T08:32:22+00:00\",\"dateModified\":\"2019-09-12T10:50:17+00:00\",\"breadcrumb\":{\"@id\":\"https:\/\/rotary.fi\/porvoo\/keita-olemme\/olemme-osa-piiria-1420\/#breadcrumb\"},\"inLanguage\":\"fi\",\"potentialAction\":[{\"@type\":\"ReadAction\",\"target\":[\"https:\/\/rotary.fi\/porvoo\/keita-olemme\/olemme-osa-piiria-1420\/\"]}]},{\"@type\":\"BreadcrumbList\",\"@id\":\"https:\/\/rotary.fi\/porvoo\/keita-olemme\/olemme-osa-piiria-1420\/#breadcrumb\",\"itemListElement\":[{\"@type\":\"ListItem\",\"position\":1,\"name\":\"Home\",\"item\":\"https:\/\/rotary.fi\/porvoo\/\"},{\"@type\":\"ListItem\",\"position\":2,\"name\":\"Keit\u00e4 olemme\",\"item\":\"https:\/\/rotary.fi\/porvoo\/keita-olemme\/\"},{\"@type\":\"ListItem\",\"position\":3,\"name\":\"Olemme osa piiri\u00e4 1420\"}]},{\"@type\":\"WebSite\",\"@id\":\"https:\/\/rotary.fi\/porvoo\/#website\",\"url\":\"https:\/\/rotary.fi\/porvoo\/\",\"name\":\"Borg\u00e5 Rotaryklubb - Porvoon Rotaryklubi\",\"description\":\"Uusi Rotary klubisivusto\",\"potentialAction\":[{\"@type\":\"SearchAction\",\"target\":{\"@type\":\"EntryPoint\",\"urlTemplate\":\"https:\/\/rotary.fi\/porvoo\/?s={search_term_string}\"},\"query-input\":{\"@type\":\"PropertyValueSpecification\",\"valueRequired\":true,\"valueName\":\"search_term_string\"}}],\"inLanguage\":\"fi\"}]}<\/script>\n<!-- \/ Yoast SEO plugin. -->","yoast_head_json":{"title":"Olemme osa piiri\u00e4 1420 - Borg\u00e5 Rotaryklubb - Porvoon Rotaryklubi","robots":{"index":"index","follow":"follow","max-snippet":"max-snippet:-1","max-image-preview":"max-image-preview:large","max-video-preview":"max-video-preview:-1"},"canonical":"https:\/\/rotary.fi\/porvoo\/keita-olemme\/olemme-osa-piiria-1420\/","og_locale":"fi_FI","og_type":"article","og_title":"Olemme osa piiri\u00e4 1420 - Borg\u00e5 Rotaryklubb - Porvoon Rotaryklubi","og_description":"Olemme osa piiri\u00e4 1420 Rotarypiirit Suomessa on kuusi rotarypiiri\u00e4, joihin kuuluu Suomen lis\u00e4ksi Viro. Jokaista piiri\u00e4 johtaa piirikuvern\u00f6\u00f6ri.Oman piirimme D1380 kuvern\u00f6\u00f6ri toimintavuotena 2019\u20132020 on Tommy Wegge.Kuvern\u00f6\u00f6rin tukena toimivat piirineuvosto, komiteat ja toimikunnat sek\u00e4 piirin eri alueiden apulaiskuvern\u00f6\u00f6rit. Klubit tekev\u00e4t ehdotukset kuvern\u00f6\u00f6reist\u00e4, ja piirin nime\u00e4miskomitea valitsee ehdokkaista sopivimmaksi katsomansa kuvern\u00f6\u00f6rin. Tuleva kuvern\u00f6\u00f6ri nimitet\u00e4\u00e4n Rotary Internationalin maailmankonferenssissa.Piiri [&hellip;]","og_url":"https:\/\/rotary.fi\/porvoo\/keita-olemme\/olemme-osa-piiria-1420\/","og_site_name":"Borg\u00e5 Rotaryklubb - Porvoon Rotaryklubi","article_modified_time":"2019-09-12T10:50:17+00:00","twitter_card":"summary_large_image","twitter_misc":{"Arvioitu lukuaika":"5 minuuttia"},"schema":{"@context":"https:\/\/schema.org","@graph":[{"@type":"WebPage","@id":"https:\/\/rotary.fi\/porvoo\/keita-olemme\/olemme-osa-piiria-1420\/","url":"https:\/\/rotary.fi\/porvoo\/keita-olemme\/olemme-osa-piiria-1420\/","name":"Olemme osa piiri\u00e4 1420 - Borg\u00e5 Rotaryklubb - Porvoon Rotaryklubi","isPartOf":{"@id":"https:\/\/rotary.fi\/porvoo\/#website"},"datePublished":"2018-10-24T08:32:22+00:00","dateModified":"2019-09-12T10:50:17+00:00","breadcrumb":{"@id":"https:\/\/rotary.fi\/porvoo\/keita-olemme\/olemme-osa-piiria-1420\/#breadcrumb"},"inLanguage":"fi","potentialAction":[{"@type":"ReadAction","target":["https:\/\/rotary.fi\/porvoo\/keita-olemme\/olemme-osa-piiria-1420\/"]}]},{"@type":"BreadcrumbList","@id":"https:\/\/rotary.fi\/porvoo\/keita-olemme\/olemme-osa-piiria-1420\/#breadcrumb","itemListElement":[{"@type":"ListItem","position":1,"name":"Home","item":"https:\/\/rotary.fi\/porvoo\/"},{"@type":"ListItem","position":2,"name":"Keit\u00e4 olemme","item":"https:\/\/rotary.fi\/porvoo\/keita-olemme\/"},{"@type":"ListItem","position":3,"name":"Olemme osa piiri\u00e4 1420"}]},{"@type":"WebSite","@id":"https:\/\/rotary.fi\/porvoo\/#website","url":"https:\/\/rotary.fi\/porvoo\/","name":"Borg\u00e5 Rotaryklubb - Porvoon Rotaryklubi","description":"Uusi Rotary klubisivusto","potentialAction":[{"@type":"SearchAction","target":{"@type":"EntryPoint","urlTemplate":"https:\/\/rotary.fi\/porvoo\/?s={search_term_string}"},"query-input":{"@type":"PropertyValueSpecification","valueRequired":true,"valueName":"search_term_string"}}],"inLanguage":"fi"}]}},"lang":"fi","translations":{"fi":273,"sv":1578},"pll_sync_post":[],"_links":{"self":[{"href":"https:\/\/rotary.fi\/porvoo\/wp-json\/wp\/v2\/pages\/273","targetHints":{"allow":["GET"]}}],"collection":[{"href":"https:\/\/rotary.fi\/porvoo\/wp-json\/wp\/v2\/pages"}],"about":[{"href":"https:\/\/rotary.fi\/porvoo\/wp-json\/wp\/v2\/types\/page"}],"author":[{"embeddable":true,"href":"https:\/\/rotary.fi\/porvoo\/wp-json\/wp\/v2\/users\/1"}],"replies":[{"embeddable":true,"href":"https:\/\/rotary.fi\/porvoo\/wp-json\/wp\/v2\/comments?post=273"}],"version-history":[{"count":6,"href":"https:\/\/rotary.fi\/porvoo\/wp-json\/wp\/v2\/pages\/273\/revisions"}],"predecessor-version":[{"id":1839,"href":"https:\/\/rotary.fi\/porvoo\/wp-json\/wp\/v2\/pages\/273\/revisions\/1839"}],"up":[{"embeddable":true,"href":"https:\/\/rotary.fi\/porvoo\/wp-json\/wp\/v2\/pages\/129"}],"wp:attachment":[{"href":"https:\/\/rotary.fi\/porvoo\/wp-json\/wp\/v2\/media?parent=273"}],"curies":[{"name":"wp","href":"https:\/\/api.w.org\/{rel}","templated":true}]}}