{"id":2461,"date":"2019-09-13T11:33:41","date_gmt":"2019-09-13T08:33:41","guid":{"rendered":"https:\/\/rotary.fi\/porvoo\/?page_id=2461"},"modified":"2020-02-26T12:17:55","modified_gmt":"2020-02-26T10:17:55","slug":"foreningens-stadgar","status":"publish","type":"page","link":"https:\/\/rotary.fi\/porvoo\/sv\/vem-ar-vi\/foreningens-stadgar\/","title":{"rendered":"F\u00f6reningens stadgar"},"content":{"rendered":"<p>[et_pb_section fb_built=&#8221;1&#8243; module_class=&#8221;jumbotron-page&#8221; _builder_version=&#8221;4.1&#8243; background_image=&#8221;https:\/\/rotary.fi\/porvoo\/wp-content\/uploads\/sites\/137\/2020\/01\/rotary_porvoo_karusell_03.jpg&#8221; hover_enabled=&#8221;0&#8243;][et_pb_row _builder_version=&#8221;3.25&#8243; background_size=&#8221;initial&#8221; background_position=&#8221;top_left&#8221; background_repeat=&#8221;repeat&#8221;][et_pb_column type=&#8221;4_4&#8243; _builder_version=&#8221;3.0.47&#8243; custom_padding=&#8221;|||&#8221; custom_padding__hover=&#8221;|||&#8221;][et_pb_text admin_label=&#8221;V\u00e5ra stadgar Rubrik&#8221; _builder_version=&#8221;3.27.4&#8243; text_orientation=&#8221;center&#8221; background_layout=&#8221;dark&#8221;]<\/p>\n<h1>F\u00f6reningens stadgar<\/h1>\n<p>[\/et_pb_text][\/et_pb_column][\/et_pb_row][\/et_pb_section][et_pb_section fb_built=&#8221;1&#8243; specialty=&#8221;on&#8221; module_class_2=&#8221;sivupalkki&#8221; _builder_version=&#8221;3.22&#8243;][et_pb_column type=&#8221;2_3&#8243; specialty_columns=&#8221;2&#8243; _builder_version=&#8221;3.25&#8243; custom_padding=&#8221;|||&#8221; custom_padding__hover=&#8221;|||&#8221;][et_pb_row_inner admin_label=&#8221;Rivi&#8221; _builder_version=&#8221;3.25&#8243;][et_pb_column_inner saved_specialty_column_type=&#8221;2_3&#8243; _builder_version=&#8221;3.0.47&#8243; custom_padding=&#8221;|||&#8221; custom_padding__hover=&#8221;|||&#8221;][et_pb_text admin_label=&#8221;Stadagar Rubrik&#8221; _builder_version=&#8221;3.27.4&#8243; text_orientation=&#8221;center&#8221;]<\/p>\n<h1>Stadgar<\/h1>\n<p>[\/et_pb_text][et_pb_text _builder_version=&#8221;3.27.4&#8243; z_index_tablet=&#8221;500&#8243; text_text_shadow_horizontal_length_tablet=&#8221;0px&#8221; text_text_shadow_vertical_length_tablet=&#8221;0px&#8221; text_text_shadow_blur_strength_tablet=&#8221;1px&#8221; link_text_shadow_horizontal_length_tablet=&#8221;0px&#8221; link_text_shadow_vertical_length_tablet=&#8221;0px&#8221; link_text_shadow_blur_strength_tablet=&#8221;1px&#8221; ul_text_shadow_horizontal_length_tablet=&#8221;0px&#8221; ul_text_shadow_vertical_length_tablet=&#8221;0px&#8221; ul_text_shadow_blur_strength_tablet=&#8221;1px&#8221; ol_text_shadow_horizontal_length_tablet=&#8221;0px&#8221; ol_text_shadow_vertical_length_tablet=&#8221;0px&#8221; ol_text_shadow_blur_strength_tablet=&#8221;1px&#8221; quote_text_shadow_horizontal_length_tablet=&#8221;0px&#8221; quote_text_shadow_vertical_length_tablet=&#8221;0px&#8221; quote_text_shadow_blur_strength_tablet=&#8221;1px&#8221; header_text_shadow_horizontal_length_tablet=&#8221;0px&#8221; header_text_shadow_vertical_length_tablet=&#8221;0px&#8221; header_text_shadow_blur_strength_tablet=&#8221;1px&#8221; header_2_text_shadow_horizontal_length_tablet=&#8221;0px&#8221; header_2_text_shadow_vertical_length_tablet=&#8221;0px&#8221; header_2_text_shadow_blur_strength_tablet=&#8221;1px&#8221; header_3_text_shadow_horizontal_length_tablet=&#8221;0px&#8221; header_3_text_shadow_vertical_length_tablet=&#8221;0px&#8221; header_3_text_shadow_blur_strength_tablet=&#8221;1px&#8221; header_4_text_shadow_horizontal_length_tablet=&#8221;0px&#8221; header_4_text_shadow_vertical_length_tablet=&#8221;0px&#8221; header_4_text_shadow_blur_strength_tablet=&#8221;1px&#8221; header_5_text_shadow_horizontal_length_tablet=&#8221;0px&#8221; header_5_text_shadow_vertical_length_tablet=&#8221;0px&#8221; header_5_text_shadow_blur_strength_tablet=&#8221;1px&#8221; header_6_text_shadow_horizontal_length_tablet=&#8221;0px&#8221; header_6_text_shadow_vertical_length_tablet=&#8221;0px&#8221; header_6_text_shadow_blur_strength_tablet=&#8221;1px&#8221; box_shadow_horizontal_tablet=&#8221;0px&#8221; box_shadow_vertical_tablet=&#8221;0px&#8221; box_shadow_blur_tablet=&#8221;40px&#8221; box_shadow_spread_tablet=&#8221;0px&#8221;]<\/p>\n<p><strong>1. F\u00f6reningens namn, hemort och spr\u00e5k<\/strong><br \/>F\u00f6reningens namn \u00e4r Borg\u00e5 Rotaryklubb-Porvoon Rotaryklubi rf och dess hemort \u00e4r Borg\u00e5 stad. I dessa stadgar kallas f\u00f6reningen klubb.<br \/>Klubben \u00e4r tv\u00e5spr\u00e5kig, men vid dess m\u00f6ten kan \u00e4ven andra spr\u00e5k anv\u00e4ndas.<\/p>\n<p><strong>2. Klubbens syfte och verksamhetsformer<\/strong><br \/>Klubbens syfte \u00e4r, att verka f\u00f6r idealet att tj\u00e4na medm\u00e4nniskan och inspirera sina medlemmar, samt uppmuntra dem att leva upp till dessa ideal i sitt privatliv, yrkesliv, samh\u00e4lleliga verksamhet och internationella kontakter, samt arbeta f\u00f6r humanit\u00e4r och kulturell verksamhet<br \/>F\u00f6r att n\u00e5 sina syften anordnar klubben m\u00f6ten, f\u00f6redrags- och diskussionstillf\u00e4llen, seminarier, fest- och motsvarande tillf\u00e4llen samt uppr\u00e4tth\u00e5ller kontakten med Suomen Rotary \u2013 Finlands Rotary ry. ben\u00e4mnd f\u00f6rening, rotarydistriktet, \u00f6vriga rotaryklubbar \u00f6verallt i v\u00e4rlden, samt sin centralorganisation ben\u00e4mnd Rotary International och dess regionala organisationer.<br \/>Klubben medverkar i humanit\u00e4ra bist\u00e5ndsprojekt b\u00e5de i sitt hemland och utomlands i samarbete med rotaryr\u00f6relsen, -distriktet och\/eller en annan rotaryklubb, eller ensam.<br \/>Klubben kan delta i det internationella ungdomsutbytet genom att skicka eller ta emot utbyteselever, anordna sommarl\u00e4ger f\u00f6r unga samt dela ut utbildningsstipendier och resebidrag.<br \/>Rotaryklubben verkar med allm\u00e4nnyttigt syfte. Klubben kan ta emot g\u00e5vor och testamenten samt med vederb\u00f6rligt tillst\u00e5nd arrangera penninginsamlingar, lotterier, fester samt ut\u00f6va publikationsverksamhet och motsvarande verksamhet, som omedelbart gynnar s\u00e5dana syften, som i dessa stadgar har best\u00e4mts.<br \/>Klubben kan \u00e4ga och inneha s\u00e5dan fast och l\u00f6s egendom som \u00e4r beh\u00f6vlig f\u00f6r uppn\u00e5endet av dess syfte.<br \/>Klubbens syfte \u00e4r inte att vinna ekonomisk f\u00f6rdel eller f\u00e5 inkomster f\u00f6r sina medlemmar och den str\u00e4var inte till att p\u00e5verka statliga angel\u00e4genheter.<\/p>\n<p><strong>3. Medlemskap i Rotary International<\/strong><br \/>Klubben \u00e4r medlem i Rotary International (RI) och betalar dess stipulerade medlemsavgifter.<br \/>Klubben f\u00f6ljer i Finland g\u00e4llande lag samt Rotary Internationals internationella stadgar, anvisningar och best\u00e4mmelser i den utstr\u00e4ckning de inte strider mot Finlands lag.<\/p>\n<p><strong>4. Medlemskap i Rotary Internationalin Rotarypiiri 1420 \u2013 Rotary Internationals Rotarydistrikt 1420 ry<\/strong><br \/>Klubben \u00e4r medlem i Rotary Internationalin Rotarypiiri1420 \u2013 Rotary Internationals Rotarydistrikt 1420 ry och betalar till det stipulerade medlemsavgifter.<\/p>\n<p><strong>5. Klubbens r\u00e4kenskaps- och verksamhetsperiod<\/strong><br \/>Klubbens r\u00e4kenskaps- och verksamhetsperiod \u00e4r ett rotary\u00e5r, som b\u00f6rjar den 1 juli och slutar den 30 juni. Klubben har tv\u00e5 valda verksamhetsgranskare och en suppleant.<br \/>Bokslut och av styrelsen uppgjord verksamhetsber\u00e4ttelse ges till verksamhetsgranskarna senast en m\u00e5nad f\u00f6re f\u00f6reningens stadgeenliga h\u00f6stm\u00f6te. Verksamhetsgranskarna b\u00f6r ge sitt skriftliga utl\u00e5tande till styrelsen senast tv\u00e5 veckor f\u00f6re f\u00f6reningens stadgeenliga h\u00f6stm\u00f6te.<\/p>\n<p><strong>6. Medlemskap i klubben<\/strong><br \/>Klubben kallar p\u00e5 f\u00f6rslag av medlemmarna till aktiva medlemmar personer som representerar olika yrkesomr\u00e5den, \u00e4r myndiga och har gott anseende. Aktiva medlemmar skall betala klubbens anslutnings- och medlemsavgifter, vilka fastst\u00e4llts av det stadgeenliga v\u00e5rm\u00f6tet.<br \/>Klubben kan kalla hedersmedlemmar, vilka varken har r\u00f6str\u00e4tt p\u00e5 klubbens m\u00f6ten eller skyldighet att betala medlemsavgifter. Till hedersmedlem kan kallas n\u00e5gon av klubbens medlemmar eller n\u00e5gon utomst\u00e5ende person. Om en aktiv medlem i klubben kallas till den egna klubbens hedersmedlem, s\u00e5 avs\u00e4ger sig denna vid godk\u00e4nnande av kallelsen sitt aktiva medlemskap samt sin r\u00f6str\u00e4tt vid klubbens m\u00f6te.<br \/>Valprocessen f\u00f6r medlemskap definieras i Rotary Internationals stadgar. Klubbens styrelse godk\u00e4nner medlemmarna.<br \/>Medlemmen b\u00f6r delta i klubbens regelbundna veckom\u00f6ten.<br \/>En aktiv medlem kan uteslutas genom beslut av styrelsen, d\u00e5 tillr\u00e4ckliga sk\u00e4l d\u00e4rtill f\u00f6religger. Som till r\u00e4ckliga sk\u00e4l r\u00e4knas bland annat upprepade f\u00f6rsummelser att betala medlemsavgifter, fortsatta fr\u00e5nvaron fr\u00e5n klubbens veckom\u00f6ten eller om medlemmen inte l\u00e4ngre fyller kraven p\u00e5 gott anseende. Medlemmen b\u00f6r ges m\u00f6jlighet att ge f\u00f6rklaring i saken. Medlemmen har r\u00e4tt att inom en m\u00e5nad efter det att information om styrelsens beslut erh\u00e5llits l\u00e5ta klubbens m\u00f6te avg\u00f6ra fr\u00e5gan om uteslutning, utom d\u00e5 orsaken till uteslutningen \u00e4r underl\u00e5telse att betala medlemsavgift.<\/p>\n<p><strong>7. Klubbens styrelse<\/strong><br \/>Klubbens angel\u00e4genheter sk\u00f6ts av en styrelse, som valts av ett stadgeenligt h\u00f6stm\u00f6te f\u00f6r en verksamhetsperiod i s\u00e4nder, som b\u00f6rjar den 1 juli p\u00e5f\u00f6ljande \u00e5r. Till styrelsens grundupps\u00e4ttning h\u00f6r:<br \/>\u2013 ordf\u00f6rande, som kallas president<br \/>\u2013 viceordf\u00f6rande, som kallas vicepresident<br \/>\u2013 tilltr\u00e4dande president<br \/>\u2013 f\u00f6rutvarande president<br \/>\u2013 sekreterare<br \/>\u2013 skattm\u00e4stare<br \/>Till styrelsen kan ytterligare v\u00e4ljas h\u00f6gst fyra (4) medlemmar.<br \/>Till styrelsem\u00f6ten kan dessutom kallas experter p\u00e5 \u00e4renden, som skall behandlas. Styrelsen \u00e4r beslutf\u00f6rd, d\u00e5 majoriteten av dess medlemmar \u00e4r p\u00e5 plats.<br \/>Klubbens namn tecknas av dess ordf\u00f6rande (president) ensam eller av tv\u00e5 styrelsemedlemmar tillsammans.<\/p>\n<p><strong>8. Klubbens stadgeenliga m\u00f6ten<\/strong><br \/>Klubbens stadgeenliga m\u00f6ten \u00e4r h\u00f6stm\u00f6tet (\u00e5rsm\u00f6te), som skall h\u00e5llas f\u00f6re slutet av oktober och v\u00e5rm\u00f6tet (klubbsamr\u00e5d), som skall h\u00e5llas f\u00f6re slutet av maj.<br \/>Klubbens styrelse kan i enlighet med f\u00f6reningslagen sammankalla extra m\u00f6ten.<br \/>Varje aktiv medlem har en r\u00f6st under m\u00f6tena. Om r\u00f6sterna faller j\u00e4mt s\u00e5 avg\u00f6r ordf\u00f6randens r\u00f6st, i personval avg\u00f6r lotten.<br \/>I personval anv\u00e4nds f\u00f6r tillf\u00e4llet \u00f6verenskommet r\u00f6sts\u00e4tt, \u00f6ppen omr\u00f6stning eller sluten omr\u00f6stning.<br \/>Vid h\u00f6stm\u00f6tet behandlas och beslutes f\u00f6ljande \u00e4renden:<br \/>\u2013 Verksamhetsber\u00e4ttelsen f\u00f6r f\u00f6reg\u00e5ende verksamhetsperiod<br \/>\u2013 Bokslut f\u00f6r den f\u00f6reg\u00e5ende verksamhetsperioden<br \/>\u2013 Verksamhetsgranskningsber\u00e4ttelsen f\u00f6r den f\u00f6reg\u00e5ende verksamhetsperioden<br \/>\u2013 Fastst\u00e4llande av bokslut och beviljandet av ansvarsfrihet<br \/>\u2013 Fastst\u00e4lls, att i den sittande styrelsen varande tilltr\u00e4dande presidenten blir president f\u00f6r n\u00e4sta verksamhetsperiod och ordf\u00f6rande f\u00f6r klubbens styrelse. Den sittande presidenten verkar som f\u00f6rutvarande president i den kommande periodens styrelse.<br \/>\u2013 V\u00e4ljs viceordf\u00f6rande, sekreterare, skattm\u00e4stare och \u00f6vriga i punkt 7 n\u00e4mnda styrelsemedlemmar f\u00f6r n\u00e4sta verksamhetsperiod<br \/>\u2013 Val av tv\u00e5 verksamhetsgranskare och en suppleant f\u00f6r n\u00e4sta verksamhetsperiod<br \/>\u2013 \u00d6vriga i m\u00f6teskallelsen n\u00e4mnda \u00e4renden<br \/>Vid v\u00e5rm\u00f6tet behandlas och beslutes f\u00f6ljande \u00e4renden:<br \/>\u2013 Verksamhetsplanen f\u00f6r n\u00e4sta verksamhetsperiod<br \/>\u2013 Anslutnings- och medlemsavgifternas storlek f\u00f6r n\u00e4sta verksamhetsperiod<br \/>\u2013 Budgeten godk\u00e4nns<br \/>\u2013 F\u00f6r n\u00e4sta verksamhetsperiod beh\u00f6vliga kommitt\u00e9er utses j\u00e4mte ordf\u00f6randen. Varje ordf\u00f6rande utn\u00e4mner skilt sina kommitt\u00e9ers medlemmar, som styrelsen fastst\u00e4ller f\u00f6re b\u00f6rjan av n\u00e4sta verksamhetsperiod<br \/>\u2013 \u00d6vriga i m\u00f6teskallelsen n\u00e4mnda \u00e4renden<\/p>\n<p><strong>9. Sammankallning av klubbens m\u00f6ten<\/strong><br \/>Klubben sammankommer i enlighet med \u00e5rsprogrammet varje vecka till s.k. veckom\u00f6ten. Om tidpunkten f\u00f6r de stadgeenliga m\u00f6tena skiljer sig fr\u00e5n de i \u00e5rsprogrammet angivna tidpunkterna, skall alla medlemmar informeras om detta minst tio dagar f\u00f6re m\u00f6tet. Om \u00e4ndringar i tidpunkterna informeras medlemmarna via klubbens webbsidor, e-post eller textmeddelanden. Extra m\u00f6ten sammankallas p\u00e5 samma tid och samma s\u00e4tt<\/p>\n<p><strong>10. Klubbens verksamhetsdirektiv<\/strong><br \/>Klubben fastst\u00e4ller \u00e5t sig separata verksamhetsdirektiv, d\u00e4r i detalj redog\u00f6rs f\u00f6r klubbens interna verksamhetsformer och i klubbens verksamhet anv\u00e4nda procedurer i enlighet med den internationella rotaryr\u00f6relsens v\u00e4rldsomfattande principer.<\/p>\n<p><strong>11. \u00c4ndring av stadgar<\/strong><br \/>Dessa stadgar kan \u00e4ndras p\u00e5 ett stadgeenligt m\u00f6te i klubben, om tv\u00e5 tredjedelar (\u2154) av de n\u00e4rvarande medlemmarna omfattar \u00e4ndringen.<br \/>Man kan inte g\u00f6ra \u00e4ndringar, som strider mot Rotary Internationals stadgar eller Finlands f\u00f6reningslag.<\/p>\n<p><strong>12. Klubben uppl\u00f6ses eller avslutas<\/strong><br \/>Ifall klubben uppl\u00f6ses, skall dess medel anv\u00e4ndas p\u00e5 s\u00e4tt, som besluts vid uppl\u00f6sningsm\u00f6tet, med beaktande av Rotarys ideal i Finland. Ifall klubben blir avslutad anv\u00e4nds klubbens medel till samma \u00e4ndam\u00e5l.<\/p>\n<p>[\/et_pb_text][\/et_pb_column_inner][\/et_pb_row_inner][\/et_pb_column][et_pb_column type=&#8221;1_3&#8243; _builder_version=&#8221;3.25&#8243; custom_padding=&#8221;|||&#8221; custom_padding__hover=&#8221;|||&#8221;][et_pb_sidebar area=&#8221;sidebar-1&#8243; module_class=&#8221;sivupalkki_sisalto&#8221; _builder_version=&#8221;3.4.1&#8243; locked=&#8221;on&#8221;]<\/p>\n<p>[\/et_pb_sidebar][\/et_pb_column][\/et_pb_section]<\/p>\n","protected":false},"excerpt":{"rendered":"<p>F\u00f6reningens stadgarStadgar1. F\u00f6reningens namn, hemort och spr\u00e5kF\u00f6reningens namn \u00e4r Borg\u00e5 Rotaryklubb-Porvoon Rotaryklubi rf och dess hemort \u00e4r Borg\u00e5 stad. I dessa stadgar kallas f\u00f6reningen klubb.Klubben \u00e4r tv\u00e5spr\u00e5kig, men vid dess m\u00f6ten kan \u00e4ven andra spr\u00e5k anv\u00e4ndas. 2. Klubbens syfte och verksamhetsformerKlubbens syfte \u00e4r, att verka f\u00f6r idealet att tj\u00e4na medm\u00e4nniskan och inspirera sina medlemmar, samt [&hellip;]<\/p>\n","protected":false},"author":184,"featured_media":0,"parent":1565,"menu_order":3,"comment_status":"closed","ping_status":"closed","template":"","meta":{"_acf_changed":false,"_et_pb_use_builder":"on","_et_pb_old_content":"","_et_gb_content_width":"","footnotes":""},"class_list":["post-2461","page","type-page","status-publish","hentry"],"acf":[],"yoast_head":"<!-- This site is optimized with the Yoast SEO plugin v27.4 - https:\/\/yoast.com\/product\/yoast-seo-wordpress\/ -->\n<title>F\u00f6reningens stadgar - Borg\u00e5 Rotaryklubb - Porvoon Rotaryklubi<\/title>\n<meta name=\"robots\" content=\"index, follow, max-snippet:-1, max-image-preview:large, max-video-preview:-1\" \/>\n<link rel=\"canonical\" href=\"https:\/\/rotary.fi\/porvoo\/sv\/vem-ar-vi\/foreningens-stadgar\/\" \/>\n<meta property=\"og:locale\" content=\"fi_FI\" \/>\n<meta property=\"og:type\" content=\"article\" \/>\n<meta property=\"og:title\" content=\"F\u00f6reningens stadgar - Borg\u00e5 Rotaryklubb - Porvoon Rotaryklubi\" \/>\n<meta property=\"og:description\" content=\"F\u00f6reningens stadgarStadgar1. F\u00f6reningens namn, hemort och spr\u00e5kF\u00f6reningens namn \u00e4r Borg\u00e5 Rotaryklubb-Porvoon Rotaryklubi rf och dess hemort \u00e4r Borg\u00e5 stad. I dessa stadgar kallas f\u00f6reningen klubb.Klubben \u00e4r tv\u00e5spr\u00e5kig, men vid dess m\u00f6ten kan \u00e4ven andra spr\u00e5k anv\u00e4ndas. 2. Klubbens syfte och verksamhetsformerKlubbens syfte \u00e4r, att verka f\u00f6r idealet att tj\u00e4na medm\u00e4nniskan och inspirera sina medlemmar, samt [&hellip;]\" \/>\n<meta property=\"og:url\" content=\"https:\/\/rotary.fi\/porvoo\/sv\/vem-ar-vi\/foreningens-stadgar\/\" \/>\n<meta property=\"og:site_name\" content=\"Borg\u00e5 Rotaryklubb - Porvoon Rotaryklubi\" \/>\n<meta property=\"article:modified_time\" content=\"2020-02-26T10:17:55+00:00\" \/>\n<meta name=\"twitter:card\" content=\"summary_large_image\" \/>\n<meta name=\"twitter:label1\" content=\"Arvioitu lukuaika\" \/>\n\t<meta name=\"twitter:data1\" content=\"9 minuuttia\" \/>\n<script type=\"application\/ld+json\" class=\"yoast-schema-graph\">{\"@context\":\"https:\\\/\\\/schema.org\",\"@graph\":[{\"@type\":\"WebPage\",\"@id\":\"https:\\\/\\\/rotary.fi\\\/porvoo\\\/sv\\\/vem-ar-vi\\\/foreningens-stadgar\\\/\",\"url\":\"https:\\\/\\\/rotary.fi\\\/porvoo\\\/sv\\\/vem-ar-vi\\\/foreningens-stadgar\\\/\",\"name\":\"F\u00f6reningens stadgar - Borg\u00e5 Rotaryklubb - Porvoon Rotaryklubi\",\"isPartOf\":{\"@id\":\"https:\\\/\\\/rotary.fi\\\/porvoo\\\/#website\"},\"datePublished\":\"2019-09-13T08:33:41+00:00\",\"dateModified\":\"2020-02-26T10:17:55+00:00\",\"breadcrumb\":{\"@id\":\"https:\\\/\\\/rotary.fi\\\/porvoo\\\/sv\\\/vem-ar-vi\\\/foreningens-stadgar\\\/#breadcrumb\"},\"inLanguage\":\"fi\",\"potentialAction\":[{\"@type\":\"ReadAction\",\"target\":[\"https:\\\/\\\/rotary.fi\\\/porvoo\\\/sv\\\/vem-ar-vi\\\/foreningens-stadgar\\\/\"]}]},{\"@type\":\"BreadcrumbList\",\"@id\":\"https:\\\/\\\/rotary.fi\\\/porvoo\\\/sv\\\/vem-ar-vi\\\/foreningens-stadgar\\\/#breadcrumb\",\"itemListElement\":[{\"@type\":\"ListItem\",\"position\":1,\"name\":\"Home\",\"item\":\"https:\\\/\\\/rotary.fi\\\/porvoo\\\/\"},{\"@type\":\"ListItem\",\"position\":2,\"name\":\"Vem \u00e4r vi\",\"item\":\"https:\\\/\\\/rotary.fi\\\/porvoo\\\/sv\\\/vem-ar-vi\\\/\"},{\"@type\":\"ListItem\",\"position\":3,\"name\":\"F\u00f6reningens stadgar\"}]},{\"@type\":\"WebSite\",\"@id\":\"https:\\\/\\\/rotary.fi\\\/porvoo\\\/#website\",\"url\":\"https:\\\/\\\/rotary.fi\\\/porvoo\\\/\",\"name\":\"Borg\u00e5 Rotaryklubb - Porvoon Rotaryklubi\",\"description\":\"Uusi Rotary klubisivusto\",\"potentialAction\":[{\"@type\":\"SearchAction\",\"target\":{\"@type\":\"EntryPoint\",\"urlTemplate\":\"https:\\\/\\\/rotary.fi\\\/porvoo\\\/?s={search_term_string}\"},\"query-input\":{\"@type\":\"PropertyValueSpecification\",\"valueRequired\":true,\"valueName\":\"search_term_string\"}}],\"inLanguage\":\"fi\"}]}<\/script>\n<!-- \/ Yoast SEO plugin. -->","yoast_head_json":{"title":"F\u00f6reningens stadgar - Borg\u00e5 Rotaryklubb - Porvoon Rotaryklubi","robots":{"index":"index","follow":"follow","max-snippet":"max-snippet:-1","max-image-preview":"max-image-preview:large","max-video-preview":"max-video-preview:-1"},"canonical":"https:\/\/rotary.fi\/porvoo\/sv\/vem-ar-vi\/foreningens-stadgar\/","og_locale":"fi_FI","og_type":"article","og_title":"F\u00f6reningens stadgar - Borg\u00e5 Rotaryklubb - Porvoon Rotaryklubi","og_description":"F\u00f6reningens stadgarStadgar1. F\u00f6reningens namn, hemort och spr\u00e5kF\u00f6reningens namn \u00e4r Borg\u00e5 Rotaryklubb-Porvoon Rotaryklubi rf och dess hemort \u00e4r Borg\u00e5 stad. I dessa stadgar kallas f\u00f6reningen klubb.Klubben \u00e4r tv\u00e5spr\u00e5kig, men vid dess m\u00f6ten kan \u00e4ven andra spr\u00e5k anv\u00e4ndas. 2. Klubbens syfte och verksamhetsformerKlubbens syfte \u00e4r, att verka f\u00f6r idealet att tj\u00e4na medm\u00e4nniskan och inspirera sina medlemmar, samt [&hellip;]","og_url":"https:\/\/rotary.fi\/porvoo\/sv\/vem-ar-vi\/foreningens-stadgar\/","og_site_name":"Borg\u00e5 Rotaryklubb - Porvoon Rotaryklubi","article_modified_time":"2020-02-26T10:17:55+00:00","twitter_card":"summary_large_image","twitter_misc":{"Arvioitu lukuaika":"9 minuuttia"},"schema":{"@context":"https:\/\/schema.org","@graph":[{"@type":"WebPage","@id":"https:\/\/rotary.fi\/porvoo\/sv\/vem-ar-vi\/foreningens-stadgar\/","url":"https:\/\/rotary.fi\/porvoo\/sv\/vem-ar-vi\/foreningens-stadgar\/","name":"F\u00f6reningens stadgar - Borg\u00e5 Rotaryklubb - Porvoon Rotaryklubi","isPartOf":{"@id":"https:\/\/rotary.fi\/porvoo\/#website"},"datePublished":"2019-09-13T08:33:41+00:00","dateModified":"2020-02-26T10:17:55+00:00","breadcrumb":{"@id":"https:\/\/rotary.fi\/porvoo\/sv\/vem-ar-vi\/foreningens-stadgar\/#breadcrumb"},"inLanguage":"fi","potentialAction":[{"@type":"ReadAction","target":["https:\/\/rotary.fi\/porvoo\/sv\/vem-ar-vi\/foreningens-stadgar\/"]}]},{"@type":"BreadcrumbList","@id":"https:\/\/rotary.fi\/porvoo\/sv\/vem-ar-vi\/foreningens-stadgar\/#breadcrumb","itemListElement":[{"@type":"ListItem","position":1,"name":"Home","item":"https:\/\/rotary.fi\/porvoo\/"},{"@type":"ListItem","position":2,"name":"Vem \u00e4r vi","item":"https:\/\/rotary.fi\/porvoo\/sv\/vem-ar-vi\/"},{"@type":"ListItem","position":3,"name":"F\u00f6reningens stadgar"}]},{"@type":"WebSite","@id":"https:\/\/rotary.fi\/porvoo\/#website","url":"https:\/\/rotary.fi\/porvoo\/","name":"Borg\u00e5 Rotaryklubb - Porvoon Rotaryklubi","description":"Uusi Rotary klubisivusto","potentialAction":[{"@type":"SearchAction","target":{"@type":"EntryPoint","urlTemplate":"https:\/\/rotary.fi\/porvoo\/?s={search_term_string}"},"query-input":{"@type":"PropertyValueSpecification","valueRequired":true,"valueName":"search_term_string"}}],"inLanguage":"fi"}]}},"lang":"sv","translations":{"sv":2461,"fi":2443},"pll_sync_post":[],"_links":{"self":[{"href":"https:\/\/rotary.fi\/porvoo\/wp-json\/wp\/v2\/pages\/2461","targetHints":{"allow":["GET"]}}],"collection":[{"href":"https:\/\/rotary.fi\/porvoo\/wp-json\/wp\/v2\/pages"}],"about":[{"href":"https:\/\/rotary.fi\/porvoo\/wp-json\/wp\/v2\/types\/page"}],"author":[{"embeddable":true,"href":"https:\/\/rotary.fi\/porvoo\/wp-json\/wp\/v2\/users\/184"}],"replies":[{"embeddable":true,"href":"https:\/\/rotary.fi\/porvoo\/wp-json\/wp\/v2\/comments?post=2461"}],"version-history":[{"count":5,"href":"https:\/\/rotary.fi\/porvoo\/wp-json\/wp\/v2\/pages\/2461\/revisions"}],"predecessor-version":[{"id":3096,"href":"https:\/\/rotary.fi\/porvoo\/wp-json\/wp\/v2\/pages\/2461\/revisions\/3096"}],"up":[{"embeddable":true,"href":"https:\/\/rotary.fi\/porvoo\/wp-json\/wp\/v2\/pages\/1565"}],"wp:attachment":[{"href":"https:\/\/rotary.fi\/porvoo\/wp-json\/wp\/v2\/media?parent=2461"}],"curies":[{"name":"wp","href":"https:\/\/api.w.org\/{rel}","templated":true}]}}