{"id":2443,"date":"2019-09-13T11:22:49","date_gmt":"2019-09-13T08:22:49","guid":{"rendered":"https:\/\/rotary.fi\/porvoo\/?page_id=2443"},"modified":"2020-02-26T12:20:26","modified_gmt":"2020-02-26T10:20:26","slug":"yhdistyksemme-saannot","status":"publish","type":"page","link":"https:\/\/rotary.fi\/porvoo\/keita-olemme\/yhdistyksemme-saannot\/","title":{"rendered":"Yhdistyksemme s\u00e4\u00e4nn\u00f6t"},"content":{"rendered":"<p>[et_pb_section fb_built=&#8221;1&#8243; module_class=&#8221;jumbotron-page&#8221; _builder_version=&#8221;4.1&#8243; background_image=&#8221;https:\/\/rotary.fi\/porvoo\/wp-content\/uploads\/sites\/137\/2020\/01\/rotary_porvoo_karusell_03.jpg&#8221; hover_enabled=&#8221;0&#8243;][et_pb_row _builder_version=&#8221;3.25&#8243; background_size=&#8221;initial&#8221; background_position=&#8221;top_left&#8221; background_repeat=&#8221;repeat&#8221;][et_pb_column type=&#8221;4_4&#8243; _builder_version=&#8221;3.0.47&#8243; custom_padding=&#8221;|||&#8221; custom_padding__hover=&#8221;|||&#8221;][et_pb_text admin_label=&#8221;P\u00e4\u00e4otsikko: Olemme osa piiri\u00e4 1420&#8243; _builder_version=&#8221;3.27.4&#8243; text_orientation=&#8221;center&#8221; background_layout=&#8221;dark&#8221;]<\/p>\n<h1>Yhdistyksemme s\u00e4\u00e4nn\u00f6t<\/h1>\n<p>[\/et_pb_text][\/et_pb_column][\/et_pb_row][\/et_pb_section][et_pb_section fb_built=&#8221;1&#8243; specialty=&#8221;on&#8221; module_class_2=&#8221;sivupalkki&#8221; _builder_version=&#8221;3.22&#8243;][et_pb_column type=&#8221;2_3&#8243; specialty_columns=&#8221;2&#8243; _builder_version=&#8221;3.25&#8243; custom_padding=&#8221;|||&#8221; custom_padding__hover=&#8221;|||&#8221;][et_pb_row_inner admin_label=&#8221;Rivi&#8221; _builder_version=&#8221;3.25&#8243;][et_pb_column_inner saved_specialty_column_type=&#8221;2_3&#8243; _builder_version=&#8221;3.0.47&#8243; custom_padding=&#8221;|||&#8221; custom_padding__hover=&#8221;|||&#8221;][et_pb_text admin_label=&#8221;Rotarypiirit &#8211; Otsikko&#8221; _builder_version=&#8221;3.27.4&#8243; text_orientation=&#8221;center&#8221;]<\/p>\n<h1>S\u00e4\u00e4nn\u00f6t<\/h1>\n<p>[\/et_pb_text][et_pb_text _builder_version=&#8221;3.27.4&#8243; z_index_tablet=&#8221;500&#8243; text_text_shadow_horizontal_length_tablet=&#8221;0px&#8221; text_text_shadow_vertical_length_tablet=&#8221;0px&#8221; text_text_shadow_blur_strength_tablet=&#8221;1px&#8221; link_text_shadow_horizontal_length_tablet=&#8221;0px&#8221; link_text_shadow_vertical_length_tablet=&#8221;0px&#8221; link_text_shadow_blur_strength_tablet=&#8221;1px&#8221; ul_text_shadow_horizontal_length_tablet=&#8221;0px&#8221; ul_text_shadow_vertical_length_tablet=&#8221;0px&#8221; ul_text_shadow_blur_strength_tablet=&#8221;1px&#8221; ol_text_shadow_horizontal_length_tablet=&#8221;0px&#8221; ol_text_shadow_vertical_length_tablet=&#8221;0px&#8221; ol_text_shadow_blur_strength_tablet=&#8221;1px&#8221; quote_text_shadow_horizontal_length_tablet=&#8221;0px&#8221; quote_text_shadow_vertical_length_tablet=&#8221;0px&#8221; quote_text_shadow_blur_strength_tablet=&#8221;1px&#8221; header_text_shadow_horizontal_length_tablet=&#8221;0px&#8221; header_text_shadow_vertical_length_tablet=&#8221;0px&#8221; header_text_shadow_blur_strength_tablet=&#8221;1px&#8221; header_2_text_shadow_horizontal_length_tablet=&#8221;0px&#8221; header_2_text_shadow_vertical_length_tablet=&#8221;0px&#8221; header_2_text_shadow_blur_strength_tablet=&#8221;1px&#8221; header_3_text_shadow_horizontal_length_tablet=&#8221;0px&#8221; header_3_text_shadow_vertical_length_tablet=&#8221;0px&#8221; header_3_text_shadow_blur_strength_tablet=&#8221;1px&#8221; header_4_text_shadow_horizontal_length_tablet=&#8221;0px&#8221; header_4_text_shadow_vertical_length_tablet=&#8221;0px&#8221; header_4_text_shadow_blur_strength_tablet=&#8221;1px&#8221; header_5_text_shadow_horizontal_length_tablet=&#8221;0px&#8221; header_5_text_shadow_vertical_length_tablet=&#8221;0px&#8221; header_5_text_shadow_blur_strength_tablet=&#8221;1px&#8221; header_6_text_shadow_horizontal_length_tablet=&#8221;0px&#8221; header_6_text_shadow_vertical_length_tablet=&#8221;0px&#8221; header_6_text_shadow_blur_strength_tablet=&#8221;1px&#8221; box_shadow_horizontal_tablet=&#8221;0px&#8221; box_shadow_vertical_tablet=&#8221;0px&#8221; box_shadow_blur_tablet=&#8221;40px&#8221; box_shadow_spread_tablet=&#8221;0px&#8221;]<\/p>\n<p><b>1.\u00a0\u00a0\u00a0\u00a0 Yhdistyksen nimi, kotipaikka ja kieli<\/b><\/p>\n<p>Yhdistyksen nimi on Borg\u00e5 Rotaryklubb \u2013 Porvoon Rotaryklubi ry ja kotipaikka on Porvoon kaupunki. N\u00e4iss\u00e4 s\u00e4\u00e4nn\u00f6iss\u00e4 yhdistyksest\u00e4 k\u00e4ytet\u00e4\u00e4n nimityst\u00e4 klubi.<\/p>\n<p>Klubi on kaksikielinen,\u00a0 mutta sen kokouksissa voidaan k\u00e4ytt\u00e4\u00e4 my\u00f6s muita kieli\u00e4.<\/p>\n<p><b>2.\u00a0\u00a0\u00a0\u00a0 Klubin tarkoitus ja toiminnan laatu<\/b><\/p>\n<p>Klubin tarkoitus on vaalia l\u00e4himm\u00e4isen palvelemisen ihannetta ja innostaa j\u00e4seni\u00e4\u00e4n sek\u00e4 yksityisel\u00e4m\u00e4ss\u00e4\u00e4n, ammatissaan, yhteiskunnallisessa toiminnassaan ett\u00e4 kansainv\u00e4lisiss\u00e4 suhteissa noudattamaan n\u00e4it\u00e4 edell\u00e4 mainittuja ihanteita sek\u00e4 harjoittaa ja tukea humanitaarista ja sivistyksellist\u00e4 toimintaa.<\/p>\n<p>Tarkoituksensa toteuttamiseksi klubi j\u00e4rjest\u00e4\u00e4 kokouksia, esitelm\u00e4- ja keskustelutilaisuuksia, seminaareja, juhla- ja muita vastaavia tilaisuuksia sek\u00e4 pit\u00e4\u00e4 yhteytt\u00e4 Suomen Rotary \u2013 Finlands Rotary ry -nimiseen yhdistykseen, rotarypiiriin, muihin rotaryklubeihin kaikkialla maailmassa sek\u00e4 Rotary International -nimiseen keskusj\u00e4rjest\u00f6\u00f6ns\u00e4 ja sen alueellisiin organisaatioihin.<\/p>\n<p>Klubi osallistuu humanitaarisiin avustusprojekteihin sek\u00e4 kotimaassa ett\u00e4 kansainv\u00e4lisesti yhteisty\u00f6ss\u00e4 rotaryj\u00e4rjest\u00f6n, -piirin ja\/tai toisen rotaryklubin kanssa tai yksin.<\/p>\n<p>Klubi voi osallistua kansainv\u00e4liseen nuorisovaihtotoimintaan l\u00e4hett\u00e4m\u00e4ll\u00e4 ja vastaanottamalla vaihto-oppilaita, j\u00e4rjest\u00e4m\u00e4ll\u00e4 kes\u00e4leirej\u00e4 nuorisolle sek\u00e4 jakamalla koulutusstipendej\u00e4 ja matka-avustuksia.<\/p>\n<p>Rotaryklubi toimii yleishy\u00f6dyllisyyden pohjalta. Klubi voi vastaanottaa lahjoituksia ja testamentteja sek\u00e4 j\u00e4rjest\u00e4\u00e4 asianomaisella luvalla rahanker\u00e4yst\u00e4, arpajaisia, juhlia, harjoittaa julkaisutoimintaa ja muuta vastaavaa toimintaa, joka v\u00e4litt\u00f6m\u00e4sti tukee n\u00e4iss\u00e4 s\u00e4\u00e4nn\u00f6iss\u00e4 m\u00e4\u00e4r\u00e4ttyj\u00e4 tarkoituksia.<\/p>\n<p>Klubi voi omistaa tarkoituksensa toteuttamisen kannalta tarpeellista kiinte\u00e4\u00e4 ja irtainta omaisuutta.<\/p>\n<p>Klubin tarkoitus ei ole hankkia taloudellisia etuuksia tai ansioita siihen osallisille eik\u00e4 se pyri vaikuttamaan valtiollisiin asioihin.<\/p>\n<p><b>3.\u00a0\u00a0\u00a0\u00a0 J\u00e4senyys Rotary Internationalissa<\/b><\/p>\n<p>Klubi on Rotary Internationalin (RI) j\u00e4sen ja maksaa sille sen m\u00e4\u00e4r\u00e4\u00e4m\u00e4t j\u00e4senmaksut.<\/p>\n<p>Klubissa noudatetaan Suomessa voimassa olevaa lains\u00e4\u00e4d\u00e4nt\u00f6\u00e4 sek\u00e4 Rotary Internationalin kansainv\u00e4lisi\u00e4 s\u00e4\u00e4nt\u00f6j\u00e4, ohjeita ja m\u00e4\u00e4r\u00e4yksi\u00e4 sik\u00e4li kuin ne eiv\u00e4t ole ristiriidassa Suomen lain kanssa.<\/p>\n<p><b>4.\u00a0\u00a0\u00a0\u00a0 J\u00e4senyys Rotary Internationalin Rotarypiiri 1420 \u2013 Rotary Internationals Rotarydistrikt 1420 ry:ss\u00e4<\/b><\/p>\n<p>Klubi on Rotary Internationalin Rotarypiiri 1420 \u2013 Rotary Internationals Rotarydistrikt 1420 ry:n j\u00e4sen ja maksaa sille sen m\u00e4\u00e4r\u00e4\u00e4m\u00e4t j\u00e4senmaksut.<\/p>\n<p><b>5.\u00a0\u00a0\u00a0\u00a0 Klubin tili- ja toimintakausi<\/b><\/p>\n<p>Klubin tili- ja toimintakausi on rotaryvuosi, joka alkaa 1.7. ja p\u00e4\u00e4ttyy 30.6. Klubilla on kaksi valittua toiminnantarkastajaa ja yksi varatoiminnantarkastaja.<\/p>\n<p>Tilinp\u00e4\u00e4t\u00f6s ja hallituksen laatima toimintakertomus on annettava toiminnantarkastajille viimeist\u00e4\u00e4n kuukautta ennen yhdistyksen s\u00e4\u00e4nt\u00f6m\u00e4\u00e4r\u00e4ist\u00e4 syyskokousta. Toiminnantarkastajien tulee antaa kirjallinen lausuntonsa hallitukselle viimeist\u00e4\u00e4n kaksi viikkoa ennen yhdistyksen s\u00e4\u00e4nt\u00f6m\u00e4\u00e4r\u00e4ist\u00e4 syyskokousta.<\/p>\n<p><b>6.\u00a0\u00a0\u00a0\u00a0 Klubin j\u00e4senyys<\/b><\/p>\n<p>Klubi kutsuu aktiivij\u00e4senikseen j\u00e4senien esitt\u00e4mi\u00e4 t\u00e4ysi-ik\u00e4isi\u00e4, hyv\u00e4maineisia eri ammattialoja edustavia henkil\u00f6it\u00e4. Aktiivij\u00e4senen on maksettava klubille s\u00e4\u00e4nt\u00f6m\u00e4\u00e4r\u00e4isess\u00e4 kev\u00e4tkokouksessa p\u00e4\u00e4tetyt liittymis- ja j\u00e4senmaksut.<\/p>\n<p>Klubi voi kutsua kunniaj\u00e4seni\u00e4, joilla ei ole klubin kokouksissa \u00e4\u00e4nioikeutta eik\u00e4 velvollisuutta maksaa j\u00e4senmaksuja. Kunniaj\u00e4seneksi voidaan kutsua joku klubin j\u00e4sen tai klubin ulkopuolinen henkil\u00f6. Jos klubin aktiivij\u00e4sen kutsutaan oman klubinsa kunniaj\u00e4seneksi, niin h\u00e4n hyv\u00e4ksyess\u00e4\u00e4n kutsun luopuu samalla oman klubinsa aktiivij\u00e4senyydest\u00e4 ja \u00e4\u00e4nioikeudestaan klubin kokouksessa.<\/p>\n<p>J\u00e4senyyden valintamenettely on m\u00e4\u00e4riteltyn\u00e4 Rotary Internationalin s\u00e4\u00e4nn\u00f6iss\u00e4. Klubin hallitus hyv\u00e4ksyy j\u00e4senet.<\/p>\n<p>J\u00e4senen tulee osallistua klubin s\u00e4\u00e4nn\u00f6llisiin viikkokokouksiin.<\/p>\n<p>Aktiivij\u00e4sen voidaan erottaa klubista hallituksen p\u00e4\u00e4t\u00f6ksell\u00e4, jos siihen on painavat syyt. Painavia syit\u00e4 ovat muun muassa j\u00e4senmaksujen jatkuva maksamisen laiminly\u00f6minen, jatkuvat poissaolot klubin viikkokokouksista tai jos j\u00e4sen ei en\u00e4\u00e4 t\u00e4yt\u00e4 hyv\u00e4maineisuuden edellytyksi\u00e4. Asianomaiselle j\u00e4senelle on varattava tilaisuus selityksen antamiseen asiassa. J\u00e4senell\u00e4 on oikeus kuukauden sis\u00e4ll\u00e4 hallituksen p\u00e4\u00e4t\u00f6ksest\u00e4 saattaa erottaminen klubin kokouksen ratkaistavaksi paitsi milloin erottamisen syyn\u00e4 on j\u00e4senmaksun maksamatta j\u00e4tt\u00e4minen.<\/p>\n<p><b>7.\u00a0\u00a0\u00a0\u00a0 Klubin hallitus<\/b><\/p>\n<p>Klubin asioita hoitaa s\u00e4\u00e4nt\u00f6m\u00e4\u00e4r\u00e4isess\u00e4 syyskokouksessa toimintakaudeksi kerrallaan valittava hallitus, jonka toimintakausi alkaa seuraavan vuoden 1.7. Hallituksen peruskokoonpanoon kuuluvat:<\/p>\n<p>\u2013\u00a0\u00a0\u00a0\u00a0 puheenjohtaja, jota kutsutaan presidentiksi<\/p>\n<p>\u2013\u00a0\u00a0\u00a0\u00a0 varapuheenjohtaja, jota kutsutaan varapresidentiksi<\/p>\n<p>\u2013\u00a0\u00a0\u00a0\u00a0 tuleva presidentti<\/p>\n<p>\u2013\u00a0\u00a0\u00a0\u00a0 edellinen presidentti<\/p>\n<p>\u2013\u00a0\u00a0\u00a0\u00a0 sihteeri<\/p>\n<p>\u2013\u00a0\u00a0\u00a0\u00a0 rahastonhoitaja<\/p>\n<p>Hallitukseen voidaan valita enint\u00e4\u00e4n nelj\u00e4 (4) muuta j\u00e4sent\u00e4.<\/p>\n<p>Hallituskokouksiin voidaan lis\u00e4ksi kutsua k\u00e4sitelt\u00e4vien asioiden asiantuntijoita. Hallitus on p\u00e4\u00e4t\u00f6svaltainen, kun enemmist\u00f6 sen j\u00e4senist\u00e4 on paikalla.<\/p>\n<p>Klubin nimen kirjoittaa sen puheenjohtaja (presidentti) yksin tai kaksi hallituksen j\u00e4sent\u00e4 yhdess\u00e4.<\/p>\n<p>&nbsp;<\/p>\n<p><b>8.\u00a0\u00a0\u00a0\u00a0 Klubin s\u00e4\u00e4nt\u00f6m\u00e4\u00e4r\u00e4iset kokoukset<\/b><\/p>\n<p>Klubin s\u00e4\u00e4nt\u00f6m\u00e4\u00e4r\u00e4isi\u00e4 kokouksia ovat syyskokous<b> <\/b>(vuosikokous), joka on pidett\u00e4v\u00e4 lokakuun loppuun menness\u00e4 ja kev\u00e4tkokous (klubineuvottelu), joka on pidett\u00e4v\u00e4 toukokuun loppuun menness\u00e4.<\/p>\n<p>Klubin hallitus voi kutsua koolle ylim\u00e4\u00e4r\u00e4isi\u00e4 kokouksia yhdistyslain mukaisesti.<\/p>\n<p>Kokouksissa jokaisella aktiivij\u00e4senell\u00e4 on yksi \u00e4\u00e4ni. \u00c4\u00e4nten menness\u00e4 tasan ratkaisee puheenjohtajan \u00e4\u00e4ni, henkil\u00f6vaaleissa kuitenkin arpa.<\/p>\n<p>Henkil\u00f6valinta\u00e4\u00e4nestyksiss\u00e4 k\u00e4ytet\u00e4\u00e4n kulloinkin p\u00e4\u00e4tett\u00e4v\u00e4\u00e4 \u00e4\u00e4nestystapaa, avoin \u00e4\u00e4nestys tai suljettu lippu\u00e4\u00e4nestys.<\/p>\n<p>Syyskokouksessa<i> <\/i>k\u00e4sitell\u00e4\u00e4n ja p\u00e4\u00e4tet\u00e4\u00e4n seuraavat asiat:<\/p>\n<p>\u2013\u00a0\u00a0\u00a0\u00a0 Edellisen toimintakauden toimintakertomus<\/p>\n<p>\u2013\u00a0\u00a0\u00a0\u00a0 Edellisen toimintakauden tilinp\u00e4\u00e4t\u00f6ksen esitt\u00e4minen<\/p>\n<p>\u2013\u00a0\u00a0\u00a0\u00a0 Edellisen toimintakauden toiminnantarkastuskertomuksen esitt\u00e4minen<\/p>\n<p>\u2013\u00a0\u00a0\u00a0\u00a0 Tilinp\u00e4\u00e4t\u00f6ksen vahvistaminen ja vastuuvapaudesta p\u00e4\u00e4tt\u00e4minen<\/p>\n<p>\u2013\u00a0\u00a0\u00a0\u00a0 Vahvistetaan, ett\u00e4 toimessa olevasta hallituksesta tuleva presidentti toimii presidenttin\u00e4 ja klubin hallituksen puheenhohtajana. Ja nykyinen presidentti toimii entisen\u00e4 presidenttin\u00e4 seuraavan toimintakauden hallituksessa.<\/p>\n<p>\u2013\u00a0\u00a0\u00a0\u00a0 Valitaan seuraavaksi toimintakaudeksi varapuheenjohtaja, sihteeri, rahastonhoitaja ja muut s\u00e4\u00e4nt\u00f6jen kohdassa 7. mainitut hallituksen j\u00e4senet<\/p>\n<p>\u2013\u00a0\u00a0\u00a0\u00a0 Kahden toiminnantarkastajan ja yhden varatoiminnantarkastajan valinta tulevalle toimintakaudelle<\/p>\n<p>\u2013\u00a0\u00a0\u00a0\u00a0 Muut kokouskutsussa mainitut asiat<\/p>\n<p>Kev\u00e4tkokouksessa k\u00e4sitell\u00e4\u00e4n ja p\u00e4\u00e4tet\u00e4\u00e4n seuraavat asiat:<\/p>\n<p><b><i>\u2013\u00a0\u00a0\u00a0\u00a0 <\/i><\/b>Toimintasuunnitelman esitt\u00e4minen tulevalle toimintakaudelle<\/p>\n<p><b><i>\u2013\u00a0\u00a0\u00a0\u00a0 <\/i><\/b>Liittymis- ja j\u00e4senmaksujen suuruuden m\u00e4\u00e4r\u00e4\u00e4minen tulevalle toimintakaudelle<\/p>\n<p><b><i>\u2013\u00a0\u00a0\u00a0\u00a0 <\/i><\/b>Talousarvion hyv\u00e4ksyminen<\/p>\n<p><b><i>\u2013\u00a0\u00a0\u00a0\u00a0 <\/i><\/b>Nimet\u00e4\u00e4n tulevalle toimintakaudelle tarpeelliset komiteat sek\u00e4 niiden puheenjohtajat. Kunkin komitean puheenjohtaja nime\u00e4\u00e4 erikseen komiteansa j\u00e4senet, jotka hallitus vahvistaa ennen tulevan toimintakauden alkua<\/p>\n<p><b><i>\u2013\u00a0\u00a0\u00a0\u00a0 <\/i><\/b>Muut kokouskutsussa mainitut asiat<\/p>\n<p>&nbsp;<\/p>\n<p><b>9.\u00a0\u00a0\u00a0\u00a0 Klubin kokousten koollekutsuminen<\/b><\/p>\n<p>Klubi kokoontuu vuosiohjelman mukaisesti viikoittain ns. viikkokokouksiin. Mik\u00e4li s\u00e4\u00e4nt\u00f6m\u00e4\u00e4r\u00e4isten kokousten ajankohta poikkeaa klubin vuosiohjelmaan merkityst\u00e4 ajankohdasta, on t\u00e4st\u00e4 ilmoitettava kaikille j\u00e4senille v\u00e4hint\u00e4\u00e4n kymmenen p\u00e4iv\u00e4\u00e4 ennen kokousta. Muuttuvista ajankohdista ilmoitetaan j\u00e4senille klubin verkkosivuilla, s\u00e4hk\u00f6postilla tai tekstiviestill\u00e4. Ylim\u00e4\u00e4r\u00e4iset kokoukset kutsutaan koolle samassa ajassa ja samalla tavalla.<\/p>\n<p><b>10.\u00a0\u00a0 Klubin toimintaohjeet<\/b><\/p>\n<p>Klubi vahvistaa itselleen erilliset toimintaohjeet, joissa m\u00e4\u00e4r\u00e4t\u00e4\u00e4n yksityiskohtaisemmin klubin sis\u00e4isist\u00e4 toimintamuodoista ja klubin toiminnassa noudatettavista menettelytavoista kansainv\u00e4lisen rotaryj\u00e4rjest\u00f6n maailmanlaajuisten periaatteiden mukaisesti.<\/p>\n<p>&nbsp;<\/p>\n<p><b>11.\u00a0\u00a0 S\u00e4\u00e4nt\u00f6jen muuttaminen<\/b><\/p>\n<p>N\u00e4ihin s\u00e4\u00e4nt\u00f6ihin voidaan tehd\u00e4 muutoksia klubin s\u00e4\u00e4nt\u00f6m\u00e4\u00e4r\u00e4isess\u00e4 kokouksessa, jos kaksi kolmasosaa (\u2154) l\u00e4sn\u00e4 olevista j\u00e4senist\u00e4 hyv\u00e4ksyy muutokset.<\/p>\n<p>S\u00e4\u00e4nt\u00f6ihin ei voi tehd\u00e4 muutoksia, jotka ovat ristiriidassa Rotary Internationalin s\u00e4\u00e4nt\u00f6jen tai Suomen yhdistyslains\u00e4\u00e4d\u00e4nn\u00f6n kanssa.<\/p>\n<p><b>12.\u00a0\u00a0 Klubin purkautuminen tai lakkauttaminen<\/b><\/p>\n<p>Mik\u00e4li klubi purkautuu, sen varat on k\u00e4ytett\u00e4v\u00e4 purkautumiskokouksessa m\u00e4\u00e4ritellyll\u00e4 tavalla rotaryaatetta edist\u00e4v\u00e4\u00e4n tarkoitukseen Suomessa. Klubin tullessa lakkautetuksi k\u00e4ytet\u00e4\u00e4n sen varat samaan tarkoitukseen.<\/p>\n<p>[\/et_pb_text][\/et_pb_column_inner][\/et_pb_row_inner][\/et_pb_column][et_pb_column type=&#8221;1_3&#8243; _builder_version=&#8221;3.25&#8243; custom_padding=&#8221;|||&#8221; custom_padding__hover=&#8221;|||&#8221;][et_pb_sidebar area=&#8221;sidebar-1&#8243; module_class=&#8221;sivupalkki_sisalto&#8221; _builder_version=&#8221;3.4.1&#8243; locked=&#8221;on&#8221;]<\/p>\n<p>[\/et_pb_sidebar][\/et_pb_column][\/et_pb_section]<\/p>\n","protected":false},"excerpt":{"rendered":"<p>Yhdistyksemme s\u00e4\u00e4nn\u00f6tS\u00e4\u00e4nn\u00f6t1.\u00a0\u00a0\u00a0\u00a0 Yhdistyksen nimi, kotipaikka ja kieli Yhdistyksen nimi on Borg\u00e5 Rotaryklubb \u2013 Porvoon Rotaryklubi ry ja kotipaikka on Porvoon kaupunki. N\u00e4iss\u00e4 s\u00e4\u00e4nn\u00f6iss\u00e4 yhdistyksest\u00e4 k\u00e4ytet\u00e4\u00e4n nimityst\u00e4 klubi. Klubi on kaksikielinen,\u00a0 mutta sen kokouksissa voidaan k\u00e4ytt\u00e4\u00e4 my\u00f6s muita kieli\u00e4. 2.\u00a0\u00a0\u00a0\u00a0 Klubin tarkoitus ja toiminnan laatu Klubin tarkoitus on vaalia l\u00e4himm\u00e4isen palvelemisen ihannetta ja innostaa j\u00e4seni\u00e4\u00e4n sek\u00e4 [&hellip;]<\/p>\n","protected":false},"author":184,"featured_media":0,"parent":129,"menu_order":3,"comment_status":"closed","ping_status":"closed","template":"","meta":{"_acf_changed":false,"_et_pb_use_builder":"on","_et_pb_old_content":"","_et_gb_content_width":"","footnotes":""},"class_list":["post-2443","page","type-page","status-publish","hentry"],"acf":[],"yoast_head":"<!-- This site is optimized with the Yoast SEO plugin v27.0 - https:\/\/yoast.com\/product\/yoast-seo-wordpress\/ -->\n<title>Yhdistyksemme s\u00e4\u00e4nn\u00f6t - Borg\u00e5 Rotaryklubb - Porvoon Rotaryklubi<\/title>\n<meta name=\"robots\" content=\"index, follow, max-snippet:-1, max-image-preview:large, max-video-preview:-1\" \/>\n<link rel=\"canonical\" href=\"https:\/\/rotary.fi\/porvoo\/keita-olemme\/yhdistyksemme-saannot\/\" \/>\n<meta property=\"og:locale\" content=\"fi_FI\" \/>\n<meta property=\"og:type\" content=\"article\" \/>\n<meta property=\"og:title\" content=\"Yhdistyksemme s\u00e4\u00e4nn\u00f6t - Borg\u00e5 Rotaryklubb - Porvoon Rotaryklubi\" \/>\n<meta property=\"og:description\" content=\"Yhdistyksemme s\u00e4\u00e4nn\u00f6tS\u00e4\u00e4nn\u00f6t1.\u00a0\u00a0\u00a0\u00a0 Yhdistyksen nimi, kotipaikka ja kieli Yhdistyksen nimi on Borg\u00e5 Rotaryklubb \u2013 Porvoon Rotaryklubi ry ja kotipaikka on Porvoon kaupunki. N\u00e4iss\u00e4 s\u00e4\u00e4nn\u00f6iss\u00e4 yhdistyksest\u00e4 k\u00e4ytet\u00e4\u00e4n nimityst\u00e4 klubi. Klubi on kaksikielinen,\u00a0 mutta sen kokouksissa voidaan k\u00e4ytt\u00e4\u00e4 my\u00f6s muita kieli\u00e4. 2.\u00a0\u00a0\u00a0\u00a0 Klubin tarkoitus ja toiminnan laatu Klubin tarkoitus on vaalia l\u00e4himm\u00e4isen palvelemisen ihannetta ja innostaa j\u00e4seni\u00e4\u00e4n sek\u00e4 [&hellip;]\" \/>\n<meta property=\"og:url\" content=\"https:\/\/rotary.fi\/porvoo\/keita-olemme\/yhdistyksemme-saannot\/\" \/>\n<meta property=\"og:site_name\" content=\"Borg\u00e5 Rotaryklubb - Porvoon Rotaryklubi\" \/>\n<meta property=\"article:modified_time\" content=\"2020-02-26T10:20:26+00:00\" \/>\n<meta name=\"twitter:card\" content=\"summary_large_image\" \/>\n<meta name=\"twitter:label1\" content=\"Arvioitu lukuaika\" \/>\n\t<meta name=\"twitter:data1\" content=\"8 minuuttia\" \/>\n<script type=\"application\/ld+json\" class=\"yoast-schema-graph\">{\"@context\":\"https:\/\/schema.org\",\"@graph\":[{\"@type\":\"WebPage\",\"@id\":\"https:\/\/rotary.fi\/porvoo\/keita-olemme\/yhdistyksemme-saannot\/\",\"url\":\"https:\/\/rotary.fi\/porvoo\/keita-olemme\/yhdistyksemme-saannot\/\",\"name\":\"Yhdistyksemme s\u00e4\u00e4nn\u00f6t - Borg\u00e5 Rotaryklubb - Porvoon Rotaryklubi\",\"isPartOf\":{\"@id\":\"https:\/\/rotary.fi\/porvoo\/#website\"},\"datePublished\":\"2019-09-13T08:22:49+00:00\",\"dateModified\":\"2020-02-26T10:20:26+00:00\",\"breadcrumb\":{\"@id\":\"https:\/\/rotary.fi\/porvoo\/keita-olemme\/yhdistyksemme-saannot\/#breadcrumb\"},\"inLanguage\":\"fi\",\"potentialAction\":[{\"@type\":\"ReadAction\",\"target\":[\"https:\/\/rotary.fi\/porvoo\/keita-olemme\/yhdistyksemme-saannot\/\"]}]},{\"@type\":\"BreadcrumbList\",\"@id\":\"https:\/\/rotary.fi\/porvoo\/keita-olemme\/yhdistyksemme-saannot\/#breadcrumb\",\"itemListElement\":[{\"@type\":\"ListItem\",\"position\":1,\"name\":\"Home\",\"item\":\"https:\/\/rotary.fi\/porvoo\/\"},{\"@type\":\"ListItem\",\"position\":2,\"name\":\"Keit\u00e4 olemme\",\"item\":\"https:\/\/rotary.fi\/porvoo\/keita-olemme\/\"},{\"@type\":\"ListItem\",\"position\":3,\"name\":\"Yhdistyksemme s\u00e4\u00e4nn\u00f6t\"}]},{\"@type\":\"WebSite\",\"@id\":\"https:\/\/rotary.fi\/porvoo\/#website\",\"url\":\"https:\/\/rotary.fi\/porvoo\/\",\"name\":\"Borg\u00e5 Rotaryklubb - Porvoon Rotaryklubi\",\"description\":\"Uusi Rotary klubisivusto\",\"potentialAction\":[{\"@type\":\"SearchAction\",\"target\":{\"@type\":\"EntryPoint\",\"urlTemplate\":\"https:\/\/rotary.fi\/porvoo\/?s={search_term_string}\"},\"query-input\":{\"@type\":\"PropertyValueSpecification\",\"valueRequired\":true,\"valueName\":\"search_term_string\"}}],\"inLanguage\":\"fi\"}]}<\/script>\n<!-- \/ Yoast SEO plugin. -->","yoast_head_json":{"title":"Yhdistyksemme s\u00e4\u00e4nn\u00f6t - Borg\u00e5 Rotaryklubb - Porvoon Rotaryklubi","robots":{"index":"index","follow":"follow","max-snippet":"max-snippet:-1","max-image-preview":"max-image-preview:large","max-video-preview":"max-video-preview:-1"},"canonical":"https:\/\/rotary.fi\/porvoo\/keita-olemme\/yhdistyksemme-saannot\/","og_locale":"fi_FI","og_type":"article","og_title":"Yhdistyksemme s\u00e4\u00e4nn\u00f6t - Borg\u00e5 Rotaryklubb - Porvoon Rotaryklubi","og_description":"Yhdistyksemme s\u00e4\u00e4nn\u00f6tS\u00e4\u00e4nn\u00f6t1.\u00a0\u00a0\u00a0\u00a0 Yhdistyksen nimi, kotipaikka ja kieli Yhdistyksen nimi on Borg\u00e5 Rotaryklubb \u2013 Porvoon Rotaryklubi ry ja kotipaikka on Porvoon kaupunki. N\u00e4iss\u00e4 s\u00e4\u00e4nn\u00f6iss\u00e4 yhdistyksest\u00e4 k\u00e4ytet\u00e4\u00e4n nimityst\u00e4 klubi. Klubi on kaksikielinen,\u00a0 mutta sen kokouksissa voidaan k\u00e4ytt\u00e4\u00e4 my\u00f6s muita kieli\u00e4. 2.\u00a0\u00a0\u00a0\u00a0 Klubin tarkoitus ja toiminnan laatu Klubin tarkoitus on vaalia l\u00e4himm\u00e4isen palvelemisen ihannetta ja innostaa j\u00e4seni\u00e4\u00e4n sek\u00e4 [&hellip;]","og_url":"https:\/\/rotary.fi\/porvoo\/keita-olemme\/yhdistyksemme-saannot\/","og_site_name":"Borg\u00e5 Rotaryklubb - Porvoon Rotaryklubi","article_modified_time":"2020-02-26T10:20:26+00:00","twitter_card":"summary_large_image","twitter_misc":{"Arvioitu lukuaika":"8 minuuttia"},"schema":{"@context":"https:\/\/schema.org","@graph":[{"@type":"WebPage","@id":"https:\/\/rotary.fi\/porvoo\/keita-olemme\/yhdistyksemme-saannot\/","url":"https:\/\/rotary.fi\/porvoo\/keita-olemme\/yhdistyksemme-saannot\/","name":"Yhdistyksemme s\u00e4\u00e4nn\u00f6t - Borg\u00e5 Rotaryklubb - Porvoon Rotaryklubi","isPartOf":{"@id":"https:\/\/rotary.fi\/porvoo\/#website"},"datePublished":"2019-09-13T08:22:49+00:00","dateModified":"2020-02-26T10:20:26+00:00","breadcrumb":{"@id":"https:\/\/rotary.fi\/porvoo\/keita-olemme\/yhdistyksemme-saannot\/#breadcrumb"},"inLanguage":"fi","potentialAction":[{"@type":"ReadAction","target":["https:\/\/rotary.fi\/porvoo\/keita-olemme\/yhdistyksemme-saannot\/"]}]},{"@type":"BreadcrumbList","@id":"https:\/\/rotary.fi\/porvoo\/keita-olemme\/yhdistyksemme-saannot\/#breadcrumb","itemListElement":[{"@type":"ListItem","position":1,"name":"Home","item":"https:\/\/rotary.fi\/porvoo\/"},{"@type":"ListItem","position":2,"name":"Keit\u00e4 olemme","item":"https:\/\/rotary.fi\/porvoo\/keita-olemme\/"},{"@type":"ListItem","position":3,"name":"Yhdistyksemme s\u00e4\u00e4nn\u00f6t"}]},{"@type":"WebSite","@id":"https:\/\/rotary.fi\/porvoo\/#website","url":"https:\/\/rotary.fi\/porvoo\/","name":"Borg\u00e5 Rotaryklubb - Porvoon Rotaryklubi","description":"Uusi Rotary klubisivusto","potentialAction":[{"@type":"SearchAction","target":{"@type":"EntryPoint","urlTemplate":"https:\/\/rotary.fi\/porvoo\/?s={search_term_string}"},"query-input":{"@type":"PropertyValueSpecification","valueRequired":true,"valueName":"search_term_string"}}],"inLanguage":"fi"}]}},"lang":"fi","translations":{"fi":2443,"sv":2461},"pll_sync_post":[],"_links":{"self":[{"href":"https:\/\/rotary.fi\/porvoo\/wp-json\/wp\/v2\/pages\/2443","targetHints":{"allow":["GET"]}}],"collection":[{"href":"https:\/\/rotary.fi\/porvoo\/wp-json\/wp\/v2\/pages"}],"about":[{"href":"https:\/\/rotary.fi\/porvoo\/wp-json\/wp\/v2\/types\/page"}],"author":[{"embeddable":true,"href":"https:\/\/rotary.fi\/porvoo\/wp-json\/wp\/v2\/users\/184"}],"replies":[{"embeddable":true,"href":"https:\/\/rotary.fi\/porvoo\/wp-json\/wp\/v2\/comments?post=2443"}],"version-history":[{"count":9,"href":"https:\/\/rotary.fi\/porvoo\/wp-json\/wp\/v2\/pages\/2443\/revisions"}],"predecessor-version":[{"id":3098,"href":"https:\/\/rotary.fi\/porvoo\/wp-json\/wp\/v2\/pages\/2443\/revisions\/3098"}],"up":[{"embeddable":true,"href":"https:\/\/rotary.fi\/porvoo\/wp-json\/wp\/v2\/pages\/129"}],"wp:attachment":[{"href":"https:\/\/rotary.fi\/porvoo\/wp-json\/wp\/v2\/media?parent=2443"}],"curies":[{"name":"wp","href":"https:\/\/api.w.org\/{rel}","templated":true}]}}