{"id":1573,"date":"2019-03-19T14:27:31","date_gmt":"2019-03-19T12:27:31","guid":{"rendered":"https:\/\/rotary.fi\/porvoo\/?page_id=1573"},"modified":"2026-02-23T07:34:27","modified_gmt":"2026-02-23T05:34:27","slug":"arstema","status":"publish","type":"page","link":"https:\/\/rotary.fi\/porvoo\/sv\/vem-ar-vi\/arstema\/","title":{"rendered":"\u00c5rstema"},"content":{"rendered":"<p>[et_pb_section fb_built=&#8221;1&#8243; module_class=&#8221;jumbotron-page&#8221; _builder_version=&#8221;4.16&#8243; background_image=&#8221;https:\/\/rotary.fi\/porvoo\/wp-content\/uploads\/sites\/137\/2018\/08\/rotary_klubit_alasivu_paakuva_7.jpg&#8221; global_colors_info=&#8221;{}&#8221;][et_pb_row _builder_version=&#8221;4.16&#8243; background_size=&#8221;initial&#8221; background_position=&#8221;top_left&#8221; background_repeat=&#8221;repeat&#8221; global_colors_info=&#8221;{}&#8221;][et_pb_column type=&#8221;4_4&#8243; _builder_version=&#8221;4.16&#8243; custom_padding=&#8221;|||&#8221; global_colors_info=&#8221;{}&#8221; custom_padding__hover=&#8221;|||&#8221;][et_pb_text admin_label=&#8221;Main \/\/ \u00c5rstema&#8221; _builder_version=&#8221;4.16&#8243; text_orientation=&#8221;center&#8221; background_layout=&#8221;dark&#8221; global_colors_info=&#8221;{}&#8221;]<\/p>\n<h1>Rotary Internationals \u00e5rstema<\/h1>\n<p>[\/et_pb_text][\/et_pb_column][\/et_pb_row][\/et_pb_section][et_pb_section fb_built=&#8221;1&#8243; specialty=&#8221;on&#8221; module_class_2=&#8221;sivupalkki&#8221; _builder_version=&#8221;4.16&#8243; global_colors_info=&#8221;{}&#8221;][et_pb_column type=&#8221;2_3&#8243; specialty_columns=&#8221;2&#8243; _builder_version=&#8221;4.16&#8243; custom_padding=&#8221;|||&#8221; global_colors_info=&#8221;{}&#8221; custom_padding__hover=&#8221;|||&#8221;][et_pb_row_inner column_structure=&#8221;1_4,1_4,1_4,1_4&#8243; admin_label=&#8221;Rivi&#8221; _builder_version=&#8221;4.16&#8243; global_colors_info=&#8221;{}&#8221;][et_pb_column_inner type=&#8221;1_4&#8243; saved_specialty_column_type=&#8221;2_3&#8243; _builder_version=&#8221;4.16&#8243; custom_padding=&#8221;|||&#8221; custom_css_main_element=&#8221;width:24%!important;&#8221; global_colors_info=&#8221;{}&#8221; custom_padding__hover=&#8221;|||&#8221;][et_pb_image src=&#8221;https:\/\/rotary.fi\/porvoo\/wp-content\/uploads\/sites\/137\/2018\/11\/t1819fin_pms-c-01-300&#215;300.jpg&#8221; align_tablet=&#8221;center&#8221; align_phone=&#8221;&#8221; align_last_edited=&#8221;on|desktop&#8221; _builder_version=&#8221;4.16&#8243; global_colors_info=&#8221;{}&#8221;][\/et_pb_image][\/et_pb_column_inner][et_pb_column_inner type=&#8221;1_4&#8243; saved_specialty_column_type=&#8221;2_3&#8243; _builder_version=&#8221;4.16&#8243; custom_padding=&#8221;|||&#8221; custom_css_main_element=&#8221;width:24%!important;&#8221; global_colors_info=&#8221;{}&#8221; custom_padding__hover=&#8221;|||&#8221;][et_pb_image src=&#8221;https:\/\/rotary.fi\/porvoo\/wp-content\/uploads\/sites\/137\/2018\/11\/t1819sv_pms-c-01-300&#215;300.jpg&#8221; align_tablet=&#8221;center&#8221; align_phone=&#8221;&#8221; align_last_edited=&#8221;on|desktop&#8221; _builder_version=&#8221;4.16&#8243; global_colors_info=&#8221;{}&#8221;][\/et_pb_image][\/et_pb_column_inner][et_pb_column_inner type=&#8221;1_4&#8243; saved_specialty_column_type=&#8221;2_3&#8243; _builder_version=&#8221;4.16&#8243; custom_padding=&#8221;|||&#8221; custom_css_main_element=&#8221;width:24%!important;&#8221; global_colors_info=&#8221;{}&#8221; custom_padding__hover=&#8221;|||&#8221;][et_pb_image src=&#8221;https:\/\/rotary.fi\/porvoo\/wp-content\/uploads\/sites\/137\/2018\/11\/t1819en_pms-c-01-300&#215;300.jpg&#8221; align_tablet=&#8221;center&#8221; align_phone=&#8221;&#8221; align_last_edited=&#8221;on|desktop&#8221; _builder_version=&#8221;4.16&#8243; global_colors_info=&#8221;{}&#8221;][\/et_pb_image][\/et_pb_column_inner][et_pb_column_inner type=&#8221;1_4&#8243; saved_specialty_column_type=&#8221;2_3&#8243; _builder_version=&#8221;4.16&#8243; custom_padding=&#8221;|||&#8221; custom_css_main_element=&#8221;display:none;||width:0%!important;&#8221; global_colors_info=&#8221;{}&#8221; custom_padding__hover=&#8221;|||&#8221;][\/et_pb_column_inner][\/et_pb_row_inner][et_pb_row_inner admin_label=&#8221;Rivi&#8221; _builder_version=&#8221;4.16&#8243; global_colors_info=&#8221;{}&#8221;][et_pb_column_inner saved_specialty_column_type=&#8221;2_3&#8243; _builder_version=&#8221;4.16&#8243; custom_padding=&#8221;|||&#8221; global_colors_info=&#8221;{}&#8221; custom_padding__hover=&#8221;|||&#8221;][et_pb_text admin_label=&#8221;Rotary Internationals \u00e5rstema &#8211; rubrik&#8221; _builder_version=&#8221;4.16&#8243; text_orientation=&#8221;center&#8221; z_index_tablet=&#8221;500&#8243; text_text_shadow_horizontal_length_tablet=&#8221;0px&#8221; text_text_shadow_vertical_length_tablet=&#8221;0px&#8221; text_text_shadow_blur_strength_tablet=&#8221;1px&#8221; link_text_shadow_horizontal_length_tablet=&#8221;0px&#8221; link_text_shadow_vertical_length_tablet=&#8221;0px&#8221; link_text_shadow_blur_strength_tablet=&#8221;1px&#8221; ul_text_shadow_horizontal_length_tablet=&#8221;0px&#8221; ul_text_shadow_vertical_length_tablet=&#8221;0px&#8221; ul_text_shadow_blur_strength_tablet=&#8221;1px&#8221; ol_text_shadow_horizontal_length_tablet=&#8221;0px&#8221; ol_text_shadow_vertical_length_tablet=&#8221;0px&#8221; ol_text_shadow_blur_strength_tablet=&#8221;1px&#8221; quote_text_shadow_horizontal_length_tablet=&#8221;0px&#8221; quote_text_shadow_vertical_length_tablet=&#8221;0px&#8221; quote_text_shadow_blur_strength_tablet=&#8221;1px&#8221; header_text_shadow_horizontal_length_tablet=&#8221;0px&#8221; header_text_shadow_vertical_length_tablet=&#8221;0px&#8221; header_text_shadow_blur_strength_tablet=&#8221;1px&#8221; header_2_text_shadow_horizontal_length_tablet=&#8221;0px&#8221; header_2_text_shadow_vertical_length_tablet=&#8221;0px&#8221; header_2_text_shadow_blur_strength_tablet=&#8221;1px&#8221; header_3_text_shadow_horizontal_length_tablet=&#8221;0px&#8221; header_3_text_shadow_vertical_length_tablet=&#8221;0px&#8221; header_3_text_shadow_blur_strength_tablet=&#8221;1px&#8221; header_4_text_shadow_horizontal_length_tablet=&#8221;0px&#8221; header_4_text_shadow_vertical_length_tablet=&#8221;0px&#8221; header_4_text_shadow_blur_strength_tablet=&#8221;1px&#8221; header_5_text_shadow_horizontal_length_tablet=&#8221;0px&#8221; header_5_text_shadow_vertical_length_tablet=&#8221;0px&#8221; header_5_text_shadow_blur_strength_tablet=&#8221;1px&#8221; header_6_text_shadow_horizontal_length_tablet=&#8221;0px&#8221; header_6_text_shadow_vertical_length_tablet=&#8221;0px&#8221; header_6_text_shadow_blur_strength_tablet=&#8221;1px&#8221; box_shadow_horizontal_tablet=&#8221;0px&#8221; box_shadow_vertical_tablet=&#8221;0px&#8221; box_shadow_blur_tablet=&#8221;40px&#8221; box_shadow_spread_tablet=&#8221;0px&#8221; global_colors_info=&#8221;{}&#8221;]<\/p>\n<h1>Rotary f\u00f6renar v\u00e4rlden<\/h1>\n<p>[\/et_pb_text][et_pb_text admin_label=&#8221;Text: \u00e5rstema&#8221; _builder_version=&#8221;4.27.4&#8243; z_index_tablet=&#8221;500&#8243; text_text_shadow_horizontal_length_tablet=&#8221;0px&#8221; text_text_shadow_vertical_length_tablet=&#8221;0px&#8221; text_text_shadow_blur_strength_tablet=&#8221;1px&#8221; link_text_shadow_horizontal_length_tablet=&#8221;0px&#8221; link_text_shadow_vertical_length_tablet=&#8221;0px&#8221; link_text_shadow_blur_strength_tablet=&#8221;1px&#8221; ul_text_shadow_horizontal_length_tablet=&#8221;0px&#8221; ul_text_shadow_vertical_length_tablet=&#8221;0px&#8221; ul_text_shadow_blur_strength_tablet=&#8221;1px&#8221; ol_text_shadow_horizontal_length_tablet=&#8221;0px&#8221; ol_text_shadow_vertical_length_tablet=&#8221;0px&#8221; ol_text_shadow_blur_strength_tablet=&#8221;1px&#8221; quote_text_shadow_horizontal_length_tablet=&#8221;0px&#8221; quote_text_shadow_vertical_length_tablet=&#8221;0px&#8221; quote_text_shadow_blur_strength_tablet=&#8221;1px&#8221; header_text_shadow_horizontal_length_tablet=&#8221;0px&#8221; header_text_shadow_vertical_length_tablet=&#8221;0px&#8221; header_text_shadow_blur_strength_tablet=&#8221;1px&#8221; header_2_text_shadow_horizontal_length_tablet=&#8221;0px&#8221; header_2_text_shadow_vertical_length_tablet=&#8221;0px&#8221; header_2_text_shadow_blur_strength_tablet=&#8221;1px&#8221; header_3_text_shadow_horizontal_length_tablet=&#8221;0px&#8221; header_3_text_shadow_vertical_length_tablet=&#8221;0px&#8221; header_3_text_shadow_blur_strength_tablet=&#8221;1px&#8221; header_4_text_shadow_horizontal_length_tablet=&#8221;0px&#8221; header_4_text_shadow_vertical_length_tablet=&#8221;0px&#8221; header_4_text_shadow_blur_strength_tablet=&#8221;1px&#8221; header_5_text_shadow_horizontal_length_tablet=&#8221;0px&#8221; header_5_text_shadow_vertical_length_tablet=&#8221;0px&#8221; header_5_text_shadow_blur_strength_tablet=&#8221;1px&#8221; header_6_text_shadow_horizontal_length_tablet=&#8221;0px&#8221; header_6_text_shadow_vertical_length_tablet=&#8221;0px&#8221; header_6_text_shadow_blur_strength_tablet=&#8221;1px&#8221; box_shadow_horizontal_tablet=&#8221;0px&#8221; box_shadow_vertical_tablet=&#8221;0px&#8221; box_shadow_blur_tablet=&#8221;40px&#8221; box_shadow_spread_tablet=&#8221;0px&#8221; global_colors_info=&#8221;{}&#8221;]<\/p>\n<p><span data-tt=\"{}\"><a href=\"https:\/\/my.rotary.org\/en\/news-media\/office-president\/ri-president\" target=\"_blank\" rel=\"noopener noreferrer\">President f\u00f6r Rotary International<\/a>\u00a0<\/span>f\u00f6r Rotary International <span data-tt=\"{}\">2025\u20132026<\/span>, <span data-tt=\"{}\">Francesco Arezzo, har f\u00f6r Rotary\u00e5r 2025-2026 valt &#8221;Unite for Good&#8221; som tema.\u00a0<\/span><\/p>\n<div class=\"et_pb_module et_pb_text et_pb_text_2  et_pb_text_align_left et_pb_bg_layout_light\">\n<div class=\"et_pb_text_inner\">\n<p><a href=\"https:\/\/www.rotary.org\/en\/francesco-arezzo-of-italy-selected-to-be-2025-26-rotary-international-president\"><img loading=\"lazy\" decoding=\"async\" class=\"aligncenter wp-image-9973 size-full\" src=\"https:\/\/turunrotaryklubi.fi\/wp-content\/uploads\/sites\/128\/2025\/07\/img-0140-1.png\" alt=\"Unite for Good\" width=\"224\" height=\"224\" \/><\/a><\/p>\n<p><span data-tt=\"{}\">L\u00e4s mer p\u00e5 engelska: <a href=\"https:\/\/www.rotary.org\/en\/francesco-arezzo-of-italy-selected-to-be-2025-26-rotary-international-president\" target=\"_blank\" rel=\"noopener\">www.rotary.org\/2025-26-rotary-international-president<\/a><\/span><\/p>\n<\/div>\n<\/div>\n<p>[\/et_pb_text][\/et_pb_column_inner][\/et_pb_row_inner][et_pb_row_inner admin_label=&#8221;Rivi&#8221; _builder_version=&#8221;4.16&#8243; global_colors_info=&#8221;{}&#8221;][et_pb_column_inner saved_specialty_column_type=&#8221;2_3&#8243; _builder_version=&#8221;4.16&#8243; custom_padding=&#8221;|||&#8221; global_colors_info=&#8221;{}&#8221; custom_padding__hover=&#8221;|||&#8221;][et_pb_text admin_label=&#8221;\u00c5rstemat f\u00f6r klubben &#8211; rubrik&#8221; _builder_version=&#8221;4.27.4&#8243; text_orientation=&#8221;center&#8221; z_index_tablet=&#8221;500&#8243; text_text_shadow_horizontal_length_tablet=&#8221;0px&#8221; text_text_shadow_vertical_length_tablet=&#8221;0px&#8221; text_text_shadow_blur_strength_tablet=&#8221;1px&#8221; link_text_shadow_horizontal_length_tablet=&#8221;0px&#8221; link_text_shadow_vertical_length_tablet=&#8221;0px&#8221; link_text_shadow_blur_strength_tablet=&#8221;1px&#8221; ul_text_shadow_horizontal_length_tablet=&#8221;0px&#8221; ul_text_shadow_vertical_length_tablet=&#8221;0px&#8221; ul_text_shadow_blur_strength_tablet=&#8221;1px&#8221; ol_text_shadow_horizontal_length_tablet=&#8221;0px&#8221; ol_text_shadow_vertical_length_tablet=&#8221;0px&#8221; ol_text_shadow_blur_strength_tablet=&#8221;1px&#8221; quote_text_shadow_horizontal_length_tablet=&#8221;0px&#8221; quote_text_shadow_vertical_length_tablet=&#8221;0px&#8221; quote_text_shadow_blur_strength_tablet=&#8221;1px&#8221; header_text_shadow_horizontal_length_tablet=&#8221;0px&#8221; header_text_shadow_vertical_length_tablet=&#8221;0px&#8221; header_text_shadow_blur_strength_tablet=&#8221;1px&#8221; header_2_text_shadow_horizontal_length_tablet=&#8221;0px&#8221; header_2_text_shadow_vertical_length_tablet=&#8221;0px&#8221; header_2_text_shadow_blur_strength_tablet=&#8221;1px&#8221; header_3_text_shadow_horizontal_length_tablet=&#8221;0px&#8221; header_3_text_shadow_vertical_length_tablet=&#8221;0px&#8221; header_3_text_shadow_blur_strength_tablet=&#8221;1px&#8221; header_4_text_shadow_horizontal_length_tablet=&#8221;0px&#8221; header_4_text_shadow_vertical_length_tablet=&#8221;0px&#8221; header_4_text_shadow_blur_strength_tablet=&#8221;1px&#8221; header_5_text_shadow_horizontal_length_tablet=&#8221;0px&#8221; header_5_text_shadow_vertical_length_tablet=&#8221;0px&#8221; header_5_text_shadow_blur_strength_tablet=&#8221;1px&#8221; header_6_text_shadow_horizontal_length_tablet=&#8221;0px&#8221; header_6_text_shadow_vertical_length_tablet=&#8221;0px&#8221; header_6_text_shadow_blur_strength_tablet=&#8221;1px&#8221; box_shadow_horizontal_tablet=&#8221;0px&#8221; box_shadow_vertical_tablet=&#8221;0px&#8221; box_shadow_blur_tablet=&#8221;40px&#8221; box_shadow_spread_tablet=&#8221;0px&#8221; global_colors_info=&#8221;{}&#8221;]<\/p>\n<h4>Borg\u00e5 Rotaryklubb f\u00f6r mental h\u00e4lsa<\/h4>\n<p>[\/et_pb_text][et_pb_text admin_label=&#8221;Text: \u00c5rstemat f\u00f6r klubben&#8221; _builder_version=&#8221;4.27.4&#8243; z_index_tablet=&#8221;500&#8243; text_text_shadow_horizontal_length_tablet=&#8221;0px&#8221; text_text_shadow_vertical_length_tablet=&#8221;0px&#8221; text_text_shadow_blur_strength_tablet=&#8221;1px&#8221; link_text_shadow_horizontal_length_tablet=&#8221;0px&#8221; link_text_shadow_vertical_length_tablet=&#8221;0px&#8221; link_text_shadow_blur_strength_tablet=&#8221;1px&#8221; ul_text_shadow_horizontal_length_tablet=&#8221;0px&#8221; ul_text_shadow_vertical_length_tablet=&#8221;0px&#8221; ul_text_shadow_blur_strength_tablet=&#8221;1px&#8221; ol_text_shadow_horizontal_length_tablet=&#8221;0px&#8221; ol_text_shadow_vertical_length_tablet=&#8221;0px&#8221; ol_text_shadow_blur_strength_tablet=&#8221;1px&#8221; quote_text_shadow_horizontal_length_tablet=&#8221;0px&#8221; quote_text_shadow_vertical_length_tablet=&#8221;0px&#8221; quote_text_shadow_blur_strength_tablet=&#8221;1px&#8221; header_text_shadow_horizontal_length_tablet=&#8221;0px&#8221; header_text_shadow_vertical_length_tablet=&#8221;0px&#8221; header_text_shadow_blur_strength_tablet=&#8221;1px&#8221; header_2_text_shadow_horizontal_length_tablet=&#8221;0px&#8221; header_2_text_shadow_vertical_length_tablet=&#8221;0px&#8221; header_2_text_shadow_blur_strength_tablet=&#8221;1px&#8221; header_3_text_shadow_horizontal_length_tablet=&#8221;0px&#8221; header_3_text_shadow_vertical_length_tablet=&#8221;0px&#8221; header_3_text_shadow_blur_strength_tablet=&#8221;1px&#8221; header_4_text_shadow_horizontal_length_tablet=&#8221;0px&#8221; header_4_text_shadow_vertical_length_tablet=&#8221;0px&#8221; header_4_text_shadow_blur_strength_tablet=&#8221;1px&#8221; header_5_text_shadow_horizontal_length_tablet=&#8221;0px&#8221; header_5_text_shadow_vertical_length_tablet=&#8221;0px&#8221; header_5_text_shadow_blur_strength_tablet=&#8221;1px&#8221; header_6_text_shadow_horizontal_length_tablet=&#8221;0px&#8221; header_6_text_shadow_vertical_length_tablet=&#8221;0px&#8221; header_6_text_shadow_blur_strength_tablet=&#8221;1px&#8221; box_shadow_horizontal_tablet=&#8221;0px&#8221; box_shadow_vertical_tablet=&#8221;0px&#8221; box_shadow_blur_tablet=&#8221;40px&#8221; box_shadow_spread_tablet=&#8221;0px&#8221; global_colors_info=&#8221;{}&#8221;]<\/p>\n<p>Borg\u00e5 Rotaryklubb arbetar vidare p\u00e5 temat ungdomars v\u00e4lbefinnande och mental h\u00e4lsa. <br \/>Samarbetet med Mieli ry forts\u00e4tter.<\/p>\n<p>[\/et_pb_text][\/et_pb_column_inner][\/et_pb_row_inner][\/et_pb_column][et_pb_column type=&#8221;1_3&#8243; _builder_version=&#8221;4.16&#8243; custom_padding=&#8221;|||&#8221; global_colors_info=&#8221;{}&#8221; custom_padding__hover=&#8221;|||&#8221;][et_pb_sidebar area=&#8221;sidebar-1&#8243; admin_label=&#8221;Sidebar&#8221; module_class=&#8221;sivupalkki_sisalto&#8221; _builder_version=&#8221;4.16&#8243; locked=&#8221;on&#8221; global_colors_info=&#8221;{}&#8221;][\/et_pb_sidebar][\/et_pb_column][\/et_pb_section]<\/p>\n","protected":false},"excerpt":{"rendered":"<p>Rotary Internationals \u00e5rstema Rotary f\u00f6renar v\u00e4rlden President f\u00f6r Rotary International\u00a0f\u00f6r Rotary International 2025\u20132026, Francesco Arezzo, har f\u00f6r Rotary\u00e5r 2025-2026 valt &#8221;Unite for Good&#8221; som tema.\u00a0 L\u00e4s mer p\u00e5 engelska: www.rotary.org\/2025-26-rotary-international-president Borg\u00e5 Rotaryklubb f\u00f6r mental h\u00e4lsaBorg\u00e5 Rotaryklubb arbetar vidare p\u00e5 temat ungdomars v\u00e4lbefinnande och mental h\u00e4lsa. Samarbetet med Mieli ry forts\u00e4tter.<\/p>\n","protected":false},"author":1,"featured_media":0,"parent":1565,"menu_order":2,"comment_status":"closed","ping_status":"closed","template":"","meta":{"_acf_changed":false,"_et_pb_use_builder":"on","_et_pb_old_content":"","_et_gb_content_width":"","footnotes":""},"class_list":["post-1573","page","type-page","status-publish","hentry"],"acf":[],"yoast_head":"<!-- This site is optimized with the Yoast SEO plugin v27.0 - https:\/\/yoast.com\/product\/yoast-seo-wordpress\/ -->\n<title>\u00c5rstema - Borg\u00e5 Rotaryklubb - Porvoon Rotaryklubi<\/title>\n<meta name=\"robots\" content=\"index, follow, max-snippet:-1, max-image-preview:large, max-video-preview:-1\" \/>\n<link rel=\"canonical\" href=\"https:\/\/rotary.fi\/porvoo\/sv\/vem-ar-vi\/arstema\/\" \/>\n<meta property=\"og:locale\" content=\"fi_FI\" \/>\n<meta property=\"og:type\" content=\"article\" \/>\n<meta property=\"og:title\" content=\"\u00c5rstema - Borg\u00e5 Rotaryklubb - Porvoon Rotaryklubi\" \/>\n<meta property=\"og:description\" content=\"Rotary Internationals \u00e5rstema Rotary f\u00f6renar v\u00e4rlden President f\u00f6r Rotary International\u00a0f\u00f6r Rotary International 2025\u20132026, Francesco Arezzo, har f\u00f6r Rotary\u00e5r 2025-2026 valt &quot;Unite for Good&quot; som tema.\u00a0 L\u00e4s mer p\u00e5 engelska: www.rotary.org\/2025-26-rotary-international-president Borg\u00e5 Rotaryklubb f\u00f6r mental h\u00e4lsaBorg\u00e5 Rotaryklubb arbetar vidare p\u00e5 temat ungdomars v\u00e4lbefinnande och mental h\u00e4lsa. Samarbetet med Mieli ry forts\u00e4tter.\" \/>\n<meta property=\"og:url\" content=\"https:\/\/rotary.fi\/porvoo\/sv\/vem-ar-vi\/arstema\/\" \/>\n<meta property=\"og:site_name\" content=\"Borg\u00e5 Rotaryklubb - Porvoon Rotaryklubi\" \/>\n<meta property=\"article:modified_time\" content=\"2026-02-23T05:34:27+00:00\" \/>\n<meta property=\"og:image\" content=\"https:\/\/turunrotaryklubi.fi\/wp-content\/uploads\/sites\/128\/2025\/07\/img-0140-1.png\" \/>\n<meta name=\"twitter:card\" content=\"summary_large_image\" \/>\n<meta name=\"twitter:label1\" content=\"Arvioitu lukuaika\" \/>\n\t<meta name=\"twitter:data1\" content=\"2 minuuttia\" \/>\n<script type=\"application\/ld+json\" class=\"yoast-schema-graph\">{\"@context\":\"https:\/\/schema.org\",\"@graph\":[{\"@type\":\"WebPage\",\"@id\":\"https:\/\/rotary.fi\/porvoo\/sv\/vem-ar-vi\/arstema\/\",\"url\":\"https:\/\/rotary.fi\/porvoo\/sv\/vem-ar-vi\/arstema\/\",\"name\":\"\u00c5rstema - Borg\u00e5 Rotaryklubb - Porvoon Rotaryklubi\",\"isPartOf\":{\"@id\":\"https:\/\/rotary.fi\/porvoo\/#website\"},\"primaryImageOfPage\":{\"@id\":\"https:\/\/rotary.fi\/porvoo\/sv\/vem-ar-vi\/arstema\/#primaryimage\"},\"image\":{\"@id\":\"https:\/\/rotary.fi\/porvoo\/sv\/vem-ar-vi\/arstema\/#primaryimage\"},\"thumbnailUrl\":\"https:\/\/turunrotaryklubi.fi\/wp-content\/uploads\/sites\/128\/2025\/07\/img-0140-1.png\",\"datePublished\":\"2019-03-19T12:27:31+00:00\",\"dateModified\":\"2026-02-23T05:34:27+00:00\",\"breadcrumb\":{\"@id\":\"https:\/\/rotary.fi\/porvoo\/sv\/vem-ar-vi\/arstema\/#breadcrumb\"},\"inLanguage\":\"fi\",\"potentialAction\":[{\"@type\":\"ReadAction\",\"target\":[\"https:\/\/rotary.fi\/porvoo\/sv\/vem-ar-vi\/arstema\/\"]}]},{\"@type\":\"ImageObject\",\"inLanguage\":\"fi\",\"@id\":\"https:\/\/rotary.fi\/porvoo\/sv\/vem-ar-vi\/arstema\/#primaryimage\",\"url\":\"https:\/\/turunrotaryklubi.fi\/wp-content\/uploads\/sites\/128\/2025\/07\/img-0140-1.png\",\"contentUrl\":\"https:\/\/turunrotaryklubi.fi\/wp-content\/uploads\/sites\/128\/2025\/07\/img-0140-1.png\"},{\"@type\":\"BreadcrumbList\",\"@id\":\"https:\/\/rotary.fi\/porvoo\/sv\/vem-ar-vi\/arstema\/#breadcrumb\",\"itemListElement\":[{\"@type\":\"ListItem\",\"position\":1,\"name\":\"Home\",\"item\":\"https:\/\/rotary.fi\/porvoo\/\"},{\"@type\":\"ListItem\",\"position\":2,\"name\":\"Vem \u00e4r vi\",\"item\":\"https:\/\/rotary.fi\/porvoo\/sv\/vem-ar-vi\/\"},{\"@type\":\"ListItem\",\"position\":3,\"name\":\"\u00c5rstema\"}]},{\"@type\":\"WebSite\",\"@id\":\"https:\/\/rotary.fi\/porvoo\/#website\",\"url\":\"https:\/\/rotary.fi\/porvoo\/\",\"name\":\"Borg\u00e5 Rotaryklubb - Porvoon Rotaryklubi\",\"description\":\"Uusi Rotary klubisivusto\",\"potentialAction\":[{\"@type\":\"SearchAction\",\"target\":{\"@type\":\"EntryPoint\",\"urlTemplate\":\"https:\/\/rotary.fi\/porvoo\/?s={search_term_string}\"},\"query-input\":{\"@type\":\"PropertyValueSpecification\",\"valueRequired\":true,\"valueName\":\"search_term_string\"}}],\"inLanguage\":\"fi\"}]}<\/script>\n<!-- \/ Yoast SEO plugin. -->","yoast_head_json":{"title":"\u00c5rstema - Borg\u00e5 Rotaryklubb - Porvoon Rotaryklubi","robots":{"index":"index","follow":"follow","max-snippet":"max-snippet:-1","max-image-preview":"max-image-preview:large","max-video-preview":"max-video-preview:-1"},"canonical":"https:\/\/rotary.fi\/porvoo\/sv\/vem-ar-vi\/arstema\/","og_locale":"fi_FI","og_type":"article","og_title":"\u00c5rstema - Borg\u00e5 Rotaryklubb - Porvoon Rotaryklubi","og_description":"Rotary Internationals \u00e5rstema Rotary f\u00f6renar v\u00e4rlden President f\u00f6r Rotary International\u00a0f\u00f6r Rotary International 2025\u20132026, Francesco Arezzo, har f\u00f6r Rotary\u00e5r 2025-2026 valt \"Unite for Good\" som tema.\u00a0 L\u00e4s mer p\u00e5 engelska: www.rotary.org\/2025-26-rotary-international-president Borg\u00e5 Rotaryklubb f\u00f6r mental h\u00e4lsaBorg\u00e5 Rotaryklubb arbetar vidare p\u00e5 temat ungdomars v\u00e4lbefinnande och mental h\u00e4lsa. Samarbetet med Mieli ry forts\u00e4tter.","og_url":"https:\/\/rotary.fi\/porvoo\/sv\/vem-ar-vi\/arstema\/","og_site_name":"Borg\u00e5 Rotaryklubb - Porvoon Rotaryklubi","article_modified_time":"2026-02-23T05:34:27+00:00","og_image":[{"url":"https:\/\/turunrotaryklubi.fi\/wp-content\/uploads\/sites\/128\/2025\/07\/img-0140-1.png","type":"","width":"","height":""}],"twitter_card":"summary_large_image","twitter_misc":{"Arvioitu lukuaika":"2 minuuttia"},"schema":{"@context":"https:\/\/schema.org","@graph":[{"@type":"WebPage","@id":"https:\/\/rotary.fi\/porvoo\/sv\/vem-ar-vi\/arstema\/","url":"https:\/\/rotary.fi\/porvoo\/sv\/vem-ar-vi\/arstema\/","name":"\u00c5rstema - Borg\u00e5 Rotaryklubb - Porvoon Rotaryklubi","isPartOf":{"@id":"https:\/\/rotary.fi\/porvoo\/#website"},"primaryImageOfPage":{"@id":"https:\/\/rotary.fi\/porvoo\/sv\/vem-ar-vi\/arstema\/#primaryimage"},"image":{"@id":"https:\/\/rotary.fi\/porvoo\/sv\/vem-ar-vi\/arstema\/#primaryimage"},"thumbnailUrl":"https:\/\/turunrotaryklubi.fi\/wp-content\/uploads\/sites\/128\/2025\/07\/img-0140-1.png","datePublished":"2019-03-19T12:27:31+00:00","dateModified":"2026-02-23T05:34:27+00:00","breadcrumb":{"@id":"https:\/\/rotary.fi\/porvoo\/sv\/vem-ar-vi\/arstema\/#breadcrumb"},"inLanguage":"fi","potentialAction":[{"@type":"ReadAction","target":["https:\/\/rotary.fi\/porvoo\/sv\/vem-ar-vi\/arstema\/"]}]},{"@type":"ImageObject","inLanguage":"fi","@id":"https:\/\/rotary.fi\/porvoo\/sv\/vem-ar-vi\/arstema\/#primaryimage","url":"https:\/\/turunrotaryklubi.fi\/wp-content\/uploads\/sites\/128\/2025\/07\/img-0140-1.png","contentUrl":"https:\/\/turunrotaryklubi.fi\/wp-content\/uploads\/sites\/128\/2025\/07\/img-0140-1.png"},{"@type":"BreadcrumbList","@id":"https:\/\/rotary.fi\/porvoo\/sv\/vem-ar-vi\/arstema\/#breadcrumb","itemListElement":[{"@type":"ListItem","position":1,"name":"Home","item":"https:\/\/rotary.fi\/porvoo\/"},{"@type":"ListItem","position":2,"name":"Vem \u00e4r vi","item":"https:\/\/rotary.fi\/porvoo\/sv\/vem-ar-vi\/"},{"@type":"ListItem","position":3,"name":"\u00c5rstema"}]},{"@type":"WebSite","@id":"https:\/\/rotary.fi\/porvoo\/#website","url":"https:\/\/rotary.fi\/porvoo\/","name":"Borg\u00e5 Rotaryklubb - Porvoon Rotaryklubi","description":"Uusi Rotary klubisivusto","potentialAction":[{"@type":"SearchAction","target":{"@type":"EntryPoint","urlTemplate":"https:\/\/rotary.fi\/porvoo\/?s={search_term_string}"},"query-input":{"@type":"PropertyValueSpecification","valueRequired":true,"valueName":"search_term_string"}}],"inLanguage":"fi"}]}},"lang":"sv","translations":{"sv":1573,"fi":138},"pll_sync_post":[],"_links":{"self":[{"href":"https:\/\/rotary.fi\/porvoo\/wp-json\/wp\/v2\/pages\/1573","targetHints":{"allow":["GET"]}}],"collection":[{"href":"https:\/\/rotary.fi\/porvoo\/wp-json\/wp\/v2\/pages"}],"about":[{"href":"https:\/\/rotary.fi\/porvoo\/wp-json\/wp\/v2\/types\/page"}],"author":[{"embeddable":true,"href":"https:\/\/rotary.fi\/porvoo\/wp-json\/wp\/v2\/users\/1"}],"replies":[{"embeddable":true,"href":"https:\/\/rotary.fi\/porvoo\/wp-json\/wp\/v2\/comments?post=1573"}],"version-history":[{"count":10,"href":"https:\/\/rotary.fi\/porvoo\/wp-json\/wp\/v2\/pages\/1573\/revisions"}],"predecessor-version":[{"id":3421,"href":"https:\/\/rotary.fi\/porvoo\/wp-json\/wp\/v2\/pages\/1573\/revisions\/3421"}],"up":[{"embeddable":true,"href":"https:\/\/rotary.fi\/porvoo\/wp-json\/wp\/v2\/pages\/1565"}],"wp:attachment":[{"href":"https:\/\/rotary.fi\/porvoo\/wp-json\/wp\/v2\/media?parent=1573"}],"curies":[{"name":"wp","href":"https:\/\/api.w.org\/{rel}","templated":true}]}}